{"id":3099,"date":"2019-10-11T10:54:41","date_gmt":"2019-10-11T07:54:41","guid":{"rendered":"https:\/\/blogit.gradia.fi\/parasta_osaamista\/?page_id=3099"},"modified":"2020-06-15T09:48:27","modified_gmt":"2020-06-15T06:48:27","slug":"mangsidiga-larmiljoer","status":"publish","type":"page","link":"https:\/\/blogit.gradia.fi\/parasta_osaamista\/pa-svenska\/forvarvande-av-kunnande-i-arbetslivet\/mangsidiga-larmiljoer\/","title":{"rendered":"M\u00e5ngsidiga l\u00e4rmilj\u00f6er"},"content":{"rendered":"\n<p>Anordnande  av evenemang, projekt enligt best\u00e4llning fr\u00e5n arbetslivet, och  genomf\u00f6rande av examensutbildningen endera i ett f\u00f6retags utrymmen eller  i l\u00e4roanstalten.&nbsp;<\/p>\n\n\n\n<ul class=\"wp-block-list\"><li><a href=\"https:\/\/blogit.gradia.fi\/parasta_osaamista\/wp-content\/uploads\/sites\/20\/2020\/06\/Duunila.pdf\" target=\"_blank\" rel=\"noreferrer noopener\">Duunila \u2013 arbetslivsinriktad l\u00e4rmilj\u00f6 i den handledande utbildningen<\/a>\u00a0<\/li><li><a href=\"https:\/\/blogit.gradia.fi\/parasta_osaamista\/wp-content\/uploads\/sites\/20\/2020\/06\/H\u00e5rh\u00e4rden.pdf\" target=\"_blank\" rel=\"noreferrer noopener\">H\u00e5rh\u00e4rden -utbildningsfris\u00f6rsalong\u00a0<\/a><\/li><li><a href=\"https:\/\/blogit.gradia.fi\/parasta_osaamista\/wp-content\/uploads\/sites\/20\/2020\/06\/K\u00f6ksm\u00e4staren-i-Sedus-k\u00f6k.pdf\" target=\"_blank\" rel=\"noreferrer noopener\">K\u00f6ksm\u00e4staren i undervisningsk\u00f6ket\u00a0<\/a><\/li><li><a href=\"https:\/\/blogit.gradia.fi\/parasta_osaamista\/wp-content\/uploads\/sites\/20\/2020\/06\/\u00c5tervinningstorg.pdf\" target=\"_blank\" rel=\"noreferrer noopener\">\u00c5tervinningstorget som arbetslivsinriktad l\u00e4rmilj\u00f6\u00a0<\/a><\/li><li><a href=\"https:\/\/blogit.gradia.fi\/parasta_osaamista\/wp-content\/uploads\/sites\/20\/2020\/06\/Pilot-inom-fastighetsbranschen-Riveria.pdf\" target=\"_blank\" rel=\"noreferrer noopener\">Ett pilotf\u00f6rs\u00f6k inom fastighetsbranschen p\u00e5 Riveria\u00a0<\/a><\/li><li><a href=\"https:\/\/blogit.gradia.fi\/parasta_osaamista\/wp-content\/uploads\/sites\/20\/2020\/06\/Pop-up-restaurangkv\u00e4llar.pdf\" target=\"_blank\" rel=\"noreferrer noopener\">Pop up-kv\u00e4llar p\u00e5 en restaurang i Joensuu\u00a0<\/a><\/li><li> <a href=\"https:\/\/blogit.gradia.fi\/parasta_osaamista\/wp-content\/uploads\/sites\/20\/2020\/06\/V\u00e4h\u00e4l\u00e4-logistics.pdf\" target=\"_blank\" rel=\"noreferrer noopener\">Verkstadsl\u00e4rande i Kuljetusliike V\u00e4h\u00e4l\u00e4 Logistics utrymmen<\/a> <\/li><li><a href=\"https:\/\/blogit.gradia.fi\/parasta_osaamista\/wp-content\/uploads\/sites\/20\/2020\/06\/Pajala.pdf\" target=\"_blank\" rel=\"noreferrer noopener\">Bilverkstaden Pajala\u00a0<\/a><\/li><li><a href=\"https:\/\/blogit.gradia.fi\/parasta_osaamista\/wp-content\/uploads\/sites\/20\/2020\/06\/Tillredning-av-catering-till-en-privat-fest.pdf\" target=\"_blank\" rel=\"noreferrer noopener\">Tillredning av festmat till en privat fest\u00a0<\/a><\/li><li><a href=\"https:\/\/blogit.gradia.fi\/parasta_osaamista\/wp-content\/uploads\/sites\/20\/2020\/06\/F\u00f6retagssamarbete-med-Atria.pdf\" target=\"_blank\" rel=\"noreferrer noopener\">F\u00f6retagssamarbete med Atria\u00a0<\/a><\/li><li><a href=\"https:\/\/blogit.gradia.fi\/parasta_osaamista\/wp-content\/uploads\/sites\/20\/2020\/06\/F\u00f6retagssamarbete-med-Fazer.pdf\" target=\"_blank\" rel=\"noreferrer noopener\">F\u00f6retagssamarbete med Fazer Amica\u00a0<\/a><\/li><li><a href=\"https:\/\/blogit.gradia.fi\/parasta_osaamista\/wp-content\/uploads\/sites\/20\/2020\/06\/F\u00f6retagsamhetsprojekt.pdf\" target=\"_blank\" rel=\"noreferrer noopener\">Ett f\u00f6retagsamhetsprojekt \u2013 ett evenemang p\u00e5 den nationella f\u00f6retagardagen<\/a>\u00a0<\/li><\/ul>\n\n\n\n<p>Videor&nbsp;<\/p>\n\n\n\n<ul class=\"wp-block-list\"><li><a href=\"https:\/\/www.youtube.com\/watch?v=fXRBe2Tey1M&amp;feature=youtu.be\" target=\"_blank\" rel=\"noreferrer noopener\">Ett flexibelt l\u00e4roavtal p\u00e5 Riveria<\/a> (p\u00e5 finska)&nbsp;<\/li><li><a href=\"https:\/\/www.youtube.com\/watch?v=VS4qbsYPaT8\" target=\"_blank\" rel=\"noreferrer noopener\">Yl\u00e4-Savon ammattiopisto och eAvenue Oy:s l\u00e4rmilj\u00f6 inom elbranschen<\/a> (p\u00e5 finska)&nbsp;<\/li><\/ul>\n","protected":false},"excerpt":{"rendered":"<p>Anordnande av evenemang, projekt enligt best\u00e4llning fr\u00e5n arbetslivet, och genomf\u00f6rande av examensutbildningen endera i ett f\u00f6retags utrymmen eller i l\u00e4roanstalten.&nbsp; Duunila \u2013 arbetslivsinriktad l\u00e4rmilj\u00f6 i den handledande utbildningen\u00a0 H\u00e5rh\u00e4rden -utbildningsfris\u00f6rsalong\u00a0 K\u00f6ksm\u00e4staren i undervisningsk\u00f6ket\u00a0 \u00c5tervinningstorget&#46;&#46;&#46;<\/p>\n","protected":false},"author":652,"featured_media":0,"parent":1426,"menu_order":0,"comment_status":"closed","ping_status":"closed","template":"","meta":{"_uag_custom_page_level_css":"","footnotes":""},"class_list":["post-3099","page","type-page","status-publish","hentry"],"yoast_head":"<!-- This site is optimized with the Yoast SEO plugin v27.4 - https:\/\/yoast.com\/product\/yoast-seo-wordpress\/ -->\n<title>M\u00e5ngsidiga l\u00e4rmilj\u00f6er - Parasta osaamista<\/title>\n<meta name=\"robots\" content=\"index, follow, max-snippet:-1, max-image-preview:large, max-video-preview:-1\" \/>\n<link rel=\"canonical\" href=\"https:\/\/blogit.gradia.fi\/parasta_osaamista\/pa-svenska\/forvarvande-av-kunnande-i-arbetslivet\/mangsidiga-larmiljoer\/\" \/>\n<meta property=\"og:locale\" content=\"fi_FI\" \/>\n<meta property=\"og:type\" content=\"article\" \/>\n<meta property=\"og:title\" content=\"M\u00e5ngsidiga l\u00e4rmilj\u00f6er - Parasta osaamista\" \/>\n<meta property=\"og:description\" content=\"Anordnande av evenemang, projekt enligt best\u00e4llning fr\u00e5n arbetslivet, och genomf\u00f6rande av examensutbildningen endera i ett f\u00f6retags utrymmen eller i l\u00e4roanstalten.&nbsp; Duunila \u2013 arbetslivsinriktad l\u00e4rmilj\u00f6 i den handledande utbildningen\u00a0 H\u00e5rh\u00e4rden -utbildningsfris\u00f6rsalong\u00a0 K\u00f6ksm\u00e4staren i undervisningsk\u00f6ket\u00a0 \u00c5tervinningstorget&#046;&#046;&#046;\" \/>\n<meta property=\"og:url\" content=\"https:\/\/blogit.gradia.fi\/parasta_osaamista\/pa-svenska\/forvarvande-av-kunnande-i-arbetslivet\/mangsidiga-larmiljoer\/\" \/>\n<meta property=\"og:site_name\" content=\"Parasta osaamista\" \/>\n<meta property=\"article:publisher\" content=\"https:\/\/www.facebook.com\/POsaamista\/\" \/>\n<meta property=\"article:modified_time\" content=\"2020-06-15T06:48:27+00:00\" \/>\n<meta name=\"twitter:card\" content=\"summary_large_image\" \/>\n<meta name=\"twitter:site\" content=\"@Posaaja_\" \/>\n<meta name=\"twitter:label1\" content=\"Arvioitu lukuaika\" \/>\n\t<meta name=\"twitter:data1\" content=\"1 minuutti\" \/>\n<script type=\"application\/ld+json\" class=\"yoast-schema-graph\">{\"@context\":\"https:\\\/\\\/schema.org\",\"@graph\":[{\"@type\":\"WebPage\",\"@id\":\"https:\\\/\\\/blogit.gradia.fi\\\/parasta_osaamista\\\/pa-svenska\\\/forvarvande-av-kunnande-i-arbetslivet\\\/mangsidiga-larmiljoer\\\/\",\"url\":\"https:\\\/\\\/blogit.gradia.fi\\\/parasta_osaamista\\\/pa-svenska\\\/forvarvande-av-kunnande-i-arbetslivet\\\/mangsidiga-larmiljoer\\\/\",\"name\":\"M\u00e5ngsidiga l\u00e4rmilj\u00f6er - Parasta osaamista\",\"isPartOf\":{\"@id\":\"https:\\\/\\\/blogit.gradia.fi\\\/parasta_osaamista\\\/#website\"},\"datePublished\":\"2019-10-11T07:54:41+00:00\",\"dateModified\":\"2020-06-15T06:48:27+00:00\",\"breadcrumb\":{\"@id\":\"https:\\\/\\\/blogit.gradia.fi\\\/parasta_osaamista\\\/pa-svenska\\\/forvarvande-av-kunnande-i-arbetslivet\\\/mangsidiga-larmiljoer\\\/#breadcrumb\"},\"inLanguage\":\"fi\",\"potentialAction\":[{\"@type\":\"ReadAction\",\"target\":[\"https:\\\/\\\/blogit.gradia.fi\\\/parasta_osaamista\\\/pa-svenska\\\/forvarvande-av-kunnande-i-arbetslivet\\\/mangsidiga-larmiljoer\\\/\"]}]},{\"@type\":\"BreadcrumbList\",\"@id\":\"https:\\\/\\\/blogit.gradia.fi\\\/parasta_osaamista\\\/pa-svenska\\\/forvarvande-av-kunnande-i-arbetslivet\\\/mangsidiga-larmiljoer\\\/#breadcrumb\",\"itemListElement\":[{\"@type\":\"ListItem\",\"position\":1,\"name\":\"B\u00e4sta kunnande\",\"item\":\"https:\\\/\\\/blogit.gradia.fi\\\/parasta_osaamista\\\/pa-svenska\\\/\"},{\"@type\":\"ListItem\",\"position\":2,\"name\":\"Arbetslivsn\u00e4ra f\u00f6rv\u00e4rvande av kunnande\",\"item\":\"https:\\\/\\\/blogit.gradia.fi\\\/parasta_osaamista\\\/pa-svenska\\\/forvarvande-av-kunnande-i-arbetslivet\\\/\"},{\"@type\":\"ListItem\",\"position\":3,\"name\":\"M\u00e5ngsidiga l\u00e4rmilj\u00f6er\"}]},{\"@type\":\"WebSite\",\"@id\":\"https:\\\/\\\/blogit.gradia.fi\\\/parasta_osaamista\\\/#website\",\"url\":\"https:\\\/\\\/blogit.gradia.fi\\\/parasta_osaamista\\\/\",\"name\":\"Parasta osaamista\",\"description\":\"Parasta osaamista -verkostohanke\",\"publisher\":{\"@id\":\"https:\\\/\\\/blogit.gradia.fi\\\/parasta_osaamista\\\/#organization\"},\"potentialAction\":[{\"@type\":\"SearchAction\",\"target\":{\"@type\":\"EntryPoint\",\"urlTemplate\":\"https:\\\/\\\/blogit.gradia.fi\\\/parasta_osaamista\\\/?s={search_term_string}\"},\"query-input\":{\"@type\":\"PropertyValueSpecification\",\"valueRequired\":true,\"valueName\":\"search_term_string\"}}],\"inLanguage\":\"fi\"},{\"@type\":\"Organization\",\"@id\":\"https:\\\/\\\/blogit.gradia.fi\\\/parasta_osaamista\\\/#organization\",\"name\":\"Parasta osaamista -verkostohanke\",\"url\":\"https:\\\/\\\/blogit.gradia.fi\\\/parasta_osaamista\\\/\",\"logo\":{\"@type\":\"ImageObject\",\"inLanguage\":\"fi\",\"@id\":\"https:\\\/\\\/blogit.gradia.fi\\\/parasta_osaamista\\\/#\\\/schema\\\/logo\\\/image\\\/\",\"url\":\"https:\\\/\\\/blogit.gradia.fi\\\/parasta_osaamista\\\/wp-content\\\/uploads\\\/sites\\\/20\\\/2018\\\/02\\\/parasta_osaamista_logo.jpg\",\"contentUrl\":\"https:\\\/\\\/blogit.gradia.fi\\\/parasta_osaamista\\\/wp-content\\\/uploads\\\/sites\\\/20\\\/2018\\\/02\\\/parasta_osaamista_logo.jpg\",\"width\":344,\"height\":334,\"caption\":\"Parasta osaamista -verkostohanke\"},\"image\":{\"@id\":\"https:\\\/\\\/blogit.gradia.fi\\\/parasta_osaamista\\\/#\\\/schema\\\/logo\\\/image\\\/\"},\"sameAs\":[\"https:\\\/\\\/www.facebook.com\\\/POsaamista\\\/\",\"https:\\\/\\\/x.com\\\/Posaaja_\",\"https:\\\/\\\/www.instagram.com\\\/parastaosaamista\\\/\",\"https:\\\/\\\/www.youtube.com\\\/channel\\\/UC7hv9jw0R6lS_Fmz5L9TUPw\"]}]}<\/script>\n<!-- \/ Yoast SEO plugin. -->","yoast_head_json":{"title":"M\u00e5ngsidiga l\u00e4rmilj\u00f6er - Parasta osaamista","robots":{"index":"index","follow":"follow","max-snippet":"max-snippet:-1","max-image-preview":"max-image-preview:large","max-video-preview":"max-video-preview:-1"},"canonical":"https:\/\/blogit.gradia.fi\/parasta_osaamista\/pa-svenska\/forvarvande-av-kunnande-i-arbetslivet\/mangsidiga-larmiljoer\/","og_locale":"fi_FI","og_type":"article","og_title":"M\u00e5ngsidiga l\u00e4rmilj\u00f6er - Parasta osaamista","og_description":"Anordnande av evenemang, projekt enligt best\u00e4llning fr\u00e5n arbetslivet, och genomf\u00f6rande av examensutbildningen endera i ett f\u00f6retags utrymmen eller i l\u00e4roanstalten.&nbsp; Duunila \u2013 arbetslivsinriktad l\u00e4rmilj\u00f6 i den handledande utbildningen\u00a0 H\u00e5rh\u00e4rden -utbildningsfris\u00f6rsalong\u00a0 K\u00f6ksm\u00e4staren i undervisningsk\u00f6ket\u00a0 \u00c5tervinningstorget&#46;&#46;&#46;","og_url":"https:\/\/blogit.gradia.fi\/parasta_osaamista\/pa-svenska\/forvarvande-av-kunnande-i-arbetslivet\/mangsidiga-larmiljoer\/","og_site_name":"Parasta osaamista","article_publisher":"https:\/\/www.facebook.com\/POsaamista\/","article_modified_time":"2020-06-15T06:48:27+00:00","twitter_card":"summary_large_image","twitter_site":"@Posaaja_","twitter_misc":{"Arvioitu lukuaika":"1 minuutti"},"schema":{"@context":"https:\/\/schema.org","@graph":[{"@type":"WebPage","@id":"https:\/\/blogit.gradia.fi\/parasta_osaamista\/pa-svenska\/forvarvande-av-kunnande-i-arbetslivet\/mangsidiga-larmiljoer\/","url":"https:\/\/blogit.gradia.fi\/parasta_osaamista\/pa-svenska\/forvarvande-av-kunnande-i-arbetslivet\/mangsidiga-larmiljoer\/","name":"M\u00e5ngsidiga l\u00e4rmilj\u00f6er - Parasta osaamista","isPartOf":{"@id":"https:\/\/blogit.gradia.fi\/parasta_osaamista\/#website"},"datePublished":"2019-10-11T07:54:41+00:00","dateModified":"2020-06-15T06:48:27+00:00","breadcrumb":{"@id":"https:\/\/blogit.gradia.fi\/parasta_osaamista\/pa-svenska\/forvarvande-av-kunnande-i-arbetslivet\/mangsidiga-larmiljoer\/#breadcrumb"},"inLanguage":"fi","potentialAction":[{"@type":"ReadAction","target":["https:\/\/blogit.gradia.fi\/parasta_osaamista\/pa-svenska\/forvarvande-av-kunnande-i-arbetslivet\/mangsidiga-larmiljoer\/"]}]},{"@type":"BreadcrumbList","@id":"https:\/\/blogit.gradia.fi\/parasta_osaamista\/pa-svenska\/forvarvande-av-kunnande-i-arbetslivet\/mangsidiga-larmiljoer\/#breadcrumb","itemListElement":[{"@type":"ListItem","position":1,"name":"B\u00e4sta kunnande","item":"https:\/\/blogit.gradia.fi\/parasta_osaamista\/pa-svenska\/"},{"@type":"ListItem","position":2,"name":"Arbetslivsn\u00e4ra f\u00f6rv\u00e4rvande av kunnande","item":"https:\/\/blogit.gradia.fi\/parasta_osaamista\/pa-svenska\/forvarvande-av-kunnande-i-arbetslivet\/"},{"@type":"ListItem","position":3,"name":"M\u00e5ngsidiga l\u00e4rmilj\u00f6er"}]},{"@type":"WebSite","@id":"https:\/\/blogit.gradia.fi\/parasta_osaamista\/#website","url":"https:\/\/blogit.gradia.fi\/parasta_osaamista\/","name":"Parasta osaamista","description":"Parasta osaamista -verkostohanke","publisher":{"@id":"https:\/\/blogit.gradia.fi\/parasta_osaamista\/#organization"},"potentialAction":[{"@type":"SearchAction","target":{"@type":"EntryPoint","urlTemplate":"https:\/\/blogit.gradia.fi\/parasta_osaamista\/?s={search_term_string}"},"query-input":{"@type":"PropertyValueSpecification","valueRequired":true,"valueName":"search_term_string"}}],"inLanguage":"fi"},{"@type":"Organization","@id":"https:\/\/blogit.gradia.fi\/parasta_osaamista\/#organization","name":"Parasta osaamista -verkostohanke","url":"https:\/\/blogit.gradia.fi\/parasta_osaamista\/","logo":{"@type":"ImageObject","inLanguage":"fi","@id":"https:\/\/blogit.gradia.fi\/parasta_osaamista\/#\/schema\/logo\/image\/","url":"https:\/\/blogit.gradia.fi\/parasta_osaamista\/wp-content\/uploads\/sites\/20\/2018\/02\/parasta_osaamista_logo.jpg","contentUrl":"https:\/\/blogit.gradia.fi\/parasta_osaamista\/wp-content\/uploads\/sites\/20\/2018\/02\/parasta_osaamista_logo.jpg","width":344,"height":334,"caption":"Parasta osaamista -verkostohanke"},"image":{"@id":"https:\/\/blogit.gradia.fi\/parasta_osaamista\/#\/schema\/logo\/image\/"},"sameAs":["https:\/\/www.facebook.com\/POsaamista\/","https:\/\/x.com\/Posaaja_","https:\/\/www.instagram.com\/parastaosaamista\/","https:\/\/www.youtube.com\/channel\/UC7hv9jw0R6lS_Fmz5L9TUPw"]}]}},"uagb_featured_image_src":{"full":false,"thumbnail":false,"medium":false,"medium_large":false,"large":false,"1536x1536":false,"2048x2048":false,"thumb-small":false,"thumb-standard":false,"thumb-medium":false,"thumb-large":false,"thumb-xlarge":false,"thumb-xxlarge":false},"uagb_author_info":{"display_name":"Rikhard Kiuru","author_link":"https:\/\/blogit.gradia.fi\/parasta_osaamista\/author\/kiururik\/"},"uagb_comment_info":0,"uagb_excerpt":"Anordnande av evenemang, projekt enligt best\u00e4llning fr\u00e5n arbetslivet, och genomf\u00f6rande av examensutbildningen endera i ett f\u00f6retags utrymmen eller i l\u00e4roanstalten.&nbsp; Duunila \u2013 arbetslivsinriktad l\u00e4rmilj\u00f6 i den handledande utbildningen\u00a0 H\u00e5rh\u00e4rden -utbildningsfris\u00f6rsalong\u00a0 K\u00f6ksm\u00e4staren i undervisningsk\u00f6ket\u00a0 \u00c5tervinningstorget&#46;&#46;&#46;","_links":{"self":[{"href":"https:\/\/blogit.gradia.fi\/parasta_osaamista\/wp-json\/wp\/v2\/pages\/3099","targetHints":{"allow":["GET"]}}],"collection":[{"href":"https:\/\/blogit.gradia.fi\/parasta_osaamista\/wp-json\/wp\/v2\/pages"}],"about":[{"href":"https:\/\/blogit.gradia.fi\/parasta_osaamista\/wp-json\/wp\/v2\/types\/page"}],"author":[{"embeddable":true,"href":"https:\/\/blogit.gradia.fi\/parasta_osaamista\/wp-json\/wp\/v2\/users\/652"}],"replies":[{"embeddable":true,"href":"https:\/\/blogit.gradia.fi\/parasta_osaamista\/wp-json\/wp\/v2\/comments?post=3099"}],"version-history":[{"count":3,"href":"https:\/\/blogit.gradia.fi\/parasta_osaamista\/wp-json\/wp\/v2\/pages\/3099\/revisions"}],"predecessor-version":[{"id":3657,"href":"https:\/\/blogit.gradia.fi\/parasta_osaamista\/wp-json\/wp\/v2\/pages\/3099\/revisions\/3657"}],"up":[{"embeddable":true,"href":"https:\/\/blogit.gradia.fi\/parasta_osaamista\/wp-json\/wp\/v2\/pages\/1426"}],"wp:attachment":[{"href":"https:\/\/blogit.gradia.fi\/parasta_osaamista\/wp-json\/wp\/v2\/media?parent=3099"}],"curies":[{"name":"wp","href":"https:\/\/api.w.org\/{rel}","templated":true}]}}