{"id":3095,"date":"2019-10-11T09:30:46","date_gmt":"2019-10-11T06:30:46","guid":{"rendered":"https:\/\/blogit.gradia.fi\/parasta_osaamista\/?page_id=3095"},"modified":"2020-06-15T09:41:22","modified_gmt":"2020-06-15T06:41:22","slug":"flexibelt-och-mangsidigt-larande","status":"publish","type":"page","link":"https:\/\/blogit.gradia.fi\/parasta_osaamista\/pa-svenska\/forvarvande-av-kunnande-i-arbetslivet\/flexibelt-och-mangsidigt-larande\/","title":{"rendered":"Flexibelt och m\u00e5ngsidigt l\u00e4rande"},"content":{"rendered":"\n<p>Den  studerande f\u00f6rv\u00e4rvar kunnande flexibelt och individuellt genom att  v\u00e4xla mellan l\u00e4rande p\u00e5 arbetsplatsen och l\u00e4rande i l\u00e4roanstalten samt  dra nytta av l\u00e4rmilj\u00f6er p\u00e5 n\u00e4tet.&nbsp;<\/p>\n\n\n\n<ul class=\"wp-block-list\"><li><a href=\"https:\/\/blogit.gradia.fi\/parasta_osaamista\/wp-content\/uploads\/sites\/20\/2020\/06\/Triangel-modellen.pdf\" target=\"_blank\" rel=\"noreferrer noopener\">Triangel-modellen<\/a><\/li><li><a href=\"https:\/\/blogit.gradia.fi\/parasta_osaamista\/wp-content\/uploads\/sites\/20\/2020\/06\/Avtalsf\u00f6retagarmodellen.pdf\" target=\"_blank\" rel=\"noreferrer noopener\">Avtalsf\u00f6retagarmodellen<\/a>\u00a0<\/li><li><a href=\"https:\/\/blogit.gradia.fi\/parasta_osaamista\/wp-content\/uploads\/sites\/20\/2020\/06\/L\u00e4rande-i-flerform-gex-socohalsov.pdf\" target=\"_blank\" rel=\"noreferrer noopener\">L\u00e4rande i flerform, grundexamen inom social- och h\u00e4lsov\u00e5rdsbranschen\u00a0<\/a><\/li><li><a href=\"https:\/\/blogit.gradia.fi\/parasta_osaamista\/wp-content\/uploads\/sites\/20\/2020\/06\/L\u00e4rande-i-flerform-gex-soh-obl-delar.pdf\" target=\"_blank\" rel=\"noreferrer noopener\">L\u00e4rande i flerform, grundexamen inom social- och h\u00e4lsov\u00e5rdsbranschen, de obligatoriska examensdelarna<\/a>\u00a0<\/li><li><a href=\"https:\/\/blogit.gradia.fi\/parasta_osaamista\/wp-content\/uploads\/sites\/20\/2020\/06\/Rehabilitering-o-del.pdf\" target=\"_blank\" rel=\"noreferrer noopener\">Rehabilitering och delaktighet genom fadderverksamhet\u00a0<\/a><\/li><li><a href=\"https:\/\/blogit.gradia.fi\/parasta_osaamista\/wp-content\/uploads\/sites\/20\/2020\/06\/Flexibelt-l\u00e4rande-p\u00e5-Omnia.pdf\" target=\"_blank\" rel=\"noreferrer noopener\">Flexibelt l\u00e4rande p\u00e5 Omnia\u00a0<\/a><\/li><\/ul>\n\n\n\n<p><\/p>\n","protected":false},"excerpt":{"rendered":"<p>Den studerande f\u00f6rv\u00e4rvar kunnande flexibelt och individuellt genom att v\u00e4xla mellan l\u00e4rande p\u00e5 arbetsplatsen och l\u00e4rande i l\u00e4roanstalten samt dra nytta av l\u00e4rmilj\u00f6er p\u00e5 n\u00e4tet.&nbsp; Triangel-modellen Avtalsf\u00f6retagarmodellen\u00a0 L\u00e4rande i flerform, grundexamen inom social- och&#46;&#46;&#46;<\/p>\n","protected":false},"author":652,"featured_media":0,"parent":1426,"menu_order":0,"comment_status":"closed","ping_status":"closed","template":"","meta":{"_uag_custom_page_level_css":"","footnotes":""},"class_list":["post-3095","page","type-page","status-publish","hentry"],"yoast_head":"<!-- This site is optimized with the Yoast SEO plugin v27.4 - https:\/\/yoast.com\/product\/yoast-seo-wordpress\/ -->\n<title>Flexibelt och m\u00e5ngsidigt l\u00e4rande - Parasta osaamista<\/title>\n<meta name=\"robots\" content=\"index, follow, max-snippet:-1, max-image-preview:large, max-video-preview:-1\" \/>\n<link rel=\"canonical\" href=\"https:\/\/blogit.gradia.fi\/parasta_osaamista\/pa-svenska\/forvarvande-av-kunnande-i-arbetslivet\/flexibelt-och-mangsidigt-larande\/\" \/>\n<meta property=\"og:locale\" content=\"fi_FI\" \/>\n<meta property=\"og:type\" content=\"article\" \/>\n<meta property=\"og:title\" content=\"Flexibelt och m\u00e5ngsidigt l\u00e4rande - Parasta osaamista\" \/>\n<meta property=\"og:description\" content=\"Den studerande f\u00f6rv\u00e4rvar kunnande flexibelt och individuellt genom att v\u00e4xla mellan l\u00e4rande p\u00e5 arbetsplatsen och l\u00e4rande i l\u00e4roanstalten samt dra nytta av l\u00e4rmilj\u00f6er p\u00e5 n\u00e4tet.&nbsp; Triangel-modellen Avtalsf\u00f6retagarmodellen\u00a0 L\u00e4rande i flerform, grundexamen inom social- och&#046;&#046;&#046;\" \/>\n<meta property=\"og:url\" content=\"https:\/\/blogit.gradia.fi\/parasta_osaamista\/pa-svenska\/forvarvande-av-kunnande-i-arbetslivet\/flexibelt-och-mangsidigt-larande\/\" \/>\n<meta property=\"og:site_name\" content=\"Parasta osaamista\" \/>\n<meta property=\"article:publisher\" content=\"https:\/\/www.facebook.com\/POsaamista\/\" \/>\n<meta property=\"article:modified_time\" content=\"2020-06-15T06:41:22+00:00\" \/>\n<meta name=\"twitter:card\" content=\"summary_large_image\" \/>\n<meta name=\"twitter:site\" content=\"@Posaaja_\" \/>\n<script type=\"application\/ld+json\" class=\"yoast-schema-graph\">{\"@context\":\"https:\\\/\\\/schema.org\",\"@graph\":[{\"@type\":\"WebPage\",\"@id\":\"https:\\\/\\\/blogit.gradia.fi\\\/parasta_osaamista\\\/pa-svenska\\\/forvarvande-av-kunnande-i-arbetslivet\\\/flexibelt-och-mangsidigt-larande\\\/\",\"url\":\"https:\\\/\\\/blogit.gradia.fi\\\/parasta_osaamista\\\/pa-svenska\\\/forvarvande-av-kunnande-i-arbetslivet\\\/flexibelt-och-mangsidigt-larande\\\/\",\"name\":\"Flexibelt och m\u00e5ngsidigt l\u00e4rande - Parasta osaamista\",\"isPartOf\":{\"@id\":\"https:\\\/\\\/blogit.gradia.fi\\\/parasta_osaamista\\\/#website\"},\"datePublished\":\"2019-10-11T06:30:46+00:00\",\"dateModified\":\"2020-06-15T06:41:22+00:00\",\"breadcrumb\":{\"@id\":\"https:\\\/\\\/blogit.gradia.fi\\\/parasta_osaamista\\\/pa-svenska\\\/forvarvande-av-kunnande-i-arbetslivet\\\/flexibelt-och-mangsidigt-larande\\\/#breadcrumb\"},\"inLanguage\":\"fi\",\"potentialAction\":[{\"@type\":\"ReadAction\",\"target\":[\"https:\\\/\\\/blogit.gradia.fi\\\/parasta_osaamista\\\/pa-svenska\\\/forvarvande-av-kunnande-i-arbetslivet\\\/flexibelt-och-mangsidigt-larande\\\/\"]}]},{\"@type\":\"BreadcrumbList\",\"@id\":\"https:\\\/\\\/blogit.gradia.fi\\\/parasta_osaamista\\\/pa-svenska\\\/forvarvande-av-kunnande-i-arbetslivet\\\/flexibelt-och-mangsidigt-larande\\\/#breadcrumb\",\"itemListElement\":[{\"@type\":\"ListItem\",\"position\":1,\"name\":\"B\u00e4sta kunnande\",\"item\":\"https:\\\/\\\/blogit.gradia.fi\\\/parasta_osaamista\\\/pa-svenska\\\/\"},{\"@type\":\"ListItem\",\"position\":2,\"name\":\"Arbetslivsn\u00e4ra f\u00f6rv\u00e4rvande av kunnande\",\"item\":\"https:\\\/\\\/blogit.gradia.fi\\\/parasta_osaamista\\\/pa-svenska\\\/forvarvande-av-kunnande-i-arbetslivet\\\/\"},{\"@type\":\"ListItem\",\"position\":3,\"name\":\"Flexibelt och m\u00e5ngsidigt l\u00e4rande\"}]},{\"@type\":\"WebSite\",\"@id\":\"https:\\\/\\\/blogit.gradia.fi\\\/parasta_osaamista\\\/#website\",\"url\":\"https:\\\/\\\/blogit.gradia.fi\\\/parasta_osaamista\\\/\",\"name\":\"Parasta osaamista\",\"description\":\"Parasta osaamista -verkostohanke\",\"publisher\":{\"@id\":\"https:\\\/\\\/blogit.gradia.fi\\\/parasta_osaamista\\\/#organization\"},\"potentialAction\":[{\"@type\":\"SearchAction\",\"target\":{\"@type\":\"EntryPoint\",\"urlTemplate\":\"https:\\\/\\\/blogit.gradia.fi\\\/parasta_osaamista\\\/?s={search_term_string}\"},\"query-input\":{\"@type\":\"PropertyValueSpecification\",\"valueRequired\":true,\"valueName\":\"search_term_string\"}}],\"inLanguage\":\"fi\"},{\"@type\":\"Organization\",\"@id\":\"https:\\\/\\\/blogit.gradia.fi\\\/parasta_osaamista\\\/#organization\",\"name\":\"Parasta osaamista -verkostohanke\",\"url\":\"https:\\\/\\\/blogit.gradia.fi\\\/parasta_osaamista\\\/\",\"logo\":{\"@type\":\"ImageObject\",\"inLanguage\":\"fi\",\"@id\":\"https:\\\/\\\/blogit.gradia.fi\\\/parasta_osaamista\\\/#\\\/schema\\\/logo\\\/image\\\/\",\"url\":\"https:\\\/\\\/blogit.gradia.fi\\\/parasta_osaamista\\\/wp-content\\\/uploads\\\/sites\\\/20\\\/2018\\\/02\\\/parasta_osaamista_logo.jpg\",\"contentUrl\":\"https:\\\/\\\/blogit.gradia.fi\\\/parasta_osaamista\\\/wp-content\\\/uploads\\\/sites\\\/20\\\/2018\\\/02\\\/parasta_osaamista_logo.jpg\",\"width\":344,\"height\":334,\"caption\":\"Parasta osaamista -verkostohanke\"},\"image\":{\"@id\":\"https:\\\/\\\/blogit.gradia.fi\\\/parasta_osaamista\\\/#\\\/schema\\\/logo\\\/image\\\/\"},\"sameAs\":[\"https:\\\/\\\/www.facebook.com\\\/POsaamista\\\/\",\"https:\\\/\\\/x.com\\\/Posaaja_\",\"https:\\\/\\\/www.instagram.com\\\/parastaosaamista\\\/\",\"https:\\\/\\\/www.youtube.com\\\/channel\\\/UC7hv9jw0R6lS_Fmz5L9TUPw\"]}]}<\/script>\n<!-- \/ Yoast SEO plugin. -->","yoast_head_json":{"title":"Flexibelt och m\u00e5ngsidigt l\u00e4rande - Parasta osaamista","robots":{"index":"index","follow":"follow","max-snippet":"max-snippet:-1","max-image-preview":"max-image-preview:large","max-video-preview":"max-video-preview:-1"},"canonical":"https:\/\/blogit.gradia.fi\/parasta_osaamista\/pa-svenska\/forvarvande-av-kunnande-i-arbetslivet\/flexibelt-och-mangsidigt-larande\/","og_locale":"fi_FI","og_type":"article","og_title":"Flexibelt och m\u00e5ngsidigt l\u00e4rande - Parasta osaamista","og_description":"Den studerande f\u00f6rv\u00e4rvar kunnande flexibelt och individuellt genom att v\u00e4xla mellan l\u00e4rande p\u00e5 arbetsplatsen och l\u00e4rande i l\u00e4roanstalten samt dra nytta av l\u00e4rmilj\u00f6er p\u00e5 n\u00e4tet.&nbsp; Triangel-modellen Avtalsf\u00f6retagarmodellen\u00a0 L\u00e4rande i flerform, grundexamen inom social- och&#46;&#46;&#46;","og_url":"https:\/\/blogit.gradia.fi\/parasta_osaamista\/pa-svenska\/forvarvande-av-kunnande-i-arbetslivet\/flexibelt-och-mangsidigt-larande\/","og_site_name":"Parasta osaamista","article_publisher":"https:\/\/www.facebook.com\/POsaamista\/","article_modified_time":"2020-06-15T06:41:22+00:00","twitter_card":"summary_large_image","twitter_site":"@Posaaja_","schema":{"@context":"https:\/\/schema.org","@graph":[{"@type":"WebPage","@id":"https:\/\/blogit.gradia.fi\/parasta_osaamista\/pa-svenska\/forvarvande-av-kunnande-i-arbetslivet\/flexibelt-och-mangsidigt-larande\/","url":"https:\/\/blogit.gradia.fi\/parasta_osaamista\/pa-svenska\/forvarvande-av-kunnande-i-arbetslivet\/flexibelt-och-mangsidigt-larande\/","name":"Flexibelt och m\u00e5ngsidigt l\u00e4rande - Parasta osaamista","isPartOf":{"@id":"https:\/\/blogit.gradia.fi\/parasta_osaamista\/#website"},"datePublished":"2019-10-11T06:30:46+00:00","dateModified":"2020-06-15T06:41:22+00:00","breadcrumb":{"@id":"https:\/\/blogit.gradia.fi\/parasta_osaamista\/pa-svenska\/forvarvande-av-kunnande-i-arbetslivet\/flexibelt-och-mangsidigt-larande\/#breadcrumb"},"inLanguage":"fi","potentialAction":[{"@type":"ReadAction","target":["https:\/\/blogit.gradia.fi\/parasta_osaamista\/pa-svenska\/forvarvande-av-kunnande-i-arbetslivet\/flexibelt-och-mangsidigt-larande\/"]}]},{"@type":"BreadcrumbList","@id":"https:\/\/blogit.gradia.fi\/parasta_osaamista\/pa-svenska\/forvarvande-av-kunnande-i-arbetslivet\/flexibelt-och-mangsidigt-larande\/#breadcrumb","itemListElement":[{"@type":"ListItem","position":1,"name":"B\u00e4sta kunnande","item":"https:\/\/blogit.gradia.fi\/parasta_osaamista\/pa-svenska\/"},{"@type":"ListItem","position":2,"name":"Arbetslivsn\u00e4ra f\u00f6rv\u00e4rvande av kunnande","item":"https:\/\/blogit.gradia.fi\/parasta_osaamista\/pa-svenska\/forvarvande-av-kunnande-i-arbetslivet\/"},{"@type":"ListItem","position":3,"name":"Flexibelt och m\u00e5ngsidigt l\u00e4rande"}]},{"@type":"WebSite","@id":"https:\/\/blogit.gradia.fi\/parasta_osaamista\/#website","url":"https:\/\/blogit.gradia.fi\/parasta_osaamista\/","name":"Parasta osaamista","description":"Parasta osaamista -verkostohanke","publisher":{"@id":"https:\/\/blogit.gradia.fi\/parasta_osaamista\/#organization"},"potentialAction":[{"@type":"SearchAction","target":{"@type":"EntryPoint","urlTemplate":"https:\/\/blogit.gradia.fi\/parasta_osaamista\/?s={search_term_string}"},"query-input":{"@type":"PropertyValueSpecification","valueRequired":true,"valueName":"search_term_string"}}],"inLanguage":"fi"},{"@type":"Organization","@id":"https:\/\/blogit.gradia.fi\/parasta_osaamista\/#organization","name":"Parasta osaamista -verkostohanke","url":"https:\/\/blogit.gradia.fi\/parasta_osaamista\/","logo":{"@type":"ImageObject","inLanguage":"fi","@id":"https:\/\/blogit.gradia.fi\/parasta_osaamista\/#\/schema\/logo\/image\/","url":"https:\/\/blogit.gradia.fi\/parasta_osaamista\/wp-content\/uploads\/sites\/20\/2018\/02\/parasta_osaamista_logo.jpg","contentUrl":"https:\/\/blogit.gradia.fi\/parasta_osaamista\/wp-content\/uploads\/sites\/20\/2018\/02\/parasta_osaamista_logo.jpg","width":344,"height":334,"caption":"Parasta osaamista -verkostohanke"},"image":{"@id":"https:\/\/blogit.gradia.fi\/parasta_osaamista\/#\/schema\/logo\/image\/"},"sameAs":["https:\/\/www.facebook.com\/POsaamista\/","https:\/\/x.com\/Posaaja_","https:\/\/www.instagram.com\/parastaosaamista\/","https:\/\/www.youtube.com\/channel\/UC7hv9jw0R6lS_Fmz5L9TUPw"]}]}},"uagb_featured_image_src":{"full":false,"thumbnail":false,"medium":false,"medium_large":false,"large":false,"1536x1536":false,"2048x2048":false,"thumb-small":false,"thumb-standard":false,"thumb-medium":false,"thumb-large":false,"thumb-xlarge":false,"thumb-xxlarge":false},"uagb_author_info":{"display_name":"Rikhard Kiuru","author_link":"https:\/\/blogit.gradia.fi\/parasta_osaamista\/author\/kiururik\/"},"uagb_comment_info":0,"uagb_excerpt":"Den studerande f\u00f6rv\u00e4rvar kunnande flexibelt och individuellt genom att v\u00e4xla mellan l\u00e4rande p\u00e5 arbetsplatsen och l\u00e4rande i l\u00e4roanstalten samt dra nytta av l\u00e4rmilj\u00f6er p\u00e5 n\u00e4tet.&nbsp; Triangel-modellen Avtalsf\u00f6retagarmodellen\u00a0 L\u00e4rande i flerform, grundexamen inom social- och&#46;&#46;&#46;","_links":{"self":[{"href":"https:\/\/blogit.gradia.fi\/parasta_osaamista\/wp-json\/wp\/v2\/pages\/3095","targetHints":{"allow":["GET"]}}],"collection":[{"href":"https:\/\/blogit.gradia.fi\/parasta_osaamista\/wp-json\/wp\/v2\/pages"}],"about":[{"href":"https:\/\/blogit.gradia.fi\/parasta_osaamista\/wp-json\/wp\/v2\/types\/page"}],"author":[{"embeddable":true,"href":"https:\/\/blogit.gradia.fi\/parasta_osaamista\/wp-json\/wp\/v2\/users\/652"}],"replies":[{"embeddable":true,"href":"https:\/\/blogit.gradia.fi\/parasta_osaamista\/wp-json\/wp\/v2\/comments?post=3095"}],"version-history":[{"count":2,"href":"https:\/\/blogit.gradia.fi\/parasta_osaamista\/wp-json\/wp\/v2\/pages\/3095\/revisions"}],"predecessor-version":[{"id":3644,"href":"https:\/\/blogit.gradia.fi\/parasta_osaamista\/wp-json\/wp\/v2\/pages\/3095\/revisions\/3644"}],"up":[{"embeddable":true,"href":"https:\/\/blogit.gradia.fi\/parasta_osaamista\/wp-json\/wp\/v2\/pages\/1426"}],"wp:attachment":[{"href":"https:\/\/blogit.gradia.fi\/parasta_osaamista\/wp-json\/wp\/v2\/media?parent=3095"}],"curies":[{"name":"wp","href":"https:\/\/api.w.org\/{rel}","templated":true}]}}