{"id":3065,"date":"2019-10-11T08:59:49","date_gmt":"2019-10-11T05:59:49","guid":{"rendered":"https:\/\/blogit.gradia.fi\/parasta_osaamista\/?page_id=3065"},"modified":"2020-06-15T09:38:02","modified_gmt":"2020-06-15T06:38:02","slug":"larare-handleder-pa-arbetsplatsen","status":"publish","type":"page","link":"https:\/\/blogit.gradia.fi\/parasta_osaamista\/pa-svenska\/forvarvande-av-kunnande-i-arbetslivet\/larare-handleder-pa-arbetsplatsen\/","title":{"rendered":"L\u00e4rare handleder p\u00e5 arbetsplatsen"},"content":{"rendered":"\n<p>L\u00e4raren har ett n\u00e4ra samarbete och deltar\ntillsammans med arbetsplatshandledaren i handledningen av den studerandes\nl\u00e4rande p\u00e5 arbetsplatsen.<\/p>\n\n\n\n<ul class=\"wp-block-list\"><li><a href=\"https:\/\/blogit.gradia.fi\/parasta_osaamista\/wp-content\/uploads\/sites\/20\/2020\/06\/St\u00f6d-f\u00f6r-l\u00e4rande-i-arbetslivet.pdf\" target=\"_blank\" rel=\"noreferrer noopener\">St\u00f6d f\u00f6r l\u00e4rande i arbetslivet<\/a><\/li><\/ul>\n\n\n\n<p>Videon:<\/p>\n\n\n\n<ul class=\"wp-block-list\"><li><a rel=\"noreferrer noopener\" aria-label=\"Nya verktyg f\u00f6r handledning av l\u00e4rande i arbetslivet (p\u00e5 finska) (avautuu uudessa v\u00e4lilehdess\u00e4)\" href=\"https:\/\/www.youtube.com\/watch?v=x_c4rYfcvU4\" target=\"_blank\">Nya verktyg f\u00f6r handledning av l\u00e4rande i arbetslivet (p\u00e5 finska)<\/a><\/li><li><a rel=\"noreferrer noopener\" aria-label=\"Studier tillsammans i arbetslivet (p\u00e5 finska) (avautuu uudessa v\u00e4lilehdess\u00e4)\" href=\"https:\/\/www.youtube.com\/watch?v=xmX3vGxEtYA\" target=\"_blank\">Studier tillsammans i arbetslivet (p\u00e5 finska)<\/a><\/li><li><a href=\"https:\/\/www.youtube.com\/watch?v=QvMTcMACfCU\" target=\"_blank\" rel=\"noreferrer noopener\" aria-label=\"Handledningens betydelse f\u00f6r l\u00e4rande i arbetslivet (p\u00e5 finska) (avautuu uudessa v\u00e4lilehdess\u00e4)\">Handledningens betydelse f\u00f6r l\u00e4rande i arbetslivet (p\u00e5 finska)<\/a><\/li><\/ul>\n\n\n\n<p><\/p>\n","protected":false},"excerpt":{"rendered":"<p>L\u00e4raren har ett n\u00e4ra samarbete och deltar tillsammans med arbetsplatshandledaren i handledningen av den studerandes l\u00e4rande p\u00e5 arbetsplatsen. St\u00f6d f\u00f6r l\u00e4rande i arbetslivet Videon: Nya verktyg f\u00f6r handledning av l\u00e4rande i arbetslivet (p\u00e5 finska)&#46;&#46;&#46;<\/p>\n","protected":false},"author":652,"featured_media":0,"parent":1426,"menu_order":0,"comment_status":"closed","ping_status":"closed","template":"","meta":{"_uag_custom_page_level_css":"","footnotes":""},"class_list":["post-3065","page","type-page","status-publish","hentry"],"yoast_head":"<!-- This site is optimized with the Yoast SEO plugin v27.4 - https:\/\/yoast.com\/product\/yoast-seo-wordpress\/ -->\n<title>L\u00e4rare handleder p\u00e5 arbetsplatsen - Parasta osaamista<\/title>\n<meta name=\"robots\" content=\"index, follow, max-snippet:-1, max-image-preview:large, max-video-preview:-1\" \/>\n<link rel=\"canonical\" href=\"https:\/\/blogit.gradia.fi\/parasta_osaamista\/pa-svenska\/forvarvande-av-kunnande-i-arbetslivet\/larare-handleder-pa-arbetsplatsen\/\" \/>\n<meta property=\"og:locale\" content=\"fi_FI\" \/>\n<meta property=\"og:type\" content=\"article\" \/>\n<meta property=\"og:title\" content=\"L\u00e4rare handleder p\u00e5 arbetsplatsen - Parasta osaamista\" \/>\n<meta property=\"og:description\" content=\"L\u00e4raren har ett n\u00e4ra samarbete och deltar tillsammans med arbetsplatshandledaren i handledningen av den studerandes l\u00e4rande p\u00e5 arbetsplatsen. St\u00f6d f\u00f6r l\u00e4rande i arbetslivet Videon: Nya verktyg f\u00f6r handledning av l\u00e4rande i arbetslivet (p\u00e5 finska)&#046;&#046;&#046;\" \/>\n<meta property=\"og:url\" content=\"https:\/\/blogit.gradia.fi\/parasta_osaamista\/pa-svenska\/forvarvande-av-kunnande-i-arbetslivet\/larare-handleder-pa-arbetsplatsen\/\" \/>\n<meta property=\"og:site_name\" content=\"Parasta osaamista\" \/>\n<meta property=\"article:publisher\" content=\"https:\/\/www.facebook.com\/POsaamista\/\" \/>\n<meta property=\"article:modified_time\" content=\"2020-06-15T06:38:02+00:00\" \/>\n<meta name=\"twitter:card\" content=\"summary_large_image\" \/>\n<meta name=\"twitter:site\" content=\"@Posaaja_\" \/>\n<script type=\"application\/ld+json\" class=\"yoast-schema-graph\">{\"@context\":\"https:\\\/\\\/schema.org\",\"@graph\":[{\"@type\":\"WebPage\",\"@id\":\"https:\\\/\\\/blogit.gradia.fi\\\/parasta_osaamista\\\/pa-svenska\\\/forvarvande-av-kunnande-i-arbetslivet\\\/larare-handleder-pa-arbetsplatsen\\\/\",\"url\":\"https:\\\/\\\/blogit.gradia.fi\\\/parasta_osaamista\\\/pa-svenska\\\/forvarvande-av-kunnande-i-arbetslivet\\\/larare-handleder-pa-arbetsplatsen\\\/\",\"name\":\"L\u00e4rare handleder p\u00e5 arbetsplatsen - Parasta osaamista\",\"isPartOf\":{\"@id\":\"https:\\\/\\\/blogit.gradia.fi\\\/parasta_osaamista\\\/#website\"},\"datePublished\":\"2019-10-11T05:59:49+00:00\",\"dateModified\":\"2020-06-15T06:38:02+00:00\",\"breadcrumb\":{\"@id\":\"https:\\\/\\\/blogit.gradia.fi\\\/parasta_osaamista\\\/pa-svenska\\\/forvarvande-av-kunnande-i-arbetslivet\\\/larare-handleder-pa-arbetsplatsen\\\/#breadcrumb\"},\"inLanguage\":\"fi\",\"potentialAction\":[{\"@type\":\"ReadAction\",\"target\":[\"https:\\\/\\\/blogit.gradia.fi\\\/parasta_osaamista\\\/pa-svenska\\\/forvarvande-av-kunnande-i-arbetslivet\\\/larare-handleder-pa-arbetsplatsen\\\/\"]}]},{\"@type\":\"BreadcrumbList\",\"@id\":\"https:\\\/\\\/blogit.gradia.fi\\\/parasta_osaamista\\\/pa-svenska\\\/forvarvande-av-kunnande-i-arbetslivet\\\/larare-handleder-pa-arbetsplatsen\\\/#breadcrumb\",\"itemListElement\":[{\"@type\":\"ListItem\",\"position\":1,\"name\":\"B\u00e4sta kunnande\",\"item\":\"https:\\\/\\\/blogit.gradia.fi\\\/parasta_osaamista\\\/pa-svenska\\\/\"},{\"@type\":\"ListItem\",\"position\":2,\"name\":\"Arbetslivsn\u00e4ra f\u00f6rv\u00e4rvande av kunnande\",\"item\":\"https:\\\/\\\/blogit.gradia.fi\\\/parasta_osaamista\\\/pa-svenska\\\/forvarvande-av-kunnande-i-arbetslivet\\\/\"},{\"@type\":\"ListItem\",\"position\":3,\"name\":\"L\u00e4rare handleder p\u00e5 arbetsplatsen\"}]},{\"@type\":\"WebSite\",\"@id\":\"https:\\\/\\\/blogit.gradia.fi\\\/parasta_osaamista\\\/#website\",\"url\":\"https:\\\/\\\/blogit.gradia.fi\\\/parasta_osaamista\\\/\",\"name\":\"Parasta osaamista\",\"description\":\"Parasta osaamista -verkostohanke\",\"publisher\":{\"@id\":\"https:\\\/\\\/blogit.gradia.fi\\\/parasta_osaamista\\\/#organization\"},\"potentialAction\":[{\"@type\":\"SearchAction\",\"target\":{\"@type\":\"EntryPoint\",\"urlTemplate\":\"https:\\\/\\\/blogit.gradia.fi\\\/parasta_osaamista\\\/?s={search_term_string}\"},\"query-input\":{\"@type\":\"PropertyValueSpecification\",\"valueRequired\":true,\"valueName\":\"search_term_string\"}}],\"inLanguage\":\"fi\"},{\"@type\":\"Organization\",\"@id\":\"https:\\\/\\\/blogit.gradia.fi\\\/parasta_osaamista\\\/#organization\",\"name\":\"Parasta osaamista -verkostohanke\",\"url\":\"https:\\\/\\\/blogit.gradia.fi\\\/parasta_osaamista\\\/\",\"logo\":{\"@type\":\"ImageObject\",\"inLanguage\":\"fi\",\"@id\":\"https:\\\/\\\/blogit.gradia.fi\\\/parasta_osaamista\\\/#\\\/schema\\\/logo\\\/image\\\/\",\"url\":\"https:\\\/\\\/blogit.gradia.fi\\\/parasta_osaamista\\\/wp-content\\\/uploads\\\/sites\\\/20\\\/2018\\\/02\\\/parasta_osaamista_logo.jpg\",\"contentUrl\":\"https:\\\/\\\/blogit.gradia.fi\\\/parasta_osaamista\\\/wp-content\\\/uploads\\\/sites\\\/20\\\/2018\\\/02\\\/parasta_osaamista_logo.jpg\",\"width\":344,\"height\":334,\"caption\":\"Parasta osaamista -verkostohanke\"},\"image\":{\"@id\":\"https:\\\/\\\/blogit.gradia.fi\\\/parasta_osaamista\\\/#\\\/schema\\\/logo\\\/image\\\/\"},\"sameAs\":[\"https:\\\/\\\/www.facebook.com\\\/POsaamista\\\/\",\"https:\\\/\\\/x.com\\\/Posaaja_\",\"https:\\\/\\\/www.instagram.com\\\/parastaosaamista\\\/\",\"https:\\\/\\\/www.youtube.com\\\/channel\\\/UC7hv9jw0R6lS_Fmz5L9TUPw\"]}]}<\/script>\n<!-- \/ Yoast SEO plugin. -->","yoast_head_json":{"title":"L\u00e4rare handleder p\u00e5 arbetsplatsen - Parasta osaamista","robots":{"index":"index","follow":"follow","max-snippet":"max-snippet:-1","max-image-preview":"max-image-preview:large","max-video-preview":"max-video-preview:-1"},"canonical":"https:\/\/blogit.gradia.fi\/parasta_osaamista\/pa-svenska\/forvarvande-av-kunnande-i-arbetslivet\/larare-handleder-pa-arbetsplatsen\/","og_locale":"fi_FI","og_type":"article","og_title":"L\u00e4rare handleder p\u00e5 arbetsplatsen - Parasta osaamista","og_description":"L\u00e4raren har ett n\u00e4ra samarbete och deltar tillsammans med arbetsplatshandledaren i handledningen av den studerandes l\u00e4rande p\u00e5 arbetsplatsen. St\u00f6d f\u00f6r l\u00e4rande i arbetslivet Videon: Nya verktyg f\u00f6r handledning av l\u00e4rande i arbetslivet (p\u00e5 finska)&#46;&#46;&#46;","og_url":"https:\/\/blogit.gradia.fi\/parasta_osaamista\/pa-svenska\/forvarvande-av-kunnande-i-arbetslivet\/larare-handleder-pa-arbetsplatsen\/","og_site_name":"Parasta osaamista","article_publisher":"https:\/\/www.facebook.com\/POsaamista\/","article_modified_time":"2020-06-15T06:38:02+00:00","twitter_card":"summary_large_image","twitter_site":"@Posaaja_","schema":{"@context":"https:\/\/schema.org","@graph":[{"@type":"WebPage","@id":"https:\/\/blogit.gradia.fi\/parasta_osaamista\/pa-svenska\/forvarvande-av-kunnande-i-arbetslivet\/larare-handleder-pa-arbetsplatsen\/","url":"https:\/\/blogit.gradia.fi\/parasta_osaamista\/pa-svenska\/forvarvande-av-kunnande-i-arbetslivet\/larare-handleder-pa-arbetsplatsen\/","name":"L\u00e4rare handleder p\u00e5 arbetsplatsen - Parasta osaamista","isPartOf":{"@id":"https:\/\/blogit.gradia.fi\/parasta_osaamista\/#website"},"datePublished":"2019-10-11T05:59:49+00:00","dateModified":"2020-06-15T06:38:02+00:00","breadcrumb":{"@id":"https:\/\/blogit.gradia.fi\/parasta_osaamista\/pa-svenska\/forvarvande-av-kunnande-i-arbetslivet\/larare-handleder-pa-arbetsplatsen\/#breadcrumb"},"inLanguage":"fi","potentialAction":[{"@type":"ReadAction","target":["https:\/\/blogit.gradia.fi\/parasta_osaamista\/pa-svenska\/forvarvande-av-kunnande-i-arbetslivet\/larare-handleder-pa-arbetsplatsen\/"]}]},{"@type":"BreadcrumbList","@id":"https:\/\/blogit.gradia.fi\/parasta_osaamista\/pa-svenska\/forvarvande-av-kunnande-i-arbetslivet\/larare-handleder-pa-arbetsplatsen\/#breadcrumb","itemListElement":[{"@type":"ListItem","position":1,"name":"B\u00e4sta kunnande","item":"https:\/\/blogit.gradia.fi\/parasta_osaamista\/pa-svenska\/"},{"@type":"ListItem","position":2,"name":"Arbetslivsn\u00e4ra f\u00f6rv\u00e4rvande av kunnande","item":"https:\/\/blogit.gradia.fi\/parasta_osaamista\/pa-svenska\/forvarvande-av-kunnande-i-arbetslivet\/"},{"@type":"ListItem","position":3,"name":"L\u00e4rare handleder p\u00e5 arbetsplatsen"}]},{"@type":"WebSite","@id":"https:\/\/blogit.gradia.fi\/parasta_osaamista\/#website","url":"https:\/\/blogit.gradia.fi\/parasta_osaamista\/","name":"Parasta osaamista","description":"Parasta osaamista -verkostohanke","publisher":{"@id":"https:\/\/blogit.gradia.fi\/parasta_osaamista\/#organization"},"potentialAction":[{"@type":"SearchAction","target":{"@type":"EntryPoint","urlTemplate":"https:\/\/blogit.gradia.fi\/parasta_osaamista\/?s={search_term_string}"},"query-input":{"@type":"PropertyValueSpecification","valueRequired":true,"valueName":"search_term_string"}}],"inLanguage":"fi"},{"@type":"Organization","@id":"https:\/\/blogit.gradia.fi\/parasta_osaamista\/#organization","name":"Parasta osaamista -verkostohanke","url":"https:\/\/blogit.gradia.fi\/parasta_osaamista\/","logo":{"@type":"ImageObject","inLanguage":"fi","@id":"https:\/\/blogit.gradia.fi\/parasta_osaamista\/#\/schema\/logo\/image\/","url":"https:\/\/blogit.gradia.fi\/parasta_osaamista\/wp-content\/uploads\/sites\/20\/2018\/02\/parasta_osaamista_logo.jpg","contentUrl":"https:\/\/blogit.gradia.fi\/parasta_osaamista\/wp-content\/uploads\/sites\/20\/2018\/02\/parasta_osaamista_logo.jpg","width":344,"height":334,"caption":"Parasta osaamista -verkostohanke"},"image":{"@id":"https:\/\/blogit.gradia.fi\/parasta_osaamista\/#\/schema\/logo\/image\/"},"sameAs":["https:\/\/www.facebook.com\/POsaamista\/","https:\/\/x.com\/Posaaja_","https:\/\/www.instagram.com\/parastaosaamista\/","https:\/\/www.youtube.com\/channel\/UC7hv9jw0R6lS_Fmz5L9TUPw"]}]}},"uagb_featured_image_src":{"full":false,"thumbnail":false,"medium":false,"medium_large":false,"large":false,"1536x1536":false,"2048x2048":false,"thumb-small":false,"thumb-standard":false,"thumb-medium":false,"thumb-large":false,"thumb-xlarge":false,"thumb-xxlarge":false},"uagb_author_info":{"display_name":"Rikhard Kiuru","author_link":"https:\/\/blogit.gradia.fi\/parasta_osaamista\/author\/kiururik\/"},"uagb_comment_info":0,"uagb_excerpt":"L\u00e4raren har ett n\u00e4ra samarbete och deltar tillsammans med arbetsplatshandledaren i handledningen av den studerandes l\u00e4rande p\u00e5 arbetsplatsen. St\u00f6d f\u00f6r l\u00e4rande i arbetslivet Videon: Nya verktyg f\u00f6r handledning av l\u00e4rande i arbetslivet (p\u00e5 finska)&#46;&#46;&#46;","_links":{"self":[{"href":"https:\/\/blogit.gradia.fi\/parasta_osaamista\/wp-json\/wp\/v2\/pages\/3065","targetHints":{"allow":["GET"]}}],"collection":[{"href":"https:\/\/blogit.gradia.fi\/parasta_osaamista\/wp-json\/wp\/v2\/pages"}],"about":[{"href":"https:\/\/blogit.gradia.fi\/parasta_osaamista\/wp-json\/wp\/v2\/types\/page"}],"author":[{"embeddable":true,"href":"https:\/\/blogit.gradia.fi\/parasta_osaamista\/wp-json\/wp\/v2\/users\/652"}],"replies":[{"embeddable":true,"href":"https:\/\/blogit.gradia.fi\/parasta_osaamista\/wp-json\/wp\/v2\/comments?post=3065"}],"version-history":[{"count":4,"href":"https:\/\/blogit.gradia.fi\/parasta_osaamista\/wp-json\/wp\/v2\/pages\/3065\/revisions"}],"predecessor-version":[{"id":3637,"href":"https:\/\/blogit.gradia.fi\/parasta_osaamista\/wp-json\/wp\/v2\/pages\/3065\/revisions\/3637"}],"up":[{"embeddable":true,"href":"https:\/\/blogit.gradia.fi\/parasta_osaamista\/wp-json\/wp\/v2\/pages\/1426"}],"wp:attachment":[{"href":"https:\/\/blogit.gradia.fi\/parasta_osaamista\/wp-json\/wp\/v2\/media?parent=3065"}],"curies":[{"name":"wp","href":"https:\/\/api.w.org\/{rel}","templated":true}]}}