{"id":2745,"date":"2019-06-05T14:06:26","date_gmt":"2019-06-05T11:06:26","guid":{"rendered":"https:\/\/blogit.gradia.fi\/parasta_osaamista\/?page_id=2745"},"modified":"2019-06-07T08:06:43","modified_gmt":"2019-06-07T05:06:43","slug":"ordspel-om-yrkesutbildningsreformen","status":"publish","type":"page","link":"https:\/\/blogit.gradia.fi\/parasta_osaamista\/ordspel-om-yrkesutbildningsreformen\/","title":{"rendered":"Ordspel om yrkesutbildningsreformen"},"content":{"rendered":"\n<p>Ordspelet inneh\u00e5ller centrala ord i den nya yrkesutbildningen. Kortserien inneh\u00e5ller 42 kort.<\/p>\n\n\n\n<p><strong>Anv\u00e4ndnings\u00e4ndam\u00e5l<\/strong><\/p>\n\n\n\n<p>Ordspelet leder in diskussionen p\u00e5 begrepp i den nya lagstiftningen f\u00f6r yrkesutbildning. Med hj\u00e4lp av ordspelet kan mantillsammansg\u00e5igenom nya, delvis f\u00f6r\u00e4ndrade begrepp. Korten i ordspeletkan anv\u00e4ndas f\u00f6r att v\u00e4cka diskussion bland utbildningsanordarens undervisande och handledande personal och arbetslivsrepresentanter. <\/p>\n\n\n\n<p><strong>Bruksanvisning, exempel 1<\/strong><\/p>\n\n\n\n<p>Spelarenv\u00e4ljer \u00e5tta kort ur kortserien. Anvisad tid f\u00f6r att f\u00f6rklara ordet \u00e4r enminut och tiden ber\u00e4knas med timglas eller n\u00e5gon l\u00e4mplig app.  Detpar som har f\u00f6rklarat\/f\u00f6rst\u00e5tt flest ord r\u00e4tt vinner.<\/p>\n\n\n\n<p><strong>Bruksanvisning, exempel 2<\/strong><\/p>\n\n\n\n<p>Spelarenv\u00e4ljer \u00e5tta kort ur kortserien. Spelaren visar kortet f\u00f6r \u00f6vriga deltagare och f\u00f6rklarar vad ordet betyder i praktiken i det egna arbetet.<\/p>\n\n\n\n<p><strong>Material och resurser  <\/strong><\/p>\n\n\n\n<ul class=\"wp-block-list\"><li>Tids\u00e5tg\u00e5ngen som beh\u00f6vs beror av antalet spelare<\/li><li>Utrustning f\u00f6r tidtagning<\/li><li>Ordspel<\/li><li>(reformordlista)<\/li><\/ul>\n\n\n\n<p><a href=\"https:\/\/blogit.gradia.fi\/parasta_osaamista\/wp-content\/uploads\/sites\/20\/2019\/02\/Yrkesutbildningsreformen_ordspel_kort.pdf\" target=\"_blank\" rel=\"noreferrer noopener\">YRKESUTBILDINGSREFORMEN &#8211; ordspel <\/a><\/p>\n","protected":false},"excerpt":{"rendered":"<p>Ordspelet inneh\u00e5ller centrala ord i den nya yrkesutbildningen. Kortserien inneh\u00e5ller 42 kort. Anv\u00e4ndnings\u00e4ndam\u00e5l Ordspelet leder in diskussionen p\u00e5 begrepp i den nya lagstiftningen f\u00f6r yrkesutbildning. Med hj\u00e4lp av ordspelet kan mantillsammansg\u00e5igenom nya, delvis f\u00f6r\u00e4ndrade&#46;&#46;&#46;<\/p>\n","protected":false},"author":181,"featured_media":0,"parent":0,"menu_order":0,"comment_status":"closed","ping_status":"closed","template":"","meta":{"_uag_custom_page_level_css":"","footnotes":""},"class_list":["post-2745","page","type-page","status-publish","hentry"],"yoast_head":"<!-- This site is optimized with the Yoast SEO plugin v27.4 - https:\/\/yoast.com\/product\/yoast-seo-wordpress\/ -->\n<title>Ordspel om yrkesutbildningsreformen - Parasta osaamista<\/title>\n<meta name=\"robots\" content=\"index, follow, max-snippet:-1, max-image-preview:large, max-video-preview:-1\" \/>\n<link rel=\"canonical\" href=\"https:\/\/blogit.gradia.fi\/parasta_osaamista\/ordspel-om-yrkesutbildningsreformen\/\" \/>\n<meta property=\"og:locale\" content=\"fi_FI\" \/>\n<meta property=\"og:type\" content=\"article\" \/>\n<meta property=\"og:title\" content=\"Ordspel om yrkesutbildningsreformen - Parasta osaamista\" \/>\n<meta property=\"og:description\" content=\"Ordspelet inneh\u00e5ller centrala ord i den nya yrkesutbildningen. Kortserien inneh\u00e5ller 42 kort. Anv\u00e4ndnings\u00e4ndam\u00e5l Ordspelet leder in diskussionen p\u00e5 begrepp i den nya lagstiftningen f\u00f6r yrkesutbildning. Med hj\u00e4lp av ordspelet kan mantillsammansg\u00e5igenom nya, delvis f\u00f6r\u00e4ndrade&#046;&#046;&#046;\" \/>\n<meta property=\"og:url\" content=\"https:\/\/blogit.gradia.fi\/parasta_osaamista\/ordspel-om-yrkesutbildningsreformen\/\" \/>\n<meta property=\"og:site_name\" content=\"Parasta osaamista\" \/>\n<meta property=\"article:publisher\" content=\"https:\/\/www.facebook.com\/POsaamista\/\" \/>\n<meta property=\"article:modified_time\" content=\"2019-06-07T05:06:43+00:00\" \/>\n<meta name=\"twitter:card\" content=\"summary_large_image\" \/>\n<meta name=\"twitter:site\" content=\"@Posaaja_\" \/>\n<meta name=\"twitter:label1\" content=\"Arvioitu lukuaika\" \/>\n\t<meta name=\"twitter:data1\" content=\"1 minuutti\" \/>\n<script type=\"application\/ld+json\" class=\"yoast-schema-graph\">{\"@context\":\"https:\\\/\\\/schema.org\",\"@graph\":[{\"@type\":\"WebPage\",\"@id\":\"https:\\\/\\\/blogit.gradia.fi\\\/parasta_osaamista\\\/ordspel-om-yrkesutbildningsreformen\\\/\",\"url\":\"https:\\\/\\\/blogit.gradia.fi\\\/parasta_osaamista\\\/ordspel-om-yrkesutbildningsreformen\\\/\",\"name\":\"Ordspel om yrkesutbildningsreformen - Parasta osaamista\",\"isPartOf\":{\"@id\":\"https:\\\/\\\/blogit.gradia.fi\\\/parasta_osaamista\\\/#website\"},\"datePublished\":\"2019-06-05T11:06:26+00:00\",\"dateModified\":\"2019-06-07T05:06:43+00:00\",\"inLanguage\":\"fi\",\"potentialAction\":[{\"@type\":\"ReadAction\",\"target\":[\"https:\\\/\\\/blogit.gradia.fi\\\/parasta_osaamista\\\/ordspel-om-yrkesutbildningsreformen\\\/\"]}]},{\"@type\":\"WebSite\",\"@id\":\"https:\\\/\\\/blogit.gradia.fi\\\/parasta_osaamista\\\/#website\",\"url\":\"https:\\\/\\\/blogit.gradia.fi\\\/parasta_osaamista\\\/\",\"name\":\"Parasta osaamista\",\"description\":\"Parasta osaamista -verkostohanke\",\"publisher\":{\"@id\":\"https:\\\/\\\/blogit.gradia.fi\\\/parasta_osaamista\\\/#organization\"},\"potentialAction\":[{\"@type\":\"SearchAction\",\"target\":{\"@type\":\"EntryPoint\",\"urlTemplate\":\"https:\\\/\\\/blogit.gradia.fi\\\/parasta_osaamista\\\/?s={search_term_string}\"},\"query-input\":{\"@type\":\"PropertyValueSpecification\",\"valueRequired\":true,\"valueName\":\"search_term_string\"}}],\"inLanguage\":\"fi\"},{\"@type\":\"Organization\",\"@id\":\"https:\\\/\\\/blogit.gradia.fi\\\/parasta_osaamista\\\/#organization\",\"name\":\"Parasta osaamista -verkostohanke\",\"url\":\"https:\\\/\\\/blogit.gradia.fi\\\/parasta_osaamista\\\/\",\"logo\":{\"@type\":\"ImageObject\",\"inLanguage\":\"fi\",\"@id\":\"https:\\\/\\\/blogit.gradia.fi\\\/parasta_osaamista\\\/#\\\/schema\\\/logo\\\/image\\\/\",\"url\":\"https:\\\/\\\/blogit.gradia.fi\\\/parasta_osaamista\\\/wp-content\\\/uploads\\\/sites\\\/20\\\/2018\\\/02\\\/parasta_osaamista_logo.jpg\",\"contentUrl\":\"https:\\\/\\\/blogit.gradia.fi\\\/parasta_osaamista\\\/wp-content\\\/uploads\\\/sites\\\/20\\\/2018\\\/02\\\/parasta_osaamista_logo.jpg\",\"width\":344,\"height\":334,\"caption\":\"Parasta osaamista -verkostohanke\"},\"image\":{\"@id\":\"https:\\\/\\\/blogit.gradia.fi\\\/parasta_osaamista\\\/#\\\/schema\\\/logo\\\/image\\\/\"},\"sameAs\":[\"https:\\\/\\\/www.facebook.com\\\/POsaamista\\\/\",\"https:\\\/\\\/x.com\\\/Posaaja_\",\"https:\\\/\\\/www.instagram.com\\\/parastaosaamista\\\/\",\"https:\\\/\\\/www.youtube.com\\\/channel\\\/UC7hv9jw0R6lS_Fmz5L9TUPw\"]}]}<\/script>\n<!-- \/ Yoast SEO plugin. -->","yoast_head_json":{"title":"Ordspel om yrkesutbildningsreformen - Parasta osaamista","robots":{"index":"index","follow":"follow","max-snippet":"max-snippet:-1","max-image-preview":"max-image-preview:large","max-video-preview":"max-video-preview:-1"},"canonical":"https:\/\/blogit.gradia.fi\/parasta_osaamista\/ordspel-om-yrkesutbildningsreformen\/","og_locale":"fi_FI","og_type":"article","og_title":"Ordspel om yrkesutbildningsreformen - Parasta osaamista","og_description":"Ordspelet inneh\u00e5ller centrala ord i den nya yrkesutbildningen. Kortserien inneh\u00e5ller 42 kort. Anv\u00e4ndnings\u00e4ndam\u00e5l Ordspelet leder in diskussionen p\u00e5 begrepp i den nya lagstiftningen f\u00f6r yrkesutbildning. Med hj\u00e4lp av ordspelet kan mantillsammansg\u00e5igenom nya, delvis f\u00f6r\u00e4ndrade&#46;&#46;&#46;","og_url":"https:\/\/blogit.gradia.fi\/parasta_osaamista\/ordspel-om-yrkesutbildningsreformen\/","og_site_name":"Parasta osaamista","article_publisher":"https:\/\/www.facebook.com\/POsaamista\/","article_modified_time":"2019-06-07T05:06:43+00:00","twitter_card":"summary_large_image","twitter_site":"@Posaaja_","twitter_misc":{"Arvioitu lukuaika":"1 minuutti"},"schema":{"@context":"https:\/\/schema.org","@graph":[{"@type":"WebPage","@id":"https:\/\/blogit.gradia.fi\/parasta_osaamista\/ordspel-om-yrkesutbildningsreformen\/","url":"https:\/\/blogit.gradia.fi\/parasta_osaamista\/ordspel-om-yrkesutbildningsreformen\/","name":"Ordspel om yrkesutbildningsreformen - Parasta osaamista","isPartOf":{"@id":"https:\/\/blogit.gradia.fi\/parasta_osaamista\/#website"},"datePublished":"2019-06-05T11:06:26+00:00","dateModified":"2019-06-07T05:06:43+00:00","inLanguage":"fi","potentialAction":[{"@type":"ReadAction","target":["https:\/\/blogit.gradia.fi\/parasta_osaamista\/ordspel-om-yrkesutbildningsreformen\/"]}]},{"@type":"WebSite","@id":"https:\/\/blogit.gradia.fi\/parasta_osaamista\/#website","url":"https:\/\/blogit.gradia.fi\/parasta_osaamista\/","name":"Parasta osaamista","description":"Parasta osaamista -verkostohanke","publisher":{"@id":"https:\/\/blogit.gradia.fi\/parasta_osaamista\/#organization"},"potentialAction":[{"@type":"SearchAction","target":{"@type":"EntryPoint","urlTemplate":"https:\/\/blogit.gradia.fi\/parasta_osaamista\/?s={search_term_string}"},"query-input":{"@type":"PropertyValueSpecification","valueRequired":true,"valueName":"search_term_string"}}],"inLanguage":"fi"},{"@type":"Organization","@id":"https:\/\/blogit.gradia.fi\/parasta_osaamista\/#organization","name":"Parasta osaamista -verkostohanke","url":"https:\/\/blogit.gradia.fi\/parasta_osaamista\/","logo":{"@type":"ImageObject","inLanguage":"fi","@id":"https:\/\/blogit.gradia.fi\/parasta_osaamista\/#\/schema\/logo\/image\/","url":"https:\/\/blogit.gradia.fi\/parasta_osaamista\/wp-content\/uploads\/sites\/20\/2018\/02\/parasta_osaamista_logo.jpg","contentUrl":"https:\/\/blogit.gradia.fi\/parasta_osaamista\/wp-content\/uploads\/sites\/20\/2018\/02\/parasta_osaamista_logo.jpg","width":344,"height":334,"caption":"Parasta osaamista -verkostohanke"},"image":{"@id":"https:\/\/blogit.gradia.fi\/parasta_osaamista\/#\/schema\/logo\/image\/"},"sameAs":["https:\/\/www.facebook.com\/POsaamista\/","https:\/\/x.com\/Posaaja_","https:\/\/www.instagram.com\/parastaosaamista\/","https:\/\/www.youtube.com\/channel\/UC7hv9jw0R6lS_Fmz5L9TUPw"]}]}},"uagb_featured_image_src":{"full":false,"thumbnail":false,"medium":false,"medium_large":false,"large":false,"1536x1536":false,"2048x2048":false,"thumb-small":false,"thumb-standard":false,"thumb-medium":false,"thumb-large":false,"thumb-xlarge":false,"thumb-xxlarge":false},"uagb_author_info":{"display_name":"Susanna Kanninen","author_link":"https:\/\/blogit.gradia.fi\/parasta_osaamista\/author\/kannisus\/"},"uagb_comment_info":0,"uagb_excerpt":"Ordspelet inneh\u00e5ller centrala ord i den nya yrkesutbildningen. Kortserien inneh\u00e5ller 42 kort. Anv\u00e4ndnings\u00e4ndam\u00e5l Ordspelet leder in diskussionen p\u00e5 begrepp i den nya lagstiftningen f\u00f6r yrkesutbildning. Med hj\u00e4lp av ordspelet kan mantillsammansg\u00e5igenom nya, delvis f\u00f6r\u00e4ndrade&#46;&#46;&#46;","_links":{"self":[{"href":"https:\/\/blogit.gradia.fi\/parasta_osaamista\/wp-json\/wp\/v2\/pages\/2745","targetHints":{"allow":["GET"]}}],"collection":[{"href":"https:\/\/blogit.gradia.fi\/parasta_osaamista\/wp-json\/wp\/v2\/pages"}],"about":[{"href":"https:\/\/blogit.gradia.fi\/parasta_osaamista\/wp-json\/wp\/v2\/types\/page"}],"author":[{"embeddable":true,"href":"https:\/\/blogit.gradia.fi\/parasta_osaamista\/wp-json\/wp\/v2\/users\/181"}],"replies":[{"embeddable":true,"href":"https:\/\/blogit.gradia.fi\/parasta_osaamista\/wp-json\/wp\/v2\/comments?post=2745"}],"version-history":[{"count":2,"href":"https:\/\/blogit.gradia.fi\/parasta_osaamista\/wp-json\/wp\/v2\/pages\/2745\/revisions"}],"predecessor-version":[{"id":2777,"href":"https:\/\/blogit.gradia.fi\/parasta_osaamista\/wp-json\/wp\/v2\/pages\/2745\/revisions\/2777"}],"wp:attachment":[{"href":"https:\/\/blogit.gradia.fi\/parasta_osaamista\/wp-json\/wp\/v2\/media?parent=2745"}],"curies":[{"name":"wp","href":"https:\/\/api.w.org\/{rel}","templated":true}]}}