{"id":245,"date":"2018-04-16T08:45:14","date_gmt":"2018-04-16T05:45:14","guid":{"rendered":"https:\/\/blogit.gradia.fi\/parastatestia\/?page_id=245"},"modified":"2018-04-16T08:48:15","modified_gmt":"2018-04-16T05:48:15","slug":"osaamistarveselvitys-raportti","status":"publish","type":"page","link":"https:\/\/blogit.gradia.fi\/parasta_osaamista\/osaamistarveselvitys-raportti\/","title":{"rendered":"Osaamistarveselvitys &#8211; Raportti"},"content":{"rendered":"<h2><strong>Opetus- ja ohjaushenkil\u00f6st\u00f6 tarvitsee tukea uudenlaisen osaamisidentiteetin rakentamiseen<\/strong><\/h2>\n<p><strong>\u00a0<\/strong>Parasta osaamista \u2013verkostohankkeessa toteutetun osaamisvaatimusten ja -tarpeiden selvityksen mukaan ammatillisen koulutuksen opetus- ja ohjaushenkil\u00f6st\u00f6 tarvitsee rohkeutta ja vahvaa yhteis\u00f6\u00e4 muuttuvan opettajuuden ja ty\u00f6n laaja-alaistumisen tueksi. Ammatillinen koulutus tulee n\u00e4hd\u00e4 uusin silmin uuden toimintalains\u00e4\u00e4d\u00e4nn\u00f6n ja uusien tutkinnon perusteiden my\u00f6t\u00e4. Moni asia muuttuu ja antaa mahdollisuuden uudenlaisen oppimis- ja toimintakulttuurin luomiseen, mutta vaatii my\u00f6s uudenlaista osaamista.<\/p>\n<p>Selvitys toteutettiin Parasta osaamista \u2013verkostohankkeessa mukana olevien koulutuksen j\u00e4rjest\u00e4jien ja ammatillisten opettajakorkeakoulujen yhteisty\u00f6n\u00e4. Siihen osallistui 1476 ammatillisen koulutuksen opetus- ja ohjaushenkil\u00f6st\u00f6n edustajaa, joiden lis\u00e4ksi kuultiin ty\u00f6el\u00e4m\u00e4n edustajien ja opiskelijoiden n\u00e4kemyksi\u00e4.<\/p>\n<p>Ammatillisen koulutuksen opetus- ja ohjaushenkil\u00f6st\u00f6n keskeisimmiksi osaamistarpeiksi nousivat:<\/p>\n<ol>\n<li>Henkil\u00f6kohtaisen osaamisen kehitt\u00e4missuunnitelman (HOKS) ohjaaminen<\/li>\n<li>Ty\u00f6el\u00e4m\u00e4-, verkosto- ja asiakkuusosaaminen<\/li>\n<li>Ohjausosaaminen<\/li>\n<li>Uudenlaiset oppimisen tavat ja mahdollisuudet<\/li>\n<li>Oman ty\u00f6n johtaminen ja kehitt\u00e4minen<\/li>\n<li>Koulutuksen j\u00e4rjest\u00e4j\u00e4n laadunhallinta<\/li>\n<\/ol>\n<p>Jotta opettaja voi p\u00e4\u00e4st\u00e4 ty\u00f6ss\u00e4\u00e4n ja toiminnassaan uudelle tasolle, h\u00e4nen on oltava rohkea kokeilija ja pedagogiikan uudistaja. T\u00e4m\u00e4n tueksi oppilaitoksissa tarvitaan vahvaa osaamisen johtamista, jotta jokainen opettaja p\u00e4\u00e4see kehitt\u00e4m\u00e4\u00e4n itselleen parasta osaamista, jolla ohjata opiskelijaa kohti oppimisen mahdollisuuksia.<\/p>\n<p><a href=\"https:\/\/blogit.gradia.fi\/parastatestia\/wp-content\/uploads\/sites\/20\/2018\/03\/Rohkeasti-uudistumaan-osaamistarveselvitysten-raportti-3.2018.pdf\" target=\"_blank\" rel=\"noopener\">Lataa\u00a0Rohkeasti uudistumaan! Opetus- ja ohjaushenkil\u00f6st\u00f6n osaamistarpeet -raportti t\u00e4st\u00e4<\/a><\/p>\n","protected":false},"excerpt":{"rendered":"<p>Opetus- ja ohjaushenkil\u00f6st\u00f6 tarvitsee tukea uudenlaisen osaamisidentiteetin rakentamiseen \u00a0Parasta osaamista \u2013verkostohankkeessa toteutetun osaamisvaatimusten ja -tarpeiden selvityksen mukaan ammatillisen koulutuksen opetus- ja ohjaushenkil\u00f6st\u00f6 tarvitsee rohkeutta ja vahvaa yhteis\u00f6\u00e4 muuttuvan opettajuuden ja ty\u00f6n laaja-alaistumisen tueksi. Ammatillinen&#46;&#46;&#46;<\/p>\n","protected":false},"author":178,"featured_media":0,"parent":0,"menu_order":0,"comment_status":"closed","ping_status":"closed","template":"","meta":{"_uag_custom_page_level_css":"","footnotes":""},"class_list":["post-245","page","type-page","status-publish","hentry"],"yoast_head":"<!-- This site is optimized with the Yoast SEO plugin v27.4 - https:\/\/yoast.com\/product\/yoast-seo-wordpress\/ -->\n<title>Osaamistarveselvitys - Raportti - Parasta osaamista<\/title>\n<meta name=\"robots\" content=\"index, follow, max-snippet:-1, max-image-preview:large, max-video-preview:-1\" \/>\n<link rel=\"canonical\" href=\"https:\/\/blogit.gradia.fi\/parasta_osaamista\/osaamistarveselvitys-raportti\/\" \/>\n<meta property=\"og:locale\" content=\"fi_FI\" \/>\n<meta property=\"og:type\" content=\"article\" \/>\n<meta property=\"og:title\" content=\"Osaamistarveselvitys - Raportti - Parasta osaamista\" \/>\n<meta property=\"og:description\" content=\"Opetus- ja ohjaushenkil\u00f6st\u00f6 tarvitsee tukea uudenlaisen osaamisidentiteetin rakentamiseen \u00a0Parasta osaamista \u2013verkostohankkeessa toteutetun osaamisvaatimusten ja -tarpeiden selvityksen mukaan ammatillisen koulutuksen opetus- ja ohjaushenkil\u00f6st\u00f6 tarvitsee rohkeutta ja vahvaa yhteis\u00f6\u00e4 muuttuvan opettajuuden ja ty\u00f6n laaja-alaistumisen tueksi. Ammatillinen&#046;&#046;&#046;\" \/>\n<meta property=\"og:url\" content=\"https:\/\/blogit.gradia.fi\/parasta_osaamista\/osaamistarveselvitys-raportti\/\" \/>\n<meta property=\"og:site_name\" content=\"Parasta osaamista\" \/>\n<meta property=\"article:publisher\" content=\"https:\/\/www.facebook.com\/POsaamista\/\" \/>\n<meta property=\"article:modified_time\" content=\"2018-04-16T05:48:15+00:00\" \/>\n<meta name=\"twitter:card\" content=\"summary_large_image\" \/>\n<meta name=\"twitter:site\" content=\"@Posaaja_\" \/>\n<meta name=\"twitter:label1\" content=\"Arvioitu lukuaika\" \/>\n\t<meta name=\"twitter:data1\" content=\"1 minuutti\" \/>\n<script type=\"application\/ld+json\" class=\"yoast-schema-graph\">{\"@context\":\"https:\\\/\\\/schema.org\",\"@graph\":[{\"@type\":\"WebPage\",\"@id\":\"https:\\\/\\\/blogit.gradia.fi\\\/parasta_osaamista\\\/osaamistarveselvitys-raportti\\\/\",\"url\":\"https:\\\/\\\/blogit.gradia.fi\\\/parasta_osaamista\\\/osaamistarveselvitys-raportti\\\/\",\"name\":\"Osaamistarveselvitys - Raportti - Parasta osaamista\",\"isPartOf\":{\"@id\":\"https:\\\/\\\/blogit.gradia.fi\\\/parasta_osaamista\\\/#website\"},\"datePublished\":\"2018-04-16T05:45:14+00:00\",\"dateModified\":\"2018-04-16T05:48:15+00:00\",\"inLanguage\":\"fi\",\"potentialAction\":[{\"@type\":\"ReadAction\",\"target\":[\"https:\\\/\\\/blogit.gradia.fi\\\/parasta_osaamista\\\/osaamistarveselvitys-raportti\\\/\"]}]},{\"@type\":\"WebSite\",\"@id\":\"https:\\\/\\\/blogit.gradia.fi\\\/parasta_osaamista\\\/#website\",\"url\":\"https:\\\/\\\/blogit.gradia.fi\\\/parasta_osaamista\\\/\",\"name\":\"Parasta osaamista\",\"description\":\"Parasta osaamista -verkostohanke\",\"publisher\":{\"@id\":\"https:\\\/\\\/blogit.gradia.fi\\\/parasta_osaamista\\\/#organization\"},\"potentialAction\":[{\"@type\":\"SearchAction\",\"target\":{\"@type\":\"EntryPoint\",\"urlTemplate\":\"https:\\\/\\\/blogit.gradia.fi\\\/parasta_osaamista\\\/?s={search_term_string}\"},\"query-input\":{\"@type\":\"PropertyValueSpecification\",\"valueRequired\":true,\"valueName\":\"search_term_string\"}}],\"inLanguage\":\"fi\"},{\"@type\":\"Organization\",\"@id\":\"https:\\\/\\\/blogit.gradia.fi\\\/parasta_osaamista\\\/#organization\",\"name\":\"Parasta osaamista -verkostohanke\",\"url\":\"https:\\\/\\\/blogit.gradia.fi\\\/parasta_osaamista\\\/\",\"logo\":{\"@type\":\"ImageObject\",\"inLanguage\":\"fi\",\"@id\":\"https:\\\/\\\/blogit.gradia.fi\\\/parasta_osaamista\\\/#\\\/schema\\\/logo\\\/image\\\/\",\"url\":\"https:\\\/\\\/blogit.gradia.fi\\\/parasta_osaamista\\\/wp-content\\\/uploads\\\/sites\\\/20\\\/2018\\\/02\\\/parasta_osaamista_logo.jpg\",\"contentUrl\":\"https:\\\/\\\/blogit.gradia.fi\\\/parasta_osaamista\\\/wp-content\\\/uploads\\\/sites\\\/20\\\/2018\\\/02\\\/parasta_osaamista_logo.jpg\",\"width\":344,\"height\":334,\"caption\":\"Parasta osaamista -verkostohanke\"},\"image\":{\"@id\":\"https:\\\/\\\/blogit.gradia.fi\\\/parasta_osaamista\\\/#\\\/schema\\\/logo\\\/image\\\/\"},\"sameAs\":[\"https:\\\/\\\/www.facebook.com\\\/POsaamista\\\/\",\"https:\\\/\\\/x.com\\\/Posaaja_\",\"https:\\\/\\\/www.instagram.com\\\/parastaosaamista\\\/\",\"https:\\\/\\\/www.youtube.com\\\/channel\\\/UC7hv9jw0R6lS_Fmz5L9TUPw\"]}]}<\/script>\n<!-- \/ Yoast SEO plugin. -->","yoast_head_json":{"title":"Osaamistarveselvitys - Raportti - Parasta osaamista","robots":{"index":"index","follow":"follow","max-snippet":"max-snippet:-1","max-image-preview":"max-image-preview:large","max-video-preview":"max-video-preview:-1"},"canonical":"https:\/\/blogit.gradia.fi\/parasta_osaamista\/osaamistarveselvitys-raportti\/","og_locale":"fi_FI","og_type":"article","og_title":"Osaamistarveselvitys - Raportti - Parasta osaamista","og_description":"Opetus- ja ohjaushenkil\u00f6st\u00f6 tarvitsee tukea uudenlaisen osaamisidentiteetin rakentamiseen \u00a0Parasta osaamista \u2013verkostohankkeessa toteutetun osaamisvaatimusten ja -tarpeiden selvityksen mukaan ammatillisen koulutuksen opetus- ja ohjaushenkil\u00f6st\u00f6 tarvitsee rohkeutta ja vahvaa yhteis\u00f6\u00e4 muuttuvan opettajuuden ja ty\u00f6n laaja-alaistumisen tueksi. Ammatillinen&#46;&#46;&#46;","og_url":"https:\/\/blogit.gradia.fi\/parasta_osaamista\/osaamistarveselvitys-raportti\/","og_site_name":"Parasta osaamista","article_publisher":"https:\/\/www.facebook.com\/POsaamista\/","article_modified_time":"2018-04-16T05:48:15+00:00","twitter_card":"summary_large_image","twitter_site":"@Posaaja_","twitter_misc":{"Arvioitu lukuaika":"1 minuutti"},"schema":{"@context":"https:\/\/schema.org","@graph":[{"@type":"WebPage","@id":"https:\/\/blogit.gradia.fi\/parasta_osaamista\/osaamistarveselvitys-raportti\/","url":"https:\/\/blogit.gradia.fi\/parasta_osaamista\/osaamistarveselvitys-raportti\/","name":"Osaamistarveselvitys - Raportti - Parasta osaamista","isPartOf":{"@id":"https:\/\/blogit.gradia.fi\/parasta_osaamista\/#website"},"datePublished":"2018-04-16T05:45:14+00:00","dateModified":"2018-04-16T05:48:15+00:00","inLanguage":"fi","potentialAction":[{"@type":"ReadAction","target":["https:\/\/blogit.gradia.fi\/parasta_osaamista\/osaamistarveselvitys-raportti\/"]}]},{"@type":"WebSite","@id":"https:\/\/blogit.gradia.fi\/parasta_osaamista\/#website","url":"https:\/\/blogit.gradia.fi\/parasta_osaamista\/","name":"Parasta osaamista","description":"Parasta osaamista -verkostohanke","publisher":{"@id":"https:\/\/blogit.gradia.fi\/parasta_osaamista\/#organization"},"potentialAction":[{"@type":"SearchAction","target":{"@type":"EntryPoint","urlTemplate":"https:\/\/blogit.gradia.fi\/parasta_osaamista\/?s={search_term_string}"},"query-input":{"@type":"PropertyValueSpecification","valueRequired":true,"valueName":"search_term_string"}}],"inLanguage":"fi"},{"@type":"Organization","@id":"https:\/\/blogit.gradia.fi\/parasta_osaamista\/#organization","name":"Parasta osaamista -verkostohanke","url":"https:\/\/blogit.gradia.fi\/parasta_osaamista\/","logo":{"@type":"ImageObject","inLanguage":"fi","@id":"https:\/\/blogit.gradia.fi\/parasta_osaamista\/#\/schema\/logo\/image\/","url":"https:\/\/blogit.gradia.fi\/parasta_osaamista\/wp-content\/uploads\/sites\/20\/2018\/02\/parasta_osaamista_logo.jpg","contentUrl":"https:\/\/blogit.gradia.fi\/parasta_osaamista\/wp-content\/uploads\/sites\/20\/2018\/02\/parasta_osaamista_logo.jpg","width":344,"height":334,"caption":"Parasta osaamista -verkostohanke"},"image":{"@id":"https:\/\/blogit.gradia.fi\/parasta_osaamista\/#\/schema\/logo\/image\/"},"sameAs":["https:\/\/www.facebook.com\/POsaamista\/","https:\/\/x.com\/Posaaja_","https:\/\/www.instagram.com\/parastaosaamista\/","https:\/\/www.youtube.com\/channel\/UC7hv9jw0R6lS_Fmz5L9TUPw"]}]}},"uagb_featured_image_src":{"full":false,"thumbnail":false,"medium":false,"medium_large":false,"large":false,"1536x1536":false,"2048x2048":false,"thumb-small":false,"thumb-standard":false,"thumb-medium":false,"thumb-large":false,"thumb-xlarge":false,"thumb-xxlarge":false},"uagb_author_info":{"display_name":"Sami Ahonen","author_link":"https:\/\/blogit.gradia.fi\/parasta_osaamista\/author\/ahonesam\/"},"uagb_comment_info":0,"uagb_excerpt":"Opetus- ja ohjaushenkil\u00f6st\u00f6 tarvitsee tukea uudenlaisen osaamisidentiteetin rakentamiseen \u00a0Parasta osaamista \u2013verkostohankkeessa toteutetun osaamisvaatimusten ja -tarpeiden selvityksen mukaan ammatillisen koulutuksen opetus- ja ohjaushenkil\u00f6st\u00f6 tarvitsee rohkeutta ja vahvaa yhteis\u00f6\u00e4 muuttuvan opettajuuden ja ty\u00f6n laaja-alaistumisen tueksi. Ammatillinen&#46;&#46;&#46;","_links":{"self":[{"href":"https:\/\/blogit.gradia.fi\/parasta_osaamista\/wp-json\/wp\/v2\/pages\/245","targetHints":{"allow":["GET"]}}],"collection":[{"href":"https:\/\/blogit.gradia.fi\/parasta_osaamista\/wp-json\/wp\/v2\/pages"}],"about":[{"href":"https:\/\/blogit.gradia.fi\/parasta_osaamista\/wp-json\/wp\/v2\/types\/page"}],"author":[{"embeddable":true,"href":"https:\/\/blogit.gradia.fi\/parasta_osaamista\/wp-json\/wp\/v2\/users\/178"}],"replies":[{"embeddable":true,"href":"https:\/\/blogit.gradia.fi\/parasta_osaamista\/wp-json\/wp\/v2\/comments?post=245"}],"version-history":[{"count":0,"href":"https:\/\/blogit.gradia.fi\/parasta_osaamista\/wp-json\/wp\/v2\/pages\/245\/revisions"}],"wp:attachment":[{"href":"https:\/\/blogit.gradia.fi\/parasta_osaamista\/wp-json\/wp\/v2\/media?parent=245"}],"curies":[{"name":"wp","href":"https:\/\/api.w.org\/{rel}","templated":true}]}}