{"id":23,"date":"2018-02-20T12:57:00","date_gmt":"2018-02-20T10:57:00","guid":{"rendered":"https:\/\/blogit.gradia.fi\/parastatestia\/?page_id=23"},"modified":"2018-04-11T13:34:15","modified_gmt":"2018-04-11T10:34:15","slug":"yhteistiedot","status":"publish","type":"page","link":"https:\/\/blogit.gradia.fi\/parasta_osaamista\/toimijat\/yhteistiedot\/","title":{"rendered":"Yhteystiedot"},"content":{"rendered":"<table style=\"height: 1654px\" width=\"1050\">\n<tbody>\n<tr>\n<td style=\"text-align: left\" colspan=\"2\" width=\"413\"><strong>Parasta osaamista &#8211; verkostohanketoimijat<\/strong><\/td>\n<td style=\"text-align: center\" width=\"218\"><\/td>\n<td style=\"text-align: left\" colspan=\"2\" width=\"303\">p\u00e4ivitetty 14.3.2018<\/td>\n<\/tr>\n<tr>\n<td width=\"229\"><strong>Yhteisty\u00f6kumppani<\/strong><\/td>\n<td width=\"184\"><strong>Yhteyshenkil\u00f6<\/strong><\/td>\n<td><strong>Nimike<\/strong><\/td>\n<td width=\"198\"><strong>S\u00e4hk\u00f6posti<\/strong><\/td>\n<td><strong>Puhelin<\/strong><\/td>\n<\/tr>\n<tr>\n<td width=\"229\"><strong>Koordinaattori<\/strong><\/td>\n<td width=\"184\"><strong>\u00a0<\/strong><\/td>\n<td><strong>\u00a0<\/strong><\/td>\n<td width=\"198\"><strong>\u00a0<\/strong><\/td>\n<td><strong>\u00a0<\/strong><\/td>\n<\/tr>\n<tr>\n<td width=\"229\">Jyv\u00e4skyl\u00e4n koulutuskuntayhtym\u00e4 Gradia<\/td>\n<td width=\"184\">Tolonen Pia<\/td>\n<td style=\"text-align: center\">projektip\u00e4\u00e4llikk\u00f6<\/td>\n<td width=\"198\">pia.tolonen(at) gradia.fi<\/td>\n<td>040 341 5844<\/td>\n<\/tr>\n<tr>\n<td style=\"text-align: center\" colspan=\"5\"><strong>Ammatillisen koulutuksen j\u00e4rjest\u00e4j\u00e4t:<\/strong><\/td>\n<\/tr>\n<tr>\n<td width=\"229\">Sein\u00e4joen koulutuskuntayhtym\u00e4 Sedu<\/td>\n<td width=\"184\">Kurunsaari Marja-Terttu<\/td>\n<td width=\"218\">kehitt\u00e4misjohtaja<\/td>\n<td width=\"198\">marja-terttu.kurunsaari(at) sedu.fi<\/td>\n<td>040 868 0814<\/td>\n<\/tr>\n<tr>\n<td width=\"229\">L\u00e4nsirannikon Koulutus Oy WinNova<\/td>\n<td width=\"184\">Vaahtio Anne<\/td>\n<td width=\"218\">hanke- ja kansainv\u00e4lisen toiminnan p\u00e4\u00e4llikk\u00f6<\/td>\n<td width=\"198\">Anne.Vaahtio(at) winnova.fi<\/td>\n<td>044 455 8279<\/td>\n<\/tr>\n<tr>\n<td width=\"229\">Espoon seudun koulutuskuntayhtym\u00e4 Omnia<\/td>\n<td width=\"184\">Aho Jarmo<\/td>\n<td width=\"218\">projektip\u00e4\u00e4llikk\u00f6<\/td>\n<td width=\"198\">jarmo.aho(at)omnia.fi<\/td>\n<td>040\u00a0126 7573<\/td>\n<\/tr>\n<tr>\n<td width=\"229\">Kemi-Tornionlaakson koulutuskuntayhtym\u00e4 Lappia<\/td>\n<td width=\"184\">Palokangas Tuomo<\/td>\n<td width=\"218\">innovaatiojohtaja<\/td>\n<td width=\"198\">tuomo.palokangas(at)lappia.fi<\/td>\n<td>050 359 8406<\/td>\n<\/tr>\n<tr>\n<td width=\"229\">Kemi-Tornionlaakson koulutuskuntayhtym\u00e4 Lappia<\/td>\n<td width=\"184\">Salmi Satu-Maria<\/td>\n<td width=\"218\">projektikoordinaattori<\/td>\n<td width=\"198\">Satu-Maria.Salmi(at)lappia.fi<\/td>\n<td>040 090 8428<\/td>\n<\/tr>\n<tr>\n<td width=\"229\">Pohjois-Karjalan koulutuskuntayhtym\u00e4 Riveria<\/td>\n<td width=\"184\">Sallinen Kristiina<\/td>\n<td width=\"218\">hankeasiantuntija<\/td>\n<td width=\"198\">kristiina.sallinen(at)riveria.fi<\/td>\n<td>050 310 0745<\/td>\n<\/tr>\n<tr>\n<td width=\"229\">Pohjois-Karjalan koulutuskuntayhtym\u00e4 Riveria<\/td>\n<td width=\"184\">Homanen Jaana<\/td>\n<td width=\"218\">henkil\u00f6st\u00f6nkehitt\u00e4misp\u00e4\u00e4llikk\u00f6<\/td>\n<td width=\"198\">jaana.homanen(at)riveria.fi<\/td>\n<td>050 365 5604<\/td>\n<\/tr>\n<tr>\n<td width=\"229\">Tampereen seudun ammattiopisto, Tredu (Tampereen kaupunki)<\/td>\n<td width=\"184\">Nousiainen Anne<\/td>\n<td width=\"218\">Hankep\u00e4\u00e4llikk\u00f6<\/td>\n<td width=\"198\">anne.nousiainen(at)tampere.fi<\/td>\n<td>040 801 6995<\/td>\n<\/tr>\n<tr>\n<td width=\"229\">Tampereen seudun ammattiopisto Tredu (Tampereen kaupunki)<\/td>\n<td width=\"184\">Kauma Tiina<\/td>\n<td width=\"218\">kehitt\u00e4misp\u00e4\u00e4llikk\u00f6<\/td>\n<td width=\"198\">tiina.kauma(at)tampere.fi<\/td>\n<td>050 577 0461<\/td>\n<\/tr>\n<tr>\n<td width=\"229\">Ammattiopisto Spesia<\/td>\n<td width=\"184\">J\u00e4ntti Marja<\/td>\n<td width=\"218\">kehitt\u00e4misjohtaja<\/td>\n<td width=\"198\">marja.jantti(at)spesia.fi<\/td>\n<td>040 900 4027<\/td>\n<\/tr>\n<tr>\n<td width=\"229\">Ammattiopisto Spesia<\/td>\n<td width=\"184\">Hintsala Rita<\/td>\n<td width=\"218\">projektip\u00e4\u00e4llikk\u00f6<\/td>\n<td width=\"198\">rita.hintsala(at)spesia.fi<\/td>\n<td>044 765 1311<\/td>\n<\/tr>\n<tr>\n<td width=\"229\">Yrkesakademin i \u00d6sterbotten<\/td>\n<td width=\"184\">Holmlund-Norr\u00e9n \u00a0Christel<\/td>\n<td width=\"218\">utbildare, projektplanerare<\/td>\n<td width=\"198\">christel.holmlund-norren(at)yrkesakademin.fi<\/td>\n<td>050 590 6278<\/td>\n<\/tr>\n<tr>\n<td width=\"229\">Yrkesakademin i \u00d6sterbotten<\/td>\n<td width=\"184\">Heimdahl Kenneth<\/td>\n<td width=\"218\">utvecklingschef<\/td>\n<td width=\"198\">kenneth.heimdahl(at)yrkesakademin.fi<\/td>\n<td>050 552 3539<\/td>\n<\/tr>\n<tr>\n<td width=\"229\">Koulutuskeskus Salpaus<\/td>\n<td width=\"184\">Raatikainen Sannakaisa<\/td>\n<td width=\"218\">kehitt\u00e4miskoordinaattori<\/td>\n<td width=\"198\">sannakaisa.raatikainen(at)salpaus.fi<\/td>\n<td>050\u00a0387 1953<\/td>\n<\/tr>\n<tr>\n<td colspan=\"5\"><strong>Ammatilliset opettajakorkeakoulut:<\/strong><\/td>\n<\/tr>\n<tr>\n<td width=\"229\">Jyv\u00e4skyl\u00e4n ammattikorkeakoulu, Ammatillinen opettajakorkeakoulu<\/td>\n<td width=\"184\">Kalavainen Jari<\/td>\n<td width=\"218\">koulutusp\u00e4\u00e4llikk\u00f6<\/td>\n<td width=\"198\">jari.kalavainen(at)jamk.fi<\/td>\n<td>040 088 9955<\/td>\n<\/tr>\n<tr>\n<td width=\"229\">Haaga-Helia ammattikorkeakoulu, Ammatillinen opettajakorkeakoulu<\/td>\n<td width=\"184\">Paukkonen Jutta<\/td>\n<td width=\"218\">t\u00e4ydennyskoulutuksen p\u00e4\u00e4llikk\u00f6<\/td>\n<td width=\"198\">jutta.paukkonen(at)haaga-helia.fi<\/td>\n<td>040 488 7003<\/td>\n<\/tr>\n<tr>\n<td width=\"229\">Haaga-Helia ammattikorkeakoulu, Ammatillinen opettajakorkeakoulu<\/td>\n<td width=\"184\">Saranp\u00e4\u00e4 Mika<\/td>\n<td width=\"218\">koulutusp\u00e4\u00e4llikk\u00f6<\/td>\n<td width=\"198\">mika.saranpaa(at)haaga-helia.fi<\/td>\n<td>040 488 7409<\/td>\n<\/tr>\n<tr>\n<td width=\"229\">H\u00e4meen ammattikorkeakoulu, Ammatillinen opettajakorkeakoulu<\/td>\n<td width=\"184\">Inget Esa<\/td>\n<td width=\"218\">t\u00e4ydennyskoulutusp\u00e4\u00e4llikk\u00f6<\/td>\n<td width=\"198\">Esa.Inget(at)hamk.fi<\/td>\n<td>040 587 9886<\/td>\n<\/tr>\n<tr>\n<td width=\"229\">H\u00e4meen ammattikorkeakoulu, Ammatillinen opettajakorkeakoulu<\/td>\n<td width=\"184\">Soili Rinne<\/td>\n<td width=\"218\">projektip\u00e4\u00e4llikk\u00f6<\/td>\n<td width=\"198\">soili.rinne(at)hamk.fi<\/td>\n<td>050\u00a0466 5539<\/td>\n<\/tr>\n<tr>\n<td width=\"229\">Oulun ammattikorkeakoulu, Ammatillinen opettajakorkeakoulu<\/td>\n<td width=\"184\">Kotim\u00e4ki Erja<\/td>\n<td width=\"218\">lehtori<\/td>\n<td width=\"198\">\u00a0erja.kotimaki(at)oamk.fi<\/td>\n<td>050 588 4871<\/td>\n<\/tr>\n<tr>\n<td style=\"text-align: center\" width=\"229\">Tampereen ammattikorkeakoulu, Ammatillinen opettajakorkeakoulu<\/td>\n<td style=\"text-align: center\" width=\"184\">Ilola Hanna<\/td>\n<td style=\"text-align: center\" width=\"218\">tutkimus- ja kehitt\u00e4misp\u00e4\u00e4llikk\u00f6<\/td>\n<td style=\"text-align: center\" width=\"198\">hanna.ilola(at)tamk.fi<\/td>\n<td style=\"text-align: center\">040 026 3675<\/td>\n<\/tr>\n<\/tbody>\n<\/table>\n","protected":false},"excerpt":{"rendered":"<p>Parasta osaamista &#8211; verkostohanketoimijat p\u00e4ivitetty 14.3.2018 Yhteisty\u00f6kumppani Yhteyshenkil\u00f6 Nimike S\u00e4hk\u00f6posti Puhelin Koordinaattori \u00a0 \u00a0 \u00a0 \u00a0 Jyv\u00e4skyl\u00e4n koulutuskuntayhtym\u00e4 Gradia Tolonen Pia projektip\u00e4\u00e4llikk\u00f6 pia.tolonen(at) gradia.fi 040 341 5844 Ammatillisen koulutuksen j\u00e4rjest\u00e4j\u00e4t: Sein\u00e4joen koulutuskuntayhtym\u00e4 Sedu Kurunsaari&#46;&#46;&#46;<\/p>\n","protected":false},"author":180,"featured_media":0,"parent":154,"menu_order":0,"comment_status":"closed","ping_status":"closed","template":"page-templates\/child-menu.php","meta":{"_uag_custom_page_level_css":"","footnotes":""},"class_list":["post-23","page","type-page","status-publish","hentry"],"yoast_head":"<!-- This site is optimized with the Yoast SEO plugin v27.4 - https:\/\/yoast.com\/product\/yoast-seo-wordpress\/ -->\n<title>Yhteystiedot - Parasta osaamista<\/title>\n<meta name=\"robots\" content=\"index, follow, max-snippet:-1, max-image-preview:large, max-video-preview:-1\" \/>\n<link rel=\"canonical\" href=\"https:\/\/blogit.gradia.fi\/parasta_osaamista\/toimijat\/yhteistiedot\/\" \/>\n<meta property=\"og:locale\" content=\"fi_FI\" \/>\n<meta property=\"og:type\" content=\"article\" \/>\n<meta property=\"og:title\" content=\"Yhteystiedot - Parasta osaamista\" \/>\n<meta property=\"og:description\" content=\"Parasta osaamista &#8211; verkostohanketoimijat p\u00e4ivitetty 14.3.2018 Yhteisty\u00f6kumppani Yhteyshenkil\u00f6 Nimike S\u00e4hk\u00f6posti Puhelin Koordinaattori \u00a0 \u00a0 \u00a0 \u00a0 Jyv\u00e4skyl\u00e4n koulutuskuntayhtym\u00e4 Gradia Tolonen Pia projektip\u00e4\u00e4llikk\u00f6 pia.tolonen(at) gradia.fi 040 341 5844 Ammatillisen koulutuksen j\u00e4rjest\u00e4j\u00e4t: Sein\u00e4joen koulutuskuntayhtym\u00e4 Sedu Kurunsaari&#046;&#046;&#046;\" \/>\n<meta property=\"og:url\" content=\"https:\/\/blogit.gradia.fi\/parasta_osaamista\/toimijat\/yhteistiedot\/\" \/>\n<meta property=\"og:site_name\" content=\"Parasta osaamista\" \/>\n<meta property=\"article:publisher\" content=\"https:\/\/www.facebook.com\/POsaamista\/\" \/>\n<meta property=\"article:modified_time\" content=\"2018-04-11T10:34:15+00:00\" \/>\n<meta name=\"twitter:card\" content=\"summary_large_image\" \/>\n<meta name=\"twitter:site\" content=\"@Posaaja_\" \/>\n<meta name=\"twitter:label1\" content=\"Arvioitu lukuaika\" \/>\n\t<meta name=\"twitter:data1\" content=\"2 minuuttia\" \/>\n<script type=\"application\/ld+json\" class=\"yoast-schema-graph\">{\"@context\":\"https:\\\/\\\/schema.org\",\"@graph\":[{\"@type\":\"WebPage\",\"@id\":\"https:\\\/\\\/blogit.gradia.fi\\\/parasta_osaamista\\\/toimijat\\\/yhteistiedot\\\/\",\"url\":\"https:\\\/\\\/blogit.gradia.fi\\\/parasta_osaamista\\\/toimijat\\\/yhteistiedot\\\/\",\"name\":\"Yhteystiedot - Parasta osaamista\",\"isPartOf\":{\"@id\":\"https:\\\/\\\/blogit.gradia.fi\\\/parasta_osaamista\\\/#website\"},\"datePublished\":\"2018-02-20T10:57:00+00:00\",\"dateModified\":\"2018-04-11T10:34:15+00:00\",\"breadcrumb\":{\"@id\":\"https:\\\/\\\/blogit.gradia.fi\\\/parasta_osaamista\\\/toimijat\\\/yhteistiedot\\\/#breadcrumb\"},\"inLanguage\":\"fi\",\"potentialAction\":[{\"@type\":\"ReadAction\",\"target\":[\"https:\\\/\\\/blogit.gradia.fi\\\/parasta_osaamista\\\/toimijat\\\/yhteistiedot\\\/\"]}]},{\"@type\":\"BreadcrumbList\",\"@id\":\"https:\\\/\\\/blogit.gradia.fi\\\/parasta_osaamista\\\/toimijat\\\/yhteistiedot\\\/#breadcrumb\",\"itemListElement\":[{\"@type\":\"ListItem\",\"position\":1,\"name\":\"Toimijat\",\"item\":\"https:\\\/\\\/blogit.gradia.fi\\\/parasta_osaamista\\\/toimijat\\\/\"},{\"@type\":\"ListItem\",\"position\":2,\"name\":\"Yhteystiedot\"}]},{\"@type\":\"WebSite\",\"@id\":\"https:\\\/\\\/blogit.gradia.fi\\\/parasta_osaamista\\\/#website\",\"url\":\"https:\\\/\\\/blogit.gradia.fi\\\/parasta_osaamista\\\/\",\"name\":\"Parasta osaamista\",\"description\":\"Parasta osaamista -verkostohanke\",\"publisher\":{\"@id\":\"https:\\\/\\\/blogit.gradia.fi\\\/parasta_osaamista\\\/#organization\"},\"potentialAction\":[{\"@type\":\"SearchAction\",\"target\":{\"@type\":\"EntryPoint\",\"urlTemplate\":\"https:\\\/\\\/blogit.gradia.fi\\\/parasta_osaamista\\\/?s={search_term_string}\"},\"query-input\":{\"@type\":\"PropertyValueSpecification\",\"valueRequired\":true,\"valueName\":\"search_term_string\"}}],\"inLanguage\":\"fi\"},{\"@type\":\"Organization\",\"@id\":\"https:\\\/\\\/blogit.gradia.fi\\\/parasta_osaamista\\\/#organization\",\"name\":\"Parasta osaamista -verkostohanke\",\"url\":\"https:\\\/\\\/blogit.gradia.fi\\\/parasta_osaamista\\\/\",\"logo\":{\"@type\":\"ImageObject\",\"inLanguage\":\"fi\",\"@id\":\"https:\\\/\\\/blogit.gradia.fi\\\/parasta_osaamista\\\/#\\\/schema\\\/logo\\\/image\\\/\",\"url\":\"https:\\\/\\\/blogit.gradia.fi\\\/parasta_osaamista\\\/wp-content\\\/uploads\\\/sites\\\/20\\\/2018\\\/02\\\/parasta_osaamista_logo.jpg\",\"contentUrl\":\"https:\\\/\\\/blogit.gradia.fi\\\/parasta_osaamista\\\/wp-content\\\/uploads\\\/sites\\\/20\\\/2018\\\/02\\\/parasta_osaamista_logo.jpg\",\"width\":344,\"height\":334,\"caption\":\"Parasta osaamista -verkostohanke\"},\"image\":{\"@id\":\"https:\\\/\\\/blogit.gradia.fi\\\/parasta_osaamista\\\/#\\\/schema\\\/logo\\\/image\\\/\"},\"sameAs\":[\"https:\\\/\\\/www.facebook.com\\\/POsaamista\\\/\",\"https:\\\/\\\/x.com\\\/Posaaja_\",\"https:\\\/\\\/www.instagram.com\\\/parastaosaamista\\\/\",\"https:\\\/\\\/www.youtube.com\\\/channel\\\/UC7hv9jw0R6lS_Fmz5L9TUPw\"]}]}<\/script>\n<!-- \/ Yoast SEO plugin. -->","yoast_head_json":{"title":"Yhteystiedot - Parasta osaamista","robots":{"index":"index","follow":"follow","max-snippet":"max-snippet:-1","max-image-preview":"max-image-preview:large","max-video-preview":"max-video-preview:-1"},"canonical":"https:\/\/blogit.gradia.fi\/parasta_osaamista\/toimijat\/yhteistiedot\/","og_locale":"fi_FI","og_type":"article","og_title":"Yhteystiedot - Parasta osaamista","og_description":"Parasta osaamista &#8211; verkostohanketoimijat p\u00e4ivitetty 14.3.2018 Yhteisty\u00f6kumppani Yhteyshenkil\u00f6 Nimike S\u00e4hk\u00f6posti Puhelin Koordinaattori \u00a0 \u00a0 \u00a0 \u00a0 Jyv\u00e4skyl\u00e4n koulutuskuntayhtym\u00e4 Gradia Tolonen Pia projektip\u00e4\u00e4llikk\u00f6 pia.tolonen(at) gradia.fi 040 341 5844 Ammatillisen koulutuksen j\u00e4rjest\u00e4j\u00e4t: Sein\u00e4joen koulutuskuntayhtym\u00e4 Sedu Kurunsaari&#46;&#46;&#46;","og_url":"https:\/\/blogit.gradia.fi\/parasta_osaamista\/toimijat\/yhteistiedot\/","og_site_name":"Parasta osaamista","article_publisher":"https:\/\/www.facebook.com\/POsaamista\/","article_modified_time":"2018-04-11T10:34:15+00:00","twitter_card":"summary_large_image","twitter_site":"@Posaaja_","twitter_misc":{"Arvioitu lukuaika":"2 minuuttia"},"schema":{"@context":"https:\/\/schema.org","@graph":[{"@type":"WebPage","@id":"https:\/\/blogit.gradia.fi\/parasta_osaamista\/toimijat\/yhteistiedot\/","url":"https:\/\/blogit.gradia.fi\/parasta_osaamista\/toimijat\/yhteistiedot\/","name":"Yhteystiedot - Parasta osaamista","isPartOf":{"@id":"https:\/\/blogit.gradia.fi\/parasta_osaamista\/#website"},"datePublished":"2018-02-20T10:57:00+00:00","dateModified":"2018-04-11T10:34:15+00:00","breadcrumb":{"@id":"https:\/\/blogit.gradia.fi\/parasta_osaamista\/toimijat\/yhteistiedot\/#breadcrumb"},"inLanguage":"fi","potentialAction":[{"@type":"ReadAction","target":["https:\/\/blogit.gradia.fi\/parasta_osaamista\/toimijat\/yhteistiedot\/"]}]},{"@type":"BreadcrumbList","@id":"https:\/\/blogit.gradia.fi\/parasta_osaamista\/toimijat\/yhteistiedot\/#breadcrumb","itemListElement":[{"@type":"ListItem","position":1,"name":"Toimijat","item":"https:\/\/blogit.gradia.fi\/parasta_osaamista\/toimijat\/"},{"@type":"ListItem","position":2,"name":"Yhteystiedot"}]},{"@type":"WebSite","@id":"https:\/\/blogit.gradia.fi\/parasta_osaamista\/#website","url":"https:\/\/blogit.gradia.fi\/parasta_osaamista\/","name":"Parasta osaamista","description":"Parasta osaamista -verkostohanke","publisher":{"@id":"https:\/\/blogit.gradia.fi\/parasta_osaamista\/#organization"},"potentialAction":[{"@type":"SearchAction","target":{"@type":"EntryPoint","urlTemplate":"https:\/\/blogit.gradia.fi\/parasta_osaamista\/?s={search_term_string}"},"query-input":{"@type":"PropertyValueSpecification","valueRequired":true,"valueName":"search_term_string"}}],"inLanguage":"fi"},{"@type":"Organization","@id":"https:\/\/blogit.gradia.fi\/parasta_osaamista\/#organization","name":"Parasta osaamista -verkostohanke","url":"https:\/\/blogit.gradia.fi\/parasta_osaamista\/","logo":{"@type":"ImageObject","inLanguage":"fi","@id":"https:\/\/blogit.gradia.fi\/parasta_osaamista\/#\/schema\/logo\/image\/","url":"https:\/\/blogit.gradia.fi\/parasta_osaamista\/wp-content\/uploads\/sites\/20\/2018\/02\/parasta_osaamista_logo.jpg","contentUrl":"https:\/\/blogit.gradia.fi\/parasta_osaamista\/wp-content\/uploads\/sites\/20\/2018\/02\/parasta_osaamista_logo.jpg","width":344,"height":334,"caption":"Parasta osaamista -verkostohanke"},"image":{"@id":"https:\/\/blogit.gradia.fi\/parasta_osaamista\/#\/schema\/logo\/image\/"},"sameAs":["https:\/\/www.facebook.com\/POsaamista\/","https:\/\/x.com\/Posaaja_","https:\/\/www.instagram.com\/parastaosaamista\/","https:\/\/www.youtube.com\/channel\/UC7hv9jw0R6lS_Fmz5L9TUPw"]}]}},"uagb_featured_image_src":{"full":false,"thumbnail":false,"medium":false,"medium_large":false,"large":false,"1536x1536":false,"2048x2048":false,"thumb-small":false,"thumb-standard":false,"thumb-medium":false,"thumb-large":false,"thumb-xlarge":false,"thumb-xxlarge":false},"uagb_author_info":{"display_name":"Katriina Turunen","author_link":"https:\/\/blogit.gradia.fi\/parasta_osaamista\/author\/huttukat\/"},"uagb_comment_info":0,"uagb_excerpt":"Parasta osaamista &#8211; verkostohanketoimijat p\u00e4ivitetty 14.3.2018 Yhteisty\u00f6kumppani Yhteyshenkil\u00f6 Nimike S\u00e4hk\u00f6posti Puhelin Koordinaattori \u00a0 \u00a0 \u00a0 \u00a0 Jyv\u00e4skyl\u00e4n koulutuskuntayhtym\u00e4 Gradia Tolonen Pia projektip\u00e4\u00e4llikk\u00f6 pia.tolonen(at) gradia.fi 040 341 5844 Ammatillisen koulutuksen j\u00e4rjest\u00e4j\u00e4t: Sein\u00e4joen koulutuskuntayhtym\u00e4 Sedu Kurunsaari&#46;&#46;&#46;","_links":{"self":[{"href":"https:\/\/blogit.gradia.fi\/parasta_osaamista\/wp-json\/wp\/v2\/pages\/23","targetHints":{"allow":["GET"]}}],"collection":[{"href":"https:\/\/blogit.gradia.fi\/parasta_osaamista\/wp-json\/wp\/v2\/pages"}],"about":[{"href":"https:\/\/blogit.gradia.fi\/parasta_osaamista\/wp-json\/wp\/v2\/types\/page"}],"author":[{"embeddable":true,"href":"https:\/\/blogit.gradia.fi\/parasta_osaamista\/wp-json\/wp\/v2\/users\/180"}],"replies":[{"embeddable":true,"href":"https:\/\/blogit.gradia.fi\/parasta_osaamista\/wp-json\/wp\/v2\/comments?post=23"}],"version-history":[{"count":0,"href":"https:\/\/blogit.gradia.fi\/parasta_osaamista\/wp-json\/wp\/v2\/pages\/23\/revisions"}],"up":[{"embeddable":true,"href":"https:\/\/blogit.gradia.fi\/parasta_osaamista\/wp-json\/wp\/v2\/pages\/154"}],"wp:attachment":[{"href":"https:\/\/blogit.gradia.fi\/parasta_osaamista\/wp-json\/wp\/v2\/media?parent=23"}],"curies":[{"name":"wp","href":"https:\/\/api.w.org\/{rel}","templated":true}]}}