{"id":2,"date":"2018-02-16T10:41:41","date_gmt":"2018-02-16T08:41:41","guid":{"rendered":"https:\/\/blogit.gradia.fi\/parastatestia\/?page_id=2"},"modified":"2019-11-15T10:46:05","modified_gmt":"2019-11-15T08:46:05","slug":"esimerkkisivu","status":"publish","type":"page","link":"https:\/\/blogit.gradia.fi\/parasta_osaamista\/","title":{"rendered":"Tervetuloa Parasta osaamista -verkostohankkeen sivuille!"},"content":{"rendered":"\n<figure class=\"wp-block-embed-youtube wp-block-embed is-type-video is-provider-youtube wp-embed-aspect-16-9 wp-has-aspect-ratio\"><div class=\"wp-block-embed__wrapper\">\n<div class=\"video-container\"><iframe loading=\"lazy\" title=\"(Tekstitetty) Parasta osaamista: Ammatillinen koulutus uudistuu\" width=\"500\" height=\"281\" src=\"https:\/\/www.youtube.com\/embed\/zpgOY_-7Za0?feature=oembed&#038;wmode=opaque\" frameborder=\"0\" allow=\"accelerometer; autoplay; clipboard-write; encrypted-media; gyroscope; picture-in-picture; web-share\" referrerpolicy=\"strict-origin-when-cross-origin\" allowfullscreen><\/iframe><\/div>\n<\/div><\/figure>\n\n\n<p>Parasta osaamista on valtakunnallinen verkostohanke, joka edist\u00e4\u00e4 ammatillisen koulutuksen uudistumista sen kohderyhm\u00e4n ollessa opetus- ja ohjaushenkil\u00f6st\u00f6.<\/p>\n<p>Verkostossa toimii kymmenen koulutuksen j\u00e4rjest\u00e4j\u00e4\u00e4 sek\u00e4 viisi ammatillista opettajakorkeakoulua. Verkostohankkeen tavoitteena on ammatillisen koulutuksen opetus- ja ohjaushenkil\u00f6st\u00f6n tukeminen ja osaamisen kehitt\u00e4minen muuttuvassa toimintaymp\u00e4rist\u00f6ss\u00e4 erilaisten toimintamallien ja menetelmien avulla \u2013 ensin kokeillen ja sitten parantaen.<\/p>\n<p>Tule kanssamme rohkeasti uudistumaan ja hy\u00f6dynn\u00e4 tuottamiamme aineistoja ja materiaaleja sek\u00e4 osallistu muutosta ja kehityst\u00e4 tukeviin koulutuksiin!<\/p>\n<p>Parasta osaamista materiaalia l\u00f6yd\u00e4t alla olevista linkeist\u00e4:<\/p>\n<ul>\n<li><a href=\"https:\/\/blogit.gradia.fi\/parasta_osaamista\/tyoelamassa-oppimisen-muistilistat\/\" target=\"_blank\" rel=\"noopener noreferrer\">Ty\u00f6el\u00e4m\u00e4ss\u00e4 oppimisen muistilistat<\/a><\/li>\n<li><a href=\"https:\/\/blogit.gradia.fi\/parasta_osaamista\/osaamisen-arviointioppaat\/\" target=\"_blank\" rel=\"noopener noreferrer\">Osaamisen arviointioppaat <\/a><\/li>\n<li><a href=\"https:\/\/blogit.gradia.fi\/parasta_osaamista\/toimintamallit-ja-materiaalit\/perehdytys\/\" target=\"_blank\" rel=\"noopener noreferrer\">Ty\u00f6paikkaohjaajan perehdytt\u00e4misen tarkistuslista<\/a><\/li>\n<li><a href=\"https:\/\/blogit.gradia.fi\/parasta_osaamista\/toimintamallit-ja-materiaalit\/rohkesti-uudistumaan-tuotekuvasto\/\" target=\"_blank\" rel=\"noopener noreferrer\">Parasta osaamista toimintamallit materiaalit l\u00f6ytyv\u00e4t koottuna my\u00f6s tuotekuvastostamme<\/a><\/li>\n<li><a href=\"https:\/\/blogit.gradia.fi\/parasta_osaamista\/events\/\" target=\"_blank\" rel=\"noopener noreferrer\">Tutustu lis\u00e4ksi ammatillisten opettajakorkeakoulujen j\u00e4rjest\u00e4miin koulutuksiimme<\/a><\/li>\n<li><a href=\"https:\/\/blogit.gradia.fi\/parasta_osaamista\/webinaarit\/\" target=\"_blank\" rel=\"noopener noreferrer\">niist\u00e4 tehtyihin webinaareihin ja materiaaleihin<\/a>.<\/li>\n<li><a href=\"http:\/\/bit.ly\/HOKS_kysymykset\">HOKS-osaamisen kysymyspatteristo<\/a><\/li>\n<\/ul>\n<p>Hankkeen toimijoiden yhteystiedot l\u00f6yd\u00e4t <a href=\"https:\/\/blogit.gradia.fi\/parasta_osaamista\/toimijoiden-yhteystiedot\/\" target=\"_blank\" rel=\"noopener noreferrer\">t\u00e4\u00e4lt\u00e4<\/a>.<\/p>\n<p><strong>Verkostohanketta rahoittaa ja ohjaa:<\/strong><\/p>\n<p><img loading=\"lazy\" decoding=\"async\" class=\"wp-image-135 alignnone\" src=\"https:\/\/blogit.gradia.fi\/parastatestia\/wp-content\/uploads\/sites\/20\/2018\/02\/181404_oph_rahoittaa_rgb-300x290.png\" alt=\"\" width=\"174\" height=\"168\" srcset=\"https:\/\/blogit.gradia.fi\/parasta_osaamista\/wp-content\/uploads\/sites\/20\/2018\/02\/181404_oph_rahoittaa_rgb-300x290.png 300w, https:\/\/blogit.gradia.fi\/parasta_osaamista\/wp-content\/uploads\/sites\/20\/2018\/02\/181404_oph_rahoittaa_rgb.png 360w\" sizes=\"auto, (max-width: 174px) 100vw, 174px\" \/>\u00a0 \u00a0 \u00a0 \u00a0 \u00a0 \u00a0 \u00a0 \u00a0 <img loading=\"lazy\" decoding=\"async\" class=\"alignnone size-medium wp-image-3353\" src=\"https:\/\/blogit.gradia.fi\/parasta_osaamista\/wp-content\/uploads\/sites\/20\/2019\/11\/OKM_FI-300x76.jpg\" alt=\"\" width=\"300\" height=\"76\" srcset=\"https:\/\/blogit.gradia.fi\/parasta_osaamista\/wp-content\/uploads\/sites\/20\/2019\/11\/OKM_FI-300x76.jpg 300w, https:\/\/blogit.gradia.fi\/parasta_osaamista\/wp-content\/uploads\/sites\/20\/2019\/11\/OKM_FI-768x194.jpg 768w, https:\/\/blogit.gradia.fi\/parasta_osaamista\/wp-content\/uploads\/sites\/20\/2019\/11\/OKM_FI-1024x258.jpg 1024w, https:\/\/blogit.gradia.fi\/parasta_osaamista\/wp-content\/uploads\/sites\/20\/2019\/11\/OKM_FI.jpg 1030w\" sizes=\"auto, (max-width: 300px) 100vw, 300px\" \/><\/p>","protected":false},"excerpt":{"rendered":"<p>Parasta osaamista on valtakunnallinen verkostohanke, joka edist\u00e4\u00e4 ammatillisen koulutuksen uudistumista sen kohderyhm\u00e4n ollessa opetus- ja ohjaushenkil\u00f6st\u00f6. Verkostossa toimii kymmenen koulutuksen j\u00e4rjest\u00e4j\u00e4\u00e4 sek\u00e4 viisi ammatillista opettajakorkeakoulua. Verkostohankkeen tavoitteena on ammatillisen koulutuksen opetus- ja ohjaushenkil\u00f6st\u00f6n tukeminen&#46;&#46;&#46;<\/p>\n","protected":false},"author":180,"featured_media":0,"parent":0,"menu_order":0,"comment_status":"closed","ping_status":"open","template":"","meta":{"_uag_custom_page_level_css":"","footnotes":""},"class_list":["post-2","page","type-page","status-publish","hentry"],"yoast_head":"<!-- This site is optimized with the Yoast SEO plugin v27.4 - https:\/\/yoast.com\/product\/yoast-seo-wordpress\/ -->\n<title>Tervetuloa Parasta osaamista -verkostohankkeen sivuille! - Parasta osaamista<\/title>\n<meta name=\"robots\" content=\"index, follow, max-snippet:-1, max-image-preview:large, max-video-preview:-1\" \/>\n<link rel=\"canonical\" href=\"https:\/\/blogit.gradia.fi\/parasta_osaamista\/\" \/>\n<meta property=\"og:locale\" content=\"fi_FI\" \/>\n<meta property=\"og:type\" content=\"article\" \/>\n<meta property=\"og:title\" content=\"Tervetuloa Parasta osaamista -verkostohankkeen sivuille! - Parasta osaamista\" \/>\n<meta property=\"og:description\" content=\"Parasta osaamista on valtakunnallinen verkostohanke, joka edist\u00e4\u00e4 ammatillisen koulutuksen uudistumista sen kohderyhm\u00e4n ollessa opetus- ja ohjaushenkil\u00f6st\u00f6. Verkostossa toimii kymmenen koulutuksen j\u00e4rjest\u00e4j\u00e4\u00e4 sek\u00e4 viisi ammatillista opettajakorkeakoulua. Verkostohankkeen tavoitteena on ammatillisen koulutuksen opetus- ja ohjaushenkil\u00f6st\u00f6n tukeminen&#046;&#046;&#046;\" \/>\n<meta property=\"og:url\" content=\"https:\/\/blogit.gradia.fi\/parasta_osaamista\/\" \/>\n<meta property=\"og:site_name\" content=\"Parasta osaamista\" \/>\n<meta property=\"article:publisher\" content=\"https:\/\/www.facebook.com\/POsaamista\/\" \/>\n<meta property=\"article:modified_time\" content=\"2019-11-15T08:46:05+00:00\" \/>\n<meta property=\"og:image\" content=\"https:\/\/blogit.gradia.fi\/parasta_osaamista\/wp-content\/uploads\/sites\/20\/2018\/02\/181404_oph_rahoittaa_rgb.png\" \/>\n\t<meta property=\"og:image:width\" content=\"360\" \/>\n\t<meta property=\"og:image:height\" content=\"348\" \/>\n\t<meta property=\"og:image:type\" content=\"image\/png\" \/>\n<meta name=\"twitter:card\" content=\"summary_large_image\" \/>\n<meta name=\"twitter:site\" content=\"@Posaaja_\" \/>\n<meta name=\"twitter:label1\" content=\"Arvioitu lukuaika\" \/>\n\t<meta name=\"twitter:data1\" content=\"1 minuutti\" \/>\n<script type=\"application\/ld+json\" class=\"yoast-schema-graph\">{\"@context\":\"https:\\\/\\\/schema.org\",\"@graph\":[{\"@type\":\"WebPage\",\"@id\":\"https:\\\/\\\/blogit.gradia.fi\\\/parasta_osaamista\\\/\",\"url\":\"https:\\\/\\\/blogit.gradia.fi\\\/parasta_osaamista\\\/\",\"name\":\"Tervetuloa Parasta osaamista -verkostohankkeen sivuille! - Parasta osaamista\",\"isPartOf\":{\"@id\":\"https:\\\/\\\/blogit.gradia.fi\\\/parasta_osaamista\\\/#website\"},\"primaryImageOfPage\":{\"@id\":\"https:\\\/\\\/blogit.gradia.fi\\\/parasta_osaamista\\\/#primaryimage\"},\"image\":{\"@id\":\"https:\\\/\\\/blogit.gradia.fi\\\/parasta_osaamista\\\/#primaryimage\"},\"thumbnailUrl\":\"https:\\\/\\\/blogit.gradia.fi\\\/parastatestia\\\/wp-content\\\/uploads\\\/sites\\\/20\\\/2018\\\/02\\\/181404_oph_rahoittaa_rgb-300x290.png\",\"datePublished\":\"2018-02-16T08:41:41+00:00\",\"dateModified\":\"2019-11-15T08:46:05+00:00\",\"inLanguage\":\"fi\",\"potentialAction\":[{\"@type\":\"ReadAction\",\"target\":[\"https:\\\/\\\/blogit.gradia.fi\\\/parasta_osaamista\\\/\"]}]},{\"@type\":\"ImageObject\",\"inLanguage\":\"fi\",\"@id\":\"https:\\\/\\\/blogit.gradia.fi\\\/parasta_osaamista\\\/#primaryimage\",\"url\":\"https:\\\/\\\/blogit.gradia.fi\\\/parastatestia\\\/wp-content\\\/uploads\\\/sites\\\/20\\\/2018\\\/02\\\/181404_oph_rahoittaa_rgb-300x290.png\",\"contentUrl\":\"https:\\\/\\\/blogit.gradia.fi\\\/parastatestia\\\/wp-content\\\/uploads\\\/sites\\\/20\\\/2018\\\/02\\\/181404_oph_rahoittaa_rgb-300x290.png\"},{\"@type\":\"WebSite\",\"@id\":\"https:\\\/\\\/blogit.gradia.fi\\\/parasta_osaamista\\\/#website\",\"url\":\"https:\\\/\\\/blogit.gradia.fi\\\/parasta_osaamista\\\/\",\"name\":\"Parasta osaamista\",\"description\":\"Parasta osaamista -verkostohanke\",\"publisher\":{\"@id\":\"https:\\\/\\\/blogit.gradia.fi\\\/parasta_osaamista\\\/#organization\"},\"potentialAction\":[{\"@type\":\"SearchAction\",\"target\":{\"@type\":\"EntryPoint\",\"urlTemplate\":\"https:\\\/\\\/blogit.gradia.fi\\\/parasta_osaamista\\\/?s={search_term_string}\"},\"query-input\":{\"@type\":\"PropertyValueSpecification\",\"valueRequired\":true,\"valueName\":\"search_term_string\"}}],\"inLanguage\":\"fi\"},{\"@type\":\"Organization\",\"@id\":\"https:\\\/\\\/blogit.gradia.fi\\\/parasta_osaamista\\\/#organization\",\"name\":\"Parasta osaamista -verkostohanke\",\"url\":\"https:\\\/\\\/blogit.gradia.fi\\\/parasta_osaamista\\\/\",\"logo\":{\"@type\":\"ImageObject\",\"inLanguage\":\"fi\",\"@id\":\"https:\\\/\\\/blogit.gradia.fi\\\/parasta_osaamista\\\/#\\\/schema\\\/logo\\\/image\\\/\",\"url\":\"https:\\\/\\\/blogit.gradia.fi\\\/parasta_osaamista\\\/wp-content\\\/uploads\\\/sites\\\/20\\\/2018\\\/02\\\/parasta_osaamista_logo.jpg\",\"contentUrl\":\"https:\\\/\\\/blogit.gradia.fi\\\/parasta_osaamista\\\/wp-content\\\/uploads\\\/sites\\\/20\\\/2018\\\/02\\\/parasta_osaamista_logo.jpg\",\"width\":344,\"height\":334,\"caption\":\"Parasta osaamista -verkostohanke\"},\"image\":{\"@id\":\"https:\\\/\\\/blogit.gradia.fi\\\/parasta_osaamista\\\/#\\\/schema\\\/logo\\\/image\\\/\"},\"sameAs\":[\"https:\\\/\\\/www.facebook.com\\\/POsaamista\\\/\",\"https:\\\/\\\/x.com\\\/Posaaja_\",\"https:\\\/\\\/www.instagram.com\\\/parastaosaamista\\\/\",\"https:\\\/\\\/www.youtube.com\\\/channel\\\/UC7hv9jw0R6lS_Fmz5L9TUPw\"]}]}<\/script>\n<!-- \/ Yoast SEO plugin. -->","yoast_head_json":{"title":"Tervetuloa Parasta osaamista -verkostohankkeen sivuille! - Parasta osaamista","robots":{"index":"index","follow":"follow","max-snippet":"max-snippet:-1","max-image-preview":"max-image-preview:large","max-video-preview":"max-video-preview:-1"},"canonical":"https:\/\/blogit.gradia.fi\/parasta_osaamista\/","og_locale":"fi_FI","og_type":"article","og_title":"Tervetuloa Parasta osaamista -verkostohankkeen sivuille! - Parasta osaamista","og_description":"Parasta osaamista on valtakunnallinen verkostohanke, joka edist\u00e4\u00e4 ammatillisen koulutuksen uudistumista sen kohderyhm\u00e4n ollessa opetus- ja ohjaushenkil\u00f6st\u00f6. Verkostossa toimii kymmenen koulutuksen j\u00e4rjest\u00e4j\u00e4\u00e4 sek\u00e4 viisi ammatillista opettajakorkeakoulua. Verkostohankkeen tavoitteena on ammatillisen koulutuksen opetus- ja ohjaushenkil\u00f6st\u00f6n tukeminen&#46;&#46;&#46;","og_url":"https:\/\/blogit.gradia.fi\/parasta_osaamista\/","og_site_name":"Parasta osaamista","article_publisher":"https:\/\/www.facebook.com\/POsaamista\/","article_modified_time":"2019-11-15T08:46:05+00:00","og_image":[{"width":360,"height":348,"url":"https:\/\/blogit.gradia.fi\/parasta_osaamista\/wp-content\/uploads\/sites\/20\/2018\/02\/181404_oph_rahoittaa_rgb.png","type":"image\/png"}],"twitter_card":"summary_large_image","twitter_site":"@Posaaja_","twitter_misc":{"Arvioitu lukuaika":"1 minuutti"},"schema":{"@context":"https:\/\/schema.org","@graph":[{"@type":"WebPage","@id":"https:\/\/blogit.gradia.fi\/parasta_osaamista\/","url":"https:\/\/blogit.gradia.fi\/parasta_osaamista\/","name":"Tervetuloa Parasta osaamista -verkostohankkeen sivuille! - Parasta osaamista","isPartOf":{"@id":"https:\/\/blogit.gradia.fi\/parasta_osaamista\/#website"},"primaryImageOfPage":{"@id":"https:\/\/blogit.gradia.fi\/parasta_osaamista\/#primaryimage"},"image":{"@id":"https:\/\/blogit.gradia.fi\/parasta_osaamista\/#primaryimage"},"thumbnailUrl":"https:\/\/blogit.gradia.fi\/parastatestia\/wp-content\/uploads\/sites\/20\/2018\/02\/181404_oph_rahoittaa_rgb-300x290.png","datePublished":"2018-02-16T08:41:41+00:00","dateModified":"2019-11-15T08:46:05+00:00","inLanguage":"fi","potentialAction":[{"@type":"ReadAction","target":["https:\/\/blogit.gradia.fi\/parasta_osaamista\/"]}]},{"@type":"ImageObject","inLanguage":"fi","@id":"https:\/\/blogit.gradia.fi\/parasta_osaamista\/#primaryimage","url":"https:\/\/blogit.gradia.fi\/parastatestia\/wp-content\/uploads\/sites\/20\/2018\/02\/181404_oph_rahoittaa_rgb-300x290.png","contentUrl":"https:\/\/blogit.gradia.fi\/parastatestia\/wp-content\/uploads\/sites\/20\/2018\/02\/181404_oph_rahoittaa_rgb-300x290.png"},{"@type":"WebSite","@id":"https:\/\/blogit.gradia.fi\/parasta_osaamista\/#website","url":"https:\/\/blogit.gradia.fi\/parasta_osaamista\/","name":"Parasta osaamista","description":"Parasta osaamista -verkostohanke","publisher":{"@id":"https:\/\/blogit.gradia.fi\/parasta_osaamista\/#organization"},"potentialAction":[{"@type":"SearchAction","target":{"@type":"EntryPoint","urlTemplate":"https:\/\/blogit.gradia.fi\/parasta_osaamista\/?s={search_term_string}"},"query-input":{"@type":"PropertyValueSpecification","valueRequired":true,"valueName":"search_term_string"}}],"inLanguage":"fi"},{"@type":"Organization","@id":"https:\/\/blogit.gradia.fi\/parasta_osaamista\/#organization","name":"Parasta osaamista -verkostohanke","url":"https:\/\/blogit.gradia.fi\/parasta_osaamista\/","logo":{"@type":"ImageObject","inLanguage":"fi","@id":"https:\/\/blogit.gradia.fi\/parasta_osaamista\/#\/schema\/logo\/image\/","url":"https:\/\/blogit.gradia.fi\/parasta_osaamista\/wp-content\/uploads\/sites\/20\/2018\/02\/parasta_osaamista_logo.jpg","contentUrl":"https:\/\/blogit.gradia.fi\/parasta_osaamista\/wp-content\/uploads\/sites\/20\/2018\/02\/parasta_osaamista_logo.jpg","width":344,"height":334,"caption":"Parasta osaamista -verkostohanke"},"image":{"@id":"https:\/\/blogit.gradia.fi\/parasta_osaamista\/#\/schema\/logo\/image\/"},"sameAs":["https:\/\/www.facebook.com\/POsaamista\/","https:\/\/x.com\/Posaaja_","https:\/\/www.instagram.com\/parastaosaamista\/","https:\/\/www.youtube.com\/channel\/UC7hv9jw0R6lS_Fmz5L9TUPw"]}]}},"uagb_featured_image_src":{"full":false,"thumbnail":false,"medium":false,"medium_large":false,"large":false,"1536x1536":false,"2048x2048":false,"thumb-small":false,"thumb-standard":false,"thumb-medium":false,"thumb-large":false,"thumb-xlarge":false,"thumb-xxlarge":false},"uagb_author_info":{"display_name":"Katriina Turunen","author_link":"https:\/\/blogit.gradia.fi\/parasta_osaamista\/author\/huttukat\/"},"uagb_comment_info":0,"uagb_excerpt":"Parasta osaamista on valtakunnallinen verkostohanke, joka edist\u00e4\u00e4 ammatillisen koulutuksen uudistumista sen kohderyhm\u00e4n ollessa opetus- ja ohjaushenkil\u00f6st\u00f6. Verkostossa toimii kymmenen koulutuksen j\u00e4rjest\u00e4j\u00e4\u00e4 sek\u00e4 viisi ammatillista opettajakorkeakoulua. Verkostohankkeen tavoitteena on ammatillisen koulutuksen opetus- ja ohjaushenkil\u00f6st\u00f6n tukeminen&#46;&#46;&#46;","_links":{"self":[{"href":"https:\/\/blogit.gradia.fi\/parasta_osaamista\/wp-json\/wp\/v2\/pages\/2","targetHints":{"allow":["GET"]}}],"collection":[{"href":"https:\/\/blogit.gradia.fi\/parasta_osaamista\/wp-json\/wp\/v2\/pages"}],"about":[{"href":"https:\/\/blogit.gradia.fi\/parasta_osaamista\/wp-json\/wp\/v2\/types\/page"}],"author":[{"embeddable":true,"href":"https:\/\/blogit.gradia.fi\/parasta_osaamista\/wp-json\/wp\/v2\/users\/180"}],"replies":[{"embeddable":true,"href":"https:\/\/blogit.gradia.fi\/parasta_osaamista\/wp-json\/wp\/v2\/comments?post=2"}],"version-history":[{"count":5,"href":"https:\/\/blogit.gradia.fi\/parasta_osaamista\/wp-json\/wp\/v2\/pages\/2\/revisions"}],"predecessor-version":[{"id":3354,"href":"https:\/\/blogit.gradia.fi\/parasta_osaamista\/wp-json\/wp\/v2\/pages\/2\/revisions\/3354"}],"wp:attachment":[{"href":"https:\/\/blogit.gradia.fi\/parasta_osaamista\/wp-json\/wp\/v2\/media?parent=2"}],"curies":[{"name":"wp","href":"https:\/\/api.w.org\/{rel}","templated":true}]}}