{"id":192,"date":"2018-04-11T08:43:10","date_gmt":"2018-04-11T05:43:10","guid":{"rendered":"https:\/\/blogit.gradia.fi\/parastatestia\/?page_id=192"},"modified":"2019-02-20T14:35:20","modified_gmt":"2019-02-20T12:35:20","slug":"open-day-toimintaohjeet","status":"publish","type":"page","link":"https:\/\/blogit.gradia.fi\/parasta_osaamista\/toimintamallit-ja-materiaalit\/open-day-vierailut\/open-day-toimintaohjeet\/","title":{"rendered":"Open day toimintaohjeet"},"content":{"rendered":"<p>Luo t\u00e4m\u00e4n toimintaohjeen ja mallitiedostojen pohjalta lomakkeet ja muut tiedostot oppilaitoksesi omiin j\u00e4rjestelmiin.<\/p>\n<p><strong>1. Sovi osallistumisesta<\/strong><\/p>\n<p>Sovi esimiehesi kanssa l\u00e4hd\u00f6st\u00e4 Open day -vierailulle sek\u00e4 siihen liittyvist\u00e4 k\u00e4yt\u00e4nn\u00f6n asioista.<\/p>\n<p><strong>2. Etsi ty\u00f6paikka ja sovi vierailusta<\/strong><\/p>\n<p>\u00b7 Kirjaa ty\u00f6paikka ja vierailup\u00e4iv\u00e4 Open day -osallistujalistaan. Sill\u00e4 varmistetaan, ettei moni henkil\u00f6 ota yhteytt\u00e4 samaan yritykseen. Voit k\u00e4ytt\u00e4\u00e4 esimerkiksi seuraavaa tiedostoa osallistujatietojen kokoamiseen <a href=\"https:\/\/jaofi.sharepoint.com\/:x:\/s\/3\/Parasta_osaamista\/Ef0yCDuVRX9LsgjO7nN6OYQBOgGAw6l7qZA18iPpWvyLFA\" target=\"_blank\" rel=\"noopener\">Excel-tiedosto<\/a><\/p>\n<p>\u00b7 Ota yhteytt\u00e4 ty\u00f6paikkaan ja sovi vierailusta.<\/p>\n<p><strong>3. Valmistaudu vierailuun<\/strong><\/p>\n<p>Valmistaudu vierailuun tutustumalla ammatillisen koulutuksen uudistumiseen liittyv\u00e4\u00e4n materiaaliin ja ota sit\u00e4 soveltuvin osin mukaasi ty\u00f6paikalle j\u00e4tett\u00e4v\u00e4ksi (linkkej\u00e4 alla).<\/p>\n<p><strong>4. Vieraile!<\/strong><\/p>\n<p>Katso Suomen Yritt\u00e4jien toimitusjohtaja Mikael Pentik\u00e4isen ja koulutuspolitiikasta vastaavan johtaja Veli-Matti Lampun <a href=\"https:\/\/youtu.be\/kL5JLgme0HU\" target=\"_blank\" rel=\"noopener\">videotervehdys<\/a> joko ennen l\u00e4ht\u00f6\u00e4 ty\u00f6paikalle tai yhdess\u00e4 ty\u00f6paikan edustajan kanssa.<\/p>\n<p>Tapaa ty\u00f6paikan edustaja sovitun aikataulun mukaisesti.<\/p>\n<p>Vierailua varten on laadittu s\u00e4hk\u00f6iselle alustalle kysymyksi\u00e4, joihin haet vastauksia. Tehk\u00e4\u00e4 kysely oman organisaation s\u00e4hk\u00f6iselle alustalle t\u00e4m\u00e4n esimerkkina olevan\u00a0<a href=\"https:\/\/blogit.gradia.fi\/parastatestia\/wp-content\/uploads\/sites\/20\/2018\/04\/Parasta-osaamista-valtakunnallinen-Open-day-kysymykset.pdf\" target=\"_blank\" rel=\"noopener\">paperilomakkeen<\/a>\u00a0avulla. Paperilomaketta voi k\u00e4ytt\u00e4\u00e4 my\u00f6s vierailun aikana ja t\u00e4yt\u00e4 s\u00e4hk\u00f6iseen j\u00e4rjestelm\u00e4\u00e4nne kun palaat vierailulta.<\/p>\n<p>Vierailun pituudesta ja ty\u00f6paikan edustajan ajasta riippuen tavoitteena on my\u00f6s seurata t\u00e4m\u00e4n ty\u00f6p\u00e4iv\u00e4\u00e4 ja keskustella muistakin arkeen ja yhteisty\u00f6h\u00f6n liittyvist\u00e4 asioista.<\/p>\n<p><strong>5. Hoida j\u00e4lkitoimet vierailun j\u00e4lkeen<\/strong><\/p>\n<p>T\u00e4yt\u00e4 s\u00e4hk\u00f6inen kyselylomake viimeist\u00e4\u00e4n t\u00e4ss\u00e4 vaiheessa.<\/p>\n<p>Anna palautetta Open Day vierailusta s\u00e4hk\u00f6isen <a href=\"https:\/\/link.webropolsurveys.com\/S\/B800DEDC1A4B437C\" target=\"_blank\" rel=\"noopener\">palautelomakkeen<\/a> kautta.<\/p>\n<p>Open day -toimintamalliin voit tutustua my\u00f6s <a href=\"http:\/\/sho.co\/1A9KV\" target=\"_blank\" rel=\"noopener\">animaation<\/a> avulla.<\/p>\n<p><strong>LIS\u00c4TIETOA REFORMISTA:<\/strong><\/p>\n<p><strong><em>Mik\u00e4 muuttuu:<\/em><\/strong><strong><em>\u00a0<\/em><\/strong><\/p>\n<ul>\n<li><a href=\"http:\/\/minedu.fi\/documents\/1410845\/4297550\/OKM+AKR+mika+muuttuu+opiskelija.pdf\/6952c82f-92af-4c9d-853b-7e1ed1b3ed7b\/OKM+AKR+mika+muuttuu+opiskelija.pdf.pdf\" target=\"_blank\" rel=\"noopener\">opiskelijalle<\/a><\/li>\n<li><a href=\"http:\/\/minedu.fi\/documents\/1410845\/4297550\/OKM+AKR+mika+muuttuu+jarjestajalle.pdf\/43824d21-bf2a-4a57-a872-b3bcd3f01b67\" target=\"_blank\" rel=\"noopener\">koulutuksen j\u00e4rjest\u00e4j\u00e4lle<\/a><\/li>\n<li><a href=\"http:\/\/minedu.fi\/documents\/1410845\/4297550\/OKM_AKR_mika_muuttuu_tyoelama.pdf\/9f7fb2b6-ab52-4dc1-861e-a1fc5aace194\" target=\"_blank\" rel=\"noopener\">ty\u00f6el\u00e4m\u00e4lle<\/a><\/li>\n<\/ul>\n<p><em>\u00a0<\/em><\/p>\n<p><strong><em>Infograafeja:<\/em><\/strong><strong><em>\u00a0<\/em><\/strong><\/p>\n<ul>\n<li><a href=\"http:\/\/minedu.fi\/documents\/1410845\/4297550\/Pallurat_ammatillinen_koulutus_uudistuu_B_130417.pdf\/4238f273-79ab-49ef-a06a-7ee3a7e854da\" target=\"_blank\" rel=\"noopener\">Mit\u00e4 reformissa tehd\u00e4\u00e4n<\/a><\/li>\n<li><a href=\"http:\/\/minedu.fi\/documents\/1410845\/4297550\/OKM_Ohjausjarjestelma_0805.pdf\/096ae6b1-6ead-4129-aca4-e6e00ff4fc98\" target=\"_blank\" rel=\"noopener\">Ohjaus- ja s\u00e4\u00e4telyj\u00e4rjestelm\u00e4<\/a><\/li>\n<li><a href=\"http:\/\/minedu.fi\/documents\/1410845\/4297550\/OKM+henkilokohtaistaminen+151217.pdf\/67d8bf42-24ad-4b9e-9a83-910b32e7f01a\" target=\"_blank\" rel=\"noopener\">Henkil\u00f6kohtaistaminen<\/a><\/li>\n<li><a href=\"http:\/\/minedu.fi\/documents\/1410845\/4297550\/OKM_osaamisperusteisuus_B_suomi.pdf\/e1b1513b-4101-4169-b0f6-a6b958e725d5\" target=\"_blank\" rel=\"noopener\">Osaamisperusteisuus<\/a><\/li>\n<li><a href=\"http:\/\/minedu.fi\/documents\/1410845\/4297550\/Rahoitusjarjestelma.pdf\/21b500c3-840c-4b74-81c0-72691eeda3ed\/Rahoitusjarjestelma.pdf.pdf\" target=\"_blank\" rel=\"noopener\">Rahoitusj\u00e4rjestelm\u00e4<\/a><\/li>\n<li><a href=\"http:\/\/minedu.fi\/documents\/1410845\/5677458\/OKM_AMIS_sopimusmallit_131117.pdf\/b00c1680-a02b-4d14-9477-5ef0625599a0\" target=\"_blank\" rel=\"noopener\">Oppisopimus ja koulutussopimus<\/a><\/li>\n<\/ul>\n<p><em>\u00a0<\/em><\/p>\n<p><strong><em>Muita aineistoja:<\/em><\/strong><strong><em>\u00a0<\/em><\/strong><\/p>\n<ul>\n<li><a href=\"http:\/\/minedu.fi\/documents\/1410845\/4297550\/siirtymasaannokset16102017.pdf\/52052d7e-f43c-490d-b6c0-b8eee2769a33\" target=\"_blank\" rel=\"noopener\">Lain siirtym\u00e4s\u00e4\u00e4nn\u00f6kset<\/a><\/li>\n<li><a href=\"http:\/\/minedu.fi\/documents\/1410845\/4586835\/Reformisanasto\/422f64af-4838-48c7-bff1-65baf0b48b48\" target=\"_blank\" rel=\"noopener\">Reformisanasto<\/a><\/li>\n<li><a href=\"http:\/\/minedu.fi\/usein-kysyttya-amisreformi\" target=\"_blank\" rel=\"noopener\">Usein kysyttyj\u00e4 kysymyksi\u00e4<\/a><\/li>\n<li>Opso ja koulutussopimus:<br \/>\n\u2013\u00a0<a href=\"https:\/\/trello.com\/c\/hKYevffJ\" target=\"_blank\" rel=\"noopener\">Opettaja-esite<\/a><br \/>\n\u2013\u00a0<a href=\"https:\/\/trello.com\/c\/8nVqmaHZ\" target=\"_blank\" rel=\"noopener\">Ty\u00f6nantaja-esite<\/a><\/li>\n<li><a href=\"http:\/\/www.oph.fi\/reformintuki\" target=\"_blank\" rel=\"noopener\">Reformintuki-sivusto<\/a><\/li>\n<li><a href=\"http:\/\/www.ohjaan.fi\/\" target=\"_blank\" rel=\"noopener\">ohjaan.fi<\/a><\/li>\n<\/ul>\n","protected":false},"excerpt":{"rendered":"<p>Luo t\u00e4m\u00e4n toimintaohjeen ja mallitiedostojen pohjalta lomakkeet ja muut tiedostot oppilaitoksesi omiin j\u00e4rjestelmiin. 1. Sovi osallistumisesta Sovi esimiehesi kanssa l\u00e4hd\u00f6st\u00e4 Open day -vierailulle sek\u00e4 siihen liittyvist\u00e4 k\u00e4yt\u00e4nn\u00f6n asioista. 2. Etsi ty\u00f6paikka ja sovi vierailusta&#46;&#46;&#46;<\/p>\n","protected":false},"author":178,"featured_media":0,"parent":150,"menu_order":0,"comment_status":"closed","ping_status":"closed","template":"","meta":{"_uag_custom_page_level_css":"","footnotes":""},"class_list":["post-192","page","type-page","status-publish","hentry"],"yoast_head":"<!-- This site is optimized with the Yoast SEO plugin v27.4 - https:\/\/yoast.com\/product\/yoast-seo-wordpress\/ -->\n<title>Open day toimintaohjeet - Parasta osaamista<\/title>\n<meta name=\"robots\" content=\"index, follow, max-snippet:-1, max-image-preview:large, max-video-preview:-1\" \/>\n<link rel=\"canonical\" href=\"https:\/\/blogit.gradia.fi\/parasta_osaamista\/toimintamallit-ja-materiaalit\/open-day-vierailut\/open-day-toimintaohjeet\/\" \/>\n<meta property=\"og:locale\" content=\"fi_FI\" \/>\n<meta property=\"og:type\" content=\"article\" \/>\n<meta property=\"og:title\" content=\"Open day toimintaohjeet - Parasta osaamista\" \/>\n<meta property=\"og:description\" content=\"Luo t\u00e4m\u00e4n toimintaohjeen ja mallitiedostojen pohjalta lomakkeet ja muut tiedostot oppilaitoksesi omiin j\u00e4rjestelmiin. 1. Sovi osallistumisesta Sovi esimiehesi kanssa l\u00e4hd\u00f6st\u00e4 Open day -vierailulle sek\u00e4 siihen liittyvist\u00e4 k\u00e4yt\u00e4nn\u00f6n asioista. 2. Etsi ty\u00f6paikka ja sovi vierailusta&#046;&#046;&#046;\" \/>\n<meta property=\"og:url\" content=\"https:\/\/blogit.gradia.fi\/parasta_osaamista\/toimintamallit-ja-materiaalit\/open-day-vierailut\/open-day-toimintaohjeet\/\" \/>\n<meta property=\"og:site_name\" content=\"Parasta osaamista\" \/>\n<meta property=\"article:publisher\" content=\"https:\/\/www.facebook.com\/POsaamista\/\" \/>\n<meta property=\"article:modified_time\" content=\"2019-02-20T12:35:20+00:00\" \/>\n<meta name=\"twitter:card\" content=\"summary_large_image\" \/>\n<meta name=\"twitter:site\" content=\"@Posaaja_\" \/>\n<meta name=\"twitter:label1\" content=\"Arvioitu lukuaika\" \/>\n\t<meta name=\"twitter:data1\" content=\"2 minuuttia\" \/>\n<script type=\"application\/ld+json\" class=\"yoast-schema-graph\">{\"@context\":\"https:\\\/\\\/schema.org\",\"@graph\":[{\"@type\":\"WebPage\",\"@id\":\"https:\\\/\\\/blogit.gradia.fi\\\/parasta_osaamista\\\/toimintamallit-ja-materiaalit\\\/open-day-vierailut\\\/open-day-toimintaohjeet\\\/\",\"url\":\"https:\\\/\\\/blogit.gradia.fi\\\/parasta_osaamista\\\/toimintamallit-ja-materiaalit\\\/open-day-vierailut\\\/open-day-toimintaohjeet\\\/\",\"name\":\"Open day toimintaohjeet - Parasta osaamista\",\"isPartOf\":{\"@id\":\"https:\\\/\\\/blogit.gradia.fi\\\/parasta_osaamista\\\/#website\"},\"datePublished\":\"2018-04-11T05:43:10+00:00\",\"dateModified\":\"2019-02-20T12:35:20+00:00\",\"breadcrumb\":{\"@id\":\"https:\\\/\\\/blogit.gradia.fi\\\/parasta_osaamista\\\/toimintamallit-ja-materiaalit\\\/open-day-vierailut\\\/open-day-toimintaohjeet\\\/#breadcrumb\"},\"inLanguage\":\"fi\",\"potentialAction\":[{\"@type\":\"ReadAction\",\"target\":[\"https:\\\/\\\/blogit.gradia.fi\\\/parasta_osaamista\\\/toimintamallit-ja-materiaalit\\\/open-day-vierailut\\\/open-day-toimintaohjeet\\\/\"]}]},{\"@type\":\"BreadcrumbList\",\"@id\":\"https:\\\/\\\/blogit.gradia.fi\\\/parasta_osaamista\\\/toimintamallit-ja-materiaalit\\\/open-day-vierailut\\\/open-day-toimintaohjeet\\\/#breadcrumb\",\"itemListElement\":[{\"@type\":\"ListItem\",\"position\":1,\"name\":\"Toimintamallit ja materiaalit\",\"item\":\"https:\\\/\\\/blogit.gradia.fi\\\/parasta_osaamista\\\/toimintamallit-ja-materiaalit\\\/\"},{\"@type\":\"ListItem\",\"position\":2,\"name\":\"Open Day -vierailut\",\"item\":\"https:\\\/\\\/blogit.gradia.fi\\\/parasta_osaamista\\\/toimintamallit-ja-materiaalit\\\/open-day-vierailut\\\/\"},{\"@type\":\"ListItem\",\"position\":3,\"name\":\"Open day toimintaohjeet\"}]},{\"@type\":\"WebSite\",\"@id\":\"https:\\\/\\\/blogit.gradia.fi\\\/parasta_osaamista\\\/#website\",\"url\":\"https:\\\/\\\/blogit.gradia.fi\\\/parasta_osaamista\\\/\",\"name\":\"Parasta osaamista\",\"description\":\"Parasta osaamista -verkostohanke\",\"publisher\":{\"@id\":\"https:\\\/\\\/blogit.gradia.fi\\\/parasta_osaamista\\\/#organization\"},\"potentialAction\":[{\"@type\":\"SearchAction\",\"target\":{\"@type\":\"EntryPoint\",\"urlTemplate\":\"https:\\\/\\\/blogit.gradia.fi\\\/parasta_osaamista\\\/?s={search_term_string}\"},\"query-input\":{\"@type\":\"PropertyValueSpecification\",\"valueRequired\":true,\"valueName\":\"search_term_string\"}}],\"inLanguage\":\"fi\"},{\"@type\":\"Organization\",\"@id\":\"https:\\\/\\\/blogit.gradia.fi\\\/parasta_osaamista\\\/#organization\",\"name\":\"Parasta osaamista -verkostohanke\",\"url\":\"https:\\\/\\\/blogit.gradia.fi\\\/parasta_osaamista\\\/\",\"logo\":{\"@type\":\"ImageObject\",\"inLanguage\":\"fi\",\"@id\":\"https:\\\/\\\/blogit.gradia.fi\\\/parasta_osaamista\\\/#\\\/schema\\\/logo\\\/image\\\/\",\"url\":\"https:\\\/\\\/blogit.gradia.fi\\\/parasta_osaamista\\\/wp-content\\\/uploads\\\/sites\\\/20\\\/2018\\\/02\\\/parasta_osaamista_logo.jpg\",\"contentUrl\":\"https:\\\/\\\/blogit.gradia.fi\\\/parasta_osaamista\\\/wp-content\\\/uploads\\\/sites\\\/20\\\/2018\\\/02\\\/parasta_osaamista_logo.jpg\",\"width\":344,\"height\":334,\"caption\":\"Parasta osaamista -verkostohanke\"},\"image\":{\"@id\":\"https:\\\/\\\/blogit.gradia.fi\\\/parasta_osaamista\\\/#\\\/schema\\\/logo\\\/image\\\/\"},\"sameAs\":[\"https:\\\/\\\/www.facebook.com\\\/POsaamista\\\/\",\"https:\\\/\\\/x.com\\\/Posaaja_\",\"https:\\\/\\\/www.instagram.com\\\/parastaosaamista\\\/\",\"https:\\\/\\\/www.youtube.com\\\/channel\\\/UC7hv9jw0R6lS_Fmz5L9TUPw\"]}]}<\/script>\n<!-- \/ Yoast SEO plugin. -->","yoast_head_json":{"title":"Open day toimintaohjeet - Parasta osaamista","robots":{"index":"index","follow":"follow","max-snippet":"max-snippet:-1","max-image-preview":"max-image-preview:large","max-video-preview":"max-video-preview:-1"},"canonical":"https:\/\/blogit.gradia.fi\/parasta_osaamista\/toimintamallit-ja-materiaalit\/open-day-vierailut\/open-day-toimintaohjeet\/","og_locale":"fi_FI","og_type":"article","og_title":"Open day toimintaohjeet - Parasta osaamista","og_description":"Luo t\u00e4m\u00e4n toimintaohjeen ja mallitiedostojen pohjalta lomakkeet ja muut tiedostot oppilaitoksesi omiin j\u00e4rjestelmiin. 1. Sovi osallistumisesta Sovi esimiehesi kanssa l\u00e4hd\u00f6st\u00e4 Open day -vierailulle sek\u00e4 siihen liittyvist\u00e4 k\u00e4yt\u00e4nn\u00f6n asioista. 2. Etsi ty\u00f6paikka ja sovi vierailusta&#46;&#46;&#46;","og_url":"https:\/\/blogit.gradia.fi\/parasta_osaamista\/toimintamallit-ja-materiaalit\/open-day-vierailut\/open-day-toimintaohjeet\/","og_site_name":"Parasta osaamista","article_publisher":"https:\/\/www.facebook.com\/POsaamista\/","article_modified_time":"2019-02-20T12:35:20+00:00","twitter_card":"summary_large_image","twitter_site":"@Posaaja_","twitter_misc":{"Arvioitu lukuaika":"2 minuuttia"},"schema":{"@context":"https:\/\/schema.org","@graph":[{"@type":"WebPage","@id":"https:\/\/blogit.gradia.fi\/parasta_osaamista\/toimintamallit-ja-materiaalit\/open-day-vierailut\/open-day-toimintaohjeet\/","url":"https:\/\/blogit.gradia.fi\/parasta_osaamista\/toimintamallit-ja-materiaalit\/open-day-vierailut\/open-day-toimintaohjeet\/","name":"Open day toimintaohjeet - Parasta osaamista","isPartOf":{"@id":"https:\/\/blogit.gradia.fi\/parasta_osaamista\/#website"},"datePublished":"2018-04-11T05:43:10+00:00","dateModified":"2019-02-20T12:35:20+00:00","breadcrumb":{"@id":"https:\/\/blogit.gradia.fi\/parasta_osaamista\/toimintamallit-ja-materiaalit\/open-day-vierailut\/open-day-toimintaohjeet\/#breadcrumb"},"inLanguage":"fi","potentialAction":[{"@type":"ReadAction","target":["https:\/\/blogit.gradia.fi\/parasta_osaamista\/toimintamallit-ja-materiaalit\/open-day-vierailut\/open-day-toimintaohjeet\/"]}]},{"@type":"BreadcrumbList","@id":"https:\/\/blogit.gradia.fi\/parasta_osaamista\/toimintamallit-ja-materiaalit\/open-day-vierailut\/open-day-toimintaohjeet\/#breadcrumb","itemListElement":[{"@type":"ListItem","position":1,"name":"Toimintamallit ja materiaalit","item":"https:\/\/blogit.gradia.fi\/parasta_osaamista\/toimintamallit-ja-materiaalit\/"},{"@type":"ListItem","position":2,"name":"Open Day -vierailut","item":"https:\/\/blogit.gradia.fi\/parasta_osaamista\/toimintamallit-ja-materiaalit\/open-day-vierailut\/"},{"@type":"ListItem","position":3,"name":"Open day toimintaohjeet"}]},{"@type":"WebSite","@id":"https:\/\/blogit.gradia.fi\/parasta_osaamista\/#website","url":"https:\/\/blogit.gradia.fi\/parasta_osaamista\/","name":"Parasta osaamista","description":"Parasta osaamista -verkostohanke","publisher":{"@id":"https:\/\/blogit.gradia.fi\/parasta_osaamista\/#organization"},"potentialAction":[{"@type":"SearchAction","target":{"@type":"EntryPoint","urlTemplate":"https:\/\/blogit.gradia.fi\/parasta_osaamista\/?s={search_term_string}"},"query-input":{"@type":"PropertyValueSpecification","valueRequired":true,"valueName":"search_term_string"}}],"inLanguage":"fi"},{"@type":"Organization","@id":"https:\/\/blogit.gradia.fi\/parasta_osaamista\/#organization","name":"Parasta osaamista -verkostohanke","url":"https:\/\/blogit.gradia.fi\/parasta_osaamista\/","logo":{"@type":"ImageObject","inLanguage":"fi","@id":"https:\/\/blogit.gradia.fi\/parasta_osaamista\/#\/schema\/logo\/image\/","url":"https:\/\/blogit.gradia.fi\/parasta_osaamista\/wp-content\/uploads\/sites\/20\/2018\/02\/parasta_osaamista_logo.jpg","contentUrl":"https:\/\/blogit.gradia.fi\/parasta_osaamista\/wp-content\/uploads\/sites\/20\/2018\/02\/parasta_osaamista_logo.jpg","width":344,"height":334,"caption":"Parasta osaamista -verkostohanke"},"image":{"@id":"https:\/\/blogit.gradia.fi\/parasta_osaamista\/#\/schema\/logo\/image\/"},"sameAs":["https:\/\/www.facebook.com\/POsaamista\/","https:\/\/x.com\/Posaaja_","https:\/\/www.instagram.com\/parastaosaamista\/","https:\/\/www.youtube.com\/channel\/UC7hv9jw0R6lS_Fmz5L9TUPw"]}]}},"uagb_featured_image_src":{"full":false,"thumbnail":false,"medium":false,"medium_large":false,"large":false,"1536x1536":false,"2048x2048":false,"thumb-small":false,"thumb-standard":false,"thumb-medium":false,"thumb-large":false,"thumb-xlarge":false,"thumb-xxlarge":false},"uagb_author_info":{"display_name":"Sami Ahonen","author_link":"https:\/\/blogit.gradia.fi\/parasta_osaamista\/author\/ahonesam\/"},"uagb_comment_info":0,"uagb_excerpt":"Luo t\u00e4m\u00e4n toimintaohjeen ja mallitiedostojen pohjalta lomakkeet ja muut tiedostot oppilaitoksesi omiin j\u00e4rjestelmiin. 1. Sovi osallistumisesta Sovi esimiehesi kanssa l\u00e4hd\u00f6st\u00e4 Open day -vierailulle sek\u00e4 siihen liittyvist\u00e4 k\u00e4yt\u00e4nn\u00f6n asioista. 2. Etsi ty\u00f6paikka ja sovi vierailusta&#46;&#46;&#46;","_links":{"self":[{"href":"https:\/\/blogit.gradia.fi\/parasta_osaamista\/wp-json\/wp\/v2\/pages\/192","targetHints":{"allow":["GET"]}}],"collection":[{"href":"https:\/\/blogit.gradia.fi\/parasta_osaamista\/wp-json\/wp\/v2\/pages"}],"about":[{"href":"https:\/\/blogit.gradia.fi\/parasta_osaamista\/wp-json\/wp\/v2\/types\/page"}],"author":[{"embeddable":true,"href":"https:\/\/blogit.gradia.fi\/parasta_osaamista\/wp-json\/wp\/v2\/users\/178"}],"replies":[{"embeddable":true,"href":"https:\/\/blogit.gradia.fi\/parasta_osaamista\/wp-json\/wp\/v2\/comments?post=192"}],"version-history":[{"count":2,"href":"https:\/\/blogit.gradia.fi\/parasta_osaamista\/wp-json\/wp\/v2\/pages\/192\/revisions"}],"predecessor-version":[{"id":1936,"href":"https:\/\/blogit.gradia.fi\/parasta_osaamista\/wp-json\/wp\/v2\/pages\/192\/revisions\/1936"}],"up":[{"embeddable":true,"href":"https:\/\/blogit.gradia.fi\/parasta_osaamista\/wp-json\/wp\/v2\/pages\/150"}],"wp:attachment":[{"href":"https:\/\/blogit.gradia.fi\/parasta_osaamista\/wp-json\/wp\/v2\/media?parent=192"}],"curies":[{"name":"wp","href":"https:\/\/api.w.org\/{rel}","templated":true}]}}