{"id":1811,"date":"2019-02-19T09:42:25","date_gmt":"2019-02-19T07:42:25","guid":{"rendered":"https:\/\/blogit.gradia.fi\/parasta_osaamista\/?page_id=1811"},"modified":"2019-08-08T12:28:27","modified_gmt":"2019-08-08T09:28:27","slug":"open-partner","status":"publish","type":"page","link":"https:\/\/blogit.gradia.fi\/parasta_osaamista\/open-partner\/","title":{"rendered":"Open Partner"},"content":{"rendered":"\n<p><strong>Open Partner &#8211; V\u00e4lkommen p\u00e5 bes\u00f6k till l\u00e4roanstalten<\/strong><\/p>\n\n\n\n<p>En av m\u00e5ls\u00e4ttningen med den nya yrkesutbildningen \u00e4r att samarbetet mellan arbetslivet och l\u00e4roanstalterna ska \u00f6ka. Den m\u00e5ls\u00e4ttningen st\u00f6ds av Open Partner, d\u00e4r arbetslivsrepresentanten bjuds in till l\u00e4roanstalten p\u00e5 bes\u00f6k f\u00f6r att bekanta sig med det dagliga arbetet, samtidigt som man ser undervisningen inom den egna branschen i dagsl\u00e4get.&nbsp;&nbsp;<\/p>\n\n\n\n<p>I Open\u202fPartner utg\u00e5r man fr\u00e5n att antingen studerande eller l\u00e4roanstalten \u00e4r den aktiva parten. Studerande har t.ex. m\u00f6jlighet att bjuda in den egna arbetsplatshandledaren p\u00e5 bes\u00f6k eller alternativt bjuder l\u00e4raren in arbetslivets samarbetsparter p\u00e5 bes\u00f6k f\u00f6r att bekanta sig med en vanlig studerandedag.\u00a0 <\/p>\n\n\n\n<p>Under bes\u00f6ket har arbetslivets representant ocks\u00e5 m\u00f6jlighet att presentera den egna arbetsplatsens verksamhet. Med hj\u00e4lp av Open\u202fPartner kan m\u00f6jligheter till nya samarbetsformer \u00f6ppnas och arbetsplatserna n\u00e4rmar sig studerande samtidigt som samarbetet mellan arbetsliv, l\u00e4roanstalt och studerande st\u00e4rks. <\/p>\n\n\n\n<ul class=\"wp-block-list\"><li><a aria-label=\"F\u00f6ljebrev (avautuu uudessa v\u00e4lilehdess\u00e4)\" href=\"https:\/\/blogit.gradia.fi\/parasta_osaamista\/wp-content\/uploads\/sites\/20\/2019\/02\/Open-Partner-f\u00f6ljebrev_.pdf\" target=\"_blank\" rel=\"noreferrer noopener\">F\u00f6ljebrev<\/a><\/li><li><a aria-label=\"Verksamhetsmodell f\u00f6r Open Partner (avautuu uudessa v\u00e4lilehdess\u00e4)\" href=\"https:\/\/blogit.gradia.fi\/parasta_osaamista\/wp-content\/uploads\/sites\/20\/2019\/02\/Verksamhetsmodell-f\u00f6r-Open-partner.pdf\" target=\"_blank\" rel=\"noreferrer noopener\">Verksamhetsmodell f\u00f6r Open Partner<\/a><\/li><li><a aria-label=\"Model inbjudan (avautuu uudessa v\u00e4lilehdess\u00e4)\" href=\"https:\/\/blogit.gradia.fi\/parasta_osaamista\/wp-content\/uploads\/sites\/20\/2019\/02\/Model-inbjudan.pdf\" target=\"_blank\" rel=\"noreferrer noopener\">Modell inbjudan<\/a><\/li><\/ul>\n\n\n\n<p><\/p>\n\n\n\n<p><\/p>\n","protected":false},"excerpt":{"rendered":"<p>Open Partner &#8211; V\u00e4lkommen p\u00e5 bes\u00f6k till l\u00e4roanstalten En av m\u00e5ls\u00e4ttningen med den nya yrkesutbildningen \u00e4r att samarbetet mellan arbetslivet och l\u00e4roanstalterna ska \u00f6ka. Den m\u00e5ls\u00e4ttningen st\u00f6ds av Open Partner, d\u00e4r arbetslivsrepresentanten bjuds in&#46;&#46;&#46;<\/p>\n","protected":false},"author":181,"featured_media":0,"parent":0,"menu_order":0,"comment_status":"closed","ping_status":"closed","template":"","meta":{"_uag_custom_page_level_css":"","footnotes":""},"class_list":["post-1811","page","type-page","status-publish","hentry"],"yoast_head":"<!-- This site is optimized with the Yoast SEO plugin v27.4 - https:\/\/yoast.com\/product\/yoast-seo-wordpress\/ -->\n<title>Open Partner - Parasta osaamista<\/title>\n<meta name=\"robots\" content=\"index, follow, max-snippet:-1, max-image-preview:large, max-video-preview:-1\" \/>\n<link rel=\"canonical\" href=\"https:\/\/blogit.gradia.fi\/parasta_osaamista\/open-partner\/\" \/>\n<meta property=\"og:locale\" content=\"fi_FI\" \/>\n<meta property=\"og:type\" content=\"article\" \/>\n<meta property=\"og:title\" content=\"Open Partner - Parasta osaamista\" \/>\n<meta property=\"og:description\" content=\"Open Partner &#8211; V\u00e4lkommen p\u00e5 bes\u00f6k till l\u00e4roanstalten En av m\u00e5ls\u00e4ttningen med den nya yrkesutbildningen \u00e4r att samarbetet mellan arbetslivet och l\u00e4roanstalterna ska \u00f6ka. Den m\u00e5ls\u00e4ttningen st\u00f6ds av Open Partner, d\u00e4r arbetslivsrepresentanten bjuds in&#046;&#046;&#046;\" \/>\n<meta property=\"og:url\" content=\"https:\/\/blogit.gradia.fi\/parasta_osaamista\/open-partner\/\" \/>\n<meta property=\"og:site_name\" content=\"Parasta osaamista\" \/>\n<meta property=\"article:publisher\" content=\"https:\/\/www.facebook.com\/POsaamista\/\" \/>\n<meta property=\"article:modified_time\" content=\"2019-08-08T09:28:27+00:00\" \/>\n<meta name=\"twitter:card\" content=\"summary_large_image\" \/>\n<meta name=\"twitter:site\" content=\"@Posaaja_\" \/>\n<meta name=\"twitter:label1\" content=\"Arvioitu lukuaika\" \/>\n\t<meta name=\"twitter:data1\" content=\"1 minuutti\" \/>\n<script type=\"application\/ld+json\" class=\"yoast-schema-graph\">{\"@context\":\"https:\\\/\\\/schema.org\",\"@graph\":[{\"@type\":\"WebPage\",\"@id\":\"https:\\\/\\\/blogit.gradia.fi\\\/parasta_osaamista\\\/open-partner\\\/\",\"url\":\"https:\\\/\\\/blogit.gradia.fi\\\/parasta_osaamista\\\/open-partner\\\/\",\"name\":\"Open Partner - Parasta osaamista\",\"isPartOf\":{\"@id\":\"https:\\\/\\\/blogit.gradia.fi\\\/parasta_osaamista\\\/#website\"},\"datePublished\":\"2019-02-19T07:42:25+00:00\",\"dateModified\":\"2019-08-08T09:28:27+00:00\",\"inLanguage\":\"fi\",\"potentialAction\":[{\"@type\":\"ReadAction\",\"target\":[\"https:\\\/\\\/blogit.gradia.fi\\\/parasta_osaamista\\\/open-partner\\\/\"]}]},{\"@type\":\"WebSite\",\"@id\":\"https:\\\/\\\/blogit.gradia.fi\\\/parasta_osaamista\\\/#website\",\"url\":\"https:\\\/\\\/blogit.gradia.fi\\\/parasta_osaamista\\\/\",\"name\":\"Parasta osaamista\",\"description\":\"Parasta osaamista -verkostohanke\",\"publisher\":{\"@id\":\"https:\\\/\\\/blogit.gradia.fi\\\/parasta_osaamista\\\/#organization\"},\"potentialAction\":[{\"@type\":\"SearchAction\",\"target\":{\"@type\":\"EntryPoint\",\"urlTemplate\":\"https:\\\/\\\/blogit.gradia.fi\\\/parasta_osaamista\\\/?s={search_term_string}\"},\"query-input\":{\"@type\":\"PropertyValueSpecification\",\"valueRequired\":true,\"valueName\":\"search_term_string\"}}],\"inLanguage\":\"fi\"},{\"@type\":\"Organization\",\"@id\":\"https:\\\/\\\/blogit.gradia.fi\\\/parasta_osaamista\\\/#organization\",\"name\":\"Parasta osaamista -verkostohanke\",\"url\":\"https:\\\/\\\/blogit.gradia.fi\\\/parasta_osaamista\\\/\",\"logo\":{\"@type\":\"ImageObject\",\"inLanguage\":\"fi\",\"@id\":\"https:\\\/\\\/blogit.gradia.fi\\\/parasta_osaamista\\\/#\\\/schema\\\/logo\\\/image\\\/\",\"url\":\"https:\\\/\\\/blogit.gradia.fi\\\/parasta_osaamista\\\/wp-content\\\/uploads\\\/sites\\\/20\\\/2018\\\/02\\\/parasta_osaamista_logo.jpg\",\"contentUrl\":\"https:\\\/\\\/blogit.gradia.fi\\\/parasta_osaamista\\\/wp-content\\\/uploads\\\/sites\\\/20\\\/2018\\\/02\\\/parasta_osaamista_logo.jpg\",\"width\":344,\"height\":334,\"caption\":\"Parasta osaamista -verkostohanke\"},\"image\":{\"@id\":\"https:\\\/\\\/blogit.gradia.fi\\\/parasta_osaamista\\\/#\\\/schema\\\/logo\\\/image\\\/\"},\"sameAs\":[\"https:\\\/\\\/www.facebook.com\\\/POsaamista\\\/\",\"https:\\\/\\\/x.com\\\/Posaaja_\",\"https:\\\/\\\/www.instagram.com\\\/parastaosaamista\\\/\",\"https:\\\/\\\/www.youtube.com\\\/channel\\\/UC7hv9jw0R6lS_Fmz5L9TUPw\"]}]}<\/script>\n<!-- \/ Yoast SEO plugin. -->","yoast_head_json":{"title":"Open Partner - Parasta osaamista","robots":{"index":"index","follow":"follow","max-snippet":"max-snippet:-1","max-image-preview":"max-image-preview:large","max-video-preview":"max-video-preview:-1"},"canonical":"https:\/\/blogit.gradia.fi\/parasta_osaamista\/open-partner\/","og_locale":"fi_FI","og_type":"article","og_title":"Open Partner - Parasta osaamista","og_description":"Open Partner &#8211; V\u00e4lkommen p\u00e5 bes\u00f6k till l\u00e4roanstalten En av m\u00e5ls\u00e4ttningen med den nya yrkesutbildningen \u00e4r att samarbetet mellan arbetslivet och l\u00e4roanstalterna ska \u00f6ka. Den m\u00e5ls\u00e4ttningen st\u00f6ds av Open Partner, d\u00e4r arbetslivsrepresentanten bjuds in&#46;&#46;&#46;","og_url":"https:\/\/blogit.gradia.fi\/parasta_osaamista\/open-partner\/","og_site_name":"Parasta osaamista","article_publisher":"https:\/\/www.facebook.com\/POsaamista\/","article_modified_time":"2019-08-08T09:28:27+00:00","twitter_card":"summary_large_image","twitter_site":"@Posaaja_","twitter_misc":{"Arvioitu lukuaika":"1 minuutti"},"schema":{"@context":"https:\/\/schema.org","@graph":[{"@type":"WebPage","@id":"https:\/\/blogit.gradia.fi\/parasta_osaamista\/open-partner\/","url":"https:\/\/blogit.gradia.fi\/parasta_osaamista\/open-partner\/","name":"Open Partner - Parasta osaamista","isPartOf":{"@id":"https:\/\/blogit.gradia.fi\/parasta_osaamista\/#website"},"datePublished":"2019-02-19T07:42:25+00:00","dateModified":"2019-08-08T09:28:27+00:00","inLanguage":"fi","potentialAction":[{"@type":"ReadAction","target":["https:\/\/blogit.gradia.fi\/parasta_osaamista\/open-partner\/"]}]},{"@type":"WebSite","@id":"https:\/\/blogit.gradia.fi\/parasta_osaamista\/#website","url":"https:\/\/blogit.gradia.fi\/parasta_osaamista\/","name":"Parasta osaamista","description":"Parasta osaamista -verkostohanke","publisher":{"@id":"https:\/\/blogit.gradia.fi\/parasta_osaamista\/#organization"},"potentialAction":[{"@type":"SearchAction","target":{"@type":"EntryPoint","urlTemplate":"https:\/\/blogit.gradia.fi\/parasta_osaamista\/?s={search_term_string}"},"query-input":{"@type":"PropertyValueSpecification","valueRequired":true,"valueName":"search_term_string"}}],"inLanguage":"fi"},{"@type":"Organization","@id":"https:\/\/blogit.gradia.fi\/parasta_osaamista\/#organization","name":"Parasta osaamista -verkostohanke","url":"https:\/\/blogit.gradia.fi\/parasta_osaamista\/","logo":{"@type":"ImageObject","inLanguage":"fi","@id":"https:\/\/blogit.gradia.fi\/parasta_osaamista\/#\/schema\/logo\/image\/","url":"https:\/\/blogit.gradia.fi\/parasta_osaamista\/wp-content\/uploads\/sites\/20\/2018\/02\/parasta_osaamista_logo.jpg","contentUrl":"https:\/\/blogit.gradia.fi\/parasta_osaamista\/wp-content\/uploads\/sites\/20\/2018\/02\/parasta_osaamista_logo.jpg","width":344,"height":334,"caption":"Parasta osaamista -verkostohanke"},"image":{"@id":"https:\/\/blogit.gradia.fi\/parasta_osaamista\/#\/schema\/logo\/image\/"},"sameAs":["https:\/\/www.facebook.com\/POsaamista\/","https:\/\/x.com\/Posaaja_","https:\/\/www.instagram.com\/parastaosaamista\/","https:\/\/www.youtube.com\/channel\/UC7hv9jw0R6lS_Fmz5L9TUPw"]}]}},"uagb_featured_image_src":{"full":false,"thumbnail":false,"medium":false,"medium_large":false,"large":false,"1536x1536":false,"2048x2048":false,"thumb-small":false,"thumb-standard":false,"thumb-medium":false,"thumb-large":false,"thumb-xlarge":false,"thumb-xxlarge":false},"uagb_author_info":{"display_name":"Susanna Kanninen","author_link":"https:\/\/blogit.gradia.fi\/parasta_osaamista\/author\/kannisus\/"},"uagb_comment_info":0,"uagb_excerpt":"Open Partner &#8211; V\u00e4lkommen p\u00e5 bes\u00f6k till l\u00e4roanstalten En av m\u00e5ls\u00e4ttningen med den nya yrkesutbildningen \u00e4r att samarbetet mellan arbetslivet och l\u00e4roanstalterna ska \u00f6ka. Den m\u00e5ls\u00e4ttningen st\u00f6ds av Open Partner, d\u00e4r arbetslivsrepresentanten bjuds in&#46;&#46;&#46;","_links":{"self":[{"href":"https:\/\/blogit.gradia.fi\/parasta_osaamista\/wp-json\/wp\/v2\/pages\/1811","targetHints":{"allow":["GET"]}}],"collection":[{"href":"https:\/\/blogit.gradia.fi\/parasta_osaamista\/wp-json\/wp\/v2\/pages"}],"about":[{"href":"https:\/\/blogit.gradia.fi\/parasta_osaamista\/wp-json\/wp\/v2\/types\/page"}],"author":[{"embeddable":true,"href":"https:\/\/blogit.gradia.fi\/parasta_osaamista\/wp-json\/wp\/v2\/users\/181"}],"replies":[{"embeddable":true,"href":"https:\/\/blogit.gradia.fi\/parasta_osaamista\/wp-json\/wp\/v2\/comments?post=1811"}],"version-history":[{"count":7,"href":"https:\/\/blogit.gradia.fi\/parasta_osaamista\/wp-json\/wp\/v2\/pages\/1811\/revisions"}],"predecessor-version":[{"id":2882,"href":"https:\/\/blogit.gradia.fi\/parasta_osaamista\/wp-json\/wp\/v2\/pages\/1811\/revisions\/2882"}],"wp:attachment":[{"href":"https:\/\/blogit.gradia.fi\/parasta_osaamista\/wp-json\/wp\/v2\/media?parent=1811"}],"curies":[{"name":"wp","href":"https:\/\/api.w.org\/{rel}","templated":true}]}}