{"id":1806,"date":"2019-02-18T16:47:44","date_gmt":"2019-02-18T14:47:44","guid":{"rendered":"https:\/\/blogit.gradia.fi\/parasta_osaamista\/?page_id=1806"},"modified":"2019-02-18T16:48:36","modified_gmt":"2019-02-18T14:48:36","slug":"engagerade-foregangare","status":"publish","type":"page","link":"https:\/\/blogit.gradia.fi\/parasta_osaamista\/engagerade-foregangare\/","title":{"rendered":"Engagerade f\u00f6reg\u00e5ngare"},"content":{"rendered":"\n<p>Engagerade\nf\u00f6reg\u00e5ngare bygger ny identitet<\/p>\n\n\n\n<p>Arbetslivet\nf\u00f6r\u00e4ndras snabbt och kraftigt. I m\u00e5nga yrken klarar man sig inte l\u00e4ngre med\nf\u00e4rdigheter eller metoder som anv\u00e4nts f\u00f6rr och samtidigt uppst\u00e5r nya\narbetsuppgifter och arbetss\u00e4tt och gamla f\u00f6rsvinner. Det betyder att hela\nyrkesidentiteten i m\u00e5nga branscher och yrken p\u00e5 grund av f\u00f6r\u00e4ndringarna m\u00e5ste\nbyggas upp p\u00e5 nytt. Yrkesutbildningens verksamhetsmilj\u00f6 utg\u00f6r inget undantag i\ndet h\u00e4r avseendet. F\u00f6r\u00e4ndringarna avspeglas p\u00e5 undervisnings- och\nhandledningspersonalen och omv\u00e4nt. Undervisnings- och handledningspersonalen\nska h\u00e4nga med i arbetslivets f\u00f6r\u00e4ndringar och samtidigt forma sin\nyrkesidentitet av nya bitar.<\/p>\n\n\n\n<p>N\u00e4tverksprojektet\nB\u00e4sta kunnande k\u00f6rde ig\u00e5ng 2017 till st\u00f6d f\u00f6r undervisnings- och\nhandledningspersonalen n\u00e4r yrkesutbildningen reformeras. I projektet deltar tio\nanordnare av yrkesutbildning och alla de fem yrkesl\u00e4rarh\u00f6gskolorna. Projektets\nverksamhet inleddes med en kartl\u00e4ggning av undervisnings och\nhandledningspersonalens behov av kunnande. Verksamheten i f\u00f6rnyelsearbetet\nfortsatte med att man svarade p\u00e5 de behov av kunnande som observerats b\u00e5de med\nhj\u00e4lp av utbildningsf\u00f6rs\u00f6k och med st\u00f6dmaterial som man utarbetade tillsammans.<\/p>\n\n\n\n<p>I\nn\u00e4tverksprojektet har det \u00e4ven producerats artiklar f\u00f6r att ge undervisnings-\noch handledningspersonalen st\u00f6d f\u00f6r att bygga upp den nya identiteten.\nArtiklarna f\u00f6r samman forskning, reflektioner, dryftande av m\u00f6jligheter och\nframf\u00f6rallt en blick p\u00e5 framtiden. F\u00f6ljande artiklar \u00e4r ett utdrag ur den\nfinska artikelpublikationen Innokkaasti edell\u00e4k\u00e4vij\u00e4n\u00e4! Kohti opetus- ja ohjaushenkil\u00f6st\u00f6n uudistuvia\nidentiteettipositioita<\/p>\n\n\n\n<p>(Raudasoja, Norontaus, Tapani\n&amp;Ylitervo 2018).<\/p>\n\n\n\n<p><strong>Yrkesl\u00e4raryrket\nsom ett f\u00f6rdjupat deltagande i arbetslivets praktiska rutiner<\/strong><\/p>\n\n\n\n<p>Anita Malinen och Petri Salo granskar i sin artikel hur l\u00e4rarens arbete blir mer m\u00e5ngformigt, m\u00e5ngsidigt och komplext. Centrala kompetensomr\u00e5den \u00e4r n\u00e4tverkande, interaktion och samarbete. L\u00e4raren ska kunna l\u00e4ra sig nytt och detta nya l\u00e4rande framtr\u00e4der som ett deltagande i de sociala rutinerna i den egna yrkesbranschen.<\/p>\n\n\n\n<p><strong>Handledning\nsom en del av yrkesutbildningen<\/strong><\/p>\n\n\n\n<p>I\nartikeln Ohjaus osana ammatillista koulutusta (Handledning som en del av\nyrkesutbildningen) granskar Harri Kukkonen, Outi Rantanen och Ari Jussila\nbegreppet handledning, som har m\u00e5nga betydelser och kan tolkas p\u00e5 olika s\u00e4tt.\nBegreppet handledning \u00e4r \u00e5 ena sidan f\u00f6renat med en n\u00e4stan sj\u00e4lvklar bekanthet,\nmen \u00e4nd\u00e5 inneh\u00e5ller det olika funktioner och det tolkas p\u00e5 olika s\u00e4tt. \u00c5 ena\nsidan har det varit l\u00e4ttare att beskriva vad handledning inte \u00e4r \u00e4n vad det \u00e4r,\n\u00e5 andra sidan har det konstaterats att handledningen flyr undan en definition.\nHandledning inneb\u00e4r att man m\u00f6ts, p\u00e5 ett meningsfullt och bel\u00f6nande s\u00e4tt.<\/p>\n\n\n\n<p><strong>Bed\u00f6mningens\nkomponenter i yrkesutbildningen<\/strong><\/p>\n\n\n\n<p>Harri\nKeurulainen belyser i sin artikel Arvioinnin komponentit ammatillisessa\nkoulutuksessa (Bed\u00f6mningens komponenter i yrkesutbildningen) hur bed\u00f6mningen\nhar utvecklats. Beskrivningen av bed\u00f6mningens utveckling avslutas med en\ndefinition av bed\u00f6mningens tre mest centrala komponenter: handledande\nbed\u00f6mning, sj\u00e4lvbed\u00f6mning och bed\u00f6mningsbeslutet.<\/p>\n\n\n\n<p>B\u00e4sta kunnande-n\u00e4tverksprojektet via Yrkesakademin i \u00d6sterbotten har m\u00f6jliggjort att delar av publikationen ges ut p\u00e5 svenska. De svenskspr\u00e5kiga artiklarna finns <a href=\"https:\/\/blogit.gradia.fi\/parastaosaamista\/wp-content\/uploads\/sites\/19\/2019\/02\/Engagerade-fo%CC%88rega%CC%8Angare.pdf\" target=\"_blank\" rel=\"noreferrer noopener\" aria-label=\" (avautuu uudessa v\u00e4lilehdess\u00e4)\">h\u00e4r.<\/a><\/p>\n\n\n\n<p>Givande\nl\u00e4sstunder som engagerade f\u00f6reg\u00e5ngare!<\/p>\n","protected":false},"excerpt":{"rendered":"<p>Engagerade f\u00f6reg\u00e5ngare bygger ny identitet Arbetslivet f\u00f6r\u00e4ndras snabbt och kraftigt. I m\u00e5nga yrken klarar man sig inte l\u00e4ngre med f\u00e4rdigheter eller metoder som anv\u00e4nts f\u00f6rr och samtidigt uppst\u00e5r nya arbetsuppgifter och arbetss\u00e4tt och gamla&#46;&#46;&#46;<\/p>\n","protected":false},"author":181,"featured_media":0,"parent":0,"menu_order":0,"comment_status":"closed","ping_status":"closed","template":"","meta":{"_uag_custom_page_level_css":"","footnotes":""},"class_list":["post-1806","page","type-page","status-publish","hentry"],"yoast_head":"<!-- This site is optimized with the Yoast SEO plugin v27.4 - https:\/\/yoast.com\/product\/yoast-seo-wordpress\/ -->\n<title>Engagerade f\u00f6reg\u00e5ngare - Parasta osaamista<\/title>\n<meta name=\"robots\" content=\"index, follow, max-snippet:-1, max-image-preview:large, max-video-preview:-1\" \/>\n<link rel=\"canonical\" href=\"https:\/\/blogit.gradia.fi\/parasta_osaamista\/engagerade-foregangare\/\" \/>\n<meta property=\"og:locale\" content=\"fi_FI\" \/>\n<meta property=\"og:type\" content=\"article\" \/>\n<meta property=\"og:title\" content=\"Engagerade f\u00f6reg\u00e5ngare - Parasta osaamista\" \/>\n<meta property=\"og:description\" content=\"Engagerade f\u00f6reg\u00e5ngare bygger ny identitet Arbetslivet f\u00f6r\u00e4ndras snabbt och kraftigt. I m\u00e5nga yrken klarar man sig inte l\u00e4ngre med f\u00e4rdigheter eller metoder som anv\u00e4nts f\u00f6rr och samtidigt uppst\u00e5r nya arbetsuppgifter och arbetss\u00e4tt och gamla&#046;&#046;&#046;\" \/>\n<meta property=\"og:url\" content=\"https:\/\/blogit.gradia.fi\/parasta_osaamista\/engagerade-foregangare\/\" \/>\n<meta property=\"og:site_name\" content=\"Parasta osaamista\" \/>\n<meta property=\"article:publisher\" content=\"https:\/\/www.facebook.com\/POsaamista\/\" \/>\n<meta property=\"article:modified_time\" content=\"2019-02-18T14:48:36+00:00\" \/>\n<meta name=\"twitter:card\" content=\"summary_large_image\" \/>\n<meta name=\"twitter:site\" content=\"@Posaaja_\" \/>\n<meta name=\"twitter:label1\" content=\"Arvioitu lukuaika\" \/>\n\t<meta name=\"twitter:data1\" content=\"3 minuuttia\" \/>\n<script type=\"application\/ld+json\" class=\"yoast-schema-graph\">{\"@context\":\"https:\\\/\\\/schema.org\",\"@graph\":[{\"@type\":\"WebPage\",\"@id\":\"https:\\\/\\\/blogit.gradia.fi\\\/parasta_osaamista\\\/engagerade-foregangare\\\/\",\"url\":\"https:\\\/\\\/blogit.gradia.fi\\\/parasta_osaamista\\\/engagerade-foregangare\\\/\",\"name\":\"Engagerade f\u00f6reg\u00e5ngare - Parasta osaamista\",\"isPartOf\":{\"@id\":\"https:\\\/\\\/blogit.gradia.fi\\\/parasta_osaamista\\\/#website\"},\"datePublished\":\"2019-02-18T14:47:44+00:00\",\"dateModified\":\"2019-02-18T14:48:36+00:00\",\"inLanguage\":\"fi\",\"potentialAction\":[{\"@type\":\"ReadAction\",\"target\":[\"https:\\\/\\\/blogit.gradia.fi\\\/parasta_osaamista\\\/engagerade-foregangare\\\/\"]}]},{\"@type\":\"WebSite\",\"@id\":\"https:\\\/\\\/blogit.gradia.fi\\\/parasta_osaamista\\\/#website\",\"url\":\"https:\\\/\\\/blogit.gradia.fi\\\/parasta_osaamista\\\/\",\"name\":\"Parasta osaamista\",\"description\":\"Parasta osaamista -verkostohanke\",\"publisher\":{\"@id\":\"https:\\\/\\\/blogit.gradia.fi\\\/parasta_osaamista\\\/#organization\"},\"potentialAction\":[{\"@type\":\"SearchAction\",\"target\":{\"@type\":\"EntryPoint\",\"urlTemplate\":\"https:\\\/\\\/blogit.gradia.fi\\\/parasta_osaamista\\\/?s={search_term_string}\"},\"query-input\":{\"@type\":\"PropertyValueSpecification\",\"valueRequired\":true,\"valueName\":\"search_term_string\"}}],\"inLanguage\":\"fi\"},{\"@type\":\"Organization\",\"@id\":\"https:\\\/\\\/blogit.gradia.fi\\\/parasta_osaamista\\\/#organization\",\"name\":\"Parasta osaamista -verkostohanke\",\"url\":\"https:\\\/\\\/blogit.gradia.fi\\\/parasta_osaamista\\\/\",\"logo\":{\"@type\":\"ImageObject\",\"inLanguage\":\"fi\",\"@id\":\"https:\\\/\\\/blogit.gradia.fi\\\/parasta_osaamista\\\/#\\\/schema\\\/logo\\\/image\\\/\",\"url\":\"https:\\\/\\\/blogit.gradia.fi\\\/parasta_osaamista\\\/wp-content\\\/uploads\\\/sites\\\/20\\\/2018\\\/02\\\/parasta_osaamista_logo.jpg\",\"contentUrl\":\"https:\\\/\\\/blogit.gradia.fi\\\/parasta_osaamista\\\/wp-content\\\/uploads\\\/sites\\\/20\\\/2018\\\/02\\\/parasta_osaamista_logo.jpg\",\"width\":344,\"height\":334,\"caption\":\"Parasta osaamista -verkostohanke\"},\"image\":{\"@id\":\"https:\\\/\\\/blogit.gradia.fi\\\/parasta_osaamista\\\/#\\\/schema\\\/logo\\\/image\\\/\"},\"sameAs\":[\"https:\\\/\\\/www.facebook.com\\\/POsaamista\\\/\",\"https:\\\/\\\/x.com\\\/Posaaja_\",\"https:\\\/\\\/www.instagram.com\\\/parastaosaamista\\\/\",\"https:\\\/\\\/www.youtube.com\\\/channel\\\/UC7hv9jw0R6lS_Fmz5L9TUPw\"]}]}<\/script>\n<!-- \/ Yoast SEO plugin. -->","yoast_head_json":{"title":"Engagerade f\u00f6reg\u00e5ngare - Parasta osaamista","robots":{"index":"index","follow":"follow","max-snippet":"max-snippet:-1","max-image-preview":"max-image-preview:large","max-video-preview":"max-video-preview:-1"},"canonical":"https:\/\/blogit.gradia.fi\/parasta_osaamista\/engagerade-foregangare\/","og_locale":"fi_FI","og_type":"article","og_title":"Engagerade f\u00f6reg\u00e5ngare - Parasta osaamista","og_description":"Engagerade f\u00f6reg\u00e5ngare bygger ny identitet Arbetslivet f\u00f6r\u00e4ndras snabbt och kraftigt. I m\u00e5nga yrken klarar man sig inte l\u00e4ngre med f\u00e4rdigheter eller metoder som anv\u00e4nts f\u00f6rr och samtidigt uppst\u00e5r nya arbetsuppgifter och arbetss\u00e4tt och gamla&#46;&#46;&#46;","og_url":"https:\/\/blogit.gradia.fi\/parasta_osaamista\/engagerade-foregangare\/","og_site_name":"Parasta osaamista","article_publisher":"https:\/\/www.facebook.com\/POsaamista\/","article_modified_time":"2019-02-18T14:48:36+00:00","twitter_card":"summary_large_image","twitter_site":"@Posaaja_","twitter_misc":{"Arvioitu lukuaika":"3 minuuttia"},"schema":{"@context":"https:\/\/schema.org","@graph":[{"@type":"WebPage","@id":"https:\/\/blogit.gradia.fi\/parasta_osaamista\/engagerade-foregangare\/","url":"https:\/\/blogit.gradia.fi\/parasta_osaamista\/engagerade-foregangare\/","name":"Engagerade f\u00f6reg\u00e5ngare - Parasta osaamista","isPartOf":{"@id":"https:\/\/blogit.gradia.fi\/parasta_osaamista\/#website"},"datePublished":"2019-02-18T14:47:44+00:00","dateModified":"2019-02-18T14:48:36+00:00","inLanguage":"fi","potentialAction":[{"@type":"ReadAction","target":["https:\/\/blogit.gradia.fi\/parasta_osaamista\/engagerade-foregangare\/"]}]},{"@type":"WebSite","@id":"https:\/\/blogit.gradia.fi\/parasta_osaamista\/#website","url":"https:\/\/blogit.gradia.fi\/parasta_osaamista\/","name":"Parasta osaamista","description":"Parasta osaamista -verkostohanke","publisher":{"@id":"https:\/\/blogit.gradia.fi\/parasta_osaamista\/#organization"},"potentialAction":[{"@type":"SearchAction","target":{"@type":"EntryPoint","urlTemplate":"https:\/\/blogit.gradia.fi\/parasta_osaamista\/?s={search_term_string}"},"query-input":{"@type":"PropertyValueSpecification","valueRequired":true,"valueName":"search_term_string"}}],"inLanguage":"fi"},{"@type":"Organization","@id":"https:\/\/blogit.gradia.fi\/parasta_osaamista\/#organization","name":"Parasta osaamista -verkostohanke","url":"https:\/\/blogit.gradia.fi\/parasta_osaamista\/","logo":{"@type":"ImageObject","inLanguage":"fi","@id":"https:\/\/blogit.gradia.fi\/parasta_osaamista\/#\/schema\/logo\/image\/","url":"https:\/\/blogit.gradia.fi\/parasta_osaamista\/wp-content\/uploads\/sites\/20\/2018\/02\/parasta_osaamista_logo.jpg","contentUrl":"https:\/\/blogit.gradia.fi\/parasta_osaamista\/wp-content\/uploads\/sites\/20\/2018\/02\/parasta_osaamista_logo.jpg","width":344,"height":334,"caption":"Parasta osaamista -verkostohanke"},"image":{"@id":"https:\/\/blogit.gradia.fi\/parasta_osaamista\/#\/schema\/logo\/image\/"},"sameAs":["https:\/\/www.facebook.com\/POsaamista\/","https:\/\/x.com\/Posaaja_","https:\/\/www.instagram.com\/parastaosaamista\/","https:\/\/www.youtube.com\/channel\/UC7hv9jw0R6lS_Fmz5L9TUPw"]}]}},"uagb_featured_image_src":{"full":false,"thumbnail":false,"medium":false,"medium_large":false,"large":false,"1536x1536":false,"2048x2048":false,"thumb-small":false,"thumb-standard":false,"thumb-medium":false,"thumb-large":false,"thumb-xlarge":false,"thumb-xxlarge":false},"uagb_author_info":{"display_name":"Susanna Kanninen","author_link":"https:\/\/blogit.gradia.fi\/parasta_osaamista\/author\/kannisus\/"},"uagb_comment_info":0,"uagb_excerpt":"Engagerade f\u00f6reg\u00e5ngare bygger ny identitet Arbetslivet f\u00f6r\u00e4ndras snabbt och kraftigt. I m\u00e5nga yrken klarar man sig inte l\u00e4ngre med f\u00e4rdigheter eller metoder som anv\u00e4nts f\u00f6rr och samtidigt uppst\u00e5r nya arbetsuppgifter och arbetss\u00e4tt och gamla&#46;&#46;&#46;","_links":{"self":[{"href":"https:\/\/blogit.gradia.fi\/parasta_osaamista\/wp-json\/wp\/v2\/pages\/1806","targetHints":{"allow":["GET"]}}],"collection":[{"href":"https:\/\/blogit.gradia.fi\/parasta_osaamista\/wp-json\/wp\/v2\/pages"}],"about":[{"href":"https:\/\/blogit.gradia.fi\/parasta_osaamista\/wp-json\/wp\/v2\/types\/page"}],"author":[{"embeddable":true,"href":"https:\/\/blogit.gradia.fi\/parasta_osaamista\/wp-json\/wp\/v2\/users\/181"}],"replies":[{"embeddable":true,"href":"https:\/\/blogit.gradia.fi\/parasta_osaamista\/wp-json\/wp\/v2\/comments?post=1806"}],"version-history":[{"count":2,"href":"https:\/\/blogit.gradia.fi\/parasta_osaamista\/wp-json\/wp\/v2\/pages\/1806\/revisions"}],"predecessor-version":[{"id":1810,"href":"https:\/\/blogit.gradia.fi\/parasta_osaamista\/wp-json\/wp\/v2\/pages\/1806\/revisions\/1810"}],"wp:attachment":[{"href":"https:\/\/blogit.gradia.fi\/parasta_osaamista\/wp-json\/wp\/v2\/media?parent=1806"}],"curies":[{"name":"wp","href":"https:\/\/api.w.org\/{rel}","templated":true}]}}