{"id":180,"date":"2018-04-09T11:48:04","date_gmt":"2018-04-09T08:48:04","guid":{"rendered":"https:\/\/blogit.gradia.fi\/parastatestia\/?page_id=180"},"modified":"2019-11-15T14:19:51","modified_gmt":"2019-11-15T12:19:51","slug":"webinaarit","status":"publish","type":"page","link":"https:\/\/blogit.gradia.fi\/parasta_osaamista\/webinaarit\/","title":{"rendered":"Webinaarit"},"content":{"rendered":"<p>Parasta osaamista -verkostohanke j\u00e4rjest\u00e4\u00e4 webinaareja uudistuneen ammatillisen koulutuksen eri teemoihin liittyen.<\/p>\n<p>T\u00e4lt\u00e4 sivustolta l\u00f6yd\u00e4t webinaarien tallenteet ja materiaalit. Webinaareja j\u00e4rjestet\u00e4\u00e4n lis\u00e4\u00e4 kev\u00e4\u00e4n 2019 aikana. Voit osallistua webinaareihin ilmoittautumalla koulutuksiin <a href=\"https:\/\/blogit.gradia.fi\/parasta_osaamista\/events\/lista\/\" target=\"_blank\" rel=\"noopener noreferrer\">kalenterimme<\/a> kautta. Voit\u00a0 my\u00f6s katsoa koulutukset j\u00e4lkik\u00e4teen tallenteina.<\/p>\n<p>Suurin osa webinaareista l\u00f6ytyy my\u00f6s<strong> <a href=\"https:\/\/www.youtube.com\/channel\/UC7hv9jw0R6lS_Fmz5L9TUPw\" target=\"_blank\" rel=\"noopener noreferrer\">YouTube-kanavaltamme<\/a><\/strong>.<\/p>\n<h2>Syksyn 2019 webinaarien tallenteet ja materiaalit<\/h2>\n<p><strong>Ammatillista koulutusta ohjaavat s\u00e4\u00e4d\u00f6kset<\/strong> <strong>6.9.2019, kesto 00:44. <\/strong><\/p>\n<p><a href=\"https:\/\/connect.funet.fi\/pnahqk9ifxa8\/?OWASP_CSRFTOKEN=fb8fd3cf31bbf0bb43976262daa95b352e9c35cd1cd8c775024a31688ee171a6&amp;proto=true\">Tallenne<\/a><\/p>\n<p><strong>Kokemuksia Hoks-kysymyspatteriston k\u00e4ytt\u00e4misest\u00e4 7.10.2019, kesto 31:00. \u00a0<\/strong><\/p>\n<p><a href=\"https:\/\/www.youtube.com\/watch?v=roNOWhiCjnI&amp;feature=youtu.be\">Tallenne<\/a><\/p>\n<p><strong>Ty\u00f6el\u00e4m\u00e4ss\u00e4 oppimisen muistilistat ja Ty\u00f6paikkaohjaajan perehdytyksen tarkistuslista 15.11.2019.<\/strong><\/p>\n<p><a href=\"https:\/\/www.youtube.com\/watch?v=_L74uP_U3uU&amp;feature=youtu.be\">Tallenne<\/a><\/p>\n<p><strong>Ty\u00f6paikkaohjaajan verkkovalmennuksen esittely 15.11.<\/strong><\/p>\n<p><a href=\"https:\/\/www.youtube.com\/watch?v=4cfYzVBgQAY\">Tallenne<\/a><\/p>\n<h2>Kev\u00e4\u00e4n 2019 webinaarien tallenteet ja materiaalit<\/h2>\n<p><strong> Ty\u00f6paikkaohjaajan perehdytys ja Ty\u00f6el\u00e4m\u00e4ss\u00e4 oppimisen muistilistat<\/strong><\/p>\n<p><a href=\"https:\/\/www.youtube.com\/watch?v=L6JohSbI-tY&amp;feature=youtu.be\" target=\"_blank\" rel=\"noopener noreferrer\"><strong>Tallenne<\/strong><\/a><\/p>\n<p><a href=\"https:\/\/blogit.gradia.fi\/parasta_osaamista\/wp-content\/uploads\/sites\/20\/2019\/05\/Parasta-osaamista-Webinaari-Ty\u00f6paikkaohjaajan-perehdytys-ja-Ty\u00f6el\u00e4m\u00e4ss\u00e4-oppimisen-muistilistat.pdf\" target=\"_blank\" rel=\"noopener noreferrer\"><strong>Materiaali<\/strong><\/a><\/p>\n<p class=\"title style-scope ytd-video-primary-info-renderer\"><strong>Osaamisen arvioinnin oppaat webinaari<\/strong><\/p>\n<p><a href=\"https:\/\/www.youtube.com\/watch?v=ZDlBytaH90U\" target=\"_blank\" rel=\"noopener noreferrer\"><strong>Tallenne<\/strong><\/a><\/p>\n<p><strong>Parasta osaamista -verkostohankeen koulutukset, ty\u00f6kalut ja toimintamallit k\u00e4ytt\u00f6\u00f6si\u00a0<\/strong><\/p>\n<p><a href=\"https:\/\/www.youtube.com\/watch?v=LdmyQfRENTc\" target=\"_blank\" rel=\"noopener noreferrer\"><strong>Tallenne<\/strong><\/a><\/p>\n<p><strong>Ammatillista koulutusta ohjaavat s\u00e4\u00e4d\u00f6kset 27.3.2019, kesto 01:27<br \/>\n<\/strong><\/p>\n<p><a href=\"https:\/\/connect.funet.fi\/pkzs2i0a5v9h\/\" target=\"_blank\" rel=\"noopener noreferrer\"><strong>Tallenne<\/strong><\/a><\/p>\n<p>Materiaalit:<\/p>\n<p>1) <a href=\"https:\/\/blogit.gradia.fi\/parasta_osaamista\/wp-content\/uploads\/sites\/20\/2019\/04\/27.3.2019-Ammatillista-koulutusta-ohjaavat-sa\u0308a\u0308do\u0308kset_OAMK-1.pdf\" target=\"_blank\" rel=\"noopener noreferrer\"><strong>Sis\u00e4lt\u00f6<\/strong><\/a><\/p>\n<p>2) <a href=\"https:\/\/prezi.com\/view\/zDPbciQBFqYJ1t4LFom3\/\" target=\"_blank\" rel=\"noopener noreferrer\"><strong>Keskeiset s<\/strong><strong>\u00e4\u00e4d\u00f6kset tutkintokoulutuksen prosessissa<\/strong><\/a><\/p>\n<h2>Syksyn 2018 webinaarien tallenteet ja materiaalit<\/h2>\n<p><strong>Erityinen tuki, ti 4.9.18 \u2013<\/strong>\u00a0<strong><a href=\"https:\/\/blogit.gradia.fi\/parastaosaamista\/2018\/09\/07\/erityisen-tuen-webinaarin-4-9-2018-tallenne-ja-materiaalit\/\" target=\"_blank\" rel=\"noopener noreferrer\">Tallenne<\/a><\/strong><\/p>\n<p><strong>Uudenlaiset oppimisen tavat ja mahdollisuudet<\/strong>\u00a0<strong>6.9.2018 Ammatillinen opettaja 2.0 <\/strong><br \/>\n<a href=\"https:\/\/connect.funet.fi\/ptj9763zm2m0\/\" target=\"_blank\" rel=\"noopener noreferrer\"><strong>Tallenne<\/strong><\/a>,\u00a0<strong> Materiaalit:<\/strong> <a href=\"https:\/\/blogit.gradia.fi\/parasta_osaamista\/wp-content\/uploads\/sites\/20\/2018\/09\/AMMATILLINENOPETTAJA2_webinaari.pdf\" target=\"_blank\" rel=\"noopener noreferrer\"><strong>Ammatillinen opettaja 2,<\/strong><\/a>\u00a0 <strong><a href=\"https:\/\/blogit.gradia.fi\/parasta_osaamista\/wp-content\/uploads\/sites\/20\/2018\/09\/Yhteinenosaamistaulukko.pdf\" target=\"_blank\" rel=\"noopener noreferrer\">Osaamistaulukko,\u00a0<\/a><\/strong>\u00a0<strong> <a href=\"https:\/\/blogit.gradia.fi\/parasta_osaamista\/wp-content\/uploads\/sites\/20\/2018\/09\/MitavoinmuuttaaPadlet.pdf\" target=\"_blank\" rel=\"noopener noreferrer\">Mit\u00e4 voin muuttaa_Padlet<\/a><\/strong><\/p>\n<p><strong>Uudenlaiset oppimisen tavat ja mahdollisuudet\u00a020.9. #amispedagogiikka<\/strong><br \/>\n<a href=\"https:\/\/connect.funet.fi\/po7fuoulva4b\/\" target=\"_blank\" rel=\"noopener noreferrer\"><strong>Tallenne,<\/strong>\u00a0<\/a>\u00a0<strong>Materiaalit:\u00a0<\/strong><strong><a href=\"https:\/\/prezi.com\/view\/1oOGJJdULwUNcfpgCatT\" target=\"_blank\" rel=\"noopener noreferrer\">#amispedagogiikka_Nina Eskola-Salin<\/a><\/strong><strong>,\u00a0<a href=\"https:\/\/bit.ly\/2OIDkmN\" target=\"_blank\" rel=\"noopener noreferrer\">#amispedagogiikka_Jiri Vilppola<\/a>,\u00a0\u00a0<a href=\"https:\/\/blogit.gradia.fi\/parasta_osaamista\/wp-content\/uploads\/sites\/20\/2018\/09\/amispedapadlet.pdf\" target=\"_blank\" rel=\"noopener noreferrer\">amispedapadlet<\/a>\u00a0<\/strong>(pdf)<\/p>\n<p><strong>Uudenlaiset oppimisen tavat ja mahdollisuudet\u00a04.10. Uusi opiskelijuus ammatillisessa koulutuksessa<\/strong><br \/>\n<a href=\"https:\/\/connect.funet.fi\/pcyi59l65d6u\/\" target=\"_blank\" rel=\"noopener noreferrer\"><strong>Tallenne<\/strong><\/a>\u00a0(Annukka Tapani, Nina Eskola-Salin)<\/p>\n<p><strong>Uudenlaiset oppimisen tavat ja mahdollisuudet\u00a015.11. Ty\u00f6el\u00e4m\u00e4l\u00e4heisyys<br \/>\n<a href=\"https:\/\/connect.funet.fi\/pxx72g0w01q2\/\" target=\"_blank\" rel=\"noopener noreferrer\">Tallenne<\/a><\/strong><\/p>\n<p><strong>Ohjausosaaminen<\/strong><\/p>\n<p><strong>Ohjaus yksil\u00f6n omana prosessina, 27.9.<\/strong><br \/>\n<strong><a href=\"https:\/\/bit.ly\/2xV4dvL\" target=\"_blank\" rel=\"noopener noreferrer\">Tallenne<\/a>,\u00a0 <a href=\"https:\/\/blogit.gradia.fi\/parasta_osaamista\/wp-content\/uploads\/sites\/20\/2018\/10\/Ohjaus-yksil\u00f6n-omana-prosessina_27.9.18.pdf\" target=\"_blank\" rel=\"noopener noreferrer\">Materiaali<\/a><\/strong> (pdf)<\/p>\n<p><strong>Ohjaus toimintana ja ryhm\u00e4n\u00e4k\u00f6kulma ohjaamiseen,\u00a025.10.<\/strong><br \/>\n<a href=\"https:\/\/connect.funet.fi\/pj0dgbkqph90\/\" target=\"_blank\" rel=\"noopener noreferrer\"><strong>Tallenne<\/strong><\/a>,\u00a0<strong><a href=\"https:\/\/blogit.gradia.fi\/parasta_osaamista\/wp-content\/uploads\/sites\/20\/2018\/11\/Ohjaus-toimintana-ja-ryhm\u00e4n\u00e4k\u00f6kulma-ohjaamiseen.pdf\" target=\"_blank\" rel=\"noopener noreferrer\">Materiaali\u00a0<\/a>(<\/strong>pdf)<\/p>\n<p><strong>Ohjaus ja erilaiset tuen tarpeet,\u00a029.11.<\/strong><br \/>\n<strong><a href=\"https:\/\/connect.funet.fi\/prj42t4jmmy8\/\" target=\"_blank\" rel=\"noopener noreferrer\">Tallenne<\/a><\/strong>,\u00a0 Materiaali (pdf)<\/p>\n<h2>Kev\u00e4\u00e4n 2018 webinaarien tallenteet ja materiaalit<\/h2>\n<p><strong>Webinaarien teemat ja aikataulut (materiaalilinkit avautuvat uuteen ikkunaan, josta linkki t\u00e4ytyy viel\u00e4 klikata auki)<\/strong><\/p>\n<p><strong>HOKS-t\u00e4sm\u00e4isku\u00a0<\/strong><strong>Tallenne\u00a0<a href=\"https:\/\/www.youtube.com\/watch?v=wBBq-wumX8E\" target=\"_blank\" rel=\"noopener noreferrer\">YouTube-kanavalla<\/a><\/strong>\u00a0<a href=\"https:\/\/blogit.gradia.fi\/parasta_osaamista\/wp-content\/uploads\/sites\/20\/2019\/04\/PO_HOKS_t\u00e4sm\u00e4isku.pdf\" target=\"_blank\" rel=\"noopener noreferrer\">Materiaali<\/a><\/p>\n<p><strong>Arvioinnin kokonaisuus \/ osaamisen tunnistaminen ja tunnustaminen\u00a0Tallenne<\/strong><strong>\u00a0<a href=\"https:\/\/www.youtube.com\/channel\/UC7hv9jw0R6lS_Fmz5L9TUPw\" target=\"_blank\" rel=\"noopener noreferrer\">YouTube-kanavalla<\/a>\u00a0<\/strong>\u00a0<a href=\"https:\/\/blogit.gradia.fi\/parastaosaamista\/wp-content\/uploads\/sites\/401\/2018\/02\/Arvioinnin-kokonaisuus_tunnistaminen-ja-tunnustaminen-140218.pdf\" target=\"_blank\" rel=\"noopener noreferrer\">Materiaali<\/a><\/p>\n<p><strong>Identifiering och erk\u00e4nnande av kunnande, <a href=\"https:\/\/www.youtube.com\/watch?v=aug_uHhvJjY\" target=\"_blank\" rel=\"noopener noreferrer\">video p\u00e5 svenska<\/a><\/strong><\/p>\n<p><strong>Arvioinnin kokonaisuus \/ osaamisen arviointi, n\u00e4ytt\u00f6 Tallenne\u00a0<a href=\"https:\/\/www.youtube.com\/watch?v=AuI0ByaQrtk\" target=\"_blank\" rel=\"noopener noreferrer\">YouTube-kanavalla<\/a>\u00a0<\/strong>\u00a0<a href=\"https:\/\/blogit.gradia.fi\/parasta_osaamista\/wp-content\/uploads\/sites\/20\/2019\/04\/Arvioinnin-kokonaisuus_n\u00e4ytt\u00f6-210218_.pdf\" target=\"_blank\" rel=\"noopener noreferrer\">Materiaali<\/a><\/p>\n<p><strong>Erityinen tuki\u00a0 6.3.2018\u00a0Tallenne\u00a0<a href=\"https:\/\/www.youtube.com\/watch?v=3Mb0NQS7gwY\" target=\"_blank\" rel=\"noopener noreferrer\">YouTube-kanavalla<\/a>\u00a0<\/strong>\u00a0<a href=\"https:\/\/blogit.gradia.fi\/parastaosaamista\/erityinen-tuki-esitysmateriaali-6-3-2018\/\" target=\"_blank\" rel=\"noopener noreferrer\">Materiaali<\/a><\/p>\n<p><strong>Erityinen tuki\u00a019.3.2018 Tallenne\u00a0<a href=\"https:\/\/youtu.be\/2nnMIk1mzTs\" target=\"_blank\" rel=\"noopener noreferrer\">YouTube-kanavalla\u00a0<\/a>\u00a0\u00a0<\/strong><a href=\"https:\/\/blogit.gradia.fi\/parasta_osaamista\/wp-content\/uploads\/sites\/20\/2019\/04\/Erityinen-tuki-19.3.2018-webinaari.pdf\" target=\"_blank\" rel=\"noopener noreferrer\">Materiaali<\/a><\/p>\n<p><strong>Puuttuvan osaamisen hankkiminen, koulutussopimus ja oppisopimus<br \/>\n22.3. ja 26.3.2018<\/strong> <strong>Tallenne<\/strong>\u00a0<strong><a href=\"https:\/\/youtu.be\/affTOXu4b5Q\" target=\"_blank\" rel=\"noopener noreferrer\">YouTube-kanavalla<\/a><\/strong>\u00a0 <a href=\"https:\/\/blogit.gradia.fi\/parasta_osaamista\/wp-content\/uploads\/sites\/20\/2019\/04\/WEB-Puuttuvan-osaamisen-hankkiminen-koulutussopimus-ja-oppisopimus.pdf\" target=\"_blank\" rel=\"noopener noreferrer\">Materiaali<\/a><\/p>\n<p><strong>Uraohjaus\u00a0Osa 1 lains\u00e4\u00e4d\u00e4nn\u00f6n ja yhteisten tutkinnon osien n\u00e4k\u00f6kulmalta <a href=\"https:\/\/www.youtube.com\/watch?v=XRSdD0b9kOM\" target=\"_blank\" rel=\"noopener noreferrer\">Youtube-kanavalla<\/a>\u00a0 <\/strong><a href=\"https:\/\/blogit.gradia.fi\/parasta_osaamista\/wp-content\/uploads\/sites\/20\/2018\/05\/uraohjauswebinaarin-diat-kysymykset-ja-vastaukset.pdf\" target=\"_blank\" rel=\"noopener noreferrer\">Materiaali<\/a><\/p>\n<p><strong>Uraohjaus\u00a0Osa 2 Uraohjaus opintojen alussa, aikana ja loppuvaiheessa <a href=\"https:\/\/www.youtube.com\/watch?v=he6PNydA8WY\" target=\"_blank\" rel=\"noopener noreferrer\">Youtube-kanavalla<\/a> <\/strong><a href=\"https:\/\/blogit.gradia.fi\/parasta_osaamista\/wp-content\/uploads\/sites\/20\/2018\/05\/uraohjauswebinaarin-diat-kysymykset-ja-vastaukset.pdf\" target=\"_blank\" rel=\"noopener noreferrer\">Materiaali<\/a><\/p>\n<p class=\"title style-scope ytd-video-primary-info-renderer\"><strong>Karri\u00e4rv\u00e4gledning, <a href=\"https:\/\/www.youtube.com\/watch?v=S-KhSMcUNwA\" target=\"_blank\" rel=\"noopener noreferrer\">Video p\u00e5 svenska<\/a><\/strong><\/p>\n","protected":false},"excerpt":{"rendered":"<p>Parasta osaamista -verkostohanke j\u00e4rjest\u00e4\u00e4 webinaareja uudistuneen ammatillisen koulutuksen eri teemoihin liittyen. T\u00e4lt\u00e4 sivustolta l\u00f6yd\u00e4t webinaarien tallenteet ja materiaalit. Webinaareja j\u00e4rjestet\u00e4\u00e4n lis\u00e4\u00e4 kev\u00e4\u00e4n 2019 aikana. Voit osallistua webinaareihin ilmoittautumalla koulutuksiin kalenterimme kautta. Voit\u00a0 my\u00f6s katsoa&#46;&#46;&#46;<\/p>\n","protected":false},"author":178,"featured_media":0,"parent":0,"menu_order":0,"comment_status":"closed","ping_status":"closed","template":"","meta":{"_uag_custom_page_level_css":"","footnotes":""},"class_list":["post-180","page","type-page","status-publish","hentry"],"yoast_head":"<!-- This site is optimized with the Yoast SEO plugin v27.4 - https:\/\/yoast.com\/product\/yoast-seo-wordpress\/ -->\n<title>Webinaarit - Parasta osaamista<\/title>\n<meta name=\"robots\" content=\"index, follow, max-snippet:-1, max-image-preview:large, max-video-preview:-1\" \/>\n<link rel=\"canonical\" href=\"https:\/\/blogit.gradia.fi\/parasta_osaamista\/webinaarit\/\" \/>\n<meta property=\"og:locale\" content=\"fi_FI\" \/>\n<meta property=\"og:type\" content=\"article\" \/>\n<meta property=\"og:title\" content=\"Webinaarit - Parasta osaamista\" \/>\n<meta property=\"og:description\" content=\"Parasta osaamista -verkostohanke j\u00e4rjest\u00e4\u00e4 webinaareja uudistuneen ammatillisen koulutuksen eri teemoihin liittyen. T\u00e4lt\u00e4 sivustolta l\u00f6yd\u00e4t webinaarien tallenteet ja materiaalit. Webinaareja j\u00e4rjestet\u00e4\u00e4n lis\u00e4\u00e4 kev\u00e4\u00e4n 2019 aikana. Voit osallistua webinaareihin ilmoittautumalla koulutuksiin kalenterimme kautta. Voit\u00a0 my\u00f6s katsoa&#046;&#046;&#046;\" \/>\n<meta property=\"og:url\" content=\"https:\/\/blogit.gradia.fi\/parasta_osaamista\/webinaarit\/\" \/>\n<meta property=\"og:site_name\" content=\"Parasta osaamista\" \/>\n<meta property=\"article:publisher\" content=\"https:\/\/www.facebook.com\/POsaamista\/\" \/>\n<meta property=\"article:modified_time\" content=\"2019-11-15T12:19:51+00:00\" \/>\n<meta name=\"twitter:card\" content=\"summary_large_image\" \/>\n<meta name=\"twitter:site\" content=\"@Posaaja_\" \/>\n<meta name=\"twitter:label1\" content=\"Arvioitu lukuaika\" \/>\n\t<meta name=\"twitter:data1\" content=\"2 minuuttia\" \/>\n<script type=\"application\/ld+json\" class=\"yoast-schema-graph\">{\"@context\":\"https:\\\/\\\/schema.org\",\"@graph\":[{\"@type\":\"WebPage\",\"@id\":\"https:\\\/\\\/blogit.gradia.fi\\\/parasta_osaamista\\\/webinaarit\\\/\",\"url\":\"https:\\\/\\\/blogit.gradia.fi\\\/parasta_osaamista\\\/webinaarit\\\/\",\"name\":\"Webinaarit - Parasta osaamista\",\"isPartOf\":{\"@id\":\"https:\\\/\\\/blogit.gradia.fi\\\/parasta_osaamista\\\/#website\"},\"datePublished\":\"2018-04-09T08:48:04+00:00\",\"dateModified\":\"2019-11-15T12:19:51+00:00\",\"inLanguage\":\"fi\",\"potentialAction\":[{\"@type\":\"ReadAction\",\"target\":[\"https:\\\/\\\/blogit.gradia.fi\\\/parasta_osaamista\\\/webinaarit\\\/\"]}]},{\"@type\":\"WebSite\",\"@id\":\"https:\\\/\\\/blogit.gradia.fi\\\/parasta_osaamista\\\/#website\",\"url\":\"https:\\\/\\\/blogit.gradia.fi\\\/parasta_osaamista\\\/\",\"name\":\"Parasta osaamista\",\"description\":\"Parasta osaamista -verkostohanke\",\"publisher\":{\"@id\":\"https:\\\/\\\/blogit.gradia.fi\\\/parasta_osaamista\\\/#organization\"},\"potentialAction\":[{\"@type\":\"SearchAction\",\"target\":{\"@type\":\"EntryPoint\",\"urlTemplate\":\"https:\\\/\\\/blogit.gradia.fi\\\/parasta_osaamista\\\/?s={search_term_string}\"},\"query-input\":{\"@type\":\"PropertyValueSpecification\",\"valueRequired\":true,\"valueName\":\"search_term_string\"}}],\"inLanguage\":\"fi\"},{\"@type\":\"Organization\",\"@id\":\"https:\\\/\\\/blogit.gradia.fi\\\/parasta_osaamista\\\/#organization\",\"name\":\"Parasta osaamista -verkostohanke\",\"url\":\"https:\\\/\\\/blogit.gradia.fi\\\/parasta_osaamista\\\/\",\"logo\":{\"@type\":\"ImageObject\",\"inLanguage\":\"fi\",\"@id\":\"https:\\\/\\\/blogit.gradia.fi\\\/parasta_osaamista\\\/#\\\/schema\\\/logo\\\/image\\\/\",\"url\":\"https:\\\/\\\/blogit.gradia.fi\\\/parasta_osaamista\\\/wp-content\\\/uploads\\\/sites\\\/20\\\/2018\\\/02\\\/parasta_osaamista_logo.jpg\",\"contentUrl\":\"https:\\\/\\\/blogit.gradia.fi\\\/parasta_osaamista\\\/wp-content\\\/uploads\\\/sites\\\/20\\\/2018\\\/02\\\/parasta_osaamista_logo.jpg\",\"width\":344,\"height\":334,\"caption\":\"Parasta osaamista -verkostohanke\"},\"image\":{\"@id\":\"https:\\\/\\\/blogit.gradia.fi\\\/parasta_osaamista\\\/#\\\/schema\\\/logo\\\/image\\\/\"},\"sameAs\":[\"https:\\\/\\\/www.facebook.com\\\/POsaamista\\\/\",\"https:\\\/\\\/x.com\\\/Posaaja_\",\"https:\\\/\\\/www.instagram.com\\\/parastaosaamista\\\/\",\"https:\\\/\\\/www.youtube.com\\\/channel\\\/UC7hv9jw0R6lS_Fmz5L9TUPw\"]}]}<\/script>\n<!-- \/ Yoast SEO plugin. -->","yoast_head_json":{"title":"Webinaarit - Parasta osaamista","robots":{"index":"index","follow":"follow","max-snippet":"max-snippet:-1","max-image-preview":"max-image-preview:large","max-video-preview":"max-video-preview:-1"},"canonical":"https:\/\/blogit.gradia.fi\/parasta_osaamista\/webinaarit\/","og_locale":"fi_FI","og_type":"article","og_title":"Webinaarit - Parasta osaamista","og_description":"Parasta osaamista -verkostohanke j\u00e4rjest\u00e4\u00e4 webinaareja uudistuneen ammatillisen koulutuksen eri teemoihin liittyen. T\u00e4lt\u00e4 sivustolta l\u00f6yd\u00e4t webinaarien tallenteet ja materiaalit. Webinaareja j\u00e4rjestet\u00e4\u00e4n lis\u00e4\u00e4 kev\u00e4\u00e4n 2019 aikana. Voit osallistua webinaareihin ilmoittautumalla koulutuksiin kalenterimme kautta. Voit\u00a0 my\u00f6s katsoa&#46;&#46;&#46;","og_url":"https:\/\/blogit.gradia.fi\/parasta_osaamista\/webinaarit\/","og_site_name":"Parasta osaamista","article_publisher":"https:\/\/www.facebook.com\/POsaamista\/","article_modified_time":"2019-11-15T12:19:51+00:00","twitter_card":"summary_large_image","twitter_site":"@Posaaja_","twitter_misc":{"Arvioitu lukuaika":"2 minuuttia"},"schema":{"@context":"https:\/\/schema.org","@graph":[{"@type":"WebPage","@id":"https:\/\/blogit.gradia.fi\/parasta_osaamista\/webinaarit\/","url":"https:\/\/blogit.gradia.fi\/parasta_osaamista\/webinaarit\/","name":"Webinaarit - Parasta osaamista","isPartOf":{"@id":"https:\/\/blogit.gradia.fi\/parasta_osaamista\/#website"},"datePublished":"2018-04-09T08:48:04+00:00","dateModified":"2019-11-15T12:19:51+00:00","inLanguage":"fi","potentialAction":[{"@type":"ReadAction","target":["https:\/\/blogit.gradia.fi\/parasta_osaamista\/webinaarit\/"]}]},{"@type":"WebSite","@id":"https:\/\/blogit.gradia.fi\/parasta_osaamista\/#website","url":"https:\/\/blogit.gradia.fi\/parasta_osaamista\/","name":"Parasta osaamista","description":"Parasta osaamista -verkostohanke","publisher":{"@id":"https:\/\/blogit.gradia.fi\/parasta_osaamista\/#organization"},"potentialAction":[{"@type":"SearchAction","target":{"@type":"EntryPoint","urlTemplate":"https:\/\/blogit.gradia.fi\/parasta_osaamista\/?s={search_term_string}"},"query-input":{"@type":"PropertyValueSpecification","valueRequired":true,"valueName":"search_term_string"}}],"inLanguage":"fi"},{"@type":"Organization","@id":"https:\/\/blogit.gradia.fi\/parasta_osaamista\/#organization","name":"Parasta osaamista -verkostohanke","url":"https:\/\/blogit.gradia.fi\/parasta_osaamista\/","logo":{"@type":"ImageObject","inLanguage":"fi","@id":"https:\/\/blogit.gradia.fi\/parasta_osaamista\/#\/schema\/logo\/image\/","url":"https:\/\/blogit.gradia.fi\/parasta_osaamista\/wp-content\/uploads\/sites\/20\/2018\/02\/parasta_osaamista_logo.jpg","contentUrl":"https:\/\/blogit.gradia.fi\/parasta_osaamista\/wp-content\/uploads\/sites\/20\/2018\/02\/parasta_osaamista_logo.jpg","width":344,"height":334,"caption":"Parasta osaamista -verkostohanke"},"image":{"@id":"https:\/\/blogit.gradia.fi\/parasta_osaamista\/#\/schema\/logo\/image\/"},"sameAs":["https:\/\/www.facebook.com\/POsaamista\/","https:\/\/x.com\/Posaaja_","https:\/\/www.instagram.com\/parastaosaamista\/","https:\/\/www.youtube.com\/channel\/UC7hv9jw0R6lS_Fmz5L9TUPw"]}]}},"uagb_featured_image_src":{"full":false,"thumbnail":false,"medium":false,"medium_large":false,"large":false,"1536x1536":false,"2048x2048":false,"thumb-small":false,"thumb-standard":false,"thumb-medium":false,"thumb-large":false,"thumb-xlarge":false,"thumb-xxlarge":false},"uagb_author_info":{"display_name":"Sami Ahonen","author_link":"https:\/\/blogit.gradia.fi\/parasta_osaamista\/author\/ahonesam\/"},"uagb_comment_info":0,"uagb_excerpt":"Parasta osaamista -verkostohanke j\u00e4rjest\u00e4\u00e4 webinaareja uudistuneen ammatillisen koulutuksen eri teemoihin liittyen. T\u00e4lt\u00e4 sivustolta l\u00f6yd\u00e4t webinaarien tallenteet ja materiaalit. Webinaareja j\u00e4rjestet\u00e4\u00e4n lis\u00e4\u00e4 kev\u00e4\u00e4n 2019 aikana. Voit osallistua webinaareihin ilmoittautumalla koulutuksiin kalenterimme kautta. Voit\u00a0 my\u00f6s katsoa&#46;&#46;&#46;","_links":{"self":[{"href":"https:\/\/blogit.gradia.fi\/parasta_osaamista\/wp-json\/wp\/v2\/pages\/180","targetHints":{"allow":["GET"]}}],"collection":[{"href":"https:\/\/blogit.gradia.fi\/parasta_osaamista\/wp-json\/wp\/v2\/pages"}],"about":[{"href":"https:\/\/blogit.gradia.fi\/parasta_osaamista\/wp-json\/wp\/v2\/types\/page"}],"author":[{"embeddable":true,"href":"https:\/\/blogit.gradia.fi\/parasta_osaamista\/wp-json\/wp\/v2\/users\/178"}],"replies":[{"embeddable":true,"href":"https:\/\/blogit.gradia.fi\/parasta_osaamista\/wp-json\/wp\/v2\/comments?post=180"}],"version-history":[{"count":28,"href":"https:\/\/blogit.gradia.fi\/parasta_osaamista\/wp-json\/wp\/v2\/pages\/180\/revisions"}],"predecessor-version":[{"id":3355,"href":"https:\/\/blogit.gradia.fi\/parasta_osaamista\/wp-json\/wp\/v2\/pages\/180\/revisions\/3355"}],"wp:attachment":[{"href":"https:\/\/blogit.gradia.fi\/parasta_osaamista\/wp-json\/wp\/v2\/media?parent=180"}],"curies":[{"name":"wp","href":"https:\/\/api.w.org\/{rel}","templated":true}]}}