{"id":18,"date":"2018-02-20T12:55:06","date_gmt":"2018-02-20T10:55:06","guid":{"rendered":"https:\/\/blogit.gradia.fi\/parastatestia\/?page_id=18"},"modified":"2018-09-25T13:55:16","modified_gmt":"2018-09-25T10:55:16","slug":"hankekuvaus","status":"publish","type":"page","link":"https:\/\/blogit.gradia.fi\/parasta_osaamista\/hankekuvaus\/","title":{"rendered":"Tietoa hankkeesta"},"content":{"rendered":"<h1>Parasta osaamista -verkostohanke<\/h1>\n<p>Parasta osaamista -hankkeen avulla tuetaan opetus- ja ohjaushenkil\u00f6st\u00f6n ty\u00f6- ja toimintatapojen uudistumista toimintaymp\u00e4rist\u00f6n ja lains\u00e4\u00e4d\u00e4nn\u00f6n muuttuessa.<\/p>\n<p>Hankkeessa kehitet\u00e4\u00e4n ja varmistetaan ammatillisen koulutuksen reformin tavoitteiden mukaista toimien valtakunnallista ja yhdenmukaista laatua sek\u00e4 luodaan yhten\u00e4isi\u00e4 k\u00e4yt\u00e4nt\u00f6j\u00e4.<\/p>\n<p>Lis\u00e4ksi hankkeen avulla tuetaan erilaisten oppimisymp\u00e4rist\u00f6jen hy\u00f6dynt\u00e4mist\u00e4 osaamisperusteisen ja asiakaskeskeisen ammatillisen koulutuksen kehitt\u00e4misess\u00e4 ja toteuttamisessa yhdess\u00e4 ty\u00f6el\u00e4m\u00e4n kanssa.<\/p>\n<p>Hanke tukee ja valmentaa ty\u00f6paikkoja toimimaan uudistuvan ammatillisen koulutuksen oppimisymp\u00e4rist\u00f6in\u00e4.<\/p>\n<p>Hankkeella varmistetaan ty\u00f6el\u00e4m\u00e4n osallistumista ammatillisen koulutuksen reformin suunnitteluun ja toteuttamiseen.<\/p>\n<p><strong>Hankkeen toteutusaika: 1.1.2017 \u2013 31.12.2019 <\/strong><\/p>\n<h2>Tavoitteet<\/h2>\n<p>1. Selvitt\u00e4\u00e4 keskeiset osaamisvaatimukset ja tarpeet opetus- ja ohjaushenkil\u00f6st\u00f6n osaamisen kehitt\u00e4miselle.<br \/>\n2. Laatia esitys modulaariseksi osaamiskokonaisuudeksi kartoitettujen vaatimusten ja tarpeiden pohjalta.<br \/>\n3. Valmistella ja levitt\u00e4\u00e4 koulutuksen j\u00e4rjest\u00e4jien k\u00e4ytt\u00f6\u00f6n opetus- ja ohjaushenkil\u00f6st\u00f6n osaamisen kehitt\u00e4misen toimintamalleja ja materiaaleja sek\u00e4 koulutusta.<br \/>\n4. Laatia koulutuksen j\u00e4rjest\u00e4jien k\u00e4ytt\u00f6\u00f6n ty\u00f6paikalla j\u00e4rjestett\u00e4v\u00e4n koulutuksen toimintamalleja ja materiaaleja.<br \/>\n5. Laatia koulutuksen j\u00e4rjest\u00e4jien k\u00e4ytt\u00f6\u00f6n ty\u00f6paikkaohjaajien perehdytt\u00e4misen toimintamalleja ja materiaaleja.<\/p>\n<h2>Tulokset<\/h2>\n<p>Tavoite 1.<br \/>\n\u2022 Kooste uudistuvan opettajuuden ja ohjauksen keskeisist\u00e4 osaamistarpeista.<\/p>\n<p>Tavoite 2.<br \/>\n\u2022 Modulaariset koulutuskokonaisuuden teemoittain.<br \/>\n\u2022 Koulutusten pilottitoteutuksia 20-30 kpl (menettelytapoja koulutuksista erilaisiin toiminnallisiin t\u00e4ydennyskoulutus- ja muihin osaamisen kehitt\u00e4misen menetelmiin).<\/p>\n<p>Tavoite 3.<br \/>\n\u2022 S\u00e4hk\u00f6isell\u00e4 alustalla avoimesti ja helposti kaikkien koulutuksen j\u00e4rjest\u00e4jien saatavilla teemoittain vaiheessa (tavoite 2.) suunniteltuja ja pilotoituja koulutuksia sek\u00e4 hyv\u00e4ksi havaittuja toimintamalleja ja tukimateriaaleja.<br \/>\n\u2022 Toteutettuja koulutuksia kattavasti ymp\u00e4ri Suomen.<\/p>\n<p>Tavoite 4.<br \/>\n\u2022 Alueellisia ty\u00f6el\u00e4m\u00e4foorumeja 25-35 kpl.<br \/>\n\u2022 Oppilaitosten ja ty\u00f6el\u00e4m\u00e4n yhteinen n\u00e4kemys ty\u00f6paikalla j\u00e4rjestett\u00e4v\u00e4n koulutuksen toimintamalleista.<br \/>\n\u2022 Prosessikuvaus ty\u00f6paikalla j\u00e4rjestett\u00e4v\u00e4st\u00e4 koulutuksesta (koulutussopimus ja oppisopimus).<br \/>\n\u2022 Ty\u00f6paikalla j\u00e4rjestett\u00e4v\u00e4n koulutuksen laadun varmistamisen muistilista.<br \/>\n\u2022 N\u00e4in arvioit osaamista \u2013 opas opiskelijalle, ty\u00f6paikkaohjaajalle ja opettajalle.<\/p>\n<p>Tavoite 5.<br \/>\n\u2022 Ty\u00f6el\u00e4m\u00e4n tarpeita vastaavat ty\u00f6paikkaohjaajien perehdytt\u00e4misen ja kouluttamisen toteutusmallit ja niiden tukimateriaalit.<br \/>\n\u2022 Toteutettuja ty\u00f6paikkaohjaajakoulutuksia 20-30 kpl.<br \/>\n\u2022 Koulutettuja ty\u00f6paikkaohjaajia 300-400 kpl.<br \/>\n\u2022 Perehdytettyj\u00e4 koulutuksen j\u00e4rjest\u00e4ji\u00e4 40-50 kpl.<\/p>\n<h3>Hankkeen p\u00e4\u00e4koordinaattori<\/h3>\n<p>Jyv\u00e4skyl\u00e4n koulutuskuntayhtym\u00e4 Gradia<\/p>\n<h3>Hankkeen muut toteuttajat<\/h3>\n<p><strong>Ammatilliset koulutuksen j\u00e4rjest\u00e4j\u00e4t:<\/strong><br \/>\nJyv\u00e4skyl\u00e4n koulutuskuntayhtym\u00e4 Gradia<br \/>\nEspoon seudun koulutuskuntayhtym\u00e4 Omnia<br \/>\nKemi-Tornionlaakson koulutuskuntayhtym\u00e4 Lappia<br \/>\nL\u00e4nsirannikon koulutus Oy WinNova<br \/>\nPohjois-Karjalan koulutuskuntayhtym\u00e4 Riveria<br \/>\nKoulutuskeskus Salpaus<br \/>\nSein\u00e4joen koulutuskuntayhtym\u00e4 Sedu<br \/>\nTampereen seudun ammattiopisto Tredu (Tampereen kaupunki)<br \/>\nAmmattiopisto Spesia Oy<br \/>\nYrkesakademin i \u00d6sterbotten<\/p>\n<p><strong>Ammatilliset opettajakorkeakoulut:<\/strong><br \/>\nHaaga-Helia ammattikorkeakoulu, Ammatillinen opettajakorkeakoulu<br \/>\nH\u00e4meen ammattikorkeakoulu, Ammatillinen opettajakorkeakoulu<br \/>\nJyv\u00e4skyl\u00e4n ammattikorkeakoulu, Ammatillinen opettajakorkeakoulu<br \/>\nOulun ammattikorkeakoulu, Ammatillinen opettajakorkeakoulu<br \/>\nTampereen ammattikorkeakoulu, Ammatillinen opettajakorkeakoulu<\/p>\n<h3>Hankkeen yhteyshenkil\u00f6<\/h3>\n<p>Pia Tolonen, projektip\u00e4\u00e4llikk\u00f6, Jyv\u00e4skyl\u00e4n koulutuskuntayhtym\u00e4 Gradia, puh. 040 341 5844<\/p>\n<h3>Rahoittaja<\/h3>\n<p>Opetushallitus<br \/>\nOpetus- ja kulttuuriministeri\u00f6<\/p>\n<hr \/>\n<p>&nbsp;<\/p>\n","protected":false},"excerpt":{"rendered":"<p>Parasta osaamista -verkostohanke Parasta osaamista -hankkeen avulla tuetaan opetus- ja ohjaushenkil\u00f6st\u00f6n ty\u00f6- ja toimintatapojen uudistumista toimintaymp\u00e4rist\u00f6n ja lains\u00e4\u00e4d\u00e4nn\u00f6n muuttuessa. Hankkeessa kehitet\u00e4\u00e4n ja varmistetaan ammatillisen koulutuksen reformin tavoitteiden mukaista toimien valtakunnallista ja yhdenmukaista laatua sek\u00e4&#46;&#46;&#46;<\/p>\n","protected":false},"author":180,"featured_media":0,"parent":0,"menu_order":0,"comment_status":"closed","ping_status":"closed","template":"","meta":{"_uag_custom_page_level_css":"","footnotes":""},"class_list":["post-18","page","type-page","status-publish","hentry"],"yoast_head":"<!-- This site is optimized with the Yoast SEO plugin v27.4 - https:\/\/yoast.com\/product\/yoast-seo-wordpress\/ -->\n<title>Tietoa hankkeesta - Parasta osaamista<\/title>\n<meta name=\"robots\" content=\"index, follow, max-snippet:-1, max-image-preview:large, max-video-preview:-1\" \/>\n<link rel=\"canonical\" href=\"https:\/\/blogit.gradia.fi\/parasta_osaamista\/hankekuvaus\/\" \/>\n<meta property=\"og:locale\" content=\"fi_FI\" \/>\n<meta property=\"og:type\" content=\"article\" \/>\n<meta property=\"og:title\" content=\"Tietoa hankkeesta - Parasta osaamista\" \/>\n<meta property=\"og:description\" content=\"Parasta osaamista -verkostohanke Parasta osaamista -hankkeen avulla tuetaan opetus- ja ohjaushenkil\u00f6st\u00f6n ty\u00f6- ja toimintatapojen uudistumista toimintaymp\u00e4rist\u00f6n ja lains\u00e4\u00e4d\u00e4nn\u00f6n muuttuessa. Hankkeessa kehitet\u00e4\u00e4n ja varmistetaan ammatillisen koulutuksen reformin tavoitteiden mukaista toimien valtakunnallista ja yhdenmukaista laatua sek\u00e4&#046;&#046;&#046;\" \/>\n<meta property=\"og:url\" content=\"https:\/\/blogit.gradia.fi\/parasta_osaamista\/hankekuvaus\/\" \/>\n<meta property=\"og:site_name\" content=\"Parasta osaamista\" \/>\n<meta property=\"article:publisher\" content=\"https:\/\/www.facebook.com\/POsaamista\/\" \/>\n<meta property=\"article:modified_time\" content=\"2018-09-25T10:55:16+00:00\" \/>\n<meta name=\"twitter:card\" content=\"summary_large_image\" \/>\n<meta name=\"twitter:site\" content=\"@Posaaja_\" \/>\n<meta name=\"twitter:label1\" content=\"Arvioitu lukuaika\" \/>\n\t<meta name=\"twitter:data1\" content=\"2 minuuttia\" \/>\n<script type=\"application\/ld+json\" class=\"yoast-schema-graph\">{\"@context\":\"https:\\\/\\\/schema.org\",\"@graph\":[{\"@type\":\"WebPage\",\"@id\":\"https:\\\/\\\/blogit.gradia.fi\\\/parasta_osaamista\\\/hankekuvaus\\\/\",\"url\":\"https:\\\/\\\/blogit.gradia.fi\\\/parasta_osaamista\\\/hankekuvaus\\\/\",\"name\":\"Tietoa hankkeesta - Parasta osaamista\",\"isPartOf\":{\"@id\":\"https:\\\/\\\/blogit.gradia.fi\\\/parasta_osaamista\\\/#website\"},\"datePublished\":\"2018-02-20T10:55:06+00:00\",\"dateModified\":\"2018-09-25T10:55:16+00:00\",\"inLanguage\":\"fi\",\"potentialAction\":[{\"@type\":\"ReadAction\",\"target\":[\"https:\\\/\\\/blogit.gradia.fi\\\/parasta_osaamista\\\/hankekuvaus\\\/\"]}]},{\"@type\":\"WebSite\",\"@id\":\"https:\\\/\\\/blogit.gradia.fi\\\/parasta_osaamista\\\/#website\",\"url\":\"https:\\\/\\\/blogit.gradia.fi\\\/parasta_osaamista\\\/\",\"name\":\"Parasta osaamista\",\"description\":\"Parasta osaamista -verkostohanke\",\"publisher\":{\"@id\":\"https:\\\/\\\/blogit.gradia.fi\\\/parasta_osaamista\\\/#organization\"},\"potentialAction\":[{\"@type\":\"SearchAction\",\"target\":{\"@type\":\"EntryPoint\",\"urlTemplate\":\"https:\\\/\\\/blogit.gradia.fi\\\/parasta_osaamista\\\/?s={search_term_string}\"},\"query-input\":{\"@type\":\"PropertyValueSpecification\",\"valueRequired\":true,\"valueName\":\"search_term_string\"}}],\"inLanguage\":\"fi\"},{\"@type\":\"Organization\",\"@id\":\"https:\\\/\\\/blogit.gradia.fi\\\/parasta_osaamista\\\/#organization\",\"name\":\"Parasta osaamista -verkostohanke\",\"url\":\"https:\\\/\\\/blogit.gradia.fi\\\/parasta_osaamista\\\/\",\"logo\":{\"@type\":\"ImageObject\",\"inLanguage\":\"fi\",\"@id\":\"https:\\\/\\\/blogit.gradia.fi\\\/parasta_osaamista\\\/#\\\/schema\\\/logo\\\/image\\\/\",\"url\":\"https:\\\/\\\/blogit.gradia.fi\\\/parasta_osaamista\\\/wp-content\\\/uploads\\\/sites\\\/20\\\/2018\\\/02\\\/parasta_osaamista_logo.jpg\",\"contentUrl\":\"https:\\\/\\\/blogit.gradia.fi\\\/parasta_osaamista\\\/wp-content\\\/uploads\\\/sites\\\/20\\\/2018\\\/02\\\/parasta_osaamista_logo.jpg\",\"width\":344,\"height\":334,\"caption\":\"Parasta osaamista -verkostohanke\"},\"image\":{\"@id\":\"https:\\\/\\\/blogit.gradia.fi\\\/parasta_osaamista\\\/#\\\/schema\\\/logo\\\/image\\\/\"},\"sameAs\":[\"https:\\\/\\\/www.facebook.com\\\/POsaamista\\\/\",\"https:\\\/\\\/x.com\\\/Posaaja_\",\"https:\\\/\\\/www.instagram.com\\\/parastaosaamista\\\/\",\"https:\\\/\\\/www.youtube.com\\\/channel\\\/UC7hv9jw0R6lS_Fmz5L9TUPw\"]}]}<\/script>\n<!-- \/ Yoast SEO plugin. -->","yoast_head_json":{"title":"Tietoa hankkeesta - Parasta osaamista","robots":{"index":"index","follow":"follow","max-snippet":"max-snippet:-1","max-image-preview":"max-image-preview:large","max-video-preview":"max-video-preview:-1"},"canonical":"https:\/\/blogit.gradia.fi\/parasta_osaamista\/hankekuvaus\/","og_locale":"fi_FI","og_type":"article","og_title":"Tietoa hankkeesta - Parasta osaamista","og_description":"Parasta osaamista -verkostohanke Parasta osaamista -hankkeen avulla tuetaan opetus- ja ohjaushenkil\u00f6st\u00f6n ty\u00f6- ja toimintatapojen uudistumista toimintaymp\u00e4rist\u00f6n ja lains\u00e4\u00e4d\u00e4nn\u00f6n muuttuessa. Hankkeessa kehitet\u00e4\u00e4n ja varmistetaan ammatillisen koulutuksen reformin tavoitteiden mukaista toimien valtakunnallista ja yhdenmukaista laatua sek\u00e4&#46;&#46;&#46;","og_url":"https:\/\/blogit.gradia.fi\/parasta_osaamista\/hankekuvaus\/","og_site_name":"Parasta osaamista","article_publisher":"https:\/\/www.facebook.com\/POsaamista\/","article_modified_time":"2018-09-25T10:55:16+00:00","twitter_card":"summary_large_image","twitter_site":"@Posaaja_","twitter_misc":{"Arvioitu lukuaika":"2 minuuttia"},"schema":{"@context":"https:\/\/schema.org","@graph":[{"@type":"WebPage","@id":"https:\/\/blogit.gradia.fi\/parasta_osaamista\/hankekuvaus\/","url":"https:\/\/blogit.gradia.fi\/parasta_osaamista\/hankekuvaus\/","name":"Tietoa hankkeesta - Parasta osaamista","isPartOf":{"@id":"https:\/\/blogit.gradia.fi\/parasta_osaamista\/#website"},"datePublished":"2018-02-20T10:55:06+00:00","dateModified":"2018-09-25T10:55:16+00:00","inLanguage":"fi","potentialAction":[{"@type":"ReadAction","target":["https:\/\/blogit.gradia.fi\/parasta_osaamista\/hankekuvaus\/"]}]},{"@type":"WebSite","@id":"https:\/\/blogit.gradia.fi\/parasta_osaamista\/#website","url":"https:\/\/blogit.gradia.fi\/parasta_osaamista\/","name":"Parasta osaamista","description":"Parasta osaamista -verkostohanke","publisher":{"@id":"https:\/\/blogit.gradia.fi\/parasta_osaamista\/#organization"},"potentialAction":[{"@type":"SearchAction","target":{"@type":"EntryPoint","urlTemplate":"https:\/\/blogit.gradia.fi\/parasta_osaamista\/?s={search_term_string}"},"query-input":{"@type":"PropertyValueSpecification","valueRequired":true,"valueName":"search_term_string"}}],"inLanguage":"fi"},{"@type":"Organization","@id":"https:\/\/blogit.gradia.fi\/parasta_osaamista\/#organization","name":"Parasta osaamista -verkostohanke","url":"https:\/\/blogit.gradia.fi\/parasta_osaamista\/","logo":{"@type":"ImageObject","inLanguage":"fi","@id":"https:\/\/blogit.gradia.fi\/parasta_osaamista\/#\/schema\/logo\/image\/","url":"https:\/\/blogit.gradia.fi\/parasta_osaamista\/wp-content\/uploads\/sites\/20\/2018\/02\/parasta_osaamista_logo.jpg","contentUrl":"https:\/\/blogit.gradia.fi\/parasta_osaamista\/wp-content\/uploads\/sites\/20\/2018\/02\/parasta_osaamista_logo.jpg","width":344,"height":334,"caption":"Parasta osaamista -verkostohanke"},"image":{"@id":"https:\/\/blogit.gradia.fi\/parasta_osaamista\/#\/schema\/logo\/image\/"},"sameAs":["https:\/\/www.facebook.com\/POsaamista\/","https:\/\/x.com\/Posaaja_","https:\/\/www.instagram.com\/parastaosaamista\/","https:\/\/www.youtube.com\/channel\/UC7hv9jw0R6lS_Fmz5L9TUPw"]}]}},"uagb_featured_image_src":{"full":false,"thumbnail":false,"medium":false,"medium_large":false,"large":false,"1536x1536":false,"2048x2048":false,"thumb-small":false,"thumb-standard":false,"thumb-medium":false,"thumb-large":false,"thumb-xlarge":false,"thumb-xxlarge":false},"uagb_author_info":{"display_name":"Katriina Turunen","author_link":"https:\/\/blogit.gradia.fi\/parasta_osaamista\/author\/huttukat\/"},"uagb_comment_info":0,"uagb_excerpt":"Parasta osaamista -verkostohanke Parasta osaamista -hankkeen avulla tuetaan opetus- ja ohjaushenkil\u00f6st\u00f6n ty\u00f6- ja toimintatapojen uudistumista toimintaymp\u00e4rist\u00f6n ja lains\u00e4\u00e4d\u00e4nn\u00f6n muuttuessa. Hankkeessa kehitet\u00e4\u00e4n ja varmistetaan ammatillisen koulutuksen reformin tavoitteiden mukaista toimien valtakunnallista ja yhdenmukaista laatua sek\u00e4&#46;&#46;&#46;","_links":{"self":[{"href":"https:\/\/blogit.gradia.fi\/parasta_osaamista\/wp-json\/wp\/v2\/pages\/18","targetHints":{"allow":["GET"]}}],"collection":[{"href":"https:\/\/blogit.gradia.fi\/parasta_osaamista\/wp-json\/wp\/v2\/pages"}],"about":[{"href":"https:\/\/blogit.gradia.fi\/parasta_osaamista\/wp-json\/wp\/v2\/types\/page"}],"author":[{"embeddable":true,"href":"https:\/\/blogit.gradia.fi\/parasta_osaamista\/wp-json\/wp\/v2\/users\/180"}],"replies":[{"embeddable":true,"href":"https:\/\/blogit.gradia.fi\/parasta_osaamista\/wp-json\/wp\/v2\/comments?post=18"}],"version-history":[{"count":0,"href":"https:\/\/blogit.gradia.fi\/parasta_osaamista\/wp-json\/wp\/v2\/pages\/18\/revisions"}],"wp:attachment":[{"href":"https:\/\/blogit.gradia.fi\/parasta_osaamista\/wp-json\/wp\/v2\/media?parent=18"}],"curies":[{"name":"wp","href":"https:\/\/api.w.org\/{rel}","templated":true}]}}