{"id":1728,"date":"2019-02-14T14:24:12","date_gmt":"2019-02-14T12:24:12","guid":{"rendered":"https:\/\/blogit.gradia.fi\/parasta_osaamista\/?page_id=1728"},"modified":"2019-08-08T12:26:52","modified_gmt":"2019-08-08T09:26:52","slug":"valkommen-pa-besok-till-laroanstalten","status":"publish","type":"page","link":"https:\/\/blogit.gradia.fi\/parasta_osaamista\/valkommen-pa-besok-till-laroanstalten\/","title":{"rendered":"Open Day och Open Partner"},"content":{"rendered":"\n<p><strong>Open Day \u2013verksamhetsmodellen f\u00f6r ett intensivare arbetslivssamarbete<\/strong><\/p>\n\n\n\n<p>En av\nm\u00e5ls\u00e4ttningen med den nya yrkesutbildningen \u00e4r att samarbetet mellan\narbetslivet och l\u00e4roanstalterna ska \u00f6ka. Den m\u00e5ls\u00e4ttningen st\u00f6ds av Open Day,\nd\u00e4r l\u00e4rare under en dag bes\u00f6ker arbetsplatser och ber\u00e4ttar om nyheterna inom\nyrkesutbildningen och breddar m\u00f6jligheterna till samarbete.&nbsp;<\/p>\n\n\n\n<p>Open Day\nsker systematiskt enligt givna anvisningar.&nbsp; Den information som man f\u00e5r\nunder bes\u00f6ket samlas in f\u00f6r vidarebehandling. Via den respons som man f\u00e5r efter\nbes\u00f6ken f\u00e5s information om arbetlivets behov och v\u00e4rdefull respons om i vilken\nriktning yrkesutbildningen borde utvecklas.&nbsp;<\/p>\n\n\n\n<p>Med hj\u00e4lp\nav de personliga kontakter som skapas blir samarbetet enklare mellan\narbetslivet och l\u00e4roanstalterna och m\u00f6jligheterna till \u00f6msesidig kontakt\nf\u00f6rb\u00e4ttras.&nbsp; Open Day \u00e4r ocks\u00e5 en bra orsak att ta kontakt med nya\narbetsplatser som man inte tidigare har erfarenhet av att samarbeta med t.ex.\nom l\u00e4rande i arbetslivet eller annat l\u00e4roanstaltssamarbete.&nbsp;<\/p>\n\n\n\n<p>Open Day\nverksamhetsmodellen g\u00e5r till s\u00e5h\u00e4r:&nbsp;<\/p>\n\n\n\n<figure class=\"wp-block-image is-resized\"><img loading=\"lazy\" decoding=\"async\" src=\"https:\/\/blogit.gradia.fi\/parasta_osaamista\/wp-content\/uploads\/sites\/20\/2019\/05\/nuolikuvio_ruotsi.png\" alt=\"\" class=\"wp-image-2639\" width=\"917\" height=\"543\" \/><\/figure>\n\n\n\n<p><a href=\"https:\/\/blogit.gradia.fi\/parasta_osaamista\/pa-svenska\/open-day\/\" target=\"_blank\" rel=\"noreferrer noopener\">Bekanta dig med till\u00e4ggsmaterial!<\/a><\/p>\n\n\n\n<p><strong>Open Partner -verksamhetsmodellen &#8211; V\u00e4lkommen p\u00e5 bes\u00f6k till l\u00e4roanstalten<\/strong><\/p>\n\n\n\n<p>En av\nm\u00e5ls\u00e4ttningen med den nya yrkesutbildningen \u00e4r att samarbetet mellan\narbetslivet och l\u00e4roanstalterna ska \u00f6ka. Den m\u00e5ls\u00e4ttningen st\u00f6ds av Open\nPartner, d\u00e4r arbetslivsrepresentanten bjuds in till l\u00e4roanstalten p\u00e5 bes\u00f6k f\u00f6r\natt bekanta sig med det dagliga arbetet, samtidigt som man ser undervisningen\ninom den egna branschen i dagsl\u00e4get.&nbsp;&nbsp;<\/p>\n\n\n\n<p>I Open\u202fPartner\nutg\u00e5r man fr\u00e5n att antingen studerande eller l\u00e4roanstalten \u00e4r den aktiva\nparten. Studerande har t.ex. m\u00f6jlighet att bjuda in den egna\narbetsplatshandledaren p\u00e5 bes\u00f6k eller alternativt bjuder l\u00e4raren in\narbetslivets samarbetsparter p\u00e5 bes\u00f6k f\u00f6r att bekanta sig med en vanlig\nstuderandedag.&nbsp; Under bes\u00f6ket har arbetslivets representant ocks\u00e5\nm\u00f6jlighet att presentera den egna arbetsplatsens verksamhet. Med hj\u00e4lp av\nOpen\u202fPartner kan m\u00f6jligheter till nya samarbetsformer \u00f6ppnas och\narbetsplatserna n\u00e4rmar sig studerande samtidigt som samarbetet mellan\narbetsliv, l\u00e4roanstalt och studerande st\u00e4rks.\u202f&nbsp;<\/p>\n\n\n\n<p><a href=\"https:\/\/blogit.gradia.fi\/parasta_osaamista\/open-partner\/\" target=\"_blank\" rel=\"noreferrer noopener\" aria-label=\" (avautuu uudessa v\u00e4lilehdess\u00e4)\">Bekanta dig med till\u00e4ggsmaterial!\u202f<\/a><\/p>\n","protected":false},"excerpt":{"rendered":"<p>Open Day \u2013verksamhetsmodellen f\u00f6r ett intensivare arbetslivssamarbete En av m\u00e5ls\u00e4ttningen med den nya yrkesutbildningen \u00e4r att samarbetet mellan arbetslivet och l\u00e4roanstalterna ska \u00f6ka. Den m\u00e5ls\u00e4ttningen st\u00f6ds av Open Day, d\u00e4r l\u00e4rare under en dag&#46;&#46;&#46;<\/p>\n","protected":false},"author":181,"featured_media":0,"parent":0,"menu_order":0,"comment_status":"closed","ping_status":"closed","template":"","meta":{"_uag_custom_page_level_css":"","footnotes":""},"class_list":["post-1728","page","type-page","status-publish","hentry"],"yoast_head":"<!-- This site is optimized with the Yoast SEO plugin v27.4 - https:\/\/yoast.com\/product\/yoast-seo-wordpress\/ -->\n<title>Open Day och Open Partner - Parasta osaamista<\/title>\n<meta name=\"robots\" content=\"index, follow, max-snippet:-1, max-image-preview:large, max-video-preview:-1\" \/>\n<link rel=\"canonical\" href=\"https:\/\/blogit.gradia.fi\/parasta_osaamista\/valkommen-pa-besok-till-laroanstalten\/\" \/>\n<meta property=\"og:locale\" content=\"fi_FI\" \/>\n<meta property=\"og:type\" content=\"article\" \/>\n<meta property=\"og:title\" content=\"Open Day och Open Partner - Parasta osaamista\" \/>\n<meta property=\"og:description\" content=\"Open Day \u2013verksamhetsmodellen f\u00f6r ett intensivare arbetslivssamarbete En av m\u00e5ls\u00e4ttningen med den nya yrkesutbildningen \u00e4r att samarbetet mellan arbetslivet och l\u00e4roanstalterna ska \u00f6ka. Den m\u00e5ls\u00e4ttningen st\u00f6ds av Open Day, d\u00e4r l\u00e4rare under en dag&#046;&#046;&#046;\" \/>\n<meta property=\"og:url\" content=\"https:\/\/blogit.gradia.fi\/parasta_osaamista\/valkommen-pa-besok-till-laroanstalten\/\" \/>\n<meta property=\"og:site_name\" content=\"Parasta osaamista\" \/>\n<meta property=\"article:publisher\" content=\"https:\/\/www.facebook.com\/POsaamista\/\" \/>\n<meta property=\"article:modified_time\" content=\"2019-08-08T09:26:52+00:00\" \/>\n<meta property=\"og:image\" content=\"https:\/\/blogit.gradia.fi\/parasta_osaamista\/wp-content\/uploads\/sites\/20\/2019\/05\/nuolikuvio_ruotsi.png\" \/>\n\t<meta property=\"og:image:width\" content=\"917\" \/>\n\t<meta property=\"og:image:height\" content=\"543\" \/>\n\t<meta property=\"og:image:type\" content=\"image\/png\" \/>\n<meta name=\"twitter:card\" content=\"summary_large_image\" \/>\n<meta name=\"twitter:site\" content=\"@Posaaja_\" \/>\n<meta name=\"twitter:label1\" content=\"Arvioitu lukuaika\" \/>\n\t<meta name=\"twitter:data1\" content=\"2 minuuttia\" \/>\n<script type=\"application\/ld+json\" class=\"yoast-schema-graph\">{\"@context\":\"https:\\\/\\\/schema.org\",\"@graph\":[{\"@type\":\"WebPage\",\"@id\":\"https:\\\/\\\/blogit.gradia.fi\\\/parasta_osaamista\\\/valkommen-pa-besok-till-laroanstalten\\\/\",\"url\":\"https:\\\/\\\/blogit.gradia.fi\\\/parasta_osaamista\\\/valkommen-pa-besok-till-laroanstalten\\\/\",\"name\":\"Open Day och Open Partner - Parasta osaamista\",\"isPartOf\":{\"@id\":\"https:\\\/\\\/blogit.gradia.fi\\\/parasta_osaamista\\\/#website\"},\"primaryImageOfPage\":{\"@id\":\"https:\\\/\\\/blogit.gradia.fi\\\/parasta_osaamista\\\/valkommen-pa-besok-till-laroanstalten\\\/#primaryimage\"},\"image\":{\"@id\":\"https:\\\/\\\/blogit.gradia.fi\\\/parasta_osaamista\\\/valkommen-pa-besok-till-laroanstalten\\\/#primaryimage\"},\"thumbnailUrl\":\"https:\\\/\\\/blogit.gradia.fi\\\/parasta_osaamista\\\/wp-content\\\/uploads\\\/sites\\\/20\\\/2019\\\/05\\\/nuolikuvio_ruotsi.png\",\"datePublished\":\"2019-02-14T12:24:12+00:00\",\"dateModified\":\"2019-08-08T09:26:52+00:00\",\"inLanguage\":\"fi\",\"potentialAction\":[{\"@type\":\"ReadAction\",\"target\":[\"https:\\\/\\\/blogit.gradia.fi\\\/parasta_osaamista\\\/valkommen-pa-besok-till-laroanstalten\\\/\"]}]},{\"@type\":\"ImageObject\",\"inLanguage\":\"fi\",\"@id\":\"https:\\\/\\\/blogit.gradia.fi\\\/parasta_osaamista\\\/valkommen-pa-besok-till-laroanstalten\\\/#primaryimage\",\"url\":\"https:\\\/\\\/blogit.gradia.fi\\\/parasta_osaamista\\\/wp-content\\\/uploads\\\/sites\\\/20\\\/2019\\\/05\\\/nuolikuvio_ruotsi.png\",\"contentUrl\":\"https:\\\/\\\/blogit.gradia.fi\\\/parasta_osaamista\\\/wp-content\\\/uploads\\\/sites\\\/20\\\/2019\\\/05\\\/nuolikuvio_ruotsi.png\",\"width\":917,\"height\":543},{\"@type\":\"WebSite\",\"@id\":\"https:\\\/\\\/blogit.gradia.fi\\\/parasta_osaamista\\\/#website\",\"url\":\"https:\\\/\\\/blogit.gradia.fi\\\/parasta_osaamista\\\/\",\"name\":\"Parasta osaamista\",\"description\":\"Parasta osaamista -verkostohanke\",\"publisher\":{\"@id\":\"https:\\\/\\\/blogit.gradia.fi\\\/parasta_osaamista\\\/#organization\"},\"potentialAction\":[{\"@type\":\"SearchAction\",\"target\":{\"@type\":\"EntryPoint\",\"urlTemplate\":\"https:\\\/\\\/blogit.gradia.fi\\\/parasta_osaamista\\\/?s={search_term_string}\"},\"query-input\":{\"@type\":\"PropertyValueSpecification\",\"valueRequired\":true,\"valueName\":\"search_term_string\"}}],\"inLanguage\":\"fi\"},{\"@type\":\"Organization\",\"@id\":\"https:\\\/\\\/blogit.gradia.fi\\\/parasta_osaamista\\\/#organization\",\"name\":\"Parasta osaamista -verkostohanke\",\"url\":\"https:\\\/\\\/blogit.gradia.fi\\\/parasta_osaamista\\\/\",\"logo\":{\"@type\":\"ImageObject\",\"inLanguage\":\"fi\",\"@id\":\"https:\\\/\\\/blogit.gradia.fi\\\/parasta_osaamista\\\/#\\\/schema\\\/logo\\\/image\\\/\",\"url\":\"https:\\\/\\\/blogit.gradia.fi\\\/parasta_osaamista\\\/wp-content\\\/uploads\\\/sites\\\/20\\\/2018\\\/02\\\/parasta_osaamista_logo.jpg\",\"contentUrl\":\"https:\\\/\\\/blogit.gradia.fi\\\/parasta_osaamista\\\/wp-content\\\/uploads\\\/sites\\\/20\\\/2018\\\/02\\\/parasta_osaamista_logo.jpg\",\"width\":344,\"height\":334,\"caption\":\"Parasta osaamista -verkostohanke\"},\"image\":{\"@id\":\"https:\\\/\\\/blogit.gradia.fi\\\/parasta_osaamista\\\/#\\\/schema\\\/logo\\\/image\\\/\"},\"sameAs\":[\"https:\\\/\\\/www.facebook.com\\\/POsaamista\\\/\",\"https:\\\/\\\/x.com\\\/Posaaja_\",\"https:\\\/\\\/www.instagram.com\\\/parastaosaamista\\\/\",\"https:\\\/\\\/www.youtube.com\\\/channel\\\/UC7hv9jw0R6lS_Fmz5L9TUPw\"]}]}<\/script>\n<!-- \/ Yoast SEO plugin. -->","yoast_head_json":{"title":"Open Day och Open Partner - Parasta osaamista","robots":{"index":"index","follow":"follow","max-snippet":"max-snippet:-1","max-image-preview":"max-image-preview:large","max-video-preview":"max-video-preview:-1"},"canonical":"https:\/\/blogit.gradia.fi\/parasta_osaamista\/valkommen-pa-besok-till-laroanstalten\/","og_locale":"fi_FI","og_type":"article","og_title":"Open Day och Open Partner - Parasta osaamista","og_description":"Open Day \u2013verksamhetsmodellen f\u00f6r ett intensivare arbetslivssamarbete En av m\u00e5ls\u00e4ttningen med den nya yrkesutbildningen \u00e4r att samarbetet mellan arbetslivet och l\u00e4roanstalterna ska \u00f6ka. Den m\u00e5ls\u00e4ttningen st\u00f6ds av Open Day, d\u00e4r l\u00e4rare under en dag&#46;&#46;&#46;","og_url":"https:\/\/blogit.gradia.fi\/parasta_osaamista\/valkommen-pa-besok-till-laroanstalten\/","og_site_name":"Parasta osaamista","article_publisher":"https:\/\/www.facebook.com\/POsaamista\/","article_modified_time":"2019-08-08T09:26:52+00:00","og_image":[{"width":917,"height":543,"url":"https:\/\/blogit.gradia.fi\/parasta_osaamista\/wp-content\/uploads\/sites\/20\/2019\/05\/nuolikuvio_ruotsi.png","type":"image\/png"}],"twitter_card":"summary_large_image","twitter_site":"@Posaaja_","twitter_misc":{"Arvioitu lukuaika":"2 minuuttia"},"schema":{"@context":"https:\/\/schema.org","@graph":[{"@type":"WebPage","@id":"https:\/\/blogit.gradia.fi\/parasta_osaamista\/valkommen-pa-besok-till-laroanstalten\/","url":"https:\/\/blogit.gradia.fi\/parasta_osaamista\/valkommen-pa-besok-till-laroanstalten\/","name":"Open Day och Open Partner - Parasta osaamista","isPartOf":{"@id":"https:\/\/blogit.gradia.fi\/parasta_osaamista\/#website"},"primaryImageOfPage":{"@id":"https:\/\/blogit.gradia.fi\/parasta_osaamista\/valkommen-pa-besok-till-laroanstalten\/#primaryimage"},"image":{"@id":"https:\/\/blogit.gradia.fi\/parasta_osaamista\/valkommen-pa-besok-till-laroanstalten\/#primaryimage"},"thumbnailUrl":"https:\/\/blogit.gradia.fi\/parasta_osaamista\/wp-content\/uploads\/sites\/20\/2019\/05\/nuolikuvio_ruotsi.png","datePublished":"2019-02-14T12:24:12+00:00","dateModified":"2019-08-08T09:26:52+00:00","inLanguage":"fi","potentialAction":[{"@type":"ReadAction","target":["https:\/\/blogit.gradia.fi\/parasta_osaamista\/valkommen-pa-besok-till-laroanstalten\/"]}]},{"@type":"ImageObject","inLanguage":"fi","@id":"https:\/\/blogit.gradia.fi\/parasta_osaamista\/valkommen-pa-besok-till-laroanstalten\/#primaryimage","url":"https:\/\/blogit.gradia.fi\/parasta_osaamista\/wp-content\/uploads\/sites\/20\/2019\/05\/nuolikuvio_ruotsi.png","contentUrl":"https:\/\/blogit.gradia.fi\/parasta_osaamista\/wp-content\/uploads\/sites\/20\/2019\/05\/nuolikuvio_ruotsi.png","width":917,"height":543},{"@type":"WebSite","@id":"https:\/\/blogit.gradia.fi\/parasta_osaamista\/#website","url":"https:\/\/blogit.gradia.fi\/parasta_osaamista\/","name":"Parasta osaamista","description":"Parasta osaamista -verkostohanke","publisher":{"@id":"https:\/\/blogit.gradia.fi\/parasta_osaamista\/#organization"},"potentialAction":[{"@type":"SearchAction","target":{"@type":"EntryPoint","urlTemplate":"https:\/\/blogit.gradia.fi\/parasta_osaamista\/?s={search_term_string}"},"query-input":{"@type":"PropertyValueSpecification","valueRequired":true,"valueName":"search_term_string"}}],"inLanguage":"fi"},{"@type":"Organization","@id":"https:\/\/blogit.gradia.fi\/parasta_osaamista\/#organization","name":"Parasta osaamista -verkostohanke","url":"https:\/\/blogit.gradia.fi\/parasta_osaamista\/","logo":{"@type":"ImageObject","inLanguage":"fi","@id":"https:\/\/blogit.gradia.fi\/parasta_osaamista\/#\/schema\/logo\/image\/","url":"https:\/\/blogit.gradia.fi\/parasta_osaamista\/wp-content\/uploads\/sites\/20\/2018\/02\/parasta_osaamista_logo.jpg","contentUrl":"https:\/\/blogit.gradia.fi\/parasta_osaamista\/wp-content\/uploads\/sites\/20\/2018\/02\/parasta_osaamista_logo.jpg","width":344,"height":334,"caption":"Parasta osaamista -verkostohanke"},"image":{"@id":"https:\/\/blogit.gradia.fi\/parasta_osaamista\/#\/schema\/logo\/image\/"},"sameAs":["https:\/\/www.facebook.com\/POsaamista\/","https:\/\/x.com\/Posaaja_","https:\/\/www.instagram.com\/parastaosaamista\/","https:\/\/www.youtube.com\/channel\/UC7hv9jw0R6lS_Fmz5L9TUPw"]}]}},"uagb_featured_image_src":{"full":false,"thumbnail":false,"medium":false,"medium_large":false,"large":false,"1536x1536":false,"2048x2048":false,"thumb-small":false,"thumb-standard":false,"thumb-medium":false,"thumb-large":false,"thumb-xlarge":false,"thumb-xxlarge":false},"uagb_author_info":{"display_name":"Susanna Kanninen","author_link":"https:\/\/blogit.gradia.fi\/parasta_osaamista\/author\/kannisus\/"},"uagb_comment_info":0,"uagb_excerpt":"Open Day \u2013verksamhetsmodellen f\u00f6r ett intensivare arbetslivssamarbete En av m\u00e5ls\u00e4ttningen med den nya yrkesutbildningen \u00e4r att samarbetet mellan arbetslivet och l\u00e4roanstalterna ska \u00f6ka. Den m\u00e5ls\u00e4ttningen st\u00f6ds av Open Day, d\u00e4r l\u00e4rare under en dag&#46;&#46;&#46;","_links":{"self":[{"href":"https:\/\/blogit.gradia.fi\/parasta_osaamista\/wp-json\/wp\/v2\/pages\/1728","targetHints":{"allow":["GET"]}}],"collection":[{"href":"https:\/\/blogit.gradia.fi\/parasta_osaamista\/wp-json\/wp\/v2\/pages"}],"about":[{"href":"https:\/\/blogit.gradia.fi\/parasta_osaamista\/wp-json\/wp\/v2\/types\/page"}],"author":[{"embeddable":true,"href":"https:\/\/blogit.gradia.fi\/parasta_osaamista\/wp-json\/wp\/v2\/users\/181"}],"replies":[{"embeddable":true,"href":"https:\/\/blogit.gradia.fi\/parasta_osaamista\/wp-json\/wp\/v2\/comments?post=1728"}],"version-history":[{"count":9,"href":"https:\/\/blogit.gradia.fi\/parasta_osaamista\/wp-json\/wp\/v2\/pages\/1728\/revisions"}],"predecessor-version":[{"id":2881,"href":"https:\/\/blogit.gradia.fi\/parasta_osaamista\/wp-json\/wp\/v2\/pages\/1728\/revisions\/2881"}],"wp:attachment":[{"href":"https:\/\/blogit.gradia.fi\/parasta_osaamista\/wp-json\/wp\/v2\/media?parent=1728"}],"curies":[{"name":"wp","href":"https:\/\/api.w.org\/{rel}","templated":true}]}}