{"id":1710,"date":"2019-02-13T14:54:55","date_gmt":"2019-02-13T12:54:55","guid":{"rendered":"https:\/\/blogit.gradia.fi\/parasta_osaamista\/?page_id=1710"},"modified":"2019-06-07T07:58:45","modified_gmt":"2019-06-07T04:58:45","slug":"deltaktiga-samarbetsmodeller","status":"publish","type":"page","link":"https:\/\/blogit.gradia.fi\/parasta_osaamista\/deltaktiga-samarbetsmodeller\/","title":{"rendered":"Delaktiga samarbetsmodeller"},"content":{"rendered":"\n<p>Den nya yrkesutbildningen\nblir verklighet genom att jobba tillsammans! De delaktiga samarbetsmodellerna\nerbjuder olika ide\u00e9r f\u00f6r att utveckla och f\u00f6rnya verksamhetss\u00e4tten i\nyrkesutbildningen. Mitt i f\u00f6r\u00e4ndringen och f\u00f6rnyelsen \u00e4r det viktigt att alla\nhar m\u00f6jlighet att delta i diskussioner och i utvecklingen. <\/p>\n\n\n\n<p>De delaktiga samarbetsmodellerna&nbsp; kan anv\u00e4ndas av alla som \u00e4r verksamma inom yrkesutbildningen: f\u00f6rm\u00e4n, l\u00e4rare, handledare o.s.v. Modellerna kan anv\u00e4ndas med kort f\u00f6rberedelsetid vid olika tr\u00e4ffar eller vid l\u00e5ngsiktiga och&nbsp; omfattande utvecklingsprocesser. Samarbetsmodellerna har anv\u00e4nts i internt utvecklingsarbete inom l\u00e4roanstalter men \u00e4ven tillsammans med representanter f\u00f6r arbetslivet.&nbsp; <\/p>\n\n\n\n<p>Bekanta dig med exempel<\/p>\n\n\n\n<p>Integrering\nav gemensamma examensdelar:&nbsp;<\/p>\n\n\n\n<ul class=\"wp-block-list\"><li><a aria-label=\"GEM-integrering i yrkesinriktade examensdelar (avautuu uudessa v\u00e4lilehdess\u00e4)\" href=\"https:\/\/blogit.gradia.fi\/parasta_osaamista\/wp-content\/uploads\/sites\/20\/2019\/02\/Integrering-av-gemensamma-examensdelar-i-yrkesinriktade-examensdelar-2.pdf\" target=\"_blank\" rel=\"noreferrer noopener\">GEM-integrering i yrkesinriktade examensdelar<\/a><\/li><li><a aria-label=\"GEM i samarbete (avautuu uudessa v\u00e4lilehdess\u00e4)\" href=\"https:\/\/blogit.gradia.fi\/parasta_osaamista\/wp-content\/uploads\/sites\/20\/2019\/02\/Gemensamma-examensdelar-i-samarbete-2.pdf\" target=\"_blank\" rel=\"noreferrer noopener\">GEM i samarbete<\/a><\/li><li><a aria-label=\"PopUp Open \u2013dag (avautuu uudessa v\u00e4lilehdess\u00e4)\" href=\"https:\/\/blogit.gradia.fi\/parasta_osaamista\/wp-content\/uploads\/sites\/20\/2019\/02\/PopUp-l\u00e4rarens-dag-2.pdf\" target=\"_blank\" rel=\"noreferrer noopener\">PopUp Open \u2013dag<\/a><\/li><\/ul>\n\n\n\n<p>&nbsp;Tr\u00e4ffar med \u00f6ppna\ndiskussioner:&nbsp;&nbsp;<\/p>\n\n\n\n<ul class=\"wp-block-list\"><li> <a aria-label=\"Peda caf\u00e9  (avautuu uudessa v\u00e4lilehdess\u00e4)\" rel=\"noreferrer noopener\" href=\"https:\/\/blogit.gradia.fi\/parasta_osaamista\/wp-content\/uploads\/sites\/20\/2019\/06\/Pedacafe.pdf\" target=\"_blank\">Peda caf\u00e9 <\/a><\/li><li><a aria-label=\" Tematiskt morgonkaffe (avautuu uudessa v\u00e4lilehdess\u00e4)\" rel=\"noreferrer noopener\" href=\"https:\/\/blogit.gradia.fi\/parasta_osaamista\/wp-content\/uploads\/sites\/20\/2019\/06\/Tematiskt-morgonkaffe.pdf\" target=\"_blank\"> Tematiskt morgonkaffe<\/a>  <\/li><li><a aria-label=\"Vi utvecklar tillsammans-tr\u00e4ffar (avautuu uudessa v\u00e4lilehdess\u00e4)\" rel=\"noreferrer noopener\" href=\"https:\/\/blogit.gradia.fi\/parasta_osaamista\/wp-content\/uploads\/sites\/20\/2019\/02\/Tr\u00e4ffar-d\u00e4r-vi-utvecklar-tillsammans-2.pdf\" target=\"_blank\">Vi utvecklar tillsammans-tr\u00e4ffar<\/a><\/li><li> <a aria-label=\"Dialogisk Meet Up  (avautuu uudessa v\u00e4lilehdess\u00e4)\" rel=\"noreferrer noopener\" href=\"https:\/\/blogit.gradia.fi\/parasta_osaamista\/wp-content\/uploads\/sites\/20\/2019\/06\/Dialogisk-Meet-Up.pdf\" target=\"_blank\">Dialogisk Meet Up <\/a> <\/li><li> <a aria-label=\"Kaffesorl   (avautuu uudessa v\u00e4lilehdess\u00e4)\" rel=\"noreferrer noopener\" href=\"https:\/\/blogit.gradia.fi\/parasta_osaamista\/wp-content\/uploads\/sites\/20\/2019\/06\/Kaffesorl.pdf\" target=\"_blank\">Kaffesorl  <\/a><\/li><li> <a aria-label=\"Workshop f\u00f6r gemensamt spr\u00e5k (avautuu uudessa v\u00e4lilehdess\u00e4)\" rel=\"noreferrer noopener\" href=\"https:\/\/blogit.gradia.fi\/parasta_osaamista\/wp-content\/uploads\/sites\/20\/2019\/06\/Workshop-med-gemensamt-spr\u00e5k.pdf\" target=\"_blank\">Workshop f\u00f6r gemensamt spr\u00e5k<\/a><\/li><li><a href=\"https:\/\/blogit.gradia.fi\/parasta_osaamista\/wp-content\/uploads\/sites\/20\/2019\/06\/Lotsl\u00e4rarens-kaffestunder.pdf\" target=\"_blank\" rel=\"noreferrer noopener\" aria-label=\" (avautuu uudessa v\u00e4lilehdess\u00e4)\">Lotsl\u00e4rarens kaffestunder<\/a><\/li><\/ul>\n\n\n\n<p>Bekanta dig med till\u00e4ggsmaterialet!&nbsp;<\/p>\n\n\n\n<ul class=\"wp-block-list\"><li><a aria-label=\" (avautuu uudessa v\u00e4lilehdess\u00e4)\" href=\"https:\/\/blogit.gradia.fi\/parasta_osaamista\/wp-content\/uploads\/sites\/20\/2019\/06\/Teman-till-st\u00f6d-f\u00f6r-diskussion.pdf\" target=\"_blank\" rel=\"noreferrer noopener\">Teman till st\u00f6d f\u00f6r diskussion&nbsp;<\/a>&nbsp;<\/li><li><a aria-label=\" (avautuu uudessa v\u00e4lilehdess\u00e4)\" href=\"https:\/\/blogit.gradia.fi\/parasta_osaamista\/wp-content\/uploads\/sites\/20\/2019\/06\/Tyst-diskussionsv\u00e4gg.pdf\" target=\"_blank\" rel=\"noreferrer noopener\">Tyst diskussionsv\u00e4gg<\/a><\/li><li><a aria-label=\" (avautuu uudessa v\u00e4lilehdess\u00e4)\" href=\"https:\/\/blogit.gradia.fi\/parasta_osaamista\/ordspel-om-yrkesutbildningsreformen\/\" target=\"_blank\" rel=\"noreferrer noopener\">Ordspel om yrkesutbildningsreformen<\/a><\/li><\/ul>\n\n\n\n<p><\/p>\n\n\n\n<p><\/p>\n\n\n\n<p><\/p>\n","protected":false},"excerpt":{"rendered":"<p>Den nya yrkesutbildningen blir verklighet genom att jobba tillsammans! De delaktiga samarbetsmodellerna erbjuder olika ide\u00e9r f\u00f6r att utveckla och f\u00f6rnya verksamhetss\u00e4tten i yrkesutbildningen. Mitt i f\u00f6r\u00e4ndringen och f\u00f6rnyelsen \u00e4r det viktigt att alla har&#46;&#46;&#46;<\/p>\n","protected":false},"author":181,"featured_media":0,"parent":0,"menu_order":0,"comment_status":"closed","ping_status":"closed","template":"","meta":{"_uag_custom_page_level_css":"","footnotes":""},"class_list":["post-1710","page","type-page","status-publish","hentry"],"yoast_head":"<!-- This site is optimized with the Yoast SEO plugin v27.4 - https:\/\/yoast.com\/product\/yoast-seo-wordpress\/ -->\n<title>Delaktiga samarbetsmodeller - Parasta osaamista<\/title>\n<meta name=\"robots\" content=\"index, follow, max-snippet:-1, max-image-preview:large, max-video-preview:-1\" \/>\n<link rel=\"canonical\" href=\"https:\/\/blogit.gradia.fi\/parasta_osaamista\/deltaktiga-samarbetsmodeller\/\" \/>\n<meta property=\"og:locale\" content=\"fi_FI\" \/>\n<meta property=\"og:type\" content=\"article\" \/>\n<meta property=\"og:title\" content=\"Delaktiga samarbetsmodeller - Parasta osaamista\" \/>\n<meta property=\"og:description\" content=\"Den nya yrkesutbildningen blir verklighet genom att jobba tillsammans! De delaktiga samarbetsmodellerna erbjuder olika ide\u00e9r f\u00f6r att utveckla och f\u00f6rnya verksamhetss\u00e4tten i yrkesutbildningen. Mitt i f\u00f6r\u00e4ndringen och f\u00f6rnyelsen \u00e4r det viktigt att alla har&#046;&#046;&#046;\" \/>\n<meta property=\"og:url\" content=\"https:\/\/blogit.gradia.fi\/parasta_osaamista\/deltaktiga-samarbetsmodeller\/\" \/>\n<meta property=\"og:site_name\" content=\"Parasta osaamista\" \/>\n<meta property=\"article:publisher\" content=\"https:\/\/www.facebook.com\/POsaamista\/\" \/>\n<meta property=\"article:modified_time\" content=\"2019-06-07T04:58:45+00:00\" \/>\n<meta name=\"twitter:card\" content=\"summary_large_image\" \/>\n<meta name=\"twitter:site\" content=\"@Posaaja_\" \/>\n<meta name=\"twitter:label1\" content=\"Arvioitu lukuaika\" \/>\n\t<meta name=\"twitter:data1\" content=\"1 minuutti\" \/>\n<script type=\"application\/ld+json\" class=\"yoast-schema-graph\">{\"@context\":\"https:\\\/\\\/schema.org\",\"@graph\":[{\"@type\":\"WebPage\",\"@id\":\"https:\\\/\\\/blogit.gradia.fi\\\/parasta_osaamista\\\/deltaktiga-samarbetsmodeller\\\/\",\"url\":\"https:\\\/\\\/blogit.gradia.fi\\\/parasta_osaamista\\\/deltaktiga-samarbetsmodeller\\\/\",\"name\":\"Delaktiga samarbetsmodeller - Parasta osaamista\",\"isPartOf\":{\"@id\":\"https:\\\/\\\/blogit.gradia.fi\\\/parasta_osaamista\\\/#website\"},\"datePublished\":\"2019-02-13T12:54:55+00:00\",\"dateModified\":\"2019-06-07T04:58:45+00:00\",\"inLanguage\":\"fi\",\"potentialAction\":[{\"@type\":\"ReadAction\",\"target\":[\"https:\\\/\\\/blogit.gradia.fi\\\/parasta_osaamista\\\/deltaktiga-samarbetsmodeller\\\/\"]}]},{\"@type\":\"WebSite\",\"@id\":\"https:\\\/\\\/blogit.gradia.fi\\\/parasta_osaamista\\\/#website\",\"url\":\"https:\\\/\\\/blogit.gradia.fi\\\/parasta_osaamista\\\/\",\"name\":\"Parasta osaamista\",\"description\":\"Parasta osaamista -verkostohanke\",\"publisher\":{\"@id\":\"https:\\\/\\\/blogit.gradia.fi\\\/parasta_osaamista\\\/#organization\"},\"potentialAction\":[{\"@type\":\"SearchAction\",\"target\":{\"@type\":\"EntryPoint\",\"urlTemplate\":\"https:\\\/\\\/blogit.gradia.fi\\\/parasta_osaamista\\\/?s={search_term_string}\"},\"query-input\":{\"@type\":\"PropertyValueSpecification\",\"valueRequired\":true,\"valueName\":\"search_term_string\"}}],\"inLanguage\":\"fi\"},{\"@type\":\"Organization\",\"@id\":\"https:\\\/\\\/blogit.gradia.fi\\\/parasta_osaamista\\\/#organization\",\"name\":\"Parasta osaamista -verkostohanke\",\"url\":\"https:\\\/\\\/blogit.gradia.fi\\\/parasta_osaamista\\\/\",\"logo\":{\"@type\":\"ImageObject\",\"inLanguage\":\"fi\",\"@id\":\"https:\\\/\\\/blogit.gradia.fi\\\/parasta_osaamista\\\/#\\\/schema\\\/logo\\\/image\\\/\",\"url\":\"https:\\\/\\\/blogit.gradia.fi\\\/parasta_osaamista\\\/wp-content\\\/uploads\\\/sites\\\/20\\\/2018\\\/02\\\/parasta_osaamista_logo.jpg\",\"contentUrl\":\"https:\\\/\\\/blogit.gradia.fi\\\/parasta_osaamista\\\/wp-content\\\/uploads\\\/sites\\\/20\\\/2018\\\/02\\\/parasta_osaamista_logo.jpg\",\"width\":344,\"height\":334,\"caption\":\"Parasta osaamista -verkostohanke\"},\"image\":{\"@id\":\"https:\\\/\\\/blogit.gradia.fi\\\/parasta_osaamista\\\/#\\\/schema\\\/logo\\\/image\\\/\"},\"sameAs\":[\"https:\\\/\\\/www.facebook.com\\\/POsaamista\\\/\",\"https:\\\/\\\/x.com\\\/Posaaja_\",\"https:\\\/\\\/www.instagram.com\\\/parastaosaamista\\\/\",\"https:\\\/\\\/www.youtube.com\\\/channel\\\/UC7hv9jw0R6lS_Fmz5L9TUPw\"]}]}<\/script>\n<!-- \/ Yoast SEO plugin. -->","yoast_head_json":{"title":"Delaktiga samarbetsmodeller - Parasta osaamista","robots":{"index":"index","follow":"follow","max-snippet":"max-snippet:-1","max-image-preview":"max-image-preview:large","max-video-preview":"max-video-preview:-1"},"canonical":"https:\/\/blogit.gradia.fi\/parasta_osaamista\/deltaktiga-samarbetsmodeller\/","og_locale":"fi_FI","og_type":"article","og_title":"Delaktiga samarbetsmodeller - Parasta osaamista","og_description":"Den nya yrkesutbildningen blir verklighet genom att jobba tillsammans! De delaktiga samarbetsmodellerna erbjuder olika ide\u00e9r f\u00f6r att utveckla och f\u00f6rnya verksamhetss\u00e4tten i yrkesutbildningen. Mitt i f\u00f6r\u00e4ndringen och f\u00f6rnyelsen \u00e4r det viktigt att alla har&#46;&#46;&#46;","og_url":"https:\/\/blogit.gradia.fi\/parasta_osaamista\/deltaktiga-samarbetsmodeller\/","og_site_name":"Parasta osaamista","article_publisher":"https:\/\/www.facebook.com\/POsaamista\/","article_modified_time":"2019-06-07T04:58:45+00:00","twitter_card":"summary_large_image","twitter_site":"@Posaaja_","twitter_misc":{"Arvioitu lukuaika":"1 minuutti"},"schema":{"@context":"https:\/\/schema.org","@graph":[{"@type":"WebPage","@id":"https:\/\/blogit.gradia.fi\/parasta_osaamista\/deltaktiga-samarbetsmodeller\/","url":"https:\/\/blogit.gradia.fi\/parasta_osaamista\/deltaktiga-samarbetsmodeller\/","name":"Delaktiga samarbetsmodeller - Parasta osaamista","isPartOf":{"@id":"https:\/\/blogit.gradia.fi\/parasta_osaamista\/#website"},"datePublished":"2019-02-13T12:54:55+00:00","dateModified":"2019-06-07T04:58:45+00:00","inLanguage":"fi","potentialAction":[{"@type":"ReadAction","target":["https:\/\/blogit.gradia.fi\/parasta_osaamista\/deltaktiga-samarbetsmodeller\/"]}]},{"@type":"WebSite","@id":"https:\/\/blogit.gradia.fi\/parasta_osaamista\/#website","url":"https:\/\/blogit.gradia.fi\/parasta_osaamista\/","name":"Parasta osaamista","description":"Parasta osaamista -verkostohanke","publisher":{"@id":"https:\/\/blogit.gradia.fi\/parasta_osaamista\/#organization"},"potentialAction":[{"@type":"SearchAction","target":{"@type":"EntryPoint","urlTemplate":"https:\/\/blogit.gradia.fi\/parasta_osaamista\/?s={search_term_string}"},"query-input":{"@type":"PropertyValueSpecification","valueRequired":true,"valueName":"search_term_string"}}],"inLanguage":"fi"},{"@type":"Organization","@id":"https:\/\/blogit.gradia.fi\/parasta_osaamista\/#organization","name":"Parasta osaamista -verkostohanke","url":"https:\/\/blogit.gradia.fi\/parasta_osaamista\/","logo":{"@type":"ImageObject","inLanguage":"fi","@id":"https:\/\/blogit.gradia.fi\/parasta_osaamista\/#\/schema\/logo\/image\/","url":"https:\/\/blogit.gradia.fi\/parasta_osaamista\/wp-content\/uploads\/sites\/20\/2018\/02\/parasta_osaamista_logo.jpg","contentUrl":"https:\/\/blogit.gradia.fi\/parasta_osaamista\/wp-content\/uploads\/sites\/20\/2018\/02\/parasta_osaamista_logo.jpg","width":344,"height":334,"caption":"Parasta osaamista -verkostohanke"},"image":{"@id":"https:\/\/blogit.gradia.fi\/parasta_osaamista\/#\/schema\/logo\/image\/"},"sameAs":["https:\/\/www.facebook.com\/POsaamista\/","https:\/\/x.com\/Posaaja_","https:\/\/www.instagram.com\/parastaosaamista\/","https:\/\/www.youtube.com\/channel\/UC7hv9jw0R6lS_Fmz5L9TUPw"]}]}},"uagb_featured_image_src":{"full":false,"thumbnail":false,"medium":false,"medium_large":false,"large":false,"1536x1536":false,"2048x2048":false,"thumb-small":false,"thumb-standard":false,"thumb-medium":false,"thumb-large":false,"thumb-xlarge":false,"thumb-xxlarge":false},"uagb_author_info":{"display_name":"Susanna Kanninen","author_link":"https:\/\/blogit.gradia.fi\/parasta_osaamista\/author\/kannisus\/"},"uagb_comment_info":0,"uagb_excerpt":"Den nya yrkesutbildningen blir verklighet genom att jobba tillsammans! De delaktiga samarbetsmodellerna erbjuder olika ide\u00e9r f\u00f6r att utveckla och f\u00f6rnya verksamhetss\u00e4tten i yrkesutbildningen. Mitt i f\u00f6r\u00e4ndringen och f\u00f6rnyelsen \u00e4r det viktigt att alla har&#46;&#46;&#46;","_links":{"self":[{"href":"https:\/\/blogit.gradia.fi\/parasta_osaamista\/wp-json\/wp\/v2\/pages\/1710","targetHints":{"allow":["GET"]}}],"collection":[{"href":"https:\/\/blogit.gradia.fi\/parasta_osaamista\/wp-json\/wp\/v2\/pages"}],"about":[{"href":"https:\/\/blogit.gradia.fi\/parasta_osaamista\/wp-json\/wp\/v2\/types\/page"}],"author":[{"embeddable":true,"href":"https:\/\/blogit.gradia.fi\/parasta_osaamista\/wp-json\/wp\/v2\/users\/181"}],"replies":[{"embeddable":true,"href":"https:\/\/blogit.gradia.fi\/parasta_osaamista\/wp-json\/wp\/v2\/comments?post=1710"}],"version-history":[{"count":12,"href":"https:\/\/blogit.gradia.fi\/parasta_osaamista\/wp-json\/wp\/v2\/pages\/1710\/revisions"}],"predecessor-version":[{"id":2775,"href":"https:\/\/blogit.gradia.fi\/parasta_osaamista\/wp-json\/wp\/v2\/pages\/1710\/revisions\/2775"}],"wp:attachment":[{"href":"https:\/\/blogit.gradia.fi\/parasta_osaamista\/wp-json\/wp\/v2\/media?parent=1710"}],"curies":[{"name":"wp","href":"https:\/\/api.w.org\/{rel}","templated":true}]}}