{"id":1702,"date":"2019-02-13T13:40:07","date_gmt":"2019-02-13T11:40:07","guid":{"rendered":"https:\/\/blogit.gradia.fi\/parasta_osaamista\/?page_id=1702"},"modified":"2020-06-15T09:17:40","modified_gmt":"2020-06-15T06:17:40","slug":"digitala-kompetentsstigar","status":"publish","type":"page","link":"https:\/\/blogit.gradia.fi\/parasta_osaamista\/digitala-kompetentsstigar\/","title":{"rendered":"Digitala kompetensstigar"},"content":{"rendered":"\n<p>Olika \u00e5tg\u00e4rder som \u00e4r planerade f\u00f6r att utbildningsanordnaren ska kunna s\u00e4kerst\u00e4lla att personalen kan identifiera sitt eget kompetensbehov, i samarbete planera f\u00f6rv\u00e4rvande av kompetens, skaffa kunnande, och arbeta enligt&nbsp; den f\u00f6rnyade lagstiftningen och enligt arbetslivets behov. Kompetensstigarna anknyter till utvecklingssamtalen och kompetensutvecklingsplanerna. Ledningsfilosofin i Lean och 70-20-10 modellen f\u00f6r f\u00f6rv\u00e4rvande av kunnande utg\u00f6r grunden f\u00f6r kompetensstigarna.&nbsp;<br>\u202f\u202f\u202f&nbsp;<\/p>\n\n\n\n<ul class=\"wp-block-list\"><li><a rel=\"noreferrer noopener\" aria-label=\"Moodlen Pedapolku \u2013 malli (avautuu uudessa v\u00e4lilehdess\u00e4)\" href=\"https:\/\/elsa.salpaus.fi\/course\/view.php?id=5258\" target=\"_blank\">Moodlen Pedapolku \u2013 malli<\/a>\u202f (p\u00e5 finska)\u00a0<\/li><li><a rel=\"noreferrer noopener\" aria-label=\" (avautuu uudessa v\u00e4lilehdess\u00e4)\" href=\"https:\/\/blogit.gradia.fi\/parasta_osaamista\/wp-content\/uploads\/sites\/20\/2019\/01\/Moodlen-pedapolun-kysymykset.pdf\" target=\"_blank\">Moodlen Pedapolku \u2013 kysymykset<\/a>\u202f (p\u00e5 finska)\u00a0<\/li><li><a rel=\"noreferrer noopener\" aria-label=\"JokaOpe (avautuu uudessa v\u00e4lilehdess\u00e4)\" href=\"https:\/\/blogit.gradia.fi\/parasta_osaamista\/wp-content\/uploads\/sites\/20\/2019\/01\/JokaOpe.pdf\" target=\"_blank\">JokaOpe<\/a> (p\u00e5 finska)\u00a0<\/li><li><a rel=\"noreferrer noopener\" aria-label=\" (avautuu uudessa v\u00e4lilehdess\u00e4)\" href=\"https:\/\/blogit.gradia.fi\/parasta_osaamista\/wp-content\/uploads\/sites\/20\/2019\/01\/Pedapodcast.pdf\" target=\"_blank\">Pedapodcaster<\/a><\/li><li><a rel=\"noreferrer noopener\" aria-label=\" (avautuu uudessa v\u00e4lilehdess\u00e4)\" href=\"https:\/\/blogit.gradia.fi\/parasta_osaamista\/wp-content\/uploads\/sites\/20\/2019\/02\/\u00d6ppen-webbsida-Oppiva-Omnia.pdf\" target=\"_blank\">\u00d6ppen webbsida Oppiva Omnia\u202f\u00a0<\/a><\/li><li><a rel=\"noreferrer noopener\" aria-label=\"TEAMS tiimien yhteisty\u00f6skentelyn tukena (avautuu uudessa v\u00e4lilehdess\u00e4)\" href=\"https:\/\/blogit.gradia.fi\/parasta_osaamista\/wp-content\/uploads\/sites\/20\/2019\/01\/Teams-yhteisty%C3%B6skentelyn-tukena.pdf\" target=\"_blank\">TEAMS tiimien yhteisty\u00f6skentelyn tukena<\/a>\u202f(p\u00e5 finska)\u00a0<\/li><li><a rel=\"noreferrer noopener\" aria-label=\"L\u00e4rarens digitala kompetensstig i TEAMS (avautuu uudessa v\u00e4lilehdess\u00e4)\" href=\"https:\/\/blogit.gradia.fi\/parasta_osaamista\/wp-content\/uploads\/sites\/20\/2019\/01\/L%C3%A4rarens-digitala-kompetentssit-i-Teams.pdf\" target=\"_blank\">L\u00e4rarens digitala kompetensstig i TEAMS<\/a>\u202f\u00a0<\/li><li><a href=\"https:\/\/blogit.gradia.fi\/parasta_osaamista\/wp-content\/uploads\/sites\/20\/2020\/06\/70-20-10-opitaan-yhdessa-opas-2017-CC.pdf\" target=\"_blank\" rel=\"noreferrer noopener\">70-20-10 \u2013 opitaan yhdess\u00e4 \u2013 opas<\/a>\u202f\u202f(p\u00e5 finska)<\/li><\/ul>\n\n\n\n<p>Treduvei: Direktl\u00e4nk till personalens Moodle hos\nTredu:<\/p>\n\n\n\n<ul class=\"wp-block-list\"><li><a rel=\"noreferrer noopener\" aria-label=\"#treduvei Ohjaus (avautuu uudessa v\u00e4lilehdess\u00e4)\" href=\"https:\/\/moodle.tampere.fi\/auth\/saml\/login.php?wantsurl=https%3A%2F%2Fmoodle.tampere.fi%2Fcourse%2Fview.php%3Fid%3D6062\" target=\"_blank\">#treduvei Ohjaus<\/a><\/li><li><a href=\"https:\/\/moodle.tampere.fi\/auth\/saml\/login.php?wantsurl=https%3A%2F%2Fmoodle.tampere.fi%2Fcourse%2Fview.php%3Fid%3D6063\" target=\"_blank\" rel=\"noreferrer noopener\" aria-label=\"#treduvei Arviointi (avautuu uudessa v\u00e4lilehdess\u00e4)\">#treduvei Arviointi<\/a><\/li><\/ul>\n\n\n\n<p>Logga in som G\u00e4st (vierailija), l\u00f6senordet till b\u00e5de\nHandledning och Bed\u00f6mning \u00e4r: treduvieras<\/p>\n\n\n\n<p><\/p>\n","protected":false},"excerpt":{"rendered":"<p>Olika \u00e5tg\u00e4rder som \u00e4r planerade f\u00f6r att utbildningsanordnaren ska kunna s\u00e4kerst\u00e4lla att personalen kan identifiera sitt eget kompetensbehov, i samarbete planera f\u00f6rv\u00e4rvande av kompetens, skaffa kunnande, och arbeta enligt&nbsp; den f\u00f6rnyade lagstiftningen och enligt&#46;&#46;&#46;<\/p>\n","protected":false},"author":181,"featured_media":0,"parent":0,"menu_order":0,"comment_status":"closed","ping_status":"closed","template":"","meta":{"_uag_custom_page_level_css":"","footnotes":""},"class_list":["post-1702","page","type-page","status-publish","hentry"],"yoast_head":"<!-- This site is optimized with the Yoast SEO plugin v27.4 - https:\/\/yoast.com\/product\/yoast-seo-wordpress\/ -->\n<title>Digitala kompetensstigar - Parasta osaamista<\/title>\n<meta name=\"robots\" content=\"index, follow, max-snippet:-1, max-image-preview:large, max-video-preview:-1\" \/>\n<link rel=\"canonical\" href=\"https:\/\/blogit.gradia.fi\/parasta_osaamista\/digitala-kompetentsstigar\/\" \/>\n<meta property=\"og:locale\" content=\"fi_FI\" \/>\n<meta property=\"og:type\" content=\"article\" \/>\n<meta property=\"og:title\" content=\"Digitala kompetensstigar - Parasta osaamista\" \/>\n<meta property=\"og:description\" content=\"Olika \u00e5tg\u00e4rder som \u00e4r planerade f\u00f6r att utbildningsanordnaren ska kunna s\u00e4kerst\u00e4lla att personalen kan identifiera sitt eget kompetensbehov, i samarbete planera f\u00f6rv\u00e4rvande av kompetens, skaffa kunnande, och arbeta enligt&nbsp; den f\u00f6rnyade lagstiftningen och enligt&#046;&#046;&#046;\" \/>\n<meta property=\"og:url\" content=\"https:\/\/blogit.gradia.fi\/parasta_osaamista\/digitala-kompetentsstigar\/\" \/>\n<meta property=\"og:site_name\" content=\"Parasta osaamista\" \/>\n<meta property=\"article:publisher\" content=\"https:\/\/www.facebook.com\/POsaamista\/\" \/>\n<meta property=\"article:modified_time\" content=\"2020-06-15T06:17:40+00:00\" \/>\n<meta name=\"twitter:card\" content=\"summary_large_image\" \/>\n<meta name=\"twitter:site\" content=\"@Posaaja_\" \/>\n<meta name=\"twitter:label1\" content=\"Arvioitu lukuaika\" \/>\n\t<meta name=\"twitter:data1\" content=\"1 minuutti\" \/>\n<script type=\"application\/ld+json\" class=\"yoast-schema-graph\">{\"@context\":\"https:\\\/\\\/schema.org\",\"@graph\":[{\"@type\":\"WebPage\",\"@id\":\"https:\\\/\\\/blogit.gradia.fi\\\/parasta_osaamista\\\/digitala-kompetentsstigar\\\/\",\"url\":\"https:\\\/\\\/blogit.gradia.fi\\\/parasta_osaamista\\\/digitala-kompetentsstigar\\\/\",\"name\":\"Digitala kompetensstigar - Parasta osaamista\",\"isPartOf\":{\"@id\":\"https:\\\/\\\/blogit.gradia.fi\\\/parasta_osaamista\\\/#website\"},\"datePublished\":\"2019-02-13T11:40:07+00:00\",\"dateModified\":\"2020-06-15T06:17:40+00:00\",\"inLanguage\":\"fi\",\"potentialAction\":[{\"@type\":\"ReadAction\",\"target\":[\"https:\\\/\\\/blogit.gradia.fi\\\/parasta_osaamista\\\/digitala-kompetentsstigar\\\/\"]}]},{\"@type\":\"WebSite\",\"@id\":\"https:\\\/\\\/blogit.gradia.fi\\\/parasta_osaamista\\\/#website\",\"url\":\"https:\\\/\\\/blogit.gradia.fi\\\/parasta_osaamista\\\/\",\"name\":\"Parasta osaamista\",\"description\":\"Parasta osaamista -verkostohanke\",\"publisher\":{\"@id\":\"https:\\\/\\\/blogit.gradia.fi\\\/parasta_osaamista\\\/#organization\"},\"potentialAction\":[{\"@type\":\"SearchAction\",\"target\":{\"@type\":\"EntryPoint\",\"urlTemplate\":\"https:\\\/\\\/blogit.gradia.fi\\\/parasta_osaamista\\\/?s={search_term_string}\"},\"query-input\":{\"@type\":\"PropertyValueSpecification\",\"valueRequired\":true,\"valueName\":\"search_term_string\"}}],\"inLanguage\":\"fi\"},{\"@type\":\"Organization\",\"@id\":\"https:\\\/\\\/blogit.gradia.fi\\\/parasta_osaamista\\\/#organization\",\"name\":\"Parasta osaamista -verkostohanke\",\"url\":\"https:\\\/\\\/blogit.gradia.fi\\\/parasta_osaamista\\\/\",\"logo\":{\"@type\":\"ImageObject\",\"inLanguage\":\"fi\",\"@id\":\"https:\\\/\\\/blogit.gradia.fi\\\/parasta_osaamista\\\/#\\\/schema\\\/logo\\\/image\\\/\",\"url\":\"https:\\\/\\\/blogit.gradia.fi\\\/parasta_osaamista\\\/wp-content\\\/uploads\\\/sites\\\/20\\\/2018\\\/02\\\/parasta_osaamista_logo.jpg\",\"contentUrl\":\"https:\\\/\\\/blogit.gradia.fi\\\/parasta_osaamista\\\/wp-content\\\/uploads\\\/sites\\\/20\\\/2018\\\/02\\\/parasta_osaamista_logo.jpg\",\"width\":344,\"height\":334,\"caption\":\"Parasta osaamista -verkostohanke\"},\"image\":{\"@id\":\"https:\\\/\\\/blogit.gradia.fi\\\/parasta_osaamista\\\/#\\\/schema\\\/logo\\\/image\\\/\"},\"sameAs\":[\"https:\\\/\\\/www.facebook.com\\\/POsaamista\\\/\",\"https:\\\/\\\/x.com\\\/Posaaja_\",\"https:\\\/\\\/www.instagram.com\\\/parastaosaamista\\\/\",\"https:\\\/\\\/www.youtube.com\\\/channel\\\/UC7hv9jw0R6lS_Fmz5L9TUPw\"]}]}<\/script>\n<!-- \/ Yoast SEO plugin. -->","yoast_head_json":{"title":"Digitala kompetensstigar - Parasta osaamista","robots":{"index":"index","follow":"follow","max-snippet":"max-snippet:-1","max-image-preview":"max-image-preview:large","max-video-preview":"max-video-preview:-1"},"canonical":"https:\/\/blogit.gradia.fi\/parasta_osaamista\/digitala-kompetentsstigar\/","og_locale":"fi_FI","og_type":"article","og_title":"Digitala kompetensstigar - Parasta osaamista","og_description":"Olika \u00e5tg\u00e4rder som \u00e4r planerade f\u00f6r att utbildningsanordnaren ska kunna s\u00e4kerst\u00e4lla att personalen kan identifiera sitt eget kompetensbehov, i samarbete planera f\u00f6rv\u00e4rvande av kompetens, skaffa kunnande, och arbeta enligt&nbsp; den f\u00f6rnyade lagstiftningen och enligt&#46;&#46;&#46;","og_url":"https:\/\/blogit.gradia.fi\/parasta_osaamista\/digitala-kompetentsstigar\/","og_site_name":"Parasta osaamista","article_publisher":"https:\/\/www.facebook.com\/POsaamista\/","article_modified_time":"2020-06-15T06:17:40+00:00","twitter_card":"summary_large_image","twitter_site":"@Posaaja_","twitter_misc":{"Arvioitu lukuaika":"1 minuutti"},"schema":{"@context":"https:\/\/schema.org","@graph":[{"@type":"WebPage","@id":"https:\/\/blogit.gradia.fi\/parasta_osaamista\/digitala-kompetentsstigar\/","url":"https:\/\/blogit.gradia.fi\/parasta_osaamista\/digitala-kompetentsstigar\/","name":"Digitala kompetensstigar - Parasta osaamista","isPartOf":{"@id":"https:\/\/blogit.gradia.fi\/parasta_osaamista\/#website"},"datePublished":"2019-02-13T11:40:07+00:00","dateModified":"2020-06-15T06:17:40+00:00","inLanguage":"fi","potentialAction":[{"@type":"ReadAction","target":["https:\/\/blogit.gradia.fi\/parasta_osaamista\/digitala-kompetentsstigar\/"]}]},{"@type":"WebSite","@id":"https:\/\/blogit.gradia.fi\/parasta_osaamista\/#website","url":"https:\/\/blogit.gradia.fi\/parasta_osaamista\/","name":"Parasta osaamista","description":"Parasta osaamista -verkostohanke","publisher":{"@id":"https:\/\/blogit.gradia.fi\/parasta_osaamista\/#organization"},"potentialAction":[{"@type":"SearchAction","target":{"@type":"EntryPoint","urlTemplate":"https:\/\/blogit.gradia.fi\/parasta_osaamista\/?s={search_term_string}"},"query-input":{"@type":"PropertyValueSpecification","valueRequired":true,"valueName":"search_term_string"}}],"inLanguage":"fi"},{"@type":"Organization","@id":"https:\/\/blogit.gradia.fi\/parasta_osaamista\/#organization","name":"Parasta osaamista -verkostohanke","url":"https:\/\/blogit.gradia.fi\/parasta_osaamista\/","logo":{"@type":"ImageObject","inLanguage":"fi","@id":"https:\/\/blogit.gradia.fi\/parasta_osaamista\/#\/schema\/logo\/image\/","url":"https:\/\/blogit.gradia.fi\/parasta_osaamista\/wp-content\/uploads\/sites\/20\/2018\/02\/parasta_osaamista_logo.jpg","contentUrl":"https:\/\/blogit.gradia.fi\/parasta_osaamista\/wp-content\/uploads\/sites\/20\/2018\/02\/parasta_osaamista_logo.jpg","width":344,"height":334,"caption":"Parasta osaamista -verkostohanke"},"image":{"@id":"https:\/\/blogit.gradia.fi\/parasta_osaamista\/#\/schema\/logo\/image\/"},"sameAs":["https:\/\/www.facebook.com\/POsaamista\/","https:\/\/x.com\/Posaaja_","https:\/\/www.instagram.com\/parastaosaamista\/","https:\/\/www.youtube.com\/channel\/UC7hv9jw0R6lS_Fmz5L9TUPw"]}]}},"uagb_featured_image_src":{"full":false,"thumbnail":false,"medium":false,"medium_large":false,"large":false,"1536x1536":false,"2048x2048":false,"thumb-small":false,"thumb-standard":false,"thumb-medium":false,"thumb-large":false,"thumb-xlarge":false,"thumb-xxlarge":false},"uagb_author_info":{"display_name":"Susanna Kanninen","author_link":"https:\/\/blogit.gradia.fi\/parasta_osaamista\/author\/kannisus\/"},"uagb_comment_info":0,"uagb_excerpt":"Olika \u00e5tg\u00e4rder som \u00e4r planerade f\u00f6r att utbildningsanordnaren ska kunna s\u00e4kerst\u00e4lla att personalen kan identifiera sitt eget kompetensbehov, i samarbete planera f\u00f6rv\u00e4rvande av kompetens, skaffa kunnande, och arbeta enligt&nbsp; den f\u00f6rnyade lagstiftningen och enligt&#46;&#46;&#46;","_links":{"self":[{"href":"https:\/\/blogit.gradia.fi\/parasta_osaamista\/wp-json\/wp\/v2\/pages\/1702","targetHints":{"allow":["GET"]}}],"collection":[{"href":"https:\/\/blogit.gradia.fi\/parasta_osaamista\/wp-json\/wp\/v2\/pages"}],"about":[{"href":"https:\/\/blogit.gradia.fi\/parasta_osaamista\/wp-json\/wp\/v2\/types\/page"}],"author":[{"embeddable":true,"href":"https:\/\/blogit.gradia.fi\/parasta_osaamista\/wp-json\/wp\/v2\/users\/181"}],"replies":[{"embeddable":true,"href":"https:\/\/blogit.gradia.fi\/parasta_osaamista\/wp-json\/wp\/v2\/comments?post=1702"}],"version-history":[{"count":9,"href":"https:\/\/blogit.gradia.fi\/parasta_osaamista\/wp-json\/wp\/v2\/pages\/1702\/revisions"}],"predecessor-version":[{"id":3629,"href":"https:\/\/blogit.gradia.fi\/parasta_osaamista\/wp-json\/wp\/v2\/pages\/1702\/revisions\/3629"}],"wp:attachment":[{"href":"https:\/\/blogit.gradia.fi\/parasta_osaamista\/wp-json\/wp\/v2\/media?parent=1702"}],"curies":[{"name":"wp","href":"https:\/\/api.w.org\/{rel}","templated":true}]}}