{"id":1675,"date":"2019-02-13T12:42:44","date_gmt":"2019-02-13T10:42:44","guid":{"rendered":"https:\/\/blogit.gradia.fi\/parasta_osaamista\/?page_id=1675"},"modified":"2019-02-13T12:42:45","modified_gmt":"2019-02-13T10:42:45","slug":"kontaktuppgifter","status":"publish","type":"page","link":"https:\/\/blogit.gradia.fi\/parasta_osaamista\/kontaktuppgifter\/","title":{"rendered":"Kontaktuppgifter"},"content":{"rendered":"\n<p><strong>Projektets\nkoordinator<\/strong><\/p>\n\n\n\n<p>Jyv\u00e4skyl\u00e4n\nkoulutuskuntayhtym\u00e4 Gradia, Pia Tolonen, projektchef,&nbsp; 040 341 5844<\/p>\n\n\n\n<p><strong>Utbildningsanordnare<\/strong><\/p>\n\n\n\n<p><strong>Ammattiopisto Spesia<\/strong><\/p>\n\n\n\n<p>Rita\nHintsala, projektledare, rita.hintsala@spesia.fi, 044 7651 311<\/p>\n\n\n\n<p><strong>Espoon seudun koulutuskuntayhtym\u00e4 Omnia<\/strong><\/p>\n\n\n\n<p>Katja\n\u00d6sterberg, projektledare, kati.osterberg@omnia.fi, 040 126 4863<\/p>\n\n\n\n<p><strong>Jyv\u00e4skyl\u00e4n koulutuskuntayhtym\u00e4<\/strong><\/p>\n\n\n\n<p>Sami\nAhonen, projektledare, sami.ahonen@gradia.fi, 040 341 6253<\/p>\n\n\n\n<p><strong>Kemi-Tornionlaakson koulutuskuntayhtym\u00e4<\/strong><\/p>\n\n\n\n<p>Satu-Maria\nSalmi, projektledare, satumaria.salmi@lappia.fi, 0400 908 428<\/p>\n\n\n\n<p><strong>Koulutuskeskus Salpaus<\/strong><\/p>\n\n\n\n<p>Sannakaisa\nRaatikainen, projektledare, sannakaisa.raatikainen@salpaus.fi, 050&nbsp;387\n1953<\/p>\n\n\n\n<p><strong>L\u00e4nsirannikon Koulutus Oy WinNova<\/strong><\/p>\n\n\n\n<p>Elisa\nVahteristo, projektledare, elisa.vahteristo@winnova.fi, 044 455 7305<\/p>\n\n\n\n<p><strong>Pohjois-Karjalan koulutuskuntayhtym\u00e4 Riveria<\/strong><\/p>\n\n\n\n<p>Arja Aalto, projektledare,\narja.aalto@riveria.fi, 050&nbsp;577 7821<\/p>\n\n\n\n<p><strong>Sein\u00e4joen koulutuskuntayhtym\u00e4 Sedu<\/strong><\/p>\n\n\n\n<p>Marja-Terttu\nKurunsaari, projektledare, marja-terttu.kurunsaari@sedu.fi, 040 868 0814<\/p>\n\n\n\n<p><strong>Tampereen seudun ammattiopisto Tredu (Tampereen kaupunki)<\/strong><\/p>\n\n\n\n<p>Johanna\nToivanen, projektledare, johanna.toivanen@tampere.fi, 040 801 6210<\/p>\n\n\n\n<p><strong>Yrkesakademin\ni \u00d6sterbotten<\/strong><\/p>\n\n\n\n<p>Christel Holmlund-Norre\u00b4n, projektledare, christel.holmlund-norren@yrkesakademin.fi, 050 590 6278<\/p>\n\n\n\n<p><\/p>\n\n\n\n<p><strong>Haaga-Helia ammattikorkeakoulu, Ammatillinen opettajakorkeakoulu<\/strong><\/p>\n\n\n\n<p>Susanna\nL\u00f6f, projektledare, susanna.lof@haaga.helia.fi, 040 488 7083<\/p>\n\n\n\n<p><strong>Haaga-Helia ammattikorkeakoulu, Ammatillinen opettajakorkeakoulu<\/strong><\/p>\n\n\n\n<p>Petja\nSairanen, projektledare, Petja.sairanen@haaga-helia.fi, 050 590 4110<\/p>\n\n\n\n<p><strong>H\u00e4meen ammattikorkeakoulu, Ammatillinen opettajakorkeakoulu<\/strong><\/p>\n\n\n\n<p>Soili\nRinne, projektledare, soili.rinne@hamk.fi, 050&nbsp;466 5539<\/p>\n\n\n\n<p><strong>Oulun ammattikorkeakoulu, Ammatillinen opettajakorkeakoulu<\/strong><\/p>\n\n\n\n<p>P\u00e4ivi\nKilja, projektledare, paivi.kilja@oamk.fi, 040 141 5157<\/p>\n\n\n\n<p><strong>Jyv\u00e4skyl\u00e4n ammattikorkeakoulu, Ammatillinen opettajakorkeakoulu<\/strong><\/p>\n\n\n\n<p>Ylitervo Ritva,\nprojektledare, ritva.ylitervo@jamk.fi&nbsp;, 040 640 2272<\/p>\n\n\n\n<p><strong>Tampereen ammattikorkeakoulu, Ammatillinen opettajakorkeakoulu<\/strong><\/p>\n\n\n\n<p>Annukka Tapani,\nprojektledare, annukka.tapani@tuni.fi, 050 407 2580<\/p>\n","protected":false},"excerpt":{"rendered":"<p>Projektets koordinator Jyv\u00e4skyl\u00e4n koulutuskuntayhtym\u00e4 Gradia, Pia Tolonen, projektchef,&nbsp; 040 341 5844 Utbildningsanordnare Ammattiopisto Spesia Rita Hintsala, projektledare, rita.hintsala@spesia.fi, 044 7651 311 Espoon seudun koulutuskuntayhtym\u00e4 Omnia Katja \u00d6sterberg, projektledare, kati.osterberg@omnia.fi, 040 126 4863 Jyv\u00e4skyl\u00e4n koulutuskuntayhtym\u00e4&#46;&#46;&#46;<\/p>\n","protected":false},"author":181,"featured_media":0,"parent":0,"menu_order":0,"comment_status":"closed","ping_status":"closed","template":"","meta":{"_uag_custom_page_level_css":"","footnotes":""},"class_list":["post-1675","page","type-page","status-publish","hentry"],"yoast_head":"<!-- This site is optimized with the Yoast SEO plugin v27.4 - https:\/\/yoast.com\/product\/yoast-seo-wordpress\/ -->\n<title>Kontaktuppgifter - Parasta osaamista<\/title>\n<meta name=\"robots\" content=\"index, follow, max-snippet:-1, max-image-preview:large, max-video-preview:-1\" \/>\n<link rel=\"canonical\" href=\"https:\/\/blogit.gradia.fi\/parasta_osaamista\/kontaktuppgifter\/\" \/>\n<meta property=\"og:locale\" content=\"fi_FI\" \/>\n<meta property=\"og:type\" content=\"article\" \/>\n<meta property=\"og:title\" content=\"Kontaktuppgifter - Parasta osaamista\" \/>\n<meta property=\"og:description\" content=\"Projektets koordinator Jyv\u00e4skyl\u00e4n koulutuskuntayhtym\u00e4 Gradia, Pia Tolonen, projektchef,&nbsp; 040 341 5844 Utbildningsanordnare Ammattiopisto Spesia Rita Hintsala, projektledare, rita.hintsala@spesia.fi, 044 7651 311 Espoon seudun koulutuskuntayhtym\u00e4 Omnia Katja \u00d6sterberg, projektledare, kati.osterberg@omnia.fi, 040 126 4863 Jyv\u00e4skyl\u00e4n koulutuskuntayhtym\u00e4&#046;&#046;&#046;\" \/>\n<meta property=\"og:url\" content=\"https:\/\/blogit.gradia.fi\/parasta_osaamista\/kontaktuppgifter\/\" \/>\n<meta property=\"og:site_name\" content=\"Parasta osaamista\" \/>\n<meta property=\"article:publisher\" content=\"https:\/\/www.facebook.com\/POsaamista\/\" \/>\n<meta property=\"article:modified_time\" content=\"2019-02-13T10:42:45+00:00\" \/>\n<meta name=\"twitter:card\" content=\"summary_large_image\" \/>\n<meta name=\"twitter:site\" content=\"@Posaaja_\" \/>\n<meta name=\"twitter:label1\" content=\"Arvioitu lukuaika\" \/>\n\t<meta name=\"twitter:data1\" content=\"1 minuutti\" \/>\n<script type=\"application\/ld+json\" class=\"yoast-schema-graph\">{\"@context\":\"https:\\\/\\\/schema.org\",\"@graph\":[{\"@type\":\"WebPage\",\"@id\":\"https:\\\/\\\/blogit.gradia.fi\\\/parasta_osaamista\\\/kontaktuppgifter\\\/\",\"url\":\"https:\\\/\\\/blogit.gradia.fi\\\/parasta_osaamista\\\/kontaktuppgifter\\\/\",\"name\":\"Kontaktuppgifter - Parasta osaamista\",\"isPartOf\":{\"@id\":\"https:\\\/\\\/blogit.gradia.fi\\\/parasta_osaamista\\\/#website\"},\"datePublished\":\"2019-02-13T10:42:44+00:00\",\"dateModified\":\"2019-02-13T10:42:45+00:00\",\"inLanguage\":\"fi\",\"potentialAction\":[{\"@type\":\"ReadAction\",\"target\":[\"https:\\\/\\\/blogit.gradia.fi\\\/parasta_osaamista\\\/kontaktuppgifter\\\/\"]}]},{\"@type\":\"WebSite\",\"@id\":\"https:\\\/\\\/blogit.gradia.fi\\\/parasta_osaamista\\\/#website\",\"url\":\"https:\\\/\\\/blogit.gradia.fi\\\/parasta_osaamista\\\/\",\"name\":\"Parasta osaamista\",\"description\":\"Parasta osaamista -verkostohanke\",\"publisher\":{\"@id\":\"https:\\\/\\\/blogit.gradia.fi\\\/parasta_osaamista\\\/#organization\"},\"potentialAction\":[{\"@type\":\"SearchAction\",\"target\":{\"@type\":\"EntryPoint\",\"urlTemplate\":\"https:\\\/\\\/blogit.gradia.fi\\\/parasta_osaamista\\\/?s={search_term_string}\"},\"query-input\":{\"@type\":\"PropertyValueSpecification\",\"valueRequired\":true,\"valueName\":\"search_term_string\"}}],\"inLanguage\":\"fi\"},{\"@type\":\"Organization\",\"@id\":\"https:\\\/\\\/blogit.gradia.fi\\\/parasta_osaamista\\\/#organization\",\"name\":\"Parasta osaamista -verkostohanke\",\"url\":\"https:\\\/\\\/blogit.gradia.fi\\\/parasta_osaamista\\\/\",\"logo\":{\"@type\":\"ImageObject\",\"inLanguage\":\"fi\",\"@id\":\"https:\\\/\\\/blogit.gradia.fi\\\/parasta_osaamista\\\/#\\\/schema\\\/logo\\\/image\\\/\",\"url\":\"https:\\\/\\\/blogit.gradia.fi\\\/parasta_osaamista\\\/wp-content\\\/uploads\\\/sites\\\/20\\\/2018\\\/02\\\/parasta_osaamista_logo.jpg\",\"contentUrl\":\"https:\\\/\\\/blogit.gradia.fi\\\/parasta_osaamista\\\/wp-content\\\/uploads\\\/sites\\\/20\\\/2018\\\/02\\\/parasta_osaamista_logo.jpg\",\"width\":344,\"height\":334,\"caption\":\"Parasta osaamista -verkostohanke\"},\"image\":{\"@id\":\"https:\\\/\\\/blogit.gradia.fi\\\/parasta_osaamista\\\/#\\\/schema\\\/logo\\\/image\\\/\"},\"sameAs\":[\"https:\\\/\\\/www.facebook.com\\\/POsaamista\\\/\",\"https:\\\/\\\/x.com\\\/Posaaja_\",\"https:\\\/\\\/www.instagram.com\\\/parastaosaamista\\\/\",\"https:\\\/\\\/www.youtube.com\\\/channel\\\/UC7hv9jw0R6lS_Fmz5L9TUPw\"]}]}<\/script>\n<!-- \/ Yoast SEO plugin. -->","yoast_head_json":{"title":"Kontaktuppgifter - Parasta osaamista","robots":{"index":"index","follow":"follow","max-snippet":"max-snippet:-1","max-image-preview":"max-image-preview:large","max-video-preview":"max-video-preview:-1"},"canonical":"https:\/\/blogit.gradia.fi\/parasta_osaamista\/kontaktuppgifter\/","og_locale":"fi_FI","og_type":"article","og_title":"Kontaktuppgifter - Parasta osaamista","og_description":"Projektets koordinator Jyv\u00e4skyl\u00e4n koulutuskuntayhtym\u00e4 Gradia, Pia Tolonen, projektchef,&nbsp; 040 341 5844 Utbildningsanordnare Ammattiopisto Spesia Rita Hintsala, projektledare, rita.hintsala@spesia.fi, 044 7651 311 Espoon seudun koulutuskuntayhtym\u00e4 Omnia Katja \u00d6sterberg, projektledare, kati.osterberg@omnia.fi, 040 126 4863 Jyv\u00e4skyl\u00e4n koulutuskuntayhtym\u00e4&#46;&#46;&#46;","og_url":"https:\/\/blogit.gradia.fi\/parasta_osaamista\/kontaktuppgifter\/","og_site_name":"Parasta osaamista","article_publisher":"https:\/\/www.facebook.com\/POsaamista\/","article_modified_time":"2019-02-13T10:42:45+00:00","twitter_card":"summary_large_image","twitter_site":"@Posaaja_","twitter_misc":{"Arvioitu lukuaika":"1 minuutti"},"schema":{"@context":"https:\/\/schema.org","@graph":[{"@type":"WebPage","@id":"https:\/\/blogit.gradia.fi\/parasta_osaamista\/kontaktuppgifter\/","url":"https:\/\/blogit.gradia.fi\/parasta_osaamista\/kontaktuppgifter\/","name":"Kontaktuppgifter - Parasta osaamista","isPartOf":{"@id":"https:\/\/blogit.gradia.fi\/parasta_osaamista\/#website"},"datePublished":"2019-02-13T10:42:44+00:00","dateModified":"2019-02-13T10:42:45+00:00","inLanguage":"fi","potentialAction":[{"@type":"ReadAction","target":["https:\/\/blogit.gradia.fi\/parasta_osaamista\/kontaktuppgifter\/"]}]},{"@type":"WebSite","@id":"https:\/\/blogit.gradia.fi\/parasta_osaamista\/#website","url":"https:\/\/blogit.gradia.fi\/parasta_osaamista\/","name":"Parasta osaamista","description":"Parasta osaamista -verkostohanke","publisher":{"@id":"https:\/\/blogit.gradia.fi\/parasta_osaamista\/#organization"},"potentialAction":[{"@type":"SearchAction","target":{"@type":"EntryPoint","urlTemplate":"https:\/\/blogit.gradia.fi\/parasta_osaamista\/?s={search_term_string}"},"query-input":{"@type":"PropertyValueSpecification","valueRequired":true,"valueName":"search_term_string"}}],"inLanguage":"fi"},{"@type":"Organization","@id":"https:\/\/blogit.gradia.fi\/parasta_osaamista\/#organization","name":"Parasta osaamista -verkostohanke","url":"https:\/\/blogit.gradia.fi\/parasta_osaamista\/","logo":{"@type":"ImageObject","inLanguage":"fi","@id":"https:\/\/blogit.gradia.fi\/parasta_osaamista\/#\/schema\/logo\/image\/","url":"https:\/\/blogit.gradia.fi\/parasta_osaamista\/wp-content\/uploads\/sites\/20\/2018\/02\/parasta_osaamista_logo.jpg","contentUrl":"https:\/\/blogit.gradia.fi\/parasta_osaamista\/wp-content\/uploads\/sites\/20\/2018\/02\/parasta_osaamista_logo.jpg","width":344,"height":334,"caption":"Parasta osaamista -verkostohanke"},"image":{"@id":"https:\/\/blogit.gradia.fi\/parasta_osaamista\/#\/schema\/logo\/image\/"},"sameAs":["https:\/\/www.facebook.com\/POsaamista\/","https:\/\/x.com\/Posaaja_","https:\/\/www.instagram.com\/parastaosaamista\/","https:\/\/www.youtube.com\/channel\/UC7hv9jw0R6lS_Fmz5L9TUPw"]}]}},"uagb_featured_image_src":{"full":false,"thumbnail":false,"medium":false,"medium_large":false,"large":false,"1536x1536":false,"2048x2048":false,"thumb-small":false,"thumb-standard":false,"thumb-medium":false,"thumb-large":false,"thumb-xlarge":false,"thumb-xxlarge":false},"uagb_author_info":{"display_name":"Susanna Kanninen","author_link":"https:\/\/blogit.gradia.fi\/parasta_osaamista\/author\/kannisus\/"},"uagb_comment_info":0,"uagb_excerpt":"Projektets koordinator Jyv\u00e4skyl\u00e4n koulutuskuntayhtym\u00e4 Gradia, Pia Tolonen, projektchef,&nbsp; 040 341 5844 Utbildningsanordnare Ammattiopisto Spesia Rita Hintsala, projektledare, rita.hintsala@spesia.fi, 044 7651 311 Espoon seudun koulutuskuntayhtym\u00e4 Omnia Katja \u00d6sterberg, projektledare, kati.osterberg@omnia.fi, 040 126 4863 Jyv\u00e4skyl\u00e4n koulutuskuntayhtym\u00e4&#46;&#46;&#46;","_links":{"self":[{"href":"https:\/\/blogit.gradia.fi\/parasta_osaamista\/wp-json\/wp\/v2\/pages\/1675","targetHints":{"allow":["GET"]}}],"collection":[{"href":"https:\/\/blogit.gradia.fi\/parasta_osaamista\/wp-json\/wp\/v2\/pages"}],"about":[{"href":"https:\/\/blogit.gradia.fi\/parasta_osaamista\/wp-json\/wp\/v2\/types\/page"}],"author":[{"embeddable":true,"href":"https:\/\/blogit.gradia.fi\/parasta_osaamista\/wp-json\/wp\/v2\/users\/181"}],"replies":[{"embeddable":true,"href":"https:\/\/blogit.gradia.fi\/parasta_osaamista\/wp-json\/wp\/v2\/comments?post=1675"}],"version-history":[{"count":1,"href":"https:\/\/blogit.gradia.fi\/parasta_osaamista\/wp-json\/wp\/v2\/pages\/1675\/revisions"}],"predecessor-version":[{"id":1676,"href":"https:\/\/blogit.gradia.fi\/parasta_osaamista\/wp-json\/wp\/v2\/pages\/1675\/revisions\/1676"}],"wp:attachment":[{"href":"https:\/\/blogit.gradia.fi\/parasta_osaamista\/wp-json\/wp\/v2\/media?parent=1675"}],"curies":[{"name":"wp","href":"https:\/\/api.w.org\/{rel}","templated":true}]}}