{"id":154,"date":"2018-04-03T15:33:03","date_gmt":"2018-04-03T12:33:03","guid":{"rendered":"https:\/\/blogit.gradia.fi\/parastatestia\/?page_id=154"},"modified":"2019-10-23T12:36:21","modified_gmt":"2019-10-23T09:36:21","slug":"toimijat","status":"publish","type":"page","link":"https:\/\/blogit.gradia.fi\/parasta_osaamista\/toimijat\/","title":{"rendered":"Toimijat"},"content":{"rendered":"<p>Verkostohankkeessa on mukana seuraavat toimijat. Klikkaamalla toimijan nime\u00e4 p\u00e4\u00e4set kyseisen toimijan omalle hankesivustolle.<\/p>\n<p><strong>Ammatilliset koulutuksen j\u00e4rjest\u00e4j\u00e4t:<\/strong><br \/>\n<a href=\"https:\/\/www.jao.fi\/fi\/Jyvaskylan-koulutuskuntayhtyma\/Kehittaminen\/Kehittamishankkeet\/Parasta-osaamista\">Jyv\u00e4skyl\u00e4n koulutuskuntayhtym\u00e4 Gradia<\/a><br \/>\n<a href=\"https:\/\/www.omnia.fi\/tietoa-omniasta\/hankkeet\/osaamisen-kehittaminen\/parasta-osaamista\">Espoon seudun koulutuskuntayhtym\u00e4 Omnia<\/a><br \/>\n<a href=\"http:\/\/www.lappia.fi\/lappia\/ajankohtaista\/ammatillinen-koulutus-uudistuu\">Kemi-Tornionlaakson koulutuskuntayhtym\u00e4 Lappia<\/a><br \/>\n<a href=\"https:\/\/www.winnova.fi\/winnova\/hankkeet\/kaynnissa_olevat_hankkeet\/parasta_osaamista.html\">L\u00e4nsirannikon koulutus Oy WinNova<\/a><br \/>\n<a href=\"https:\/\/www.riveria.fi\/riveria\/hankkeet-ja-kehittamistoiminta\/kaynnissa-olevat-hankkeet\/parasta-osaamista-verkostohanke\/\">Pohjois-Karjalan koulutuskuntayhtym\u00e4 Riveria<\/a><br \/>\n<a href=\"https:\/\/www.salpaus.fi\/info\/kehitamme-toimintaamme\/hankkeet\/parasta-osaamista\/\">Koulutuskeskus Salpaus<\/a><br \/>\n<a href=\"https:\/\/www.sedu.fi\/fi\/Tietoa-Sedusta\/Hanke--ja-innovaatiotoiminta\/Osaavat-opettajat\/Parasta-osaamista-opetus--ja-ohjaushenkilokunnalle\">Sein\u00e4joen koulutuskuntayhtym\u00e4 Sedu<\/a><br \/>\n<a href=\"https:\/\/www.tredu.fi\/tietoa-tredusta\/projektitoiminta\/parasta-osaamista.html\">Tampereen seudun ammattiopisto Tredu (Tampereen kaupunki)<\/a><br \/>\n<a href=\"https:\/\/www.spesia.fi\/spesia\/hankkeet\/kaynnissa-olevat\/parasta-osaamista\/\">Ammattiopisto Spesia Oy<\/a><br \/>\n<a href=\"https:\/\/projekt.yrkesakademin.fi\/index.php\/details\/1\/11-basta-kunnande-parasta-osaamista\">Yrkesakademin i \u00d6sterbotten<\/a><\/p>\n<p><strong>Ammatilliset opettajakorkeakoulut:<\/strong><br \/>\n<a href=\"http:\/\/www.haaga-helia.fi\/fi\/node\/7209\/ammatillisen-koulutuksen-reformi\">Haaga-Helia ammattikorkeakoulu, Ammatillinen opettajakorkeakoulu<\/a><br \/>\n<a href=\"http:\/\/www.hamk.fi\/tyoelamalle\/tutkimusyksikot\/ammatillinen-osaaminen\/kaynnissa-olevat-hankkeet\/Sivut\/default.aspx\">H\u00e4meen ammattikorkeakoulu, Ammatillinen opettajakorkeakoulu<\/a><br \/>\n<a href=\"https:\/\/www.jamk.fi\/fi\/Koulutus\/Taydennyskoulutus\/Opetus-ja-ohjaus\/reformi\/\">Jyv\u00e4skyl\u00e4n ammattikorkeakoulu, Ammatillinen opettajakorkeakoulu<\/a><br \/>\n<a href=\"http:\/\/www.oamk.fi\/hankkeet\/kotimaiset_kaynnissa\/?hanke_id=1731\">Oulun ammattikorkeakoulu, Ammatillinen opettajakorkeakoulu<\/a><br \/>\n<a href=\"http:\/\/www.tamk.fi\/projektit?RepoProject=H3110-17016\">Tampereen ammattikorkeakoulu, Ammatillinen opettajakorkeakoulu<\/a><\/p>\n","protected":false},"excerpt":{"rendered":"<p>Verkostohankkeessa on mukana seuraavat toimijat. Klikkaamalla toimijan nime\u00e4 p\u00e4\u00e4set kyseisen toimijan omalle hankesivustolle. Ammatilliset koulutuksen j\u00e4rjest\u00e4j\u00e4t: Jyv\u00e4skyl\u00e4n koulutuskuntayhtym\u00e4 Gradia Espoon seudun koulutuskuntayhtym\u00e4 Omnia Kemi-Tornionlaakson koulutuskuntayhtym\u00e4 Lappia L\u00e4nsirannikon koulutus Oy WinNova Pohjois-Karjalan koulutuskuntayhtym\u00e4 Riveria Koulutuskeskus&#46;&#46;&#46;<\/p>\n","protected":false},"author":178,"featured_media":0,"parent":0,"menu_order":0,"comment_status":"closed","ping_status":"closed","template":"","meta":{"_uag_custom_page_level_css":"","footnotes":""},"class_list":["post-154","page","type-page","status-publish","hentry"],"yoast_head":"<!-- This site is optimized with the Yoast SEO plugin v27.4 - https:\/\/yoast.com\/product\/yoast-seo-wordpress\/ -->\n<title>Toimijat - Parasta osaamista<\/title>\n<meta name=\"robots\" content=\"index, follow, max-snippet:-1, max-image-preview:large, max-video-preview:-1\" \/>\n<link rel=\"canonical\" href=\"https:\/\/blogit.gradia.fi\/parasta_osaamista\/toimijat\/\" \/>\n<meta property=\"og:locale\" content=\"fi_FI\" \/>\n<meta property=\"og:type\" content=\"article\" \/>\n<meta property=\"og:title\" content=\"Toimijat - Parasta osaamista\" \/>\n<meta property=\"og:description\" content=\"Verkostohankkeessa on mukana seuraavat toimijat. Klikkaamalla toimijan nime\u00e4 p\u00e4\u00e4set kyseisen toimijan omalle hankesivustolle. Ammatilliset koulutuksen j\u00e4rjest\u00e4j\u00e4t: Jyv\u00e4skyl\u00e4n koulutuskuntayhtym\u00e4 Gradia Espoon seudun koulutuskuntayhtym\u00e4 Omnia Kemi-Tornionlaakson koulutuskuntayhtym\u00e4 Lappia L\u00e4nsirannikon koulutus Oy WinNova Pohjois-Karjalan koulutuskuntayhtym\u00e4 Riveria Koulutuskeskus&#046;&#046;&#046;\" \/>\n<meta property=\"og:url\" content=\"https:\/\/blogit.gradia.fi\/parasta_osaamista\/toimijat\/\" \/>\n<meta property=\"og:site_name\" content=\"Parasta osaamista\" \/>\n<meta property=\"article:publisher\" content=\"https:\/\/www.facebook.com\/POsaamista\/\" \/>\n<meta property=\"article:modified_time\" content=\"2019-10-23T09:36:21+00:00\" \/>\n<meta name=\"twitter:card\" content=\"summary_large_image\" \/>\n<meta name=\"twitter:site\" content=\"@Posaaja_\" \/>\n<script type=\"application\/ld+json\" class=\"yoast-schema-graph\">{\"@context\":\"https:\\\/\\\/schema.org\",\"@graph\":[{\"@type\":\"WebPage\",\"@id\":\"https:\\\/\\\/blogit.gradia.fi\\\/parasta_osaamista\\\/toimijat\\\/\",\"url\":\"https:\\\/\\\/blogit.gradia.fi\\\/parasta_osaamista\\\/toimijat\\\/\",\"name\":\"Toimijat - Parasta osaamista\",\"isPartOf\":{\"@id\":\"https:\\\/\\\/blogit.gradia.fi\\\/parasta_osaamista\\\/#website\"},\"datePublished\":\"2018-04-03T12:33:03+00:00\",\"dateModified\":\"2019-10-23T09:36:21+00:00\",\"inLanguage\":\"fi\",\"potentialAction\":[{\"@type\":\"ReadAction\",\"target\":[\"https:\\\/\\\/blogit.gradia.fi\\\/parasta_osaamista\\\/toimijat\\\/\"]}]},{\"@type\":\"WebSite\",\"@id\":\"https:\\\/\\\/blogit.gradia.fi\\\/parasta_osaamista\\\/#website\",\"url\":\"https:\\\/\\\/blogit.gradia.fi\\\/parasta_osaamista\\\/\",\"name\":\"Parasta osaamista\",\"description\":\"Parasta osaamista -verkostohanke\",\"publisher\":{\"@id\":\"https:\\\/\\\/blogit.gradia.fi\\\/parasta_osaamista\\\/#organization\"},\"potentialAction\":[{\"@type\":\"SearchAction\",\"target\":{\"@type\":\"EntryPoint\",\"urlTemplate\":\"https:\\\/\\\/blogit.gradia.fi\\\/parasta_osaamista\\\/?s={search_term_string}\"},\"query-input\":{\"@type\":\"PropertyValueSpecification\",\"valueRequired\":true,\"valueName\":\"search_term_string\"}}],\"inLanguage\":\"fi\"},{\"@type\":\"Organization\",\"@id\":\"https:\\\/\\\/blogit.gradia.fi\\\/parasta_osaamista\\\/#organization\",\"name\":\"Parasta osaamista -verkostohanke\",\"url\":\"https:\\\/\\\/blogit.gradia.fi\\\/parasta_osaamista\\\/\",\"logo\":{\"@type\":\"ImageObject\",\"inLanguage\":\"fi\",\"@id\":\"https:\\\/\\\/blogit.gradia.fi\\\/parasta_osaamista\\\/#\\\/schema\\\/logo\\\/image\\\/\",\"url\":\"https:\\\/\\\/blogit.gradia.fi\\\/parasta_osaamista\\\/wp-content\\\/uploads\\\/sites\\\/20\\\/2018\\\/02\\\/parasta_osaamista_logo.jpg\",\"contentUrl\":\"https:\\\/\\\/blogit.gradia.fi\\\/parasta_osaamista\\\/wp-content\\\/uploads\\\/sites\\\/20\\\/2018\\\/02\\\/parasta_osaamista_logo.jpg\",\"width\":344,\"height\":334,\"caption\":\"Parasta osaamista -verkostohanke\"},\"image\":{\"@id\":\"https:\\\/\\\/blogit.gradia.fi\\\/parasta_osaamista\\\/#\\\/schema\\\/logo\\\/image\\\/\"},\"sameAs\":[\"https:\\\/\\\/www.facebook.com\\\/POsaamista\\\/\",\"https:\\\/\\\/x.com\\\/Posaaja_\",\"https:\\\/\\\/www.instagram.com\\\/parastaosaamista\\\/\",\"https:\\\/\\\/www.youtube.com\\\/channel\\\/UC7hv9jw0R6lS_Fmz5L9TUPw\"]}]}<\/script>\n<!-- \/ Yoast SEO plugin. -->","yoast_head_json":{"title":"Toimijat - Parasta osaamista","robots":{"index":"index","follow":"follow","max-snippet":"max-snippet:-1","max-image-preview":"max-image-preview:large","max-video-preview":"max-video-preview:-1"},"canonical":"https:\/\/blogit.gradia.fi\/parasta_osaamista\/toimijat\/","og_locale":"fi_FI","og_type":"article","og_title":"Toimijat - Parasta osaamista","og_description":"Verkostohankkeessa on mukana seuraavat toimijat. Klikkaamalla toimijan nime\u00e4 p\u00e4\u00e4set kyseisen toimijan omalle hankesivustolle. Ammatilliset koulutuksen j\u00e4rjest\u00e4j\u00e4t: Jyv\u00e4skyl\u00e4n koulutuskuntayhtym\u00e4 Gradia Espoon seudun koulutuskuntayhtym\u00e4 Omnia Kemi-Tornionlaakson koulutuskuntayhtym\u00e4 Lappia L\u00e4nsirannikon koulutus Oy WinNova Pohjois-Karjalan koulutuskuntayhtym\u00e4 Riveria Koulutuskeskus&#46;&#46;&#46;","og_url":"https:\/\/blogit.gradia.fi\/parasta_osaamista\/toimijat\/","og_site_name":"Parasta osaamista","article_publisher":"https:\/\/www.facebook.com\/POsaamista\/","article_modified_time":"2019-10-23T09:36:21+00:00","twitter_card":"summary_large_image","twitter_site":"@Posaaja_","schema":{"@context":"https:\/\/schema.org","@graph":[{"@type":"WebPage","@id":"https:\/\/blogit.gradia.fi\/parasta_osaamista\/toimijat\/","url":"https:\/\/blogit.gradia.fi\/parasta_osaamista\/toimijat\/","name":"Toimijat - Parasta osaamista","isPartOf":{"@id":"https:\/\/blogit.gradia.fi\/parasta_osaamista\/#website"},"datePublished":"2018-04-03T12:33:03+00:00","dateModified":"2019-10-23T09:36:21+00:00","inLanguage":"fi","potentialAction":[{"@type":"ReadAction","target":["https:\/\/blogit.gradia.fi\/parasta_osaamista\/toimijat\/"]}]},{"@type":"WebSite","@id":"https:\/\/blogit.gradia.fi\/parasta_osaamista\/#website","url":"https:\/\/blogit.gradia.fi\/parasta_osaamista\/","name":"Parasta osaamista","description":"Parasta osaamista -verkostohanke","publisher":{"@id":"https:\/\/blogit.gradia.fi\/parasta_osaamista\/#organization"},"potentialAction":[{"@type":"SearchAction","target":{"@type":"EntryPoint","urlTemplate":"https:\/\/blogit.gradia.fi\/parasta_osaamista\/?s={search_term_string}"},"query-input":{"@type":"PropertyValueSpecification","valueRequired":true,"valueName":"search_term_string"}}],"inLanguage":"fi"},{"@type":"Organization","@id":"https:\/\/blogit.gradia.fi\/parasta_osaamista\/#organization","name":"Parasta osaamista -verkostohanke","url":"https:\/\/blogit.gradia.fi\/parasta_osaamista\/","logo":{"@type":"ImageObject","inLanguage":"fi","@id":"https:\/\/blogit.gradia.fi\/parasta_osaamista\/#\/schema\/logo\/image\/","url":"https:\/\/blogit.gradia.fi\/parasta_osaamista\/wp-content\/uploads\/sites\/20\/2018\/02\/parasta_osaamista_logo.jpg","contentUrl":"https:\/\/blogit.gradia.fi\/parasta_osaamista\/wp-content\/uploads\/sites\/20\/2018\/02\/parasta_osaamista_logo.jpg","width":344,"height":334,"caption":"Parasta osaamista -verkostohanke"},"image":{"@id":"https:\/\/blogit.gradia.fi\/parasta_osaamista\/#\/schema\/logo\/image\/"},"sameAs":["https:\/\/www.facebook.com\/POsaamista\/","https:\/\/x.com\/Posaaja_","https:\/\/www.instagram.com\/parastaosaamista\/","https:\/\/www.youtube.com\/channel\/UC7hv9jw0R6lS_Fmz5L9TUPw"]}]}},"uagb_featured_image_src":{"full":false,"thumbnail":false,"medium":false,"medium_large":false,"large":false,"1536x1536":false,"2048x2048":false,"thumb-small":false,"thumb-standard":false,"thumb-medium":false,"thumb-large":false,"thumb-xlarge":false,"thumb-xxlarge":false},"uagb_author_info":{"display_name":"Sami Ahonen","author_link":"https:\/\/blogit.gradia.fi\/parasta_osaamista\/author\/ahonesam\/"},"uagb_comment_info":0,"uagb_excerpt":"Verkostohankkeessa on mukana seuraavat toimijat. Klikkaamalla toimijan nime\u00e4 p\u00e4\u00e4set kyseisen toimijan omalle hankesivustolle. Ammatilliset koulutuksen j\u00e4rjest\u00e4j\u00e4t: Jyv\u00e4skyl\u00e4n koulutuskuntayhtym\u00e4 Gradia Espoon seudun koulutuskuntayhtym\u00e4 Omnia Kemi-Tornionlaakson koulutuskuntayhtym\u00e4 Lappia L\u00e4nsirannikon koulutus Oy WinNova Pohjois-Karjalan koulutuskuntayhtym\u00e4 Riveria Koulutuskeskus&#46;&#46;&#46;","_links":{"self":[{"href":"https:\/\/blogit.gradia.fi\/parasta_osaamista\/wp-json\/wp\/v2\/pages\/154","targetHints":{"allow":["GET"]}}],"collection":[{"href":"https:\/\/blogit.gradia.fi\/parasta_osaamista\/wp-json\/wp\/v2\/pages"}],"about":[{"href":"https:\/\/blogit.gradia.fi\/parasta_osaamista\/wp-json\/wp\/v2\/types\/page"}],"author":[{"embeddable":true,"href":"https:\/\/blogit.gradia.fi\/parasta_osaamista\/wp-json\/wp\/v2\/users\/178"}],"replies":[{"embeddable":true,"href":"https:\/\/blogit.gradia.fi\/parasta_osaamista\/wp-json\/wp\/v2\/comments?post=154"}],"version-history":[{"count":1,"href":"https:\/\/blogit.gradia.fi\/parasta_osaamista\/wp-json\/wp\/v2\/pages\/154\/revisions"}],"predecessor-version":[{"id":3222,"href":"https:\/\/blogit.gradia.fi\/parasta_osaamista\/wp-json\/wp\/v2\/pages\/154\/revisions\/3222"}],"wp:attachment":[{"href":"https:\/\/blogit.gradia.fi\/parasta_osaamista\/wp-json\/wp\/v2\/media?parent=154"}],"curies":[{"name":"wp","href":"https:\/\/api.w.org\/{rel}","templated":true}]}}