{"id":1519,"date":"2019-01-21T11:51:48","date_gmt":"2019-01-21T09:51:48","guid":{"rendered":"https:\/\/blogit.gradia.fi\/parasta_osaamista\/?page_id=1519"},"modified":"2019-01-25T09:38:57","modified_gmt":"2019-01-25T07:38:57","slug":"monipuoliset-oppimisymparistot","status":"publish","type":"page","link":"https:\/\/blogit.gradia.fi\/parasta_osaamista\/monipuoliset-oppimisymparistot\/","title":{"rendered":"Monipuoliset oppimisymp\u00e4rist\u00f6t\u00a0"},"content":{"rendered":"<p>Tapahtumien j\u00e4rjest\u00e4minen, ty\u00f6el\u00e4m\u00e4n tilaamat projektit ja tutkintokoulutuksen toteuttaminen joko yrityksen tiloissa tai oppilaitoksessa.<\/p>\n<ul>\n<li><a href=\"https:\/\/blogit.gradia.fi\/parasta_osaamista\/wp-content\/uploads\/sites\/20\/2019\/01\/Duunila.pdf\" target=\"_blank\" rel=\"noopener\">Duunila \u2013 ty\u00f6el\u00e4m\u00e4l\u00e4ht\u00f6inen oppimisymp\u00e4rist\u00f6 valmentavassa koulutuksessa <\/a><\/li>\n<li><a href=\"https:\/\/blogit.gradia.fi\/parasta_osaamista\/wp-content\/uploads\/sites\/20\/2019\/01\/Hiusahjo-koulutuskampaamo.pdf\" target=\"_blank\" rel=\"noopener\">Hiusahjo -koulutuskampaamo<\/a><\/li>\n<li><a href=\"https:\/\/blogit.gradia.fi\/parasta_osaamista\/wp-content\/uploads\/sites\/20\/2019\/01\/Keitti\u00f6mestari-Sedun-keitti\u00f6ss\u00e4.pdf\" target=\"_blank\" rel=\"noopener\">Keitti\u00f6mestari opetuskeitti\u00f6ss\u00e4<\/a><\/li>\n<li><a href=\"https:\/\/blogit.gradia.fi\/parasta_osaamista\/wp-content\/uploads\/sites\/20\/2019\/01\/Kierr\u00e4tystori.pdf\" target=\"_blank\" rel=\"noopener\">Kierr\u00e4tystori ty\u00f6el\u00e4m\u00e4l\u00e4ht\u00f6isen\u00e4 oppimisymp\u00e4rist\u00f6n\u00e4<\/a><\/li>\n<li><a href=\"https:\/\/blogit.gradia.fi\/parasta_osaamista\/wp-content\/uploads\/sites\/20\/2019\/01\/Kiinteist\u00f6alan-pilotti-Riverialla.pdf\" target=\"_blank\" rel=\"noopener\">Kiinteist\u00f6alan pilotti Riverialla<\/a><\/li>\n<li><a href=\"https:\/\/blogit.gradia.fi\/parasta_osaamista\/wp-content\/uploads\/sites\/20\/2019\/01\/Joensuulaisen-ravintolan-Pop-up-illat.pdf\" target=\"_blank\" rel=\"noopener\">Joensuulaisen ravintolan Pop up -illat<\/a><\/li>\n<li><a href=\"https:\/\/blogit.gradia.fi\/parasta_osaamista\/wp-content\/uploads\/sites\/20\/2019\/01\/Oppiminen-yrityksen-tiloissa.pdf\" target=\"_blank\" rel=\"noopener\">Oppiminen yrityksen tiloissa<\/a><\/li>\n<li><a href=\"https:\/\/blogit.gradia.fi\/parasta_osaamista\/wp-content\/uploads\/sites\/20\/2019\/01\/Pajala-Autokorjaamo.pdf\" target=\"_blank\" rel=\"noopener\">Pajala autokorjaamo<\/a><\/li>\n<li><a href=\"https:\/\/blogit.gradia.fi\/parasta_osaamista\/wp-content\/uploads\/sites\/20\/2019\/01\/Yksityisen-juhlatilaisuuden-tarjoilujen-valmistus.pdf\" target=\"_blank\" rel=\"noopener\">Yksityisen juhlatilaisuuden tarjoilujen valmistus<\/a><\/li>\n<li><a href=\"https:\/\/blogit.gradia.fi\/parasta_osaamista\/wp-content\/uploads\/sites\/20\/2019\/01\/Yritysyhteisty\u00f6-Atrian-kanssa.pdf\" target=\"_blank\" rel=\"noopener\">Yritysyhteisty\u00f6 Atrian kanssa<\/a><\/li>\n<li><a href=\"https:\/\/blogit.gradia.fi\/parasta_osaamista\/wp-content\/uploads\/sites\/20\/2019\/01\/Yritysyhteisty\u00f6-Fazer-Amican-kanssa.pdf\" target=\"_blank\" rel=\"noopener\">Yritysyhteisty\u00f6 Fazer Amican kanssa<\/a><\/li>\n<li><a href=\"https:\/\/blogit.gradia.fi\/parasta_osaamista\/wp-content\/uploads\/sites\/20\/2019\/01\/Yritt\u00e4j\u00e4n-p\u00e4iv\u00e4.pdf\" target=\"_blank\" rel=\"noopener\">Yritt\u00e4jyysprojekti \u2013 valtakunnallinen yritt\u00e4j\u00e4n p\u00e4iv\u00e4n tapahtuma<\/a><\/li>\n<\/ul>\n<p>&nbsp;<\/p>\n<p>Videoita<\/p>\n<ul>\n<li><a href=\"https:\/\/www.youtube.com\/watch?v=fXRBe2Tey1M&amp;feature=youtu.be\" target=\"_blank\" rel=\"noopener\">Joustava oppisopimus Riverialla<\/a><\/li>\n<li><a href=\"https:\/\/www.youtube.com\/watch?v=VS4qbsYPaT8\" target=\"_blank\" rel=\"noopener\">Yl\u00e4-Savon ammattiopiston ja eAvenue Oy:n s\u00e4hk\u00f6alan oppimisymp\u00e4rist\u00f6<\/a><\/li>\n<\/ul>\n<p>&nbsp;<\/p>\n","protected":false},"excerpt":{"rendered":"<p>Tapahtumien j\u00e4rjest\u00e4minen, ty\u00f6el\u00e4m\u00e4n tilaamat projektit ja tutkintokoulutuksen toteuttaminen joko yrityksen tiloissa tai oppilaitoksessa. Duunila \u2013 ty\u00f6el\u00e4m\u00e4l\u00e4ht\u00f6inen oppimisymp\u00e4rist\u00f6 valmentavassa koulutuksessa Hiusahjo -koulutuskampaamo Keitti\u00f6mestari opetuskeitti\u00f6ss\u00e4 Kierr\u00e4tystori ty\u00f6el\u00e4m\u00e4l\u00e4ht\u00f6isen\u00e4 oppimisymp\u00e4rist\u00f6n\u00e4 Kiinteist\u00f6alan pilotti Riverialla Joensuulaisen ravintolan Pop up -illat&#46;&#46;&#46;<\/p>\n","protected":false},"author":178,"featured_media":0,"parent":0,"menu_order":0,"comment_status":"closed","ping_status":"closed","template":"","meta":{"_uag_custom_page_level_css":"","footnotes":""},"class_list":["post-1519","page","type-page","status-publish","hentry"],"yoast_head":"<!-- This site is optimized with the Yoast SEO plugin v27.4 - https:\/\/yoast.com\/product\/yoast-seo-wordpress\/ -->\n<title>Monipuoliset oppimisymp\u00e4rist\u00f6t\u00a0 - Parasta osaamista<\/title>\n<meta name=\"robots\" content=\"index, follow, max-snippet:-1, max-image-preview:large, max-video-preview:-1\" \/>\n<link rel=\"canonical\" href=\"https:\/\/blogit.gradia.fi\/parasta_osaamista\/monipuoliset-oppimisymparistot\/\" \/>\n<meta property=\"og:locale\" content=\"fi_FI\" \/>\n<meta property=\"og:type\" content=\"article\" \/>\n<meta property=\"og:title\" content=\"Monipuoliset oppimisymp\u00e4rist\u00f6t\u00a0 - Parasta osaamista\" \/>\n<meta property=\"og:description\" content=\"Tapahtumien j\u00e4rjest\u00e4minen, ty\u00f6el\u00e4m\u00e4n tilaamat projektit ja tutkintokoulutuksen toteuttaminen joko yrityksen tiloissa tai oppilaitoksessa. Duunila \u2013 ty\u00f6el\u00e4m\u00e4l\u00e4ht\u00f6inen oppimisymp\u00e4rist\u00f6 valmentavassa koulutuksessa Hiusahjo -koulutuskampaamo Keitti\u00f6mestari opetuskeitti\u00f6ss\u00e4 Kierr\u00e4tystori ty\u00f6el\u00e4m\u00e4l\u00e4ht\u00f6isen\u00e4 oppimisymp\u00e4rist\u00f6n\u00e4 Kiinteist\u00f6alan pilotti Riverialla Joensuulaisen ravintolan Pop up -illat&#046;&#046;&#046;\" \/>\n<meta property=\"og:url\" content=\"https:\/\/blogit.gradia.fi\/parasta_osaamista\/monipuoliset-oppimisymparistot\/\" \/>\n<meta property=\"og:site_name\" content=\"Parasta osaamista\" \/>\n<meta property=\"article:publisher\" content=\"https:\/\/www.facebook.com\/POsaamista\/\" \/>\n<meta property=\"article:modified_time\" content=\"2019-01-25T07:38:57+00:00\" \/>\n<meta name=\"twitter:card\" content=\"summary_large_image\" \/>\n<meta name=\"twitter:site\" content=\"@Posaaja_\" \/>\n<script type=\"application\/ld+json\" class=\"yoast-schema-graph\">{\"@context\":\"https:\\\/\\\/schema.org\",\"@graph\":[{\"@type\":\"WebPage\",\"@id\":\"https:\\\/\\\/blogit.gradia.fi\\\/parasta_osaamista\\\/monipuoliset-oppimisymparistot\\\/\",\"url\":\"https:\\\/\\\/blogit.gradia.fi\\\/parasta_osaamista\\\/monipuoliset-oppimisymparistot\\\/\",\"name\":\"Monipuoliset oppimisymp\u00e4rist\u00f6t\u00a0 - Parasta osaamista\",\"isPartOf\":{\"@id\":\"https:\\\/\\\/blogit.gradia.fi\\\/parasta_osaamista\\\/#website\"},\"datePublished\":\"2019-01-21T09:51:48+00:00\",\"dateModified\":\"2019-01-25T07:38:57+00:00\",\"inLanguage\":\"fi\",\"potentialAction\":[{\"@type\":\"ReadAction\",\"target\":[\"https:\\\/\\\/blogit.gradia.fi\\\/parasta_osaamista\\\/monipuoliset-oppimisymparistot\\\/\"]}]},{\"@type\":\"WebSite\",\"@id\":\"https:\\\/\\\/blogit.gradia.fi\\\/parasta_osaamista\\\/#website\",\"url\":\"https:\\\/\\\/blogit.gradia.fi\\\/parasta_osaamista\\\/\",\"name\":\"Parasta osaamista\",\"description\":\"Parasta osaamista -verkostohanke\",\"publisher\":{\"@id\":\"https:\\\/\\\/blogit.gradia.fi\\\/parasta_osaamista\\\/#organization\"},\"potentialAction\":[{\"@type\":\"SearchAction\",\"target\":{\"@type\":\"EntryPoint\",\"urlTemplate\":\"https:\\\/\\\/blogit.gradia.fi\\\/parasta_osaamista\\\/?s={search_term_string}\"},\"query-input\":{\"@type\":\"PropertyValueSpecification\",\"valueRequired\":true,\"valueName\":\"search_term_string\"}}],\"inLanguage\":\"fi\"},{\"@type\":\"Organization\",\"@id\":\"https:\\\/\\\/blogit.gradia.fi\\\/parasta_osaamista\\\/#organization\",\"name\":\"Parasta osaamista -verkostohanke\",\"url\":\"https:\\\/\\\/blogit.gradia.fi\\\/parasta_osaamista\\\/\",\"logo\":{\"@type\":\"ImageObject\",\"inLanguage\":\"fi\",\"@id\":\"https:\\\/\\\/blogit.gradia.fi\\\/parasta_osaamista\\\/#\\\/schema\\\/logo\\\/image\\\/\",\"url\":\"https:\\\/\\\/blogit.gradia.fi\\\/parasta_osaamista\\\/wp-content\\\/uploads\\\/sites\\\/20\\\/2018\\\/02\\\/parasta_osaamista_logo.jpg\",\"contentUrl\":\"https:\\\/\\\/blogit.gradia.fi\\\/parasta_osaamista\\\/wp-content\\\/uploads\\\/sites\\\/20\\\/2018\\\/02\\\/parasta_osaamista_logo.jpg\",\"width\":344,\"height\":334,\"caption\":\"Parasta osaamista -verkostohanke\"},\"image\":{\"@id\":\"https:\\\/\\\/blogit.gradia.fi\\\/parasta_osaamista\\\/#\\\/schema\\\/logo\\\/image\\\/\"},\"sameAs\":[\"https:\\\/\\\/www.facebook.com\\\/POsaamista\\\/\",\"https:\\\/\\\/x.com\\\/Posaaja_\",\"https:\\\/\\\/www.instagram.com\\\/parastaosaamista\\\/\",\"https:\\\/\\\/www.youtube.com\\\/channel\\\/UC7hv9jw0R6lS_Fmz5L9TUPw\"]}]}<\/script>\n<!-- \/ Yoast SEO plugin. -->","yoast_head_json":{"title":"Monipuoliset oppimisymp\u00e4rist\u00f6t\u00a0 - Parasta osaamista","robots":{"index":"index","follow":"follow","max-snippet":"max-snippet:-1","max-image-preview":"max-image-preview:large","max-video-preview":"max-video-preview:-1"},"canonical":"https:\/\/blogit.gradia.fi\/parasta_osaamista\/monipuoliset-oppimisymparistot\/","og_locale":"fi_FI","og_type":"article","og_title":"Monipuoliset oppimisymp\u00e4rist\u00f6t\u00a0 - Parasta osaamista","og_description":"Tapahtumien j\u00e4rjest\u00e4minen, ty\u00f6el\u00e4m\u00e4n tilaamat projektit ja tutkintokoulutuksen toteuttaminen joko yrityksen tiloissa tai oppilaitoksessa. Duunila \u2013 ty\u00f6el\u00e4m\u00e4l\u00e4ht\u00f6inen oppimisymp\u00e4rist\u00f6 valmentavassa koulutuksessa Hiusahjo -koulutuskampaamo Keitti\u00f6mestari opetuskeitti\u00f6ss\u00e4 Kierr\u00e4tystori ty\u00f6el\u00e4m\u00e4l\u00e4ht\u00f6isen\u00e4 oppimisymp\u00e4rist\u00f6n\u00e4 Kiinteist\u00f6alan pilotti Riverialla Joensuulaisen ravintolan Pop up -illat&#46;&#46;&#46;","og_url":"https:\/\/blogit.gradia.fi\/parasta_osaamista\/monipuoliset-oppimisymparistot\/","og_site_name":"Parasta osaamista","article_publisher":"https:\/\/www.facebook.com\/POsaamista\/","article_modified_time":"2019-01-25T07:38:57+00:00","twitter_card":"summary_large_image","twitter_site":"@Posaaja_","schema":{"@context":"https:\/\/schema.org","@graph":[{"@type":"WebPage","@id":"https:\/\/blogit.gradia.fi\/parasta_osaamista\/monipuoliset-oppimisymparistot\/","url":"https:\/\/blogit.gradia.fi\/parasta_osaamista\/monipuoliset-oppimisymparistot\/","name":"Monipuoliset oppimisymp\u00e4rist\u00f6t\u00a0 - Parasta osaamista","isPartOf":{"@id":"https:\/\/blogit.gradia.fi\/parasta_osaamista\/#website"},"datePublished":"2019-01-21T09:51:48+00:00","dateModified":"2019-01-25T07:38:57+00:00","inLanguage":"fi","potentialAction":[{"@type":"ReadAction","target":["https:\/\/blogit.gradia.fi\/parasta_osaamista\/monipuoliset-oppimisymparistot\/"]}]},{"@type":"WebSite","@id":"https:\/\/blogit.gradia.fi\/parasta_osaamista\/#website","url":"https:\/\/blogit.gradia.fi\/parasta_osaamista\/","name":"Parasta osaamista","description":"Parasta osaamista -verkostohanke","publisher":{"@id":"https:\/\/blogit.gradia.fi\/parasta_osaamista\/#organization"},"potentialAction":[{"@type":"SearchAction","target":{"@type":"EntryPoint","urlTemplate":"https:\/\/blogit.gradia.fi\/parasta_osaamista\/?s={search_term_string}"},"query-input":{"@type":"PropertyValueSpecification","valueRequired":true,"valueName":"search_term_string"}}],"inLanguage":"fi"},{"@type":"Organization","@id":"https:\/\/blogit.gradia.fi\/parasta_osaamista\/#organization","name":"Parasta osaamista -verkostohanke","url":"https:\/\/blogit.gradia.fi\/parasta_osaamista\/","logo":{"@type":"ImageObject","inLanguage":"fi","@id":"https:\/\/blogit.gradia.fi\/parasta_osaamista\/#\/schema\/logo\/image\/","url":"https:\/\/blogit.gradia.fi\/parasta_osaamista\/wp-content\/uploads\/sites\/20\/2018\/02\/parasta_osaamista_logo.jpg","contentUrl":"https:\/\/blogit.gradia.fi\/parasta_osaamista\/wp-content\/uploads\/sites\/20\/2018\/02\/parasta_osaamista_logo.jpg","width":344,"height":334,"caption":"Parasta osaamista -verkostohanke"},"image":{"@id":"https:\/\/blogit.gradia.fi\/parasta_osaamista\/#\/schema\/logo\/image\/"},"sameAs":["https:\/\/www.facebook.com\/POsaamista\/","https:\/\/x.com\/Posaaja_","https:\/\/www.instagram.com\/parastaosaamista\/","https:\/\/www.youtube.com\/channel\/UC7hv9jw0R6lS_Fmz5L9TUPw"]}]}},"uagb_featured_image_src":{"full":false,"thumbnail":false,"medium":false,"medium_large":false,"large":false,"1536x1536":false,"2048x2048":false,"thumb-small":false,"thumb-standard":false,"thumb-medium":false,"thumb-large":false,"thumb-xlarge":false,"thumb-xxlarge":false},"uagb_author_info":{"display_name":"Sami Ahonen","author_link":"https:\/\/blogit.gradia.fi\/parasta_osaamista\/author\/ahonesam\/"},"uagb_comment_info":0,"uagb_excerpt":"Tapahtumien j\u00e4rjest\u00e4minen, ty\u00f6el\u00e4m\u00e4n tilaamat projektit ja tutkintokoulutuksen toteuttaminen joko yrityksen tiloissa tai oppilaitoksessa. Duunila \u2013 ty\u00f6el\u00e4m\u00e4l\u00e4ht\u00f6inen oppimisymp\u00e4rist\u00f6 valmentavassa koulutuksessa Hiusahjo -koulutuskampaamo Keitti\u00f6mestari opetuskeitti\u00f6ss\u00e4 Kierr\u00e4tystori ty\u00f6el\u00e4m\u00e4l\u00e4ht\u00f6isen\u00e4 oppimisymp\u00e4rist\u00f6n\u00e4 Kiinteist\u00f6alan pilotti Riverialla Joensuulaisen ravintolan Pop up -illat&#46;&#46;&#46;","_links":{"self":[{"href":"https:\/\/blogit.gradia.fi\/parasta_osaamista\/wp-json\/wp\/v2\/pages\/1519","targetHints":{"allow":["GET"]}}],"collection":[{"href":"https:\/\/blogit.gradia.fi\/parasta_osaamista\/wp-json\/wp\/v2\/pages"}],"about":[{"href":"https:\/\/blogit.gradia.fi\/parasta_osaamista\/wp-json\/wp\/v2\/types\/page"}],"author":[{"embeddable":true,"href":"https:\/\/blogit.gradia.fi\/parasta_osaamista\/wp-json\/wp\/v2\/users\/178"}],"replies":[{"embeddable":true,"href":"https:\/\/blogit.gradia.fi\/parasta_osaamista\/wp-json\/wp\/v2\/comments?post=1519"}],"version-history":[{"count":0,"href":"https:\/\/blogit.gradia.fi\/parasta_osaamista\/wp-json\/wp\/v2\/pages\/1519\/revisions"}],"wp:attachment":[{"href":"https:\/\/blogit.gradia.fi\/parasta_osaamista\/wp-json\/wp\/v2\/media?parent=1519"}],"curies":[{"name":"wp","href":"https:\/\/api.w.org\/{rel}","templated":true}]}}