{"id":1515,"date":"2019-01-21T11:51:17","date_gmt":"2019-01-21T09:51:17","guid":{"rendered":"https:\/\/blogit.gradia.fi\/parasta_osaamista\/?page_id=1515"},"modified":"2019-01-25T09:02:27","modified_gmt":"2019-01-25T07:02:27","slug":"joustava-ja-monimuotoinen-oppiminen","status":"publish","type":"page","link":"https:\/\/blogit.gradia.fi\/parasta_osaamista\/joustava-ja-monimuotoinen-oppiminen\/","title":{"rendered":"Joustava ja\u00a0monimuotoinen oppiminen\u00a0"},"content":{"rendered":"<p>Opiskelija hankkii osaamista joustavasti ja yksil\u00f6llisesti rytmitt\u00e4en ty\u00f6el\u00e4m\u00e4ss\u00e4 oppimista ja oppilaitoksessa oppimista sek\u00e4 hy\u00f6dynt\u00e4\u00e4 verkko-oppimisymp\u00e4rist\u00f6j\u00e4.<\/p>\n<ul>\n<li><a href=\"https:\/\/blogit.gradia.fi\/parasta_osaamista\/wp-content\/uploads\/sites\/20\/2019\/01\/Sedu-Triangeli.pdf\" target=\"_blank\" rel=\"noopener\">Triangeli-malli<\/a><\/li>\n<li><a href=\"https:\/\/blogit.gradia.fi\/parasta_osaamista\/wp-content\/uploads\/sites\/20\/2019\/01\/Sedu-sopimusyritt\u00e4j\u00e4.pdf\" target=\"_blank\" rel=\"noopener\">Sopimusyritt\u00e4j\u00e4malli<\/a><\/li>\n<li><a href=\"https:\/\/blogit.gradia.fi\/parasta_osaamista\/wp-content\/uploads\/sites\/20\/2019\/01\/Monimuotoinen-oppiminen-sosiaali-ja-terveysalan-perustutkinto.pdf\" target=\"_blank\" rel=\"noopener\">Monimuotoinen oppiminen, sosiaali- ja terveysalan perustutkinto<\/a><\/li>\n<li><a href=\"https:\/\/blogit.gradia.fi\/parasta_osaamista\/wp-content\/uploads\/sites\/20\/2019\/01\/Monimuotototeutus-sosiaali-ja-terveysalan-perustutkinto-pakolliset-tutkinnon-osat.pdf\" target=\"_blank\" rel=\"noopener\">Monimuotototeutus, sosiaali- ja terveysalan perustutkinto, pakolliset tutkinnon osat<\/a><\/li>\n<li><a href=\"https:\/\/blogit.gradia.fi\/parasta_osaamista\/wp-content\/uploads\/sites\/20\/2019\/01\/Kummitoiminnalla-kuntoutumista-ja-osallisuutta.pdf\" target=\"_blank\" rel=\"noopener\">Kummitoiminnalla kuntoutumista ja osallisuutta<\/a><\/li>\n<li><a href=\"https:\/\/blogit.gradia.fi\/parasta_osaamista\/wp-content\/uploads\/sites\/20\/2019\/01\/Joustava-oppiminen-Omniassa.pdf\" target=\"_blank\" rel=\"noopener\">Joustava oppiminen Omniassa<\/a><\/li>\n<\/ul>\n","protected":false},"excerpt":{"rendered":"<p>Opiskelija hankkii osaamista joustavasti ja yksil\u00f6llisesti rytmitt\u00e4en ty\u00f6el\u00e4m\u00e4ss\u00e4 oppimista ja oppilaitoksessa oppimista sek\u00e4 hy\u00f6dynt\u00e4\u00e4 verkko-oppimisymp\u00e4rist\u00f6j\u00e4. Triangeli-malli Sopimusyritt\u00e4j\u00e4malli Monimuotoinen oppiminen, sosiaali- ja terveysalan perustutkinto Monimuotototeutus, sosiaali- ja terveysalan perustutkinto, pakolliset tutkinnon osat Kummitoiminnalla kuntoutumista ja&#46;&#46;&#46;<\/p>\n","protected":false},"author":178,"featured_media":0,"parent":0,"menu_order":0,"comment_status":"closed","ping_status":"closed","template":"","meta":{"_uag_custom_page_level_css":"","footnotes":""},"class_list":["post-1515","page","type-page","status-publish","hentry"],"yoast_head":"<!-- This site is optimized with the Yoast SEO plugin v27.4 - https:\/\/yoast.com\/product\/yoast-seo-wordpress\/ -->\n<title>Joustava ja\u00a0monimuotoinen oppiminen\u00a0 - Parasta osaamista<\/title>\n<meta name=\"robots\" content=\"index, follow, max-snippet:-1, max-image-preview:large, max-video-preview:-1\" \/>\n<link rel=\"canonical\" href=\"https:\/\/blogit.gradia.fi\/parasta_osaamista\/joustava-ja-monimuotoinen-oppiminen\/\" \/>\n<meta property=\"og:locale\" content=\"fi_FI\" \/>\n<meta property=\"og:type\" content=\"article\" \/>\n<meta property=\"og:title\" content=\"Joustava ja\u00a0monimuotoinen oppiminen\u00a0 - Parasta osaamista\" \/>\n<meta property=\"og:description\" content=\"Opiskelija hankkii osaamista joustavasti ja yksil\u00f6llisesti rytmitt\u00e4en ty\u00f6el\u00e4m\u00e4ss\u00e4 oppimista ja oppilaitoksessa oppimista sek\u00e4 hy\u00f6dynt\u00e4\u00e4 verkko-oppimisymp\u00e4rist\u00f6j\u00e4. Triangeli-malli Sopimusyritt\u00e4j\u00e4malli Monimuotoinen oppiminen, sosiaali- ja terveysalan perustutkinto Monimuotototeutus, sosiaali- ja terveysalan perustutkinto, pakolliset tutkinnon osat Kummitoiminnalla kuntoutumista ja&#046;&#046;&#046;\" \/>\n<meta property=\"og:url\" content=\"https:\/\/blogit.gradia.fi\/parasta_osaamista\/joustava-ja-monimuotoinen-oppiminen\/\" \/>\n<meta property=\"og:site_name\" content=\"Parasta osaamista\" \/>\n<meta property=\"article:publisher\" content=\"https:\/\/www.facebook.com\/POsaamista\/\" \/>\n<meta property=\"article:modified_time\" content=\"2019-01-25T07:02:27+00:00\" \/>\n<meta name=\"twitter:card\" content=\"summary_large_image\" \/>\n<meta name=\"twitter:site\" content=\"@Posaaja_\" \/>\n<script type=\"application\/ld+json\" class=\"yoast-schema-graph\">{\"@context\":\"https:\\\/\\\/schema.org\",\"@graph\":[{\"@type\":\"WebPage\",\"@id\":\"https:\\\/\\\/blogit.gradia.fi\\\/parasta_osaamista\\\/joustava-ja-monimuotoinen-oppiminen\\\/\",\"url\":\"https:\\\/\\\/blogit.gradia.fi\\\/parasta_osaamista\\\/joustava-ja-monimuotoinen-oppiminen\\\/\",\"name\":\"Joustava ja\u00a0monimuotoinen oppiminen\u00a0 - Parasta osaamista\",\"isPartOf\":{\"@id\":\"https:\\\/\\\/blogit.gradia.fi\\\/parasta_osaamista\\\/#website\"},\"datePublished\":\"2019-01-21T09:51:17+00:00\",\"dateModified\":\"2019-01-25T07:02:27+00:00\",\"inLanguage\":\"fi\",\"potentialAction\":[{\"@type\":\"ReadAction\",\"target\":[\"https:\\\/\\\/blogit.gradia.fi\\\/parasta_osaamista\\\/joustava-ja-monimuotoinen-oppiminen\\\/\"]}]},{\"@type\":\"WebSite\",\"@id\":\"https:\\\/\\\/blogit.gradia.fi\\\/parasta_osaamista\\\/#website\",\"url\":\"https:\\\/\\\/blogit.gradia.fi\\\/parasta_osaamista\\\/\",\"name\":\"Parasta osaamista\",\"description\":\"Parasta osaamista -verkostohanke\",\"publisher\":{\"@id\":\"https:\\\/\\\/blogit.gradia.fi\\\/parasta_osaamista\\\/#organization\"},\"potentialAction\":[{\"@type\":\"SearchAction\",\"target\":{\"@type\":\"EntryPoint\",\"urlTemplate\":\"https:\\\/\\\/blogit.gradia.fi\\\/parasta_osaamista\\\/?s={search_term_string}\"},\"query-input\":{\"@type\":\"PropertyValueSpecification\",\"valueRequired\":true,\"valueName\":\"search_term_string\"}}],\"inLanguage\":\"fi\"},{\"@type\":\"Organization\",\"@id\":\"https:\\\/\\\/blogit.gradia.fi\\\/parasta_osaamista\\\/#organization\",\"name\":\"Parasta osaamista -verkostohanke\",\"url\":\"https:\\\/\\\/blogit.gradia.fi\\\/parasta_osaamista\\\/\",\"logo\":{\"@type\":\"ImageObject\",\"inLanguage\":\"fi\",\"@id\":\"https:\\\/\\\/blogit.gradia.fi\\\/parasta_osaamista\\\/#\\\/schema\\\/logo\\\/image\\\/\",\"url\":\"https:\\\/\\\/blogit.gradia.fi\\\/parasta_osaamista\\\/wp-content\\\/uploads\\\/sites\\\/20\\\/2018\\\/02\\\/parasta_osaamista_logo.jpg\",\"contentUrl\":\"https:\\\/\\\/blogit.gradia.fi\\\/parasta_osaamista\\\/wp-content\\\/uploads\\\/sites\\\/20\\\/2018\\\/02\\\/parasta_osaamista_logo.jpg\",\"width\":344,\"height\":334,\"caption\":\"Parasta osaamista -verkostohanke\"},\"image\":{\"@id\":\"https:\\\/\\\/blogit.gradia.fi\\\/parasta_osaamista\\\/#\\\/schema\\\/logo\\\/image\\\/\"},\"sameAs\":[\"https:\\\/\\\/www.facebook.com\\\/POsaamista\\\/\",\"https:\\\/\\\/x.com\\\/Posaaja_\",\"https:\\\/\\\/www.instagram.com\\\/parastaosaamista\\\/\",\"https:\\\/\\\/www.youtube.com\\\/channel\\\/UC7hv9jw0R6lS_Fmz5L9TUPw\"]}]}<\/script>\n<!-- \/ Yoast SEO plugin. -->","yoast_head_json":{"title":"Joustava ja\u00a0monimuotoinen oppiminen\u00a0 - Parasta osaamista","robots":{"index":"index","follow":"follow","max-snippet":"max-snippet:-1","max-image-preview":"max-image-preview:large","max-video-preview":"max-video-preview:-1"},"canonical":"https:\/\/blogit.gradia.fi\/parasta_osaamista\/joustava-ja-monimuotoinen-oppiminen\/","og_locale":"fi_FI","og_type":"article","og_title":"Joustava ja\u00a0monimuotoinen oppiminen\u00a0 - Parasta osaamista","og_description":"Opiskelija hankkii osaamista joustavasti ja yksil\u00f6llisesti rytmitt\u00e4en ty\u00f6el\u00e4m\u00e4ss\u00e4 oppimista ja oppilaitoksessa oppimista sek\u00e4 hy\u00f6dynt\u00e4\u00e4 verkko-oppimisymp\u00e4rist\u00f6j\u00e4. Triangeli-malli Sopimusyritt\u00e4j\u00e4malli Monimuotoinen oppiminen, sosiaali- ja terveysalan perustutkinto Monimuotototeutus, sosiaali- ja terveysalan perustutkinto, pakolliset tutkinnon osat Kummitoiminnalla kuntoutumista ja&#46;&#46;&#46;","og_url":"https:\/\/blogit.gradia.fi\/parasta_osaamista\/joustava-ja-monimuotoinen-oppiminen\/","og_site_name":"Parasta osaamista","article_publisher":"https:\/\/www.facebook.com\/POsaamista\/","article_modified_time":"2019-01-25T07:02:27+00:00","twitter_card":"summary_large_image","twitter_site":"@Posaaja_","schema":{"@context":"https:\/\/schema.org","@graph":[{"@type":"WebPage","@id":"https:\/\/blogit.gradia.fi\/parasta_osaamista\/joustava-ja-monimuotoinen-oppiminen\/","url":"https:\/\/blogit.gradia.fi\/parasta_osaamista\/joustava-ja-monimuotoinen-oppiminen\/","name":"Joustava ja\u00a0monimuotoinen oppiminen\u00a0 - Parasta osaamista","isPartOf":{"@id":"https:\/\/blogit.gradia.fi\/parasta_osaamista\/#website"},"datePublished":"2019-01-21T09:51:17+00:00","dateModified":"2019-01-25T07:02:27+00:00","inLanguage":"fi","potentialAction":[{"@type":"ReadAction","target":["https:\/\/blogit.gradia.fi\/parasta_osaamista\/joustava-ja-monimuotoinen-oppiminen\/"]}]},{"@type":"WebSite","@id":"https:\/\/blogit.gradia.fi\/parasta_osaamista\/#website","url":"https:\/\/blogit.gradia.fi\/parasta_osaamista\/","name":"Parasta osaamista","description":"Parasta osaamista -verkostohanke","publisher":{"@id":"https:\/\/blogit.gradia.fi\/parasta_osaamista\/#organization"},"potentialAction":[{"@type":"SearchAction","target":{"@type":"EntryPoint","urlTemplate":"https:\/\/blogit.gradia.fi\/parasta_osaamista\/?s={search_term_string}"},"query-input":{"@type":"PropertyValueSpecification","valueRequired":true,"valueName":"search_term_string"}}],"inLanguage":"fi"},{"@type":"Organization","@id":"https:\/\/blogit.gradia.fi\/parasta_osaamista\/#organization","name":"Parasta osaamista -verkostohanke","url":"https:\/\/blogit.gradia.fi\/parasta_osaamista\/","logo":{"@type":"ImageObject","inLanguage":"fi","@id":"https:\/\/blogit.gradia.fi\/parasta_osaamista\/#\/schema\/logo\/image\/","url":"https:\/\/blogit.gradia.fi\/parasta_osaamista\/wp-content\/uploads\/sites\/20\/2018\/02\/parasta_osaamista_logo.jpg","contentUrl":"https:\/\/blogit.gradia.fi\/parasta_osaamista\/wp-content\/uploads\/sites\/20\/2018\/02\/parasta_osaamista_logo.jpg","width":344,"height":334,"caption":"Parasta osaamista -verkostohanke"},"image":{"@id":"https:\/\/blogit.gradia.fi\/parasta_osaamista\/#\/schema\/logo\/image\/"},"sameAs":["https:\/\/www.facebook.com\/POsaamista\/","https:\/\/x.com\/Posaaja_","https:\/\/www.instagram.com\/parastaosaamista\/","https:\/\/www.youtube.com\/channel\/UC7hv9jw0R6lS_Fmz5L9TUPw"]}]}},"uagb_featured_image_src":{"full":false,"thumbnail":false,"medium":false,"medium_large":false,"large":false,"1536x1536":false,"2048x2048":false,"thumb-small":false,"thumb-standard":false,"thumb-medium":false,"thumb-large":false,"thumb-xlarge":false,"thumb-xxlarge":false},"uagb_author_info":{"display_name":"Sami Ahonen","author_link":"https:\/\/blogit.gradia.fi\/parasta_osaamista\/author\/ahonesam\/"},"uagb_comment_info":0,"uagb_excerpt":"Opiskelija hankkii osaamista joustavasti ja yksil\u00f6llisesti rytmitt\u00e4en ty\u00f6el\u00e4m\u00e4ss\u00e4 oppimista ja oppilaitoksessa oppimista sek\u00e4 hy\u00f6dynt\u00e4\u00e4 verkko-oppimisymp\u00e4rist\u00f6j\u00e4. Triangeli-malli Sopimusyritt\u00e4j\u00e4malli Monimuotoinen oppiminen, sosiaali- ja terveysalan perustutkinto Monimuotototeutus, sosiaali- ja terveysalan perustutkinto, pakolliset tutkinnon osat Kummitoiminnalla kuntoutumista ja&#46;&#46;&#46;","_links":{"self":[{"href":"https:\/\/blogit.gradia.fi\/parasta_osaamista\/wp-json\/wp\/v2\/pages\/1515","targetHints":{"allow":["GET"]}}],"collection":[{"href":"https:\/\/blogit.gradia.fi\/parasta_osaamista\/wp-json\/wp\/v2\/pages"}],"about":[{"href":"https:\/\/blogit.gradia.fi\/parasta_osaamista\/wp-json\/wp\/v2\/types\/page"}],"author":[{"embeddable":true,"href":"https:\/\/blogit.gradia.fi\/parasta_osaamista\/wp-json\/wp\/v2\/users\/178"}],"replies":[{"embeddable":true,"href":"https:\/\/blogit.gradia.fi\/parasta_osaamista\/wp-json\/wp\/v2\/comments?post=1515"}],"version-history":[{"count":0,"href":"https:\/\/blogit.gradia.fi\/parasta_osaamista\/wp-json\/wp\/v2\/pages\/1515\/revisions"}],"wp:attachment":[{"href":"https:\/\/blogit.gradia.fi\/parasta_osaamista\/wp-json\/wp\/v2\/media?parent=1515"}],"curies":[{"name":"wp","href":"https:\/\/api.w.org\/{rel}","templated":true}]}}