{"id":1500,"date":"2019-01-18T13:30:38","date_gmt":"2019-01-18T11:30:38","guid":{"rendered":"https:\/\/blogit.gradia.fi\/parasta_osaamista\/?page_id=1500"},"modified":"2019-01-18T13:32:14","modified_gmt":"2019-01-18T11:32:14","slug":"gruppen-i-teams-lararens-digitala-kompetensstig-i-teams","status":"publish","type":"page","link":"https:\/\/blogit.gradia.fi\/parasta_osaamista\/gruppen-i-teams-lararens-digitala-kompetensstig-i-teams\/","title":{"rendered":"Gruppen i\u00a0Teams\u00a0L\u00e4rarens\u00a0digitala\u00a0kompetensstig\u00a0i\u00a0Teams"},"content":{"rendered":"<p><b>Gruppen i\u00a0<\/b><b>Teams<\/b><b>\u00a0<span class=\"TextRun SCXW240252976\" lang=\"FI-FI\" xml:lang=\"FI-FI\"><span class=\"SpellingError SCXW240252976\">L\u00e4rarens<\/span><\/span><span class=\"TextRun SCXW240252976\" lang=\"FI-FI\" xml:lang=\"FI-FI\"><span class=\"NormalTextRun SCXW240252976\">\u00a0<\/span><\/span><span class=\"TextRun SCXW240252976\" lang=\"FI-FI\" xml:lang=\"FI-FI\"><span class=\"SpellingError SCXW240252976\">digitala<\/span><\/span><span class=\"TextRun SCXW240252976\" lang=\"FI-FI\" xml:lang=\"FI-FI\"><span class=\"NormalTextRun SCXW240252976\">\u00a0<\/span><\/span><span class=\"TextRun SCXW240252976\" lang=\"FI-FI\" xml:lang=\"FI-FI\"><span class=\"SpellingError SCXW240252976\">kompetensstig<\/span><\/span><span class=\"TextRun SCXW240252976\" lang=\"FI-FI\" xml:lang=\"FI-FI\"><span class=\"NormalTextRun SCXW240252976\">\u00a0i\u00a0<\/span><\/span><span class=\"TextRun SCXW240252976\" lang=\"FI-FI\" xml:lang=\"FI-FI\"><span class=\"SpellingError SCXW240252976\">Teams<\/span><\/span><\/b><\/p>\n<p>Yrkesakademin har anv\u00e4nt sig av plattformen Microsoft Teams f\u00f6r att bygga upp l\u00e4rarens digitala kompetensstig. Gruppen i Teams heter YA Lotsen, den \u00e4r en samlingsplats med material och information som ska st\u00f6da lotsl\u00e4rarna inom Yrkesakademin. YA Lotsen utg\u00f6r ocks\u00e5 en konkret samarbetsplattform f\u00f6r lotsl\u00e4rarna, d\u00e4r aktualiteter kan diskuteras och nytt inneh\u00e5ll och information kan arbetas fram med kollegialt l\u00e4rande som utg\u00e5ngspunkt i utvecklingsarbetet.\u00a0Teams som verktyg \u00e4r\u00a0flexibel\u00a0med m\u00f6jlighet att b\u00e4dda in i stort sett vilka material och resurser som helst. Fr\u00e5n bilderna nedan kan man f\u00e5 en uppfattning av strukturen i Teams samt specifikt exempel fr\u00e5n YA Lotsen.<\/p>\n<p>TEAMS-exempel (Ruotsikis)<\/p>\n<p><a href=\"https:\/\/blogit.gradia.fi\/parasta_osaamista\/wp-content\/uploads\/sites\/20\/2019\/01\/Pedapodcast.pdf\">Pedapodcast<\/a> \u2013 (Ruotsiksi)<\/p>\n","protected":false},"excerpt":{"rendered":"<p>Gruppen i\u00a0Teams\u00a0L\u00e4rarens\u00a0digitala\u00a0kompetensstig\u00a0i\u00a0Teams Yrkesakademin har anv\u00e4nt sig av plattformen Microsoft Teams f\u00f6r att bygga upp l\u00e4rarens digitala kompetensstig. Gruppen i Teams heter YA Lotsen, den \u00e4r en samlingsplats med material och information som ska st\u00f6da&#46;&#46;&#46;<\/p>\n","protected":false},"author":178,"featured_media":0,"parent":0,"menu_order":0,"comment_status":"closed","ping_status":"closed","template":"","meta":{"_uag_custom_page_level_css":"","footnotes":""},"class_list":["post-1500","page","type-page","status-publish","hentry"],"yoast_head":"<!-- This site is optimized with the Yoast SEO plugin v27.4 - https:\/\/yoast.com\/product\/yoast-seo-wordpress\/ -->\n<title>Gruppen i\u00a0Teams\u00a0L\u00e4rarens\u00a0digitala\u00a0kompetensstig\u00a0i\u00a0Teams - Parasta osaamista<\/title>\n<meta name=\"robots\" content=\"index, follow, max-snippet:-1, max-image-preview:large, max-video-preview:-1\" \/>\n<link rel=\"canonical\" href=\"https:\/\/blogit.gradia.fi\/parasta_osaamista\/gruppen-i-teams-lararens-digitala-kompetensstig-i-teams\/\" \/>\n<meta property=\"og:locale\" content=\"fi_FI\" \/>\n<meta property=\"og:type\" content=\"article\" \/>\n<meta property=\"og:title\" content=\"Gruppen i\u00a0Teams\u00a0L\u00e4rarens\u00a0digitala\u00a0kompetensstig\u00a0i\u00a0Teams - Parasta osaamista\" \/>\n<meta property=\"og:description\" content=\"Gruppen i\u00a0Teams\u00a0L\u00e4rarens\u00a0digitala\u00a0kompetensstig\u00a0i\u00a0Teams Yrkesakademin har anv\u00e4nt sig av plattformen Microsoft Teams f\u00f6r att bygga upp l\u00e4rarens digitala kompetensstig. Gruppen i Teams heter YA Lotsen, den \u00e4r en samlingsplats med material och information som ska st\u00f6da&#046;&#046;&#046;\" \/>\n<meta property=\"og:url\" content=\"https:\/\/blogit.gradia.fi\/parasta_osaamista\/gruppen-i-teams-lararens-digitala-kompetensstig-i-teams\/\" \/>\n<meta property=\"og:site_name\" content=\"Parasta osaamista\" \/>\n<meta property=\"article:publisher\" content=\"https:\/\/www.facebook.com\/POsaamista\/\" \/>\n<meta property=\"article:modified_time\" content=\"2019-01-18T11:32:14+00:00\" \/>\n<meta name=\"twitter:card\" content=\"summary_large_image\" \/>\n<meta name=\"twitter:site\" content=\"@Posaaja_\" \/>\n<meta name=\"twitter:label1\" content=\"Arvioitu lukuaika\" \/>\n\t<meta name=\"twitter:data1\" content=\"1 minuutti\" \/>\n<script type=\"application\/ld+json\" class=\"yoast-schema-graph\">{\"@context\":\"https:\\\/\\\/schema.org\",\"@graph\":[{\"@type\":\"WebPage\",\"@id\":\"https:\\\/\\\/blogit.gradia.fi\\\/parasta_osaamista\\\/gruppen-i-teams-lararens-digitala-kompetensstig-i-teams\\\/\",\"url\":\"https:\\\/\\\/blogit.gradia.fi\\\/parasta_osaamista\\\/gruppen-i-teams-lararens-digitala-kompetensstig-i-teams\\\/\",\"name\":\"Gruppen i\u00a0Teams\u00a0L\u00e4rarens\u00a0digitala\u00a0kompetensstig\u00a0i\u00a0Teams - Parasta osaamista\",\"isPartOf\":{\"@id\":\"https:\\\/\\\/blogit.gradia.fi\\\/parasta_osaamista\\\/#website\"},\"datePublished\":\"2019-01-18T11:30:38+00:00\",\"dateModified\":\"2019-01-18T11:32:14+00:00\",\"inLanguage\":\"fi\",\"potentialAction\":[{\"@type\":\"ReadAction\",\"target\":[\"https:\\\/\\\/blogit.gradia.fi\\\/parasta_osaamista\\\/gruppen-i-teams-lararens-digitala-kompetensstig-i-teams\\\/\"]}]},{\"@type\":\"WebSite\",\"@id\":\"https:\\\/\\\/blogit.gradia.fi\\\/parasta_osaamista\\\/#website\",\"url\":\"https:\\\/\\\/blogit.gradia.fi\\\/parasta_osaamista\\\/\",\"name\":\"Parasta osaamista\",\"description\":\"Parasta osaamista -verkostohanke\",\"publisher\":{\"@id\":\"https:\\\/\\\/blogit.gradia.fi\\\/parasta_osaamista\\\/#organization\"},\"potentialAction\":[{\"@type\":\"SearchAction\",\"target\":{\"@type\":\"EntryPoint\",\"urlTemplate\":\"https:\\\/\\\/blogit.gradia.fi\\\/parasta_osaamista\\\/?s={search_term_string}\"},\"query-input\":{\"@type\":\"PropertyValueSpecification\",\"valueRequired\":true,\"valueName\":\"search_term_string\"}}],\"inLanguage\":\"fi\"},{\"@type\":\"Organization\",\"@id\":\"https:\\\/\\\/blogit.gradia.fi\\\/parasta_osaamista\\\/#organization\",\"name\":\"Parasta osaamista -verkostohanke\",\"url\":\"https:\\\/\\\/blogit.gradia.fi\\\/parasta_osaamista\\\/\",\"logo\":{\"@type\":\"ImageObject\",\"inLanguage\":\"fi\",\"@id\":\"https:\\\/\\\/blogit.gradia.fi\\\/parasta_osaamista\\\/#\\\/schema\\\/logo\\\/image\\\/\",\"url\":\"https:\\\/\\\/blogit.gradia.fi\\\/parasta_osaamista\\\/wp-content\\\/uploads\\\/sites\\\/20\\\/2018\\\/02\\\/parasta_osaamista_logo.jpg\",\"contentUrl\":\"https:\\\/\\\/blogit.gradia.fi\\\/parasta_osaamista\\\/wp-content\\\/uploads\\\/sites\\\/20\\\/2018\\\/02\\\/parasta_osaamista_logo.jpg\",\"width\":344,\"height\":334,\"caption\":\"Parasta osaamista -verkostohanke\"},\"image\":{\"@id\":\"https:\\\/\\\/blogit.gradia.fi\\\/parasta_osaamista\\\/#\\\/schema\\\/logo\\\/image\\\/\"},\"sameAs\":[\"https:\\\/\\\/www.facebook.com\\\/POsaamista\\\/\",\"https:\\\/\\\/x.com\\\/Posaaja_\",\"https:\\\/\\\/www.instagram.com\\\/parastaosaamista\\\/\",\"https:\\\/\\\/www.youtube.com\\\/channel\\\/UC7hv9jw0R6lS_Fmz5L9TUPw\"]}]}<\/script>\n<!-- \/ Yoast SEO plugin. -->","yoast_head_json":{"title":"Gruppen i\u00a0Teams\u00a0L\u00e4rarens\u00a0digitala\u00a0kompetensstig\u00a0i\u00a0Teams - Parasta osaamista","robots":{"index":"index","follow":"follow","max-snippet":"max-snippet:-1","max-image-preview":"max-image-preview:large","max-video-preview":"max-video-preview:-1"},"canonical":"https:\/\/blogit.gradia.fi\/parasta_osaamista\/gruppen-i-teams-lararens-digitala-kompetensstig-i-teams\/","og_locale":"fi_FI","og_type":"article","og_title":"Gruppen i\u00a0Teams\u00a0L\u00e4rarens\u00a0digitala\u00a0kompetensstig\u00a0i\u00a0Teams - Parasta osaamista","og_description":"Gruppen i\u00a0Teams\u00a0L\u00e4rarens\u00a0digitala\u00a0kompetensstig\u00a0i\u00a0Teams Yrkesakademin har anv\u00e4nt sig av plattformen Microsoft Teams f\u00f6r att bygga upp l\u00e4rarens digitala kompetensstig. Gruppen i Teams heter YA Lotsen, den \u00e4r en samlingsplats med material och information som ska st\u00f6da&#46;&#46;&#46;","og_url":"https:\/\/blogit.gradia.fi\/parasta_osaamista\/gruppen-i-teams-lararens-digitala-kompetensstig-i-teams\/","og_site_name":"Parasta osaamista","article_publisher":"https:\/\/www.facebook.com\/POsaamista\/","article_modified_time":"2019-01-18T11:32:14+00:00","twitter_card":"summary_large_image","twitter_site":"@Posaaja_","twitter_misc":{"Arvioitu lukuaika":"1 minuutti"},"schema":{"@context":"https:\/\/schema.org","@graph":[{"@type":"WebPage","@id":"https:\/\/blogit.gradia.fi\/parasta_osaamista\/gruppen-i-teams-lararens-digitala-kompetensstig-i-teams\/","url":"https:\/\/blogit.gradia.fi\/parasta_osaamista\/gruppen-i-teams-lararens-digitala-kompetensstig-i-teams\/","name":"Gruppen i\u00a0Teams\u00a0L\u00e4rarens\u00a0digitala\u00a0kompetensstig\u00a0i\u00a0Teams - Parasta osaamista","isPartOf":{"@id":"https:\/\/blogit.gradia.fi\/parasta_osaamista\/#website"},"datePublished":"2019-01-18T11:30:38+00:00","dateModified":"2019-01-18T11:32:14+00:00","inLanguage":"fi","potentialAction":[{"@type":"ReadAction","target":["https:\/\/blogit.gradia.fi\/parasta_osaamista\/gruppen-i-teams-lararens-digitala-kompetensstig-i-teams\/"]}]},{"@type":"WebSite","@id":"https:\/\/blogit.gradia.fi\/parasta_osaamista\/#website","url":"https:\/\/blogit.gradia.fi\/parasta_osaamista\/","name":"Parasta osaamista","description":"Parasta osaamista -verkostohanke","publisher":{"@id":"https:\/\/blogit.gradia.fi\/parasta_osaamista\/#organization"},"potentialAction":[{"@type":"SearchAction","target":{"@type":"EntryPoint","urlTemplate":"https:\/\/blogit.gradia.fi\/parasta_osaamista\/?s={search_term_string}"},"query-input":{"@type":"PropertyValueSpecification","valueRequired":true,"valueName":"search_term_string"}}],"inLanguage":"fi"},{"@type":"Organization","@id":"https:\/\/blogit.gradia.fi\/parasta_osaamista\/#organization","name":"Parasta osaamista -verkostohanke","url":"https:\/\/blogit.gradia.fi\/parasta_osaamista\/","logo":{"@type":"ImageObject","inLanguage":"fi","@id":"https:\/\/blogit.gradia.fi\/parasta_osaamista\/#\/schema\/logo\/image\/","url":"https:\/\/blogit.gradia.fi\/parasta_osaamista\/wp-content\/uploads\/sites\/20\/2018\/02\/parasta_osaamista_logo.jpg","contentUrl":"https:\/\/blogit.gradia.fi\/parasta_osaamista\/wp-content\/uploads\/sites\/20\/2018\/02\/parasta_osaamista_logo.jpg","width":344,"height":334,"caption":"Parasta osaamista -verkostohanke"},"image":{"@id":"https:\/\/blogit.gradia.fi\/parasta_osaamista\/#\/schema\/logo\/image\/"},"sameAs":["https:\/\/www.facebook.com\/POsaamista\/","https:\/\/x.com\/Posaaja_","https:\/\/www.instagram.com\/parastaosaamista\/","https:\/\/www.youtube.com\/channel\/UC7hv9jw0R6lS_Fmz5L9TUPw"]}]}},"uagb_featured_image_src":{"full":false,"thumbnail":false,"medium":false,"medium_large":false,"large":false,"1536x1536":false,"2048x2048":false,"thumb-small":false,"thumb-standard":false,"thumb-medium":false,"thumb-large":false,"thumb-xlarge":false,"thumb-xxlarge":false},"uagb_author_info":{"display_name":"Sami Ahonen","author_link":"https:\/\/blogit.gradia.fi\/parasta_osaamista\/author\/ahonesam\/"},"uagb_comment_info":0,"uagb_excerpt":"Gruppen i\u00a0Teams\u00a0L\u00e4rarens\u00a0digitala\u00a0kompetensstig\u00a0i\u00a0Teams Yrkesakademin har anv\u00e4nt sig av plattformen Microsoft Teams f\u00f6r att bygga upp l\u00e4rarens digitala kompetensstig. Gruppen i Teams heter YA Lotsen, den \u00e4r en samlingsplats med material och information som ska st\u00f6da&#46;&#46;&#46;","_links":{"self":[{"href":"https:\/\/blogit.gradia.fi\/parasta_osaamista\/wp-json\/wp\/v2\/pages\/1500","targetHints":{"allow":["GET"]}}],"collection":[{"href":"https:\/\/blogit.gradia.fi\/parasta_osaamista\/wp-json\/wp\/v2\/pages"}],"about":[{"href":"https:\/\/blogit.gradia.fi\/parasta_osaamista\/wp-json\/wp\/v2\/types\/page"}],"author":[{"embeddable":true,"href":"https:\/\/blogit.gradia.fi\/parasta_osaamista\/wp-json\/wp\/v2\/users\/178"}],"replies":[{"embeddable":true,"href":"https:\/\/blogit.gradia.fi\/parasta_osaamista\/wp-json\/wp\/v2\/comments?post=1500"}],"version-history":[{"count":0,"href":"https:\/\/blogit.gradia.fi\/parasta_osaamista\/wp-json\/wp\/v2\/pages\/1500\/revisions"}],"wp:attachment":[{"href":"https:\/\/blogit.gradia.fi\/parasta_osaamista\/wp-json\/wp\/v2\/media?parent=1500"}],"curies":[{"name":"wp","href":"https:\/\/api.w.org\/{rel}","templated":true}]}}