{"id":150,"date":"2018-04-03T15:27:16","date_gmt":"2018-04-03T12:27:16","guid":{"rendered":"https:\/\/blogit.gradia.fi\/parastatestia\/?page_id=150"},"modified":"2019-02-20T12:58:20","modified_gmt":"2019-02-20T10:58:20","slug":"open-day-vierailut","status":"publish","type":"page","link":"https:\/\/blogit.gradia.fi\/parasta_osaamista\/toimintamallit-ja-materiaalit\/open-day-vierailut\/","title":{"rendered":"Open Day -vierailut"},"content":{"rendered":"<p>Laadukas ammatillisen koulutuksen toteuttaminen syntyy monipuolisessa yhteisty\u00f6ss\u00e4 ty\u00f6el\u00e4m\u00e4n kanssa ja sen merkitys kasvaa entisest\u00e4\u00e4n ammatillisen koulutuksen uudistumisen my\u00f6t\u00e4.<\/p>\n<p>Open day -p\u00e4iv\u00e4n\u00e4 opettajat jalkautuvat ty\u00f6paikoille vieden viesti\u00e4 ammatillisen koulutuksen uudistumisesta yritt\u00e4jyysn\u00e4k\u00f6kulma huomioiden ja saaden niihin ty\u00f6el\u00e4m\u00e4n n\u00e4kemyksi\u00e4. Samalla keskustellaan siit\u00e4, miten ty\u00f6el\u00e4m\u00e4-oppilaitosyhteisty\u00f6t\u00e4 voitaisiin kehitt\u00e4\u00e4.&nbsp; P\u00e4iv\u00e4n aikana kartoitetaan my\u00f6s koulutustarpeita (esim. ty\u00f6paikan henkil\u00f6st\u00f6koulutus, oppisopimus ja ty\u00f6paikkaohjaajakoulutus).<\/p>\n<p>Ty\u00f6paikkojen kanssa teht\u00e4v\u00e4\u00e4n yritysyhteisty\u00f6h\u00f6n kannustavat my\u00f6s Suomen Yritt\u00e4jien toimitusjohtaja Mikael Pentik\u00e4inen ja koulutuspolitiikasta vastaava johtaja Veli-Matti Lamppu videotervehdyksen v\u00e4lityksell\u00e4.<\/p>\n<p>Vierailuun liittyvien kysymysten luomisessa ovat olleet mukana Suomen yritt\u00e4jien hallinnoima Osaavia opettajia \u2013 yritt\u00e4vi\u00e4 nuoria -hanke, Opetushallitus ja Parasta osaamista -verkostohanke.<\/p>\n<p>Toivon\/toivomme sinulle menestyksek\u00e4st\u00e4 Open day \u2013vierailua!<\/p>\n<p><strong>Siirry toimintaohjeisiin:<\/strong> <a href=\"https:\/\/blogit.gradia.fi\/parasta_osaamista\/open-day-toimintaohjeet\/\"><strong>Toimintaohjeet<\/strong><\/a><\/p>\n<p>&nbsp;<\/p>\n","protected":false},"excerpt":{"rendered":"<p>Laadukas ammatillisen koulutuksen toteuttaminen syntyy monipuolisessa yhteisty\u00f6ss\u00e4 ty\u00f6el\u00e4m\u00e4n kanssa ja sen merkitys kasvaa entisest\u00e4\u00e4n ammatillisen koulutuksen uudistumisen my\u00f6t\u00e4. Open day -p\u00e4iv\u00e4n\u00e4 opettajat jalkautuvat ty\u00f6paikoille vieden viesti\u00e4 ammatillisen koulutuksen uudistumisesta yritt\u00e4jyysn\u00e4k\u00f6kulma huomioiden ja saaden niihin&#46;&#46;&#46;<\/p>\n","protected":false},"author":180,"featured_media":0,"parent":70,"menu_order":1,"comment_status":"closed","ping_status":"closed","template":"","meta":{"_uag_custom_page_level_css":"","footnotes":""},"class_list":["post-150","page","type-page","status-publish","hentry"],"yoast_head":"<!-- This site is optimized with the Yoast SEO plugin v27.4 - https:\/\/yoast.com\/product\/yoast-seo-wordpress\/ -->\n<title>Open Day -vierailut - Parasta osaamista<\/title>\n<meta name=\"robots\" content=\"index, follow, max-snippet:-1, max-image-preview:large, max-video-preview:-1\" \/>\n<link rel=\"canonical\" href=\"https:\/\/blogit.gradia.fi\/parasta_osaamista\/toimintamallit-ja-materiaalit\/open-day-vierailut\/\" \/>\n<meta property=\"og:locale\" content=\"fi_FI\" \/>\n<meta property=\"og:type\" content=\"article\" \/>\n<meta property=\"og:title\" content=\"Open Day -vierailut - Parasta osaamista\" \/>\n<meta property=\"og:description\" content=\"Laadukas ammatillisen koulutuksen toteuttaminen syntyy monipuolisessa yhteisty\u00f6ss\u00e4 ty\u00f6el\u00e4m\u00e4n kanssa ja sen merkitys kasvaa entisest\u00e4\u00e4n ammatillisen koulutuksen uudistumisen my\u00f6t\u00e4. Open day -p\u00e4iv\u00e4n\u00e4 opettajat jalkautuvat ty\u00f6paikoille vieden viesti\u00e4 ammatillisen koulutuksen uudistumisesta yritt\u00e4jyysn\u00e4k\u00f6kulma huomioiden ja saaden niihin&#046;&#046;&#046;\" \/>\n<meta property=\"og:url\" content=\"https:\/\/blogit.gradia.fi\/parasta_osaamista\/toimintamallit-ja-materiaalit\/open-day-vierailut\/\" \/>\n<meta property=\"og:site_name\" content=\"Parasta osaamista\" \/>\n<meta property=\"article:publisher\" content=\"https:\/\/www.facebook.com\/POsaamista\/\" \/>\n<meta property=\"article:modified_time\" content=\"2019-02-20T10:58:20+00:00\" \/>\n<meta name=\"twitter:card\" content=\"summary_large_image\" \/>\n<meta name=\"twitter:site\" content=\"@Posaaja_\" \/>\n<meta name=\"twitter:label1\" content=\"Arvioitu lukuaika\" \/>\n\t<meta name=\"twitter:data1\" content=\"1 minuutti\" \/>\n<script type=\"application\/ld+json\" class=\"yoast-schema-graph\">{\"@context\":\"https:\\\/\\\/schema.org\",\"@graph\":[{\"@type\":\"WebPage\",\"@id\":\"https:\\\/\\\/blogit.gradia.fi\\\/parasta_osaamista\\\/toimintamallit-ja-materiaalit\\\/open-day-vierailut\\\/\",\"url\":\"https:\\\/\\\/blogit.gradia.fi\\\/parasta_osaamista\\\/toimintamallit-ja-materiaalit\\\/open-day-vierailut\\\/\",\"name\":\"Open Day -vierailut - Parasta osaamista\",\"isPartOf\":{\"@id\":\"https:\\\/\\\/blogit.gradia.fi\\\/parasta_osaamista\\\/#website\"},\"datePublished\":\"2018-04-03T12:27:16+00:00\",\"dateModified\":\"2019-02-20T10:58:20+00:00\",\"breadcrumb\":{\"@id\":\"https:\\\/\\\/blogit.gradia.fi\\\/parasta_osaamista\\\/toimintamallit-ja-materiaalit\\\/open-day-vierailut\\\/#breadcrumb\"},\"inLanguage\":\"fi\",\"potentialAction\":[{\"@type\":\"ReadAction\",\"target\":[\"https:\\\/\\\/blogit.gradia.fi\\\/parasta_osaamista\\\/toimintamallit-ja-materiaalit\\\/open-day-vierailut\\\/\"]}]},{\"@type\":\"BreadcrumbList\",\"@id\":\"https:\\\/\\\/blogit.gradia.fi\\\/parasta_osaamista\\\/toimintamallit-ja-materiaalit\\\/open-day-vierailut\\\/#breadcrumb\",\"itemListElement\":[{\"@type\":\"ListItem\",\"position\":1,\"name\":\"Toimintamallit ja materiaalit\",\"item\":\"https:\\\/\\\/blogit.gradia.fi\\\/parasta_osaamista\\\/toimintamallit-ja-materiaalit\\\/\"},{\"@type\":\"ListItem\",\"position\":2,\"name\":\"Open Day -vierailut\"}]},{\"@type\":\"WebSite\",\"@id\":\"https:\\\/\\\/blogit.gradia.fi\\\/parasta_osaamista\\\/#website\",\"url\":\"https:\\\/\\\/blogit.gradia.fi\\\/parasta_osaamista\\\/\",\"name\":\"Parasta osaamista\",\"description\":\"Parasta osaamista -verkostohanke\",\"publisher\":{\"@id\":\"https:\\\/\\\/blogit.gradia.fi\\\/parasta_osaamista\\\/#organization\"},\"potentialAction\":[{\"@type\":\"SearchAction\",\"target\":{\"@type\":\"EntryPoint\",\"urlTemplate\":\"https:\\\/\\\/blogit.gradia.fi\\\/parasta_osaamista\\\/?s={search_term_string}\"},\"query-input\":{\"@type\":\"PropertyValueSpecification\",\"valueRequired\":true,\"valueName\":\"search_term_string\"}}],\"inLanguage\":\"fi\"},{\"@type\":\"Organization\",\"@id\":\"https:\\\/\\\/blogit.gradia.fi\\\/parasta_osaamista\\\/#organization\",\"name\":\"Parasta osaamista -verkostohanke\",\"url\":\"https:\\\/\\\/blogit.gradia.fi\\\/parasta_osaamista\\\/\",\"logo\":{\"@type\":\"ImageObject\",\"inLanguage\":\"fi\",\"@id\":\"https:\\\/\\\/blogit.gradia.fi\\\/parasta_osaamista\\\/#\\\/schema\\\/logo\\\/image\\\/\",\"url\":\"https:\\\/\\\/blogit.gradia.fi\\\/parasta_osaamista\\\/wp-content\\\/uploads\\\/sites\\\/20\\\/2018\\\/02\\\/parasta_osaamista_logo.jpg\",\"contentUrl\":\"https:\\\/\\\/blogit.gradia.fi\\\/parasta_osaamista\\\/wp-content\\\/uploads\\\/sites\\\/20\\\/2018\\\/02\\\/parasta_osaamista_logo.jpg\",\"width\":344,\"height\":334,\"caption\":\"Parasta osaamista -verkostohanke\"},\"image\":{\"@id\":\"https:\\\/\\\/blogit.gradia.fi\\\/parasta_osaamista\\\/#\\\/schema\\\/logo\\\/image\\\/\"},\"sameAs\":[\"https:\\\/\\\/www.facebook.com\\\/POsaamista\\\/\",\"https:\\\/\\\/x.com\\\/Posaaja_\",\"https:\\\/\\\/www.instagram.com\\\/parastaosaamista\\\/\",\"https:\\\/\\\/www.youtube.com\\\/channel\\\/UC7hv9jw0R6lS_Fmz5L9TUPw\"]}]}<\/script>\n<!-- \/ Yoast SEO plugin. -->","yoast_head_json":{"title":"Open Day -vierailut - Parasta osaamista","robots":{"index":"index","follow":"follow","max-snippet":"max-snippet:-1","max-image-preview":"max-image-preview:large","max-video-preview":"max-video-preview:-1"},"canonical":"https:\/\/blogit.gradia.fi\/parasta_osaamista\/toimintamallit-ja-materiaalit\/open-day-vierailut\/","og_locale":"fi_FI","og_type":"article","og_title":"Open Day -vierailut - Parasta osaamista","og_description":"Laadukas ammatillisen koulutuksen toteuttaminen syntyy monipuolisessa yhteisty\u00f6ss\u00e4 ty\u00f6el\u00e4m\u00e4n kanssa ja sen merkitys kasvaa entisest\u00e4\u00e4n ammatillisen koulutuksen uudistumisen my\u00f6t\u00e4. Open day -p\u00e4iv\u00e4n\u00e4 opettajat jalkautuvat ty\u00f6paikoille vieden viesti\u00e4 ammatillisen koulutuksen uudistumisesta yritt\u00e4jyysn\u00e4k\u00f6kulma huomioiden ja saaden niihin&#46;&#46;&#46;","og_url":"https:\/\/blogit.gradia.fi\/parasta_osaamista\/toimintamallit-ja-materiaalit\/open-day-vierailut\/","og_site_name":"Parasta osaamista","article_publisher":"https:\/\/www.facebook.com\/POsaamista\/","article_modified_time":"2019-02-20T10:58:20+00:00","twitter_card":"summary_large_image","twitter_site":"@Posaaja_","twitter_misc":{"Arvioitu lukuaika":"1 minuutti"},"schema":{"@context":"https:\/\/schema.org","@graph":[{"@type":"WebPage","@id":"https:\/\/blogit.gradia.fi\/parasta_osaamista\/toimintamallit-ja-materiaalit\/open-day-vierailut\/","url":"https:\/\/blogit.gradia.fi\/parasta_osaamista\/toimintamallit-ja-materiaalit\/open-day-vierailut\/","name":"Open Day -vierailut - Parasta osaamista","isPartOf":{"@id":"https:\/\/blogit.gradia.fi\/parasta_osaamista\/#website"},"datePublished":"2018-04-03T12:27:16+00:00","dateModified":"2019-02-20T10:58:20+00:00","breadcrumb":{"@id":"https:\/\/blogit.gradia.fi\/parasta_osaamista\/toimintamallit-ja-materiaalit\/open-day-vierailut\/#breadcrumb"},"inLanguage":"fi","potentialAction":[{"@type":"ReadAction","target":["https:\/\/blogit.gradia.fi\/parasta_osaamista\/toimintamallit-ja-materiaalit\/open-day-vierailut\/"]}]},{"@type":"BreadcrumbList","@id":"https:\/\/blogit.gradia.fi\/parasta_osaamista\/toimintamallit-ja-materiaalit\/open-day-vierailut\/#breadcrumb","itemListElement":[{"@type":"ListItem","position":1,"name":"Toimintamallit ja materiaalit","item":"https:\/\/blogit.gradia.fi\/parasta_osaamista\/toimintamallit-ja-materiaalit\/"},{"@type":"ListItem","position":2,"name":"Open Day -vierailut"}]},{"@type":"WebSite","@id":"https:\/\/blogit.gradia.fi\/parasta_osaamista\/#website","url":"https:\/\/blogit.gradia.fi\/parasta_osaamista\/","name":"Parasta osaamista","description":"Parasta osaamista -verkostohanke","publisher":{"@id":"https:\/\/blogit.gradia.fi\/parasta_osaamista\/#organization"},"potentialAction":[{"@type":"SearchAction","target":{"@type":"EntryPoint","urlTemplate":"https:\/\/blogit.gradia.fi\/parasta_osaamista\/?s={search_term_string}"},"query-input":{"@type":"PropertyValueSpecification","valueRequired":true,"valueName":"search_term_string"}}],"inLanguage":"fi"},{"@type":"Organization","@id":"https:\/\/blogit.gradia.fi\/parasta_osaamista\/#organization","name":"Parasta osaamista -verkostohanke","url":"https:\/\/blogit.gradia.fi\/parasta_osaamista\/","logo":{"@type":"ImageObject","inLanguage":"fi","@id":"https:\/\/blogit.gradia.fi\/parasta_osaamista\/#\/schema\/logo\/image\/","url":"https:\/\/blogit.gradia.fi\/parasta_osaamista\/wp-content\/uploads\/sites\/20\/2018\/02\/parasta_osaamista_logo.jpg","contentUrl":"https:\/\/blogit.gradia.fi\/parasta_osaamista\/wp-content\/uploads\/sites\/20\/2018\/02\/parasta_osaamista_logo.jpg","width":344,"height":334,"caption":"Parasta osaamista -verkostohanke"},"image":{"@id":"https:\/\/blogit.gradia.fi\/parasta_osaamista\/#\/schema\/logo\/image\/"},"sameAs":["https:\/\/www.facebook.com\/POsaamista\/","https:\/\/x.com\/Posaaja_","https:\/\/www.instagram.com\/parastaosaamista\/","https:\/\/www.youtube.com\/channel\/UC7hv9jw0R6lS_Fmz5L9TUPw"]}]}},"uagb_featured_image_src":{"full":false,"thumbnail":false,"medium":false,"medium_large":false,"large":false,"1536x1536":false,"2048x2048":false,"thumb-small":false,"thumb-standard":false,"thumb-medium":false,"thumb-large":false,"thumb-xlarge":false,"thumb-xxlarge":false},"uagb_author_info":{"display_name":"Katriina Turunen","author_link":"https:\/\/blogit.gradia.fi\/parasta_osaamista\/author\/huttukat\/"},"uagb_comment_info":0,"uagb_excerpt":"Laadukas ammatillisen koulutuksen toteuttaminen syntyy monipuolisessa yhteisty\u00f6ss\u00e4 ty\u00f6el\u00e4m\u00e4n kanssa ja sen merkitys kasvaa entisest\u00e4\u00e4n ammatillisen koulutuksen uudistumisen my\u00f6t\u00e4. Open day -p\u00e4iv\u00e4n\u00e4 opettajat jalkautuvat ty\u00f6paikoille vieden viesti\u00e4 ammatillisen koulutuksen uudistumisesta yritt\u00e4jyysn\u00e4k\u00f6kulma huomioiden ja saaden niihin&#46;&#46;&#46;","_links":{"self":[{"href":"https:\/\/blogit.gradia.fi\/parasta_osaamista\/wp-json\/wp\/v2\/pages\/150","targetHints":{"allow":["GET"]}}],"collection":[{"href":"https:\/\/blogit.gradia.fi\/parasta_osaamista\/wp-json\/wp\/v2\/pages"}],"about":[{"href":"https:\/\/blogit.gradia.fi\/parasta_osaamista\/wp-json\/wp\/v2\/types\/page"}],"author":[{"embeddable":true,"href":"https:\/\/blogit.gradia.fi\/parasta_osaamista\/wp-json\/wp\/v2\/users\/180"}],"replies":[{"embeddable":true,"href":"https:\/\/blogit.gradia.fi\/parasta_osaamista\/wp-json\/wp\/v2\/comments?post=150"}],"version-history":[{"count":1,"href":"https:\/\/blogit.gradia.fi\/parasta_osaamista\/wp-json\/wp\/v2\/pages\/150\/revisions"}],"predecessor-version":[{"id":1934,"href":"https:\/\/blogit.gradia.fi\/parasta_osaamista\/wp-json\/wp\/v2\/pages\/150\/revisions\/1934"}],"up":[{"embeddable":true,"href":"https:\/\/blogit.gradia.fi\/parasta_osaamista\/wp-json\/wp\/v2\/pages\/70"}],"wp:attachment":[{"href":"https:\/\/blogit.gradia.fi\/parasta_osaamista\/wp-json\/wp\/v2\/media?parent=150"}],"curies":[{"name":"wp","href":"https:\/\/api.w.org\/{rel}","templated":true}]}}