{"id":1426,"date":"2019-01-16T09:47:48","date_gmt":"2019-01-16T07:47:48","guid":{"rendered":"https:\/\/blogit.gradia.fi\/parasta_osaamista\/?page_id=1426"},"modified":"2019-10-22T12:21:28","modified_gmt":"2019-10-22T09:21:28","slug":"forvarvande-av-kunnande-i-arbetslivet","status":"publish","type":"page","link":"https:\/\/blogit.gradia.fi\/parasta_osaamista\/pa-svenska\/forvarvande-av-kunnande-i-arbetslivet\/","title":{"rendered":"Arbetslivsn\u00e4ra f\u00f6rv\u00e4rvande av kunnande"},"content":{"rendered":"<p><span data-contrast=\"auto\">Parterna i\u00a0 B\u00e4sta kunnande-n\u00e4tverksprojektet har samarbetat med arbetsplatser f\u00f6r att l\u00e4rande i arbetslivet ska fungera smidigt f\u00f6r alla parter. Enligt den nya lagstiftningen f\u00f6r yrkesutbildningen ska samarbete med arbetslivet \u00f6ka<\/span><span data-contrast=\"auto\">. Med \u00f6kat samarbete skapas m\u00e5ngsidigt<\/span><span data-contrast=\"auto\"> kompanjonskap<\/span><span data-contrast=\"auto\"> d\u00e4r arbetsliv och l\u00e4roanstalter utg\u00f6r l\u00e4rmilj\u00f6erna enligt m\u00e5ls\u00e4ttningarna i den studerandes personliga utvecklingsplan f\u00f6r kunnandet (PUK).\u00a0<\/span><span data-contrast=\"auto\">\u00a0<\/span><span data-ccp-props=\"{&quot;201341983&quot;:0,&quot;335559739&quot;:240,&quot;335559740&quot;:240}\">\u00a0<\/span><\/p>\n<p><span data-contrast=\"auto\">Exempel p\u00e5 olika samarbetsformer har sammanst\u00e4llts <\/span><span data-contrast=\"auto\">h\u00e4r p\u00e5 sidan. I dessa beaktas studerandes personliga utvecklingsplan f\u00f6r kunnandet (PUK), arbetslivsn\u00e4ra och personliga studiev\u00e4gar. L\u00e4raren f\u00e5r genom exemplen redskap att bygga den egna verksamheten s\u00e5 att en allt st\u00f6rre dela av studerandes handledning sker i <\/span><span data-contrast=\"auto\">l\u00e4rmilj\u00f6er i arbetslivet. M\u00e5ngsidigt samarbete genom olika <\/span><span data-contrast=\"auto\">tillst\u00e4llningar eller projekt kan leda till att studerande blir mer bekanta f\u00f6r arbetsplatserna och de kan f\u00e5 m\u00f6jlighet till utbildning- eller l\u00e4roavtal i arbetslivet.<\/span><span data-ccp-props=\"{&quot;201341983&quot;:0,&quot;335559739&quot;:240,&quot;335559740&quot;:240}\">\u00a0<\/span><\/p>\n<ol>\n<li data-leveltext=\"%1.\" data-font=\"Arial\" data-listid=\"2\" data-aria-posinset=\"1\" data-aria-level=\"1\"><a href=\"https:\/\/blogit.gradia.fi\/parasta_osaamista\/pa-svenska\/forvarvande-av-kunnande-i-arbetslivet\/larare-handleder-pa-arbetsplatsen\/\"><span data-contrast=\"auto\">L\u00e4rare handleder <\/span><span data-contrast=\"auto\">p\u00e5 arbetsplatsen<\/span><\/a><span data-contrast=\"auto\">\u00a0<\/span><span data-ccp-props=\"{&quot;134233279&quot;:true,&quot;201341983&quot;:0,&quot;335559739&quot;:160,&quot;335559740&quot;:259}\">\u00a0<\/span><\/li>\n<li data-leveltext=\"%1.\" data-font=\"Arial\" data-listid=\"2\" data-aria-posinset=\"1\" data-aria-level=\"1\"><span data-contrast=\"auto\"><a href=\"https:\/\/blogit.gradia.fi\/parasta_osaamista\/pa-svenska\/forvarvande-av-kunnande-i-arbetslivet\/flexibelt-och-mangsidigt-larande\/\">Flexibelt och m\u00e5ngsidigt l\u00e4rande<\/a>\u00a0<\/span><span data-ccp-props=\"{&quot;134233279&quot;:true,&quot;201341983&quot;:0,&quot;335559739&quot;:160,&quot;335559740&quot;:259}\">\u00a0<\/span><\/li>\n<li data-leveltext=\"%1.\" data-font=\"Arial\" data-listid=\"2\" data-aria-posinset=\"1\" data-aria-level=\"1\"><a href=\"https:\/\/blogit.gradia.fi\/parasta_osaamista\/pa-svenska\/forvarvande-av-kunnande-i-arbetslivet\/mangsidiga-larmiljoer\/\"><span data-contrast=\"auto\">M\u00e5ngsidiga l\u00e4rmilj\u00f6er<\/span><span data-ccp-props=\"{&quot;134233279&quot;:true,&quot;201341983&quot;:0,&quot;335559739&quot;:160,&quot;335559740&quot;:259}\">\u00a0<\/span><\/a><\/li>\n<li data-leveltext=\"%1.\" data-font=\"Arial\" data-listid=\"2\" data-aria-posinset=\"1\" data-aria-level=\"1\"><a href=\"https:\/\/blogit.gradia.fi\/parasta_osaamista\/pa-svenska\/forvarvande-av-kunnande-i-arbetslivet\/integrering-av-gemensamma-examensdelar-i-larande-i-arbetslivet\/\"><span data-contrast=\"auto\">G<\/span><span data-contrast=\"auto\">emensamma examensdelar genom<\/span><span data-contrast=\"auto\"> l\u00e4rande i arbetslivet<\/span> <\/a><\/li>\n<li data-leveltext=\"%1.\" data-font=\"Arial\" data-listid=\"2\" data-aria-posinset=\"1\" data-aria-level=\"1\"><a href=\"https:\/\/blogit.gradia.fi\/parasta_osaamista\/pa-svenska\/forvarvande-av-kunnande-i-arbetslivet\/internationellt-larande-i-arbetslivet\/\">Internationellt l\u00e4rande i arbetslivet<\/a><\/li>\n<li data-leveltext=\"%1.\" data-font=\"Arial\" data-listid=\"2\" data-aria-posinset=\"1\" data-aria-level=\"1\"><a href=\"https:\/\/blogit.gradia.fi\/parasta_osaamista\/pa-svenska\/forvarvande-av-kunnande-i-arbetslivet\/foretagamhetsstigen\/\"><span data-contrast=\"auto\">F<\/span><span data-contrast=\"auto\">\u00f6retagsstigen<\/span><span data-ccp-props=\"{&quot;134233279&quot;:true,&quot;201341983&quot;:0,&quot;335559739&quot;:160,&quot;335559740&quot;:259}\">\u00a0<\/span><\/a><\/li>\n<\/ol>\n<p><span data-contrast=\"auto\">B\u00e4sta kunnande-material som finns <\/span><a href=\"https:\/\/blogit.gradia.fi\/parasta_osaamista\/pa-svenska\/\"><span data-contrast=\"none\">h\u00e4r<\/span><\/a><span data-contrast=\"auto\"> kan anv\u00e4ndas som st\u00f6dmaterial.<\/span><span data-ccp-props=\"{&quot;201341983&quot;:0,&quot;335559739&quot;:160,&quot;335559740&quot;:259}\">\u00a0<\/span><\/p>\n","protected":false},"excerpt":{"rendered":"<p>Parterna i\u00a0 B\u00e4sta kunnande-n\u00e4tverksprojektet har samarbetat med arbetsplatser f\u00f6r att l\u00e4rande i arbetslivet ska fungera smidigt f\u00f6r alla parter. Enligt den nya lagstiftningen f\u00f6r yrkesutbildningen ska samarbete med arbetslivet \u00f6ka. Med \u00f6kat samarbete skapas&#46;&#46;&#46;<\/p>\n","protected":false},"author":181,"featured_media":0,"parent":366,"menu_order":0,"comment_status":"closed","ping_status":"closed","template":"","meta":{"_uag_custom_page_level_css":"","footnotes":""},"class_list":["post-1426","page","type-page","status-publish","hentry"],"yoast_head":"<!-- This site is optimized with the Yoast SEO plugin v27.4 - https:\/\/yoast.com\/product\/yoast-seo-wordpress\/ -->\n<title>Arbetslivsn\u00e4ra f\u00f6rv\u00e4rvande av kunnande - Parasta osaamista<\/title>\n<meta name=\"robots\" content=\"index, follow, max-snippet:-1, max-image-preview:large, max-video-preview:-1\" \/>\n<link rel=\"canonical\" href=\"https:\/\/blogit.gradia.fi\/parasta_osaamista\/pa-svenska\/forvarvande-av-kunnande-i-arbetslivet\/\" \/>\n<meta property=\"og:locale\" content=\"fi_FI\" \/>\n<meta property=\"og:type\" content=\"article\" \/>\n<meta property=\"og:title\" content=\"Arbetslivsn\u00e4ra f\u00f6rv\u00e4rvande av kunnande - Parasta osaamista\" \/>\n<meta property=\"og:description\" content=\"Parterna i\u00a0 B\u00e4sta kunnande-n\u00e4tverksprojektet har samarbetat med arbetsplatser f\u00f6r att l\u00e4rande i arbetslivet ska fungera smidigt f\u00f6r alla parter. Enligt den nya lagstiftningen f\u00f6r yrkesutbildningen ska samarbete med arbetslivet \u00f6ka. Med \u00f6kat samarbete skapas&#046;&#046;&#046;\" \/>\n<meta property=\"og:url\" content=\"https:\/\/blogit.gradia.fi\/parasta_osaamista\/pa-svenska\/forvarvande-av-kunnande-i-arbetslivet\/\" \/>\n<meta property=\"og:site_name\" content=\"Parasta osaamista\" \/>\n<meta property=\"article:publisher\" content=\"https:\/\/www.facebook.com\/POsaamista\/\" \/>\n<meta property=\"article:modified_time\" content=\"2019-10-22T09:21:28+00:00\" \/>\n<meta name=\"twitter:card\" content=\"summary_large_image\" \/>\n<meta name=\"twitter:site\" content=\"@Posaaja_\" \/>\n<meta name=\"twitter:label1\" content=\"Arvioitu lukuaika\" \/>\n\t<meta name=\"twitter:data1\" content=\"1 minuutti\" \/>\n<script type=\"application\/ld+json\" class=\"yoast-schema-graph\">{\"@context\":\"https:\\\/\\\/schema.org\",\"@graph\":[{\"@type\":\"WebPage\",\"@id\":\"https:\\\/\\\/blogit.gradia.fi\\\/parasta_osaamista\\\/pa-svenska\\\/forvarvande-av-kunnande-i-arbetslivet\\\/\",\"url\":\"https:\\\/\\\/blogit.gradia.fi\\\/parasta_osaamista\\\/pa-svenska\\\/forvarvande-av-kunnande-i-arbetslivet\\\/\",\"name\":\"Arbetslivsn\u00e4ra f\u00f6rv\u00e4rvande av kunnande - Parasta osaamista\",\"isPartOf\":{\"@id\":\"https:\\\/\\\/blogit.gradia.fi\\\/parasta_osaamista\\\/#website\"},\"datePublished\":\"2019-01-16T07:47:48+00:00\",\"dateModified\":\"2019-10-22T09:21:28+00:00\",\"breadcrumb\":{\"@id\":\"https:\\\/\\\/blogit.gradia.fi\\\/parasta_osaamista\\\/pa-svenska\\\/forvarvande-av-kunnande-i-arbetslivet\\\/#breadcrumb\"},\"inLanguage\":\"fi\",\"potentialAction\":[{\"@type\":\"ReadAction\",\"target\":[\"https:\\\/\\\/blogit.gradia.fi\\\/parasta_osaamista\\\/pa-svenska\\\/forvarvande-av-kunnande-i-arbetslivet\\\/\"]}]},{\"@type\":\"BreadcrumbList\",\"@id\":\"https:\\\/\\\/blogit.gradia.fi\\\/parasta_osaamista\\\/pa-svenska\\\/forvarvande-av-kunnande-i-arbetslivet\\\/#breadcrumb\",\"itemListElement\":[{\"@type\":\"ListItem\",\"position\":1,\"name\":\"B\u00e4sta kunnande\",\"item\":\"https:\\\/\\\/blogit.gradia.fi\\\/parasta_osaamista\\\/pa-svenska\\\/\"},{\"@type\":\"ListItem\",\"position\":2,\"name\":\"Arbetslivsn\u00e4ra f\u00f6rv\u00e4rvande av kunnande\"}]},{\"@type\":\"WebSite\",\"@id\":\"https:\\\/\\\/blogit.gradia.fi\\\/parasta_osaamista\\\/#website\",\"url\":\"https:\\\/\\\/blogit.gradia.fi\\\/parasta_osaamista\\\/\",\"name\":\"Parasta osaamista\",\"description\":\"Parasta osaamista -verkostohanke\",\"publisher\":{\"@id\":\"https:\\\/\\\/blogit.gradia.fi\\\/parasta_osaamista\\\/#organization\"},\"potentialAction\":[{\"@type\":\"SearchAction\",\"target\":{\"@type\":\"EntryPoint\",\"urlTemplate\":\"https:\\\/\\\/blogit.gradia.fi\\\/parasta_osaamista\\\/?s={search_term_string}\"},\"query-input\":{\"@type\":\"PropertyValueSpecification\",\"valueRequired\":true,\"valueName\":\"search_term_string\"}}],\"inLanguage\":\"fi\"},{\"@type\":\"Organization\",\"@id\":\"https:\\\/\\\/blogit.gradia.fi\\\/parasta_osaamista\\\/#organization\",\"name\":\"Parasta osaamista -verkostohanke\",\"url\":\"https:\\\/\\\/blogit.gradia.fi\\\/parasta_osaamista\\\/\",\"logo\":{\"@type\":\"ImageObject\",\"inLanguage\":\"fi\",\"@id\":\"https:\\\/\\\/blogit.gradia.fi\\\/parasta_osaamista\\\/#\\\/schema\\\/logo\\\/image\\\/\",\"url\":\"https:\\\/\\\/blogit.gradia.fi\\\/parasta_osaamista\\\/wp-content\\\/uploads\\\/sites\\\/20\\\/2018\\\/02\\\/parasta_osaamista_logo.jpg\",\"contentUrl\":\"https:\\\/\\\/blogit.gradia.fi\\\/parasta_osaamista\\\/wp-content\\\/uploads\\\/sites\\\/20\\\/2018\\\/02\\\/parasta_osaamista_logo.jpg\",\"width\":344,\"height\":334,\"caption\":\"Parasta osaamista -verkostohanke\"},\"image\":{\"@id\":\"https:\\\/\\\/blogit.gradia.fi\\\/parasta_osaamista\\\/#\\\/schema\\\/logo\\\/image\\\/\"},\"sameAs\":[\"https:\\\/\\\/www.facebook.com\\\/POsaamista\\\/\",\"https:\\\/\\\/x.com\\\/Posaaja_\",\"https:\\\/\\\/www.instagram.com\\\/parastaosaamista\\\/\",\"https:\\\/\\\/www.youtube.com\\\/channel\\\/UC7hv9jw0R6lS_Fmz5L9TUPw\"]}]}<\/script>\n<!-- \/ Yoast SEO plugin. -->","yoast_head_json":{"title":"Arbetslivsn\u00e4ra f\u00f6rv\u00e4rvande av kunnande - Parasta osaamista","robots":{"index":"index","follow":"follow","max-snippet":"max-snippet:-1","max-image-preview":"max-image-preview:large","max-video-preview":"max-video-preview:-1"},"canonical":"https:\/\/blogit.gradia.fi\/parasta_osaamista\/pa-svenska\/forvarvande-av-kunnande-i-arbetslivet\/","og_locale":"fi_FI","og_type":"article","og_title":"Arbetslivsn\u00e4ra f\u00f6rv\u00e4rvande av kunnande - Parasta osaamista","og_description":"Parterna i\u00a0 B\u00e4sta kunnande-n\u00e4tverksprojektet har samarbetat med arbetsplatser f\u00f6r att l\u00e4rande i arbetslivet ska fungera smidigt f\u00f6r alla parter. Enligt den nya lagstiftningen f\u00f6r yrkesutbildningen ska samarbete med arbetslivet \u00f6ka. Med \u00f6kat samarbete skapas&#46;&#46;&#46;","og_url":"https:\/\/blogit.gradia.fi\/parasta_osaamista\/pa-svenska\/forvarvande-av-kunnande-i-arbetslivet\/","og_site_name":"Parasta osaamista","article_publisher":"https:\/\/www.facebook.com\/POsaamista\/","article_modified_time":"2019-10-22T09:21:28+00:00","twitter_card":"summary_large_image","twitter_site":"@Posaaja_","twitter_misc":{"Arvioitu lukuaika":"1 minuutti"},"schema":{"@context":"https:\/\/schema.org","@graph":[{"@type":"WebPage","@id":"https:\/\/blogit.gradia.fi\/parasta_osaamista\/pa-svenska\/forvarvande-av-kunnande-i-arbetslivet\/","url":"https:\/\/blogit.gradia.fi\/parasta_osaamista\/pa-svenska\/forvarvande-av-kunnande-i-arbetslivet\/","name":"Arbetslivsn\u00e4ra f\u00f6rv\u00e4rvande av kunnande - Parasta osaamista","isPartOf":{"@id":"https:\/\/blogit.gradia.fi\/parasta_osaamista\/#website"},"datePublished":"2019-01-16T07:47:48+00:00","dateModified":"2019-10-22T09:21:28+00:00","breadcrumb":{"@id":"https:\/\/blogit.gradia.fi\/parasta_osaamista\/pa-svenska\/forvarvande-av-kunnande-i-arbetslivet\/#breadcrumb"},"inLanguage":"fi","potentialAction":[{"@type":"ReadAction","target":["https:\/\/blogit.gradia.fi\/parasta_osaamista\/pa-svenska\/forvarvande-av-kunnande-i-arbetslivet\/"]}]},{"@type":"BreadcrumbList","@id":"https:\/\/blogit.gradia.fi\/parasta_osaamista\/pa-svenska\/forvarvande-av-kunnande-i-arbetslivet\/#breadcrumb","itemListElement":[{"@type":"ListItem","position":1,"name":"B\u00e4sta kunnande","item":"https:\/\/blogit.gradia.fi\/parasta_osaamista\/pa-svenska\/"},{"@type":"ListItem","position":2,"name":"Arbetslivsn\u00e4ra f\u00f6rv\u00e4rvande av kunnande"}]},{"@type":"WebSite","@id":"https:\/\/blogit.gradia.fi\/parasta_osaamista\/#website","url":"https:\/\/blogit.gradia.fi\/parasta_osaamista\/","name":"Parasta osaamista","description":"Parasta osaamista -verkostohanke","publisher":{"@id":"https:\/\/blogit.gradia.fi\/parasta_osaamista\/#organization"},"potentialAction":[{"@type":"SearchAction","target":{"@type":"EntryPoint","urlTemplate":"https:\/\/blogit.gradia.fi\/parasta_osaamista\/?s={search_term_string}"},"query-input":{"@type":"PropertyValueSpecification","valueRequired":true,"valueName":"search_term_string"}}],"inLanguage":"fi"},{"@type":"Organization","@id":"https:\/\/blogit.gradia.fi\/parasta_osaamista\/#organization","name":"Parasta osaamista -verkostohanke","url":"https:\/\/blogit.gradia.fi\/parasta_osaamista\/","logo":{"@type":"ImageObject","inLanguage":"fi","@id":"https:\/\/blogit.gradia.fi\/parasta_osaamista\/#\/schema\/logo\/image\/","url":"https:\/\/blogit.gradia.fi\/parasta_osaamista\/wp-content\/uploads\/sites\/20\/2018\/02\/parasta_osaamista_logo.jpg","contentUrl":"https:\/\/blogit.gradia.fi\/parasta_osaamista\/wp-content\/uploads\/sites\/20\/2018\/02\/parasta_osaamista_logo.jpg","width":344,"height":334,"caption":"Parasta osaamista -verkostohanke"},"image":{"@id":"https:\/\/blogit.gradia.fi\/parasta_osaamista\/#\/schema\/logo\/image\/"},"sameAs":["https:\/\/www.facebook.com\/POsaamista\/","https:\/\/x.com\/Posaaja_","https:\/\/www.instagram.com\/parastaosaamista\/","https:\/\/www.youtube.com\/channel\/UC7hv9jw0R6lS_Fmz5L9TUPw"]}]}},"uagb_featured_image_src":{"full":false,"thumbnail":false,"medium":false,"medium_large":false,"large":false,"1536x1536":false,"2048x2048":false,"thumb-small":false,"thumb-standard":false,"thumb-medium":false,"thumb-large":false,"thumb-xlarge":false,"thumb-xxlarge":false},"uagb_author_info":{"display_name":"Susanna Kanninen","author_link":"https:\/\/blogit.gradia.fi\/parasta_osaamista\/author\/kannisus\/"},"uagb_comment_info":0,"uagb_excerpt":"Parterna i\u00a0 B\u00e4sta kunnande-n\u00e4tverksprojektet har samarbetat med arbetsplatser f\u00f6r att l\u00e4rande i arbetslivet ska fungera smidigt f\u00f6r alla parter. Enligt den nya lagstiftningen f\u00f6r yrkesutbildningen ska samarbete med arbetslivet \u00f6ka. Med \u00f6kat samarbete skapas&#46;&#46;&#46;","_links":{"self":[{"href":"https:\/\/blogit.gradia.fi\/parasta_osaamista\/wp-json\/wp\/v2\/pages\/1426","targetHints":{"allow":["GET"]}}],"collection":[{"href":"https:\/\/blogit.gradia.fi\/parasta_osaamista\/wp-json\/wp\/v2\/pages"}],"about":[{"href":"https:\/\/blogit.gradia.fi\/parasta_osaamista\/wp-json\/wp\/v2\/types\/page"}],"author":[{"embeddable":true,"href":"https:\/\/blogit.gradia.fi\/parasta_osaamista\/wp-json\/wp\/v2\/users\/181"}],"replies":[{"embeddable":true,"href":"https:\/\/blogit.gradia.fi\/parasta_osaamista\/wp-json\/wp\/v2\/comments?post=1426"}],"version-history":[{"count":15,"href":"https:\/\/blogit.gradia.fi\/parasta_osaamista\/wp-json\/wp\/v2\/pages\/1426\/revisions"}],"predecessor-version":[{"id":3194,"href":"https:\/\/blogit.gradia.fi\/parasta_osaamista\/wp-json\/wp\/v2\/pages\/1426\/revisions\/3194"}],"up":[{"embeddable":true,"href":"https:\/\/blogit.gradia.fi\/parasta_osaamista\/wp-json\/wp\/v2\/pages\/366"}],"wp:attachment":[{"href":"https:\/\/blogit.gradia.fi\/parasta_osaamista\/wp-json\/wp\/v2\/media?parent=1426"}],"curies":[{"name":"wp","href":"https:\/\/api.w.org\/{rel}","templated":true}]}}