{"id":1361,"date":"2019-01-08T12:09:40","date_gmt":"2019-01-08T10:09:40","guid":{"rendered":"https:\/\/blogit.gradia.fi\/parasta_osaamista\/?page_id=1361"},"modified":"2020-10-21T09:50:51","modified_gmt":"2020-10-21T06:50:51","slug":"rohkesti-uudistumaan-tuotekuvasto","status":"publish","type":"page","link":"https:\/\/blogit.gradia.fi\/parasta_osaamista\/toimintamallit-ja-materiaalit\/rohkesti-uudistumaan-tuotekuvasto\/","title":{"rendered":"Rohkeasti uudistamaan tuotekuvasto"},"content":{"rendered":"<p>Rohkeasti Uudistamaan! &#8211;<a href=\"https:\/\/blogit.gradia.fi\/parasta_osaamista\/wp-content\/uploads\/sites\/20\/2020\/04\/Rohkeasti_uudistamaan_kuva.png\"><img loading=\"lazy\" decoding=\"async\" class=\"alignright  wp-image-3605\" src=\"https:\/\/blogit.gradia.fi\/parasta_osaamista\/wp-content\/uploads\/sites\/20\/2020\/04\/Rohkeasti_uudistamaan_kuva-150x150.png\" alt=\"\" width=\"347\" height=\"347\" srcset=\"https:\/\/blogit.gradia.fi\/parasta_osaamista\/wp-content\/uploads\/sites\/20\/2020\/04\/Rohkeasti_uudistamaan_kuva-150x150.png 150w, https:\/\/blogit.gradia.fi\/parasta_osaamista\/wp-content\/uploads\/sites\/20\/2020\/04\/Rohkeasti_uudistamaan_kuva-160x160.png 160w, https:\/\/blogit.gradia.fi\/parasta_osaamista\/wp-content\/uploads\/sites\/20\/2020\/04\/Rohkeasti_uudistamaan_kuva-320x320.png 320w\" sizes=\"auto, (max-width: 347px) 100vw, 347px\" \/><\/a>tuotekuvastoon on koottu kaikki verkostossa tuotetut materiaalit ja toimintamallit k\u00e4yt\u00e4nn\u00f6n tarpeisiin:<\/p>\n<ul>\n<li><a href=\"https:\/\/blogit.gradia.fi\/parasta_osaamista\/osaamisen-arviointioppaat\/\" target=\"_blank\" rel=\"noopener noreferrer\">Osaamisen arviointioppaat<\/a><\/li>\n<li><a href=\"https:\/\/blogit.gradia.fi\/parasta_osaamista\/tyoelamassa-oppimisen-muistilistat\/\" target=\"_blank\" rel=\"noopener noreferrer\">Ty\u00f6el\u00e4m\u00e4ss\u00e4 oppimisen muistilistat<\/a><\/li>\n<li><a href=\"https:\/\/blogit.gradia.fi\/parasta_osaamista\/toimintamallit-ja-materiaalit\/open-day-ja-open-partner\/\" target=\"_blank\" rel=\"noopener noreferrer\">Open Day ja Open Partner<\/a><\/li>\n<li><a href=\"https:\/\/blogit.gradia.fi\/parasta_osaamista\/toimintamallit-ja-materiaalit\/luotsiopet\/\" target=\"_blank\" rel=\"noopener noreferrer\">Luotsiopettaja<\/a><\/li>\n<li><a href=\"https:\/\/blogit.gradia.fi\/parasta_osaamista\/toimintamallit-ja-materiaalit\/digitaaliset-pedapolut\/\" target=\"_blank\" rel=\"noopener noreferrer\">Digitaaliset pedapolut<\/a><\/li>\n<li><a href=\"https:\/\/blogit.gradia.fi\/parasta_osaamista\/toimintamallit-ja-materiaalit\/perehdytys\/tyopaikkaohjaaja-perehdyttajana-info\/\" target=\"_blank\" rel=\"noopener noreferrer\">Ty\u00f6paikkaohjaajan perehdytys<\/a><\/li>\n<li><a href=\"https:\/\/blogit.gradia.fi\/parasta_osaamista\/toimintamallit-ja-materiaalit\/osallistavat-yhteistyomallit\/\" target=\"_blank\" rel=\"noopener noreferrer\">Osallistavat yhteisty\u00f6mallit<\/a><\/li>\n<li><a href=\"https:\/\/blogit.gradia.fi\/parasta_osaamista\/osaamisen-hankkiminen-tyoelamassa\/\">Ty\u00f6el\u00e4m\u00e4l\u00e4ht\u00f6inen osaamisen hankkiminen<\/a><\/li>\n<li><a href=\"https:\/\/rohkeastiuudistamaan.fi\/\">Rohkeasti uudistamaan osaamiskokonaisuus<\/a><\/li>\n<\/ul>\n<p><a href=\"https:\/\/blogit.gradia.fi\/parasta_osaamista\/wp-content\/uploads\/sites\/20\/2020\/06\/Rohkeasti-uudistamaan-tuotekuvasto.pdf\">Lataa tuotekuvasto T\u00c4ST\u00c4<\/a><\/p>\n\n\n<p><\/p>\n","protected":false},"excerpt":{"rendered":"<p>Rohkeasti Uudistamaan! &#8211;tuotekuvastoon on koottu kaikki verkostossa tuotetut materiaalit ja toimintamallit k\u00e4yt\u00e4nn\u00f6n tarpeisiin: Osaamisen arviointioppaat Ty\u00f6el\u00e4m\u00e4ss\u00e4 oppimisen muistilistat Open Day ja Open Partner Luotsiopettaja Digitaaliset pedapolut Ty\u00f6paikkaohjaajan perehdytys Osallistavat yhteisty\u00f6mallit Ty\u00f6el\u00e4m\u00e4l\u00e4ht\u00f6inen osaamisen hankkiminen Rohkeasti&#46;&#46;&#46;<\/p>\n","protected":false},"author":178,"featured_media":0,"parent":70,"menu_order":0,"comment_status":"closed","ping_status":"closed","template":"","meta":{"_uag_custom_page_level_css":"","footnotes":""},"class_list":["post-1361","page","type-page","status-publish","hentry"],"yoast_head":"<!-- This site is optimized with the Yoast SEO plugin v27.4 - https:\/\/yoast.com\/product\/yoast-seo-wordpress\/ -->\n<title>Rohkeasti uudistamaan tuotekuvasto - Parasta osaamista<\/title>\n<meta name=\"robots\" content=\"index, follow, max-snippet:-1, max-image-preview:large, max-video-preview:-1\" \/>\n<link rel=\"canonical\" href=\"https:\/\/blogit.gradia.fi\/parasta_osaamista\/toimintamallit-ja-materiaalit\/rohkesti-uudistumaan-tuotekuvasto\/\" \/>\n<meta property=\"og:locale\" content=\"fi_FI\" \/>\n<meta property=\"og:type\" content=\"article\" \/>\n<meta property=\"og:title\" content=\"Rohkeasti uudistamaan tuotekuvasto - Parasta osaamista\" \/>\n<meta property=\"og:description\" content=\"Rohkeasti Uudistamaan! &#8211;tuotekuvastoon on koottu kaikki verkostossa tuotetut materiaalit ja toimintamallit k\u00e4yt\u00e4nn\u00f6n tarpeisiin: Osaamisen arviointioppaat Ty\u00f6el\u00e4m\u00e4ss\u00e4 oppimisen muistilistat Open Day ja Open Partner Luotsiopettaja Digitaaliset pedapolut Ty\u00f6paikkaohjaajan perehdytys Osallistavat yhteisty\u00f6mallit Ty\u00f6el\u00e4m\u00e4l\u00e4ht\u00f6inen osaamisen hankkiminen Rohkeasti&#046;&#046;&#046;\" \/>\n<meta property=\"og:url\" content=\"https:\/\/blogit.gradia.fi\/parasta_osaamista\/toimintamallit-ja-materiaalit\/rohkesti-uudistumaan-tuotekuvasto\/\" \/>\n<meta property=\"og:site_name\" content=\"Parasta osaamista\" \/>\n<meta property=\"article:publisher\" content=\"https:\/\/www.facebook.com\/POsaamista\/\" \/>\n<meta property=\"article:modified_time\" content=\"2020-10-21T06:50:51+00:00\" \/>\n<meta property=\"og:image\" content=\"https:\/\/blogit.gradia.fi\/parasta_osaamista\/wp-content\/uploads\/sites\/20\/2020\/04\/Rohkeasti_uudistamaan_kuva-150x150.png\" \/>\n<meta name=\"twitter:card\" content=\"summary_large_image\" \/>\n<meta name=\"twitter:site\" content=\"@Posaaja_\" \/>\n<script type=\"application\/ld+json\" class=\"yoast-schema-graph\">{\"@context\":\"https:\\\/\\\/schema.org\",\"@graph\":[{\"@type\":\"WebPage\",\"@id\":\"https:\\\/\\\/blogit.gradia.fi\\\/parasta_osaamista\\\/toimintamallit-ja-materiaalit\\\/rohkesti-uudistumaan-tuotekuvasto\\\/\",\"url\":\"https:\\\/\\\/blogit.gradia.fi\\\/parasta_osaamista\\\/toimintamallit-ja-materiaalit\\\/rohkesti-uudistumaan-tuotekuvasto\\\/\",\"name\":\"Rohkeasti uudistamaan tuotekuvasto - Parasta osaamista\",\"isPartOf\":{\"@id\":\"https:\\\/\\\/blogit.gradia.fi\\\/parasta_osaamista\\\/#website\"},\"primaryImageOfPage\":{\"@id\":\"https:\\\/\\\/blogit.gradia.fi\\\/parasta_osaamista\\\/toimintamallit-ja-materiaalit\\\/rohkesti-uudistumaan-tuotekuvasto\\\/#primaryimage\"},\"image\":{\"@id\":\"https:\\\/\\\/blogit.gradia.fi\\\/parasta_osaamista\\\/toimintamallit-ja-materiaalit\\\/rohkesti-uudistumaan-tuotekuvasto\\\/#primaryimage\"},\"thumbnailUrl\":\"https:\\\/\\\/blogit.gradia.fi\\\/parasta_osaamista\\\/wp-content\\\/uploads\\\/sites\\\/20\\\/2020\\\/04\\\/Rohkeasti_uudistamaan_kuva-150x150.png\",\"datePublished\":\"2019-01-08T10:09:40+00:00\",\"dateModified\":\"2020-10-21T06:50:51+00:00\",\"breadcrumb\":{\"@id\":\"https:\\\/\\\/blogit.gradia.fi\\\/parasta_osaamista\\\/toimintamallit-ja-materiaalit\\\/rohkesti-uudistumaan-tuotekuvasto\\\/#breadcrumb\"},\"inLanguage\":\"fi\",\"potentialAction\":[{\"@type\":\"ReadAction\",\"target\":[\"https:\\\/\\\/blogit.gradia.fi\\\/parasta_osaamista\\\/toimintamallit-ja-materiaalit\\\/rohkesti-uudistumaan-tuotekuvasto\\\/\"]}]},{\"@type\":\"ImageObject\",\"inLanguage\":\"fi\",\"@id\":\"https:\\\/\\\/blogit.gradia.fi\\\/parasta_osaamista\\\/toimintamallit-ja-materiaalit\\\/rohkesti-uudistumaan-tuotekuvasto\\\/#primaryimage\",\"url\":\"https:\\\/\\\/blogit.gradia.fi\\\/parasta_osaamista\\\/wp-content\\\/uploads\\\/sites\\\/20\\\/2020\\\/04\\\/Rohkeasti_uudistamaan_kuva.png\",\"contentUrl\":\"https:\\\/\\\/blogit.gradia.fi\\\/parasta_osaamista\\\/wp-content\\\/uploads\\\/sites\\\/20\\\/2020\\\/04\\\/Rohkeasti_uudistamaan_kuva.png\",\"width\":1166,\"height\":827},{\"@type\":\"BreadcrumbList\",\"@id\":\"https:\\\/\\\/blogit.gradia.fi\\\/parasta_osaamista\\\/toimintamallit-ja-materiaalit\\\/rohkesti-uudistumaan-tuotekuvasto\\\/#breadcrumb\",\"itemListElement\":[{\"@type\":\"ListItem\",\"position\":1,\"name\":\"Toimintamallit ja materiaalit\",\"item\":\"https:\\\/\\\/blogit.gradia.fi\\\/parasta_osaamista\\\/toimintamallit-ja-materiaalit\\\/\"},{\"@type\":\"ListItem\",\"position\":2,\"name\":\"Rohkeasti uudistamaan tuotekuvasto\"}]},{\"@type\":\"WebSite\",\"@id\":\"https:\\\/\\\/blogit.gradia.fi\\\/parasta_osaamista\\\/#website\",\"url\":\"https:\\\/\\\/blogit.gradia.fi\\\/parasta_osaamista\\\/\",\"name\":\"Parasta osaamista\",\"description\":\"Parasta osaamista -verkostohanke\",\"publisher\":{\"@id\":\"https:\\\/\\\/blogit.gradia.fi\\\/parasta_osaamista\\\/#organization\"},\"potentialAction\":[{\"@type\":\"SearchAction\",\"target\":{\"@type\":\"EntryPoint\",\"urlTemplate\":\"https:\\\/\\\/blogit.gradia.fi\\\/parasta_osaamista\\\/?s={search_term_string}\"},\"query-input\":{\"@type\":\"PropertyValueSpecification\",\"valueRequired\":true,\"valueName\":\"search_term_string\"}}],\"inLanguage\":\"fi\"},{\"@type\":\"Organization\",\"@id\":\"https:\\\/\\\/blogit.gradia.fi\\\/parasta_osaamista\\\/#organization\",\"name\":\"Parasta osaamista -verkostohanke\",\"url\":\"https:\\\/\\\/blogit.gradia.fi\\\/parasta_osaamista\\\/\",\"logo\":{\"@type\":\"ImageObject\",\"inLanguage\":\"fi\",\"@id\":\"https:\\\/\\\/blogit.gradia.fi\\\/parasta_osaamista\\\/#\\\/schema\\\/logo\\\/image\\\/\",\"url\":\"https:\\\/\\\/blogit.gradia.fi\\\/parasta_osaamista\\\/wp-content\\\/uploads\\\/sites\\\/20\\\/2018\\\/02\\\/parasta_osaamista_logo.jpg\",\"contentUrl\":\"https:\\\/\\\/blogit.gradia.fi\\\/parasta_osaamista\\\/wp-content\\\/uploads\\\/sites\\\/20\\\/2018\\\/02\\\/parasta_osaamista_logo.jpg\",\"width\":344,\"height\":334,\"caption\":\"Parasta osaamista -verkostohanke\"},\"image\":{\"@id\":\"https:\\\/\\\/blogit.gradia.fi\\\/parasta_osaamista\\\/#\\\/schema\\\/logo\\\/image\\\/\"},\"sameAs\":[\"https:\\\/\\\/www.facebook.com\\\/POsaamista\\\/\",\"https:\\\/\\\/x.com\\\/Posaaja_\",\"https:\\\/\\\/www.instagram.com\\\/parastaosaamista\\\/\",\"https:\\\/\\\/www.youtube.com\\\/channel\\\/UC7hv9jw0R6lS_Fmz5L9TUPw\"]}]}<\/script>\n<!-- \/ Yoast SEO plugin. -->","yoast_head_json":{"title":"Rohkeasti uudistamaan tuotekuvasto - Parasta osaamista","robots":{"index":"index","follow":"follow","max-snippet":"max-snippet:-1","max-image-preview":"max-image-preview:large","max-video-preview":"max-video-preview:-1"},"canonical":"https:\/\/blogit.gradia.fi\/parasta_osaamista\/toimintamallit-ja-materiaalit\/rohkesti-uudistumaan-tuotekuvasto\/","og_locale":"fi_FI","og_type":"article","og_title":"Rohkeasti uudistamaan tuotekuvasto - Parasta osaamista","og_description":"Rohkeasti Uudistamaan! &#8211;tuotekuvastoon on koottu kaikki verkostossa tuotetut materiaalit ja toimintamallit k\u00e4yt\u00e4nn\u00f6n tarpeisiin: Osaamisen arviointioppaat Ty\u00f6el\u00e4m\u00e4ss\u00e4 oppimisen muistilistat Open Day ja Open Partner Luotsiopettaja Digitaaliset pedapolut Ty\u00f6paikkaohjaajan perehdytys Osallistavat yhteisty\u00f6mallit Ty\u00f6el\u00e4m\u00e4l\u00e4ht\u00f6inen osaamisen hankkiminen Rohkeasti&#46;&#46;&#46;","og_url":"https:\/\/blogit.gradia.fi\/parasta_osaamista\/toimintamallit-ja-materiaalit\/rohkesti-uudistumaan-tuotekuvasto\/","og_site_name":"Parasta osaamista","article_publisher":"https:\/\/www.facebook.com\/POsaamista\/","article_modified_time":"2020-10-21T06:50:51+00:00","og_image":[{"url":"https:\/\/blogit.gradia.fi\/parasta_osaamista\/wp-content\/uploads\/sites\/20\/2020\/04\/Rohkeasti_uudistamaan_kuva-150x150.png","type":"","width":"","height":""}],"twitter_card":"summary_large_image","twitter_site":"@Posaaja_","schema":{"@context":"https:\/\/schema.org","@graph":[{"@type":"WebPage","@id":"https:\/\/blogit.gradia.fi\/parasta_osaamista\/toimintamallit-ja-materiaalit\/rohkesti-uudistumaan-tuotekuvasto\/","url":"https:\/\/blogit.gradia.fi\/parasta_osaamista\/toimintamallit-ja-materiaalit\/rohkesti-uudistumaan-tuotekuvasto\/","name":"Rohkeasti uudistamaan tuotekuvasto - Parasta osaamista","isPartOf":{"@id":"https:\/\/blogit.gradia.fi\/parasta_osaamista\/#website"},"primaryImageOfPage":{"@id":"https:\/\/blogit.gradia.fi\/parasta_osaamista\/toimintamallit-ja-materiaalit\/rohkesti-uudistumaan-tuotekuvasto\/#primaryimage"},"image":{"@id":"https:\/\/blogit.gradia.fi\/parasta_osaamista\/toimintamallit-ja-materiaalit\/rohkesti-uudistumaan-tuotekuvasto\/#primaryimage"},"thumbnailUrl":"https:\/\/blogit.gradia.fi\/parasta_osaamista\/wp-content\/uploads\/sites\/20\/2020\/04\/Rohkeasti_uudistamaan_kuva-150x150.png","datePublished":"2019-01-08T10:09:40+00:00","dateModified":"2020-10-21T06:50:51+00:00","breadcrumb":{"@id":"https:\/\/blogit.gradia.fi\/parasta_osaamista\/toimintamallit-ja-materiaalit\/rohkesti-uudistumaan-tuotekuvasto\/#breadcrumb"},"inLanguage":"fi","potentialAction":[{"@type":"ReadAction","target":["https:\/\/blogit.gradia.fi\/parasta_osaamista\/toimintamallit-ja-materiaalit\/rohkesti-uudistumaan-tuotekuvasto\/"]}]},{"@type":"ImageObject","inLanguage":"fi","@id":"https:\/\/blogit.gradia.fi\/parasta_osaamista\/toimintamallit-ja-materiaalit\/rohkesti-uudistumaan-tuotekuvasto\/#primaryimage","url":"https:\/\/blogit.gradia.fi\/parasta_osaamista\/wp-content\/uploads\/sites\/20\/2020\/04\/Rohkeasti_uudistamaan_kuva.png","contentUrl":"https:\/\/blogit.gradia.fi\/parasta_osaamista\/wp-content\/uploads\/sites\/20\/2020\/04\/Rohkeasti_uudistamaan_kuva.png","width":1166,"height":827},{"@type":"BreadcrumbList","@id":"https:\/\/blogit.gradia.fi\/parasta_osaamista\/toimintamallit-ja-materiaalit\/rohkesti-uudistumaan-tuotekuvasto\/#breadcrumb","itemListElement":[{"@type":"ListItem","position":1,"name":"Toimintamallit ja materiaalit","item":"https:\/\/blogit.gradia.fi\/parasta_osaamista\/toimintamallit-ja-materiaalit\/"},{"@type":"ListItem","position":2,"name":"Rohkeasti uudistamaan tuotekuvasto"}]},{"@type":"WebSite","@id":"https:\/\/blogit.gradia.fi\/parasta_osaamista\/#website","url":"https:\/\/blogit.gradia.fi\/parasta_osaamista\/","name":"Parasta osaamista","description":"Parasta osaamista -verkostohanke","publisher":{"@id":"https:\/\/blogit.gradia.fi\/parasta_osaamista\/#organization"},"potentialAction":[{"@type":"SearchAction","target":{"@type":"EntryPoint","urlTemplate":"https:\/\/blogit.gradia.fi\/parasta_osaamista\/?s={search_term_string}"},"query-input":{"@type":"PropertyValueSpecification","valueRequired":true,"valueName":"search_term_string"}}],"inLanguage":"fi"},{"@type":"Organization","@id":"https:\/\/blogit.gradia.fi\/parasta_osaamista\/#organization","name":"Parasta osaamista -verkostohanke","url":"https:\/\/blogit.gradia.fi\/parasta_osaamista\/","logo":{"@type":"ImageObject","inLanguage":"fi","@id":"https:\/\/blogit.gradia.fi\/parasta_osaamista\/#\/schema\/logo\/image\/","url":"https:\/\/blogit.gradia.fi\/parasta_osaamista\/wp-content\/uploads\/sites\/20\/2018\/02\/parasta_osaamista_logo.jpg","contentUrl":"https:\/\/blogit.gradia.fi\/parasta_osaamista\/wp-content\/uploads\/sites\/20\/2018\/02\/parasta_osaamista_logo.jpg","width":344,"height":334,"caption":"Parasta osaamista -verkostohanke"},"image":{"@id":"https:\/\/blogit.gradia.fi\/parasta_osaamista\/#\/schema\/logo\/image\/"},"sameAs":["https:\/\/www.facebook.com\/POsaamista\/","https:\/\/x.com\/Posaaja_","https:\/\/www.instagram.com\/parastaosaamista\/","https:\/\/www.youtube.com\/channel\/UC7hv9jw0R6lS_Fmz5L9TUPw"]}]}},"uagb_featured_image_src":{"full":false,"thumbnail":false,"medium":false,"medium_large":false,"large":false,"1536x1536":false,"2048x2048":false,"thumb-small":false,"thumb-standard":false,"thumb-medium":false,"thumb-large":false,"thumb-xlarge":false,"thumb-xxlarge":false},"uagb_author_info":{"display_name":"Sami Ahonen","author_link":"https:\/\/blogit.gradia.fi\/parasta_osaamista\/author\/ahonesam\/"},"uagb_comment_info":0,"uagb_excerpt":"Rohkeasti Uudistamaan! &#8211;tuotekuvastoon on koottu kaikki verkostossa tuotetut materiaalit ja toimintamallit k\u00e4yt\u00e4nn\u00f6n tarpeisiin: Osaamisen arviointioppaat Ty\u00f6el\u00e4m\u00e4ss\u00e4 oppimisen muistilistat Open Day ja Open Partner Luotsiopettaja Digitaaliset pedapolut Ty\u00f6paikkaohjaajan perehdytys Osallistavat yhteisty\u00f6mallit Ty\u00f6el\u00e4m\u00e4l\u00e4ht\u00f6inen osaamisen hankkiminen Rohkeasti&#46;&#46;&#46;","_links":{"self":[{"href":"https:\/\/blogit.gradia.fi\/parasta_osaamista\/wp-json\/wp\/v2\/pages\/1361","targetHints":{"allow":["GET"]}}],"collection":[{"href":"https:\/\/blogit.gradia.fi\/parasta_osaamista\/wp-json\/wp\/v2\/pages"}],"about":[{"href":"https:\/\/blogit.gradia.fi\/parasta_osaamista\/wp-json\/wp\/v2\/types\/page"}],"author":[{"embeddable":true,"href":"https:\/\/blogit.gradia.fi\/parasta_osaamista\/wp-json\/wp\/v2\/users\/178"}],"replies":[{"embeddable":true,"href":"https:\/\/blogit.gradia.fi\/parasta_osaamista\/wp-json\/wp\/v2\/comments?post=1361"}],"version-history":[{"count":7,"href":"https:\/\/blogit.gradia.fi\/parasta_osaamista\/wp-json\/wp\/v2\/pages\/1361\/revisions"}],"predecessor-version":[{"id":3675,"href":"https:\/\/blogit.gradia.fi\/parasta_osaamista\/wp-json\/wp\/v2\/pages\/1361\/revisions\/3675"}],"up":[{"embeddable":true,"href":"https:\/\/blogit.gradia.fi\/parasta_osaamista\/wp-json\/wp\/v2\/pages\/70"}],"wp:attachment":[{"href":"https:\/\/blogit.gradia.fi\/parasta_osaamista\/wp-json\/wp\/v2\/media?parent=1361"}],"curies":[{"name":"wp","href":"https:\/\/api.w.org\/{rel}","templated":true}]}}