{"id":1268,"date":"2018-11-29T11:48:14","date_gmt":"2018-11-29T09:48:14","guid":{"rendered":"https:\/\/blogit.gradia.fi\/parasta_osaamista\/?page_id=1268"},"modified":"2019-04-16T08:57:46","modified_gmt":"2019-04-16T05:57:46","slug":"open-partner","status":"publish","type":"page","link":"https:\/\/blogit.gradia.fi\/parasta_osaamista\/toimintamallit-ja-materiaalit\/open-partner\/","title":{"rendered":"Open Partner"},"content":{"rendered":"<p>Open\u00a0Partner\u00a0-toimintamalli \u2013 Tervetuloa vierailulle oppilaitokseen!<\/p>\n<p>Ammatillisen koulutuksen\u00a0uudistuksen yhten\u00e4 tarkoituksena on lis\u00e4t\u00e4\u00a0ty\u00f6el\u00e4m\u00e4n ja oppilaitosten v\u00e4list\u00e4 yhteisty\u00f6t\u00e4. T\u00e4t\u00e4 tukee Open\u00a0Partner\u00a0-toimintamalli, jossa ty\u00f6el\u00e4m\u00e4n edustaja kutsutaan vierailemaan oppilaitokseen ja\u00a0tutustumaan oppilaitoksen arkeen sek\u00e4\u00a0siihen, miten omaa alaa nykyp\u00e4iv\u00e4n\u00e4 opiskelijoille opetetaan.<\/p>\n<p>Open\u00a0Partner\u00a0-toimintamallissa voidaan edet\u00e4 joko opiskelija- tai oppilaitosvetoisesti. Opiskelijalla on mahdollisuus kutsua esimerkiksi oma ty\u00f6paikkaohjaaja vierailulle\u00a0oppilaitokseen\u00a0tai vaihtoehtoisesti opettaja kutsuu ty\u00f6el\u00e4m\u00e4n yhteisty\u00f6kumppaneita\u00a0vierailemaan ja\u00a0tutustumaan tavalliseen opiskelup\u00e4iv\u00e4\u00e4n. Vierailun aikana ty\u00f6el\u00e4m\u00e4n edustajalla on\u00a0my\u00f6s\u00a0mahdollisuus esitell\u00e4 oman ty\u00f6paikkansa toimintaa. Open\u00a0Partner\u00a0-toimintamallin avulla voidaan avata uusia yhteisty\u00f6muotoja ja tuoda ty\u00f6paikat l\u00e4hemm\u00e4ksi opiskelijaa sek\u00e4\u00a0syvent\u00e4\u00e4 ty\u00f6el\u00e4m\u00e4n, oppilaitosten ja opiskelijoiden v\u00e4list\u00e4 yhteisty\u00f6t\u00e4.<\/p>\n<p>Tutustu lis\u00e4materiaaleihin:<\/p>\n<ul>\n<li><a href=\"https:\/\/blogit.gradia.fi\/parasta_osaamista\/wp-content\/uploads\/sites\/20\/2019\/04\/Open-Partner-saatesanat.pdf\" target=\"_blank\" rel=\"noopener noreferrer\">Open Partner &#8211; saatesanat<\/a><\/li>\n<li><a href=\"https:\/\/blogit.gradia.fi\/parasta_osaamista\/wp-content\/uploads\/sites\/20\/2019\/04\/Open-Day-Open-Partner-konsepti-ja-yto-integraatio.pdf\" target=\"_blank\" rel=\"noopener noreferrer\">Open Day Open Partner -konsepti ja yto-integraatio<\/a><\/li>\n<li><a href=\"https:\/\/blogit.gradia.fi\/parasta_osaamista\/wp-content\/uploads\/sites\/20\/2019\/04\/open-partner-opettaja-vierailun-aikana.pdf\" target=\"_blank\" rel=\"noopener noreferrer\">Opettaja vierailun aikana<\/a><\/li>\n<li><a href=\"https:\/\/blogit.gradia.fi\/parasta_osaamista\/wp-content\/uploads\/sites\/20\/2019\/04\/open-partner-opiskelija-vierailun-aikana.pdf\" target=\"_blank\" rel=\"noopener noreferrer\">Opiskelija vierailun aikana<\/a><\/li>\n<li><a href=\"https:\/\/blogit.gradia.fi\/parasta_osaamista\/wp-content\/uploads\/sites\/20\/2019\/04\/Kutsupohja_Open_Partner.pdf\" target=\"_blank\" rel=\"noopener noreferrer\">Kutsupohja<\/a><\/li>\n<li><a href=\"https:\/\/blogit.gradia.fi\/parasta_osaamista\/wp-content\/uploads\/sites\/20\/2019\/04\/Open-Partner_kyselypohja.pdf\" target=\"_blank\" rel=\"noopener noreferrer\">Kyselypohja<\/a><\/li>\n<\/ul>\n","protected":false},"excerpt":{"rendered":"<p>Open\u00a0Partner\u00a0-toimintamalli \u2013 Tervetuloa vierailulle oppilaitokseen! Ammatillisen koulutuksen\u00a0uudistuksen yhten\u00e4 tarkoituksena on lis\u00e4t\u00e4\u00a0ty\u00f6el\u00e4m\u00e4n ja oppilaitosten v\u00e4list\u00e4 yhteisty\u00f6t\u00e4. T\u00e4t\u00e4 tukee Open\u00a0Partner\u00a0-toimintamalli, jossa ty\u00f6el\u00e4m\u00e4n edustaja kutsutaan vierailemaan oppilaitokseen ja\u00a0tutustumaan oppilaitoksen arkeen sek\u00e4\u00a0siihen, miten omaa alaa nykyp\u00e4iv\u00e4n\u00e4 opiskelijoille opetetaan.&#46;&#46;&#46;<\/p>\n","protected":false},"author":178,"featured_media":0,"parent":70,"menu_order":0,"comment_status":"closed","ping_status":"closed","template":"","meta":{"_uag_custom_page_level_css":"","footnotes":""},"class_list":["post-1268","page","type-page","status-publish","hentry"],"yoast_head":"<!-- This site is optimized with the Yoast SEO plugin v27.4 - https:\/\/yoast.com\/product\/yoast-seo-wordpress\/ -->\n<title>Open Partner - Parasta osaamista<\/title>\n<meta name=\"robots\" content=\"index, follow, max-snippet:-1, max-image-preview:large, max-video-preview:-1\" \/>\n<link rel=\"canonical\" href=\"https:\/\/blogit.gradia.fi\/parasta_osaamista\/toimintamallit-ja-materiaalit\/open-partner\/\" \/>\n<meta property=\"og:locale\" content=\"fi_FI\" \/>\n<meta property=\"og:type\" content=\"article\" \/>\n<meta property=\"og:title\" content=\"Open Partner - Parasta osaamista\" \/>\n<meta property=\"og:description\" content=\"Open\u00a0Partner\u00a0-toimintamalli \u2013 Tervetuloa vierailulle oppilaitokseen! Ammatillisen koulutuksen\u00a0uudistuksen yhten\u00e4 tarkoituksena on lis\u00e4t\u00e4\u00a0ty\u00f6el\u00e4m\u00e4n ja oppilaitosten v\u00e4list\u00e4 yhteisty\u00f6t\u00e4. T\u00e4t\u00e4 tukee Open\u00a0Partner\u00a0-toimintamalli, jossa ty\u00f6el\u00e4m\u00e4n edustaja kutsutaan vierailemaan oppilaitokseen ja\u00a0tutustumaan oppilaitoksen arkeen sek\u00e4\u00a0siihen, miten omaa alaa nykyp\u00e4iv\u00e4n\u00e4 opiskelijoille opetetaan.&#046;&#046;&#046;\" \/>\n<meta property=\"og:url\" content=\"https:\/\/blogit.gradia.fi\/parasta_osaamista\/toimintamallit-ja-materiaalit\/open-partner\/\" \/>\n<meta property=\"og:site_name\" content=\"Parasta osaamista\" \/>\n<meta property=\"article:publisher\" content=\"https:\/\/www.facebook.com\/POsaamista\/\" \/>\n<meta property=\"article:modified_time\" content=\"2019-04-16T05:57:46+00:00\" \/>\n<meta name=\"twitter:card\" content=\"summary_large_image\" \/>\n<meta name=\"twitter:site\" content=\"@Posaaja_\" \/>\n<meta name=\"twitter:label1\" content=\"Arvioitu lukuaika\" \/>\n\t<meta name=\"twitter:data1\" content=\"1 minuutti\" \/>\n<script type=\"application\/ld+json\" class=\"yoast-schema-graph\">{\"@context\":\"https:\\\/\\\/schema.org\",\"@graph\":[{\"@type\":\"WebPage\",\"@id\":\"https:\\\/\\\/blogit.gradia.fi\\\/parasta_osaamista\\\/toimintamallit-ja-materiaalit\\\/open-partner\\\/\",\"url\":\"https:\\\/\\\/blogit.gradia.fi\\\/parasta_osaamista\\\/toimintamallit-ja-materiaalit\\\/open-partner\\\/\",\"name\":\"Open Partner - Parasta osaamista\",\"isPartOf\":{\"@id\":\"https:\\\/\\\/blogit.gradia.fi\\\/parasta_osaamista\\\/#website\"},\"datePublished\":\"2018-11-29T09:48:14+00:00\",\"dateModified\":\"2019-04-16T05:57:46+00:00\",\"breadcrumb\":{\"@id\":\"https:\\\/\\\/blogit.gradia.fi\\\/parasta_osaamista\\\/toimintamallit-ja-materiaalit\\\/open-partner\\\/#breadcrumb\"},\"inLanguage\":\"fi\",\"potentialAction\":[{\"@type\":\"ReadAction\",\"target\":[\"https:\\\/\\\/blogit.gradia.fi\\\/parasta_osaamista\\\/toimintamallit-ja-materiaalit\\\/open-partner\\\/\"]}]},{\"@type\":\"BreadcrumbList\",\"@id\":\"https:\\\/\\\/blogit.gradia.fi\\\/parasta_osaamista\\\/toimintamallit-ja-materiaalit\\\/open-partner\\\/#breadcrumb\",\"itemListElement\":[{\"@type\":\"ListItem\",\"position\":1,\"name\":\"Toimintamallit ja materiaalit\",\"item\":\"https:\\\/\\\/blogit.gradia.fi\\\/parasta_osaamista\\\/toimintamallit-ja-materiaalit\\\/\"},{\"@type\":\"ListItem\",\"position\":2,\"name\":\"Open Partner\"}]},{\"@type\":\"WebSite\",\"@id\":\"https:\\\/\\\/blogit.gradia.fi\\\/parasta_osaamista\\\/#website\",\"url\":\"https:\\\/\\\/blogit.gradia.fi\\\/parasta_osaamista\\\/\",\"name\":\"Parasta osaamista\",\"description\":\"Parasta osaamista -verkostohanke\",\"publisher\":{\"@id\":\"https:\\\/\\\/blogit.gradia.fi\\\/parasta_osaamista\\\/#organization\"},\"potentialAction\":[{\"@type\":\"SearchAction\",\"target\":{\"@type\":\"EntryPoint\",\"urlTemplate\":\"https:\\\/\\\/blogit.gradia.fi\\\/parasta_osaamista\\\/?s={search_term_string}\"},\"query-input\":{\"@type\":\"PropertyValueSpecification\",\"valueRequired\":true,\"valueName\":\"search_term_string\"}}],\"inLanguage\":\"fi\"},{\"@type\":\"Organization\",\"@id\":\"https:\\\/\\\/blogit.gradia.fi\\\/parasta_osaamista\\\/#organization\",\"name\":\"Parasta osaamista -verkostohanke\",\"url\":\"https:\\\/\\\/blogit.gradia.fi\\\/parasta_osaamista\\\/\",\"logo\":{\"@type\":\"ImageObject\",\"inLanguage\":\"fi\",\"@id\":\"https:\\\/\\\/blogit.gradia.fi\\\/parasta_osaamista\\\/#\\\/schema\\\/logo\\\/image\\\/\",\"url\":\"https:\\\/\\\/blogit.gradia.fi\\\/parasta_osaamista\\\/wp-content\\\/uploads\\\/sites\\\/20\\\/2018\\\/02\\\/parasta_osaamista_logo.jpg\",\"contentUrl\":\"https:\\\/\\\/blogit.gradia.fi\\\/parasta_osaamista\\\/wp-content\\\/uploads\\\/sites\\\/20\\\/2018\\\/02\\\/parasta_osaamista_logo.jpg\",\"width\":344,\"height\":334,\"caption\":\"Parasta osaamista -verkostohanke\"},\"image\":{\"@id\":\"https:\\\/\\\/blogit.gradia.fi\\\/parasta_osaamista\\\/#\\\/schema\\\/logo\\\/image\\\/\"},\"sameAs\":[\"https:\\\/\\\/www.facebook.com\\\/POsaamista\\\/\",\"https:\\\/\\\/x.com\\\/Posaaja_\",\"https:\\\/\\\/www.instagram.com\\\/parastaosaamista\\\/\",\"https:\\\/\\\/www.youtube.com\\\/channel\\\/UC7hv9jw0R6lS_Fmz5L9TUPw\"]}]}<\/script>\n<!-- \/ Yoast SEO plugin. -->","yoast_head_json":{"title":"Open Partner - Parasta osaamista","robots":{"index":"index","follow":"follow","max-snippet":"max-snippet:-1","max-image-preview":"max-image-preview:large","max-video-preview":"max-video-preview:-1"},"canonical":"https:\/\/blogit.gradia.fi\/parasta_osaamista\/toimintamallit-ja-materiaalit\/open-partner\/","og_locale":"fi_FI","og_type":"article","og_title":"Open Partner - Parasta osaamista","og_description":"Open\u00a0Partner\u00a0-toimintamalli \u2013 Tervetuloa vierailulle oppilaitokseen! Ammatillisen koulutuksen\u00a0uudistuksen yhten\u00e4 tarkoituksena on lis\u00e4t\u00e4\u00a0ty\u00f6el\u00e4m\u00e4n ja oppilaitosten v\u00e4list\u00e4 yhteisty\u00f6t\u00e4. T\u00e4t\u00e4 tukee Open\u00a0Partner\u00a0-toimintamalli, jossa ty\u00f6el\u00e4m\u00e4n edustaja kutsutaan vierailemaan oppilaitokseen ja\u00a0tutustumaan oppilaitoksen arkeen sek\u00e4\u00a0siihen, miten omaa alaa nykyp\u00e4iv\u00e4n\u00e4 opiskelijoille opetetaan.&#46;&#46;&#46;","og_url":"https:\/\/blogit.gradia.fi\/parasta_osaamista\/toimintamallit-ja-materiaalit\/open-partner\/","og_site_name":"Parasta osaamista","article_publisher":"https:\/\/www.facebook.com\/POsaamista\/","article_modified_time":"2019-04-16T05:57:46+00:00","twitter_card":"summary_large_image","twitter_site":"@Posaaja_","twitter_misc":{"Arvioitu lukuaika":"1 minuutti"},"schema":{"@context":"https:\/\/schema.org","@graph":[{"@type":"WebPage","@id":"https:\/\/blogit.gradia.fi\/parasta_osaamista\/toimintamallit-ja-materiaalit\/open-partner\/","url":"https:\/\/blogit.gradia.fi\/parasta_osaamista\/toimintamallit-ja-materiaalit\/open-partner\/","name":"Open Partner - Parasta osaamista","isPartOf":{"@id":"https:\/\/blogit.gradia.fi\/parasta_osaamista\/#website"},"datePublished":"2018-11-29T09:48:14+00:00","dateModified":"2019-04-16T05:57:46+00:00","breadcrumb":{"@id":"https:\/\/blogit.gradia.fi\/parasta_osaamista\/toimintamallit-ja-materiaalit\/open-partner\/#breadcrumb"},"inLanguage":"fi","potentialAction":[{"@type":"ReadAction","target":["https:\/\/blogit.gradia.fi\/parasta_osaamista\/toimintamallit-ja-materiaalit\/open-partner\/"]}]},{"@type":"BreadcrumbList","@id":"https:\/\/blogit.gradia.fi\/parasta_osaamista\/toimintamallit-ja-materiaalit\/open-partner\/#breadcrumb","itemListElement":[{"@type":"ListItem","position":1,"name":"Toimintamallit ja materiaalit","item":"https:\/\/blogit.gradia.fi\/parasta_osaamista\/toimintamallit-ja-materiaalit\/"},{"@type":"ListItem","position":2,"name":"Open Partner"}]},{"@type":"WebSite","@id":"https:\/\/blogit.gradia.fi\/parasta_osaamista\/#website","url":"https:\/\/blogit.gradia.fi\/parasta_osaamista\/","name":"Parasta osaamista","description":"Parasta osaamista -verkostohanke","publisher":{"@id":"https:\/\/blogit.gradia.fi\/parasta_osaamista\/#organization"},"potentialAction":[{"@type":"SearchAction","target":{"@type":"EntryPoint","urlTemplate":"https:\/\/blogit.gradia.fi\/parasta_osaamista\/?s={search_term_string}"},"query-input":{"@type":"PropertyValueSpecification","valueRequired":true,"valueName":"search_term_string"}}],"inLanguage":"fi"},{"@type":"Organization","@id":"https:\/\/blogit.gradia.fi\/parasta_osaamista\/#organization","name":"Parasta osaamista -verkostohanke","url":"https:\/\/blogit.gradia.fi\/parasta_osaamista\/","logo":{"@type":"ImageObject","inLanguage":"fi","@id":"https:\/\/blogit.gradia.fi\/parasta_osaamista\/#\/schema\/logo\/image\/","url":"https:\/\/blogit.gradia.fi\/parasta_osaamista\/wp-content\/uploads\/sites\/20\/2018\/02\/parasta_osaamista_logo.jpg","contentUrl":"https:\/\/blogit.gradia.fi\/parasta_osaamista\/wp-content\/uploads\/sites\/20\/2018\/02\/parasta_osaamista_logo.jpg","width":344,"height":334,"caption":"Parasta osaamista -verkostohanke"},"image":{"@id":"https:\/\/blogit.gradia.fi\/parasta_osaamista\/#\/schema\/logo\/image\/"},"sameAs":["https:\/\/www.facebook.com\/POsaamista\/","https:\/\/x.com\/Posaaja_","https:\/\/www.instagram.com\/parastaosaamista\/","https:\/\/www.youtube.com\/channel\/UC7hv9jw0R6lS_Fmz5L9TUPw"]}]}},"uagb_featured_image_src":{"full":false,"thumbnail":false,"medium":false,"medium_large":false,"large":false,"1536x1536":false,"2048x2048":false,"thumb-small":false,"thumb-standard":false,"thumb-medium":false,"thumb-large":false,"thumb-xlarge":false,"thumb-xxlarge":false},"uagb_author_info":{"display_name":"Sami Ahonen","author_link":"https:\/\/blogit.gradia.fi\/parasta_osaamista\/author\/ahonesam\/"},"uagb_comment_info":0,"uagb_excerpt":"Open\u00a0Partner\u00a0-toimintamalli \u2013 Tervetuloa vierailulle oppilaitokseen! Ammatillisen koulutuksen\u00a0uudistuksen yhten\u00e4 tarkoituksena on lis\u00e4t\u00e4\u00a0ty\u00f6el\u00e4m\u00e4n ja oppilaitosten v\u00e4list\u00e4 yhteisty\u00f6t\u00e4. T\u00e4t\u00e4 tukee Open\u00a0Partner\u00a0-toimintamalli, jossa ty\u00f6el\u00e4m\u00e4n edustaja kutsutaan vierailemaan oppilaitokseen ja\u00a0tutustumaan oppilaitoksen arkeen sek\u00e4\u00a0siihen, miten omaa alaa nykyp\u00e4iv\u00e4n\u00e4 opiskelijoille opetetaan.&#46;&#46;&#46;","_links":{"self":[{"href":"https:\/\/blogit.gradia.fi\/parasta_osaamista\/wp-json\/wp\/v2\/pages\/1268","targetHints":{"allow":["GET"]}}],"collection":[{"href":"https:\/\/blogit.gradia.fi\/parasta_osaamista\/wp-json\/wp\/v2\/pages"}],"about":[{"href":"https:\/\/blogit.gradia.fi\/parasta_osaamista\/wp-json\/wp\/v2\/types\/page"}],"author":[{"embeddable":true,"href":"https:\/\/blogit.gradia.fi\/parasta_osaamista\/wp-json\/wp\/v2\/users\/178"}],"replies":[{"embeddable":true,"href":"https:\/\/blogit.gradia.fi\/parasta_osaamista\/wp-json\/wp\/v2\/comments?post=1268"}],"version-history":[{"count":2,"href":"https:\/\/blogit.gradia.fi\/parasta_osaamista\/wp-json\/wp\/v2\/pages\/1268\/revisions"}],"predecessor-version":[{"id":2568,"href":"https:\/\/blogit.gradia.fi\/parasta_osaamista\/wp-json\/wp\/v2\/pages\/1268\/revisions\/2568"}],"up":[{"embeddable":true,"href":"https:\/\/blogit.gradia.fi\/parasta_osaamista\/wp-json\/wp\/v2\/pages\/70"}],"wp:attachment":[{"href":"https:\/\/blogit.gradia.fi\/parasta_osaamista\/wp-json\/wp\/v2\/media?parent=1268"}],"curies":[{"name":"wp","href":"https:\/\/api.w.org\/{rel}","templated":true}]}}