{"id":1264,"date":"2018-11-29T11:43:28","date_gmt":"2018-11-29T09:43:28","guid":{"rendered":"https:\/\/blogit.gradia.fi\/parasta_osaamista\/?page_id=1264"},"modified":"2019-05-03T12:42:30","modified_gmt":"2019-05-03T09:42:30","slug":"open-day-ja-open-partner","status":"publish","type":"page","link":"https:\/\/blogit.gradia.fi\/parasta_osaamista\/toimintamallit-ja-materiaalit\/open-day-ja-open-partner\/","title":{"rendered":"Open Day ja Open Partner"},"content":{"rendered":"<p><strong>Open Day \u2013toimintamalli &#8211; kohti tiiviimp\u00e4\u00e4 ty\u00f6el\u00e4m\u00e4yhteisty\u00f6t\u00e4<\/strong><\/p>\n<p>Ammatillisen koulutuksen uudistuksen yhten\u00e4 tarkoituksena on lis\u00e4t\u00e4 ty\u00f6el\u00e4m\u00e4n ja oppilaitosten v\u00e4list\u00e4 yhteisty\u00f6t\u00e4. T\u00e4t\u00e4 tukee Open Day -toimintamalli, jossa opettajat jalkautuvat yhden p\u00e4iv\u00e4n ajaksi vierailemaan ty\u00f6paikkoihin ja kertomaan ammatillisen koulutuksen uudistuksista sek\u00e4 laajentamaan yhteisty\u00f6n mahdollisuuksia.<\/p>\n<p>Open Day -toimintamallissa edet\u00e4\u00e4n suunnitellusti sovittujen ohjeiden mukaisesti. Vierailuista saadut tiedot ker\u00e4t\u00e4\u00e4n jatkotoimenpiteit\u00e4 varten. Vierailuista saadun palautteen avulla saadaan tietoa ty\u00f6el\u00e4m\u00e4n tarpeista ja arvokasta palautetta siit\u00e4, mihin suuntaan ammatillista koulutusta pit\u00e4isi kehitt\u00e4\u00e4. Lis\u00e4ksi henkil\u00f6suhteiden avulla lis\u00e4t\u00e4\u00e4n ty\u00f6el\u00e4m\u00e4n ja oppilaitosten v\u00e4list\u00e4 yhteisty\u00f6t\u00e4 ja helpotetaan molemminpuolista yhteydenpitoa. Open Day on hyv\u00e4 syy ottaa yhteytt\u00e4 my\u00f6s uusiin ty\u00f6paikkoihin, joilla ei ole aikaisempaa kokemusta esimerkiksi ty\u00f6el\u00e4m\u00e4ss\u00e4 oppimisesta tai muusta oppilaitosyhteisty\u00f6st\u00e4.<\/p>\n<p>Open Day -toimintamalli etenee n\u00e4in:<\/p>\n<p><a href=\"https:\/\/blogit.gradia.fi\/parasta_osaamista\/wp-content\/uploads\/sites\/20\/2019\/05\/nuolikuvio-1.png\"><img loading=\"lazy\" decoding=\"async\" class=\"alignnone wp-image-2637 size-full\" src=\"https:\/\/blogit.gradia.fi\/parasta_osaamista\/wp-content\/uploads\/sites\/20\/2019\/05\/nuolikuvio-1.png\" alt=\"\" width=\"1013\" height=\"534\" \/><\/a><\/p>\n<p><a href=\"https:\/\/blogit.gradia.fi\/parasta_osaamista\/toimintamallit-ja-materiaalit\/open-day-vierailut\/\" target=\"_blank\" rel=\"noopener noreferrer\"><span class=\"TextRun SCXW2332437\" lang=\"FI-FI\" xml:lang=\"FI-FI\"><span class=\"NormalTextRun SCXW2332437\">Tutustu lis\u00e4materiaaleihin!<\/span><\/span><span class=\"TextRun SCXW2332437\" lang=\"FI-FI\" xml:lang=\"FI-FI\"><span class=\"NormalTextRun SCXW2332437\">\u00a0<\/span><\/span><\/a><\/p>\n<p><strong>Open\u00a0Partner\u00a0-toimintamalli \u2013 Tervetuloa vierailulle oppilaitokseen!\u00a0<\/strong><\/p>\n<p>Ammatillisen koulutuksen\u00a0uudistuksen yhten\u00e4 tarkoituksena on lis\u00e4t\u00e4\u00a0ty\u00f6el\u00e4m\u00e4n ja oppilaitosten v\u00e4list\u00e4 yhteisty\u00f6t\u00e4. T\u00e4t\u00e4 tukee Open\u00a0Partner\u00a0-toimintamalli, jossa ty\u00f6el\u00e4m\u00e4n edustaja kutsutaan vierailemaan oppilaitokseen ja\u00a0tutustumaan oppilaitoksen arkeen sek\u00e4\u00a0siihen, miten omaa alaa nykyp\u00e4iv\u00e4n\u00e4 opiskelijoille opetetaan.<\/p>\n<p>Open\u00a0Partner\u00a0-toimintamallissa voidaan edet\u00e4 joko opiskelija- tai oppilaitosvetoisesti. Opiskelijalla on mahdollisuus kutsua esimerkiksi oma ty\u00f6paikkaohjaaja vierailulle\u00a0oppilaitokseen\u00a0tai vaihtoehtoisesti opettaja kutsuu ty\u00f6el\u00e4m\u00e4n yhteisty\u00f6kumppaneita\u00a0vierailemaan ja\u00a0tutustumaan tavalliseen opiskelup\u00e4iv\u00e4\u00e4n. Vierailun aikana ty\u00f6el\u00e4m\u00e4n edustajalla on\u00a0my\u00f6s\u00a0mahdollisuus esitell\u00e4 oman ty\u00f6paikkansa toimintaa. Open\u00a0Partner\u00a0-toimintamallin avulla voidaan avata uusia yhteisty\u00f6muotoja ja tuoda ty\u00f6paikat l\u00e4hemm\u00e4ksi opiskelijaa sek\u00e4\u00a0syvent\u00e4\u00e4 ty\u00f6el\u00e4m\u00e4n, oppilaitosten ja opiskelijoiden v\u00e4list\u00e4 yhteisty\u00f6t\u00e4.<\/p>\n<p>Tutustu lis\u00e4materiaaleihin:<\/p>\n<ul>\n<li><a href=\"https:\/\/blogit.gradia.fi\/parasta_osaamista\/wp-content\/uploads\/sites\/20\/2019\/04\/Open-Partner-saatesanat.pdf\" target=\"_blank\" rel=\"noopener noreferrer\">Open Partner &#8211; saatesanat<\/a><\/li>\n<li><a href=\"https:\/\/blogit.gradia.fi\/parasta_osaamista\/wp-content\/uploads\/sites\/20\/2019\/04\/Open-Day-Open-Partner-konsepti-ja-yto-integraatio.pdf\" target=\"_blank\" rel=\"noopener noreferrer\">Open Day Open Partner -konsepti ja yto-integraatio<\/a><\/li>\n<li><a href=\"https:\/\/blogit.gradia.fi\/parasta_osaamista\/wp-content\/uploads\/sites\/20\/2019\/04\/open-partner-opettaja-vierailun-aikana.pdf\" target=\"_blank\" rel=\"noopener noreferrer\">Opettaja vierailun aikana<\/a><\/li>\n<li><a href=\"https:\/\/blogit.gradia.fi\/parasta_osaamista\/wp-content\/uploads\/sites\/20\/2019\/04\/open-partner-opiskelija-vierailun-aikana.pdf\" target=\"_blank\" rel=\"noopener noreferrer\">Opiskelija vierailun aikana<\/a><\/li>\n<li><a href=\"https:\/\/blogit.gradia.fi\/parasta_osaamista\/wp-content\/uploads\/sites\/20\/2019\/04\/Kutsupohja_Open_Partner.pdf\" target=\"_blank\" rel=\"noopener noreferrer\">Kutsupohja<\/a><\/li>\n<li><a href=\"https:\/\/blogit.gradia.fi\/parasta_osaamista\/wp-content\/uploads\/sites\/20\/2019\/04\/Open-Partner_kyselypohja.pdf\" target=\"_blank\" rel=\"noopener noreferrer\">Kyselypohja<\/a><\/li>\n<\/ul>\n","protected":false},"excerpt":{"rendered":"<p>Open Day \u2013toimintamalli &#8211; kohti tiiviimp\u00e4\u00e4 ty\u00f6el\u00e4m\u00e4yhteisty\u00f6t\u00e4 Ammatillisen koulutuksen uudistuksen yhten\u00e4 tarkoituksena on lis\u00e4t\u00e4 ty\u00f6el\u00e4m\u00e4n ja oppilaitosten v\u00e4list\u00e4 yhteisty\u00f6t\u00e4. T\u00e4t\u00e4 tukee Open Day -toimintamalli, jossa opettajat jalkautuvat yhden p\u00e4iv\u00e4n ajaksi vierailemaan ty\u00f6paikkoihin ja kertomaan&#46;&#46;&#46;<\/p>\n","protected":false},"author":178,"featured_media":0,"parent":70,"menu_order":0,"comment_status":"closed","ping_status":"closed","template":"","meta":{"_uag_custom_page_level_css":"","footnotes":""},"class_list":["post-1264","page","type-page","status-publish","hentry"],"yoast_head":"<!-- This site is optimized with the Yoast SEO plugin v27.4 - https:\/\/yoast.com\/product\/yoast-seo-wordpress\/ -->\n<title>Open Day ja Open Partner - Parasta osaamista<\/title>\n<meta name=\"robots\" content=\"index, follow, max-snippet:-1, max-image-preview:large, max-video-preview:-1\" \/>\n<link rel=\"canonical\" href=\"https:\/\/blogit.gradia.fi\/parasta_osaamista\/toimintamallit-ja-materiaalit\/open-day-ja-open-partner\/\" \/>\n<meta property=\"og:locale\" content=\"fi_FI\" \/>\n<meta property=\"og:type\" content=\"article\" \/>\n<meta property=\"og:title\" content=\"Open Day ja Open Partner - Parasta osaamista\" \/>\n<meta property=\"og:description\" content=\"Open Day \u2013toimintamalli &#8211; kohti tiiviimp\u00e4\u00e4 ty\u00f6el\u00e4m\u00e4yhteisty\u00f6t\u00e4 Ammatillisen koulutuksen uudistuksen yhten\u00e4 tarkoituksena on lis\u00e4t\u00e4 ty\u00f6el\u00e4m\u00e4n ja oppilaitosten v\u00e4list\u00e4 yhteisty\u00f6t\u00e4. T\u00e4t\u00e4 tukee Open Day -toimintamalli, jossa opettajat jalkautuvat yhden p\u00e4iv\u00e4n ajaksi vierailemaan ty\u00f6paikkoihin ja kertomaan&#046;&#046;&#046;\" \/>\n<meta property=\"og:url\" content=\"https:\/\/blogit.gradia.fi\/parasta_osaamista\/toimintamallit-ja-materiaalit\/open-day-ja-open-partner\/\" \/>\n<meta property=\"og:site_name\" content=\"Parasta osaamista\" \/>\n<meta property=\"article:publisher\" content=\"https:\/\/www.facebook.com\/POsaamista\/\" \/>\n<meta property=\"article:modified_time\" content=\"2019-05-03T09:42:30+00:00\" \/>\n<meta property=\"og:image\" content=\"https:\/\/blogit.gradia.fi\/parasta_osaamista\/wp-content\/uploads\/sites\/20\/2019\/05\/nuolikuvio-1.png\" \/>\n\t<meta property=\"og:image:width\" content=\"1013\" \/>\n\t<meta property=\"og:image:height\" content=\"534\" \/>\n\t<meta property=\"og:image:type\" content=\"image\/png\" \/>\n<meta name=\"twitter:card\" content=\"summary_large_image\" \/>\n<meta name=\"twitter:site\" content=\"@Posaaja_\" \/>\n<meta name=\"twitter:label1\" content=\"Arvioitu lukuaika\" \/>\n\t<meta name=\"twitter:data1\" content=\"2 minuuttia\" \/>\n<script type=\"application\/ld+json\" class=\"yoast-schema-graph\">{\"@context\":\"https:\\\/\\\/schema.org\",\"@graph\":[{\"@type\":\"WebPage\",\"@id\":\"https:\\\/\\\/blogit.gradia.fi\\\/parasta_osaamista\\\/toimintamallit-ja-materiaalit\\\/open-day-ja-open-partner\\\/\",\"url\":\"https:\\\/\\\/blogit.gradia.fi\\\/parasta_osaamista\\\/toimintamallit-ja-materiaalit\\\/open-day-ja-open-partner\\\/\",\"name\":\"Open Day ja Open Partner - Parasta osaamista\",\"isPartOf\":{\"@id\":\"https:\\\/\\\/blogit.gradia.fi\\\/parasta_osaamista\\\/#website\"},\"primaryImageOfPage\":{\"@id\":\"https:\\\/\\\/blogit.gradia.fi\\\/parasta_osaamista\\\/toimintamallit-ja-materiaalit\\\/open-day-ja-open-partner\\\/#primaryimage\"},\"image\":{\"@id\":\"https:\\\/\\\/blogit.gradia.fi\\\/parasta_osaamista\\\/toimintamallit-ja-materiaalit\\\/open-day-ja-open-partner\\\/#primaryimage\"},\"thumbnailUrl\":\"https:\\\/\\\/blogit.gradia.fi\\\/parasta_osaamista\\\/wp-content\\\/uploads\\\/sites\\\/20\\\/2019\\\/05\\\/nuolikuvio-1.png\",\"datePublished\":\"2018-11-29T09:43:28+00:00\",\"dateModified\":\"2019-05-03T09:42:30+00:00\",\"breadcrumb\":{\"@id\":\"https:\\\/\\\/blogit.gradia.fi\\\/parasta_osaamista\\\/toimintamallit-ja-materiaalit\\\/open-day-ja-open-partner\\\/#breadcrumb\"},\"inLanguage\":\"fi\",\"potentialAction\":[{\"@type\":\"ReadAction\",\"target\":[\"https:\\\/\\\/blogit.gradia.fi\\\/parasta_osaamista\\\/toimintamallit-ja-materiaalit\\\/open-day-ja-open-partner\\\/\"]}]},{\"@type\":\"ImageObject\",\"inLanguage\":\"fi\",\"@id\":\"https:\\\/\\\/blogit.gradia.fi\\\/parasta_osaamista\\\/toimintamallit-ja-materiaalit\\\/open-day-ja-open-partner\\\/#primaryimage\",\"url\":\"https:\\\/\\\/blogit.gradia.fi\\\/parasta_osaamista\\\/wp-content\\\/uploads\\\/sites\\\/20\\\/2019\\\/05\\\/nuolikuvio-1.png\",\"contentUrl\":\"https:\\\/\\\/blogit.gradia.fi\\\/parasta_osaamista\\\/wp-content\\\/uploads\\\/sites\\\/20\\\/2019\\\/05\\\/nuolikuvio-1.png\"},{\"@type\":\"BreadcrumbList\",\"@id\":\"https:\\\/\\\/blogit.gradia.fi\\\/parasta_osaamista\\\/toimintamallit-ja-materiaalit\\\/open-day-ja-open-partner\\\/#breadcrumb\",\"itemListElement\":[{\"@type\":\"ListItem\",\"position\":1,\"name\":\"Toimintamallit ja materiaalit\",\"item\":\"https:\\\/\\\/blogit.gradia.fi\\\/parasta_osaamista\\\/toimintamallit-ja-materiaalit\\\/\"},{\"@type\":\"ListItem\",\"position\":2,\"name\":\"Open Day ja Open Partner\"}]},{\"@type\":\"WebSite\",\"@id\":\"https:\\\/\\\/blogit.gradia.fi\\\/parasta_osaamista\\\/#website\",\"url\":\"https:\\\/\\\/blogit.gradia.fi\\\/parasta_osaamista\\\/\",\"name\":\"Parasta osaamista\",\"description\":\"Parasta osaamista -verkostohanke\",\"publisher\":{\"@id\":\"https:\\\/\\\/blogit.gradia.fi\\\/parasta_osaamista\\\/#organization\"},\"potentialAction\":[{\"@type\":\"SearchAction\",\"target\":{\"@type\":\"EntryPoint\",\"urlTemplate\":\"https:\\\/\\\/blogit.gradia.fi\\\/parasta_osaamista\\\/?s={search_term_string}\"},\"query-input\":{\"@type\":\"PropertyValueSpecification\",\"valueRequired\":true,\"valueName\":\"search_term_string\"}}],\"inLanguage\":\"fi\"},{\"@type\":\"Organization\",\"@id\":\"https:\\\/\\\/blogit.gradia.fi\\\/parasta_osaamista\\\/#organization\",\"name\":\"Parasta osaamista -verkostohanke\",\"url\":\"https:\\\/\\\/blogit.gradia.fi\\\/parasta_osaamista\\\/\",\"logo\":{\"@type\":\"ImageObject\",\"inLanguage\":\"fi\",\"@id\":\"https:\\\/\\\/blogit.gradia.fi\\\/parasta_osaamista\\\/#\\\/schema\\\/logo\\\/image\\\/\",\"url\":\"https:\\\/\\\/blogit.gradia.fi\\\/parasta_osaamista\\\/wp-content\\\/uploads\\\/sites\\\/20\\\/2018\\\/02\\\/parasta_osaamista_logo.jpg\",\"contentUrl\":\"https:\\\/\\\/blogit.gradia.fi\\\/parasta_osaamista\\\/wp-content\\\/uploads\\\/sites\\\/20\\\/2018\\\/02\\\/parasta_osaamista_logo.jpg\",\"width\":344,\"height\":334,\"caption\":\"Parasta osaamista -verkostohanke\"},\"image\":{\"@id\":\"https:\\\/\\\/blogit.gradia.fi\\\/parasta_osaamista\\\/#\\\/schema\\\/logo\\\/image\\\/\"},\"sameAs\":[\"https:\\\/\\\/www.facebook.com\\\/POsaamista\\\/\",\"https:\\\/\\\/x.com\\\/Posaaja_\",\"https:\\\/\\\/www.instagram.com\\\/parastaosaamista\\\/\",\"https:\\\/\\\/www.youtube.com\\\/channel\\\/UC7hv9jw0R6lS_Fmz5L9TUPw\"]}]}<\/script>\n<!-- \/ Yoast SEO plugin. -->","yoast_head_json":{"title":"Open Day ja Open Partner - Parasta osaamista","robots":{"index":"index","follow":"follow","max-snippet":"max-snippet:-1","max-image-preview":"max-image-preview:large","max-video-preview":"max-video-preview:-1"},"canonical":"https:\/\/blogit.gradia.fi\/parasta_osaamista\/toimintamallit-ja-materiaalit\/open-day-ja-open-partner\/","og_locale":"fi_FI","og_type":"article","og_title":"Open Day ja Open Partner - Parasta osaamista","og_description":"Open Day \u2013toimintamalli &#8211; kohti tiiviimp\u00e4\u00e4 ty\u00f6el\u00e4m\u00e4yhteisty\u00f6t\u00e4 Ammatillisen koulutuksen uudistuksen yhten\u00e4 tarkoituksena on lis\u00e4t\u00e4 ty\u00f6el\u00e4m\u00e4n ja oppilaitosten v\u00e4list\u00e4 yhteisty\u00f6t\u00e4. T\u00e4t\u00e4 tukee Open Day -toimintamalli, jossa opettajat jalkautuvat yhden p\u00e4iv\u00e4n ajaksi vierailemaan ty\u00f6paikkoihin ja kertomaan&#46;&#46;&#46;","og_url":"https:\/\/blogit.gradia.fi\/parasta_osaamista\/toimintamallit-ja-materiaalit\/open-day-ja-open-partner\/","og_site_name":"Parasta osaamista","article_publisher":"https:\/\/www.facebook.com\/POsaamista\/","article_modified_time":"2019-05-03T09:42:30+00:00","og_image":[{"width":1013,"height":534,"url":"https:\/\/blogit.gradia.fi\/parasta_osaamista\/wp-content\/uploads\/sites\/20\/2019\/05\/nuolikuvio-1.png","type":"image\/png"}],"twitter_card":"summary_large_image","twitter_site":"@Posaaja_","twitter_misc":{"Arvioitu lukuaika":"2 minuuttia"},"schema":{"@context":"https:\/\/schema.org","@graph":[{"@type":"WebPage","@id":"https:\/\/blogit.gradia.fi\/parasta_osaamista\/toimintamallit-ja-materiaalit\/open-day-ja-open-partner\/","url":"https:\/\/blogit.gradia.fi\/parasta_osaamista\/toimintamallit-ja-materiaalit\/open-day-ja-open-partner\/","name":"Open Day ja Open Partner - Parasta osaamista","isPartOf":{"@id":"https:\/\/blogit.gradia.fi\/parasta_osaamista\/#website"},"primaryImageOfPage":{"@id":"https:\/\/blogit.gradia.fi\/parasta_osaamista\/toimintamallit-ja-materiaalit\/open-day-ja-open-partner\/#primaryimage"},"image":{"@id":"https:\/\/blogit.gradia.fi\/parasta_osaamista\/toimintamallit-ja-materiaalit\/open-day-ja-open-partner\/#primaryimage"},"thumbnailUrl":"https:\/\/blogit.gradia.fi\/parasta_osaamista\/wp-content\/uploads\/sites\/20\/2019\/05\/nuolikuvio-1.png","datePublished":"2018-11-29T09:43:28+00:00","dateModified":"2019-05-03T09:42:30+00:00","breadcrumb":{"@id":"https:\/\/blogit.gradia.fi\/parasta_osaamista\/toimintamallit-ja-materiaalit\/open-day-ja-open-partner\/#breadcrumb"},"inLanguage":"fi","potentialAction":[{"@type":"ReadAction","target":["https:\/\/blogit.gradia.fi\/parasta_osaamista\/toimintamallit-ja-materiaalit\/open-day-ja-open-partner\/"]}]},{"@type":"ImageObject","inLanguage":"fi","@id":"https:\/\/blogit.gradia.fi\/parasta_osaamista\/toimintamallit-ja-materiaalit\/open-day-ja-open-partner\/#primaryimage","url":"https:\/\/blogit.gradia.fi\/parasta_osaamista\/wp-content\/uploads\/sites\/20\/2019\/05\/nuolikuvio-1.png","contentUrl":"https:\/\/blogit.gradia.fi\/parasta_osaamista\/wp-content\/uploads\/sites\/20\/2019\/05\/nuolikuvio-1.png"},{"@type":"BreadcrumbList","@id":"https:\/\/blogit.gradia.fi\/parasta_osaamista\/toimintamallit-ja-materiaalit\/open-day-ja-open-partner\/#breadcrumb","itemListElement":[{"@type":"ListItem","position":1,"name":"Toimintamallit ja materiaalit","item":"https:\/\/blogit.gradia.fi\/parasta_osaamista\/toimintamallit-ja-materiaalit\/"},{"@type":"ListItem","position":2,"name":"Open Day ja Open Partner"}]},{"@type":"WebSite","@id":"https:\/\/blogit.gradia.fi\/parasta_osaamista\/#website","url":"https:\/\/blogit.gradia.fi\/parasta_osaamista\/","name":"Parasta osaamista","description":"Parasta osaamista -verkostohanke","publisher":{"@id":"https:\/\/blogit.gradia.fi\/parasta_osaamista\/#organization"},"potentialAction":[{"@type":"SearchAction","target":{"@type":"EntryPoint","urlTemplate":"https:\/\/blogit.gradia.fi\/parasta_osaamista\/?s={search_term_string}"},"query-input":{"@type":"PropertyValueSpecification","valueRequired":true,"valueName":"search_term_string"}}],"inLanguage":"fi"},{"@type":"Organization","@id":"https:\/\/blogit.gradia.fi\/parasta_osaamista\/#organization","name":"Parasta osaamista -verkostohanke","url":"https:\/\/blogit.gradia.fi\/parasta_osaamista\/","logo":{"@type":"ImageObject","inLanguage":"fi","@id":"https:\/\/blogit.gradia.fi\/parasta_osaamista\/#\/schema\/logo\/image\/","url":"https:\/\/blogit.gradia.fi\/parasta_osaamista\/wp-content\/uploads\/sites\/20\/2018\/02\/parasta_osaamista_logo.jpg","contentUrl":"https:\/\/blogit.gradia.fi\/parasta_osaamista\/wp-content\/uploads\/sites\/20\/2018\/02\/parasta_osaamista_logo.jpg","width":344,"height":334,"caption":"Parasta osaamista -verkostohanke"},"image":{"@id":"https:\/\/blogit.gradia.fi\/parasta_osaamista\/#\/schema\/logo\/image\/"},"sameAs":["https:\/\/www.facebook.com\/POsaamista\/","https:\/\/x.com\/Posaaja_","https:\/\/www.instagram.com\/parastaosaamista\/","https:\/\/www.youtube.com\/channel\/UC7hv9jw0R6lS_Fmz5L9TUPw"]}]}},"uagb_featured_image_src":{"full":false,"thumbnail":false,"medium":false,"medium_large":false,"large":false,"1536x1536":false,"2048x2048":false,"thumb-small":false,"thumb-standard":false,"thumb-medium":false,"thumb-large":false,"thumb-xlarge":false,"thumb-xxlarge":false},"uagb_author_info":{"display_name":"Sami Ahonen","author_link":"https:\/\/blogit.gradia.fi\/parasta_osaamista\/author\/ahonesam\/"},"uagb_comment_info":0,"uagb_excerpt":"Open Day \u2013toimintamalli &#8211; kohti tiiviimp\u00e4\u00e4 ty\u00f6el\u00e4m\u00e4yhteisty\u00f6t\u00e4 Ammatillisen koulutuksen uudistuksen yhten\u00e4 tarkoituksena on lis\u00e4t\u00e4 ty\u00f6el\u00e4m\u00e4n ja oppilaitosten v\u00e4list\u00e4 yhteisty\u00f6t\u00e4. T\u00e4t\u00e4 tukee Open Day -toimintamalli, jossa opettajat jalkautuvat yhden p\u00e4iv\u00e4n ajaksi vierailemaan ty\u00f6paikkoihin ja kertomaan&#46;&#46;&#46;","_links":{"self":[{"href":"https:\/\/blogit.gradia.fi\/parasta_osaamista\/wp-json\/wp\/v2\/pages\/1264","targetHints":{"allow":["GET"]}}],"collection":[{"href":"https:\/\/blogit.gradia.fi\/parasta_osaamista\/wp-json\/wp\/v2\/pages"}],"about":[{"href":"https:\/\/blogit.gradia.fi\/parasta_osaamista\/wp-json\/wp\/v2\/types\/page"}],"author":[{"embeddable":true,"href":"https:\/\/blogit.gradia.fi\/parasta_osaamista\/wp-json\/wp\/v2\/users\/178"}],"replies":[{"embeddable":true,"href":"https:\/\/blogit.gradia.fi\/parasta_osaamista\/wp-json\/wp\/v2\/comments?post=1264"}],"version-history":[{"count":5,"href":"https:\/\/blogit.gradia.fi\/parasta_osaamista\/wp-json\/wp\/v2\/pages\/1264\/revisions"}],"predecessor-version":[{"id":2638,"href":"https:\/\/blogit.gradia.fi\/parasta_osaamista\/wp-json\/wp\/v2\/pages\/1264\/revisions\/2638"}],"up":[{"embeddable":true,"href":"https:\/\/blogit.gradia.fi\/parasta_osaamista\/wp-json\/wp\/v2\/pages\/70"}],"wp:attachment":[{"href":"https:\/\/blogit.gradia.fi\/parasta_osaamista\/wp-json\/wp\/v2\/media?parent=1264"}],"curies":[{"name":"wp","href":"https:\/\/api.w.org\/{rel}","templated":true}]}}