{"id":1262,"date":"2018-11-29T11:41:22","date_gmt":"2018-11-29T09:41:22","guid":{"rendered":"https:\/\/blogit.gradia.fi\/parasta_osaamista\/?page_id=1262"},"modified":"2018-12-04T14:41:16","modified_gmt":"2018-12-04T12:41:16","slug":"arviointioppaat-ja-muistilistat","status":"publish","type":"page","link":"https:\/\/blogit.gradia.fi\/parasta_osaamista\/toimintamallit-ja-materiaalit\/arviointioppaat-ja-muistilistat\/","title":{"rendered":"Arviointioppaat ja muistilistat"},"content":{"rendered":"<p><b>Osaamisen a<\/b><b>rviointioppaat<\/b><span>\u00a0<\/span><\/p>\n<p>Arviointi on yksi t\u00e4rke\u00e4 osa opiskelijan opintopolkua\u00a0&#8211;\u00a0er\u00e4\u00e4nlainen\u00a0huipentuma siit\u00e4, mit\u00e4 on saatu aikaan ja millainen osaaminen opiskelijalle on muodostunut. Arviointi ei ole yksinkertaista ja usein siihen voivat vaikuttaa my\u00f6s sellaiset tekij\u00e4t, joilla ei\u00a0sill\u00e4 hetkell\u00e4 pit\u00e4isi olla\u00a0merkityst\u00e4\u00a0lopputulokseen.\u00a0Opettajalla arviointiin\u00a0liittyv\u00e4\u00a0osaaminen on yksi keskeinen osa alue ammatillisen koulutuksen toteuttamisessa.\u00a0T\u00e4m\u00e4n lis\u00e4ksi\u00a0arviointiosaamista tarvitsevat my\u00f6s ty\u00f6paikkaohjaajat\u00a0ja muut ty\u00f6el\u00e4m\u00e4n edustajat, jotka ohjausty\u00f6n lis\u00e4ksi osallistuvat my\u00f6s opiskelijan\u00a0osaamisen\u00a0arviointiin.<\/p>\n<p><b>Osaamisen arviointioppaat o<\/b><b>piskelijalle<\/b><b>, ty\u00f6paikalle<\/b><b>\u00a0<\/b><b>ja<\/b><b>\u00a0opettajalle<\/b>\u00a0tukevat arvioinnin\u00a0suunnittelua ja osaamisen arviointia tutkinnon perusteiden kriteereiden mukaan.\u00a0 Arviointioppaat l\u00e4yd\u00e4t <a href=\"https:\/\/blogit.gradia.fi\/parasta_osaamista\/osaamisen-arviointioppaat\/\" target=\"_blank\" rel=\"noopener\">T\u00c4ST\u00c4<\/a><\/p>\n<p>&nbsp;<\/p>\n<p><b>Muistilistat<\/b><span>\u00a0<\/span><\/p>\n<p>Millaisia valmisteluja tarvitaan, kun opiskelija\u00a0aloittaa\u00a0oppimisen ty\u00f6paikalla? Kuka toimii ty\u00f6paikkaohjaajana ja miten ty\u00f6paikkaohjaus toteutetaan? Mitk\u00e4 ty\u00f6teht\u00e4v\u00e4t tukevat opiskelijan osaamistavoitteita ja urasuunnittelua? Mit\u00e4 palautteen antaminen ja saaminen sek\u00e4 opintojen seuranta\u00a0tarkoittavat?\u00a0<span>\u00a0<\/span><\/p>\n<p>N\u00e4it\u00e4 ja monia muita kysymyksi\u00e4 her\u00e4\u00e4, kun sek\u00e4\u00a0opiskelija, ty\u00f6paikkaohjaaja ett\u00e4\u00a0opettaja suunnittelevat opiskelijan ty\u00f6el\u00e4m\u00e4ss\u00e4 oppimista.\u00a0Ammatillista\u00a0koulutusta on jokseenkin mahdoton toteuttaa ilman kiinte\u00e4\u00e4 opettajan, ty\u00f6paikkaohjaajan ja opiskelijan v\u00e4list\u00e4 yhteisty\u00f6t\u00e4. Toimijoita on monia, asioita leijuu ilmassa\u00a0eik\u00e4 arjen keskell\u00e4 pysty aina kokoamaan ajatuksia, mit\u00e4 kaikkea ty\u00f6el\u00e4m\u00e4s\u00e4 oppimiseen liittyy.<\/p>\n<p><strong>Muistilistat ty\u00f6el\u00e4m\u00e4ss\u00e4 oppimiseen\u00a0<\/strong><b>opiskel<\/b><b>ijalle, ty\u00f6paikkaohjaajalle ja<\/b><b>\u00a0opettajalle<\/b>\u00a0tukevat\u00a0oppimisen suunnittelua, ohjausta, palautetta ja urasuunnittelua tavoitteiden saavuttamiseksi. Muistilistat l\u00f6yd\u00e4t <a href=\"https:\/\/blogit.gradia.fi\/parasta_osaamista\/tyoelamassa-oppimisen-muistilistat\/\" target=\"_blank\" rel=\"noopener\">T\u00c4ST\u00c4<\/a><\/p>\n<p>&nbsp;<\/p>\n<p>&nbsp;<\/p>\n","protected":false},"excerpt":{"rendered":"<p>Osaamisen arviointioppaat\u00a0 Arviointi on yksi t\u00e4rke\u00e4 osa opiskelijan opintopolkua\u00a0&#8211;\u00a0er\u00e4\u00e4nlainen\u00a0huipentuma siit\u00e4, mit\u00e4 on saatu aikaan ja millainen osaaminen opiskelijalle on muodostunut. Arviointi ei ole yksinkertaista ja usein siihen voivat vaikuttaa my\u00f6s sellaiset tekij\u00e4t, joilla ei\u00a0sill\u00e4&#46;&#46;&#46;<\/p>\n","protected":false},"author":178,"featured_media":0,"parent":70,"menu_order":0,"comment_status":"closed","ping_status":"closed","template":"","meta":{"_uag_custom_page_level_css":"","footnotes":""},"class_list":["post-1262","page","type-page","status-publish","hentry"],"yoast_head":"<!-- This site is optimized with the Yoast SEO plugin v27.4 - https:\/\/yoast.com\/product\/yoast-seo-wordpress\/ -->\n<title>Arviointioppaat ja muistilistat - Parasta osaamista<\/title>\n<meta name=\"robots\" content=\"index, follow, max-snippet:-1, max-image-preview:large, max-video-preview:-1\" \/>\n<link rel=\"canonical\" href=\"https:\/\/blogit.gradia.fi\/parasta_osaamista\/toimintamallit-ja-materiaalit\/arviointioppaat-ja-muistilistat\/\" \/>\n<meta property=\"og:locale\" content=\"fi_FI\" \/>\n<meta property=\"og:type\" content=\"article\" \/>\n<meta property=\"og:title\" content=\"Arviointioppaat ja muistilistat - Parasta osaamista\" \/>\n<meta property=\"og:description\" content=\"Osaamisen arviointioppaat\u00a0 Arviointi on yksi t\u00e4rke\u00e4 osa opiskelijan opintopolkua\u00a0&#8211;\u00a0er\u00e4\u00e4nlainen\u00a0huipentuma siit\u00e4, mit\u00e4 on saatu aikaan ja millainen osaaminen opiskelijalle on muodostunut. Arviointi ei ole yksinkertaista ja usein siihen voivat vaikuttaa my\u00f6s sellaiset tekij\u00e4t, joilla ei\u00a0sill\u00e4&#046;&#046;&#046;\" \/>\n<meta property=\"og:url\" content=\"https:\/\/blogit.gradia.fi\/parasta_osaamista\/toimintamallit-ja-materiaalit\/arviointioppaat-ja-muistilistat\/\" \/>\n<meta property=\"og:site_name\" content=\"Parasta osaamista\" \/>\n<meta property=\"article:publisher\" content=\"https:\/\/www.facebook.com\/POsaamista\/\" \/>\n<meta property=\"article:modified_time\" content=\"2018-12-04T12:41:16+00:00\" \/>\n<meta name=\"twitter:card\" content=\"summary_large_image\" \/>\n<meta name=\"twitter:site\" content=\"@Posaaja_\" \/>\n<meta name=\"twitter:label1\" content=\"Arvioitu lukuaika\" \/>\n\t<meta name=\"twitter:data1\" content=\"1 minuutti\" \/>\n<script type=\"application\/ld+json\" class=\"yoast-schema-graph\">{\"@context\":\"https:\\\/\\\/schema.org\",\"@graph\":[{\"@type\":\"WebPage\",\"@id\":\"https:\\\/\\\/blogit.gradia.fi\\\/parasta_osaamista\\\/toimintamallit-ja-materiaalit\\\/arviointioppaat-ja-muistilistat\\\/\",\"url\":\"https:\\\/\\\/blogit.gradia.fi\\\/parasta_osaamista\\\/toimintamallit-ja-materiaalit\\\/arviointioppaat-ja-muistilistat\\\/\",\"name\":\"Arviointioppaat ja muistilistat - Parasta osaamista\",\"isPartOf\":{\"@id\":\"https:\\\/\\\/blogit.gradia.fi\\\/parasta_osaamista\\\/#website\"},\"datePublished\":\"2018-11-29T09:41:22+00:00\",\"dateModified\":\"2018-12-04T12:41:16+00:00\",\"breadcrumb\":{\"@id\":\"https:\\\/\\\/blogit.gradia.fi\\\/parasta_osaamista\\\/toimintamallit-ja-materiaalit\\\/arviointioppaat-ja-muistilistat\\\/#breadcrumb\"},\"inLanguage\":\"fi\",\"potentialAction\":[{\"@type\":\"ReadAction\",\"target\":[\"https:\\\/\\\/blogit.gradia.fi\\\/parasta_osaamista\\\/toimintamallit-ja-materiaalit\\\/arviointioppaat-ja-muistilistat\\\/\"]}]},{\"@type\":\"BreadcrumbList\",\"@id\":\"https:\\\/\\\/blogit.gradia.fi\\\/parasta_osaamista\\\/toimintamallit-ja-materiaalit\\\/arviointioppaat-ja-muistilistat\\\/#breadcrumb\",\"itemListElement\":[{\"@type\":\"ListItem\",\"position\":1,\"name\":\"Toimintamallit ja materiaalit\",\"item\":\"https:\\\/\\\/blogit.gradia.fi\\\/parasta_osaamista\\\/toimintamallit-ja-materiaalit\\\/\"},{\"@type\":\"ListItem\",\"position\":2,\"name\":\"Arviointioppaat ja muistilistat\"}]},{\"@type\":\"WebSite\",\"@id\":\"https:\\\/\\\/blogit.gradia.fi\\\/parasta_osaamista\\\/#website\",\"url\":\"https:\\\/\\\/blogit.gradia.fi\\\/parasta_osaamista\\\/\",\"name\":\"Parasta osaamista\",\"description\":\"Parasta osaamista -verkostohanke\",\"publisher\":{\"@id\":\"https:\\\/\\\/blogit.gradia.fi\\\/parasta_osaamista\\\/#organization\"},\"potentialAction\":[{\"@type\":\"SearchAction\",\"target\":{\"@type\":\"EntryPoint\",\"urlTemplate\":\"https:\\\/\\\/blogit.gradia.fi\\\/parasta_osaamista\\\/?s={search_term_string}\"},\"query-input\":{\"@type\":\"PropertyValueSpecification\",\"valueRequired\":true,\"valueName\":\"search_term_string\"}}],\"inLanguage\":\"fi\"},{\"@type\":\"Organization\",\"@id\":\"https:\\\/\\\/blogit.gradia.fi\\\/parasta_osaamista\\\/#organization\",\"name\":\"Parasta osaamista -verkostohanke\",\"url\":\"https:\\\/\\\/blogit.gradia.fi\\\/parasta_osaamista\\\/\",\"logo\":{\"@type\":\"ImageObject\",\"inLanguage\":\"fi\",\"@id\":\"https:\\\/\\\/blogit.gradia.fi\\\/parasta_osaamista\\\/#\\\/schema\\\/logo\\\/image\\\/\",\"url\":\"https:\\\/\\\/blogit.gradia.fi\\\/parasta_osaamista\\\/wp-content\\\/uploads\\\/sites\\\/20\\\/2018\\\/02\\\/parasta_osaamista_logo.jpg\",\"contentUrl\":\"https:\\\/\\\/blogit.gradia.fi\\\/parasta_osaamista\\\/wp-content\\\/uploads\\\/sites\\\/20\\\/2018\\\/02\\\/parasta_osaamista_logo.jpg\",\"width\":344,\"height\":334,\"caption\":\"Parasta osaamista -verkostohanke\"},\"image\":{\"@id\":\"https:\\\/\\\/blogit.gradia.fi\\\/parasta_osaamista\\\/#\\\/schema\\\/logo\\\/image\\\/\"},\"sameAs\":[\"https:\\\/\\\/www.facebook.com\\\/POsaamista\\\/\",\"https:\\\/\\\/x.com\\\/Posaaja_\",\"https:\\\/\\\/www.instagram.com\\\/parastaosaamista\\\/\",\"https:\\\/\\\/www.youtube.com\\\/channel\\\/UC7hv9jw0R6lS_Fmz5L9TUPw\"]}]}<\/script>\n<!-- \/ Yoast SEO plugin. -->","yoast_head_json":{"title":"Arviointioppaat ja muistilistat - Parasta osaamista","robots":{"index":"index","follow":"follow","max-snippet":"max-snippet:-1","max-image-preview":"max-image-preview:large","max-video-preview":"max-video-preview:-1"},"canonical":"https:\/\/blogit.gradia.fi\/parasta_osaamista\/toimintamallit-ja-materiaalit\/arviointioppaat-ja-muistilistat\/","og_locale":"fi_FI","og_type":"article","og_title":"Arviointioppaat ja muistilistat - Parasta osaamista","og_description":"Osaamisen arviointioppaat\u00a0 Arviointi on yksi t\u00e4rke\u00e4 osa opiskelijan opintopolkua\u00a0&#8211;\u00a0er\u00e4\u00e4nlainen\u00a0huipentuma siit\u00e4, mit\u00e4 on saatu aikaan ja millainen osaaminen opiskelijalle on muodostunut. Arviointi ei ole yksinkertaista ja usein siihen voivat vaikuttaa my\u00f6s sellaiset tekij\u00e4t, joilla ei\u00a0sill\u00e4&#46;&#46;&#46;","og_url":"https:\/\/blogit.gradia.fi\/parasta_osaamista\/toimintamallit-ja-materiaalit\/arviointioppaat-ja-muistilistat\/","og_site_name":"Parasta osaamista","article_publisher":"https:\/\/www.facebook.com\/POsaamista\/","article_modified_time":"2018-12-04T12:41:16+00:00","twitter_card":"summary_large_image","twitter_site":"@Posaaja_","twitter_misc":{"Arvioitu lukuaika":"1 minuutti"},"schema":{"@context":"https:\/\/schema.org","@graph":[{"@type":"WebPage","@id":"https:\/\/blogit.gradia.fi\/parasta_osaamista\/toimintamallit-ja-materiaalit\/arviointioppaat-ja-muistilistat\/","url":"https:\/\/blogit.gradia.fi\/parasta_osaamista\/toimintamallit-ja-materiaalit\/arviointioppaat-ja-muistilistat\/","name":"Arviointioppaat ja muistilistat - Parasta osaamista","isPartOf":{"@id":"https:\/\/blogit.gradia.fi\/parasta_osaamista\/#website"},"datePublished":"2018-11-29T09:41:22+00:00","dateModified":"2018-12-04T12:41:16+00:00","breadcrumb":{"@id":"https:\/\/blogit.gradia.fi\/parasta_osaamista\/toimintamallit-ja-materiaalit\/arviointioppaat-ja-muistilistat\/#breadcrumb"},"inLanguage":"fi","potentialAction":[{"@type":"ReadAction","target":["https:\/\/blogit.gradia.fi\/parasta_osaamista\/toimintamallit-ja-materiaalit\/arviointioppaat-ja-muistilistat\/"]}]},{"@type":"BreadcrumbList","@id":"https:\/\/blogit.gradia.fi\/parasta_osaamista\/toimintamallit-ja-materiaalit\/arviointioppaat-ja-muistilistat\/#breadcrumb","itemListElement":[{"@type":"ListItem","position":1,"name":"Toimintamallit ja materiaalit","item":"https:\/\/blogit.gradia.fi\/parasta_osaamista\/toimintamallit-ja-materiaalit\/"},{"@type":"ListItem","position":2,"name":"Arviointioppaat ja muistilistat"}]},{"@type":"WebSite","@id":"https:\/\/blogit.gradia.fi\/parasta_osaamista\/#website","url":"https:\/\/blogit.gradia.fi\/parasta_osaamista\/","name":"Parasta osaamista","description":"Parasta osaamista -verkostohanke","publisher":{"@id":"https:\/\/blogit.gradia.fi\/parasta_osaamista\/#organization"},"potentialAction":[{"@type":"SearchAction","target":{"@type":"EntryPoint","urlTemplate":"https:\/\/blogit.gradia.fi\/parasta_osaamista\/?s={search_term_string}"},"query-input":{"@type":"PropertyValueSpecification","valueRequired":true,"valueName":"search_term_string"}}],"inLanguage":"fi"},{"@type":"Organization","@id":"https:\/\/blogit.gradia.fi\/parasta_osaamista\/#organization","name":"Parasta osaamista -verkostohanke","url":"https:\/\/blogit.gradia.fi\/parasta_osaamista\/","logo":{"@type":"ImageObject","inLanguage":"fi","@id":"https:\/\/blogit.gradia.fi\/parasta_osaamista\/#\/schema\/logo\/image\/","url":"https:\/\/blogit.gradia.fi\/parasta_osaamista\/wp-content\/uploads\/sites\/20\/2018\/02\/parasta_osaamista_logo.jpg","contentUrl":"https:\/\/blogit.gradia.fi\/parasta_osaamista\/wp-content\/uploads\/sites\/20\/2018\/02\/parasta_osaamista_logo.jpg","width":344,"height":334,"caption":"Parasta osaamista -verkostohanke"},"image":{"@id":"https:\/\/blogit.gradia.fi\/parasta_osaamista\/#\/schema\/logo\/image\/"},"sameAs":["https:\/\/www.facebook.com\/POsaamista\/","https:\/\/x.com\/Posaaja_","https:\/\/www.instagram.com\/parastaosaamista\/","https:\/\/www.youtube.com\/channel\/UC7hv9jw0R6lS_Fmz5L9TUPw"]}]}},"uagb_featured_image_src":{"full":false,"thumbnail":false,"medium":false,"medium_large":false,"large":false,"1536x1536":false,"2048x2048":false,"thumb-small":false,"thumb-standard":false,"thumb-medium":false,"thumb-large":false,"thumb-xlarge":false,"thumb-xxlarge":false},"uagb_author_info":{"display_name":"Sami Ahonen","author_link":"https:\/\/blogit.gradia.fi\/parasta_osaamista\/author\/ahonesam\/"},"uagb_comment_info":0,"uagb_excerpt":"Osaamisen arviointioppaat\u00a0 Arviointi on yksi t\u00e4rke\u00e4 osa opiskelijan opintopolkua\u00a0&#8211;\u00a0er\u00e4\u00e4nlainen\u00a0huipentuma siit\u00e4, mit\u00e4 on saatu aikaan ja millainen osaaminen opiskelijalle on muodostunut. Arviointi ei ole yksinkertaista ja usein siihen voivat vaikuttaa my\u00f6s sellaiset tekij\u00e4t, joilla ei\u00a0sill\u00e4&#46;&#46;&#46;","_links":{"self":[{"href":"https:\/\/blogit.gradia.fi\/parasta_osaamista\/wp-json\/wp\/v2\/pages\/1262","targetHints":{"allow":["GET"]}}],"collection":[{"href":"https:\/\/blogit.gradia.fi\/parasta_osaamista\/wp-json\/wp\/v2\/pages"}],"about":[{"href":"https:\/\/blogit.gradia.fi\/parasta_osaamista\/wp-json\/wp\/v2\/types\/page"}],"author":[{"embeddable":true,"href":"https:\/\/blogit.gradia.fi\/parasta_osaamista\/wp-json\/wp\/v2\/users\/178"}],"replies":[{"embeddable":true,"href":"https:\/\/blogit.gradia.fi\/parasta_osaamista\/wp-json\/wp\/v2\/comments?post=1262"}],"version-history":[{"count":0,"href":"https:\/\/blogit.gradia.fi\/parasta_osaamista\/wp-json\/wp\/v2\/pages\/1262\/revisions"}],"up":[{"embeddable":true,"href":"https:\/\/blogit.gradia.fi\/parasta_osaamista\/wp-json\/wp\/v2\/pages\/70"}],"wp:attachment":[{"href":"https:\/\/blogit.gradia.fi\/parasta_osaamista\/wp-json\/wp\/v2\/media?parent=1262"}],"curies":[{"name":"wp","href":"https:\/\/api.w.org\/{rel}","templated":true}]}}