{"id":1260,"date":"2018-11-29T11:39:48","date_gmt":"2018-11-29T09:39:48","guid":{"rendered":"https:\/\/blogit.gradia.fi\/parasta_osaamista\/?page_id=1260"},"modified":"2019-02-20T12:54:33","modified_gmt":"2019-02-20T10:54:33","slug":"osallistavat-yhteistyomallit","status":"publish","type":"page","link":"https:\/\/blogit.gradia.fi\/parasta_osaamista\/toimintamallit-ja-materiaalit\/osallistavat-yhteistyomallit\/","title":{"rendered":"Osallistavat yhteisty\u00f6mallit\u00a0"},"content":{"rendered":"<p>Uusi ammatillinen koulutus toteutuu yhdess\u00e4 tekem\u00e4ll\u00e4!&nbsp;Osallistavat yhteisty\u00f6mallit tarjoavat&nbsp;erilaisia&nbsp;ideoita&nbsp;kehitt\u00e4\u00e4&nbsp;ja uudistaa&nbsp;ammatillisen&nbsp;koulutuksen&nbsp;toimintatapoja.&nbsp;Muutosten ja uudistusten keskell\u00e4 on t\u00e4rke\u00e4\u00e4, ett\u00e4 kaikilla on mahdollisuus osallistua keskusteluihin ja kehitt\u00e4miseen.<\/p>\n<p>Osallistavia yhteisty\u00f6malleja voivat hy\u00f6dynt\u00e4\u00e4 kaikki ammatillisen koulutuksen toimijat; esimiehet, opettajat, ohjaajat jne.&nbsp;Niist\u00e4&nbsp;l\u00f6ytyy vaihtoehtoja kevyell\u00e4 ennakkovalmistelulla toteutettaviin tapaamisiin tai pidempiaikaisiin&nbsp;laajempiin kehitt\u00e4misprosesseihin.&nbsp;Yhteisty\u00f6malleja on k\u00e4ytetty kehitt\u00e4misty\u00f6ss\u00e4 sek\u00e4 oppilaitoksen sis\u00e4ll\u00e4 ett\u00e4 ty\u00f6el\u00e4m\u00e4n edustajien kanssa.<\/p>\n<p>Tutustu esimerkkeihin!<\/p>\n<p>Yhteisten tutkinnonosien integraatio:<\/p>\n<ul>\n<li><a href=\"https:\/\/blogit.gradia.fi\/parasta_osaamista\/wp-content\/uploads\/sites\/20\/2019\/01\/Yto-integraatio-ammatillisiin-aineisiin.pdf\" target=\"_blank\" rel=\"noopener\">Yto-integraatio ammatillisiin aineisiin<\/a><\/li>\n<li><a href=\"https:\/\/blogit.gradia.fi\/parasta_osaamista\/wp-content\/uploads\/sites\/20\/2019\/01\/YTOja-Yhteisty\u00f6ss\u00e4.pdf\" target=\"_blank\" rel=\"noopener\">YTOja Yhteisty\u00f6ss\u00e4<\/a><\/li>\n<li><a href=\"https:\/\/blogit.gradia.fi\/parasta_osaamista\/wp-content\/uploads\/sites\/20\/2019\/01\/PopUp-Open-p\u00e4iv\u00e4.pdf\" target=\"_blank\" rel=\"noopener\">PopUp Open -p\u00e4iv\u00e4<\/a><\/li>\n<\/ul>\n<p>Avoimen keskustelun&nbsp;tapaamiset:<\/p>\n<ul>\n<li><a href=\"https:\/\/blogit.gradia.fi\/parasta_osaamista\/wp-content\/uploads\/sites\/20\/2019\/01\/Pedakahvila.pdf\" target=\"_blank\" rel=\"noopener\">Pedakahvilat<\/a><\/li>\n<li><a href=\"https:\/\/blogit.gradia.fi\/parasta_osaamista\/wp-content\/uploads\/sites\/20\/2019\/01\/Teemalliset-aamukahvit.pdf\" target=\"_blank\" rel=\"noopener\">Teemalliset aamukahvit<\/a><\/li>\n<li><a href=\"https:\/\/blogit.gradia.fi\/parasta_osaamista\/wp-content\/uploads\/sites\/20\/2019\/01\/Yhteiskehitet\u00e4\u00e4n-tapaamiset.pdf\" target=\"_blank\" rel=\"noopener\">Yhteiskehitet\u00e4\u00e4n -tapaamiset<\/a><\/li>\n<li><a href=\"https:\/\/blogit.gradia.fi\/parasta_osaamista\/wp-content\/uploads\/sites\/20\/2019\/01\/Mik\u00e4-mietitytt\u00e4\u00e4-tapaamiset.pdf\" target=\"_blank\" rel=\"noopener\">Mik\u00e4 mietitytt\u00e4\u00e4? -tapaamiset<\/a><\/li>\n<li><a href=\"https:\/\/blogit.gradia.fi\/parasta_osaamista\/wp-content\/uploads\/sites\/20\/2019\/01\/DialoginenMeetUp-1.pdf\" target=\"_blank\" rel=\"noopener\">DialoginenMeetUp<\/a><\/li>\n<li><a href=\"https:\/\/blogit.gradia.fi\/parasta_osaamista\/wp-content\/uploads\/sites\/20\/2019\/01\/Porinakahvit.pdf\" target=\"_blank\" rel=\"noopener\">Porinakahvit<\/a><\/li>\n<li><a href=\"https:\/\/blogit.gradia.fi\/parasta_osaamista\/wp-content\/uploads\/sites\/20\/2019\/01\/Yhteinenkieli-paja.pdf\" target=\"_blank\" rel=\"noopener\">Yhteinen kieli-paja<\/a><\/li>\n<li><a href=\"https:\/\/blogit.gradia.fi\/parasta_osaamista\/wp-content\/uploads\/sites\/20\/2019\/01\/Luotsiopen-kahvihetket.pdf\" target=\"_blank\" rel=\"noopener\">Luotsiopen kahvihetket<\/a><\/li>\n<\/ul>\n<p>Tutustu&nbsp;lis\u00e4materiaaleihin!<\/p>\n<ul>\n<li><a href=\"https:\/\/blogit.gradia.fi\/parasta_osaamista\/wp-content\/uploads\/sites\/20\/2019\/01\/Teemoja-keskustelun-avuksi-1.pdf\" target=\"_blank\" rel=\"noopener\">Teemoja keskustelun avuksi<\/a><\/li>\n<li><a href=\"https:\/\/blogit.gradia.fi\/parasta_osaamista\/wp-content\/uploads\/sites\/20\/2019\/01\/Hiljainen-keskustelusein\u00e4.pdf\" target=\"_blank\" rel=\"noopener\">Hiljainen keskustelusein\u00e4<\/a><\/li>\n<li><a href=\"https:\/\/blogit.gradia.fi\/parasta_osaamista\/toimintamallit-ja-materiaalit\/reformi-sananselityspeli\/\" target=\"_blank\" rel=\"noopener\">Reformisanaselityspelikortit<\/a><\/li>\n<\/ul>\n","protected":false},"excerpt":{"rendered":"<p>Uusi ammatillinen koulutus toteutuu yhdess\u00e4 tekem\u00e4ll\u00e4!&nbsp;Osallistavat yhteisty\u00f6mallit tarjoavat&nbsp;erilaisia&nbsp;ideoita&nbsp;kehitt\u00e4\u00e4&nbsp;ja uudistaa&nbsp;ammatillisen&nbsp;koulutuksen&nbsp;toimintatapoja.&nbsp;Muutosten ja uudistusten keskell\u00e4 on t\u00e4rke\u00e4\u00e4, ett\u00e4 kaikilla on mahdollisuus osallistua keskusteluihin ja kehitt\u00e4miseen. Osallistavia yhteisty\u00f6malleja voivat hy\u00f6dynt\u00e4\u00e4 kaikki ammatillisen koulutuksen toimijat; esimiehet, opettajat, ohjaajat jne.&nbsp;Niist\u00e4&nbsp;l\u00f6ytyy&#46;&#46;&#46;<\/p>\n","protected":false},"author":178,"featured_media":0,"parent":70,"menu_order":0,"comment_status":"closed","ping_status":"closed","template":"","meta":{"_uag_custom_page_level_css":"","footnotes":""},"class_list":["post-1260","page","type-page","status-publish","hentry"],"yoast_head":"<!-- This site is optimized with the Yoast SEO plugin v27.4 - https:\/\/yoast.com\/product\/yoast-seo-wordpress\/ -->\n<title>Osallistavat yhteisty\u00f6mallit\u00a0 - Parasta osaamista<\/title>\n<meta name=\"robots\" content=\"index, follow, max-snippet:-1, max-image-preview:large, max-video-preview:-1\" \/>\n<link rel=\"canonical\" href=\"https:\/\/blogit.gradia.fi\/parasta_osaamista\/toimintamallit-ja-materiaalit\/osallistavat-yhteistyomallit\/\" \/>\n<meta property=\"og:locale\" content=\"fi_FI\" \/>\n<meta property=\"og:type\" content=\"article\" \/>\n<meta property=\"og:title\" content=\"Osallistavat yhteisty\u00f6mallit\u00a0 - Parasta osaamista\" \/>\n<meta property=\"og:description\" content=\"Uusi ammatillinen koulutus toteutuu yhdess\u00e4 tekem\u00e4ll\u00e4!&nbsp;Osallistavat yhteisty\u00f6mallit tarjoavat&nbsp;erilaisia&nbsp;ideoita&nbsp;kehitt\u00e4\u00e4&nbsp;ja uudistaa&nbsp;ammatillisen&nbsp;koulutuksen&nbsp;toimintatapoja.&nbsp;Muutosten ja uudistusten keskell\u00e4 on t\u00e4rke\u00e4\u00e4, ett\u00e4 kaikilla on mahdollisuus osallistua keskusteluihin ja kehitt\u00e4miseen. Osallistavia yhteisty\u00f6malleja voivat hy\u00f6dynt\u00e4\u00e4 kaikki ammatillisen koulutuksen toimijat; esimiehet, opettajat, ohjaajat jne.&nbsp;Niist\u00e4&nbsp;l\u00f6ytyy&#046;&#046;&#046;\" \/>\n<meta property=\"og:url\" content=\"https:\/\/blogit.gradia.fi\/parasta_osaamista\/toimintamallit-ja-materiaalit\/osallistavat-yhteistyomallit\/\" \/>\n<meta property=\"og:site_name\" content=\"Parasta osaamista\" \/>\n<meta property=\"article:publisher\" content=\"https:\/\/www.facebook.com\/POsaamista\/\" \/>\n<meta property=\"article:modified_time\" content=\"2019-02-20T10:54:33+00:00\" \/>\n<meta name=\"twitter:card\" content=\"summary_large_image\" \/>\n<meta name=\"twitter:site\" content=\"@Posaaja_\" \/>\n<meta name=\"twitter:label1\" content=\"Arvioitu lukuaika\" \/>\n\t<meta name=\"twitter:data1\" content=\"1 minuutti\" \/>\n<script type=\"application\/ld+json\" class=\"yoast-schema-graph\">{\"@context\":\"https:\\\/\\\/schema.org\",\"@graph\":[{\"@type\":\"WebPage\",\"@id\":\"https:\\\/\\\/blogit.gradia.fi\\\/parasta_osaamista\\\/toimintamallit-ja-materiaalit\\\/osallistavat-yhteistyomallit\\\/\",\"url\":\"https:\\\/\\\/blogit.gradia.fi\\\/parasta_osaamista\\\/toimintamallit-ja-materiaalit\\\/osallistavat-yhteistyomallit\\\/\",\"name\":\"Osallistavat yhteisty\u00f6mallit\u00a0 - Parasta osaamista\",\"isPartOf\":{\"@id\":\"https:\\\/\\\/blogit.gradia.fi\\\/parasta_osaamista\\\/#website\"},\"datePublished\":\"2018-11-29T09:39:48+00:00\",\"dateModified\":\"2019-02-20T10:54:33+00:00\",\"breadcrumb\":{\"@id\":\"https:\\\/\\\/blogit.gradia.fi\\\/parasta_osaamista\\\/toimintamallit-ja-materiaalit\\\/osallistavat-yhteistyomallit\\\/#breadcrumb\"},\"inLanguage\":\"fi\",\"potentialAction\":[{\"@type\":\"ReadAction\",\"target\":[\"https:\\\/\\\/blogit.gradia.fi\\\/parasta_osaamista\\\/toimintamallit-ja-materiaalit\\\/osallistavat-yhteistyomallit\\\/\"]}]},{\"@type\":\"BreadcrumbList\",\"@id\":\"https:\\\/\\\/blogit.gradia.fi\\\/parasta_osaamista\\\/toimintamallit-ja-materiaalit\\\/osallistavat-yhteistyomallit\\\/#breadcrumb\",\"itemListElement\":[{\"@type\":\"ListItem\",\"position\":1,\"name\":\"Toimintamallit ja materiaalit\",\"item\":\"https:\\\/\\\/blogit.gradia.fi\\\/parasta_osaamista\\\/toimintamallit-ja-materiaalit\\\/\"},{\"@type\":\"ListItem\",\"position\":2,\"name\":\"Osallistavat yhteisty\u00f6mallit\u00a0\"}]},{\"@type\":\"WebSite\",\"@id\":\"https:\\\/\\\/blogit.gradia.fi\\\/parasta_osaamista\\\/#website\",\"url\":\"https:\\\/\\\/blogit.gradia.fi\\\/parasta_osaamista\\\/\",\"name\":\"Parasta osaamista\",\"description\":\"Parasta osaamista -verkostohanke\",\"publisher\":{\"@id\":\"https:\\\/\\\/blogit.gradia.fi\\\/parasta_osaamista\\\/#organization\"},\"potentialAction\":[{\"@type\":\"SearchAction\",\"target\":{\"@type\":\"EntryPoint\",\"urlTemplate\":\"https:\\\/\\\/blogit.gradia.fi\\\/parasta_osaamista\\\/?s={search_term_string}\"},\"query-input\":{\"@type\":\"PropertyValueSpecification\",\"valueRequired\":true,\"valueName\":\"search_term_string\"}}],\"inLanguage\":\"fi\"},{\"@type\":\"Organization\",\"@id\":\"https:\\\/\\\/blogit.gradia.fi\\\/parasta_osaamista\\\/#organization\",\"name\":\"Parasta osaamista -verkostohanke\",\"url\":\"https:\\\/\\\/blogit.gradia.fi\\\/parasta_osaamista\\\/\",\"logo\":{\"@type\":\"ImageObject\",\"inLanguage\":\"fi\",\"@id\":\"https:\\\/\\\/blogit.gradia.fi\\\/parasta_osaamista\\\/#\\\/schema\\\/logo\\\/image\\\/\",\"url\":\"https:\\\/\\\/blogit.gradia.fi\\\/parasta_osaamista\\\/wp-content\\\/uploads\\\/sites\\\/20\\\/2018\\\/02\\\/parasta_osaamista_logo.jpg\",\"contentUrl\":\"https:\\\/\\\/blogit.gradia.fi\\\/parasta_osaamista\\\/wp-content\\\/uploads\\\/sites\\\/20\\\/2018\\\/02\\\/parasta_osaamista_logo.jpg\",\"width\":344,\"height\":334,\"caption\":\"Parasta osaamista -verkostohanke\"},\"image\":{\"@id\":\"https:\\\/\\\/blogit.gradia.fi\\\/parasta_osaamista\\\/#\\\/schema\\\/logo\\\/image\\\/\"},\"sameAs\":[\"https:\\\/\\\/www.facebook.com\\\/POsaamista\\\/\",\"https:\\\/\\\/x.com\\\/Posaaja_\",\"https:\\\/\\\/www.instagram.com\\\/parastaosaamista\\\/\",\"https:\\\/\\\/www.youtube.com\\\/channel\\\/UC7hv9jw0R6lS_Fmz5L9TUPw\"]}]}<\/script>\n<!-- \/ Yoast SEO plugin. -->","yoast_head_json":{"title":"Osallistavat yhteisty\u00f6mallit\u00a0 - Parasta osaamista","robots":{"index":"index","follow":"follow","max-snippet":"max-snippet:-1","max-image-preview":"max-image-preview:large","max-video-preview":"max-video-preview:-1"},"canonical":"https:\/\/blogit.gradia.fi\/parasta_osaamista\/toimintamallit-ja-materiaalit\/osallistavat-yhteistyomallit\/","og_locale":"fi_FI","og_type":"article","og_title":"Osallistavat yhteisty\u00f6mallit\u00a0 - Parasta osaamista","og_description":"Uusi ammatillinen koulutus toteutuu yhdess\u00e4 tekem\u00e4ll\u00e4!&nbsp;Osallistavat yhteisty\u00f6mallit tarjoavat&nbsp;erilaisia&nbsp;ideoita&nbsp;kehitt\u00e4\u00e4&nbsp;ja uudistaa&nbsp;ammatillisen&nbsp;koulutuksen&nbsp;toimintatapoja.&nbsp;Muutosten ja uudistusten keskell\u00e4 on t\u00e4rke\u00e4\u00e4, ett\u00e4 kaikilla on mahdollisuus osallistua keskusteluihin ja kehitt\u00e4miseen. Osallistavia yhteisty\u00f6malleja voivat hy\u00f6dynt\u00e4\u00e4 kaikki ammatillisen koulutuksen toimijat; esimiehet, opettajat, ohjaajat jne.&nbsp;Niist\u00e4&nbsp;l\u00f6ytyy&#46;&#46;&#46;","og_url":"https:\/\/blogit.gradia.fi\/parasta_osaamista\/toimintamallit-ja-materiaalit\/osallistavat-yhteistyomallit\/","og_site_name":"Parasta osaamista","article_publisher":"https:\/\/www.facebook.com\/POsaamista\/","article_modified_time":"2019-02-20T10:54:33+00:00","twitter_card":"summary_large_image","twitter_site":"@Posaaja_","twitter_misc":{"Arvioitu lukuaika":"1 minuutti"},"schema":{"@context":"https:\/\/schema.org","@graph":[{"@type":"WebPage","@id":"https:\/\/blogit.gradia.fi\/parasta_osaamista\/toimintamallit-ja-materiaalit\/osallistavat-yhteistyomallit\/","url":"https:\/\/blogit.gradia.fi\/parasta_osaamista\/toimintamallit-ja-materiaalit\/osallistavat-yhteistyomallit\/","name":"Osallistavat yhteisty\u00f6mallit\u00a0 - Parasta osaamista","isPartOf":{"@id":"https:\/\/blogit.gradia.fi\/parasta_osaamista\/#website"},"datePublished":"2018-11-29T09:39:48+00:00","dateModified":"2019-02-20T10:54:33+00:00","breadcrumb":{"@id":"https:\/\/blogit.gradia.fi\/parasta_osaamista\/toimintamallit-ja-materiaalit\/osallistavat-yhteistyomallit\/#breadcrumb"},"inLanguage":"fi","potentialAction":[{"@type":"ReadAction","target":["https:\/\/blogit.gradia.fi\/parasta_osaamista\/toimintamallit-ja-materiaalit\/osallistavat-yhteistyomallit\/"]}]},{"@type":"BreadcrumbList","@id":"https:\/\/blogit.gradia.fi\/parasta_osaamista\/toimintamallit-ja-materiaalit\/osallistavat-yhteistyomallit\/#breadcrumb","itemListElement":[{"@type":"ListItem","position":1,"name":"Toimintamallit ja materiaalit","item":"https:\/\/blogit.gradia.fi\/parasta_osaamista\/toimintamallit-ja-materiaalit\/"},{"@type":"ListItem","position":2,"name":"Osallistavat yhteisty\u00f6mallit\u00a0"}]},{"@type":"WebSite","@id":"https:\/\/blogit.gradia.fi\/parasta_osaamista\/#website","url":"https:\/\/blogit.gradia.fi\/parasta_osaamista\/","name":"Parasta osaamista","description":"Parasta osaamista -verkostohanke","publisher":{"@id":"https:\/\/blogit.gradia.fi\/parasta_osaamista\/#organization"},"potentialAction":[{"@type":"SearchAction","target":{"@type":"EntryPoint","urlTemplate":"https:\/\/blogit.gradia.fi\/parasta_osaamista\/?s={search_term_string}"},"query-input":{"@type":"PropertyValueSpecification","valueRequired":true,"valueName":"search_term_string"}}],"inLanguage":"fi"},{"@type":"Organization","@id":"https:\/\/blogit.gradia.fi\/parasta_osaamista\/#organization","name":"Parasta osaamista -verkostohanke","url":"https:\/\/blogit.gradia.fi\/parasta_osaamista\/","logo":{"@type":"ImageObject","inLanguage":"fi","@id":"https:\/\/blogit.gradia.fi\/parasta_osaamista\/#\/schema\/logo\/image\/","url":"https:\/\/blogit.gradia.fi\/parasta_osaamista\/wp-content\/uploads\/sites\/20\/2018\/02\/parasta_osaamista_logo.jpg","contentUrl":"https:\/\/blogit.gradia.fi\/parasta_osaamista\/wp-content\/uploads\/sites\/20\/2018\/02\/parasta_osaamista_logo.jpg","width":344,"height":334,"caption":"Parasta osaamista -verkostohanke"},"image":{"@id":"https:\/\/blogit.gradia.fi\/parasta_osaamista\/#\/schema\/logo\/image\/"},"sameAs":["https:\/\/www.facebook.com\/POsaamista\/","https:\/\/x.com\/Posaaja_","https:\/\/www.instagram.com\/parastaosaamista\/","https:\/\/www.youtube.com\/channel\/UC7hv9jw0R6lS_Fmz5L9TUPw"]}]}},"uagb_featured_image_src":{"full":false,"thumbnail":false,"medium":false,"medium_large":false,"large":false,"1536x1536":false,"2048x2048":false,"thumb-small":false,"thumb-standard":false,"thumb-medium":false,"thumb-large":false,"thumb-xlarge":false,"thumb-xxlarge":false},"uagb_author_info":{"display_name":"Sami Ahonen","author_link":"https:\/\/blogit.gradia.fi\/parasta_osaamista\/author\/ahonesam\/"},"uagb_comment_info":0,"uagb_excerpt":"Uusi ammatillinen koulutus toteutuu yhdess\u00e4 tekem\u00e4ll\u00e4!&nbsp;Osallistavat yhteisty\u00f6mallit tarjoavat&nbsp;erilaisia&nbsp;ideoita&nbsp;kehitt\u00e4\u00e4&nbsp;ja uudistaa&nbsp;ammatillisen&nbsp;koulutuksen&nbsp;toimintatapoja.&nbsp;Muutosten ja uudistusten keskell\u00e4 on t\u00e4rke\u00e4\u00e4, ett\u00e4 kaikilla on mahdollisuus osallistua keskusteluihin ja kehitt\u00e4miseen. Osallistavia yhteisty\u00f6malleja voivat hy\u00f6dynt\u00e4\u00e4 kaikki ammatillisen koulutuksen toimijat; esimiehet, opettajat, ohjaajat jne.&nbsp;Niist\u00e4&nbsp;l\u00f6ytyy&#46;&#46;&#46;","_links":{"self":[{"href":"https:\/\/blogit.gradia.fi\/parasta_osaamista\/wp-json\/wp\/v2\/pages\/1260","targetHints":{"allow":["GET"]}}],"collection":[{"href":"https:\/\/blogit.gradia.fi\/parasta_osaamista\/wp-json\/wp\/v2\/pages"}],"about":[{"href":"https:\/\/blogit.gradia.fi\/parasta_osaamista\/wp-json\/wp\/v2\/types\/page"}],"author":[{"embeddable":true,"href":"https:\/\/blogit.gradia.fi\/parasta_osaamista\/wp-json\/wp\/v2\/users\/178"}],"replies":[{"embeddable":true,"href":"https:\/\/blogit.gradia.fi\/parasta_osaamista\/wp-json\/wp\/v2\/comments?post=1260"}],"version-history":[{"count":2,"href":"https:\/\/blogit.gradia.fi\/parasta_osaamista\/wp-json\/wp\/v2\/pages\/1260\/revisions"}],"predecessor-version":[{"id":1932,"href":"https:\/\/blogit.gradia.fi\/parasta_osaamista\/wp-json\/wp\/v2\/pages\/1260\/revisions\/1932"}],"up":[{"embeddable":true,"href":"https:\/\/blogit.gradia.fi\/parasta_osaamista\/wp-json\/wp\/v2\/pages\/70"}],"wp:attachment":[{"href":"https:\/\/blogit.gradia.fi\/parasta_osaamista\/wp-json\/wp\/v2\/media?parent=1260"}],"curies":[{"name":"wp","href":"https:\/\/api.w.org\/{rel}","templated":true}]}}