{"id":1256,"date":"2018-11-29T11:37:13","date_gmt":"2018-11-29T09:37:13","guid":{"rendered":"https:\/\/blogit.gradia.fi\/parasta_osaamista\/?page_id=1256"},"modified":"2021-01-07T14:03:50","modified_gmt":"2021-01-07T12:03:50","slug":"digitaaliset-pedapolut","status":"publish","type":"page","link":"https:\/\/blogit.gradia.fi\/parasta_osaamista\/toimintamallit-ja-materiaalit\/digitaaliset-pedapolut\/","title":{"rendered":"Digitaaliset pedapolut"},"content":{"rendered":"<h2><strong>Henkil\u00f6st\u00f6n pedapolku -malli<\/strong><\/h2>\n<p><img loading=\"lazy\" decoding=\"async\" class=\"size-full wp-image-2152 aligncenter\" src=\"https:\/\/blogit.gradia.fi\/parasta_osaamista\/wp-content\/uploads\/sites\/20\/2019\/03\/christin-hume-505823-unsplash.png\" alt=\"\" width=\"702\" height=\"468\" \/><\/p>\n<p>Henkil\u00f6st\u00f6n Pedapolku tehtiin vuonna 2018 Parasta osaamista \u2013verkostohankkeessa toimintamalliksi opetus- ja ohjaushenkil\u00f6st\u00f6n osaamisen varmistamiseen. Malli tehtiin Koulutuskeskus Salpauksen Moodle-verkko-oppimisalustalle. Pedapolku on opetus- ja ohjaushenkil\u00f6st\u00f6lle r\u00e4\u00e4t\u00e4l\u00f6ity kurssi, joka auttoi huomaamaan, mit\u00e4 kaikkea ammatillisen koulutuksen lains\u00e4\u00e4d\u00e4nn\u00f6ss\u00e4 muuttui vuonna 2018. Kurssin tarkoitus oli auttaa henkil\u00f6st\u00f6\u00e4 tunnistamaan omaa osaamistaan ja suunnitella puuttuvan osaamisen hankkiminen.<\/p>\n<p>Henkil\u00f6st\u00f6n Pedapolku &#8211; mallia voi soveltaa omassa ty\u00f6yksik\u00f6ss\u00e4 tai -yhteis\u00f6ss\u00e4 yhteisen n\u00e4kemyksen ja ymm\u00e4rryksen luomisessa sek\u00e4 ryhm\u00e4n tai yksil\u00f6n onnistumiskeskustelussa: mit\u00e4 osaamista meill\u00e4 on nyt, ja mit\u00e4 osaamista tarvitsemme nyt ja tulevaisuudessa. Ja miten kartutamme tai hankimme osaamista ryhm\u00e4n\u00e4 ja yksil\u00f6in\u00e4.<\/p>\n<p><strong>Pedapolun osat ja elementit<\/strong><br \/>Pedapolun jokainen osio koostuu pakollisesta osasta, jossa testataan osaaminen, ja valinnaisesta osasta, jonka avulla perehdyt\u00e4\u00e4n ohjeisiin ja prosesseihin oman organisaation intranetiss\u00e4 tai nettilinkkien kautta muualta.<br \/>Pedapolku sis\u00e4lt\u00e4\u00e4 samoja elementtej\u00e4, jotka ovat ammatillisen koulutuksen ytimess\u00e4. N\u00e4in elementit tulevat omakohtaisesti tutummaksi, ja niiden merkitys tulee paremmin esille. <br \/>Elementit ovat<br \/>1. henkil\u00f6kohtaisen osaamisen kehitt\u00e4misen suunnitelma, HOKS<br \/>2. puuttuvan osaamisen hankkiminen<br \/>3. osaamisen osoittaminen<br \/>Kun henkil\u00f6 on testannut osaamisensa testin avulla, on h\u00e4nen tarkoitus mietti\u00e4 osio kerrallaan, mit\u00e4 osaamista tarvitsee ja miten sen voisi hankkia. Asiat kirjataan omaan suunnitelmaan, johon p\u00e4\u00e4see HOKS-painikkeesta. Omaa suunnitelmaa voi aina p\u00e4ivitt\u00e4\u00e4 ja my\u00f6s esimies voi tarpeen mukaan k\u00e4yd\u00e4 sit\u00e4 kommentoimassa.<\/p>\n<p>Puuttuvaa osaamista hankitaan 70-20-10 -mallin mukaisesti: ottamalla k\u00e4yt\u00e4nt\u00f6\u00f6n omassa ty\u00f6ss\u00e4 (70 %), toisilta oppien ja yhdess\u00e4 mentoroiden (20 %), sek\u00e4 koulutuksella (10 %). Pedapolun valinnaisessa osassa on linkkej\u00e4 oman organisaation tarjoamiin tai j\u00e4rjest\u00e4miin koulutuksiin ja perehtymismahdollisuuksiin. Siell\u00e4 on linkkej\u00e4 my\u00f6s lains\u00e4\u00e4d\u00e4nt\u00f6\u00f6n, sek\u00e4 asiaan liittyviin materiaaleihin muilla nettisivuilla.<\/p>\n<p>Osaamisen osoittaminen sovitaan esimiehen kanssa. Se voidaan tehd\u00e4 esimerkiksi vertaiskeskustelussa tiimipalaverissa, jolloin otetaan esiin oikeita arjen esimerkkej\u00e4 opetus- ja ohjausty\u00f6ss\u00e4 ja keskustellaan niiden toteutuksesta sek\u00e4 onnistumisesta ja haasteista. Asioista voidaan keskustella ja osaamista varmistaa my\u00f6s kahden kesken esimiehen kanssa keskustellen.<\/p>\n<p><strong>Pedapolku &#8211; mallin sis\u00e4lt\u00f6<\/strong><br \/>Pedapolun mallikurssi sis\u00e4lt\u00e4\u00e4 eri osioita:<br \/>1. HOKS eli henkil\u00f6kohtaisen osaamisen kehitt\u00e4misen suunnitelma<br \/>2. Osaamisen tunnistaminen ja tunnustaminen<br \/>3. Arviointiosaaminen<br \/>4. Ohjausosaaminen<br \/>5. Ty\u00f6paikalla j\u00e4rjestett\u00e4v\u00e4 koulutus<\/p>\n<p>Parasta osaamista \u2013 hankkeen blogisivulla, Digitaaliset pedapolut \u2013 v\u00e4lilehdell\u00e4, on liitteen\u00e4 vuonna 2018 tehdyn henkil\u00f6st\u00f6n HOKS-testin kysymykset.<br \/>Pedapolku \u2013 malliin on mahdollista lis\u00e4t\u00e4 osioita organisaation tarpeen mukaan, ja p\u00e4ivitt\u00e4\u00e4 olemassa olevia. Pedapolun tarkoitus on ollut my\u00f6s tuoda tutummaksi koulutuksen j\u00e4rjest\u00e4j\u00e4n k\u00e4yt\u00f6ss\u00e4 olevaa verkko-oppimisalustaa, ja antaa opetus- ja ohjaushenkil\u00f6st\u00f6lle omakohtaista kokemusta sen erilaisista mahdollisuuksista.<\/p>\n<h2><strong>PedaPodCast\u202f<\/strong><\/h2>\n<p>Podcastien\u00a0kuunteleminen on helppoa ajasta ja paikasta riippumatta.\u00a0Podcastit\u00a0kulkevat mukana miss\u00e4 vain; niit\u00e4 pystyy kuuntelemaan helposti mobiililaitteella.\u202fPedapodcastissa\u202fkeskustellaan uudistuvan ammatillisen koulutuksen pedagogiikasta ja k\u00e4yt\u00e4nteist\u00e4.\u00a0Podcastit\u00a0ovat kestoltaan noin 10-15 minuuttia. Esittelij\u00f6in\u00e4\u00a0voivat\u00a0toimivat esimerkiksi pedagoginen asiantuntija ja kehitt\u00e4misjohtaja. Mukaan keskusteluun kutsutaan kehitt\u00e4j\u00e4opettajia, hanketoimijoita ja opiskelijoita.<\/p>\n<p><a href=\"https:\/\/www.spreaker.com\/show\/3275817\" target=\"_blank\" rel=\"noopener noreferrer\">T\u00e4st\u00e4 linkist\u00e4 p\u00e4\u00e4set jo julkaistuihin PodCasteihin<\/a><\/p>\n<p><strong>Tutustu\u00a0lis\u00e4materiaaleihin!<\/strong><\/p>\n<p><a href=\"https:\/\/jaofi.sharepoint.com\/:b:\/s\/3\/Parasta_osaamista\/EXcEGb8poLZEpnwJnjiMh-cBUbN3KD8MYBQmC3QT70yqDg?e=fhd7XJ\">Henkil\u00f6st\u00f6n Pedapolku &#8211; malli\u00a0<\/a><\/p>\n<p><a href=\"https:\/\/blogit.gradia.fi\/parasta_osaamista\/wp-content\/uploads\/sites\/20\/2019\/01\/Moodlen-pedapolun-kysymykset.pdf\" target=\"_blank\" rel=\"noopener noreferrer\">Moodlen pedapolun kysymykset<\/a><\/p>\n<p><a href=\"https:\/\/blogit.gradia.fi\/parasta_osaamista\/wp-content\/uploads\/sites\/20\/2019\/01\/JokaOpe.pdf\" target=\"_blank\" rel=\"noopener noreferrer\">JokaOpe<\/a><\/p>\n<p><a href=\"https:\/\/blogit.gradia.fi\/parasta_osaamista\/wp-content\/uploads\/sites\/20\/2019\/01\/Pedapodcastit.pdf\" target=\"_blank\" rel=\"noopener noreferrer\">Pedapodcastit<\/a><\/p>\n<p><a href=\"http:\/\/oppiva.omnia.fi\" target=\"_blank\" rel=\"noopener noreferrer\">Oppiva.omnia.fi<\/a><\/p>\n<p><a href=\"https:\/\/blogit.gradia.fi\/parasta_osaamista\/wp-content\/uploads\/sites\/20\/2019\/01\/Teams-yhteisty\u00f6skentelyn-tukena.pdf\" target=\"_blank\" rel=\"noopener noreferrer\">Teams yhteisty\u00f6skentelyn tukena<\/a><\/p>\n<p><a href=\"https:\/\/blogit.gradia.fi\/parasta_osaamista\/wp-content\/uploads\/sites\/20\/2019\/01\/L\u00e4rarens-digitala-kompetentssit-i-Teams.pdf\" target=\"_blank\" rel=\"noopener noreferrer\">L\u00e4rarens digitala kompetentssit i Teams<\/a><\/p>\n<p><a href=\"https:\/\/blogit.gradia.fi\/parasta_osaamista\/wp-content\/uploads\/sites\/20\/2020\/06\/70-20-10-opitaan-yhdessa-opas-2017-CC.pdf\" target=\"_blank\" rel=\"noopener noreferrer\">70-20-10 \u2013\u00a0opitaan\u00a0yhdess\u00e4\u00a0&#8211;\u00a0opas\u00a0<\/a><\/p>\n<p>Treduvei:\u00a0Suorat linkit Moodlen ty\u00f6tiloihin ovat:<\/p>\n<ul>\n<li><a href=\"https:\/\/moodle.tampere.fi\/course\/view.php?id=6062\" target=\"_blank\" rel=\"noopener noreferrer\">#treduvei\u00a0Ohjaus<\/a><\/li>\n<li><a href=\"https:\/\/moodle.tampere.fi\/course\/view.php?id=6063\" target=\"_blank\" rel=\"noopener noreferrer\">#treduvei\u00a0Arviointi <\/a><\/li>\n<\/ul>\n<p>Vierailijana kirjautuminen avautuu linkist\u00e4 sivun alareunaan, salasana kumpaankin on:\u00a0<strong>treduvieras<\/strong><\/p>\n\n\n<p><\/p>\n","protected":false},"excerpt":{"rendered":"<p>Henkil\u00f6st\u00f6n pedapolku -malli Henkil\u00f6st\u00f6n Pedapolku tehtiin vuonna 2018 Parasta osaamista \u2013verkostohankkeessa toimintamalliksi opetus- ja ohjaushenkil\u00f6st\u00f6n osaamisen varmistamiseen. Malli tehtiin Koulutuskeskus Salpauksen Moodle-verkko-oppimisalustalle. Pedapolku on opetus- ja ohjaushenkil\u00f6st\u00f6lle r\u00e4\u00e4t\u00e4l\u00f6ity kurssi, joka auttoi huomaamaan, mit\u00e4 kaikkea&#46;&#46;&#46;<\/p>\n","protected":false},"author":178,"featured_media":0,"parent":70,"menu_order":0,"comment_status":"closed","ping_status":"closed","template":"","meta":{"_uag_custom_page_level_css":"","footnotes":""},"class_list":["post-1256","page","type-page","status-publish","hentry"],"yoast_head":"<!-- This site is optimized with the Yoast SEO plugin v27.4 - https:\/\/yoast.com\/product\/yoast-seo-wordpress\/ -->\n<title>Digitaaliset pedapolut - Parasta osaamista<\/title>\n<meta name=\"robots\" content=\"index, follow, max-snippet:-1, max-image-preview:large, max-video-preview:-1\" \/>\n<link rel=\"canonical\" href=\"https:\/\/blogit.gradia.fi\/parasta_osaamista\/toimintamallit-ja-materiaalit\/digitaaliset-pedapolut\/\" \/>\n<meta property=\"og:locale\" content=\"fi_FI\" \/>\n<meta property=\"og:type\" content=\"article\" \/>\n<meta property=\"og:title\" content=\"Digitaaliset pedapolut - Parasta osaamista\" \/>\n<meta property=\"og:description\" content=\"Henkil\u00f6st\u00f6n pedapolku -malli Henkil\u00f6st\u00f6n Pedapolku tehtiin vuonna 2018 Parasta osaamista \u2013verkostohankkeessa toimintamalliksi opetus- ja ohjaushenkil\u00f6st\u00f6n osaamisen varmistamiseen. Malli tehtiin Koulutuskeskus Salpauksen Moodle-verkko-oppimisalustalle. Pedapolku on opetus- ja ohjaushenkil\u00f6st\u00f6lle r\u00e4\u00e4t\u00e4l\u00f6ity kurssi, joka auttoi huomaamaan, mit\u00e4 kaikkea&#046;&#046;&#046;\" \/>\n<meta property=\"og:url\" content=\"https:\/\/blogit.gradia.fi\/parasta_osaamista\/toimintamallit-ja-materiaalit\/digitaaliset-pedapolut\/\" \/>\n<meta property=\"og:site_name\" content=\"Parasta osaamista\" \/>\n<meta property=\"article:publisher\" content=\"https:\/\/www.facebook.com\/POsaamista\/\" \/>\n<meta property=\"article:modified_time\" content=\"2021-01-07T12:03:50+00:00\" \/>\n<meta property=\"og:image\" content=\"https:\/\/blogit.gradia.fi\/parasta_osaamista\/wp-content\/uploads\/sites\/20\/2019\/03\/christin-hume-505823-unsplash.png\" \/>\n<meta name=\"twitter:card\" content=\"summary_large_image\" \/>\n<meta name=\"twitter:site\" content=\"@Posaaja_\" \/>\n<meta name=\"twitter:label1\" content=\"Arvioitu lukuaika\" \/>\n\t<meta name=\"twitter:data1\" content=\"3 minuuttia\" \/>\n<script type=\"application\/ld+json\" class=\"yoast-schema-graph\">{\"@context\":\"https:\\\/\\\/schema.org\",\"@graph\":[{\"@type\":\"WebPage\",\"@id\":\"https:\\\/\\\/blogit.gradia.fi\\\/parasta_osaamista\\\/toimintamallit-ja-materiaalit\\\/digitaaliset-pedapolut\\\/\",\"url\":\"https:\\\/\\\/blogit.gradia.fi\\\/parasta_osaamista\\\/toimintamallit-ja-materiaalit\\\/digitaaliset-pedapolut\\\/\",\"name\":\"Digitaaliset pedapolut - Parasta osaamista\",\"isPartOf\":{\"@id\":\"https:\\\/\\\/blogit.gradia.fi\\\/parasta_osaamista\\\/#website\"},\"primaryImageOfPage\":{\"@id\":\"https:\\\/\\\/blogit.gradia.fi\\\/parasta_osaamista\\\/toimintamallit-ja-materiaalit\\\/digitaaliset-pedapolut\\\/#primaryimage\"},\"image\":{\"@id\":\"https:\\\/\\\/blogit.gradia.fi\\\/parasta_osaamista\\\/toimintamallit-ja-materiaalit\\\/digitaaliset-pedapolut\\\/#primaryimage\"},\"thumbnailUrl\":\"https:\\\/\\\/blogit.gradia.fi\\\/parasta_osaamista\\\/wp-content\\\/uploads\\\/sites\\\/20\\\/2019\\\/03\\\/christin-hume-505823-unsplash.png\",\"datePublished\":\"2018-11-29T09:37:13+00:00\",\"dateModified\":\"2021-01-07T12:03:50+00:00\",\"breadcrumb\":{\"@id\":\"https:\\\/\\\/blogit.gradia.fi\\\/parasta_osaamista\\\/toimintamallit-ja-materiaalit\\\/digitaaliset-pedapolut\\\/#breadcrumb\"},\"inLanguage\":\"fi\",\"potentialAction\":[{\"@type\":\"ReadAction\",\"target\":[\"https:\\\/\\\/blogit.gradia.fi\\\/parasta_osaamista\\\/toimintamallit-ja-materiaalit\\\/digitaaliset-pedapolut\\\/\"]}]},{\"@type\":\"ImageObject\",\"inLanguage\":\"fi\",\"@id\":\"https:\\\/\\\/blogit.gradia.fi\\\/parasta_osaamista\\\/toimintamallit-ja-materiaalit\\\/digitaaliset-pedapolut\\\/#primaryimage\",\"url\":\"https:\\\/\\\/blogit.gradia.fi\\\/parasta_osaamista\\\/wp-content\\\/uploads\\\/sites\\\/20\\\/2019\\\/03\\\/christin-hume-505823-unsplash.png\",\"contentUrl\":\"https:\\\/\\\/blogit.gradia.fi\\\/parasta_osaamista\\\/wp-content\\\/uploads\\\/sites\\\/20\\\/2019\\\/03\\\/christin-hume-505823-unsplash.png\",\"width\":702,\"height\":468},{\"@type\":\"BreadcrumbList\",\"@id\":\"https:\\\/\\\/blogit.gradia.fi\\\/parasta_osaamista\\\/toimintamallit-ja-materiaalit\\\/digitaaliset-pedapolut\\\/#breadcrumb\",\"itemListElement\":[{\"@type\":\"ListItem\",\"position\":1,\"name\":\"Toimintamallit ja materiaalit\",\"item\":\"https:\\\/\\\/blogit.gradia.fi\\\/parasta_osaamista\\\/toimintamallit-ja-materiaalit\\\/\"},{\"@type\":\"ListItem\",\"position\":2,\"name\":\"Digitaaliset pedapolut\"}]},{\"@type\":\"WebSite\",\"@id\":\"https:\\\/\\\/blogit.gradia.fi\\\/parasta_osaamista\\\/#website\",\"url\":\"https:\\\/\\\/blogit.gradia.fi\\\/parasta_osaamista\\\/\",\"name\":\"Parasta osaamista\",\"description\":\"Parasta osaamista -verkostohanke\",\"publisher\":{\"@id\":\"https:\\\/\\\/blogit.gradia.fi\\\/parasta_osaamista\\\/#organization\"},\"potentialAction\":[{\"@type\":\"SearchAction\",\"target\":{\"@type\":\"EntryPoint\",\"urlTemplate\":\"https:\\\/\\\/blogit.gradia.fi\\\/parasta_osaamista\\\/?s={search_term_string}\"},\"query-input\":{\"@type\":\"PropertyValueSpecification\",\"valueRequired\":true,\"valueName\":\"search_term_string\"}}],\"inLanguage\":\"fi\"},{\"@type\":\"Organization\",\"@id\":\"https:\\\/\\\/blogit.gradia.fi\\\/parasta_osaamista\\\/#organization\",\"name\":\"Parasta osaamista -verkostohanke\",\"url\":\"https:\\\/\\\/blogit.gradia.fi\\\/parasta_osaamista\\\/\",\"logo\":{\"@type\":\"ImageObject\",\"inLanguage\":\"fi\",\"@id\":\"https:\\\/\\\/blogit.gradia.fi\\\/parasta_osaamista\\\/#\\\/schema\\\/logo\\\/image\\\/\",\"url\":\"https:\\\/\\\/blogit.gradia.fi\\\/parasta_osaamista\\\/wp-content\\\/uploads\\\/sites\\\/20\\\/2018\\\/02\\\/parasta_osaamista_logo.jpg\",\"contentUrl\":\"https:\\\/\\\/blogit.gradia.fi\\\/parasta_osaamista\\\/wp-content\\\/uploads\\\/sites\\\/20\\\/2018\\\/02\\\/parasta_osaamista_logo.jpg\",\"width\":344,\"height\":334,\"caption\":\"Parasta osaamista -verkostohanke\"},\"image\":{\"@id\":\"https:\\\/\\\/blogit.gradia.fi\\\/parasta_osaamista\\\/#\\\/schema\\\/logo\\\/image\\\/\"},\"sameAs\":[\"https:\\\/\\\/www.facebook.com\\\/POsaamista\\\/\",\"https:\\\/\\\/x.com\\\/Posaaja_\",\"https:\\\/\\\/www.instagram.com\\\/parastaosaamista\\\/\",\"https:\\\/\\\/www.youtube.com\\\/channel\\\/UC7hv9jw0R6lS_Fmz5L9TUPw\"]}]}<\/script>\n<!-- \/ Yoast SEO plugin. -->","yoast_head_json":{"title":"Digitaaliset pedapolut - Parasta osaamista","robots":{"index":"index","follow":"follow","max-snippet":"max-snippet:-1","max-image-preview":"max-image-preview:large","max-video-preview":"max-video-preview:-1"},"canonical":"https:\/\/blogit.gradia.fi\/parasta_osaamista\/toimintamallit-ja-materiaalit\/digitaaliset-pedapolut\/","og_locale":"fi_FI","og_type":"article","og_title":"Digitaaliset pedapolut - Parasta osaamista","og_description":"Henkil\u00f6st\u00f6n pedapolku -malli Henkil\u00f6st\u00f6n Pedapolku tehtiin vuonna 2018 Parasta osaamista \u2013verkostohankkeessa toimintamalliksi opetus- ja ohjaushenkil\u00f6st\u00f6n osaamisen varmistamiseen. Malli tehtiin Koulutuskeskus Salpauksen Moodle-verkko-oppimisalustalle. Pedapolku on opetus- ja ohjaushenkil\u00f6st\u00f6lle r\u00e4\u00e4t\u00e4l\u00f6ity kurssi, joka auttoi huomaamaan, mit\u00e4 kaikkea&#46;&#46;&#46;","og_url":"https:\/\/blogit.gradia.fi\/parasta_osaamista\/toimintamallit-ja-materiaalit\/digitaaliset-pedapolut\/","og_site_name":"Parasta osaamista","article_publisher":"https:\/\/www.facebook.com\/POsaamista\/","article_modified_time":"2021-01-07T12:03:50+00:00","og_image":[{"url":"https:\/\/blogit.gradia.fi\/parasta_osaamista\/wp-content\/uploads\/sites\/20\/2019\/03\/christin-hume-505823-unsplash.png","type":"","width":"","height":""}],"twitter_card":"summary_large_image","twitter_site":"@Posaaja_","twitter_misc":{"Arvioitu lukuaika":"3 minuuttia"},"schema":{"@context":"https:\/\/schema.org","@graph":[{"@type":"WebPage","@id":"https:\/\/blogit.gradia.fi\/parasta_osaamista\/toimintamallit-ja-materiaalit\/digitaaliset-pedapolut\/","url":"https:\/\/blogit.gradia.fi\/parasta_osaamista\/toimintamallit-ja-materiaalit\/digitaaliset-pedapolut\/","name":"Digitaaliset pedapolut - Parasta osaamista","isPartOf":{"@id":"https:\/\/blogit.gradia.fi\/parasta_osaamista\/#website"},"primaryImageOfPage":{"@id":"https:\/\/blogit.gradia.fi\/parasta_osaamista\/toimintamallit-ja-materiaalit\/digitaaliset-pedapolut\/#primaryimage"},"image":{"@id":"https:\/\/blogit.gradia.fi\/parasta_osaamista\/toimintamallit-ja-materiaalit\/digitaaliset-pedapolut\/#primaryimage"},"thumbnailUrl":"https:\/\/blogit.gradia.fi\/parasta_osaamista\/wp-content\/uploads\/sites\/20\/2019\/03\/christin-hume-505823-unsplash.png","datePublished":"2018-11-29T09:37:13+00:00","dateModified":"2021-01-07T12:03:50+00:00","breadcrumb":{"@id":"https:\/\/blogit.gradia.fi\/parasta_osaamista\/toimintamallit-ja-materiaalit\/digitaaliset-pedapolut\/#breadcrumb"},"inLanguage":"fi","potentialAction":[{"@type":"ReadAction","target":["https:\/\/blogit.gradia.fi\/parasta_osaamista\/toimintamallit-ja-materiaalit\/digitaaliset-pedapolut\/"]}]},{"@type":"ImageObject","inLanguage":"fi","@id":"https:\/\/blogit.gradia.fi\/parasta_osaamista\/toimintamallit-ja-materiaalit\/digitaaliset-pedapolut\/#primaryimage","url":"https:\/\/blogit.gradia.fi\/parasta_osaamista\/wp-content\/uploads\/sites\/20\/2019\/03\/christin-hume-505823-unsplash.png","contentUrl":"https:\/\/blogit.gradia.fi\/parasta_osaamista\/wp-content\/uploads\/sites\/20\/2019\/03\/christin-hume-505823-unsplash.png","width":702,"height":468},{"@type":"BreadcrumbList","@id":"https:\/\/blogit.gradia.fi\/parasta_osaamista\/toimintamallit-ja-materiaalit\/digitaaliset-pedapolut\/#breadcrumb","itemListElement":[{"@type":"ListItem","position":1,"name":"Toimintamallit ja materiaalit","item":"https:\/\/blogit.gradia.fi\/parasta_osaamista\/toimintamallit-ja-materiaalit\/"},{"@type":"ListItem","position":2,"name":"Digitaaliset pedapolut"}]},{"@type":"WebSite","@id":"https:\/\/blogit.gradia.fi\/parasta_osaamista\/#website","url":"https:\/\/blogit.gradia.fi\/parasta_osaamista\/","name":"Parasta osaamista","description":"Parasta osaamista -verkostohanke","publisher":{"@id":"https:\/\/blogit.gradia.fi\/parasta_osaamista\/#organization"},"potentialAction":[{"@type":"SearchAction","target":{"@type":"EntryPoint","urlTemplate":"https:\/\/blogit.gradia.fi\/parasta_osaamista\/?s={search_term_string}"},"query-input":{"@type":"PropertyValueSpecification","valueRequired":true,"valueName":"search_term_string"}}],"inLanguage":"fi"},{"@type":"Organization","@id":"https:\/\/blogit.gradia.fi\/parasta_osaamista\/#organization","name":"Parasta osaamista -verkostohanke","url":"https:\/\/blogit.gradia.fi\/parasta_osaamista\/","logo":{"@type":"ImageObject","inLanguage":"fi","@id":"https:\/\/blogit.gradia.fi\/parasta_osaamista\/#\/schema\/logo\/image\/","url":"https:\/\/blogit.gradia.fi\/parasta_osaamista\/wp-content\/uploads\/sites\/20\/2018\/02\/parasta_osaamista_logo.jpg","contentUrl":"https:\/\/blogit.gradia.fi\/parasta_osaamista\/wp-content\/uploads\/sites\/20\/2018\/02\/parasta_osaamista_logo.jpg","width":344,"height":334,"caption":"Parasta osaamista -verkostohanke"},"image":{"@id":"https:\/\/blogit.gradia.fi\/parasta_osaamista\/#\/schema\/logo\/image\/"},"sameAs":["https:\/\/www.facebook.com\/POsaamista\/","https:\/\/x.com\/Posaaja_","https:\/\/www.instagram.com\/parastaosaamista\/","https:\/\/www.youtube.com\/channel\/UC7hv9jw0R6lS_Fmz5L9TUPw"]}]}},"uagb_featured_image_src":{"full":false,"thumbnail":false,"medium":false,"medium_large":false,"large":false,"1536x1536":false,"2048x2048":false,"thumb-small":false,"thumb-standard":false,"thumb-medium":false,"thumb-large":false,"thumb-xlarge":false,"thumb-xxlarge":false},"uagb_author_info":{"display_name":"Sami Ahonen","author_link":"https:\/\/blogit.gradia.fi\/parasta_osaamista\/author\/ahonesam\/"},"uagb_comment_info":0,"uagb_excerpt":"Henkil\u00f6st\u00f6n pedapolku -malli Henkil\u00f6st\u00f6n Pedapolku tehtiin vuonna 2018 Parasta osaamista \u2013verkostohankkeessa toimintamalliksi opetus- ja ohjaushenkil\u00f6st\u00f6n osaamisen varmistamiseen. Malli tehtiin Koulutuskeskus Salpauksen Moodle-verkko-oppimisalustalle. Pedapolku on opetus- ja ohjaushenkil\u00f6st\u00f6lle r\u00e4\u00e4t\u00e4l\u00f6ity kurssi, joka auttoi huomaamaan, mit\u00e4 kaikkea&#46;&#46;&#46;","_links":{"self":[{"href":"https:\/\/blogit.gradia.fi\/parasta_osaamista\/wp-json\/wp\/v2\/pages\/1256","targetHints":{"allow":["GET"]}}],"collection":[{"href":"https:\/\/blogit.gradia.fi\/parasta_osaamista\/wp-json\/wp\/v2\/pages"}],"about":[{"href":"https:\/\/blogit.gradia.fi\/parasta_osaamista\/wp-json\/wp\/v2\/types\/page"}],"author":[{"embeddable":true,"href":"https:\/\/blogit.gradia.fi\/parasta_osaamista\/wp-json\/wp\/v2\/users\/178"}],"replies":[{"embeddable":true,"href":"https:\/\/blogit.gradia.fi\/parasta_osaamista\/wp-json\/wp\/v2\/comments?post=1256"}],"version-history":[{"count":19,"href":"https:\/\/blogit.gradia.fi\/parasta_osaamista\/wp-json\/wp\/v2\/pages\/1256\/revisions"}],"predecessor-version":[{"id":3685,"href":"https:\/\/blogit.gradia.fi\/parasta_osaamista\/wp-json\/wp\/v2\/pages\/1256\/revisions\/3685"}],"up":[{"embeddable":true,"href":"https:\/\/blogit.gradia.fi\/parasta_osaamista\/wp-json\/wp\/v2\/pages\/70"}],"wp:attachment":[{"href":"https:\/\/blogit.gradia.fi\/parasta_osaamista\/wp-json\/wp\/v2\/media?parent=1256"}],"curies":[{"name":"wp","href":"https:\/\/api.w.org\/{rel}","templated":true}]}}