{"id":117,"date":"2018-04-03T14:22:33","date_gmt":"2018-04-03T11:22:33","guid":{"rendered":"https:\/\/blogit.gradia.fi\/parastatestia\/?page_id=117"},"modified":"2018-04-05T10:26:58","modified_gmt":"2018-04-05T07:26:58","slug":"information-av-project","status":"publish","type":"page","link":"https:\/\/blogit.gradia.fi\/parasta_osaamista\/information-av-project\/","title":{"rendered":"Information om projektet"},"content":{"rendered":"<h1>B\u00e4sta kunnande -n\u00e4tverksprojektet<\/h1>\n<p>Som en del av \u00e5tg\u00e4rdsprogrammet f\u00f6r utvecklingen av undervisnings- och handledningspersonalens kunnande startar man upp n\u00e4tverksprojektet B\u00e4sta kunnande, vars uppgift \u00e4r att i samarbete med utbildningsanordnarna, de yrkespedagogiska l\u00e4rarh\u00f6gskolorna och sakkunniga inom yrkesutbildning<\/p>\n<p>1. kartl\u00e4gga de centrala kraven och behoven som den f\u00f6r\u00e4ndrade verksamhetsmilj\u00f6n och den reformerade yrkesutbildningen st\u00e4ller p\u00e5 kunnandet hos undervisnings- och handledningspersonalen. S\u00e4rskilda tyngdpunktsomr\u00e5den utg\u00f6r kompetensinriktningen (bla. personlig till\u00e4mpning, handledning, bed\u00f6mning av kunnande, inh\u00e4mtande av kunnande), utbildning som ordnas p\u00e5 arbetsplatser (bla. organisering, handledning, bed\u00f6mning), kvalitetsledning och digitalisering).<\/p>\n<p>2. utifr\u00e5n kartlagda krav och behov f\u00f6rbereda ett f\u00f6rslag p\u00e5 en modul\u00e4r kompetenshelhet, inom vilken man kan st\u00f6da en kontinuerlig utveckling och f\u00f6rnyelse av kunnandet hos undervisnings- och handledningspersonalen. I det f\u00f6rberedande arbetet ska man anv\u00e4nda sig av de erfarenheter man f\u00e5tt via examensm\u00e4starutbildningen och utbildningen av arbetsplatshandledare och arbetsplatsutbildare.<\/p>\n<p>3. till utbildningsanordnarnas f\u00f6rfogande f\u00f6rbereda och sprida behovspr\u00f6vade verksamhetsmodeller (s\u00e4rskilt digitala l\u00f6sningar) samt utbildning f\u00f6r utvecklingen av kunnande hos undervisnings- och handledningspersonalen<\/p>\n<p>4. till utbildningsanordnarnas f\u00f6rfogande f\u00f6rbereda och sprida verksamhetsmodeller och st\u00f6dmaterial samt utbildning f\u00f6r ordnande av utbildning p\u00e5 arbetsplatser, avtal och planering av den, handledning, \u00f6vervakning samt genomf\u00f6rande av bed\u00f6mning av kunnande.<\/p>\n<p>5. till utbildningsanordnarnas f\u00f6rfogande f\u00f6rbereda och sprida verksamhetsmodeller och st\u00f6dmaterial f\u00f6r introduktion av arbetsplatshandledare, d\u00e4r man s\u00e4rskilt anv\u00e4nder sig av digitala l\u00f6sningar.<\/p>\n<h3><\/h3>\n<h3><strong>M\u00e5lgrupp:<\/strong><\/h3>\n<p>Projektets m\u00e5lgrupp \u00e4r undervisnings- och handledningspersonal<\/p>\n<h3><strong>Start- &amp; slutdatum:<\/strong><\/h3>\n<p>31.12.16 -30.12.19<\/p>\n<h3><strong>Finansi\u00e4r:<\/strong><\/h3>\n<p>Utbildningsstyrelsen delfinansierar n\u00e4tverksprojektet<\/p>\n<h3><strong>Partner:<\/strong><\/h3>\n<p>Jyv\u00e4skyl\u00e4n koulutuskuntayhtym\u00e4 Gradia (koordinator), Sedu, WinNova, Omnia, Lappia, Riveria, Tredu, Spesia, Salpaus samt YA! (ansvarar f\u00f6r svenskspr\u00e5kig spridning). Yrkesl\u00e4rarh\u00f6gskolor och \u00c5bo Akademi medverkar ocks\u00e5 i n\u00e4tverksprojektet.<\/p>\n","protected":false},"excerpt":{"rendered":"<p>B\u00e4sta kunnande -n\u00e4tverksprojektet Som en del av \u00e5tg\u00e4rdsprogrammet f\u00f6r utvecklingen av undervisnings- och handledningspersonalens kunnande startar man upp n\u00e4tverksprojektet B\u00e4sta kunnande, vars uppgift \u00e4r att i samarbete med utbildningsanordnarna, de yrkespedagogiska l\u00e4rarh\u00f6gskolorna och sakkunniga&#46;&#46;&#46;<\/p>\n","protected":false},"author":178,"featured_media":0,"parent":0,"menu_order":0,"comment_status":"closed","ping_status":"closed","template":"","meta":{"_uag_custom_page_level_css":"","footnotes":""},"class_list":["post-117","page","type-page","status-publish","hentry"],"yoast_head":"<!-- This site is optimized with the Yoast SEO plugin v27.4 - https:\/\/yoast.com\/product\/yoast-seo-wordpress\/ -->\n<title>Information om projektet - Parasta osaamista<\/title>\n<meta name=\"robots\" content=\"index, follow, max-snippet:-1, max-image-preview:large, max-video-preview:-1\" \/>\n<link rel=\"canonical\" href=\"https:\/\/blogit.gradia.fi\/parasta_osaamista\/information-av-project\/\" \/>\n<meta property=\"og:locale\" content=\"fi_FI\" \/>\n<meta property=\"og:type\" content=\"article\" \/>\n<meta property=\"og:title\" content=\"Information om projektet - Parasta osaamista\" \/>\n<meta property=\"og:description\" content=\"B\u00e4sta kunnande -n\u00e4tverksprojektet Som en del av \u00e5tg\u00e4rdsprogrammet f\u00f6r utvecklingen av undervisnings- och handledningspersonalens kunnande startar man upp n\u00e4tverksprojektet B\u00e4sta kunnande, vars uppgift \u00e4r att i samarbete med utbildningsanordnarna, de yrkespedagogiska l\u00e4rarh\u00f6gskolorna och sakkunniga&#046;&#046;&#046;\" \/>\n<meta property=\"og:url\" content=\"https:\/\/blogit.gradia.fi\/parasta_osaamista\/information-av-project\/\" \/>\n<meta property=\"og:site_name\" content=\"Parasta osaamista\" \/>\n<meta property=\"article:publisher\" content=\"https:\/\/www.facebook.com\/POsaamista\/\" \/>\n<meta property=\"article:modified_time\" content=\"2018-04-05T07:26:58+00:00\" \/>\n<meta name=\"twitter:card\" content=\"summary_large_image\" \/>\n<meta name=\"twitter:site\" content=\"@Posaaja_\" \/>\n<meta name=\"twitter:label1\" content=\"Arvioitu lukuaika\" \/>\n\t<meta name=\"twitter:data1\" content=\"2 minuuttia\" \/>\n<script type=\"application\/ld+json\" class=\"yoast-schema-graph\">{\"@context\":\"https:\\\/\\\/schema.org\",\"@graph\":[{\"@type\":\"WebPage\",\"@id\":\"https:\\\/\\\/blogit.gradia.fi\\\/parasta_osaamista\\\/information-av-project\\\/\",\"url\":\"https:\\\/\\\/blogit.gradia.fi\\\/parasta_osaamista\\\/information-av-project\\\/\",\"name\":\"Information om projektet - Parasta osaamista\",\"isPartOf\":{\"@id\":\"https:\\\/\\\/blogit.gradia.fi\\\/parasta_osaamista\\\/#website\"},\"datePublished\":\"2018-04-03T11:22:33+00:00\",\"dateModified\":\"2018-04-05T07:26:58+00:00\",\"inLanguage\":\"fi\",\"potentialAction\":[{\"@type\":\"ReadAction\",\"target\":[\"https:\\\/\\\/blogit.gradia.fi\\\/parasta_osaamista\\\/information-av-project\\\/\"]}]},{\"@type\":\"WebSite\",\"@id\":\"https:\\\/\\\/blogit.gradia.fi\\\/parasta_osaamista\\\/#website\",\"url\":\"https:\\\/\\\/blogit.gradia.fi\\\/parasta_osaamista\\\/\",\"name\":\"Parasta osaamista\",\"description\":\"Parasta osaamista -verkostohanke\",\"publisher\":{\"@id\":\"https:\\\/\\\/blogit.gradia.fi\\\/parasta_osaamista\\\/#organization\"},\"potentialAction\":[{\"@type\":\"SearchAction\",\"target\":{\"@type\":\"EntryPoint\",\"urlTemplate\":\"https:\\\/\\\/blogit.gradia.fi\\\/parasta_osaamista\\\/?s={search_term_string}\"},\"query-input\":{\"@type\":\"PropertyValueSpecification\",\"valueRequired\":true,\"valueName\":\"search_term_string\"}}],\"inLanguage\":\"fi\"},{\"@type\":\"Organization\",\"@id\":\"https:\\\/\\\/blogit.gradia.fi\\\/parasta_osaamista\\\/#organization\",\"name\":\"Parasta osaamista -verkostohanke\",\"url\":\"https:\\\/\\\/blogit.gradia.fi\\\/parasta_osaamista\\\/\",\"logo\":{\"@type\":\"ImageObject\",\"inLanguage\":\"fi\",\"@id\":\"https:\\\/\\\/blogit.gradia.fi\\\/parasta_osaamista\\\/#\\\/schema\\\/logo\\\/image\\\/\",\"url\":\"https:\\\/\\\/blogit.gradia.fi\\\/parasta_osaamista\\\/wp-content\\\/uploads\\\/sites\\\/20\\\/2018\\\/02\\\/parasta_osaamista_logo.jpg\",\"contentUrl\":\"https:\\\/\\\/blogit.gradia.fi\\\/parasta_osaamista\\\/wp-content\\\/uploads\\\/sites\\\/20\\\/2018\\\/02\\\/parasta_osaamista_logo.jpg\",\"width\":344,\"height\":334,\"caption\":\"Parasta osaamista -verkostohanke\"},\"image\":{\"@id\":\"https:\\\/\\\/blogit.gradia.fi\\\/parasta_osaamista\\\/#\\\/schema\\\/logo\\\/image\\\/\"},\"sameAs\":[\"https:\\\/\\\/www.facebook.com\\\/POsaamista\\\/\",\"https:\\\/\\\/x.com\\\/Posaaja_\",\"https:\\\/\\\/www.instagram.com\\\/parastaosaamista\\\/\",\"https:\\\/\\\/www.youtube.com\\\/channel\\\/UC7hv9jw0R6lS_Fmz5L9TUPw\"]}]}<\/script>\n<!-- \/ Yoast SEO plugin. -->","yoast_head_json":{"title":"Information om projektet - Parasta osaamista","robots":{"index":"index","follow":"follow","max-snippet":"max-snippet:-1","max-image-preview":"max-image-preview:large","max-video-preview":"max-video-preview:-1"},"canonical":"https:\/\/blogit.gradia.fi\/parasta_osaamista\/information-av-project\/","og_locale":"fi_FI","og_type":"article","og_title":"Information om projektet - Parasta osaamista","og_description":"B\u00e4sta kunnande -n\u00e4tverksprojektet Som en del av \u00e5tg\u00e4rdsprogrammet f\u00f6r utvecklingen av undervisnings- och handledningspersonalens kunnande startar man upp n\u00e4tverksprojektet B\u00e4sta kunnande, vars uppgift \u00e4r att i samarbete med utbildningsanordnarna, de yrkespedagogiska l\u00e4rarh\u00f6gskolorna och sakkunniga&#46;&#46;&#46;","og_url":"https:\/\/blogit.gradia.fi\/parasta_osaamista\/information-av-project\/","og_site_name":"Parasta osaamista","article_publisher":"https:\/\/www.facebook.com\/POsaamista\/","article_modified_time":"2018-04-05T07:26:58+00:00","twitter_card":"summary_large_image","twitter_site":"@Posaaja_","twitter_misc":{"Arvioitu lukuaika":"2 minuuttia"},"schema":{"@context":"https:\/\/schema.org","@graph":[{"@type":"WebPage","@id":"https:\/\/blogit.gradia.fi\/parasta_osaamista\/information-av-project\/","url":"https:\/\/blogit.gradia.fi\/parasta_osaamista\/information-av-project\/","name":"Information om projektet - Parasta osaamista","isPartOf":{"@id":"https:\/\/blogit.gradia.fi\/parasta_osaamista\/#website"},"datePublished":"2018-04-03T11:22:33+00:00","dateModified":"2018-04-05T07:26:58+00:00","inLanguage":"fi","potentialAction":[{"@type":"ReadAction","target":["https:\/\/blogit.gradia.fi\/parasta_osaamista\/information-av-project\/"]}]},{"@type":"WebSite","@id":"https:\/\/blogit.gradia.fi\/parasta_osaamista\/#website","url":"https:\/\/blogit.gradia.fi\/parasta_osaamista\/","name":"Parasta osaamista","description":"Parasta osaamista -verkostohanke","publisher":{"@id":"https:\/\/blogit.gradia.fi\/parasta_osaamista\/#organization"},"potentialAction":[{"@type":"SearchAction","target":{"@type":"EntryPoint","urlTemplate":"https:\/\/blogit.gradia.fi\/parasta_osaamista\/?s={search_term_string}"},"query-input":{"@type":"PropertyValueSpecification","valueRequired":true,"valueName":"search_term_string"}}],"inLanguage":"fi"},{"@type":"Organization","@id":"https:\/\/blogit.gradia.fi\/parasta_osaamista\/#organization","name":"Parasta osaamista -verkostohanke","url":"https:\/\/blogit.gradia.fi\/parasta_osaamista\/","logo":{"@type":"ImageObject","inLanguage":"fi","@id":"https:\/\/blogit.gradia.fi\/parasta_osaamista\/#\/schema\/logo\/image\/","url":"https:\/\/blogit.gradia.fi\/parasta_osaamista\/wp-content\/uploads\/sites\/20\/2018\/02\/parasta_osaamista_logo.jpg","contentUrl":"https:\/\/blogit.gradia.fi\/parasta_osaamista\/wp-content\/uploads\/sites\/20\/2018\/02\/parasta_osaamista_logo.jpg","width":344,"height":334,"caption":"Parasta osaamista -verkostohanke"},"image":{"@id":"https:\/\/blogit.gradia.fi\/parasta_osaamista\/#\/schema\/logo\/image\/"},"sameAs":["https:\/\/www.facebook.com\/POsaamista\/","https:\/\/x.com\/Posaaja_","https:\/\/www.instagram.com\/parastaosaamista\/","https:\/\/www.youtube.com\/channel\/UC7hv9jw0R6lS_Fmz5L9TUPw"]}]}},"uagb_featured_image_src":{"full":false,"thumbnail":false,"medium":false,"medium_large":false,"large":false,"1536x1536":false,"2048x2048":false,"thumb-small":false,"thumb-standard":false,"thumb-medium":false,"thumb-large":false,"thumb-xlarge":false,"thumb-xxlarge":false},"uagb_author_info":{"display_name":"Sami Ahonen","author_link":"https:\/\/blogit.gradia.fi\/parasta_osaamista\/author\/ahonesam\/"},"uagb_comment_info":0,"uagb_excerpt":"B\u00e4sta kunnande -n\u00e4tverksprojektet Som en del av \u00e5tg\u00e4rdsprogrammet f\u00f6r utvecklingen av undervisnings- och handledningspersonalens kunnande startar man upp n\u00e4tverksprojektet B\u00e4sta kunnande, vars uppgift \u00e4r att i samarbete med utbildningsanordnarna, de yrkespedagogiska l\u00e4rarh\u00f6gskolorna och sakkunniga&#46;&#46;&#46;","_links":{"self":[{"href":"https:\/\/blogit.gradia.fi\/parasta_osaamista\/wp-json\/wp\/v2\/pages\/117","targetHints":{"allow":["GET"]}}],"collection":[{"href":"https:\/\/blogit.gradia.fi\/parasta_osaamista\/wp-json\/wp\/v2\/pages"}],"about":[{"href":"https:\/\/blogit.gradia.fi\/parasta_osaamista\/wp-json\/wp\/v2\/types\/page"}],"author":[{"embeddable":true,"href":"https:\/\/blogit.gradia.fi\/parasta_osaamista\/wp-json\/wp\/v2\/users\/178"}],"replies":[{"embeddable":true,"href":"https:\/\/blogit.gradia.fi\/parasta_osaamista\/wp-json\/wp\/v2\/comments?post=117"}],"version-history":[{"count":0,"href":"https:\/\/blogit.gradia.fi\/parasta_osaamista\/wp-json\/wp\/v2\/pages\/117\/revisions"}],"wp:attachment":[{"href":"https:\/\/blogit.gradia.fi\/parasta_osaamista\/wp-json\/wp\/v2\/media?parent=117"}],"curies":[{"name":"wp","href":"https:\/\/api.w.org\/{rel}","templated":true}]}}