{"id":1169,"date":"2018-11-20T15:38:07","date_gmt":"2018-11-20T13:38:07","guid":{"rendered":"https:\/\/blogit.gradia.fi\/parasta_osaamista\/?page_id=1169"},"modified":"2020-04-15T16:49:59","modified_gmt":"2020-04-15T13:49:59","slug":"guider-om-bedomning-av-kunnande","status":"publish","type":"page","link":"https:\/\/blogit.gradia.fi\/parasta_osaamista\/pa-svenska\/guider-om-bedomning-av-kunnande\/","title":{"rendered":"Guider om bed\u00f6mning av kunnande"},"content":{"rendered":"\n<p><\/p>\n\n\n<p>Bed\u00f6mningen\u202fav kunnande\u202f\u00e4r en viktig del av studerandes studiev\u00e4g \u2013 en h\u00f6jdpunkt f\u00f6r vad som har \u00e5stadkommits och hurudant kunnande studerande har uppn\u00e5tt.\u202fBed\u00f6mning \u00e4r\u202futmanande och ofta kan ocks\u00e5 faktorer som inte borde ha betydelse f\u00f6r slutresultatet inverka. I yrkesutbildning \u00e4r kunnande om bed\u00f6mning ett centralt kompetensomr\u00e5de f\u00f6r l\u00e4raren. Dessutom beh\u00f6ver arbetsplatshandledare och andra representanter f\u00f6r arbetslivet kunnande om bed\u00f6mning d\u00e5 dessa f\u00f6rutom att de deltar i handledningen ocks\u00e5 deltar i bed\u00f6mningen av studerandes kunnande.\u202f<span data-ccp-props=\"{&quot;201341983&quot;:0,&quot;335559739&quot;:160,&quot;335559740&quot;:240}\">\u00a0<\/span><\/p>\n<ul>\n<li><a href=\"https:\/\/blogit.gradia.fi\/parasta_osaamista\/wp-content\/uploads\/sites\/20\/2019\/12\/Arviointiopas_opettajalle_SE_NETTI.pdf\" target=\"_blank\" rel=\"noopener noreferrer\">Guide om bed\u00f6mning av kunnande f\u00f6r l\u00e4rare<\/a>\n<ul>\n<li><a href=\"https:\/\/blogit.gradia.fi\/parasta_osaamista\/wp-content\/uploads\/sites\/20\/2020\/01\/1315_Arviointiopas_opettajille_SE_PAINO.pdf\" target=\"_blank\" rel=\"noopener noreferrer\">Tryckversion<\/a><\/li>\n<\/ul>\n<\/li>\n<li><a href=\"https:\/\/blogit.gradia.fi\/parasta_osaamista\/wp-content\/uploads\/sites\/20\/2019\/12\/Arviointiopas_opiskelijalle_SE_NETTI.pdf\" target=\"_blank\" rel=\"noopener noreferrer\">Guide om bed\u00f6mning av kunnande f\u00f6r studerande<\/a>\n<ul>\n<li><a href=\"https:\/\/blogit.gradia.fi\/parasta_osaamista\/wp-content\/uploads\/sites\/20\/2020\/01\/1315_arviointiopas_opiskelijalle_SE_PAINO.pdf\" target=\"_blank\" rel=\"noopener noreferrer\">Tryckversion<\/a><\/li>\n<\/ul>\n<\/li>\n<li><a href=\"https:\/\/blogit.gradia.fi\/parasta_osaamista\/wp-content\/uploads\/sites\/20\/2019\/12\/Arviointiopas_tyopaikoille_SE_NETTI.pdf\" target=\"_blank\" rel=\"noopener noreferrer\">Guide om bed\u00f6mning av kunnande f\u00f6r arbetsplatser<\/a>\n<ul>\n<li><a href=\"https:\/\/blogit.gradia.fi\/parasta_osaamista\/wp-content\/uploads\/sites\/20\/2020\/01\/1315_Arviointiopas_tyopaikoille_SE_PAINO.pdf\" target=\"_blank\" rel=\"noopener noreferrer\">Tryckversion<\/a><\/li>\n<\/ul>\n<\/li>\n<li><a href=\"https:\/\/blogit.gradia.fi\/parasta_osaamista\/wp-content\/uploads\/sites\/20\/2019\/12\/Mukautettu_opas_SE.pdf\" target=\"_blank\" rel=\"noopener noreferrer\">Guide om anpassning av bed\u00f6mning av kunnande f\u00f6r l\u00e4rare<\/a>\n<ul>\n<li><a href=\"https:\/\/blogit.gradia.fi\/parasta_osaamista\/wp-content\/uploads\/sites\/20\/2020\/01\/Mukautettu_opas_SE_PAINO.pdf\" target=\"_blank\" rel=\"noopener noreferrer\">Tryckversion<\/a><\/li>\n<\/ul>\n<\/li>\n<\/ul>\n<p>\u00a0 \u00a0\u00a0\u00a0 \u00a0 <img loading=\"lazy\" decoding=\"async\" class=\"wp-image-3400 alignnone\" src=\"https:\/\/blogit.gradia.fi\/parasta_osaamista\/wp-content\/uploads\/sites\/20\/2019\/11\/muokauttamisen-opas_ruotsi-212x300.png\" alt=\"\" width=\"160\" height=\"227\" srcset=\"https:\/\/blogit.gradia.fi\/parasta_osaamista\/wp-content\/uploads\/sites\/20\/2019\/11\/muokauttamisen-opas_ruotsi-212x300.png 212w, https:\/\/blogit.gradia.fi\/parasta_osaamista\/wp-content\/uploads\/sites\/20\/2019\/11\/muokauttamisen-opas_ruotsi.png 628w\" sizes=\"auto, (max-width: 160px) 100vw, 160px\" \/> <img loading=\"lazy\" decoding=\"async\" class=\"wp-image-3401 alignnone\" src=\"https:\/\/blogit.gradia.fi\/parasta_osaamista\/wp-content\/uploads\/sites\/20\/2019\/11\/arbetsplatser-210x300.png\" alt=\"\" width=\"170\" height=\"243\" srcset=\"https:\/\/blogit.gradia.fi\/parasta_osaamista\/wp-content\/uploads\/sites\/20\/2019\/11\/arbetsplatser-210x300.png 210w, https:\/\/blogit.gradia.fi\/parasta_osaamista\/wp-content\/uploads\/sites\/20\/2019\/11\/arbetsplatser.png 623w\" sizes=\"auto, (max-width: 170px) 100vw, 170px\" \/> <img loading=\"lazy\" decoding=\"async\" class=\"wp-image-3402 alignnone\" src=\"https:\/\/blogit.gradia.fi\/parasta_osaamista\/wp-content\/uploads\/sites\/20\/2019\/11\/studerande-210x300.png\" alt=\"\" width=\"160\" height=\"229\" srcset=\"https:\/\/blogit.gradia.fi\/parasta_osaamista\/wp-content\/uploads\/sites\/20\/2019\/11\/studerande-210x300.png 210w, https:\/\/blogit.gradia.fi\/parasta_osaamista\/wp-content\/uploads\/sites\/20\/2019\/11\/studerande.png 624w\" sizes=\"auto, (max-width: 160px) 100vw, 160px\" \/> <img loading=\"lazy\" decoding=\"async\" class=\"wp-image-3403 alignleft\" src=\"https:\/\/blogit.gradia.fi\/parasta_osaamista\/wp-content\/uploads\/sites\/20\/2019\/11\/l\u00e4rare-211x300.png\" alt=\"\" width=\"160\" height=\"228\" srcset=\"https:\/\/blogit.gradia.fi\/parasta_osaamista\/wp-content\/uploads\/sites\/20\/2019\/11\/l\u00e4rare-211x300.png 211w, https:\/\/blogit.gradia.fi\/parasta_osaamista\/wp-content\/uploads\/sites\/20\/2019\/11\/l\u00e4rare.png 624w\" sizes=\"auto, (max-width: 160px) 100vw, 160px\" \/><\/p>","protected":false},"excerpt":{"rendered":"<p>Bed\u00f6mningen\u202fav kunnande\u202f\u00e4r en viktig del av studerandes studiev\u00e4g \u2013 en h\u00f6jdpunkt f\u00f6r vad som har \u00e5stadkommits och hurudant kunnande studerande har uppn\u00e5tt.\u202fBed\u00f6mning \u00e4r\u202futmanande och ofta kan ocks\u00e5 faktorer som inte borde ha betydelse f\u00f6r&#46;&#46;&#46;<\/p>\n","protected":false},"author":240,"featured_media":0,"parent":366,"menu_order":0,"comment_status":"closed","ping_status":"closed","template":"","meta":{"_uag_custom_page_level_css":"","footnotes":""},"class_list":["post-1169","page","type-page","status-publish","hentry"],"yoast_head":"<!-- This site is optimized with the Yoast SEO plugin v27.4 - https:\/\/yoast.com\/product\/yoast-seo-wordpress\/ -->\n<title>Guider om bed\u00f6mning av kunnande - Parasta osaamista<\/title>\n<meta name=\"robots\" content=\"index, follow, max-snippet:-1, max-image-preview:large, max-video-preview:-1\" \/>\n<link rel=\"canonical\" href=\"https:\/\/blogit.gradia.fi\/parasta_osaamista\/pa-svenska\/guider-om-bedomning-av-kunnande\/\" \/>\n<meta property=\"og:locale\" content=\"fi_FI\" \/>\n<meta property=\"og:type\" content=\"article\" \/>\n<meta property=\"og:title\" content=\"Guider om bed\u00f6mning av kunnande - Parasta osaamista\" \/>\n<meta property=\"og:description\" content=\"Bed\u00f6mningen\u202fav kunnande\u202f\u00e4r en viktig del av studerandes studiev\u00e4g \u2013 en h\u00f6jdpunkt f\u00f6r vad som har \u00e5stadkommits och hurudant kunnande studerande har uppn\u00e5tt.\u202fBed\u00f6mning \u00e4r\u202futmanande och ofta kan ocks\u00e5 faktorer som inte borde ha betydelse f\u00f6r&#046;&#046;&#046;\" \/>\n<meta property=\"og:url\" content=\"https:\/\/blogit.gradia.fi\/parasta_osaamista\/pa-svenska\/guider-om-bedomning-av-kunnande\/\" \/>\n<meta property=\"og:site_name\" content=\"Parasta osaamista\" \/>\n<meta property=\"article:publisher\" content=\"https:\/\/www.facebook.com\/POsaamista\/\" \/>\n<meta property=\"article:modified_time\" content=\"2020-04-15T13:49:59+00:00\" \/>\n<meta property=\"og:image\" content=\"https:\/\/blogit.gradia.fi\/parasta_osaamista\/wp-content\/uploads\/sites\/20\/2019\/11\/muokauttamisen-opas_ruotsi-212x300.png\" \/>\n<meta name=\"twitter:card\" content=\"summary_large_image\" \/>\n<meta name=\"twitter:site\" content=\"@Posaaja_\" \/>\n<meta name=\"twitter:label1\" content=\"Arvioitu lukuaika\" \/>\n\t<meta name=\"twitter:data1\" content=\"1 minuutti\" \/>\n<script type=\"application\/ld+json\" class=\"yoast-schema-graph\">{\"@context\":\"https:\\\/\\\/schema.org\",\"@graph\":[{\"@type\":\"WebPage\",\"@id\":\"https:\\\/\\\/blogit.gradia.fi\\\/parasta_osaamista\\\/pa-svenska\\\/guider-om-bedomning-av-kunnande\\\/\",\"url\":\"https:\\\/\\\/blogit.gradia.fi\\\/parasta_osaamista\\\/pa-svenska\\\/guider-om-bedomning-av-kunnande\\\/\",\"name\":\"Guider om bed\u00f6mning av kunnande - Parasta osaamista\",\"isPartOf\":{\"@id\":\"https:\\\/\\\/blogit.gradia.fi\\\/parasta_osaamista\\\/#website\"},\"primaryImageOfPage\":{\"@id\":\"https:\\\/\\\/blogit.gradia.fi\\\/parasta_osaamista\\\/pa-svenska\\\/guider-om-bedomning-av-kunnande\\\/#primaryimage\"},\"image\":{\"@id\":\"https:\\\/\\\/blogit.gradia.fi\\\/parasta_osaamista\\\/pa-svenska\\\/guider-om-bedomning-av-kunnande\\\/#primaryimage\"},\"thumbnailUrl\":\"https:\\\/\\\/blogit.gradia.fi\\\/parasta_osaamista\\\/wp-content\\\/uploads\\\/sites\\\/20\\\/2019\\\/11\\\/muokauttamisen-opas_ruotsi-212x300.png\",\"datePublished\":\"2018-11-20T13:38:07+00:00\",\"dateModified\":\"2020-04-15T13:49:59+00:00\",\"breadcrumb\":{\"@id\":\"https:\\\/\\\/blogit.gradia.fi\\\/parasta_osaamista\\\/pa-svenska\\\/guider-om-bedomning-av-kunnande\\\/#breadcrumb\"},\"inLanguage\":\"fi\",\"potentialAction\":[{\"@type\":\"ReadAction\",\"target\":[\"https:\\\/\\\/blogit.gradia.fi\\\/parasta_osaamista\\\/pa-svenska\\\/guider-om-bedomning-av-kunnande\\\/\"]}]},{\"@type\":\"ImageObject\",\"inLanguage\":\"fi\",\"@id\":\"https:\\\/\\\/blogit.gradia.fi\\\/parasta_osaamista\\\/pa-svenska\\\/guider-om-bedomning-av-kunnande\\\/#primaryimage\",\"url\":\"https:\\\/\\\/blogit.gradia.fi\\\/parasta_osaamista\\\/wp-content\\\/uploads\\\/sites\\\/20\\\/2019\\\/11\\\/muokauttamisen-opas_ruotsi.png\",\"contentUrl\":\"https:\\\/\\\/blogit.gradia.fi\\\/parasta_osaamista\\\/wp-content\\\/uploads\\\/sites\\\/20\\\/2019\\\/11\\\/muokauttamisen-opas_ruotsi.png\",\"width\":628,\"height\":889},{\"@type\":\"BreadcrumbList\",\"@id\":\"https:\\\/\\\/blogit.gradia.fi\\\/parasta_osaamista\\\/pa-svenska\\\/guider-om-bedomning-av-kunnande\\\/#breadcrumb\",\"itemListElement\":[{\"@type\":\"ListItem\",\"position\":1,\"name\":\"B\u00e4sta kunnande\",\"item\":\"https:\\\/\\\/blogit.gradia.fi\\\/parasta_osaamista\\\/pa-svenska\\\/\"},{\"@type\":\"ListItem\",\"position\":2,\"name\":\"Guider om bed\u00f6mning av kunnande\"}]},{\"@type\":\"WebSite\",\"@id\":\"https:\\\/\\\/blogit.gradia.fi\\\/parasta_osaamista\\\/#website\",\"url\":\"https:\\\/\\\/blogit.gradia.fi\\\/parasta_osaamista\\\/\",\"name\":\"Parasta osaamista\",\"description\":\"Parasta osaamista -verkostohanke\",\"publisher\":{\"@id\":\"https:\\\/\\\/blogit.gradia.fi\\\/parasta_osaamista\\\/#organization\"},\"potentialAction\":[{\"@type\":\"SearchAction\",\"target\":{\"@type\":\"EntryPoint\",\"urlTemplate\":\"https:\\\/\\\/blogit.gradia.fi\\\/parasta_osaamista\\\/?s={search_term_string}\"},\"query-input\":{\"@type\":\"PropertyValueSpecification\",\"valueRequired\":true,\"valueName\":\"search_term_string\"}}],\"inLanguage\":\"fi\"},{\"@type\":\"Organization\",\"@id\":\"https:\\\/\\\/blogit.gradia.fi\\\/parasta_osaamista\\\/#organization\",\"name\":\"Parasta osaamista -verkostohanke\",\"url\":\"https:\\\/\\\/blogit.gradia.fi\\\/parasta_osaamista\\\/\",\"logo\":{\"@type\":\"ImageObject\",\"inLanguage\":\"fi\",\"@id\":\"https:\\\/\\\/blogit.gradia.fi\\\/parasta_osaamista\\\/#\\\/schema\\\/logo\\\/image\\\/\",\"url\":\"https:\\\/\\\/blogit.gradia.fi\\\/parasta_osaamista\\\/wp-content\\\/uploads\\\/sites\\\/20\\\/2018\\\/02\\\/parasta_osaamista_logo.jpg\",\"contentUrl\":\"https:\\\/\\\/blogit.gradia.fi\\\/parasta_osaamista\\\/wp-content\\\/uploads\\\/sites\\\/20\\\/2018\\\/02\\\/parasta_osaamista_logo.jpg\",\"width\":344,\"height\":334,\"caption\":\"Parasta osaamista -verkostohanke\"},\"image\":{\"@id\":\"https:\\\/\\\/blogit.gradia.fi\\\/parasta_osaamista\\\/#\\\/schema\\\/logo\\\/image\\\/\"},\"sameAs\":[\"https:\\\/\\\/www.facebook.com\\\/POsaamista\\\/\",\"https:\\\/\\\/x.com\\\/Posaaja_\",\"https:\\\/\\\/www.instagram.com\\\/parastaosaamista\\\/\",\"https:\\\/\\\/www.youtube.com\\\/channel\\\/UC7hv9jw0R6lS_Fmz5L9TUPw\"]}]}<\/script>\n<!-- \/ Yoast SEO plugin. -->","yoast_head_json":{"title":"Guider om bed\u00f6mning av kunnande - Parasta osaamista","robots":{"index":"index","follow":"follow","max-snippet":"max-snippet:-1","max-image-preview":"max-image-preview:large","max-video-preview":"max-video-preview:-1"},"canonical":"https:\/\/blogit.gradia.fi\/parasta_osaamista\/pa-svenska\/guider-om-bedomning-av-kunnande\/","og_locale":"fi_FI","og_type":"article","og_title":"Guider om bed\u00f6mning av kunnande - Parasta osaamista","og_description":"Bed\u00f6mningen\u202fav kunnande\u202f\u00e4r en viktig del av studerandes studiev\u00e4g \u2013 en h\u00f6jdpunkt f\u00f6r vad som har \u00e5stadkommits och hurudant kunnande studerande har uppn\u00e5tt.\u202fBed\u00f6mning \u00e4r\u202futmanande och ofta kan ocks\u00e5 faktorer som inte borde ha betydelse f\u00f6r&#46;&#46;&#46;","og_url":"https:\/\/blogit.gradia.fi\/parasta_osaamista\/pa-svenska\/guider-om-bedomning-av-kunnande\/","og_site_name":"Parasta osaamista","article_publisher":"https:\/\/www.facebook.com\/POsaamista\/","article_modified_time":"2020-04-15T13:49:59+00:00","og_image":[{"url":"https:\/\/blogit.gradia.fi\/parasta_osaamista\/wp-content\/uploads\/sites\/20\/2019\/11\/muokauttamisen-opas_ruotsi-212x300.png","type":"","width":"","height":""}],"twitter_card":"summary_large_image","twitter_site":"@Posaaja_","twitter_misc":{"Arvioitu lukuaika":"1 minuutti"},"schema":{"@context":"https:\/\/schema.org","@graph":[{"@type":"WebPage","@id":"https:\/\/blogit.gradia.fi\/parasta_osaamista\/pa-svenska\/guider-om-bedomning-av-kunnande\/","url":"https:\/\/blogit.gradia.fi\/parasta_osaamista\/pa-svenska\/guider-om-bedomning-av-kunnande\/","name":"Guider om bed\u00f6mning av kunnande - Parasta osaamista","isPartOf":{"@id":"https:\/\/blogit.gradia.fi\/parasta_osaamista\/#website"},"primaryImageOfPage":{"@id":"https:\/\/blogit.gradia.fi\/parasta_osaamista\/pa-svenska\/guider-om-bedomning-av-kunnande\/#primaryimage"},"image":{"@id":"https:\/\/blogit.gradia.fi\/parasta_osaamista\/pa-svenska\/guider-om-bedomning-av-kunnande\/#primaryimage"},"thumbnailUrl":"https:\/\/blogit.gradia.fi\/parasta_osaamista\/wp-content\/uploads\/sites\/20\/2019\/11\/muokauttamisen-opas_ruotsi-212x300.png","datePublished":"2018-11-20T13:38:07+00:00","dateModified":"2020-04-15T13:49:59+00:00","breadcrumb":{"@id":"https:\/\/blogit.gradia.fi\/parasta_osaamista\/pa-svenska\/guider-om-bedomning-av-kunnande\/#breadcrumb"},"inLanguage":"fi","potentialAction":[{"@type":"ReadAction","target":["https:\/\/blogit.gradia.fi\/parasta_osaamista\/pa-svenska\/guider-om-bedomning-av-kunnande\/"]}]},{"@type":"ImageObject","inLanguage":"fi","@id":"https:\/\/blogit.gradia.fi\/parasta_osaamista\/pa-svenska\/guider-om-bedomning-av-kunnande\/#primaryimage","url":"https:\/\/blogit.gradia.fi\/parasta_osaamista\/wp-content\/uploads\/sites\/20\/2019\/11\/muokauttamisen-opas_ruotsi.png","contentUrl":"https:\/\/blogit.gradia.fi\/parasta_osaamista\/wp-content\/uploads\/sites\/20\/2019\/11\/muokauttamisen-opas_ruotsi.png","width":628,"height":889},{"@type":"BreadcrumbList","@id":"https:\/\/blogit.gradia.fi\/parasta_osaamista\/pa-svenska\/guider-om-bedomning-av-kunnande\/#breadcrumb","itemListElement":[{"@type":"ListItem","position":1,"name":"B\u00e4sta kunnande","item":"https:\/\/blogit.gradia.fi\/parasta_osaamista\/pa-svenska\/"},{"@type":"ListItem","position":2,"name":"Guider om bed\u00f6mning av kunnande"}]},{"@type":"WebSite","@id":"https:\/\/blogit.gradia.fi\/parasta_osaamista\/#website","url":"https:\/\/blogit.gradia.fi\/parasta_osaamista\/","name":"Parasta osaamista","description":"Parasta osaamista -verkostohanke","publisher":{"@id":"https:\/\/blogit.gradia.fi\/parasta_osaamista\/#organization"},"potentialAction":[{"@type":"SearchAction","target":{"@type":"EntryPoint","urlTemplate":"https:\/\/blogit.gradia.fi\/parasta_osaamista\/?s={search_term_string}"},"query-input":{"@type":"PropertyValueSpecification","valueRequired":true,"valueName":"search_term_string"}}],"inLanguage":"fi"},{"@type":"Organization","@id":"https:\/\/blogit.gradia.fi\/parasta_osaamista\/#organization","name":"Parasta osaamista -verkostohanke","url":"https:\/\/blogit.gradia.fi\/parasta_osaamista\/","logo":{"@type":"ImageObject","inLanguage":"fi","@id":"https:\/\/blogit.gradia.fi\/parasta_osaamista\/#\/schema\/logo\/image\/","url":"https:\/\/blogit.gradia.fi\/parasta_osaamista\/wp-content\/uploads\/sites\/20\/2018\/02\/parasta_osaamista_logo.jpg","contentUrl":"https:\/\/blogit.gradia.fi\/parasta_osaamista\/wp-content\/uploads\/sites\/20\/2018\/02\/parasta_osaamista_logo.jpg","width":344,"height":334,"caption":"Parasta osaamista -verkostohanke"},"image":{"@id":"https:\/\/blogit.gradia.fi\/parasta_osaamista\/#\/schema\/logo\/image\/"},"sameAs":["https:\/\/www.facebook.com\/POsaamista\/","https:\/\/x.com\/Posaaja_","https:\/\/www.instagram.com\/parastaosaamista\/","https:\/\/www.youtube.com\/channel\/UC7hv9jw0R6lS_Fmz5L9TUPw"]}]}},"uagb_featured_image_src":{"full":false,"thumbnail":false,"medium":false,"medium_large":false,"large":false,"1536x1536":false,"2048x2048":false,"thumb-small":false,"thumb-standard":false,"thumb-medium":false,"thumb-large":false,"thumb-xlarge":false,"thumb-xxlarge":false},"uagb_author_info":{"display_name":"annerongas","author_link":"https:\/\/blogit.gradia.fi\/parasta_osaamista\/author\/annerongas\/"},"uagb_comment_info":0,"uagb_excerpt":"Bed\u00f6mningen\u202fav kunnande\u202f\u00e4r en viktig del av studerandes studiev\u00e4g \u2013 en h\u00f6jdpunkt f\u00f6r vad som har \u00e5stadkommits och hurudant kunnande studerande har uppn\u00e5tt.\u202fBed\u00f6mning \u00e4r\u202futmanande och ofta kan ocks\u00e5 faktorer som inte borde ha betydelse f\u00f6r&#46;&#46;&#46;","_links":{"self":[{"href":"https:\/\/blogit.gradia.fi\/parasta_osaamista\/wp-json\/wp\/v2\/pages\/1169","targetHints":{"allow":["GET"]}}],"collection":[{"href":"https:\/\/blogit.gradia.fi\/parasta_osaamista\/wp-json\/wp\/v2\/pages"}],"about":[{"href":"https:\/\/blogit.gradia.fi\/parasta_osaamista\/wp-json\/wp\/v2\/types\/page"}],"author":[{"embeddable":true,"href":"https:\/\/blogit.gradia.fi\/parasta_osaamista\/wp-json\/wp\/v2\/users\/240"}],"replies":[{"embeddable":true,"href":"https:\/\/blogit.gradia.fi\/parasta_osaamista\/wp-json\/wp\/v2\/comments?post=1169"}],"version-history":[{"count":17,"href":"https:\/\/blogit.gradia.fi\/parasta_osaamista\/wp-json\/wp\/v2\/pages\/1169\/revisions"}],"predecessor-version":[{"id":3546,"href":"https:\/\/blogit.gradia.fi\/parasta_osaamista\/wp-json\/wp\/v2\/pages\/1169\/revisions\/3546"}],"up":[{"embeddable":true,"href":"https:\/\/blogit.gradia.fi\/parasta_osaamista\/wp-json\/wp\/v2\/pages\/366"}],"wp:attachment":[{"href":"https:\/\/blogit.gradia.fi\/parasta_osaamista\/wp-json\/wp\/v2\/media?parent=1169"}],"curies":[{"name":"wp","href":"https:\/\/api.w.org\/{rel}","templated":true}]}}