{"id":1149,"date":"2018-11-15T13:30:37","date_gmt":"2018-11-15T11:30:37","guid":{"rendered":"https:\/\/blogit.gradia.fi\/parasta_osaamista\/?page_id=1149"},"modified":"2019-03-05T10:34:51","modified_gmt":"2019-03-05T08:34:51","slug":"innokkaasti-edellakavijana-artikkelikirja","status":"publish","type":"page","link":"https:\/\/blogit.gradia.fi\/parasta_osaamista\/toimintamallit-ja-materiaalit\/innokkaasti-edellakavijana-artikkelikirja\/","title":{"rendered":"Innokkaasti edell\u00e4k\u00e4vij\u00e4n\u00e4! \u2013 artikkelikirja"},"content":{"rendered":"<p><img loading=\"lazy\" decoding=\"async\" class=\" wp-image-1153 alignright\" src=\"https:\/\/blogit.gradia.fi\/parasta_osaamista\/wp-content\/uploads\/sites\/20\/2018\/11\/kansi-278x300.jpg\" alt=\"\" width=\"322\" height=\"347\" srcset=\"https:\/\/blogit.gradia.fi\/parasta_osaamista\/wp-content\/uploads\/sites\/20\/2018\/11\/kansi-278x300.jpg 278w, https:\/\/blogit.gradia.fi\/parasta_osaamista\/wp-content\/uploads\/sites\/20\/2018\/11\/kansi.jpg 529w\" sizes=\"auto, (max-width: 322px) 100vw, 322px\" \/>Innokkaasti edell\u00e4k\u00e4vij\u00e4n\u00e4! \u2013 Kohti opetus- ja ohjaushenkil\u00f6st\u00f6n uudistuvia identiteettipositioita -artikkelikirjan taustalla toimii Parasta osaamista -verkostohanke (2017\u20132019), jonka yhten\u00e4 teht\u00e4v\u00e4n\u00e4 on kartoittaa ammatillisen koulutuksen opetus- ja ohjaushenkil\u00f6st\u00f6n osaamistarpeita sek\u00e4 edist\u00e4\u00e4 niit\u00e4. Verkostohankkeessa on mukana kymmenen ammatillisen koulutuksen j\u00e4rjest\u00e4j\u00e4\u00e4 sek\u00e4 kaikki viisi ammatillista opettajakorkeakoulua.<\/p>\n<p>Ty\u00f6el\u00e4m\u00e4 ja ty\u00f6teht\u00e4v\u00e4t muuttuvat. Muutokset koskevat my\u00f6s ammatillista koulutusta ja erityisesti ammatillisen koulutuksen opetus- ja ohjaushenkil\u00f6st\u00f6n osaamista ja ty\u00f6skentelyyn liittyvi\u00e4 osaamistarpeita. Muuttuneessa ymp\u00e4rist\u00f6ss\u00e4 opetus- ja ohjaushenkil\u00f6st\u00f6n on muodostettava uusi k\u00e4sitys omasta ammatillisesta identiteetist\u00e4.<\/p>\n<p>T\u00e4m\u00e4 artikkelikirja sis\u00e4lt\u00e4\u00e4 14 artikkelia, jotka kaikki j\u00e4sent\u00e4v\u00e4t omalta osaltaan uudistuvaa identiteetti\u00e4 ammatillisen koulutuksen opetus- ja ohjausty\u00f6ss\u00e4. Artikkelit on luokiteltu kolmeen eri teemaan: uudistuva opettajuus, osaamisperusteinen ammatillinen koulutus, ty\u00f6el\u00e4m\u00e4 oppimisymp\u00e4rist\u00f6n\u00e4. Artikkelien kirjoittajat ovat kokeneita ammatillisen koulutuksen opettajia, opettajien kouluttajia, asiantuntijoita ja tutkijoita.<\/p>\n<p>Linkki kirjaan:\u00a0\u00a0<a href=\"https:\/\/www.theseus.fi\/bitstream\/handle\/10024\/154032\/HAMK_innokkaasti-edellakavijana_ejulkaisu_8_2018.pdf?sequence=1&amp;isAllowed=y\" target=\"_blank\" rel=\"noopener noreferrer\">Innokkaasti edell\u00e4k\u00e4vij\u00e4n\u00e4! \u2013 artikkelikirja<\/a><\/p>\n","protected":false},"excerpt":{"rendered":"<p>Innokkaasti edell\u00e4k\u00e4vij\u00e4n\u00e4! \u2013 Kohti opetus- ja ohjaushenkil\u00f6st\u00f6n uudistuvia identiteettipositioita -artikkelikirjan taustalla toimii Parasta osaamista -verkostohanke (2017\u20132019), jonka yhten\u00e4 teht\u00e4v\u00e4n\u00e4 on kartoittaa ammatillisen koulutuksen opetus- ja ohjaushenkil\u00f6st\u00f6n osaamistarpeita sek\u00e4 edist\u00e4\u00e4 niit\u00e4. Verkostohankkeessa on mukana kymmenen&#46;&#46;&#46;<\/p>\n","protected":false},"author":178,"featured_media":0,"parent":70,"menu_order":0,"comment_status":"closed","ping_status":"closed","template":"","meta":{"_uag_custom_page_level_css":"","footnotes":""},"class_list":["post-1149","page","type-page","status-publish","hentry"],"yoast_head":"<!-- This site is optimized with the Yoast SEO plugin v27.4 - https:\/\/yoast.com\/product\/yoast-seo-wordpress\/ -->\n<title>Innokkaasti edell\u00e4k\u00e4vij\u00e4n\u00e4! \u2013 artikkelikirja - Parasta osaamista<\/title>\n<meta name=\"robots\" content=\"index, follow, max-snippet:-1, max-image-preview:large, max-video-preview:-1\" \/>\n<link rel=\"canonical\" href=\"https:\/\/blogit.gradia.fi\/parasta_osaamista\/toimintamallit-ja-materiaalit\/innokkaasti-edellakavijana-artikkelikirja\/\" \/>\n<meta property=\"og:locale\" content=\"fi_FI\" \/>\n<meta property=\"og:type\" content=\"article\" \/>\n<meta property=\"og:title\" content=\"Innokkaasti edell\u00e4k\u00e4vij\u00e4n\u00e4! \u2013 artikkelikirja - Parasta osaamista\" \/>\n<meta property=\"og:description\" content=\"Innokkaasti edell\u00e4k\u00e4vij\u00e4n\u00e4! \u2013 Kohti opetus- ja ohjaushenkil\u00f6st\u00f6n uudistuvia identiteettipositioita -artikkelikirjan taustalla toimii Parasta osaamista -verkostohanke (2017\u20132019), jonka yhten\u00e4 teht\u00e4v\u00e4n\u00e4 on kartoittaa ammatillisen koulutuksen opetus- ja ohjaushenkil\u00f6st\u00f6n osaamistarpeita sek\u00e4 edist\u00e4\u00e4 niit\u00e4. Verkostohankkeessa on mukana kymmenen&#046;&#046;&#046;\" \/>\n<meta property=\"og:url\" content=\"https:\/\/blogit.gradia.fi\/parasta_osaamista\/toimintamallit-ja-materiaalit\/innokkaasti-edellakavijana-artikkelikirja\/\" \/>\n<meta property=\"og:site_name\" content=\"Parasta osaamista\" \/>\n<meta property=\"article:publisher\" content=\"https:\/\/www.facebook.com\/POsaamista\/\" \/>\n<meta property=\"article:modified_time\" content=\"2019-03-05T08:34:51+00:00\" \/>\n<meta property=\"og:image\" content=\"https:\/\/blogit.gradia.fi\/parasta_osaamista\/wp-content\/uploads\/sites\/20\/2018\/11\/kansi-278x300.jpg\" \/>\n<meta name=\"twitter:card\" content=\"summary_large_image\" \/>\n<meta name=\"twitter:site\" content=\"@Posaaja_\" \/>\n<meta name=\"twitter:label1\" content=\"Arvioitu lukuaika\" \/>\n\t<meta name=\"twitter:data1\" content=\"1 minuutti\" \/>\n<script type=\"application\/ld+json\" class=\"yoast-schema-graph\">{\"@context\":\"https:\\\/\\\/schema.org\",\"@graph\":[{\"@type\":\"WebPage\",\"@id\":\"https:\\\/\\\/blogit.gradia.fi\\\/parasta_osaamista\\\/toimintamallit-ja-materiaalit\\\/innokkaasti-edellakavijana-artikkelikirja\\\/\",\"url\":\"https:\\\/\\\/blogit.gradia.fi\\\/parasta_osaamista\\\/toimintamallit-ja-materiaalit\\\/innokkaasti-edellakavijana-artikkelikirja\\\/\",\"name\":\"Innokkaasti edell\u00e4k\u00e4vij\u00e4n\u00e4! \u2013 artikkelikirja - Parasta osaamista\",\"isPartOf\":{\"@id\":\"https:\\\/\\\/blogit.gradia.fi\\\/parasta_osaamista\\\/#website\"},\"primaryImageOfPage\":{\"@id\":\"https:\\\/\\\/blogit.gradia.fi\\\/parasta_osaamista\\\/toimintamallit-ja-materiaalit\\\/innokkaasti-edellakavijana-artikkelikirja\\\/#primaryimage\"},\"image\":{\"@id\":\"https:\\\/\\\/blogit.gradia.fi\\\/parasta_osaamista\\\/toimintamallit-ja-materiaalit\\\/innokkaasti-edellakavijana-artikkelikirja\\\/#primaryimage\"},\"thumbnailUrl\":\"https:\\\/\\\/blogit.gradia.fi\\\/parasta_osaamista\\\/wp-content\\\/uploads\\\/sites\\\/20\\\/2018\\\/11\\\/kansi-278x300.jpg\",\"datePublished\":\"2018-11-15T11:30:37+00:00\",\"dateModified\":\"2019-03-05T08:34:51+00:00\",\"breadcrumb\":{\"@id\":\"https:\\\/\\\/blogit.gradia.fi\\\/parasta_osaamista\\\/toimintamallit-ja-materiaalit\\\/innokkaasti-edellakavijana-artikkelikirja\\\/#breadcrumb\"},\"inLanguage\":\"fi\",\"potentialAction\":[{\"@type\":\"ReadAction\",\"target\":[\"https:\\\/\\\/blogit.gradia.fi\\\/parasta_osaamista\\\/toimintamallit-ja-materiaalit\\\/innokkaasti-edellakavijana-artikkelikirja\\\/\"]}]},{\"@type\":\"ImageObject\",\"inLanguage\":\"fi\",\"@id\":\"https:\\\/\\\/blogit.gradia.fi\\\/parasta_osaamista\\\/toimintamallit-ja-materiaalit\\\/innokkaasti-edellakavijana-artikkelikirja\\\/#primaryimage\",\"url\":\"https:\\\/\\\/blogit.gradia.fi\\\/parasta_osaamista\\\/wp-content\\\/uploads\\\/sites\\\/20\\\/2018\\\/11\\\/kansi.jpg\",\"contentUrl\":\"https:\\\/\\\/blogit.gradia.fi\\\/parasta_osaamista\\\/wp-content\\\/uploads\\\/sites\\\/20\\\/2018\\\/11\\\/kansi.jpg\",\"width\":529,\"height\":571},{\"@type\":\"BreadcrumbList\",\"@id\":\"https:\\\/\\\/blogit.gradia.fi\\\/parasta_osaamista\\\/toimintamallit-ja-materiaalit\\\/innokkaasti-edellakavijana-artikkelikirja\\\/#breadcrumb\",\"itemListElement\":[{\"@type\":\"ListItem\",\"position\":1,\"name\":\"Toimintamallit ja materiaalit\",\"item\":\"https:\\\/\\\/blogit.gradia.fi\\\/parasta_osaamista\\\/toimintamallit-ja-materiaalit\\\/\"},{\"@type\":\"ListItem\",\"position\":2,\"name\":\"Innokkaasti edell\u00e4k\u00e4vij\u00e4n\u00e4! \u2013 artikkelikirja\"}]},{\"@type\":\"WebSite\",\"@id\":\"https:\\\/\\\/blogit.gradia.fi\\\/parasta_osaamista\\\/#website\",\"url\":\"https:\\\/\\\/blogit.gradia.fi\\\/parasta_osaamista\\\/\",\"name\":\"Parasta osaamista\",\"description\":\"Parasta osaamista -verkostohanke\",\"publisher\":{\"@id\":\"https:\\\/\\\/blogit.gradia.fi\\\/parasta_osaamista\\\/#organization\"},\"potentialAction\":[{\"@type\":\"SearchAction\",\"target\":{\"@type\":\"EntryPoint\",\"urlTemplate\":\"https:\\\/\\\/blogit.gradia.fi\\\/parasta_osaamista\\\/?s={search_term_string}\"},\"query-input\":{\"@type\":\"PropertyValueSpecification\",\"valueRequired\":true,\"valueName\":\"search_term_string\"}}],\"inLanguage\":\"fi\"},{\"@type\":\"Organization\",\"@id\":\"https:\\\/\\\/blogit.gradia.fi\\\/parasta_osaamista\\\/#organization\",\"name\":\"Parasta osaamista -verkostohanke\",\"url\":\"https:\\\/\\\/blogit.gradia.fi\\\/parasta_osaamista\\\/\",\"logo\":{\"@type\":\"ImageObject\",\"inLanguage\":\"fi\",\"@id\":\"https:\\\/\\\/blogit.gradia.fi\\\/parasta_osaamista\\\/#\\\/schema\\\/logo\\\/image\\\/\",\"url\":\"https:\\\/\\\/blogit.gradia.fi\\\/parasta_osaamista\\\/wp-content\\\/uploads\\\/sites\\\/20\\\/2018\\\/02\\\/parasta_osaamista_logo.jpg\",\"contentUrl\":\"https:\\\/\\\/blogit.gradia.fi\\\/parasta_osaamista\\\/wp-content\\\/uploads\\\/sites\\\/20\\\/2018\\\/02\\\/parasta_osaamista_logo.jpg\",\"width\":344,\"height\":334,\"caption\":\"Parasta osaamista -verkostohanke\"},\"image\":{\"@id\":\"https:\\\/\\\/blogit.gradia.fi\\\/parasta_osaamista\\\/#\\\/schema\\\/logo\\\/image\\\/\"},\"sameAs\":[\"https:\\\/\\\/www.facebook.com\\\/POsaamista\\\/\",\"https:\\\/\\\/x.com\\\/Posaaja_\",\"https:\\\/\\\/www.instagram.com\\\/parastaosaamista\\\/\",\"https:\\\/\\\/www.youtube.com\\\/channel\\\/UC7hv9jw0R6lS_Fmz5L9TUPw\"]}]}<\/script>\n<!-- \/ Yoast SEO plugin. -->","yoast_head_json":{"title":"Innokkaasti edell\u00e4k\u00e4vij\u00e4n\u00e4! \u2013 artikkelikirja - Parasta osaamista","robots":{"index":"index","follow":"follow","max-snippet":"max-snippet:-1","max-image-preview":"max-image-preview:large","max-video-preview":"max-video-preview:-1"},"canonical":"https:\/\/blogit.gradia.fi\/parasta_osaamista\/toimintamallit-ja-materiaalit\/innokkaasti-edellakavijana-artikkelikirja\/","og_locale":"fi_FI","og_type":"article","og_title":"Innokkaasti edell\u00e4k\u00e4vij\u00e4n\u00e4! \u2013 artikkelikirja - Parasta osaamista","og_description":"Innokkaasti edell\u00e4k\u00e4vij\u00e4n\u00e4! \u2013 Kohti opetus- ja ohjaushenkil\u00f6st\u00f6n uudistuvia identiteettipositioita -artikkelikirjan taustalla toimii Parasta osaamista -verkostohanke (2017\u20132019), jonka yhten\u00e4 teht\u00e4v\u00e4n\u00e4 on kartoittaa ammatillisen koulutuksen opetus- ja ohjaushenkil\u00f6st\u00f6n osaamistarpeita sek\u00e4 edist\u00e4\u00e4 niit\u00e4. Verkostohankkeessa on mukana kymmenen&#46;&#46;&#46;","og_url":"https:\/\/blogit.gradia.fi\/parasta_osaamista\/toimintamallit-ja-materiaalit\/innokkaasti-edellakavijana-artikkelikirja\/","og_site_name":"Parasta osaamista","article_publisher":"https:\/\/www.facebook.com\/POsaamista\/","article_modified_time":"2019-03-05T08:34:51+00:00","og_image":[{"url":"https:\/\/blogit.gradia.fi\/parasta_osaamista\/wp-content\/uploads\/sites\/20\/2018\/11\/kansi-278x300.jpg","type":"","width":"","height":""}],"twitter_card":"summary_large_image","twitter_site":"@Posaaja_","twitter_misc":{"Arvioitu lukuaika":"1 minuutti"},"schema":{"@context":"https:\/\/schema.org","@graph":[{"@type":"WebPage","@id":"https:\/\/blogit.gradia.fi\/parasta_osaamista\/toimintamallit-ja-materiaalit\/innokkaasti-edellakavijana-artikkelikirja\/","url":"https:\/\/blogit.gradia.fi\/parasta_osaamista\/toimintamallit-ja-materiaalit\/innokkaasti-edellakavijana-artikkelikirja\/","name":"Innokkaasti edell\u00e4k\u00e4vij\u00e4n\u00e4! \u2013 artikkelikirja - Parasta osaamista","isPartOf":{"@id":"https:\/\/blogit.gradia.fi\/parasta_osaamista\/#website"},"primaryImageOfPage":{"@id":"https:\/\/blogit.gradia.fi\/parasta_osaamista\/toimintamallit-ja-materiaalit\/innokkaasti-edellakavijana-artikkelikirja\/#primaryimage"},"image":{"@id":"https:\/\/blogit.gradia.fi\/parasta_osaamista\/toimintamallit-ja-materiaalit\/innokkaasti-edellakavijana-artikkelikirja\/#primaryimage"},"thumbnailUrl":"https:\/\/blogit.gradia.fi\/parasta_osaamista\/wp-content\/uploads\/sites\/20\/2018\/11\/kansi-278x300.jpg","datePublished":"2018-11-15T11:30:37+00:00","dateModified":"2019-03-05T08:34:51+00:00","breadcrumb":{"@id":"https:\/\/blogit.gradia.fi\/parasta_osaamista\/toimintamallit-ja-materiaalit\/innokkaasti-edellakavijana-artikkelikirja\/#breadcrumb"},"inLanguage":"fi","potentialAction":[{"@type":"ReadAction","target":["https:\/\/blogit.gradia.fi\/parasta_osaamista\/toimintamallit-ja-materiaalit\/innokkaasti-edellakavijana-artikkelikirja\/"]}]},{"@type":"ImageObject","inLanguage":"fi","@id":"https:\/\/blogit.gradia.fi\/parasta_osaamista\/toimintamallit-ja-materiaalit\/innokkaasti-edellakavijana-artikkelikirja\/#primaryimage","url":"https:\/\/blogit.gradia.fi\/parasta_osaamista\/wp-content\/uploads\/sites\/20\/2018\/11\/kansi.jpg","contentUrl":"https:\/\/blogit.gradia.fi\/parasta_osaamista\/wp-content\/uploads\/sites\/20\/2018\/11\/kansi.jpg","width":529,"height":571},{"@type":"BreadcrumbList","@id":"https:\/\/blogit.gradia.fi\/parasta_osaamista\/toimintamallit-ja-materiaalit\/innokkaasti-edellakavijana-artikkelikirja\/#breadcrumb","itemListElement":[{"@type":"ListItem","position":1,"name":"Toimintamallit ja materiaalit","item":"https:\/\/blogit.gradia.fi\/parasta_osaamista\/toimintamallit-ja-materiaalit\/"},{"@type":"ListItem","position":2,"name":"Innokkaasti edell\u00e4k\u00e4vij\u00e4n\u00e4! \u2013 artikkelikirja"}]},{"@type":"WebSite","@id":"https:\/\/blogit.gradia.fi\/parasta_osaamista\/#website","url":"https:\/\/blogit.gradia.fi\/parasta_osaamista\/","name":"Parasta osaamista","description":"Parasta osaamista -verkostohanke","publisher":{"@id":"https:\/\/blogit.gradia.fi\/parasta_osaamista\/#organization"},"potentialAction":[{"@type":"SearchAction","target":{"@type":"EntryPoint","urlTemplate":"https:\/\/blogit.gradia.fi\/parasta_osaamista\/?s={search_term_string}"},"query-input":{"@type":"PropertyValueSpecification","valueRequired":true,"valueName":"search_term_string"}}],"inLanguage":"fi"},{"@type":"Organization","@id":"https:\/\/blogit.gradia.fi\/parasta_osaamista\/#organization","name":"Parasta osaamista -verkostohanke","url":"https:\/\/blogit.gradia.fi\/parasta_osaamista\/","logo":{"@type":"ImageObject","inLanguage":"fi","@id":"https:\/\/blogit.gradia.fi\/parasta_osaamista\/#\/schema\/logo\/image\/","url":"https:\/\/blogit.gradia.fi\/parasta_osaamista\/wp-content\/uploads\/sites\/20\/2018\/02\/parasta_osaamista_logo.jpg","contentUrl":"https:\/\/blogit.gradia.fi\/parasta_osaamista\/wp-content\/uploads\/sites\/20\/2018\/02\/parasta_osaamista_logo.jpg","width":344,"height":334,"caption":"Parasta osaamista -verkostohanke"},"image":{"@id":"https:\/\/blogit.gradia.fi\/parasta_osaamista\/#\/schema\/logo\/image\/"},"sameAs":["https:\/\/www.facebook.com\/POsaamista\/","https:\/\/x.com\/Posaaja_","https:\/\/www.instagram.com\/parastaosaamista\/","https:\/\/www.youtube.com\/channel\/UC7hv9jw0R6lS_Fmz5L9TUPw"]}]}},"uagb_featured_image_src":{"full":false,"thumbnail":false,"medium":false,"medium_large":false,"large":false,"1536x1536":false,"2048x2048":false,"thumb-small":false,"thumb-standard":false,"thumb-medium":false,"thumb-large":false,"thumb-xlarge":false,"thumb-xxlarge":false},"uagb_author_info":{"display_name":"Sami Ahonen","author_link":"https:\/\/blogit.gradia.fi\/parasta_osaamista\/author\/ahonesam\/"},"uagb_comment_info":0,"uagb_excerpt":"Innokkaasti edell\u00e4k\u00e4vij\u00e4n\u00e4! \u2013 Kohti opetus- ja ohjaushenkil\u00f6st\u00f6n uudistuvia identiteettipositioita -artikkelikirjan taustalla toimii Parasta osaamista -verkostohanke (2017\u20132019), jonka yhten\u00e4 teht\u00e4v\u00e4n\u00e4 on kartoittaa ammatillisen koulutuksen opetus- ja ohjaushenkil\u00f6st\u00f6n osaamistarpeita sek\u00e4 edist\u00e4\u00e4 niit\u00e4. Verkostohankkeessa on mukana kymmenen&#46;&#46;&#46;","_links":{"self":[{"href":"https:\/\/blogit.gradia.fi\/parasta_osaamista\/wp-json\/wp\/v2\/pages\/1149","targetHints":{"allow":["GET"]}}],"collection":[{"href":"https:\/\/blogit.gradia.fi\/parasta_osaamista\/wp-json\/wp\/v2\/pages"}],"about":[{"href":"https:\/\/blogit.gradia.fi\/parasta_osaamista\/wp-json\/wp\/v2\/types\/page"}],"author":[{"embeddable":true,"href":"https:\/\/blogit.gradia.fi\/parasta_osaamista\/wp-json\/wp\/v2\/users\/178"}],"replies":[{"embeddable":true,"href":"https:\/\/blogit.gradia.fi\/parasta_osaamista\/wp-json\/wp\/v2\/comments?post=1149"}],"version-history":[{"count":4,"href":"https:\/\/blogit.gradia.fi\/parasta_osaamista\/wp-json\/wp\/v2\/pages\/1149\/revisions"}],"predecessor-version":[{"id":2143,"href":"https:\/\/blogit.gradia.fi\/parasta_osaamista\/wp-json\/wp\/v2\/pages\/1149\/revisions\/2143"}],"up":[{"embeddable":true,"href":"https:\/\/blogit.gradia.fi\/parasta_osaamista\/wp-json\/wp\/v2\/pages\/70"}],"wp:attachment":[{"href":"https:\/\/blogit.gradia.fi\/parasta_osaamista\/wp-json\/wp\/v2\/media?parent=1149"}],"curies":[{"name":"wp","href":"https:\/\/api.w.org\/{rel}","templated":true}]}}