{"id":1132,"date":"2018-11-14T15:33:22","date_gmt":"2018-11-14T13:33:22","guid":{"rendered":"https:\/\/blogit.gradia.fi\/parasta_osaamista\/?page_id=1132"},"modified":"2020-10-23T11:29:08","modified_gmt":"2020-10-23T08:29:08","slug":"ovriga-fragor-info","status":"publish","type":"page","link":"https:\/\/blogit.gradia.fi\/parasta_osaamista\/pa-svenska\/introduktion\/ovriga-fragor-info\/","title":{"rendered":"\u00d6vriga fr\u00e5gor INFO"},"content":{"rendered":"<p><strong>Mer information via f\u00f6ljande l\u00e4nkar:<\/strong><\/p>\n<p><a href=\"https:\/\/jaofi.sharepoint.com\/:b:\/s\/3\/Parasta_osaamista\/EZW6gawcrktCm3Bja-Pjx9sBKTYPOTUVCLDCvCuoYfp6Ew?e=1rcldH\">Handledningen f\u00f6r\u00e4ndras utg\u00e5ende fr\u00e5n kunnande och yrkesskicklighet<\/a><\/p>\n<p><a href=\"https:\/\/jaofi.sharepoint.com\/:b:\/s\/3\/Parasta_osaamista\/EbPMwt_Kgu5Imic0Bv_tah4BB3TF1DYBDw1mb5ZZVwqiqA?e=KxycYi\">Individuell handledning av studerande<\/a><\/p>\n<p><a href=\"https:\/\/jaofi.sharepoint.com\/:b:\/s\/3\/Parasta_osaamista\/EQ6Wp6Wf06tCpsZ08L3q-CUBco5GfzSP_6PtiEyyonr4iA?e=rRpmjO\">Studerande presenterar sig f\u00f6r arbetsplatsen<\/a><\/p>\n<p><a href=\"https:\/\/jaofi.sharepoint.com\/:b:\/s\/3\/Parasta_osaamista\/EU1gnDnnm5NEoa2GC3cbyKIBl85mVbtF_IJvqtU4fEXFGg?e=h1dGwT\">Arbetsbeskrivning med bilder, daghem<\/a><\/p>\n<p><a href=\"https:\/\/jaofi.sharepoint.com\/:b:\/s\/3\/Parasta_osaamista\/EXTUKncCqu1JkNZSAwQCuFQBml5o7GZfPTt_kEn_GqD12A?e=dhCKYb\">Arbetsbeskrivning med bilder, kopiering<\/a><\/p>\n<p><a href=\"https:\/\/jaofi.sharepoint.com\/:b:\/s\/3\/Parasta_osaamista\/EczVw81kmh9Hih2iGbhAje0BLxwDHlRBMZhbrtRVAUQujA?e=u2diSX\">Arbetsbeskrivning med bilder, frukostservering<\/a><\/p>\n<p><a href=\"https:\/\/jaofi.sharepoint.com\/:b:\/s\/3\/Parasta_osaamista\/EZycIhZ-njtGmjW2hppMYq4B4zvYmp27dwTYDgL2Jl_4_g?e=r6686I\">Ta kulturell bakgrund i beaktande vid handledning<\/a><\/p>\n<p><a href=\"https:\/\/jaofi.sharepoint.com\/:b:\/s\/3\/Parasta_osaamista\/EUHQfxdseIBFv7DVO8auggUB-TFmClBOMYfi6bAR9AyLDg?e=c2kq4t\">Studerandes sj\u00e4lvbed\u00f6ming<\/a><\/p>\n\n\n<p><\/p>\n","protected":false},"excerpt":{"rendered":"<p>Mer information via f\u00f6ljande l\u00e4nkar: Handledningen f\u00f6r\u00e4ndras utg\u00e5ende fr\u00e5n kunnande och yrkesskicklighet Individuell handledning av studerande Studerande presenterar sig f\u00f6r arbetsplatsen Arbetsbeskrivning med bilder, daghem Arbetsbeskrivning med bilder, kopiering Arbetsbeskrivning med bilder, frukostservering Ta&#46;&#46;&#46;<\/p>\n","protected":false},"author":240,"featured_media":0,"parent":980,"menu_order":0,"comment_status":"closed","ping_status":"closed","template":"","meta":{"_uag_custom_page_level_css":"","footnotes":""},"class_list":["post-1132","page","type-page","status-publish","hentry"],"yoast_head":"<!-- This site is optimized with the Yoast SEO plugin v27.4 - https:\/\/yoast.com\/product\/yoast-seo-wordpress\/ -->\n<title>\u00d6vriga fr\u00e5gor INFO - Parasta osaamista<\/title>\n<meta name=\"robots\" content=\"index, follow, max-snippet:-1, max-image-preview:large, max-video-preview:-1\" \/>\n<link rel=\"canonical\" href=\"https:\/\/blogit.gradia.fi\/parasta_osaamista\/pa-svenska\/introduktion\/ovriga-fragor-info\/\" \/>\n<meta property=\"og:locale\" content=\"fi_FI\" \/>\n<meta property=\"og:type\" content=\"article\" \/>\n<meta property=\"og:title\" content=\"\u00d6vriga fr\u00e5gor INFO - Parasta osaamista\" \/>\n<meta property=\"og:description\" content=\"Mer information via f\u00f6ljande l\u00e4nkar: Handledningen f\u00f6r\u00e4ndras utg\u00e5ende fr\u00e5n kunnande och yrkesskicklighet Individuell handledning av studerande Studerande presenterar sig f\u00f6r arbetsplatsen Arbetsbeskrivning med bilder, daghem Arbetsbeskrivning med bilder, kopiering Arbetsbeskrivning med bilder, frukostservering Ta&#046;&#046;&#046;\" \/>\n<meta property=\"og:url\" content=\"https:\/\/blogit.gradia.fi\/parasta_osaamista\/pa-svenska\/introduktion\/ovriga-fragor-info\/\" \/>\n<meta property=\"og:site_name\" content=\"Parasta osaamista\" \/>\n<meta property=\"article:publisher\" content=\"https:\/\/www.facebook.com\/POsaamista\/\" \/>\n<meta property=\"article:modified_time\" content=\"2020-10-23T08:29:08+00:00\" \/>\n<meta name=\"twitter:card\" content=\"summary_large_image\" \/>\n<meta name=\"twitter:site\" content=\"@Posaaja_\" \/>\n<script type=\"application\/ld+json\" class=\"yoast-schema-graph\">{\"@context\":\"https:\\\/\\\/schema.org\",\"@graph\":[{\"@type\":\"WebPage\",\"@id\":\"https:\\\/\\\/blogit.gradia.fi\\\/parasta_osaamista\\\/pa-svenska\\\/introduktion\\\/ovriga-fragor-info\\\/\",\"url\":\"https:\\\/\\\/blogit.gradia.fi\\\/parasta_osaamista\\\/pa-svenska\\\/introduktion\\\/ovriga-fragor-info\\\/\",\"name\":\"\u00d6vriga fr\u00e5gor INFO - Parasta osaamista\",\"isPartOf\":{\"@id\":\"https:\\\/\\\/blogit.gradia.fi\\\/parasta_osaamista\\\/#website\"},\"datePublished\":\"2018-11-14T13:33:22+00:00\",\"dateModified\":\"2020-10-23T08:29:08+00:00\",\"breadcrumb\":{\"@id\":\"https:\\\/\\\/blogit.gradia.fi\\\/parasta_osaamista\\\/pa-svenska\\\/introduktion\\\/ovriga-fragor-info\\\/#breadcrumb\"},\"inLanguage\":\"fi\",\"potentialAction\":[{\"@type\":\"ReadAction\",\"target\":[\"https:\\\/\\\/blogit.gradia.fi\\\/parasta_osaamista\\\/pa-svenska\\\/introduktion\\\/ovriga-fragor-info\\\/\"]}]},{\"@type\":\"BreadcrumbList\",\"@id\":\"https:\\\/\\\/blogit.gradia.fi\\\/parasta_osaamista\\\/pa-svenska\\\/introduktion\\\/ovriga-fragor-info\\\/#breadcrumb\",\"itemListElement\":[{\"@type\":\"ListItem\",\"position\":1,\"name\":\"B\u00e4sta kunnande\",\"item\":\"https:\\\/\\\/blogit.gradia.fi\\\/parasta_osaamista\\\/pa-svenska\\\/\"},{\"@type\":\"ListItem\",\"position\":2,\"name\":\"Introduktion av arbetsplatshandledare riktad till l\u00e4rare\",\"item\":\"https:\\\/\\\/blogit.gradia.fi\\\/parasta_osaamista\\\/pa-svenska\\\/introduktion\\\/\"},{\"@type\":\"ListItem\",\"position\":3,\"name\":\"\u00d6vriga fr\u00e5gor INFO\"}]},{\"@type\":\"WebSite\",\"@id\":\"https:\\\/\\\/blogit.gradia.fi\\\/parasta_osaamista\\\/#website\",\"url\":\"https:\\\/\\\/blogit.gradia.fi\\\/parasta_osaamista\\\/\",\"name\":\"Parasta osaamista\",\"description\":\"Parasta osaamista -verkostohanke\",\"publisher\":{\"@id\":\"https:\\\/\\\/blogit.gradia.fi\\\/parasta_osaamista\\\/#organization\"},\"potentialAction\":[{\"@type\":\"SearchAction\",\"target\":{\"@type\":\"EntryPoint\",\"urlTemplate\":\"https:\\\/\\\/blogit.gradia.fi\\\/parasta_osaamista\\\/?s={search_term_string}\"},\"query-input\":{\"@type\":\"PropertyValueSpecification\",\"valueRequired\":true,\"valueName\":\"search_term_string\"}}],\"inLanguage\":\"fi\"},{\"@type\":\"Organization\",\"@id\":\"https:\\\/\\\/blogit.gradia.fi\\\/parasta_osaamista\\\/#organization\",\"name\":\"Parasta osaamista -verkostohanke\",\"url\":\"https:\\\/\\\/blogit.gradia.fi\\\/parasta_osaamista\\\/\",\"logo\":{\"@type\":\"ImageObject\",\"inLanguage\":\"fi\",\"@id\":\"https:\\\/\\\/blogit.gradia.fi\\\/parasta_osaamista\\\/#\\\/schema\\\/logo\\\/image\\\/\",\"url\":\"https:\\\/\\\/blogit.gradia.fi\\\/parasta_osaamista\\\/wp-content\\\/uploads\\\/sites\\\/20\\\/2018\\\/02\\\/parasta_osaamista_logo.jpg\",\"contentUrl\":\"https:\\\/\\\/blogit.gradia.fi\\\/parasta_osaamista\\\/wp-content\\\/uploads\\\/sites\\\/20\\\/2018\\\/02\\\/parasta_osaamista_logo.jpg\",\"width\":344,\"height\":334,\"caption\":\"Parasta osaamista -verkostohanke\"},\"image\":{\"@id\":\"https:\\\/\\\/blogit.gradia.fi\\\/parasta_osaamista\\\/#\\\/schema\\\/logo\\\/image\\\/\"},\"sameAs\":[\"https:\\\/\\\/www.facebook.com\\\/POsaamista\\\/\",\"https:\\\/\\\/x.com\\\/Posaaja_\",\"https:\\\/\\\/www.instagram.com\\\/parastaosaamista\\\/\",\"https:\\\/\\\/www.youtube.com\\\/channel\\\/UC7hv9jw0R6lS_Fmz5L9TUPw\"]}]}<\/script>\n<!-- \/ Yoast SEO plugin. -->","yoast_head_json":{"title":"\u00d6vriga fr\u00e5gor INFO - Parasta osaamista","robots":{"index":"index","follow":"follow","max-snippet":"max-snippet:-1","max-image-preview":"max-image-preview:large","max-video-preview":"max-video-preview:-1"},"canonical":"https:\/\/blogit.gradia.fi\/parasta_osaamista\/pa-svenska\/introduktion\/ovriga-fragor-info\/","og_locale":"fi_FI","og_type":"article","og_title":"\u00d6vriga fr\u00e5gor INFO - Parasta osaamista","og_description":"Mer information via f\u00f6ljande l\u00e4nkar: Handledningen f\u00f6r\u00e4ndras utg\u00e5ende fr\u00e5n kunnande och yrkesskicklighet Individuell handledning av studerande Studerande presenterar sig f\u00f6r arbetsplatsen Arbetsbeskrivning med bilder, daghem Arbetsbeskrivning med bilder, kopiering Arbetsbeskrivning med bilder, frukostservering Ta&#46;&#46;&#46;","og_url":"https:\/\/blogit.gradia.fi\/parasta_osaamista\/pa-svenska\/introduktion\/ovriga-fragor-info\/","og_site_name":"Parasta osaamista","article_publisher":"https:\/\/www.facebook.com\/POsaamista\/","article_modified_time":"2020-10-23T08:29:08+00:00","twitter_card":"summary_large_image","twitter_site":"@Posaaja_","schema":{"@context":"https:\/\/schema.org","@graph":[{"@type":"WebPage","@id":"https:\/\/blogit.gradia.fi\/parasta_osaamista\/pa-svenska\/introduktion\/ovriga-fragor-info\/","url":"https:\/\/blogit.gradia.fi\/parasta_osaamista\/pa-svenska\/introduktion\/ovriga-fragor-info\/","name":"\u00d6vriga fr\u00e5gor INFO - Parasta osaamista","isPartOf":{"@id":"https:\/\/blogit.gradia.fi\/parasta_osaamista\/#website"},"datePublished":"2018-11-14T13:33:22+00:00","dateModified":"2020-10-23T08:29:08+00:00","breadcrumb":{"@id":"https:\/\/blogit.gradia.fi\/parasta_osaamista\/pa-svenska\/introduktion\/ovriga-fragor-info\/#breadcrumb"},"inLanguage":"fi","potentialAction":[{"@type":"ReadAction","target":["https:\/\/blogit.gradia.fi\/parasta_osaamista\/pa-svenska\/introduktion\/ovriga-fragor-info\/"]}]},{"@type":"BreadcrumbList","@id":"https:\/\/blogit.gradia.fi\/parasta_osaamista\/pa-svenska\/introduktion\/ovriga-fragor-info\/#breadcrumb","itemListElement":[{"@type":"ListItem","position":1,"name":"B\u00e4sta kunnande","item":"https:\/\/blogit.gradia.fi\/parasta_osaamista\/pa-svenska\/"},{"@type":"ListItem","position":2,"name":"Introduktion av arbetsplatshandledare riktad till l\u00e4rare","item":"https:\/\/blogit.gradia.fi\/parasta_osaamista\/pa-svenska\/introduktion\/"},{"@type":"ListItem","position":3,"name":"\u00d6vriga fr\u00e5gor INFO"}]},{"@type":"WebSite","@id":"https:\/\/blogit.gradia.fi\/parasta_osaamista\/#website","url":"https:\/\/blogit.gradia.fi\/parasta_osaamista\/","name":"Parasta osaamista","description":"Parasta osaamista -verkostohanke","publisher":{"@id":"https:\/\/blogit.gradia.fi\/parasta_osaamista\/#organization"},"potentialAction":[{"@type":"SearchAction","target":{"@type":"EntryPoint","urlTemplate":"https:\/\/blogit.gradia.fi\/parasta_osaamista\/?s={search_term_string}"},"query-input":{"@type":"PropertyValueSpecification","valueRequired":true,"valueName":"search_term_string"}}],"inLanguage":"fi"},{"@type":"Organization","@id":"https:\/\/blogit.gradia.fi\/parasta_osaamista\/#organization","name":"Parasta osaamista -verkostohanke","url":"https:\/\/blogit.gradia.fi\/parasta_osaamista\/","logo":{"@type":"ImageObject","inLanguage":"fi","@id":"https:\/\/blogit.gradia.fi\/parasta_osaamista\/#\/schema\/logo\/image\/","url":"https:\/\/blogit.gradia.fi\/parasta_osaamista\/wp-content\/uploads\/sites\/20\/2018\/02\/parasta_osaamista_logo.jpg","contentUrl":"https:\/\/blogit.gradia.fi\/parasta_osaamista\/wp-content\/uploads\/sites\/20\/2018\/02\/parasta_osaamista_logo.jpg","width":344,"height":334,"caption":"Parasta osaamista -verkostohanke"},"image":{"@id":"https:\/\/blogit.gradia.fi\/parasta_osaamista\/#\/schema\/logo\/image\/"},"sameAs":["https:\/\/www.facebook.com\/POsaamista\/","https:\/\/x.com\/Posaaja_","https:\/\/www.instagram.com\/parastaosaamista\/","https:\/\/www.youtube.com\/channel\/UC7hv9jw0R6lS_Fmz5L9TUPw"]}]}},"uagb_featured_image_src":{"full":false,"thumbnail":false,"medium":false,"medium_large":false,"large":false,"1536x1536":false,"2048x2048":false,"thumb-small":false,"thumb-standard":false,"thumb-medium":false,"thumb-large":false,"thumb-xlarge":false,"thumb-xxlarge":false},"uagb_author_info":{"display_name":"annerongas","author_link":"https:\/\/blogit.gradia.fi\/parasta_osaamista\/author\/annerongas\/"},"uagb_comment_info":0,"uagb_excerpt":"Mer information via f\u00f6ljande l\u00e4nkar: Handledningen f\u00f6r\u00e4ndras utg\u00e5ende fr\u00e5n kunnande och yrkesskicklighet Individuell handledning av studerande Studerande presenterar sig f\u00f6r arbetsplatsen Arbetsbeskrivning med bilder, daghem Arbetsbeskrivning med bilder, kopiering Arbetsbeskrivning med bilder, frukostservering Ta&#46;&#46;&#46;","_links":{"self":[{"href":"https:\/\/blogit.gradia.fi\/parasta_osaamista\/wp-json\/wp\/v2\/pages\/1132","targetHints":{"allow":["GET"]}}],"collection":[{"href":"https:\/\/blogit.gradia.fi\/parasta_osaamista\/wp-json\/wp\/v2\/pages"}],"about":[{"href":"https:\/\/blogit.gradia.fi\/parasta_osaamista\/wp-json\/wp\/v2\/types\/page"}],"author":[{"embeddable":true,"href":"https:\/\/blogit.gradia.fi\/parasta_osaamista\/wp-json\/wp\/v2\/users\/240"}],"replies":[{"embeddable":true,"href":"https:\/\/blogit.gradia.fi\/parasta_osaamista\/wp-json\/wp\/v2\/comments?post=1132"}],"version-history":[{"count":2,"href":"https:\/\/blogit.gradia.fi\/parasta_osaamista\/wp-json\/wp\/v2\/pages\/1132\/revisions"}],"predecessor-version":[{"id":3681,"href":"https:\/\/blogit.gradia.fi\/parasta_osaamista\/wp-json\/wp\/v2\/pages\/1132\/revisions\/3681"}],"up":[{"embeddable":true,"href":"https:\/\/blogit.gradia.fi\/parasta_osaamista\/wp-json\/wp\/v2\/pages\/980"}],"wp:attachment":[{"href":"https:\/\/blogit.gradia.fi\/parasta_osaamista\/wp-json\/wp\/v2\/media?parent=1132"}],"curies":[{"name":"wp","href":"https:\/\/api.w.org\/{rel}","templated":true}]}}