{"id":1125,"date":"2018-11-14T15:27:29","date_gmt":"2018-11-14T13:27:29","guid":{"rendered":"https:\/\/blogit.gradia.fi\/parasta_osaamista\/?page_id=1125"},"modified":"2018-11-14T15:27:29","modified_gmt":"2018-11-14T13:27:29","slug":"arbetsplatshandledaren-introducerar-info","status":"publish","type":"page","link":"https:\/\/blogit.gradia.fi\/parasta_osaamista\/pa-svenska\/introduktion\/arbetsplatshandledaren-introducerar-info\/","title":{"rendered":"Arbetsplatshandledaren introducerar INFO"},"content":{"rendered":"<p><strong>Arbetsplatsens rutiner<\/strong><\/p>\n<ul>\n<li>L\u00e4raren s\u00e4krar att arbetsplatsens regler och rutiner g\u00e5s igenom (arbetstider, arbetskl\u00e4der, anv\u00e4ndning av mobiltelefon, fr\u00e5nvaroanm\u00e4lan, tobaksr\u00f6kning mm.)<\/li>\n<li>Tystnadsplikt<\/li>\n<\/ul>\n<p><strong>Arbetss\u00e4kerhet<\/strong><\/p>\n<p>G\u00e5r gemensamt igenom riskfaktorer inom branschen och som beh\u00f6ver beaktas i arbetet. Introduktionsblanketten till arbetss\u00e4kerhet kan anv\u00e4ndas som hj\u00e4lp.<\/p>\n<ul>\n<li>Arbetets faror och nackdelar<\/li>\n<li>F\u00f6rbjudna och farliga arbeten f\u00f6r unga<\/li>\n<li>Arbets\u00e4kerhetsanvisningar<\/li>\n<li>Arbetskl\u00e4der och skyddsutrustning<\/li>\n<li>Hur man r\u00f6r sig p\u00e5 arbetsplatsen\/n\u00f6dutg\u00e5ngar<\/li>\n<li>Faror och hur man informarar om dessa<\/li>\n<li>Uppr\u00e4tth\u00e5llande av arbetsf\u00f6rm\u00e5ga och ergonomi<\/li>\n<li>Renlighet och ordning samt avfallshantering<\/li>\n<\/ul>\n<p><strong>Arbetsplatshandeldaren som st\u00f6d f\u00f6r den professionella utvecklingen<\/strong><\/p>\n<ul>\n<li>Hj\u00e4lper studerande att s\u00e4tta realsitiska m\u00e5l<\/li>\n<li>L\u00e4r en del i g\u00e5ngen<\/li>\n<li>Uppmuntrar studerande till uth\u00e5llighet<\/li>\n<li>Kr\u00e4ver inte koncentration p\u00e5 flera saker \u00e5t g\u00e5ngen<\/li>\n<li>Handleder att identifiera yrkets centrala uppgifter<\/li>\n<li>Visar sakligt f\u00f6rh\u00e5llande till f\u00f6rv\u00e4rvat och nytt kunnande<\/li>\n<li>Lyssnar<\/li>\n<li>St\u00e4ller fr\u00e5gor<\/li>\n<li>\u00c4r empatisk<\/li>\n<li>Ger ansvar<\/li>\n<li>Drar nytta av studerandes styrkor<\/li>\n<li>Tar med studerande i arbetsgemenskapen<\/li>\n<li>Ger gl\u00e4dje av framg\u00e5ng!<\/li>\n<\/ul>\n<p>&nbsp;<\/p>\n","protected":false},"excerpt":{"rendered":"<p>Arbetsplatsens rutiner L\u00e4raren s\u00e4krar att arbetsplatsens regler och rutiner g\u00e5s igenom (arbetstider, arbetskl\u00e4der, anv\u00e4ndning av mobiltelefon, fr\u00e5nvaroanm\u00e4lan, tobaksr\u00f6kning mm.) Tystnadsplikt Arbetss\u00e4kerhet G\u00e5r gemensamt igenom riskfaktorer inom branschen och som beh\u00f6ver beaktas i arbetet. Introduktionsblanketten&#46;&#46;&#46;<\/p>\n","protected":false},"author":240,"featured_media":0,"parent":980,"menu_order":0,"comment_status":"closed","ping_status":"closed","template":"","meta":{"_uag_custom_page_level_css":"","footnotes":""},"class_list":["post-1125","page","type-page","status-publish","hentry"],"yoast_head":"<!-- This site is optimized with the Yoast SEO plugin v27.4 - https:\/\/yoast.com\/product\/yoast-seo-wordpress\/ -->\n<title>Arbetsplatshandledaren introducerar INFO - Parasta osaamista<\/title>\n<meta name=\"robots\" content=\"index, follow, max-snippet:-1, max-image-preview:large, max-video-preview:-1\" \/>\n<link rel=\"canonical\" href=\"https:\/\/blogit.gradia.fi\/parasta_osaamista\/pa-svenska\/introduktion\/arbetsplatshandledaren-introducerar-info\/\" \/>\n<meta property=\"og:locale\" content=\"fi_FI\" \/>\n<meta property=\"og:type\" content=\"article\" \/>\n<meta property=\"og:title\" content=\"Arbetsplatshandledaren introducerar INFO - Parasta osaamista\" \/>\n<meta property=\"og:description\" content=\"Arbetsplatsens rutiner L\u00e4raren s\u00e4krar att arbetsplatsens regler och rutiner g\u00e5s igenom (arbetstider, arbetskl\u00e4der, anv\u00e4ndning av mobiltelefon, fr\u00e5nvaroanm\u00e4lan, tobaksr\u00f6kning mm.) Tystnadsplikt Arbetss\u00e4kerhet G\u00e5r gemensamt igenom riskfaktorer inom branschen och som beh\u00f6ver beaktas i arbetet. Introduktionsblanketten&#046;&#046;&#046;\" \/>\n<meta property=\"og:url\" content=\"https:\/\/blogit.gradia.fi\/parasta_osaamista\/pa-svenska\/introduktion\/arbetsplatshandledaren-introducerar-info\/\" \/>\n<meta property=\"og:site_name\" content=\"Parasta osaamista\" \/>\n<meta property=\"article:publisher\" content=\"https:\/\/www.facebook.com\/POsaamista\/\" \/>\n<meta name=\"twitter:card\" content=\"summary_large_image\" \/>\n<meta name=\"twitter:site\" content=\"@Posaaja_\" \/>\n<meta name=\"twitter:label1\" content=\"Arvioitu lukuaika\" \/>\n\t<meta name=\"twitter:data1\" content=\"1 minuutti\" \/>\n<script type=\"application\/ld+json\" class=\"yoast-schema-graph\">{\"@context\":\"https:\\\/\\\/schema.org\",\"@graph\":[{\"@type\":\"WebPage\",\"@id\":\"https:\\\/\\\/blogit.gradia.fi\\\/parasta_osaamista\\\/pa-svenska\\\/introduktion\\\/arbetsplatshandledaren-introducerar-info\\\/\",\"url\":\"https:\\\/\\\/blogit.gradia.fi\\\/parasta_osaamista\\\/pa-svenska\\\/introduktion\\\/arbetsplatshandledaren-introducerar-info\\\/\",\"name\":\"Arbetsplatshandledaren introducerar INFO - Parasta osaamista\",\"isPartOf\":{\"@id\":\"https:\\\/\\\/blogit.gradia.fi\\\/parasta_osaamista\\\/#website\"},\"datePublished\":\"2018-11-14T13:27:29+00:00\",\"breadcrumb\":{\"@id\":\"https:\\\/\\\/blogit.gradia.fi\\\/parasta_osaamista\\\/pa-svenska\\\/introduktion\\\/arbetsplatshandledaren-introducerar-info\\\/#breadcrumb\"},\"inLanguage\":\"fi\",\"potentialAction\":[{\"@type\":\"ReadAction\",\"target\":[\"https:\\\/\\\/blogit.gradia.fi\\\/parasta_osaamista\\\/pa-svenska\\\/introduktion\\\/arbetsplatshandledaren-introducerar-info\\\/\"]}]},{\"@type\":\"BreadcrumbList\",\"@id\":\"https:\\\/\\\/blogit.gradia.fi\\\/parasta_osaamista\\\/pa-svenska\\\/introduktion\\\/arbetsplatshandledaren-introducerar-info\\\/#breadcrumb\",\"itemListElement\":[{\"@type\":\"ListItem\",\"position\":1,\"name\":\"B\u00e4sta kunnande\",\"item\":\"https:\\\/\\\/blogit.gradia.fi\\\/parasta_osaamista\\\/pa-svenska\\\/\"},{\"@type\":\"ListItem\",\"position\":2,\"name\":\"Introduktion av arbetsplatshandledare riktad till l\u00e4rare\",\"item\":\"https:\\\/\\\/blogit.gradia.fi\\\/parasta_osaamista\\\/pa-svenska\\\/introduktion\\\/\"},{\"@type\":\"ListItem\",\"position\":3,\"name\":\"Arbetsplatshandledaren introducerar INFO\"}]},{\"@type\":\"WebSite\",\"@id\":\"https:\\\/\\\/blogit.gradia.fi\\\/parasta_osaamista\\\/#website\",\"url\":\"https:\\\/\\\/blogit.gradia.fi\\\/parasta_osaamista\\\/\",\"name\":\"Parasta osaamista\",\"description\":\"Parasta osaamista -verkostohanke\",\"publisher\":{\"@id\":\"https:\\\/\\\/blogit.gradia.fi\\\/parasta_osaamista\\\/#organization\"},\"potentialAction\":[{\"@type\":\"SearchAction\",\"target\":{\"@type\":\"EntryPoint\",\"urlTemplate\":\"https:\\\/\\\/blogit.gradia.fi\\\/parasta_osaamista\\\/?s={search_term_string}\"},\"query-input\":{\"@type\":\"PropertyValueSpecification\",\"valueRequired\":true,\"valueName\":\"search_term_string\"}}],\"inLanguage\":\"fi\"},{\"@type\":\"Organization\",\"@id\":\"https:\\\/\\\/blogit.gradia.fi\\\/parasta_osaamista\\\/#organization\",\"name\":\"Parasta osaamista -verkostohanke\",\"url\":\"https:\\\/\\\/blogit.gradia.fi\\\/parasta_osaamista\\\/\",\"logo\":{\"@type\":\"ImageObject\",\"inLanguage\":\"fi\",\"@id\":\"https:\\\/\\\/blogit.gradia.fi\\\/parasta_osaamista\\\/#\\\/schema\\\/logo\\\/image\\\/\",\"url\":\"https:\\\/\\\/blogit.gradia.fi\\\/parasta_osaamista\\\/wp-content\\\/uploads\\\/sites\\\/20\\\/2018\\\/02\\\/parasta_osaamista_logo.jpg\",\"contentUrl\":\"https:\\\/\\\/blogit.gradia.fi\\\/parasta_osaamista\\\/wp-content\\\/uploads\\\/sites\\\/20\\\/2018\\\/02\\\/parasta_osaamista_logo.jpg\",\"width\":344,\"height\":334,\"caption\":\"Parasta osaamista -verkostohanke\"},\"image\":{\"@id\":\"https:\\\/\\\/blogit.gradia.fi\\\/parasta_osaamista\\\/#\\\/schema\\\/logo\\\/image\\\/\"},\"sameAs\":[\"https:\\\/\\\/www.facebook.com\\\/POsaamista\\\/\",\"https:\\\/\\\/x.com\\\/Posaaja_\",\"https:\\\/\\\/www.instagram.com\\\/parastaosaamista\\\/\",\"https:\\\/\\\/www.youtube.com\\\/channel\\\/UC7hv9jw0R6lS_Fmz5L9TUPw\"]}]}<\/script>\n<!-- \/ Yoast SEO plugin. -->","yoast_head_json":{"title":"Arbetsplatshandledaren introducerar INFO - Parasta osaamista","robots":{"index":"index","follow":"follow","max-snippet":"max-snippet:-1","max-image-preview":"max-image-preview:large","max-video-preview":"max-video-preview:-1"},"canonical":"https:\/\/blogit.gradia.fi\/parasta_osaamista\/pa-svenska\/introduktion\/arbetsplatshandledaren-introducerar-info\/","og_locale":"fi_FI","og_type":"article","og_title":"Arbetsplatshandledaren introducerar INFO - Parasta osaamista","og_description":"Arbetsplatsens rutiner L\u00e4raren s\u00e4krar att arbetsplatsens regler och rutiner g\u00e5s igenom (arbetstider, arbetskl\u00e4der, anv\u00e4ndning av mobiltelefon, fr\u00e5nvaroanm\u00e4lan, tobaksr\u00f6kning mm.) Tystnadsplikt Arbetss\u00e4kerhet G\u00e5r gemensamt igenom riskfaktorer inom branschen och som beh\u00f6ver beaktas i arbetet. Introduktionsblanketten&#46;&#46;&#46;","og_url":"https:\/\/blogit.gradia.fi\/parasta_osaamista\/pa-svenska\/introduktion\/arbetsplatshandledaren-introducerar-info\/","og_site_name":"Parasta osaamista","article_publisher":"https:\/\/www.facebook.com\/POsaamista\/","twitter_card":"summary_large_image","twitter_site":"@Posaaja_","twitter_misc":{"Arvioitu lukuaika":"1 minuutti"},"schema":{"@context":"https:\/\/schema.org","@graph":[{"@type":"WebPage","@id":"https:\/\/blogit.gradia.fi\/parasta_osaamista\/pa-svenska\/introduktion\/arbetsplatshandledaren-introducerar-info\/","url":"https:\/\/blogit.gradia.fi\/parasta_osaamista\/pa-svenska\/introduktion\/arbetsplatshandledaren-introducerar-info\/","name":"Arbetsplatshandledaren introducerar INFO - Parasta osaamista","isPartOf":{"@id":"https:\/\/blogit.gradia.fi\/parasta_osaamista\/#website"},"datePublished":"2018-11-14T13:27:29+00:00","breadcrumb":{"@id":"https:\/\/blogit.gradia.fi\/parasta_osaamista\/pa-svenska\/introduktion\/arbetsplatshandledaren-introducerar-info\/#breadcrumb"},"inLanguage":"fi","potentialAction":[{"@type":"ReadAction","target":["https:\/\/blogit.gradia.fi\/parasta_osaamista\/pa-svenska\/introduktion\/arbetsplatshandledaren-introducerar-info\/"]}]},{"@type":"BreadcrumbList","@id":"https:\/\/blogit.gradia.fi\/parasta_osaamista\/pa-svenska\/introduktion\/arbetsplatshandledaren-introducerar-info\/#breadcrumb","itemListElement":[{"@type":"ListItem","position":1,"name":"B\u00e4sta kunnande","item":"https:\/\/blogit.gradia.fi\/parasta_osaamista\/pa-svenska\/"},{"@type":"ListItem","position":2,"name":"Introduktion av arbetsplatshandledare riktad till l\u00e4rare","item":"https:\/\/blogit.gradia.fi\/parasta_osaamista\/pa-svenska\/introduktion\/"},{"@type":"ListItem","position":3,"name":"Arbetsplatshandledaren introducerar INFO"}]},{"@type":"WebSite","@id":"https:\/\/blogit.gradia.fi\/parasta_osaamista\/#website","url":"https:\/\/blogit.gradia.fi\/parasta_osaamista\/","name":"Parasta osaamista","description":"Parasta osaamista -verkostohanke","publisher":{"@id":"https:\/\/blogit.gradia.fi\/parasta_osaamista\/#organization"},"potentialAction":[{"@type":"SearchAction","target":{"@type":"EntryPoint","urlTemplate":"https:\/\/blogit.gradia.fi\/parasta_osaamista\/?s={search_term_string}"},"query-input":{"@type":"PropertyValueSpecification","valueRequired":true,"valueName":"search_term_string"}}],"inLanguage":"fi"},{"@type":"Organization","@id":"https:\/\/blogit.gradia.fi\/parasta_osaamista\/#organization","name":"Parasta osaamista -verkostohanke","url":"https:\/\/blogit.gradia.fi\/parasta_osaamista\/","logo":{"@type":"ImageObject","inLanguage":"fi","@id":"https:\/\/blogit.gradia.fi\/parasta_osaamista\/#\/schema\/logo\/image\/","url":"https:\/\/blogit.gradia.fi\/parasta_osaamista\/wp-content\/uploads\/sites\/20\/2018\/02\/parasta_osaamista_logo.jpg","contentUrl":"https:\/\/blogit.gradia.fi\/parasta_osaamista\/wp-content\/uploads\/sites\/20\/2018\/02\/parasta_osaamista_logo.jpg","width":344,"height":334,"caption":"Parasta osaamista -verkostohanke"},"image":{"@id":"https:\/\/blogit.gradia.fi\/parasta_osaamista\/#\/schema\/logo\/image\/"},"sameAs":["https:\/\/www.facebook.com\/POsaamista\/","https:\/\/x.com\/Posaaja_","https:\/\/www.instagram.com\/parastaosaamista\/","https:\/\/www.youtube.com\/channel\/UC7hv9jw0R6lS_Fmz5L9TUPw"]}]}},"uagb_featured_image_src":{"full":false,"thumbnail":false,"medium":false,"medium_large":false,"large":false,"1536x1536":false,"2048x2048":false,"thumb-small":false,"thumb-standard":false,"thumb-medium":false,"thumb-large":false,"thumb-xlarge":false,"thumb-xxlarge":false},"uagb_author_info":{"display_name":"annerongas","author_link":"https:\/\/blogit.gradia.fi\/parasta_osaamista\/author\/annerongas\/"},"uagb_comment_info":0,"uagb_excerpt":"Arbetsplatsens rutiner L\u00e4raren s\u00e4krar att arbetsplatsens regler och rutiner g\u00e5s igenom (arbetstider, arbetskl\u00e4der, anv\u00e4ndning av mobiltelefon, fr\u00e5nvaroanm\u00e4lan, tobaksr\u00f6kning mm.) Tystnadsplikt Arbetss\u00e4kerhet G\u00e5r gemensamt igenom riskfaktorer inom branschen och som beh\u00f6ver beaktas i arbetet. Introduktionsblanketten&#46;&#46;&#46;","_links":{"self":[{"href":"https:\/\/blogit.gradia.fi\/parasta_osaamista\/wp-json\/wp\/v2\/pages\/1125","targetHints":{"allow":["GET"]}}],"collection":[{"href":"https:\/\/blogit.gradia.fi\/parasta_osaamista\/wp-json\/wp\/v2\/pages"}],"about":[{"href":"https:\/\/blogit.gradia.fi\/parasta_osaamista\/wp-json\/wp\/v2\/types\/page"}],"author":[{"embeddable":true,"href":"https:\/\/blogit.gradia.fi\/parasta_osaamista\/wp-json\/wp\/v2\/users\/240"}],"replies":[{"embeddable":true,"href":"https:\/\/blogit.gradia.fi\/parasta_osaamista\/wp-json\/wp\/v2\/comments?post=1125"}],"version-history":[{"count":0,"href":"https:\/\/blogit.gradia.fi\/parasta_osaamista\/wp-json\/wp\/v2\/pages\/1125\/revisions"}],"up":[{"embeddable":true,"href":"https:\/\/blogit.gradia.fi\/parasta_osaamista\/wp-json\/wp\/v2\/pages\/980"}],"wp:attachment":[{"href":"https:\/\/blogit.gradia.fi\/parasta_osaamista\/wp-json\/wp\/v2\/media?parent=1125"}],"curies":[{"name":"wp","href":"https:\/\/api.w.org\/{rel}","templated":true}]}}