{"id":1122,"date":"2018-11-14T15:22:04","date_gmt":"2018-11-14T13:22:04","guid":{"rendered":"https:\/\/blogit.gradia.fi\/parasta_osaamista\/?page_id=1122"},"modified":"2018-11-27T09:29:55","modified_gmt":"2018-11-27T07:29:55","slug":"utbildnings-och-laroavtals-info","status":"publish","type":"page","link":"https:\/\/blogit.gradia.fi\/parasta_osaamista\/pa-svenska\/introduktion\/utbildnings-och-laroavtals-info\/","title":{"rendered":"Utbildnings- och l\u00e4roavtals INFO"},"content":{"rendered":"<p>I utbildning som grundar sig p\u00e5 ett <strong>utbildningsavtal<\/strong> st\u00e5r den studerande inte i ett arbetsf\u00f6rh\u00e5llande och studerande f\u00e5r ingen l\u00f6n f\u00f6r arbetet. Utbildningsavtalet g\u00f6rs skriftligt och undertecknas av arbetsgivaren och l\u00e4raren. Utbildningsavtalet \u00e4r tidsbundet och ing\u00e5s f\u00f6r en eller flera examensdelar eller delar av dessa. Studerande \u00e4r f\u00f6rs\u00e4krad av utbildningsanordnaren.<\/p>\n<p>Under ett <strong>l\u00e4roavtal <\/strong>f\u00e5r studerande l\u00f6n f\u00f6r sitt arbete och grundar sig p\u00e5 ett skriftligt arbetsavtal. L\u00e4roavtalet \u00e4r tidsbundet och f\u00f6ruts\u00e4tter minst 25 arbetstimmar i veckan. L\u00e4roavtalet kan g\u00e4lla en examensdel, delar av examensdelar eller en hel examen. L\u00e4roavtalet g\u00f6rs mellan studerande, arbetsgivare och utbildningsanordnare (l\u00e4roanstaltens representant). Studerande \u00e4r f\u00f6rs\u00e4krad av arbetsgivaren.<\/p>\n<p>I b\u00e5da avtalsformerna \u00e4r parternas roller och uppgifter beskrivna. Formen f\u00f6r avtal kan \u00e4ndras under studierna.<\/p>\n<p>L\u00e4nk till B\u00e4sta service material om utbildnings- och l\u00e4roavtal<\/p>\n<p><a href=\"https:\/\/trello.com\/c\/x3kFoCKX\/39-l%C3%A4roavtal-utbildningsavtals-arbetsgivare-broschyr\" target=\"_blank\" rel=\"noopener\">https:\/\/trello.com\/c\/x3kFoCKX\/39-l%C3%A4roavtal-utbildningsavtals-arbetsgivare-broschyr<\/a><\/p>\n<p>Ministeriets modell p\u00e5 utbildningsavtal och l\u00e4roavtal<\/p>\n<p><a href=\"https:\/\/minedu.fi\/documents\/1410845\/4246307\/Koulutussopimusmalli+sv\/8bd5d2b7-82f9-4278-ae40-3cba414f5018\/Koulutussopimusmalli+sv.pdf\" target=\"_blank\" rel=\"noopener\">https:\/\/minedu.fi\/documents\/1410845\/4246307\/Koulutussopimusmalli+sv\/8bd5d2b7-82f9-4278-ae40-3cba414f5018\/Koulutussopimusmalli+sv.pdf<\/a><\/p>\n<p><a href=\"https:\/\/minedu.fi\/documents\/1410845\/4246307\/Oppisopimusmalli+sv\/3a743d45-1389-4c35-9674-16080e2b9d18\/Oppisopimusmalli+sv.pdf\" target=\"_blank\" rel=\"noopener\">https:\/\/minedu.fi\/documents\/1410845\/4246307\/Oppisopimusmalli+sv\/3a743d45-1389-4c35-9674-16080e2b9d18\/Oppisopimusmalli+sv.pdf<\/a><\/p>\n<p>&nbsp;<\/p>\n<p>&nbsp;<\/p>\n","protected":false},"excerpt":{"rendered":"<p>I utbildning som grundar sig p\u00e5 ett utbildningsavtal st\u00e5r den studerande inte i ett arbetsf\u00f6rh\u00e5llande och studerande f\u00e5r ingen l\u00f6n f\u00f6r arbetet. Utbildningsavtalet g\u00f6rs skriftligt och undertecknas av arbetsgivaren och l\u00e4raren. Utbildningsavtalet \u00e4r tidsbundet&#46;&#46;&#46;<\/p>\n","protected":false},"author":240,"featured_media":0,"parent":980,"menu_order":0,"comment_status":"closed","ping_status":"closed","template":"","meta":{"_uag_custom_page_level_css":"","footnotes":""},"class_list":["post-1122","page","type-page","status-publish","hentry"],"yoast_head":"<!-- This site is optimized with the Yoast SEO plugin v27.4 - https:\/\/yoast.com\/product\/yoast-seo-wordpress\/ -->\n<title>Utbildnings- och l\u00e4roavtals INFO - Parasta osaamista<\/title>\n<meta name=\"robots\" content=\"index, follow, max-snippet:-1, max-image-preview:large, max-video-preview:-1\" \/>\n<link rel=\"canonical\" href=\"https:\/\/blogit.gradia.fi\/parasta_osaamista\/pa-svenska\/introduktion\/utbildnings-och-laroavtals-info\/\" \/>\n<meta property=\"og:locale\" content=\"fi_FI\" \/>\n<meta property=\"og:type\" content=\"article\" \/>\n<meta property=\"og:title\" content=\"Utbildnings- och l\u00e4roavtals INFO - Parasta osaamista\" \/>\n<meta property=\"og:description\" content=\"I utbildning som grundar sig p\u00e5 ett utbildningsavtal st\u00e5r den studerande inte i ett arbetsf\u00f6rh\u00e5llande och studerande f\u00e5r ingen l\u00f6n f\u00f6r arbetet. Utbildningsavtalet g\u00f6rs skriftligt och undertecknas av arbetsgivaren och l\u00e4raren. Utbildningsavtalet \u00e4r tidsbundet&#046;&#046;&#046;\" \/>\n<meta property=\"og:url\" content=\"https:\/\/blogit.gradia.fi\/parasta_osaamista\/pa-svenska\/introduktion\/utbildnings-och-laroavtals-info\/\" \/>\n<meta property=\"og:site_name\" content=\"Parasta osaamista\" \/>\n<meta property=\"article:publisher\" content=\"https:\/\/www.facebook.com\/POsaamista\/\" \/>\n<meta property=\"article:modified_time\" content=\"2018-11-27T07:29:55+00:00\" \/>\n<meta name=\"twitter:card\" content=\"summary_large_image\" \/>\n<meta name=\"twitter:site\" content=\"@Posaaja_\" \/>\n<meta name=\"twitter:label1\" content=\"Arvioitu lukuaika\" \/>\n\t<meta name=\"twitter:data1\" content=\"1 minuutti\" \/>\n<script type=\"application\/ld+json\" class=\"yoast-schema-graph\">{\"@context\":\"https:\\\/\\\/schema.org\",\"@graph\":[{\"@type\":\"WebPage\",\"@id\":\"https:\\\/\\\/blogit.gradia.fi\\\/parasta_osaamista\\\/pa-svenska\\\/introduktion\\\/utbildnings-och-laroavtals-info\\\/\",\"url\":\"https:\\\/\\\/blogit.gradia.fi\\\/parasta_osaamista\\\/pa-svenska\\\/introduktion\\\/utbildnings-och-laroavtals-info\\\/\",\"name\":\"Utbildnings- och l\u00e4roavtals INFO - Parasta osaamista\",\"isPartOf\":{\"@id\":\"https:\\\/\\\/blogit.gradia.fi\\\/parasta_osaamista\\\/#website\"},\"datePublished\":\"2018-11-14T13:22:04+00:00\",\"dateModified\":\"2018-11-27T07:29:55+00:00\",\"breadcrumb\":{\"@id\":\"https:\\\/\\\/blogit.gradia.fi\\\/parasta_osaamista\\\/pa-svenska\\\/introduktion\\\/utbildnings-och-laroavtals-info\\\/#breadcrumb\"},\"inLanguage\":\"fi\",\"potentialAction\":[{\"@type\":\"ReadAction\",\"target\":[\"https:\\\/\\\/blogit.gradia.fi\\\/parasta_osaamista\\\/pa-svenska\\\/introduktion\\\/utbildnings-och-laroavtals-info\\\/\"]}]},{\"@type\":\"BreadcrumbList\",\"@id\":\"https:\\\/\\\/blogit.gradia.fi\\\/parasta_osaamista\\\/pa-svenska\\\/introduktion\\\/utbildnings-och-laroavtals-info\\\/#breadcrumb\",\"itemListElement\":[{\"@type\":\"ListItem\",\"position\":1,\"name\":\"B\u00e4sta kunnande\",\"item\":\"https:\\\/\\\/blogit.gradia.fi\\\/parasta_osaamista\\\/pa-svenska\\\/\"},{\"@type\":\"ListItem\",\"position\":2,\"name\":\"Introduktion av arbetsplatshandledare riktad till l\u00e4rare\",\"item\":\"https:\\\/\\\/blogit.gradia.fi\\\/parasta_osaamista\\\/pa-svenska\\\/introduktion\\\/\"},{\"@type\":\"ListItem\",\"position\":3,\"name\":\"Utbildnings- och l\u00e4roavtals INFO\"}]},{\"@type\":\"WebSite\",\"@id\":\"https:\\\/\\\/blogit.gradia.fi\\\/parasta_osaamista\\\/#website\",\"url\":\"https:\\\/\\\/blogit.gradia.fi\\\/parasta_osaamista\\\/\",\"name\":\"Parasta osaamista\",\"description\":\"Parasta osaamista -verkostohanke\",\"publisher\":{\"@id\":\"https:\\\/\\\/blogit.gradia.fi\\\/parasta_osaamista\\\/#organization\"},\"potentialAction\":[{\"@type\":\"SearchAction\",\"target\":{\"@type\":\"EntryPoint\",\"urlTemplate\":\"https:\\\/\\\/blogit.gradia.fi\\\/parasta_osaamista\\\/?s={search_term_string}\"},\"query-input\":{\"@type\":\"PropertyValueSpecification\",\"valueRequired\":true,\"valueName\":\"search_term_string\"}}],\"inLanguage\":\"fi\"},{\"@type\":\"Organization\",\"@id\":\"https:\\\/\\\/blogit.gradia.fi\\\/parasta_osaamista\\\/#organization\",\"name\":\"Parasta osaamista -verkostohanke\",\"url\":\"https:\\\/\\\/blogit.gradia.fi\\\/parasta_osaamista\\\/\",\"logo\":{\"@type\":\"ImageObject\",\"inLanguage\":\"fi\",\"@id\":\"https:\\\/\\\/blogit.gradia.fi\\\/parasta_osaamista\\\/#\\\/schema\\\/logo\\\/image\\\/\",\"url\":\"https:\\\/\\\/blogit.gradia.fi\\\/parasta_osaamista\\\/wp-content\\\/uploads\\\/sites\\\/20\\\/2018\\\/02\\\/parasta_osaamista_logo.jpg\",\"contentUrl\":\"https:\\\/\\\/blogit.gradia.fi\\\/parasta_osaamista\\\/wp-content\\\/uploads\\\/sites\\\/20\\\/2018\\\/02\\\/parasta_osaamista_logo.jpg\",\"width\":344,\"height\":334,\"caption\":\"Parasta osaamista -verkostohanke\"},\"image\":{\"@id\":\"https:\\\/\\\/blogit.gradia.fi\\\/parasta_osaamista\\\/#\\\/schema\\\/logo\\\/image\\\/\"},\"sameAs\":[\"https:\\\/\\\/www.facebook.com\\\/POsaamista\\\/\",\"https:\\\/\\\/x.com\\\/Posaaja_\",\"https:\\\/\\\/www.instagram.com\\\/parastaosaamista\\\/\",\"https:\\\/\\\/www.youtube.com\\\/channel\\\/UC7hv9jw0R6lS_Fmz5L9TUPw\"]}]}<\/script>\n<!-- \/ Yoast SEO plugin. -->","yoast_head_json":{"title":"Utbildnings- och l\u00e4roavtals INFO - Parasta osaamista","robots":{"index":"index","follow":"follow","max-snippet":"max-snippet:-1","max-image-preview":"max-image-preview:large","max-video-preview":"max-video-preview:-1"},"canonical":"https:\/\/blogit.gradia.fi\/parasta_osaamista\/pa-svenska\/introduktion\/utbildnings-och-laroavtals-info\/","og_locale":"fi_FI","og_type":"article","og_title":"Utbildnings- och l\u00e4roavtals INFO - Parasta osaamista","og_description":"I utbildning som grundar sig p\u00e5 ett utbildningsavtal st\u00e5r den studerande inte i ett arbetsf\u00f6rh\u00e5llande och studerande f\u00e5r ingen l\u00f6n f\u00f6r arbetet. Utbildningsavtalet g\u00f6rs skriftligt och undertecknas av arbetsgivaren och l\u00e4raren. Utbildningsavtalet \u00e4r tidsbundet&#46;&#46;&#46;","og_url":"https:\/\/blogit.gradia.fi\/parasta_osaamista\/pa-svenska\/introduktion\/utbildnings-och-laroavtals-info\/","og_site_name":"Parasta osaamista","article_publisher":"https:\/\/www.facebook.com\/POsaamista\/","article_modified_time":"2018-11-27T07:29:55+00:00","twitter_card":"summary_large_image","twitter_site":"@Posaaja_","twitter_misc":{"Arvioitu lukuaika":"1 minuutti"},"schema":{"@context":"https:\/\/schema.org","@graph":[{"@type":"WebPage","@id":"https:\/\/blogit.gradia.fi\/parasta_osaamista\/pa-svenska\/introduktion\/utbildnings-och-laroavtals-info\/","url":"https:\/\/blogit.gradia.fi\/parasta_osaamista\/pa-svenska\/introduktion\/utbildnings-och-laroavtals-info\/","name":"Utbildnings- och l\u00e4roavtals INFO - Parasta osaamista","isPartOf":{"@id":"https:\/\/blogit.gradia.fi\/parasta_osaamista\/#website"},"datePublished":"2018-11-14T13:22:04+00:00","dateModified":"2018-11-27T07:29:55+00:00","breadcrumb":{"@id":"https:\/\/blogit.gradia.fi\/parasta_osaamista\/pa-svenska\/introduktion\/utbildnings-och-laroavtals-info\/#breadcrumb"},"inLanguage":"fi","potentialAction":[{"@type":"ReadAction","target":["https:\/\/blogit.gradia.fi\/parasta_osaamista\/pa-svenska\/introduktion\/utbildnings-och-laroavtals-info\/"]}]},{"@type":"BreadcrumbList","@id":"https:\/\/blogit.gradia.fi\/parasta_osaamista\/pa-svenska\/introduktion\/utbildnings-och-laroavtals-info\/#breadcrumb","itemListElement":[{"@type":"ListItem","position":1,"name":"B\u00e4sta kunnande","item":"https:\/\/blogit.gradia.fi\/parasta_osaamista\/pa-svenska\/"},{"@type":"ListItem","position":2,"name":"Introduktion av arbetsplatshandledare riktad till l\u00e4rare","item":"https:\/\/blogit.gradia.fi\/parasta_osaamista\/pa-svenska\/introduktion\/"},{"@type":"ListItem","position":3,"name":"Utbildnings- och l\u00e4roavtals INFO"}]},{"@type":"WebSite","@id":"https:\/\/blogit.gradia.fi\/parasta_osaamista\/#website","url":"https:\/\/blogit.gradia.fi\/parasta_osaamista\/","name":"Parasta osaamista","description":"Parasta osaamista -verkostohanke","publisher":{"@id":"https:\/\/blogit.gradia.fi\/parasta_osaamista\/#organization"},"potentialAction":[{"@type":"SearchAction","target":{"@type":"EntryPoint","urlTemplate":"https:\/\/blogit.gradia.fi\/parasta_osaamista\/?s={search_term_string}"},"query-input":{"@type":"PropertyValueSpecification","valueRequired":true,"valueName":"search_term_string"}}],"inLanguage":"fi"},{"@type":"Organization","@id":"https:\/\/blogit.gradia.fi\/parasta_osaamista\/#organization","name":"Parasta osaamista -verkostohanke","url":"https:\/\/blogit.gradia.fi\/parasta_osaamista\/","logo":{"@type":"ImageObject","inLanguage":"fi","@id":"https:\/\/blogit.gradia.fi\/parasta_osaamista\/#\/schema\/logo\/image\/","url":"https:\/\/blogit.gradia.fi\/parasta_osaamista\/wp-content\/uploads\/sites\/20\/2018\/02\/parasta_osaamista_logo.jpg","contentUrl":"https:\/\/blogit.gradia.fi\/parasta_osaamista\/wp-content\/uploads\/sites\/20\/2018\/02\/parasta_osaamista_logo.jpg","width":344,"height":334,"caption":"Parasta osaamista -verkostohanke"},"image":{"@id":"https:\/\/blogit.gradia.fi\/parasta_osaamista\/#\/schema\/logo\/image\/"},"sameAs":["https:\/\/www.facebook.com\/POsaamista\/","https:\/\/x.com\/Posaaja_","https:\/\/www.instagram.com\/parastaosaamista\/","https:\/\/www.youtube.com\/channel\/UC7hv9jw0R6lS_Fmz5L9TUPw"]}]}},"uagb_featured_image_src":{"full":false,"thumbnail":false,"medium":false,"medium_large":false,"large":false,"1536x1536":false,"2048x2048":false,"thumb-small":false,"thumb-standard":false,"thumb-medium":false,"thumb-large":false,"thumb-xlarge":false,"thumb-xxlarge":false},"uagb_author_info":{"display_name":"annerongas","author_link":"https:\/\/blogit.gradia.fi\/parasta_osaamista\/author\/annerongas\/"},"uagb_comment_info":0,"uagb_excerpt":"I utbildning som grundar sig p\u00e5 ett utbildningsavtal st\u00e5r den studerande inte i ett arbetsf\u00f6rh\u00e5llande och studerande f\u00e5r ingen l\u00f6n f\u00f6r arbetet. Utbildningsavtalet g\u00f6rs skriftligt och undertecknas av arbetsgivaren och l\u00e4raren. Utbildningsavtalet \u00e4r tidsbundet&#46;&#46;&#46;","_links":{"self":[{"href":"https:\/\/blogit.gradia.fi\/parasta_osaamista\/wp-json\/wp\/v2\/pages\/1122","targetHints":{"allow":["GET"]}}],"collection":[{"href":"https:\/\/blogit.gradia.fi\/parasta_osaamista\/wp-json\/wp\/v2\/pages"}],"about":[{"href":"https:\/\/blogit.gradia.fi\/parasta_osaamista\/wp-json\/wp\/v2\/types\/page"}],"author":[{"embeddable":true,"href":"https:\/\/blogit.gradia.fi\/parasta_osaamista\/wp-json\/wp\/v2\/users\/240"}],"replies":[{"embeddable":true,"href":"https:\/\/blogit.gradia.fi\/parasta_osaamista\/wp-json\/wp\/v2\/comments?post=1122"}],"version-history":[{"count":0,"href":"https:\/\/blogit.gradia.fi\/parasta_osaamista\/wp-json\/wp\/v2\/pages\/1122\/revisions"}],"up":[{"embeddable":true,"href":"https:\/\/blogit.gradia.fi\/parasta_osaamista\/wp-json\/wp\/v2\/pages\/980"}],"wp:attachment":[{"href":"https:\/\/blogit.gradia.fi\/parasta_osaamista\/wp-json\/wp\/v2\/media?parent=1122"}],"curies":[{"name":"wp","href":"https:\/\/api.w.org\/{rel}","templated":true}]}}