{"id":1116,"date":"2018-11-14T15:09:44","date_gmt":"2018-11-14T13:09:44","guid":{"rendered":"https:\/\/blogit.gradia.fi\/parasta_osaamista\/?page_id=1116"},"modified":"2018-11-27T08:27:05","modified_gmt":"2018-11-27T06:27:05","slug":"bedomning-av-kunnande-yrkesprov-info","status":"publish","type":"page","link":"https:\/\/blogit.gradia.fi\/parasta_osaamista\/pa-svenska\/introduktion\/bedomning-av-kunnande-yrkesprov-info\/","title":{"rendered":"Bed\u00f6mning av kunnande (yrkesprov) INFO"},"content":{"rendered":"<p><strong>Vad \u00e4r yrkesprov<\/strong><\/p>\n<ul>\n<li>Praktiska arbetssituationer p\u00e5 arbetsplatsen d\u00e4r den studerande p\u00e5visar sitt kunnande<\/li>\n<li>En arbetssituation eller -process som planeras, genomf\u00f6rs och bed\u00f6ms i samarbete mellan studerande, arbetsplatshandledaren och l\u00e4raren<\/li>\n<li>Studerande skall ha m\u00f6jlighet att l\u00e4ra sig uppgifterna f\u00f6re yrkesprovet<\/li>\n<\/ul>\n<p><strong>Yrkesprovets inneh\u00e5ll och genomf\u00f6rande<\/strong><\/p>\n<p>Arbetsplatshandledaren planerar tillsammans med l\u00e4raren och studerande, i vilka arbetsuppgifter studerande kan visa sitt centrala kunnande. I planeringen av yrkesprovet skall man s\u00e4kra vilka krav p\u00e5 yrkesskicklighet i examen som skall p\u00e5visas. Kunnande p\u00e5visas efter att studerande har haft m\u00f6jlighet att l\u00e4ra sig tillr\u00e4ckligt. D\u00e5 kan det kunnande som erh\u00e5llits i arbetslivet framskridit enligt uppst\u00e4llda m\u00e5l och godk\u00e4nt.<\/p>\n<p>I yrkesprovet bed\u00f6ms det centrala och med avseende p\u00e5 utf\u00f6randet av arbetet, det v\u00e4sentliga kunnandet i respektive examensdel. \u00a0Bed\u00f6mningen ska omfatta alla krav p\u00e5 yrkesskicklighet och m\u00e5l f\u00f6r kunnandet som \u00e4r fastst\u00e4llda i examensgrunderna.<\/p>\n<p><strong>Tidtabell och l\u00e4ngd f\u00f6r yrkesprovet<\/strong><\/p>\n<p>Tidtabellen f\u00f6r yrkesprovet g\u00f6rs i \u00f6verenkommelse med arbetsplatshandledaren. L\u00e4ngden p\u00e5 yrkesprovet beror p\u00e5 det arbete eller de arbetsuppgifter som studerande utf\u00f6r och d\u00e4rigenom p\u00e5visar sitt kunnande. Olika uppgifter kr\u00e4ver olika l\u00e5ng tid f\u00f6r genomf\u00f6randet.<\/p>\n<p><strong>Bed\u00f6mare av yrkesprov<\/strong><\/p>\n<p>Arbetsplatsens representant och l\u00e4raren bed\u00f6mer kunnandet. I yrkesprovet g\u00f6r studerande uppgifter p\u00e5 arbetsplatsen. L\u00e4raren beh\u00f6ver inte n\u00f6dv\u00e4ndigtvis delta i yrkesprovstillf\u00e4llet, men nog i bed\u00f6mningsdiskussionen efter yrkesprovet.<\/p>\n<p>I yrkesprovet samlar bed\u00f6maren information om studerandes kunnande genom att f\u00f6lja med och observera hens arbete. Bed\u00f6maren kan st\u00e4lla fr\u00e5gor till studerande under arbetets g\u00e5ng eller n\u00e4r arbetet avslutats samt st\u00e4lla fr\u00e5gor som kompletterar bed\u00f6mningen. Respons fr\u00e5n kunder och andra arbetstagare om studerandes kunnande \u00e4r v\u00e4rdefull information i bed\u00f6mningen.<\/p>\n<p>Studerande kan utv\u00e4rdera sitt eget kunnande i relation till kraven p\u00e5 yrkesskicklighet. Sj\u00e4lvbed\u00f6mningen inverkar inte p\u00e5 bed\u00f6mningen eller vitsordet.<\/p>\n<p><strong>Kontroll och r\u00e4ttelse av bed\u00f6mning<\/strong><\/p>\n<p>En studerande kan skriftligen beg\u00e4ra en kontroll av bed\u00f6mningen inom 14 dagar fr\u00e5n den tidpunkt d\u00e5 hen har tagit del av resultaten av bed\u00f6mningen.<\/p>\n<p><a href=\"https:\/\/blogit.gradia.fi\/parasta_osaamista\/pa-svenska\/guider-om-bedomning-av-kunnande\/\" target=\"_blank\" rel=\"noopener\">L\u00c4NK TILL BED\u00d6MNINGSGUIDERNA<\/a><\/p>\n","protected":false},"excerpt":{"rendered":"<p>Vad \u00e4r yrkesprov Praktiska arbetssituationer p\u00e5 arbetsplatsen d\u00e4r den studerande p\u00e5visar sitt kunnande En arbetssituation eller -process som planeras, genomf\u00f6rs och bed\u00f6ms i samarbete mellan studerande, arbetsplatshandledaren och l\u00e4raren Studerande skall ha m\u00f6jlighet att&#46;&#46;&#46;<\/p>\n","protected":false},"author":240,"featured_media":0,"parent":980,"menu_order":0,"comment_status":"closed","ping_status":"closed","template":"","meta":{"_uag_custom_page_level_css":"","footnotes":""},"class_list":["post-1116","page","type-page","status-publish","hentry"],"yoast_head":"<!-- This site is optimized with the Yoast SEO plugin v27.4 - https:\/\/yoast.com\/product\/yoast-seo-wordpress\/ -->\n<title>Bed\u00f6mning av kunnande (yrkesprov) INFO - Parasta osaamista<\/title>\n<meta name=\"robots\" content=\"index, follow, max-snippet:-1, max-image-preview:large, max-video-preview:-1\" \/>\n<link rel=\"canonical\" href=\"https:\/\/blogit.gradia.fi\/parasta_osaamista\/pa-svenska\/introduktion\/bedomning-av-kunnande-yrkesprov-info\/\" \/>\n<meta property=\"og:locale\" content=\"fi_FI\" \/>\n<meta property=\"og:type\" content=\"article\" \/>\n<meta property=\"og:title\" content=\"Bed\u00f6mning av kunnande (yrkesprov) INFO - Parasta osaamista\" \/>\n<meta property=\"og:description\" content=\"Vad \u00e4r yrkesprov Praktiska arbetssituationer p\u00e5 arbetsplatsen d\u00e4r den studerande p\u00e5visar sitt kunnande En arbetssituation eller -process som planeras, genomf\u00f6rs och bed\u00f6ms i samarbete mellan studerande, arbetsplatshandledaren och l\u00e4raren Studerande skall ha m\u00f6jlighet att&#046;&#046;&#046;\" \/>\n<meta property=\"og:url\" content=\"https:\/\/blogit.gradia.fi\/parasta_osaamista\/pa-svenska\/introduktion\/bedomning-av-kunnande-yrkesprov-info\/\" \/>\n<meta property=\"og:site_name\" content=\"Parasta osaamista\" \/>\n<meta property=\"article:publisher\" content=\"https:\/\/www.facebook.com\/POsaamista\/\" \/>\n<meta property=\"article:modified_time\" content=\"2018-11-27T06:27:05+00:00\" \/>\n<meta name=\"twitter:card\" content=\"summary_large_image\" \/>\n<meta name=\"twitter:site\" content=\"@Posaaja_\" \/>\n<meta name=\"twitter:label1\" content=\"Arvioitu lukuaika\" \/>\n\t<meta name=\"twitter:data1\" content=\"2 minuuttia\" \/>\n<script type=\"application\/ld+json\" class=\"yoast-schema-graph\">{\"@context\":\"https:\\\/\\\/schema.org\",\"@graph\":[{\"@type\":\"WebPage\",\"@id\":\"https:\\\/\\\/blogit.gradia.fi\\\/parasta_osaamista\\\/pa-svenska\\\/introduktion\\\/bedomning-av-kunnande-yrkesprov-info\\\/\",\"url\":\"https:\\\/\\\/blogit.gradia.fi\\\/parasta_osaamista\\\/pa-svenska\\\/introduktion\\\/bedomning-av-kunnande-yrkesprov-info\\\/\",\"name\":\"Bed\u00f6mning av kunnande (yrkesprov) INFO - Parasta osaamista\",\"isPartOf\":{\"@id\":\"https:\\\/\\\/blogit.gradia.fi\\\/parasta_osaamista\\\/#website\"},\"datePublished\":\"2018-11-14T13:09:44+00:00\",\"dateModified\":\"2018-11-27T06:27:05+00:00\",\"breadcrumb\":{\"@id\":\"https:\\\/\\\/blogit.gradia.fi\\\/parasta_osaamista\\\/pa-svenska\\\/introduktion\\\/bedomning-av-kunnande-yrkesprov-info\\\/#breadcrumb\"},\"inLanguage\":\"fi\",\"potentialAction\":[{\"@type\":\"ReadAction\",\"target\":[\"https:\\\/\\\/blogit.gradia.fi\\\/parasta_osaamista\\\/pa-svenska\\\/introduktion\\\/bedomning-av-kunnande-yrkesprov-info\\\/\"]}]},{\"@type\":\"BreadcrumbList\",\"@id\":\"https:\\\/\\\/blogit.gradia.fi\\\/parasta_osaamista\\\/pa-svenska\\\/introduktion\\\/bedomning-av-kunnande-yrkesprov-info\\\/#breadcrumb\",\"itemListElement\":[{\"@type\":\"ListItem\",\"position\":1,\"name\":\"B\u00e4sta kunnande\",\"item\":\"https:\\\/\\\/blogit.gradia.fi\\\/parasta_osaamista\\\/pa-svenska\\\/\"},{\"@type\":\"ListItem\",\"position\":2,\"name\":\"Introduktion av arbetsplatshandledare riktad till l\u00e4rare\",\"item\":\"https:\\\/\\\/blogit.gradia.fi\\\/parasta_osaamista\\\/pa-svenska\\\/introduktion\\\/\"},{\"@type\":\"ListItem\",\"position\":3,\"name\":\"Bed\u00f6mning av kunnande (yrkesprov) INFO\"}]},{\"@type\":\"WebSite\",\"@id\":\"https:\\\/\\\/blogit.gradia.fi\\\/parasta_osaamista\\\/#website\",\"url\":\"https:\\\/\\\/blogit.gradia.fi\\\/parasta_osaamista\\\/\",\"name\":\"Parasta osaamista\",\"description\":\"Parasta osaamista -verkostohanke\",\"publisher\":{\"@id\":\"https:\\\/\\\/blogit.gradia.fi\\\/parasta_osaamista\\\/#organization\"},\"potentialAction\":[{\"@type\":\"SearchAction\",\"target\":{\"@type\":\"EntryPoint\",\"urlTemplate\":\"https:\\\/\\\/blogit.gradia.fi\\\/parasta_osaamista\\\/?s={search_term_string}\"},\"query-input\":{\"@type\":\"PropertyValueSpecification\",\"valueRequired\":true,\"valueName\":\"search_term_string\"}}],\"inLanguage\":\"fi\"},{\"@type\":\"Organization\",\"@id\":\"https:\\\/\\\/blogit.gradia.fi\\\/parasta_osaamista\\\/#organization\",\"name\":\"Parasta osaamista -verkostohanke\",\"url\":\"https:\\\/\\\/blogit.gradia.fi\\\/parasta_osaamista\\\/\",\"logo\":{\"@type\":\"ImageObject\",\"inLanguage\":\"fi\",\"@id\":\"https:\\\/\\\/blogit.gradia.fi\\\/parasta_osaamista\\\/#\\\/schema\\\/logo\\\/image\\\/\",\"url\":\"https:\\\/\\\/blogit.gradia.fi\\\/parasta_osaamista\\\/wp-content\\\/uploads\\\/sites\\\/20\\\/2018\\\/02\\\/parasta_osaamista_logo.jpg\",\"contentUrl\":\"https:\\\/\\\/blogit.gradia.fi\\\/parasta_osaamista\\\/wp-content\\\/uploads\\\/sites\\\/20\\\/2018\\\/02\\\/parasta_osaamista_logo.jpg\",\"width\":344,\"height\":334,\"caption\":\"Parasta osaamista -verkostohanke\"},\"image\":{\"@id\":\"https:\\\/\\\/blogit.gradia.fi\\\/parasta_osaamista\\\/#\\\/schema\\\/logo\\\/image\\\/\"},\"sameAs\":[\"https:\\\/\\\/www.facebook.com\\\/POsaamista\\\/\",\"https:\\\/\\\/x.com\\\/Posaaja_\",\"https:\\\/\\\/www.instagram.com\\\/parastaosaamista\\\/\",\"https:\\\/\\\/www.youtube.com\\\/channel\\\/UC7hv9jw0R6lS_Fmz5L9TUPw\"]}]}<\/script>\n<!-- \/ Yoast SEO plugin. -->","yoast_head_json":{"title":"Bed\u00f6mning av kunnande (yrkesprov) INFO - Parasta osaamista","robots":{"index":"index","follow":"follow","max-snippet":"max-snippet:-1","max-image-preview":"max-image-preview:large","max-video-preview":"max-video-preview:-1"},"canonical":"https:\/\/blogit.gradia.fi\/parasta_osaamista\/pa-svenska\/introduktion\/bedomning-av-kunnande-yrkesprov-info\/","og_locale":"fi_FI","og_type":"article","og_title":"Bed\u00f6mning av kunnande (yrkesprov) INFO - Parasta osaamista","og_description":"Vad \u00e4r yrkesprov Praktiska arbetssituationer p\u00e5 arbetsplatsen d\u00e4r den studerande p\u00e5visar sitt kunnande En arbetssituation eller -process som planeras, genomf\u00f6rs och bed\u00f6ms i samarbete mellan studerande, arbetsplatshandledaren och l\u00e4raren Studerande skall ha m\u00f6jlighet att&#46;&#46;&#46;","og_url":"https:\/\/blogit.gradia.fi\/parasta_osaamista\/pa-svenska\/introduktion\/bedomning-av-kunnande-yrkesprov-info\/","og_site_name":"Parasta osaamista","article_publisher":"https:\/\/www.facebook.com\/POsaamista\/","article_modified_time":"2018-11-27T06:27:05+00:00","twitter_card":"summary_large_image","twitter_site":"@Posaaja_","twitter_misc":{"Arvioitu lukuaika":"2 minuuttia"},"schema":{"@context":"https:\/\/schema.org","@graph":[{"@type":"WebPage","@id":"https:\/\/blogit.gradia.fi\/parasta_osaamista\/pa-svenska\/introduktion\/bedomning-av-kunnande-yrkesprov-info\/","url":"https:\/\/blogit.gradia.fi\/parasta_osaamista\/pa-svenska\/introduktion\/bedomning-av-kunnande-yrkesprov-info\/","name":"Bed\u00f6mning av kunnande (yrkesprov) INFO - Parasta osaamista","isPartOf":{"@id":"https:\/\/blogit.gradia.fi\/parasta_osaamista\/#website"},"datePublished":"2018-11-14T13:09:44+00:00","dateModified":"2018-11-27T06:27:05+00:00","breadcrumb":{"@id":"https:\/\/blogit.gradia.fi\/parasta_osaamista\/pa-svenska\/introduktion\/bedomning-av-kunnande-yrkesprov-info\/#breadcrumb"},"inLanguage":"fi","potentialAction":[{"@type":"ReadAction","target":["https:\/\/blogit.gradia.fi\/parasta_osaamista\/pa-svenska\/introduktion\/bedomning-av-kunnande-yrkesprov-info\/"]}]},{"@type":"BreadcrumbList","@id":"https:\/\/blogit.gradia.fi\/parasta_osaamista\/pa-svenska\/introduktion\/bedomning-av-kunnande-yrkesprov-info\/#breadcrumb","itemListElement":[{"@type":"ListItem","position":1,"name":"B\u00e4sta kunnande","item":"https:\/\/blogit.gradia.fi\/parasta_osaamista\/pa-svenska\/"},{"@type":"ListItem","position":2,"name":"Introduktion av arbetsplatshandledare riktad till l\u00e4rare","item":"https:\/\/blogit.gradia.fi\/parasta_osaamista\/pa-svenska\/introduktion\/"},{"@type":"ListItem","position":3,"name":"Bed\u00f6mning av kunnande (yrkesprov) INFO"}]},{"@type":"WebSite","@id":"https:\/\/blogit.gradia.fi\/parasta_osaamista\/#website","url":"https:\/\/blogit.gradia.fi\/parasta_osaamista\/","name":"Parasta osaamista","description":"Parasta osaamista -verkostohanke","publisher":{"@id":"https:\/\/blogit.gradia.fi\/parasta_osaamista\/#organization"},"potentialAction":[{"@type":"SearchAction","target":{"@type":"EntryPoint","urlTemplate":"https:\/\/blogit.gradia.fi\/parasta_osaamista\/?s={search_term_string}"},"query-input":{"@type":"PropertyValueSpecification","valueRequired":true,"valueName":"search_term_string"}}],"inLanguage":"fi"},{"@type":"Organization","@id":"https:\/\/blogit.gradia.fi\/parasta_osaamista\/#organization","name":"Parasta osaamista -verkostohanke","url":"https:\/\/blogit.gradia.fi\/parasta_osaamista\/","logo":{"@type":"ImageObject","inLanguage":"fi","@id":"https:\/\/blogit.gradia.fi\/parasta_osaamista\/#\/schema\/logo\/image\/","url":"https:\/\/blogit.gradia.fi\/parasta_osaamista\/wp-content\/uploads\/sites\/20\/2018\/02\/parasta_osaamista_logo.jpg","contentUrl":"https:\/\/blogit.gradia.fi\/parasta_osaamista\/wp-content\/uploads\/sites\/20\/2018\/02\/parasta_osaamista_logo.jpg","width":344,"height":334,"caption":"Parasta osaamista -verkostohanke"},"image":{"@id":"https:\/\/blogit.gradia.fi\/parasta_osaamista\/#\/schema\/logo\/image\/"},"sameAs":["https:\/\/www.facebook.com\/POsaamista\/","https:\/\/x.com\/Posaaja_","https:\/\/www.instagram.com\/parastaosaamista\/","https:\/\/www.youtube.com\/channel\/UC7hv9jw0R6lS_Fmz5L9TUPw"]}]}},"uagb_featured_image_src":{"full":false,"thumbnail":false,"medium":false,"medium_large":false,"large":false,"1536x1536":false,"2048x2048":false,"thumb-small":false,"thumb-standard":false,"thumb-medium":false,"thumb-large":false,"thumb-xlarge":false,"thumb-xxlarge":false},"uagb_author_info":{"display_name":"annerongas","author_link":"https:\/\/blogit.gradia.fi\/parasta_osaamista\/author\/annerongas\/"},"uagb_comment_info":0,"uagb_excerpt":"Vad \u00e4r yrkesprov Praktiska arbetssituationer p\u00e5 arbetsplatsen d\u00e4r den studerande p\u00e5visar sitt kunnande En arbetssituation eller -process som planeras, genomf\u00f6rs och bed\u00f6ms i samarbete mellan studerande, arbetsplatshandledaren och l\u00e4raren Studerande skall ha m\u00f6jlighet att&#46;&#46;&#46;","_links":{"self":[{"href":"https:\/\/blogit.gradia.fi\/parasta_osaamista\/wp-json\/wp\/v2\/pages\/1116","targetHints":{"allow":["GET"]}}],"collection":[{"href":"https:\/\/blogit.gradia.fi\/parasta_osaamista\/wp-json\/wp\/v2\/pages"}],"about":[{"href":"https:\/\/blogit.gradia.fi\/parasta_osaamista\/wp-json\/wp\/v2\/types\/page"}],"author":[{"embeddable":true,"href":"https:\/\/blogit.gradia.fi\/parasta_osaamista\/wp-json\/wp\/v2\/users\/240"}],"replies":[{"embeddable":true,"href":"https:\/\/blogit.gradia.fi\/parasta_osaamista\/wp-json\/wp\/v2\/comments?post=1116"}],"version-history":[{"count":0,"href":"https:\/\/blogit.gradia.fi\/parasta_osaamista\/wp-json\/wp\/v2\/pages\/1116\/revisions"}],"up":[{"embeddable":true,"href":"https:\/\/blogit.gradia.fi\/parasta_osaamista\/wp-json\/wp\/v2\/pages\/980"}],"wp:attachment":[{"href":"https:\/\/blogit.gradia.fi\/parasta_osaamista\/wp-json\/wp\/v2\/media?parent=1116"}],"curies":[{"name":"wp","href":"https:\/\/api.w.org\/{rel}","templated":true}]}}