{"id":1111,"date":"2018-11-14T15:01:15","date_gmt":"2018-11-14T13:01:15","guid":{"rendered":"https:\/\/blogit.gradia.fi\/parasta_osaamista\/?page_id=1111"},"modified":"2018-11-14T15:59:53","modified_gmt":"2018-11-14T13:59:53","slug":"respons-pa-utvecklingen-av-kunnandet","status":"publish","type":"page","link":"https:\/\/blogit.gradia.fi\/parasta_osaamista\/pa-svenska\/introduktion\/respons-pa-utvecklingen-av-kunnandet\/","title":{"rendered":"Respons p\u00e5 utvecklingen av kunnandet INFO"},"content":{"rendered":"<p>Responsens betydelse<\/p>\n<ul>\n<li>Respons handleder och uppmuntrar studerade att n\u00e5 de uppst\u00e4llda m\u00e5len<\/li>\n<li>Respons m\u00f6jligg\u00f6r \u00e4ndringar i verksamheten<\/li>\n<li>Respons synligg\u00f6r det kunnande som redan finns och det kunnande som saknas<\/li>\n<li>Respons utvecklar studerande sj\u00e4lvbed\u00f6mningsf\u00f6rm\u00e5ga<\/li>\n<li>Respons st\u00e4rker studerandes sj\u00e4lvbild och professionella tillv\u00e4xten<\/li>\n<li>Responsdiskussionen \u00e4r en gemensam yrkesm\u00e4ssig utvecklingssituation f\u00f6r alla parter<\/li>\n<\/ul>\n<p>Respons ges p\u00e5 f\u00f6ljande s\u00e4tt<\/p>\n<ul>\n<li>Konkret hur studerandes kunnande utvecklats<\/li>\n<li>Respons p\u00e5 hur studerande genomf\u00f6rt \u00f6verenskomna uppgifter och hur fungerar i arbetsgemenskapen samt hur utbildningen som genomf\u00f6rs p\u00e5 arbetsplats f\u00f6rverligas<\/li>\n<li>Muntlig och skriftlig respons<\/li>\n<li>Respons i en digital milj\u00f6<\/li>\n<li>I responsdiskussionen ges alltid talturen f\u00f6rst till studerande (sj\u00e4lvbed\u00f6mning)<\/li>\n<li>Kommer \u00f6verens om s\u00e4ttet att ge respons i periodens inledningsskede<\/li>\n<\/ul>\n<p>Tidtabell f\u00f6r givandet av respons<\/p>\n<ul>\n<li>Inledande respons\/identifiering av kunnande -&gt; motiverar studerande<\/li>\n<li>Respons under perioden\/avtalet -&gt; Vad skall \u00e4nnu l\u00e4ra sig<\/li>\n<li>Avslutande respons -&gt; responsen dokumenteras<\/li>\n<li>Ges under hela perioden dagligen\/veckovis<\/li>\n<li>Respons p\u00e5 l\u00e4randet under hela perioden och f\u00f6ljande m\u00e5l f\u00f6r f\u00f6r utvecklingen av kunnandet<\/li>\n<\/ul>\n","protected":false},"excerpt":{"rendered":"<p>Responsens betydelse Respons handleder och uppmuntrar studerade att n\u00e5 de uppst\u00e4llda m\u00e5len Respons m\u00f6jligg\u00f6r \u00e4ndringar i verksamheten Respons synligg\u00f6r det kunnande som redan finns och det kunnande som saknas Respons utvecklar studerande sj\u00e4lvbed\u00f6mningsf\u00f6rm\u00e5ga Respons&#46;&#46;&#46;<\/p>\n","protected":false},"author":240,"featured_media":0,"parent":980,"menu_order":0,"comment_status":"closed","ping_status":"closed","template":"","meta":{"_uag_custom_page_level_css":"","footnotes":""},"class_list":["post-1111","page","type-page","status-publish","hentry"],"yoast_head":"<!-- This site is optimized with the Yoast SEO plugin v27.4 - https:\/\/yoast.com\/product\/yoast-seo-wordpress\/ -->\n<title>Respons p\u00e5 utvecklingen av kunnandet INFO - Parasta osaamista<\/title>\n<meta name=\"robots\" content=\"index, follow, max-snippet:-1, max-image-preview:large, max-video-preview:-1\" \/>\n<link rel=\"canonical\" href=\"https:\/\/blogit.gradia.fi\/parasta_osaamista\/pa-svenska\/introduktion\/respons-pa-utvecklingen-av-kunnandet\/\" \/>\n<meta property=\"og:locale\" content=\"fi_FI\" \/>\n<meta property=\"og:type\" content=\"article\" \/>\n<meta property=\"og:title\" content=\"Respons p\u00e5 utvecklingen av kunnandet INFO - Parasta osaamista\" \/>\n<meta property=\"og:description\" content=\"Responsens betydelse Respons handleder och uppmuntrar studerade att n\u00e5 de uppst\u00e4llda m\u00e5len Respons m\u00f6jligg\u00f6r \u00e4ndringar i verksamheten Respons synligg\u00f6r det kunnande som redan finns och det kunnande som saknas Respons utvecklar studerande sj\u00e4lvbed\u00f6mningsf\u00f6rm\u00e5ga Respons&#046;&#046;&#046;\" \/>\n<meta property=\"og:url\" content=\"https:\/\/blogit.gradia.fi\/parasta_osaamista\/pa-svenska\/introduktion\/respons-pa-utvecklingen-av-kunnandet\/\" \/>\n<meta property=\"og:site_name\" content=\"Parasta osaamista\" \/>\n<meta property=\"article:publisher\" content=\"https:\/\/www.facebook.com\/POsaamista\/\" \/>\n<meta property=\"article:modified_time\" content=\"2018-11-14T13:59:53+00:00\" \/>\n<meta name=\"twitter:card\" content=\"summary_large_image\" \/>\n<meta name=\"twitter:site\" content=\"@Posaaja_\" \/>\n<meta name=\"twitter:label1\" content=\"Arvioitu lukuaika\" \/>\n\t<meta name=\"twitter:data1\" content=\"1 minuutti\" \/>\n<script type=\"application\/ld+json\" class=\"yoast-schema-graph\">{\"@context\":\"https:\\\/\\\/schema.org\",\"@graph\":[{\"@type\":\"WebPage\",\"@id\":\"https:\\\/\\\/blogit.gradia.fi\\\/parasta_osaamista\\\/pa-svenska\\\/introduktion\\\/respons-pa-utvecklingen-av-kunnandet\\\/\",\"url\":\"https:\\\/\\\/blogit.gradia.fi\\\/parasta_osaamista\\\/pa-svenska\\\/introduktion\\\/respons-pa-utvecklingen-av-kunnandet\\\/\",\"name\":\"Respons p\u00e5 utvecklingen av kunnandet INFO - Parasta osaamista\",\"isPartOf\":{\"@id\":\"https:\\\/\\\/blogit.gradia.fi\\\/parasta_osaamista\\\/#website\"},\"datePublished\":\"2018-11-14T13:01:15+00:00\",\"dateModified\":\"2018-11-14T13:59:53+00:00\",\"breadcrumb\":{\"@id\":\"https:\\\/\\\/blogit.gradia.fi\\\/parasta_osaamista\\\/pa-svenska\\\/introduktion\\\/respons-pa-utvecklingen-av-kunnandet\\\/#breadcrumb\"},\"inLanguage\":\"fi\",\"potentialAction\":[{\"@type\":\"ReadAction\",\"target\":[\"https:\\\/\\\/blogit.gradia.fi\\\/parasta_osaamista\\\/pa-svenska\\\/introduktion\\\/respons-pa-utvecklingen-av-kunnandet\\\/\"]}]},{\"@type\":\"BreadcrumbList\",\"@id\":\"https:\\\/\\\/blogit.gradia.fi\\\/parasta_osaamista\\\/pa-svenska\\\/introduktion\\\/respons-pa-utvecklingen-av-kunnandet\\\/#breadcrumb\",\"itemListElement\":[{\"@type\":\"ListItem\",\"position\":1,\"name\":\"B\u00e4sta kunnande\",\"item\":\"https:\\\/\\\/blogit.gradia.fi\\\/parasta_osaamista\\\/pa-svenska\\\/\"},{\"@type\":\"ListItem\",\"position\":2,\"name\":\"Introduktion av arbetsplatshandledare riktad till l\u00e4rare\",\"item\":\"https:\\\/\\\/blogit.gradia.fi\\\/parasta_osaamista\\\/pa-svenska\\\/introduktion\\\/\"},{\"@type\":\"ListItem\",\"position\":3,\"name\":\"Respons p\u00e5 utvecklingen av kunnandet INFO\"}]},{\"@type\":\"WebSite\",\"@id\":\"https:\\\/\\\/blogit.gradia.fi\\\/parasta_osaamista\\\/#website\",\"url\":\"https:\\\/\\\/blogit.gradia.fi\\\/parasta_osaamista\\\/\",\"name\":\"Parasta osaamista\",\"description\":\"Parasta osaamista -verkostohanke\",\"publisher\":{\"@id\":\"https:\\\/\\\/blogit.gradia.fi\\\/parasta_osaamista\\\/#organization\"},\"potentialAction\":[{\"@type\":\"SearchAction\",\"target\":{\"@type\":\"EntryPoint\",\"urlTemplate\":\"https:\\\/\\\/blogit.gradia.fi\\\/parasta_osaamista\\\/?s={search_term_string}\"},\"query-input\":{\"@type\":\"PropertyValueSpecification\",\"valueRequired\":true,\"valueName\":\"search_term_string\"}}],\"inLanguage\":\"fi\"},{\"@type\":\"Organization\",\"@id\":\"https:\\\/\\\/blogit.gradia.fi\\\/parasta_osaamista\\\/#organization\",\"name\":\"Parasta osaamista -verkostohanke\",\"url\":\"https:\\\/\\\/blogit.gradia.fi\\\/parasta_osaamista\\\/\",\"logo\":{\"@type\":\"ImageObject\",\"inLanguage\":\"fi\",\"@id\":\"https:\\\/\\\/blogit.gradia.fi\\\/parasta_osaamista\\\/#\\\/schema\\\/logo\\\/image\\\/\",\"url\":\"https:\\\/\\\/blogit.gradia.fi\\\/parasta_osaamista\\\/wp-content\\\/uploads\\\/sites\\\/20\\\/2018\\\/02\\\/parasta_osaamista_logo.jpg\",\"contentUrl\":\"https:\\\/\\\/blogit.gradia.fi\\\/parasta_osaamista\\\/wp-content\\\/uploads\\\/sites\\\/20\\\/2018\\\/02\\\/parasta_osaamista_logo.jpg\",\"width\":344,\"height\":334,\"caption\":\"Parasta osaamista -verkostohanke\"},\"image\":{\"@id\":\"https:\\\/\\\/blogit.gradia.fi\\\/parasta_osaamista\\\/#\\\/schema\\\/logo\\\/image\\\/\"},\"sameAs\":[\"https:\\\/\\\/www.facebook.com\\\/POsaamista\\\/\",\"https:\\\/\\\/x.com\\\/Posaaja_\",\"https:\\\/\\\/www.instagram.com\\\/parastaosaamista\\\/\",\"https:\\\/\\\/www.youtube.com\\\/channel\\\/UC7hv9jw0R6lS_Fmz5L9TUPw\"]}]}<\/script>\n<!-- \/ Yoast SEO plugin. -->","yoast_head_json":{"title":"Respons p\u00e5 utvecklingen av kunnandet INFO - Parasta osaamista","robots":{"index":"index","follow":"follow","max-snippet":"max-snippet:-1","max-image-preview":"max-image-preview:large","max-video-preview":"max-video-preview:-1"},"canonical":"https:\/\/blogit.gradia.fi\/parasta_osaamista\/pa-svenska\/introduktion\/respons-pa-utvecklingen-av-kunnandet\/","og_locale":"fi_FI","og_type":"article","og_title":"Respons p\u00e5 utvecklingen av kunnandet INFO - Parasta osaamista","og_description":"Responsens betydelse Respons handleder och uppmuntrar studerade att n\u00e5 de uppst\u00e4llda m\u00e5len Respons m\u00f6jligg\u00f6r \u00e4ndringar i verksamheten Respons synligg\u00f6r det kunnande som redan finns och det kunnande som saknas Respons utvecklar studerande sj\u00e4lvbed\u00f6mningsf\u00f6rm\u00e5ga Respons&#46;&#46;&#46;","og_url":"https:\/\/blogit.gradia.fi\/parasta_osaamista\/pa-svenska\/introduktion\/respons-pa-utvecklingen-av-kunnandet\/","og_site_name":"Parasta osaamista","article_publisher":"https:\/\/www.facebook.com\/POsaamista\/","article_modified_time":"2018-11-14T13:59:53+00:00","twitter_card":"summary_large_image","twitter_site":"@Posaaja_","twitter_misc":{"Arvioitu lukuaika":"1 minuutti"},"schema":{"@context":"https:\/\/schema.org","@graph":[{"@type":"WebPage","@id":"https:\/\/blogit.gradia.fi\/parasta_osaamista\/pa-svenska\/introduktion\/respons-pa-utvecklingen-av-kunnandet\/","url":"https:\/\/blogit.gradia.fi\/parasta_osaamista\/pa-svenska\/introduktion\/respons-pa-utvecklingen-av-kunnandet\/","name":"Respons p\u00e5 utvecklingen av kunnandet INFO - Parasta osaamista","isPartOf":{"@id":"https:\/\/blogit.gradia.fi\/parasta_osaamista\/#website"},"datePublished":"2018-11-14T13:01:15+00:00","dateModified":"2018-11-14T13:59:53+00:00","breadcrumb":{"@id":"https:\/\/blogit.gradia.fi\/parasta_osaamista\/pa-svenska\/introduktion\/respons-pa-utvecklingen-av-kunnandet\/#breadcrumb"},"inLanguage":"fi","potentialAction":[{"@type":"ReadAction","target":["https:\/\/blogit.gradia.fi\/parasta_osaamista\/pa-svenska\/introduktion\/respons-pa-utvecklingen-av-kunnandet\/"]}]},{"@type":"BreadcrumbList","@id":"https:\/\/blogit.gradia.fi\/parasta_osaamista\/pa-svenska\/introduktion\/respons-pa-utvecklingen-av-kunnandet\/#breadcrumb","itemListElement":[{"@type":"ListItem","position":1,"name":"B\u00e4sta kunnande","item":"https:\/\/blogit.gradia.fi\/parasta_osaamista\/pa-svenska\/"},{"@type":"ListItem","position":2,"name":"Introduktion av arbetsplatshandledare riktad till l\u00e4rare","item":"https:\/\/blogit.gradia.fi\/parasta_osaamista\/pa-svenska\/introduktion\/"},{"@type":"ListItem","position":3,"name":"Respons p\u00e5 utvecklingen av kunnandet INFO"}]},{"@type":"WebSite","@id":"https:\/\/blogit.gradia.fi\/parasta_osaamista\/#website","url":"https:\/\/blogit.gradia.fi\/parasta_osaamista\/","name":"Parasta osaamista","description":"Parasta osaamista -verkostohanke","publisher":{"@id":"https:\/\/blogit.gradia.fi\/parasta_osaamista\/#organization"},"potentialAction":[{"@type":"SearchAction","target":{"@type":"EntryPoint","urlTemplate":"https:\/\/blogit.gradia.fi\/parasta_osaamista\/?s={search_term_string}"},"query-input":{"@type":"PropertyValueSpecification","valueRequired":true,"valueName":"search_term_string"}}],"inLanguage":"fi"},{"@type":"Organization","@id":"https:\/\/blogit.gradia.fi\/parasta_osaamista\/#organization","name":"Parasta osaamista -verkostohanke","url":"https:\/\/blogit.gradia.fi\/parasta_osaamista\/","logo":{"@type":"ImageObject","inLanguage":"fi","@id":"https:\/\/blogit.gradia.fi\/parasta_osaamista\/#\/schema\/logo\/image\/","url":"https:\/\/blogit.gradia.fi\/parasta_osaamista\/wp-content\/uploads\/sites\/20\/2018\/02\/parasta_osaamista_logo.jpg","contentUrl":"https:\/\/blogit.gradia.fi\/parasta_osaamista\/wp-content\/uploads\/sites\/20\/2018\/02\/parasta_osaamista_logo.jpg","width":344,"height":334,"caption":"Parasta osaamista -verkostohanke"},"image":{"@id":"https:\/\/blogit.gradia.fi\/parasta_osaamista\/#\/schema\/logo\/image\/"},"sameAs":["https:\/\/www.facebook.com\/POsaamista\/","https:\/\/x.com\/Posaaja_","https:\/\/www.instagram.com\/parastaosaamista\/","https:\/\/www.youtube.com\/channel\/UC7hv9jw0R6lS_Fmz5L9TUPw"]}]}},"uagb_featured_image_src":{"full":false,"thumbnail":false,"medium":false,"medium_large":false,"large":false,"1536x1536":false,"2048x2048":false,"thumb-small":false,"thumb-standard":false,"thumb-medium":false,"thumb-large":false,"thumb-xlarge":false,"thumb-xxlarge":false},"uagb_author_info":{"display_name":"annerongas","author_link":"https:\/\/blogit.gradia.fi\/parasta_osaamista\/author\/annerongas\/"},"uagb_comment_info":0,"uagb_excerpt":"Responsens betydelse Respons handleder och uppmuntrar studerade att n\u00e5 de uppst\u00e4llda m\u00e5len Respons m\u00f6jligg\u00f6r \u00e4ndringar i verksamheten Respons synligg\u00f6r det kunnande som redan finns och det kunnande som saknas Respons utvecklar studerande sj\u00e4lvbed\u00f6mningsf\u00f6rm\u00e5ga Respons&#46;&#46;&#46;","_links":{"self":[{"href":"https:\/\/blogit.gradia.fi\/parasta_osaamista\/wp-json\/wp\/v2\/pages\/1111","targetHints":{"allow":["GET"]}}],"collection":[{"href":"https:\/\/blogit.gradia.fi\/parasta_osaamista\/wp-json\/wp\/v2\/pages"}],"about":[{"href":"https:\/\/blogit.gradia.fi\/parasta_osaamista\/wp-json\/wp\/v2\/types\/page"}],"author":[{"embeddable":true,"href":"https:\/\/blogit.gradia.fi\/parasta_osaamista\/wp-json\/wp\/v2\/users\/240"}],"replies":[{"embeddable":true,"href":"https:\/\/blogit.gradia.fi\/parasta_osaamista\/wp-json\/wp\/v2\/comments?post=1111"}],"version-history":[{"count":0,"href":"https:\/\/blogit.gradia.fi\/parasta_osaamista\/wp-json\/wp\/v2\/pages\/1111\/revisions"}],"up":[{"embeddable":true,"href":"https:\/\/blogit.gradia.fi\/parasta_osaamista\/wp-json\/wp\/v2\/pages\/980"}],"wp:attachment":[{"href":"https:\/\/blogit.gradia.fi\/parasta_osaamista\/wp-json\/wp\/v2\/media?parent=1111"}],"curies":[{"name":"wp","href":"https:\/\/api.w.org\/{rel}","templated":true}]}}