{"id":1108,"date":"2018-11-14T14:59:18","date_gmt":"2018-11-14T12:59:18","guid":{"rendered":"https:\/\/blogit.gradia.fi\/parasta_osaamista\/?page_id=1108"},"modified":"2018-11-14T15:11:48","modified_gmt":"2018-11-14T13:11:48","slug":"arbetsuppgifter-som-motsvarar-malen-for-kunnandet-i-examen","status":"publish","type":"page","link":"https:\/\/blogit.gradia.fi\/parasta_osaamista\/pa-svenska\/introduktion\/arbetsuppgifter-som-motsvarar-malen-for-kunnandet-i-examen\/","title":{"rendered":"Arbetsuppgifter, som motsvarar m\u00e5len f\u00f6r kunnandet i examen INFO"},"content":{"rendered":"<p>Att definiera arbetsuppgifterna \u00e4r centralt i introduktionen. <strong>Det \u00e4r viktigt att alla parter vet, vilka arbetsuppgifter studerande g\u00f6r p\u00e5 arbetsplatsen och hur dessa motsvarar kraven p\u00e5 yrkesskicklighet.<\/strong> Yrkesutbildningens uppgift \u00e4r att producera kunnande, som man klarar sig med i framtidens arbetsliv. N\u00e4r arbetsplatsens m\u00f6jligheter, behov och tidtabeller tas i beaktande, kan arbetsplatsens arbetsinsats i form av tid och handledning under perioderna av utbildning p\u00e5 arbetsplats, \u00e5terbetalas som nytta f\u00f6r arbetsplatsen.<\/p>\n<p>I samband med att man definiera arbetsuppgifterna kan man ocks\u00e5 ta i beaktande kommande delar av examen och uppgifter i samband med dessa. \u00a0D\u00e5 \u00e4r det ocks\u00e5 l\u00e4mpligt att diskutera allm\u00e4nna arbetslivskunskaper.<\/p>\n<p>Vad l\u00e4r man sig p\u00e5 arbetsplatserna?\u00a0<a href=\"https:\/\/ohjaan.fi\/sv\/larande-arbetsplats\/larande-i-arbetet-och-i-andra-miljoer\/\" target=\"_blank\" rel=\"noopener\">Ohjaan.fi<\/a><\/p>\n","protected":false},"excerpt":{"rendered":"<p>Att definiera arbetsuppgifterna \u00e4r centralt i introduktionen. Det \u00e4r viktigt att alla parter vet, vilka arbetsuppgifter studerande g\u00f6r p\u00e5 arbetsplatsen och hur dessa motsvarar kraven p\u00e5 yrkesskicklighet. Yrkesutbildningens uppgift \u00e4r att producera kunnande, som&#46;&#46;&#46;<\/p>\n","protected":false},"author":240,"featured_media":0,"parent":980,"menu_order":0,"comment_status":"closed","ping_status":"closed","template":"","meta":{"_uag_custom_page_level_css":"","footnotes":""},"class_list":["post-1108","page","type-page","status-publish","hentry"],"yoast_head":"<!-- This site is optimized with the Yoast SEO plugin v27.4 - https:\/\/yoast.com\/product\/yoast-seo-wordpress\/ -->\n<title>Arbetsuppgifter, som motsvarar m\u00e5len f\u00f6r kunnandet i examen INFO - Parasta osaamista<\/title>\n<meta name=\"robots\" content=\"index, follow, max-snippet:-1, max-image-preview:large, max-video-preview:-1\" \/>\n<link rel=\"canonical\" href=\"https:\/\/blogit.gradia.fi\/parasta_osaamista\/pa-svenska\/introduktion\/arbetsuppgifter-som-motsvarar-malen-for-kunnandet-i-examen\/\" \/>\n<meta property=\"og:locale\" content=\"fi_FI\" \/>\n<meta property=\"og:type\" content=\"article\" \/>\n<meta property=\"og:title\" content=\"Arbetsuppgifter, som motsvarar m\u00e5len f\u00f6r kunnandet i examen INFO - Parasta osaamista\" \/>\n<meta property=\"og:description\" content=\"Att definiera arbetsuppgifterna \u00e4r centralt i introduktionen. Det \u00e4r viktigt att alla parter vet, vilka arbetsuppgifter studerande g\u00f6r p\u00e5 arbetsplatsen och hur dessa motsvarar kraven p\u00e5 yrkesskicklighet. Yrkesutbildningens uppgift \u00e4r att producera kunnande, som&#046;&#046;&#046;\" \/>\n<meta property=\"og:url\" content=\"https:\/\/blogit.gradia.fi\/parasta_osaamista\/pa-svenska\/introduktion\/arbetsuppgifter-som-motsvarar-malen-for-kunnandet-i-examen\/\" \/>\n<meta property=\"og:site_name\" content=\"Parasta osaamista\" \/>\n<meta property=\"article:publisher\" content=\"https:\/\/www.facebook.com\/POsaamista\/\" \/>\n<meta property=\"article:modified_time\" content=\"2018-11-14T13:11:48+00:00\" \/>\n<meta name=\"twitter:card\" content=\"summary_large_image\" \/>\n<meta name=\"twitter:site\" content=\"@Posaaja_\" \/>\n<meta name=\"twitter:label1\" content=\"Arvioitu lukuaika\" \/>\n\t<meta name=\"twitter:data1\" content=\"1 minuutti\" \/>\n<script type=\"application\/ld+json\" class=\"yoast-schema-graph\">{\"@context\":\"https:\\\/\\\/schema.org\",\"@graph\":[{\"@type\":\"WebPage\",\"@id\":\"https:\\\/\\\/blogit.gradia.fi\\\/parasta_osaamista\\\/pa-svenska\\\/introduktion\\\/arbetsuppgifter-som-motsvarar-malen-for-kunnandet-i-examen\\\/\",\"url\":\"https:\\\/\\\/blogit.gradia.fi\\\/parasta_osaamista\\\/pa-svenska\\\/introduktion\\\/arbetsuppgifter-som-motsvarar-malen-for-kunnandet-i-examen\\\/\",\"name\":\"Arbetsuppgifter, som motsvarar m\u00e5len f\u00f6r kunnandet i examen INFO - Parasta osaamista\",\"isPartOf\":{\"@id\":\"https:\\\/\\\/blogit.gradia.fi\\\/parasta_osaamista\\\/#website\"},\"datePublished\":\"2018-11-14T12:59:18+00:00\",\"dateModified\":\"2018-11-14T13:11:48+00:00\",\"breadcrumb\":{\"@id\":\"https:\\\/\\\/blogit.gradia.fi\\\/parasta_osaamista\\\/pa-svenska\\\/introduktion\\\/arbetsuppgifter-som-motsvarar-malen-for-kunnandet-i-examen\\\/#breadcrumb\"},\"inLanguage\":\"fi\",\"potentialAction\":[{\"@type\":\"ReadAction\",\"target\":[\"https:\\\/\\\/blogit.gradia.fi\\\/parasta_osaamista\\\/pa-svenska\\\/introduktion\\\/arbetsuppgifter-som-motsvarar-malen-for-kunnandet-i-examen\\\/\"]}]},{\"@type\":\"BreadcrumbList\",\"@id\":\"https:\\\/\\\/blogit.gradia.fi\\\/parasta_osaamista\\\/pa-svenska\\\/introduktion\\\/arbetsuppgifter-som-motsvarar-malen-for-kunnandet-i-examen\\\/#breadcrumb\",\"itemListElement\":[{\"@type\":\"ListItem\",\"position\":1,\"name\":\"B\u00e4sta kunnande\",\"item\":\"https:\\\/\\\/blogit.gradia.fi\\\/parasta_osaamista\\\/pa-svenska\\\/\"},{\"@type\":\"ListItem\",\"position\":2,\"name\":\"Introduktion av arbetsplatshandledare riktad till l\u00e4rare\",\"item\":\"https:\\\/\\\/blogit.gradia.fi\\\/parasta_osaamista\\\/pa-svenska\\\/introduktion\\\/\"},{\"@type\":\"ListItem\",\"position\":3,\"name\":\"Arbetsuppgifter, som motsvarar m\u00e5len f\u00f6r kunnandet i examen INFO\"}]},{\"@type\":\"WebSite\",\"@id\":\"https:\\\/\\\/blogit.gradia.fi\\\/parasta_osaamista\\\/#website\",\"url\":\"https:\\\/\\\/blogit.gradia.fi\\\/parasta_osaamista\\\/\",\"name\":\"Parasta osaamista\",\"description\":\"Parasta osaamista -verkostohanke\",\"publisher\":{\"@id\":\"https:\\\/\\\/blogit.gradia.fi\\\/parasta_osaamista\\\/#organization\"},\"potentialAction\":[{\"@type\":\"SearchAction\",\"target\":{\"@type\":\"EntryPoint\",\"urlTemplate\":\"https:\\\/\\\/blogit.gradia.fi\\\/parasta_osaamista\\\/?s={search_term_string}\"},\"query-input\":{\"@type\":\"PropertyValueSpecification\",\"valueRequired\":true,\"valueName\":\"search_term_string\"}}],\"inLanguage\":\"fi\"},{\"@type\":\"Organization\",\"@id\":\"https:\\\/\\\/blogit.gradia.fi\\\/parasta_osaamista\\\/#organization\",\"name\":\"Parasta osaamista -verkostohanke\",\"url\":\"https:\\\/\\\/blogit.gradia.fi\\\/parasta_osaamista\\\/\",\"logo\":{\"@type\":\"ImageObject\",\"inLanguage\":\"fi\",\"@id\":\"https:\\\/\\\/blogit.gradia.fi\\\/parasta_osaamista\\\/#\\\/schema\\\/logo\\\/image\\\/\",\"url\":\"https:\\\/\\\/blogit.gradia.fi\\\/parasta_osaamista\\\/wp-content\\\/uploads\\\/sites\\\/20\\\/2018\\\/02\\\/parasta_osaamista_logo.jpg\",\"contentUrl\":\"https:\\\/\\\/blogit.gradia.fi\\\/parasta_osaamista\\\/wp-content\\\/uploads\\\/sites\\\/20\\\/2018\\\/02\\\/parasta_osaamista_logo.jpg\",\"width\":344,\"height\":334,\"caption\":\"Parasta osaamista -verkostohanke\"},\"image\":{\"@id\":\"https:\\\/\\\/blogit.gradia.fi\\\/parasta_osaamista\\\/#\\\/schema\\\/logo\\\/image\\\/\"},\"sameAs\":[\"https:\\\/\\\/www.facebook.com\\\/POsaamista\\\/\",\"https:\\\/\\\/x.com\\\/Posaaja_\",\"https:\\\/\\\/www.instagram.com\\\/parastaosaamista\\\/\",\"https:\\\/\\\/www.youtube.com\\\/channel\\\/UC7hv9jw0R6lS_Fmz5L9TUPw\"]}]}<\/script>\n<!-- \/ Yoast SEO plugin. -->","yoast_head_json":{"title":"Arbetsuppgifter, som motsvarar m\u00e5len f\u00f6r kunnandet i examen INFO - Parasta osaamista","robots":{"index":"index","follow":"follow","max-snippet":"max-snippet:-1","max-image-preview":"max-image-preview:large","max-video-preview":"max-video-preview:-1"},"canonical":"https:\/\/blogit.gradia.fi\/parasta_osaamista\/pa-svenska\/introduktion\/arbetsuppgifter-som-motsvarar-malen-for-kunnandet-i-examen\/","og_locale":"fi_FI","og_type":"article","og_title":"Arbetsuppgifter, som motsvarar m\u00e5len f\u00f6r kunnandet i examen INFO - Parasta osaamista","og_description":"Att definiera arbetsuppgifterna \u00e4r centralt i introduktionen. Det \u00e4r viktigt att alla parter vet, vilka arbetsuppgifter studerande g\u00f6r p\u00e5 arbetsplatsen och hur dessa motsvarar kraven p\u00e5 yrkesskicklighet. Yrkesutbildningens uppgift \u00e4r att producera kunnande, som&#46;&#46;&#46;","og_url":"https:\/\/blogit.gradia.fi\/parasta_osaamista\/pa-svenska\/introduktion\/arbetsuppgifter-som-motsvarar-malen-for-kunnandet-i-examen\/","og_site_name":"Parasta osaamista","article_publisher":"https:\/\/www.facebook.com\/POsaamista\/","article_modified_time":"2018-11-14T13:11:48+00:00","twitter_card":"summary_large_image","twitter_site":"@Posaaja_","twitter_misc":{"Arvioitu lukuaika":"1 minuutti"},"schema":{"@context":"https:\/\/schema.org","@graph":[{"@type":"WebPage","@id":"https:\/\/blogit.gradia.fi\/parasta_osaamista\/pa-svenska\/introduktion\/arbetsuppgifter-som-motsvarar-malen-for-kunnandet-i-examen\/","url":"https:\/\/blogit.gradia.fi\/parasta_osaamista\/pa-svenska\/introduktion\/arbetsuppgifter-som-motsvarar-malen-for-kunnandet-i-examen\/","name":"Arbetsuppgifter, som motsvarar m\u00e5len f\u00f6r kunnandet i examen INFO - Parasta osaamista","isPartOf":{"@id":"https:\/\/blogit.gradia.fi\/parasta_osaamista\/#website"},"datePublished":"2018-11-14T12:59:18+00:00","dateModified":"2018-11-14T13:11:48+00:00","breadcrumb":{"@id":"https:\/\/blogit.gradia.fi\/parasta_osaamista\/pa-svenska\/introduktion\/arbetsuppgifter-som-motsvarar-malen-for-kunnandet-i-examen\/#breadcrumb"},"inLanguage":"fi","potentialAction":[{"@type":"ReadAction","target":["https:\/\/blogit.gradia.fi\/parasta_osaamista\/pa-svenska\/introduktion\/arbetsuppgifter-som-motsvarar-malen-for-kunnandet-i-examen\/"]}]},{"@type":"BreadcrumbList","@id":"https:\/\/blogit.gradia.fi\/parasta_osaamista\/pa-svenska\/introduktion\/arbetsuppgifter-som-motsvarar-malen-for-kunnandet-i-examen\/#breadcrumb","itemListElement":[{"@type":"ListItem","position":1,"name":"B\u00e4sta kunnande","item":"https:\/\/blogit.gradia.fi\/parasta_osaamista\/pa-svenska\/"},{"@type":"ListItem","position":2,"name":"Introduktion av arbetsplatshandledare riktad till l\u00e4rare","item":"https:\/\/blogit.gradia.fi\/parasta_osaamista\/pa-svenska\/introduktion\/"},{"@type":"ListItem","position":3,"name":"Arbetsuppgifter, som motsvarar m\u00e5len f\u00f6r kunnandet i examen INFO"}]},{"@type":"WebSite","@id":"https:\/\/blogit.gradia.fi\/parasta_osaamista\/#website","url":"https:\/\/blogit.gradia.fi\/parasta_osaamista\/","name":"Parasta osaamista","description":"Parasta osaamista -verkostohanke","publisher":{"@id":"https:\/\/blogit.gradia.fi\/parasta_osaamista\/#organization"},"potentialAction":[{"@type":"SearchAction","target":{"@type":"EntryPoint","urlTemplate":"https:\/\/blogit.gradia.fi\/parasta_osaamista\/?s={search_term_string}"},"query-input":{"@type":"PropertyValueSpecification","valueRequired":true,"valueName":"search_term_string"}}],"inLanguage":"fi"},{"@type":"Organization","@id":"https:\/\/blogit.gradia.fi\/parasta_osaamista\/#organization","name":"Parasta osaamista -verkostohanke","url":"https:\/\/blogit.gradia.fi\/parasta_osaamista\/","logo":{"@type":"ImageObject","inLanguage":"fi","@id":"https:\/\/blogit.gradia.fi\/parasta_osaamista\/#\/schema\/logo\/image\/","url":"https:\/\/blogit.gradia.fi\/parasta_osaamista\/wp-content\/uploads\/sites\/20\/2018\/02\/parasta_osaamista_logo.jpg","contentUrl":"https:\/\/blogit.gradia.fi\/parasta_osaamista\/wp-content\/uploads\/sites\/20\/2018\/02\/parasta_osaamista_logo.jpg","width":344,"height":334,"caption":"Parasta osaamista -verkostohanke"},"image":{"@id":"https:\/\/blogit.gradia.fi\/parasta_osaamista\/#\/schema\/logo\/image\/"},"sameAs":["https:\/\/www.facebook.com\/POsaamista\/","https:\/\/x.com\/Posaaja_","https:\/\/www.instagram.com\/parastaosaamista\/","https:\/\/www.youtube.com\/channel\/UC7hv9jw0R6lS_Fmz5L9TUPw"]}]}},"uagb_featured_image_src":{"full":false,"thumbnail":false,"medium":false,"medium_large":false,"large":false,"1536x1536":false,"2048x2048":false,"thumb-small":false,"thumb-standard":false,"thumb-medium":false,"thumb-large":false,"thumb-xlarge":false,"thumb-xxlarge":false},"uagb_author_info":{"display_name":"annerongas","author_link":"https:\/\/blogit.gradia.fi\/parasta_osaamista\/author\/annerongas\/"},"uagb_comment_info":0,"uagb_excerpt":"Att definiera arbetsuppgifterna \u00e4r centralt i introduktionen. Det \u00e4r viktigt att alla parter vet, vilka arbetsuppgifter studerande g\u00f6r p\u00e5 arbetsplatsen och hur dessa motsvarar kraven p\u00e5 yrkesskicklighet. Yrkesutbildningens uppgift \u00e4r att producera kunnande, som&#46;&#46;&#46;","_links":{"self":[{"href":"https:\/\/blogit.gradia.fi\/parasta_osaamista\/wp-json\/wp\/v2\/pages\/1108","targetHints":{"allow":["GET"]}}],"collection":[{"href":"https:\/\/blogit.gradia.fi\/parasta_osaamista\/wp-json\/wp\/v2\/pages"}],"about":[{"href":"https:\/\/blogit.gradia.fi\/parasta_osaamista\/wp-json\/wp\/v2\/types\/page"}],"author":[{"embeddable":true,"href":"https:\/\/blogit.gradia.fi\/parasta_osaamista\/wp-json\/wp\/v2\/users\/240"}],"replies":[{"embeddable":true,"href":"https:\/\/blogit.gradia.fi\/parasta_osaamista\/wp-json\/wp\/v2\/comments?post=1108"}],"version-history":[{"count":0,"href":"https:\/\/blogit.gradia.fi\/parasta_osaamista\/wp-json\/wp\/v2\/pages\/1108\/revisions"}],"up":[{"embeddable":true,"href":"https:\/\/blogit.gradia.fi\/parasta_osaamista\/wp-json\/wp\/v2\/pages\/980"}],"wp:attachment":[{"href":"https:\/\/blogit.gradia.fi\/parasta_osaamista\/wp-json\/wp\/v2\/media?parent=1108"}],"curies":[{"name":"wp","href":"https:\/\/api.w.org\/{rel}","templated":true}]}}