{"id":1105,"date":"2018-11-14T14:57:25","date_gmt":"2018-11-14T12:57:25","guid":{"rendered":"https:\/\/blogit.gradia.fi\/parasta_osaamista\/?page_id=1105"},"modified":"2018-11-14T15:11:06","modified_gmt":"2018-11-14T13:11:06","slug":"personlig-utvecklingsplan-for-kunnande-puk","status":"publish","type":"page","link":"https:\/\/blogit.gradia.fi\/parasta_osaamista\/pa-svenska\/introduktion\/personlig-utvecklingsplan-for-kunnande-puk\/","title":{"rendered":"Personlig utvecklingsplan f\u00f6r kunnande (PUK) INFO"},"content":{"rendered":"<p>L\u00e4raren beh\u00f6ver repetera vad en PUK \u00e4r tillsammans med studerande och arbetsplatshandledaren. PUK \u00e4r studerandes plan f\u00f6r hur kunnandet ska utvecklas och som ger ramarna f\u00f6r studierna. PUKen g\u00f6rs upp i studiernas inledningsskede och uppdateras under studiernas g\u00e5ng. Arbetsgivaren deltar i uppg\u00f6randet och uppdateringen av PUKen g\u00e4llande utbildning som genomf\u00f6rs p\u00e5 en arbetsplats. Arbetsplatshandledaren \u00e4r skyldig att meddela l\u00e4raren, om studierna inte framskrider enligt plan.<\/p>\n<p>Vad \u00e4r PUK: <a href=\"https:\/\/ohjaan.fi\/sv\/vi-planerar\/puk-personlig-utveckling-av-kunnandet\/\" target=\"_blank\" rel=\"noopener\">Ohjaan.fi<\/a><\/p>\n<p>L\u00e4raren skall repetera vilken examen och vilka examensdelar som det \u00e4r fr\u00e5gan om med studerande och arbetsplatshandledaren. L\u00e4raren skall s\u00e4kra att alla parter vet vilka kraven p\u00e5 yrkesskicklighet inom den examensdelen \u00e4r och var dessa hittas <a href=\"https:\/\/eperusteet.opintopolku.fi\/#\/sv\/selaus\/kooste\/ammatillinenkoulutus?hakutyyppi=perusteet\" target=\"_blank\" rel=\"noopener\">(eGrunderna).<\/a><\/p>\n","protected":false},"excerpt":{"rendered":"<p>L\u00e4raren beh\u00f6ver repetera vad en PUK \u00e4r tillsammans med studerande och arbetsplatshandledaren. PUK \u00e4r studerandes plan f\u00f6r hur kunnandet ska utvecklas och som ger ramarna f\u00f6r studierna. PUKen g\u00f6rs upp i studiernas inledningsskede och&#46;&#46;&#46;<\/p>\n","protected":false},"author":240,"featured_media":0,"parent":980,"menu_order":0,"comment_status":"closed","ping_status":"closed","template":"","meta":{"_uag_custom_page_level_css":"","footnotes":""},"class_list":["post-1105","page","type-page","status-publish","hentry"],"yoast_head":"<!-- This site is optimized with the Yoast SEO plugin v27.4 - https:\/\/yoast.com\/product\/yoast-seo-wordpress\/ -->\n<title>Personlig utvecklingsplan f\u00f6r kunnande (PUK) INFO - Parasta osaamista<\/title>\n<meta name=\"robots\" content=\"index, follow, max-snippet:-1, max-image-preview:large, max-video-preview:-1\" \/>\n<link rel=\"canonical\" href=\"https:\/\/blogit.gradia.fi\/parasta_osaamista\/pa-svenska\/introduktion\/personlig-utvecklingsplan-for-kunnande-puk\/\" \/>\n<meta property=\"og:locale\" content=\"fi_FI\" \/>\n<meta property=\"og:type\" content=\"article\" \/>\n<meta property=\"og:title\" content=\"Personlig utvecklingsplan f\u00f6r kunnande (PUK) INFO - Parasta osaamista\" \/>\n<meta property=\"og:description\" content=\"L\u00e4raren beh\u00f6ver repetera vad en PUK \u00e4r tillsammans med studerande och arbetsplatshandledaren. PUK \u00e4r studerandes plan f\u00f6r hur kunnandet ska utvecklas och som ger ramarna f\u00f6r studierna. PUKen g\u00f6rs upp i studiernas inledningsskede och&#046;&#046;&#046;\" \/>\n<meta property=\"og:url\" content=\"https:\/\/blogit.gradia.fi\/parasta_osaamista\/pa-svenska\/introduktion\/personlig-utvecklingsplan-for-kunnande-puk\/\" \/>\n<meta property=\"og:site_name\" content=\"Parasta osaamista\" \/>\n<meta property=\"article:publisher\" content=\"https:\/\/www.facebook.com\/POsaamista\/\" \/>\n<meta property=\"article:modified_time\" content=\"2018-11-14T13:11:06+00:00\" \/>\n<meta name=\"twitter:card\" content=\"summary_large_image\" \/>\n<meta name=\"twitter:site\" content=\"@Posaaja_\" \/>\n<meta name=\"twitter:label1\" content=\"Arvioitu lukuaika\" \/>\n\t<meta name=\"twitter:data1\" content=\"1 minuutti\" \/>\n<script type=\"application\/ld+json\" class=\"yoast-schema-graph\">{\"@context\":\"https:\\\/\\\/schema.org\",\"@graph\":[{\"@type\":\"WebPage\",\"@id\":\"https:\\\/\\\/blogit.gradia.fi\\\/parasta_osaamista\\\/pa-svenska\\\/introduktion\\\/personlig-utvecklingsplan-for-kunnande-puk\\\/\",\"url\":\"https:\\\/\\\/blogit.gradia.fi\\\/parasta_osaamista\\\/pa-svenska\\\/introduktion\\\/personlig-utvecklingsplan-for-kunnande-puk\\\/\",\"name\":\"Personlig utvecklingsplan f\u00f6r kunnande (PUK) INFO - Parasta osaamista\",\"isPartOf\":{\"@id\":\"https:\\\/\\\/blogit.gradia.fi\\\/parasta_osaamista\\\/#website\"},\"datePublished\":\"2018-11-14T12:57:25+00:00\",\"dateModified\":\"2018-11-14T13:11:06+00:00\",\"breadcrumb\":{\"@id\":\"https:\\\/\\\/blogit.gradia.fi\\\/parasta_osaamista\\\/pa-svenska\\\/introduktion\\\/personlig-utvecklingsplan-for-kunnande-puk\\\/#breadcrumb\"},\"inLanguage\":\"fi\",\"potentialAction\":[{\"@type\":\"ReadAction\",\"target\":[\"https:\\\/\\\/blogit.gradia.fi\\\/parasta_osaamista\\\/pa-svenska\\\/introduktion\\\/personlig-utvecklingsplan-for-kunnande-puk\\\/\"]}]},{\"@type\":\"BreadcrumbList\",\"@id\":\"https:\\\/\\\/blogit.gradia.fi\\\/parasta_osaamista\\\/pa-svenska\\\/introduktion\\\/personlig-utvecklingsplan-for-kunnande-puk\\\/#breadcrumb\",\"itemListElement\":[{\"@type\":\"ListItem\",\"position\":1,\"name\":\"B\u00e4sta kunnande\",\"item\":\"https:\\\/\\\/blogit.gradia.fi\\\/parasta_osaamista\\\/pa-svenska\\\/\"},{\"@type\":\"ListItem\",\"position\":2,\"name\":\"Introduktion av arbetsplatshandledare riktad till l\u00e4rare\",\"item\":\"https:\\\/\\\/blogit.gradia.fi\\\/parasta_osaamista\\\/pa-svenska\\\/introduktion\\\/\"},{\"@type\":\"ListItem\",\"position\":3,\"name\":\"Personlig utvecklingsplan f\u00f6r kunnande (PUK) INFO\"}]},{\"@type\":\"WebSite\",\"@id\":\"https:\\\/\\\/blogit.gradia.fi\\\/parasta_osaamista\\\/#website\",\"url\":\"https:\\\/\\\/blogit.gradia.fi\\\/parasta_osaamista\\\/\",\"name\":\"Parasta osaamista\",\"description\":\"Parasta osaamista -verkostohanke\",\"publisher\":{\"@id\":\"https:\\\/\\\/blogit.gradia.fi\\\/parasta_osaamista\\\/#organization\"},\"potentialAction\":[{\"@type\":\"SearchAction\",\"target\":{\"@type\":\"EntryPoint\",\"urlTemplate\":\"https:\\\/\\\/blogit.gradia.fi\\\/parasta_osaamista\\\/?s={search_term_string}\"},\"query-input\":{\"@type\":\"PropertyValueSpecification\",\"valueRequired\":true,\"valueName\":\"search_term_string\"}}],\"inLanguage\":\"fi\"},{\"@type\":\"Organization\",\"@id\":\"https:\\\/\\\/blogit.gradia.fi\\\/parasta_osaamista\\\/#organization\",\"name\":\"Parasta osaamista -verkostohanke\",\"url\":\"https:\\\/\\\/blogit.gradia.fi\\\/parasta_osaamista\\\/\",\"logo\":{\"@type\":\"ImageObject\",\"inLanguage\":\"fi\",\"@id\":\"https:\\\/\\\/blogit.gradia.fi\\\/parasta_osaamista\\\/#\\\/schema\\\/logo\\\/image\\\/\",\"url\":\"https:\\\/\\\/blogit.gradia.fi\\\/parasta_osaamista\\\/wp-content\\\/uploads\\\/sites\\\/20\\\/2018\\\/02\\\/parasta_osaamista_logo.jpg\",\"contentUrl\":\"https:\\\/\\\/blogit.gradia.fi\\\/parasta_osaamista\\\/wp-content\\\/uploads\\\/sites\\\/20\\\/2018\\\/02\\\/parasta_osaamista_logo.jpg\",\"width\":344,\"height\":334,\"caption\":\"Parasta osaamista -verkostohanke\"},\"image\":{\"@id\":\"https:\\\/\\\/blogit.gradia.fi\\\/parasta_osaamista\\\/#\\\/schema\\\/logo\\\/image\\\/\"},\"sameAs\":[\"https:\\\/\\\/www.facebook.com\\\/POsaamista\\\/\",\"https:\\\/\\\/x.com\\\/Posaaja_\",\"https:\\\/\\\/www.instagram.com\\\/parastaosaamista\\\/\",\"https:\\\/\\\/www.youtube.com\\\/channel\\\/UC7hv9jw0R6lS_Fmz5L9TUPw\"]}]}<\/script>\n<!-- \/ Yoast SEO plugin. -->","yoast_head_json":{"title":"Personlig utvecklingsplan f\u00f6r kunnande (PUK) INFO - Parasta osaamista","robots":{"index":"index","follow":"follow","max-snippet":"max-snippet:-1","max-image-preview":"max-image-preview:large","max-video-preview":"max-video-preview:-1"},"canonical":"https:\/\/blogit.gradia.fi\/parasta_osaamista\/pa-svenska\/introduktion\/personlig-utvecklingsplan-for-kunnande-puk\/","og_locale":"fi_FI","og_type":"article","og_title":"Personlig utvecklingsplan f\u00f6r kunnande (PUK) INFO - Parasta osaamista","og_description":"L\u00e4raren beh\u00f6ver repetera vad en PUK \u00e4r tillsammans med studerande och arbetsplatshandledaren. PUK \u00e4r studerandes plan f\u00f6r hur kunnandet ska utvecklas och som ger ramarna f\u00f6r studierna. PUKen g\u00f6rs upp i studiernas inledningsskede och&#46;&#46;&#46;","og_url":"https:\/\/blogit.gradia.fi\/parasta_osaamista\/pa-svenska\/introduktion\/personlig-utvecklingsplan-for-kunnande-puk\/","og_site_name":"Parasta osaamista","article_publisher":"https:\/\/www.facebook.com\/POsaamista\/","article_modified_time":"2018-11-14T13:11:06+00:00","twitter_card":"summary_large_image","twitter_site":"@Posaaja_","twitter_misc":{"Arvioitu lukuaika":"1 minuutti"},"schema":{"@context":"https:\/\/schema.org","@graph":[{"@type":"WebPage","@id":"https:\/\/blogit.gradia.fi\/parasta_osaamista\/pa-svenska\/introduktion\/personlig-utvecklingsplan-for-kunnande-puk\/","url":"https:\/\/blogit.gradia.fi\/parasta_osaamista\/pa-svenska\/introduktion\/personlig-utvecklingsplan-for-kunnande-puk\/","name":"Personlig utvecklingsplan f\u00f6r kunnande (PUK) INFO - Parasta osaamista","isPartOf":{"@id":"https:\/\/blogit.gradia.fi\/parasta_osaamista\/#website"},"datePublished":"2018-11-14T12:57:25+00:00","dateModified":"2018-11-14T13:11:06+00:00","breadcrumb":{"@id":"https:\/\/blogit.gradia.fi\/parasta_osaamista\/pa-svenska\/introduktion\/personlig-utvecklingsplan-for-kunnande-puk\/#breadcrumb"},"inLanguage":"fi","potentialAction":[{"@type":"ReadAction","target":["https:\/\/blogit.gradia.fi\/parasta_osaamista\/pa-svenska\/introduktion\/personlig-utvecklingsplan-for-kunnande-puk\/"]}]},{"@type":"BreadcrumbList","@id":"https:\/\/blogit.gradia.fi\/parasta_osaamista\/pa-svenska\/introduktion\/personlig-utvecklingsplan-for-kunnande-puk\/#breadcrumb","itemListElement":[{"@type":"ListItem","position":1,"name":"B\u00e4sta kunnande","item":"https:\/\/blogit.gradia.fi\/parasta_osaamista\/pa-svenska\/"},{"@type":"ListItem","position":2,"name":"Introduktion av arbetsplatshandledare riktad till l\u00e4rare","item":"https:\/\/blogit.gradia.fi\/parasta_osaamista\/pa-svenska\/introduktion\/"},{"@type":"ListItem","position":3,"name":"Personlig utvecklingsplan f\u00f6r kunnande (PUK) INFO"}]},{"@type":"WebSite","@id":"https:\/\/blogit.gradia.fi\/parasta_osaamista\/#website","url":"https:\/\/blogit.gradia.fi\/parasta_osaamista\/","name":"Parasta osaamista","description":"Parasta osaamista -verkostohanke","publisher":{"@id":"https:\/\/blogit.gradia.fi\/parasta_osaamista\/#organization"},"potentialAction":[{"@type":"SearchAction","target":{"@type":"EntryPoint","urlTemplate":"https:\/\/blogit.gradia.fi\/parasta_osaamista\/?s={search_term_string}"},"query-input":{"@type":"PropertyValueSpecification","valueRequired":true,"valueName":"search_term_string"}}],"inLanguage":"fi"},{"@type":"Organization","@id":"https:\/\/blogit.gradia.fi\/parasta_osaamista\/#organization","name":"Parasta osaamista -verkostohanke","url":"https:\/\/blogit.gradia.fi\/parasta_osaamista\/","logo":{"@type":"ImageObject","inLanguage":"fi","@id":"https:\/\/blogit.gradia.fi\/parasta_osaamista\/#\/schema\/logo\/image\/","url":"https:\/\/blogit.gradia.fi\/parasta_osaamista\/wp-content\/uploads\/sites\/20\/2018\/02\/parasta_osaamista_logo.jpg","contentUrl":"https:\/\/blogit.gradia.fi\/parasta_osaamista\/wp-content\/uploads\/sites\/20\/2018\/02\/parasta_osaamista_logo.jpg","width":344,"height":334,"caption":"Parasta osaamista -verkostohanke"},"image":{"@id":"https:\/\/blogit.gradia.fi\/parasta_osaamista\/#\/schema\/logo\/image\/"},"sameAs":["https:\/\/www.facebook.com\/POsaamista\/","https:\/\/x.com\/Posaaja_","https:\/\/www.instagram.com\/parastaosaamista\/","https:\/\/www.youtube.com\/channel\/UC7hv9jw0R6lS_Fmz5L9TUPw"]}]}},"uagb_featured_image_src":{"full":false,"thumbnail":false,"medium":false,"medium_large":false,"large":false,"1536x1536":false,"2048x2048":false,"thumb-small":false,"thumb-standard":false,"thumb-medium":false,"thumb-large":false,"thumb-xlarge":false,"thumb-xxlarge":false},"uagb_author_info":{"display_name":"annerongas","author_link":"https:\/\/blogit.gradia.fi\/parasta_osaamista\/author\/annerongas\/"},"uagb_comment_info":0,"uagb_excerpt":"L\u00e4raren beh\u00f6ver repetera vad en PUK \u00e4r tillsammans med studerande och arbetsplatshandledaren. PUK \u00e4r studerandes plan f\u00f6r hur kunnandet ska utvecklas och som ger ramarna f\u00f6r studierna. PUKen g\u00f6rs upp i studiernas inledningsskede och&#46;&#46;&#46;","_links":{"self":[{"href":"https:\/\/blogit.gradia.fi\/parasta_osaamista\/wp-json\/wp\/v2\/pages\/1105","targetHints":{"allow":["GET"]}}],"collection":[{"href":"https:\/\/blogit.gradia.fi\/parasta_osaamista\/wp-json\/wp\/v2\/pages"}],"about":[{"href":"https:\/\/blogit.gradia.fi\/parasta_osaamista\/wp-json\/wp\/v2\/types\/page"}],"author":[{"embeddable":true,"href":"https:\/\/blogit.gradia.fi\/parasta_osaamista\/wp-json\/wp\/v2\/users\/240"}],"replies":[{"embeddable":true,"href":"https:\/\/blogit.gradia.fi\/parasta_osaamista\/wp-json\/wp\/v2\/comments?post=1105"}],"version-history":[{"count":0,"href":"https:\/\/blogit.gradia.fi\/parasta_osaamista\/wp-json\/wp\/v2\/pages\/1105\/revisions"}],"up":[{"embeddable":true,"href":"https:\/\/blogit.gradia.fi\/parasta_osaamista\/wp-json\/wp\/v2\/pages\/980"}],"wp:attachment":[{"href":"https:\/\/blogit.gradia.fi\/parasta_osaamista\/wp-json\/wp\/v2\/media?parent=1105"}],"curies":[{"name":"wp","href":"https:\/\/api.w.org\/{rel}","templated":true}]}}