{"id":1070,"date":"2018-11-08T14:13:42","date_gmt":"2018-11-08T12:13:42","guid":{"rendered":"https:\/\/blogit.gradia.fi\/parasta_osaamista\/?page_id=1070"},"modified":"2020-04-15T16:09:34","modified_gmt":"2020-04-15T13:09:34","slug":"tyoelamassa-oppimisen-muistilistat","status":"publish","type":"page","link":"https:\/\/blogit.gradia.fi\/parasta_osaamista\/tyoelamassa-oppimisen-muistilistat\/","title":{"rendered":"Ty\u00f6el\u00e4m\u00e4ss\u00e4 oppimisen muistilistat"},"content":{"rendered":"<p>Millaisia valmisteluja tarvitaan, kun opiskelija\u00a0aloittaa\u00a0oppimisen ty\u00f6paikalla? Kuka toimii ty\u00f6paikkaohjaajana ja miten ty\u00f6paikkaohjaus toteutetaan? Mitk\u00e4 ty\u00f6teht\u00e4v\u00e4t tukevat opiskelijan osaamistavoitteita ja urasuunnittelua? Mit\u00e4 palautteen antaminen ja saaminen sek\u00e4 opintojen seuranta\u00a0tarkoittavat?<\/p>\n<p>N\u00e4it\u00e4 ja monia muita kysymyksi\u00e4 her\u00e4\u00e4, kun sek\u00e4\u00a0opiskelija, ty\u00f6paikkaohjaaja ett\u00e4\u00a0opettaja suunnittelevat opiskelijan ty\u00f6el\u00e4m\u00e4ss\u00e4 oppimista.\u00a0Ammatillista\u00a0koulutusta on jokseenkin mahdoton toteuttaa ilman kiinte\u00e4\u00e4 opettajan, ty\u00f6paikkaohjaajan ja opiskelijan v\u00e4list\u00e4 yhteisty\u00f6t\u00e4. Toimijoita on monia, asioita leijuu ilmassa\u00a0eik\u00e4 arjen keskell\u00e4 pysty aina kokoamaan ajatuksia, mit\u00e4 kaikkea ty\u00f6el\u00e4m\u00e4ss\u00e4 oppimiseen liittyy.<\/p>\n<p><strong>Ty\u00f6el\u00e4m\u00e4ss\u00e4 oppimisen\u00a0muistilistat\u00a0opiskelijalle, ty\u00f6paikkaohjaajalle ja\u00a0opettajalle<\/strong>\u00a0tukevat\u00a0oppimisen suunnittelua, ohjausta, palautetta ja urasuunnittelua tavoitteiden saavuttamiseksi. L\u00f6yd\u00e4t alla olevien linkkien takaa tulostettavat, paino- ja InDesign-versiot muistilistoista.<\/p>\n<p>Huomioithan, ett\u00e4 InDesign-versioista ei saa muuttaa tai poistaa sis\u00e4lt\u00f6\u00e4, niihin voi vain lis\u00e4t\u00e4 esimerkiksi oman organisaatiot logon ja yhteystiedot.\u00a0<\/p>\n<ul>\n<li><a href=\"https:\/\/blogit.gradia.fi\/parasta_osaamista\/wp-content\/uploads\/sites\/20\/2019\/08\/Muistilista_ohjaajalle_NETTI.pdf\" target=\"_blank\" rel=\"noopener noreferrer\">Muistilista ty\u00f6paikkaohjaajalle<\/a>\n<ul>\n<li><a href=\"https:\/\/blogit.gradia.fi\/parasta_osaamista\/wp-content\/uploads\/sites\/20\/2019\/12\/Muistilista_ohjaajalle_PAINO.pdf\" target=\"_blank\" rel=\"noopener noreferrer\">Painoversio <\/a><\/li>\n<li><a href=\"https:\/\/jaofi.sharepoint.com\/:u:\/s\/3\/Parasta_osaamista\/ERTDZXd_UgJInGIe9PbmDBoBrqSE51C329Ri8VpRj8Q95Q?e=5mpLEs\">InDesign-versio<\/a><\/li>\n<\/ul>\n<\/li>\n<li><a href=\"https:\/\/blogit.gradia.fi\/parasta_osaamista\/wp-content\/uploads\/sites\/20\/2019\/08\/Muistilista_opettajille_NETTI.pdf\" target=\"_blank\" rel=\"noopener noreferrer\">Muistilista opettajille<\/a>\n<ul>\n<li><a href=\"https:\/\/blogit.gradia.fi\/parasta_osaamista\/wp-content\/uploads\/sites\/20\/2019\/12\/Muistilista_opettajille_PAINO1.pdf\" target=\"_blank\" rel=\"noopener noreferrer\">Painoversio<\/a><\/li>\n<li><a href=\"https:\/\/jaofi.sharepoint.com\/:u:\/s\/3\/Parasta_osaamista\/EcqUjOQp5zJAtFCoZd02_CYBKDN5UoKiRZn5LhOABYFrBQ?e=DdjkN5\">InDesign-versio<\/a><\/li>\n<\/ul>\n<\/li>\n<li><a href=\"https:\/\/blogit.gradia.fi\/parasta_osaamista\/wp-content\/uploads\/sites\/20\/2019\/08\/Muistilista_opiskelijalle_NETTI.pdf\" target=\"_blank\" rel=\"noopener noreferrer\">Muistilista opiskelijalle<\/a>\n<ul>\n<li><a href=\"https:\/\/blogit.gradia.fi\/parasta_osaamista\/wp-content\/uploads\/sites\/20\/2019\/12\/Muistilista_opiskelijalle_PAINO.pdf\">Painoversio<\/a><\/li>\n<li><a href=\"https:\/\/jaofi.sharepoint.com\/:u:\/s\/3\/Parasta_osaamista\/ETvpMMltiwZNqaqr9HshEnkBT20A8kin143iy9qRAD0sWw?e=mFddXW\">InDesign-versio<\/a><\/li>\n<\/ul>\n<\/li>\n<\/ul>\n<p><img loading=\"lazy\" decoding=\"async\" class=\"size-thumbnail wp-image-2918 alignleft\" src=\"https:\/\/blogit.gradia.fi\/parasta_osaamista\/wp-content\/uploads\/sites\/20\/2019\/08\/Muistilista_opiskelijalle_NETTI_Page_1-150x150.jpg\" alt=\"\" width=\"150\" height=\"150\" srcset=\"https:\/\/blogit.gradia.fi\/parasta_osaamista\/wp-content\/uploads\/sites\/20\/2019\/08\/Muistilista_opiskelijalle_NETTI_Page_1-150x150.jpg 150w, https:\/\/blogit.gradia.fi\/parasta_osaamista\/wp-content\/uploads\/sites\/20\/2019\/08\/Muistilista_opiskelijalle_NETTI_Page_1-160x160.jpg 160w, https:\/\/blogit.gradia.fi\/parasta_osaamista\/wp-content\/uploads\/sites\/20\/2019\/08\/Muistilista_opiskelijalle_NETTI_Page_1-320x320.jpg 320w\" sizes=\"auto, (max-width: 150px) 100vw, 150px\" \/><img loading=\"lazy\" decoding=\"async\" class=\"size-thumbnail wp-image-2922 alignleft\" src=\"https:\/\/blogit.gradia.fi\/parasta_osaamista\/wp-content\/uploads\/sites\/20\/2019\/08\/Muistilista_ohjaajalle_NETTI_Page_1-150x150.jpg\" alt=\"\" width=\"150\" height=\"150\" srcset=\"https:\/\/blogit.gradia.fi\/parasta_osaamista\/wp-content\/uploads\/sites\/20\/2019\/08\/Muistilista_ohjaajalle_NETTI_Page_1-150x150.jpg 150w, https:\/\/blogit.gradia.fi\/parasta_osaamista\/wp-content\/uploads\/sites\/20\/2019\/08\/Muistilista_ohjaajalle_NETTI_Page_1-160x160.jpg 160w, https:\/\/blogit.gradia.fi\/parasta_osaamista\/wp-content\/uploads\/sites\/20\/2019\/08\/Muistilista_ohjaajalle_NETTI_Page_1-320x320.jpg 320w\" sizes=\"auto, (max-width: 150px) 100vw, 150px\" \/><img loading=\"lazy\" decoding=\"async\" class=\"size-thumbnail wp-image-2923 alignleft\" src=\"https:\/\/blogit.gradia.fi\/parasta_osaamista\/wp-content\/uploads\/sites\/20\/2019\/08\/Muistilista_opettajille_NETTI_Page_1-150x150.jpg\" alt=\"\" width=\"150\" height=\"150\" srcset=\"https:\/\/blogit.gradia.fi\/parasta_osaamista\/wp-content\/uploads\/sites\/20\/2019\/08\/Muistilista_opettajille_NETTI_Page_1-150x150.jpg 150w, https:\/\/blogit.gradia.fi\/parasta_osaamista\/wp-content\/uploads\/sites\/20\/2019\/08\/Muistilista_opettajille_NETTI_Page_1-160x160.jpg 160w, https:\/\/blogit.gradia.fi\/parasta_osaamista\/wp-content\/uploads\/sites\/20\/2019\/08\/Muistilista_opettajille_NETTI_Page_1-320x320.jpg 320w\" sizes=\"auto, (max-width: 150px) 100vw, 150px\" \/><\/p>\n<p>\u00a0<\/p>\n<p>Materiaalit l\u00f6ytyv\u00e4t my\u00f6s <a href=\"https:\/\/ohjaan.fi\/\" target=\"_blank\" rel=\"noopener noreferrer\">Ohjaan.fi<\/a> sivustolta<\/p>\n\n\n<p><\/p>\n\n\n\n<p><\/p>\n","protected":false},"excerpt":{"rendered":"<p>Millaisia valmisteluja tarvitaan, kun opiskelija\u00a0aloittaa\u00a0oppimisen ty\u00f6paikalla? Kuka toimii ty\u00f6paikkaohjaajana ja miten ty\u00f6paikkaohjaus toteutetaan? Mitk\u00e4 ty\u00f6teht\u00e4v\u00e4t tukevat opiskelijan osaamistavoitteita ja urasuunnittelua? Mit\u00e4 palautteen antaminen ja saaminen sek\u00e4 opintojen seuranta\u00a0tarkoittavat? N\u00e4it\u00e4 ja monia muita kysymyksi\u00e4 her\u00e4\u00e4,&#46;&#46;&#46;<\/p>\n","protected":false},"author":178,"featured_media":0,"parent":0,"menu_order":0,"comment_status":"closed","ping_status":"closed","template":"","meta":{"_uag_custom_page_level_css":"","footnotes":""},"class_list":["post-1070","page","type-page","status-publish","hentry"],"yoast_head":"<!-- This site is optimized with the Yoast SEO plugin v27.4 - https:\/\/yoast.com\/product\/yoast-seo-wordpress\/ -->\n<title>Ty\u00f6el\u00e4m\u00e4ss\u00e4 oppimisen muistilistat - Parasta osaamista<\/title>\n<meta name=\"robots\" content=\"index, follow, max-snippet:-1, max-image-preview:large, max-video-preview:-1\" \/>\n<link rel=\"canonical\" href=\"https:\/\/blogit.gradia.fi\/parasta_osaamista\/tyoelamassa-oppimisen-muistilistat\/\" \/>\n<meta property=\"og:locale\" content=\"fi_FI\" \/>\n<meta property=\"og:type\" content=\"article\" \/>\n<meta property=\"og:title\" content=\"Ty\u00f6el\u00e4m\u00e4ss\u00e4 oppimisen muistilistat - Parasta osaamista\" \/>\n<meta property=\"og:description\" content=\"Millaisia valmisteluja tarvitaan, kun opiskelija\u00a0aloittaa\u00a0oppimisen ty\u00f6paikalla? Kuka toimii ty\u00f6paikkaohjaajana ja miten ty\u00f6paikkaohjaus toteutetaan? Mitk\u00e4 ty\u00f6teht\u00e4v\u00e4t tukevat opiskelijan osaamistavoitteita ja urasuunnittelua? Mit\u00e4 palautteen antaminen ja saaminen sek\u00e4 opintojen seuranta\u00a0tarkoittavat? N\u00e4it\u00e4 ja monia muita kysymyksi\u00e4 her\u00e4\u00e4,&#046;&#046;&#046;\" \/>\n<meta property=\"og:url\" content=\"https:\/\/blogit.gradia.fi\/parasta_osaamista\/tyoelamassa-oppimisen-muistilistat\/\" \/>\n<meta property=\"og:site_name\" content=\"Parasta osaamista\" \/>\n<meta property=\"article:publisher\" content=\"https:\/\/www.facebook.com\/POsaamista\/\" \/>\n<meta property=\"article:modified_time\" content=\"2020-04-15T13:09:34+00:00\" \/>\n<meta property=\"og:image\" content=\"https:\/\/blogit.gradia.fi\/parasta_osaamista\/wp-content\/uploads\/sites\/20\/2019\/08\/Muistilista_opiskelijalle_NETTI_Page_1-150x150.jpg\" \/>\n<meta name=\"twitter:card\" content=\"summary_large_image\" \/>\n<meta name=\"twitter:site\" content=\"@Posaaja_\" \/>\n<meta name=\"twitter:label1\" content=\"Arvioitu lukuaika\" \/>\n\t<meta name=\"twitter:data1\" content=\"1 minuutti\" \/>\n<script type=\"application\/ld+json\" class=\"yoast-schema-graph\">{\"@context\":\"https:\\\/\\\/schema.org\",\"@graph\":[{\"@type\":\"WebPage\",\"@id\":\"https:\\\/\\\/blogit.gradia.fi\\\/parasta_osaamista\\\/tyoelamassa-oppimisen-muistilistat\\\/\",\"url\":\"https:\\\/\\\/blogit.gradia.fi\\\/parasta_osaamista\\\/tyoelamassa-oppimisen-muistilistat\\\/\",\"name\":\"Ty\u00f6el\u00e4m\u00e4ss\u00e4 oppimisen muistilistat - Parasta osaamista\",\"isPartOf\":{\"@id\":\"https:\\\/\\\/blogit.gradia.fi\\\/parasta_osaamista\\\/#website\"},\"primaryImageOfPage\":{\"@id\":\"https:\\\/\\\/blogit.gradia.fi\\\/parasta_osaamista\\\/tyoelamassa-oppimisen-muistilistat\\\/#primaryimage\"},\"image\":{\"@id\":\"https:\\\/\\\/blogit.gradia.fi\\\/parasta_osaamista\\\/tyoelamassa-oppimisen-muistilistat\\\/#primaryimage\"},\"thumbnailUrl\":\"https:\\\/\\\/blogit.gradia.fi\\\/parasta_osaamista\\\/wp-content\\\/uploads\\\/sites\\\/20\\\/2019\\\/08\\\/Muistilista_opiskelijalle_NETTI_Page_1-150x150.jpg\",\"datePublished\":\"2018-11-08T12:13:42+00:00\",\"dateModified\":\"2020-04-15T13:09:34+00:00\",\"inLanguage\":\"fi\",\"potentialAction\":[{\"@type\":\"ReadAction\",\"target\":[\"https:\\\/\\\/blogit.gradia.fi\\\/parasta_osaamista\\\/tyoelamassa-oppimisen-muistilistat\\\/\"]}]},{\"@type\":\"ImageObject\",\"inLanguage\":\"fi\",\"@id\":\"https:\\\/\\\/blogit.gradia.fi\\\/parasta_osaamista\\\/tyoelamassa-oppimisen-muistilistat\\\/#primaryimage\",\"url\":\"https:\\\/\\\/blogit.gradia.fi\\\/parasta_osaamista\\\/wp-content\\\/uploads\\\/sites\\\/20\\\/2019\\\/08\\\/Muistilista_opiskelijalle_NETTI_Page_1.jpg\",\"contentUrl\":\"https:\\\/\\\/blogit.gradia.fi\\\/parasta_osaamista\\\/wp-content\\\/uploads\\\/sites\\\/20\\\/2019\\\/08\\\/Muistilista_opiskelijalle_NETTI_Page_1.jpg\",\"width\":1654,\"height\":2339},{\"@type\":\"WebSite\",\"@id\":\"https:\\\/\\\/blogit.gradia.fi\\\/parasta_osaamista\\\/#website\",\"url\":\"https:\\\/\\\/blogit.gradia.fi\\\/parasta_osaamista\\\/\",\"name\":\"Parasta osaamista\",\"description\":\"Parasta osaamista -verkostohanke\",\"publisher\":{\"@id\":\"https:\\\/\\\/blogit.gradia.fi\\\/parasta_osaamista\\\/#organization\"},\"potentialAction\":[{\"@type\":\"SearchAction\",\"target\":{\"@type\":\"EntryPoint\",\"urlTemplate\":\"https:\\\/\\\/blogit.gradia.fi\\\/parasta_osaamista\\\/?s={search_term_string}\"},\"query-input\":{\"@type\":\"PropertyValueSpecification\",\"valueRequired\":true,\"valueName\":\"search_term_string\"}}],\"inLanguage\":\"fi\"},{\"@type\":\"Organization\",\"@id\":\"https:\\\/\\\/blogit.gradia.fi\\\/parasta_osaamista\\\/#organization\",\"name\":\"Parasta osaamista -verkostohanke\",\"url\":\"https:\\\/\\\/blogit.gradia.fi\\\/parasta_osaamista\\\/\",\"logo\":{\"@type\":\"ImageObject\",\"inLanguage\":\"fi\",\"@id\":\"https:\\\/\\\/blogit.gradia.fi\\\/parasta_osaamista\\\/#\\\/schema\\\/logo\\\/image\\\/\",\"url\":\"https:\\\/\\\/blogit.gradia.fi\\\/parasta_osaamista\\\/wp-content\\\/uploads\\\/sites\\\/20\\\/2018\\\/02\\\/parasta_osaamista_logo.jpg\",\"contentUrl\":\"https:\\\/\\\/blogit.gradia.fi\\\/parasta_osaamista\\\/wp-content\\\/uploads\\\/sites\\\/20\\\/2018\\\/02\\\/parasta_osaamista_logo.jpg\",\"width\":344,\"height\":334,\"caption\":\"Parasta osaamista -verkostohanke\"},\"image\":{\"@id\":\"https:\\\/\\\/blogit.gradia.fi\\\/parasta_osaamista\\\/#\\\/schema\\\/logo\\\/image\\\/\"},\"sameAs\":[\"https:\\\/\\\/www.facebook.com\\\/POsaamista\\\/\",\"https:\\\/\\\/x.com\\\/Posaaja_\",\"https:\\\/\\\/www.instagram.com\\\/parastaosaamista\\\/\",\"https:\\\/\\\/www.youtube.com\\\/channel\\\/UC7hv9jw0R6lS_Fmz5L9TUPw\"]}]}<\/script>\n<!-- \/ Yoast SEO plugin. -->","yoast_head_json":{"title":"Ty\u00f6el\u00e4m\u00e4ss\u00e4 oppimisen muistilistat - Parasta osaamista","robots":{"index":"index","follow":"follow","max-snippet":"max-snippet:-1","max-image-preview":"max-image-preview:large","max-video-preview":"max-video-preview:-1"},"canonical":"https:\/\/blogit.gradia.fi\/parasta_osaamista\/tyoelamassa-oppimisen-muistilistat\/","og_locale":"fi_FI","og_type":"article","og_title":"Ty\u00f6el\u00e4m\u00e4ss\u00e4 oppimisen muistilistat - Parasta osaamista","og_description":"Millaisia valmisteluja tarvitaan, kun opiskelija\u00a0aloittaa\u00a0oppimisen ty\u00f6paikalla? Kuka toimii ty\u00f6paikkaohjaajana ja miten ty\u00f6paikkaohjaus toteutetaan? Mitk\u00e4 ty\u00f6teht\u00e4v\u00e4t tukevat opiskelijan osaamistavoitteita ja urasuunnittelua? Mit\u00e4 palautteen antaminen ja saaminen sek\u00e4 opintojen seuranta\u00a0tarkoittavat? N\u00e4it\u00e4 ja monia muita kysymyksi\u00e4 her\u00e4\u00e4,&#46;&#46;&#46;","og_url":"https:\/\/blogit.gradia.fi\/parasta_osaamista\/tyoelamassa-oppimisen-muistilistat\/","og_site_name":"Parasta osaamista","article_publisher":"https:\/\/www.facebook.com\/POsaamista\/","article_modified_time":"2020-04-15T13:09:34+00:00","og_image":[{"url":"https:\/\/blogit.gradia.fi\/parasta_osaamista\/wp-content\/uploads\/sites\/20\/2019\/08\/Muistilista_opiskelijalle_NETTI_Page_1-150x150.jpg","type":"","width":"","height":""}],"twitter_card":"summary_large_image","twitter_site":"@Posaaja_","twitter_misc":{"Arvioitu lukuaika":"1 minuutti"},"schema":{"@context":"https:\/\/schema.org","@graph":[{"@type":"WebPage","@id":"https:\/\/blogit.gradia.fi\/parasta_osaamista\/tyoelamassa-oppimisen-muistilistat\/","url":"https:\/\/blogit.gradia.fi\/parasta_osaamista\/tyoelamassa-oppimisen-muistilistat\/","name":"Ty\u00f6el\u00e4m\u00e4ss\u00e4 oppimisen muistilistat - Parasta osaamista","isPartOf":{"@id":"https:\/\/blogit.gradia.fi\/parasta_osaamista\/#website"},"primaryImageOfPage":{"@id":"https:\/\/blogit.gradia.fi\/parasta_osaamista\/tyoelamassa-oppimisen-muistilistat\/#primaryimage"},"image":{"@id":"https:\/\/blogit.gradia.fi\/parasta_osaamista\/tyoelamassa-oppimisen-muistilistat\/#primaryimage"},"thumbnailUrl":"https:\/\/blogit.gradia.fi\/parasta_osaamista\/wp-content\/uploads\/sites\/20\/2019\/08\/Muistilista_opiskelijalle_NETTI_Page_1-150x150.jpg","datePublished":"2018-11-08T12:13:42+00:00","dateModified":"2020-04-15T13:09:34+00:00","inLanguage":"fi","potentialAction":[{"@type":"ReadAction","target":["https:\/\/blogit.gradia.fi\/parasta_osaamista\/tyoelamassa-oppimisen-muistilistat\/"]}]},{"@type":"ImageObject","inLanguage":"fi","@id":"https:\/\/blogit.gradia.fi\/parasta_osaamista\/tyoelamassa-oppimisen-muistilistat\/#primaryimage","url":"https:\/\/blogit.gradia.fi\/parasta_osaamista\/wp-content\/uploads\/sites\/20\/2019\/08\/Muistilista_opiskelijalle_NETTI_Page_1.jpg","contentUrl":"https:\/\/blogit.gradia.fi\/parasta_osaamista\/wp-content\/uploads\/sites\/20\/2019\/08\/Muistilista_opiskelijalle_NETTI_Page_1.jpg","width":1654,"height":2339},{"@type":"WebSite","@id":"https:\/\/blogit.gradia.fi\/parasta_osaamista\/#website","url":"https:\/\/blogit.gradia.fi\/parasta_osaamista\/","name":"Parasta osaamista","description":"Parasta osaamista -verkostohanke","publisher":{"@id":"https:\/\/blogit.gradia.fi\/parasta_osaamista\/#organization"},"potentialAction":[{"@type":"SearchAction","target":{"@type":"EntryPoint","urlTemplate":"https:\/\/blogit.gradia.fi\/parasta_osaamista\/?s={search_term_string}"},"query-input":{"@type":"PropertyValueSpecification","valueRequired":true,"valueName":"search_term_string"}}],"inLanguage":"fi"},{"@type":"Organization","@id":"https:\/\/blogit.gradia.fi\/parasta_osaamista\/#organization","name":"Parasta osaamista -verkostohanke","url":"https:\/\/blogit.gradia.fi\/parasta_osaamista\/","logo":{"@type":"ImageObject","inLanguage":"fi","@id":"https:\/\/blogit.gradia.fi\/parasta_osaamista\/#\/schema\/logo\/image\/","url":"https:\/\/blogit.gradia.fi\/parasta_osaamista\/wp-content\/uploads\/sites\/20\/2018\/02\/parasta_osaamista_logo.jpg","contentUrl":"https:\/\/blogit.gradia.fi\/parasta_osaamista\/wp-content\/uploads\/sites\/20\/2018\/02\/parasta_osaamista_logo.jpg","width":344,"height":334,"caption":"Parasta osaamista -verkostohanke"},"image":{"@id":"https:\/\/blogit.gradia.fi\/parasta_osaamista\/#\/schema\/logo\/image\/"},"sameAs":["https:\/\/www.facebook.com\/POsaamista\/","https:\/\/x.com\/Posaaja_","https:\/\/www.instagram.com\/parastaosaamista\/","https:\/\/www.youtube.com\/channel\/UC7hv9jw0R6lS_Fmz5L9TUPw"]}]}},"uagb_featured_image_src":{"full":false,"thumbnail":false,"medium":false,"medium_large":false,"large":false,"1536x1536":false,"2048x2048":false,"thumb-small":false,"thumb-standard":false,"thumb-medium":false,"thumb-large":false,"thumb-xlarge":false,"thumb-xxlarge":false},"uagb_author_info":{"display_name":"Sami Ahonen","author_link":"https:\/\/blogit.gradia.fi\/parasta_osaamista\/author\/ahonesam\/"},"uagb_comment_info":0,"uagb_excerpt":"Millaisia valmisteluja tarvitaan, kun opiskelija\u00a0aloittaa\u00a0oppimisen ty\u00f6paikalla? Kuka toimii ty\u00f6paikkaohjaajana ja miten ty\u00f6paikkaohjaus toteutetaan? Mitk\u00e4 ty\u00f6teht\u00e4v\u00e4t tukevat opiskelijan osaamistavoitteita ja urasuunnittelua? Mit\u00e4 palautteen antaminen ja saaminen sek\u00e4 opintojen seuranta\u00a0tarkoittavat? N\u00e4it\u00e4 ja monia muita kysymyksi\u00e4 her\u00e4\u00e4,&#46;&#46;&#46;","_links":{"self":[{"href":"https:\/\/blogit.gradia.fi\/parasta_osaamista\/wp-json\/wp\/v2\/pages\/1070","targetHints":{"allow":["GET"]}}],"collection":[{"href":"https:\/\/blogit.gradia.fi\/parasta_osaamista\/wp-json\/wp\/v2\/pages"}],"about":[{"href":"https:\/\/blogit.gradia.fi\/parasta_osaamista\/wp-json\/wp\/v2\/types\/page"}],"author":[{"embeddable":true,"href":"https:\/\/blogit.gradia.fi\/parasta_osaamista\/wp-json\/wp\/v2\/users\/178"}],"replies":[{"embeddable":true,"href":"https:\/\/blogit.gradia.fi\/parasta_osaamista\/wp-json\/wp\/v2\/comments?post=1070"}],"version-history":[{"count":13,"href":"https:\/\/blogit.gradia.fi\/parasta_osaamista\/wp-json\/wp\/v2\/pages\/1070\/revisions"}],"predecessor-version":[{"id":3602,"href":"https:\/\/blogit.gradia.fi\/parasta_osaamista\/wp-json\/wp\/v2\/pages\/1070\/revisions\/3602"}],"wp:attachment":[{"href":"https:\/\/blogit.gradia.fi\/parasta_osaamista\/wp-json\/wp\/v2\/media?parent=1070"}],"curies":[{"name":"wp","href":"https:\/\/api.w.org\/{rel}","templated":true}]}}