{"id":72,"date":"2019-04-22T17:19:45","date_gmt":"2019-04-22T14:19:45","guid":{"rendered":"https:\/\/blogit.gradia.fi\/ostu\/?page_id=72"},"modified":"2021-03-24T18:22:18","modified_gmt":"2021-03-24T16:22:18","slug":"korko","status":"publish","type":"page","link":"https:\/\/blogit.gradia.fi\/ostu\/korko\/","title":{"rendered":"3 Prosentit"},"content":{"rendered":"<h3>3.1 Prosenttilaskennan perusteet<\/h3>\n<p>Tarkastellaan prosentin m\u00e4\u00e4ritelm\u00e4\u00e4 ja prosenttilaskennan kolmea perustyyppi\u00e4.<\/p>\n<h6>3.1.1 Prosentin m\u00e4\u00e4ritelm\u00e4<\/h6>\n<p>Prosentti tarkoittaa <i>sadasosaa<\/i>, joka ilmaistaan seuraavasti:<\/p>\n<p class=\"ql-center-displayed-equation\" style=\"line-height: 42px;\"><span class=\"ql-right-eqno\"> &nbsp; <\/span><span class=\"ql-left-eqno\"> &nbsp; <\/span><img loading=\"lazy\" decoding=\"async\" src=\"https:\/\/blogit.gradia.fi\/ostu\/wp-content\/ql-cache\/quicklatex.com-b191d1f761cd9a22f786a9c50573b636_l3.png\" height=\"42\" width=\"124\" class=\"ql-img-displayed-equation quicklatex-auto-format\" alt=\"&#92;&#91; &#92;&#98;&#111;&#120;&#101;&#100;&#123; &#49;&#92;&#32;&#92;&#37;&#61;&#92;&#100;&#102;&#114;&#97;&#99;&#123;&#49;&#125;&#123;&#49;&#48;&#48;&#125;&#61;&#48;&#123;&#44;&#125;&#48;&#49; &#125; &#92;&#93;\" title=\"Rendered by QuickLaTeX.com\"\/><\/p>\n<p>Siten<\/p>\n<p class=\"ql-center-displayed-equation\" style=\"line-height: 33px;\"><span class=\"ql-right-eqno\"> &nbsp; <\/span><span class=\"ql-left-eqno\"> &nbsp; <\/span><img loading=\"lazy\" decoding=\"async\" src=\"https:\/\/blogit.gradia.fi\/ostu\/wp-content\/ql-cache\/quicklatex.com-70471b7438cae6132aa722e9ba84b624_l3.png\" height=\"33\" width=\"120\" class=\"ql-img-displayed-equation quicklatex-auto-format\" alt=\"&#92;&#91; &#49;&#53;&#92;&#32;&#92;&#37;&#61;&#92;&#102;&#114;&#97;&#99;&#123;&#49;&#53;&#125;&#123;&#49;&#48;&#48;&#125;&#61;&#48;&#123;&#44;&#125;&#49;&#53; &#92;&#93;\" title=\"Rendered by QuickLaTeX.com\"\/><\/p>\n<p class=\"ql-center-displayed-equation\" style=\"line-height: 33px;\"><span class=\"ql-right-eqno\"> &nbsp; <\/span><span class=\"ql-left-eqno\"> &nbsp; <\/span><img loading=\"lazy\" decoding=\"async\" src=\"https:\/\/blogit.gradia.fi\/ostu\/wp-content\/ql-cache\/quicklatex.com-23c586c2293f7c31377a10a7fc464d26_l3.png\" height=\"33\" width=\"118\" class=\"ql-img-displayed-equation quicklatex-auto-format\" alt=\"&#92;&#91; &#51;&#49;&#48;&#92;&#32;&#92;&#37;&#61;&#92;&#102;&#114;&#97;&#99;&#123;&#51;&#49;&#48;&#125;&#123;&#49;&#48;&#48;&#125;&#61;&#51;&#123;&#44;&#125;&#49; &#92;&#93;\" title=\"Rendered by QuickLaTeX.com\"\/><\/p>\n<p class=\"ql-center-displayed-equation\" style=\"line-height: 34px;\"><span class=\"ql-right-eqno\"> &nbsp; <\/span><span class=\"ql-left-eqno\"> &nbsp; <\/span><img loading=\"lazy\" decoding=\"async\" src=\"https:\/\/blogit.gradia.fi\/ostu\/wp-content\/ql-cache\/quicklatex.com-b5e5c9500cc0c705116ecd5cfffb68a3_l3.png\" height=\"34\" width=\"133\" class=\"ql-img-displayed-equation quicklatex-auto-format\" alt=\"&#92;&#91; &#54;&#123;&#44;&#125;&#50;&#92;&#32;&#92;&#37;&#61;&#92;&#102;&#114;&#97;&#99;&#123;&#54;&#123;&#44;&#125;&#50;&#125;&#123;&#49;&#48;&#48;&#125;&#61;&#48;&#123;&#44;&#125;&#48;&#54;&#50; &#92;&#93;\" title=\"Rendered by QuickLaTeX.com\"\/><\/p>\n<p class=\"ql-center-displayed-equation\" style=\"line-height: 33px;\"><span class=\"ql-right-eqno\"> &nbsp; <\/span><span class=\"ql-left-eqno\"> &nbsp; <\/span><img loading=\"lazy\" decoding=\"async\" src=\"https:\/\/blogit.gradia.fi\/ostu\/wp-content\/ql-cache\/quicklatex.com-95b8f96ddf2454fa8664ce7a8597660f_l3.png\" height=\"33\" width=\"153\" class=\"ql-img-displayed-equation quicklatex-auto-format\" alt=\"&#92;&#91; &#48;&#123;&#44;&#125;&#55;&#52;&#92;&#32;&#92;&#37;&#61;&#92;&#102;&#114;&#97;&#99;&#123;&#48;&#123;&#44;&#125;&#55;&#52;&#125;&#123;&#49;&#48;&#48;&#125;&#61;&#48;&#123;&#44;&#125;&#48;&#48;&#55;&#52; &#92;&#93;\" title=\"Rendered by QuickLaTeX.com\"\/><\/p>\n<h6>3.1.2 Prosenttiluvun m\u00e4\u00e4ritt\u00e4minen<\/h6>\n<p id=\"oma\">Prosenttiluvun m\u00e4\u00e4ritt\u00e4misess\u00e4 selvitet\u00e4\u00e4n, kuinka monta prosenttia luku on toisesta luvusta.<\/p>\n<p id=\"oma3\"><b>Esimerkki 1<\/b>. Kuinka monta prosenttia luku 20 on luvusta 50?<\/p>\n<p><b>Ratkaisu<\/b><br \/>\nVerrataan lukua 20 lukuun 50 ja muutetaan suhde prosenteiksi.<\/p>\n<p class=\"ql-center-displayed-equation\" style=\"line-height: 33px;\"><span class=\"ql-right-eqno\"> &nbsp; <\/span><span class=\"ql-left-eqno\"> &nbsp; <\/span><img loading=\"lazy\" decoding=\"async\" src=\"https:\/\/blogit.gradia.fi\/ostu\/wp-content\/ql-cache\/quicklatex.com-6d6bb43e317dde0472c05351f48863a8_l3.png\" height=\"33\" width=\"104\" class=\"ql-img-displayed-equation quicklatex-auto-format\" alt=\"&#92;&#91; &#92;&#102;&#114;&#97;&#99;&#123;&#50;&#48;&#125;&#123;&#53;&#48;&#125;&#61;&#48;&#123;&#44;&#125;&#52;&#61;&#52;&#48;&#92;&#32;&#92;&#37; &#92;&#93;\" title=\"Rendered by QuickLaTeX.com\"\/><\/p>\n<p><b>Vastaus<\/b>: 40 %<\/p>\n<h6>3.1.3 Prosenttiarvon m\u00e4\u00e4ritt\u00e4minen<\/h6>\n<p id=\"oma\">Prosenttiarvon m\u00e4\u00e4ritt\u00e4misess\u00e4 selvitet\u00e4\u00e4n, kuinka paljon tietty prosenttiluku on jostakin m\u00e4\u00e4r\u00e4st\u00e4.<\/p>\n<p id=\"oma3\"><b>Esimerkki 2<\/b>. Kuinka monta euroa 25 % on 500 eurosta?<\/p>\n<p><b>Ratkaisu<\/b><br \/>\nKoska<\/p>\n<p class=\"ql-center-displayed-equation\" style=\"line-height: 33px;\"><span class=\"ql-right-eqno\"> &nbsp; <\/span><span class=\"ql-left-eqno\"> &nbsp; <\/span><img loading=\"lazy\" decoding=\"async\" src=\"https:\/\/blogit.gradia.fi\/ostu\/wp-content\/ql-cache\/quicklatex.com-f5c4bf9409aaf712e70792aee2d8d3e6_l3.png\" height=\"33\" width=\"121\" class=\"ql-img-displayed-equation quicklatex-auto-format\" alt=\"&#92;&#91;&#50;&#53;&#92;&#32;&#92;&#37;&#32;&#61;&#92;&#100;&#102;&#114;&#97;&#99;&#123;&#50;&#53;&#125;&#123;&#49;&#48;&#48;&#125;&#61;&#48;&#123;&#44;&#125;&#50;&#53; &#92;&#93;\" title=\"Rendered by QuickLaTeX.com\"\/><\/p>\n<p>niin 25 % 500 eurosta on<\/p>\n<p class=\"ql-center-displayed-equation\" style=\"line-height: 14px;\"><span class=\"ql-right-eqno\"> &nbsp; <\/span><span class=\"ql-left-eqno\"> &nbsp; <\/span><img loading=\"lazy\" decoding=\"async\" src=\"https:\/\/blogit.gradia.fi\/ostu\/wp-content\/ql-cache\/quicklatex.com-384cbcb39d8d1e3098469a61ddf9cb2a_l3.png\" height=\"14\" width=\"132\" class=\"ql-img-displayed-equation quicklatex-auto-format\" alt=\"&#92;&#91; &#48;&#123;&#44;&#125;&#50;&#53;&#92;&#99;&#100;&#111;&#116;&#32;&#53;&#48;&#48;&#92;&#32;&#92;&#69;&#85;&#82;&#61;&#49;&#50;&#53;&#92;&#32;&#92;&#69;&#85;&#82; &#92;&#93;\" title=\"Rendered by QuickLaTeX.com\"\/><\/p>\n<p><b>Vastaus<\/b>: 125 \u20ac<\/p>\n<h6>3.1.4 Perusarvon m\u00e4\u00e4ritt\u00e4minen<\/h6>\n<p id=\"oma\">Perusarvon m\u00e4\u00e4ritt\u00e4misess\u00e4 selvitet\u00e4\u00e4n, mist\u00e4 alkuper\u00e4isest\u00e4 m\u00e4\u00e4r\u00e4st\u00e4 jokin m\u00e4\u00e4r\u00e4 on prosentteina tietyn verran.<\/p>\n<p id=\"oma3\"><b>Esimerkki 3<\/b>. Mist\u00e4 m\u00e4\u00e4r\u00e4st\u00e4 40 % on 5 \u20ac?<\/p>\n<p><b>Ratkaisu<\/b><br \/>\nMerkit\u00e4\u00e4n perusarvoa <img loading=\"lazy\" decoding=\"async\" src=\"https:\/\/blogit.gradia.fi\/ostu\/wp-content\/ql-cache\/quicklatex.com-379834c2dbc67a7ddccf9dca5e95933d_l3.png\" class=\"ql-img-inline-formula quicklatex-auto-format\" alt=\"&#120;\" title=\"Rendered by QuickLaTeX.com\" height=\"7\" width=\"9\" style=\"vertical-align: 0px;\"\/>:ll\u00e4. Muodostetaan yht\u00e4l\u00f6 ja ratkaistaan tuntematon <img loading=\"lazy\" decoding=\"async\" src=\"https:\/\/blogit.gradia.fi\/ostu\/wp-content\/ql-cache\/quicklatex.com-379834c2dbc67a7ddccf9dca5e95933d_l3.png\" class=\"ql-img-inline-formula quicklatex-auto-format\" alt=\"&#120;\" title=\"Rendered by QuickLaTeX.com\" height=\"7\" width=\"9\" style=\"vertical-align: 0px;\"\/>:<\/p>\n<p class=\"ql-center-displayed-equation\" style=\"line-height: 79px;\"><span class=\"ql-right-eqno\"> &nbsp; <\/span><span class=\"ql-left-eqno\"> &nbsp; <\/span><img loading=\"lazy\" decoding=\"async\" src=\"https:\/\/blogit.gradia.fi\/ostu\/wp-content\/ql-cache\/quicklatex.com-f5cf05639314d2c31b4615d97e3c053b_l3.png\" height=\"79\" width=\"128\" class=\"ql-img-displayed-equation quicklatex-auto-format\" alt=\"&#92;&#98;&#101;&#103;&#105;&#110;&#123;&#97;&#108;&#105;&#103;&#110;&#42;&#125; &#48;&#123;&#44;&#125;&#52;&#48;&#92;&#99;&#100;&#111;&#116;&#32;&#120;&#38;&#61;&#53;&#92;&#32;&#92;&#112;&#97;&#114;&#97;&#108;&#108;&#101;&#108;&#92;&#32;&#58;&#48;&#123;&#44;&#125;&#52;&#48;&#32;&#92;&#92; &#120;&#38;&#61;&#92;&#102;&#114;&#97;&#99;&#123;&#53;&#125;&#123;&#48;&#123;&#44;&#125;&#52;&#48;&#125;&#32;&#92;&#92; &#120;&#38;&#61;&#49;&#50;&#123;&#44;&#125;&#53; &#92;&#101;&#110;&#100;&#123;&#97;&#108;&#105;&#103;&#110;&#42;&#125;\" title=\"Rendered by QuickLaTeX.com\"\/><\/p>\n<p><b>Vastaus<\/b>: 12,5 \u20ac<\/p>\n<h3>3.2 Muita t\u00e4rkeit\u00e4 prosenttilaskennan tyyppej\u00e4<\/h3>\n<p>Kaikki muut prosenttilaskennan tilanteet palautuvat (tavalla tai toisella) edell\u00e4 olleisiin kolmeen perustyyppiin.<\/p>\n<h6>3.2.1 Vertailuprosentti<\/h6>\n<p id=\"oma\">Vertailuprosenttissa selvitet\u00e4\u00e4n, kuinka monta prosenttia jokin luku (tai m\u00e4\u00e4r\u00e4) on suurempi kuin toinen luku (tai m\u00e4\u00e4r\u00e4).<\/p>\n<p id=\"oma3\"><b>Esimerkki 4<\/b>. Kuinka monta prosenttia luku 30 on suurempi kuin luku 25?<\/p>\n<p><b>Ratkaisu<\/b><br \/>\nV\u00e4hennet\u00e4\u00e4n luvut kesken\u00e4\u00e4n ja jaetaan sill\u00e4 luvulla, johon kuin-sana viittaa.<\/p>\n<p class=\"ql-center-displayed-equation\" style=\"line-height: 33px;\"><span class=\"ql-right-eqno\"> &nbsp; <\/span><span class=\"ql-left-eqno\"> &nbsp; <\/span><img loading=\"lazy\" decoding=\"async\" src=\"https:\/\/blogit.gradia.fi\/ostu\/wp-content\/ql-cache\/quicklatex.com-906fac1c1ac81bbaf4f3af6d9cef4224_l3.png\" height=\"33\" width=\"204\" class=\"ql-img-displayed-equation quicklatex-auto-format\" alt=\"&#92;&#91;&#92;&#100;&#102;&#114;&#97;&#99;&#123;&#51;&#48;&#45;&#50;&#53;&#125;&#123;&#50;&#53;&#125;&#61;&#92;&#100;&#102;&#114;&#97;&#99;&#123;&#53;&#125;&#123;&#50;&#53;&#125;&#61;&#92;&#100;&#102;&#114;&#97;&#99;&#123;&#49;&#125;&#123;&#53;&#125;&#61;&#48;&#123;&#44;&#125;&#50;&#61;&#50;&#48;&#92;&#32;&#92;&#37; &#92;&#93;\" title=\"Rendered by QuickLaTeX.com\"\/><\/p>\n<p><b>Vastaus<\/b>: 20 %<\/p>\n<h6>3.2.2 Muutosprosentti<\/h6>\n<p id=\"oma\">Muutosprosentissa selvitet\u00e4\u00e4n, kuinka monta prosenttia jokin luku (tai m\u00e4\u00e4r\u00e4) suurenee tai pienenee, kun muutosta verrataan alkuper\u00e4iseen lukuun (tai m\u00e4\u00e4r\u00e4\u00e4n).<\/p>\n<p id=\"oma3\"><b>Esimerkki 4<\/b>. Takin alkuper\u00e4inen hinta on 79 \u20ac. Kuinka monta prosenttia hinta alenee, kun alennettu hinta on 59 \u20ac?<\/p>\n<p><b>Ratkaisu<\/b><br \/>\nVerrataan hinnan muutosta alkuper\u00e4iseen hintaan eli v\u00e4hennet\u00e4\u00e4n hinnat toisistaan ja jaetaan alkuper\u00e4isell\u00e4 hinnalla.<\/p>\n<p class=\"ql-center-displayed-equation\" style=\"line-height: 33px;\"><span class=\"ql-right-eqno\"> &nbsp; <\/span><span class=\"ql-left-eqno\"> &nbsp; <\/span><img loading=\"lazy\" decoding=\"async\" src=\"https:\/\/blogit.gradia.fi\/ostu\/wp-content\/ql-cache\/quicklatex.com-f2fb97920de18e4e820df43b0b2de5a3_l3.png\" height=\"33\" width=\"251\" class=\"ql-img-displayed-equation quicklatex-auto-format\" alt=\"&#92;&#91;&#92;&#100;&#102;&#114;&#97;&#99;&#123;&#55;&#57;&#92;&#32;&#92;&#116;&#101;&#120;&#116;&#123;&#101;&#125;&#45;&#53;&#57;&#92;&#32;&#92;&#116;&#101;&#120;&#116;&#123;&#101;&#125;&#125;&#123;&#55;&#57;&#92;&#32;&#92;&#116;&#101;&#120;&#116;&#123;&#101;&#125;&#125;&#61;&#92;&#100;&#102;&#114;&#97;&#99;&#123;&#50;&#48;&#92;&#32;&#92;&#116;&#101;&#120;&#116;&#123;&#101;&#125;&#125;&#123;&#55;&#57;&#92;&#32;&#92;&#116;&#101;&#120;&#116;&#123;&#101;&#125;&#125;&#61;&#48;&#123;&#44;&#125;&#50;&#53;&#51;&#49;&#92;&#108;&#100;&#111;&#116;&#115;&#92;&#97;&#112;&#112;&#114;&#111;&#120;&#123;&#50;&#53;&#92;&#32;&#92;&#37;&#92;&#93;\" title=\"Rendered by QuickLaTeX.com\"\/><\/p>\n<p><strong>Vastaus:<\/strong> Hinta alenee 25 %.<\/p>\n","protected":false},"excerpt":{"rendered":"<p>3.1 Prosenttilaskennan perusteet Tarkastellaan prosentin m\u00e4\u00e4ritelm\u00e4\u00e4 ja prosenttilaskennan kolmea perustyyppi\u00e4. 3.1.1 Prosentin m\u00e4\u00e4ritelm\u00e4 Prosentti tarkoittaa sadasosaa, joka ilmaistaan seuraavasti: &nbsp; &nbsp; Siten &nbsp; &nbsp; &nbsp; &nbsp; &nbsp; &nbsp; &nbsp; &nbsp; 3.1.2 Prosenttiluvun m\u00e4\u00e4ritt\u00e4minen Prosenttiluvun m\u00e4\u00e4ritt\u00e4misess\u00e4 selvitet\u00e4\u00e4n, kuinka monta prosenttia luku on toisesta luvusta. Esimerkki 1. Kuinka monta prosenttia luku 20 on luvusta 50? Ratkaisu Verrataan &hellip; <a href=\"https:\/\/blogit.gradia.fi\/ostu\/korko\/\" class=\"more-link\">Jatka lukemista <span class=\"screen-reader-text\">3 Prosentit<\/span> <span class=\"meta-nav\">&rarr;<\/span><\/a><\/p>\n","protected":false},"author":111,"featured_media":0,"parent":0,"menu_order":0,"comment_status":"closed","ping_status":"closed","template":"","meta":{"_uag_custom_page_level_css":"","footnotes":""},"class_list":["post-72","page","type-page","status-publish","hentry"],"yoast_head":"<!-- This site is optimized with the Yoast SEO plugin v27.4 - https:\/\/yoast.com\/product\/yoast-seo-wordpress\/ -->\n<title>3 Prosentit - Korkolaskentaa<\/title>\n<meta name=\"robots\" content=\"index, follow, max-snippet:-1, max-image-preview:large, max-video-preview:-1\" \/>\n<link rel=\"canonical\" href=\"https:\/\/blogit.gradia.fi\/ostu\/korko\/\" \/>\n<meta property=\"og:locale\" content=\"fi_FI\" \/>\n<meta property=\"og:type\" content=\"article\" \/>\n<meta property=\"og:title\" content=\"3 Prosentit - Korkolaskentaa\" \/>\n<meta property=\"og:description\" content=\"3.1 Prosenttilaskennan perusteet Tarkastellaan prosentin m\u00e4\u00e4ritelm\u00e4\u00e4 ja prosenttilaskennan kolmea perustyyppi\u00e4. 3.1.1 Prosentin m\u00e4\u00e4ritelm\u00e4 Prosentti tarkoittaa sadasosaa, joka ilmaistaan seuraavasti: &nbsp; &nbsp; Siten &nbsp; &nbsp; &nbsp; &nbsp; &nbsp; &nbsp; &nbsp; &nbsp; 3.1.2 Prosenttiluvun m\u00e4\u00e4ritt\u00e4minen Prosenttiluvun m\u00e4\u00e4ritt\u00e4misess\u00e4 selvitet\u00e4\u00e4n, kuinka monta prosenttia luku on toisesta luvusta. Esimerkki 1. Kuinka monta prosenttia luku 20 on luvusta 50? Ratkaisu Verrataan &hellip; Jatka lukemista 3 Prosentit &rarr;\" \/>\n<meta property=\"og:url\" content=\"https:\/\/blogit.gradia.fi\/ostu\/korko\/\" \/>\n<meta property=\"og:site_name\" content=\"Korkolaskentaa\" \/>\n<meta property=\"article:modified_time\" content=\"2021-03-24T16:22:18+00:00\" \/>\n<meta name=\"twitter:card\" content=\"summary_large_image\" \/>\n<meta name=\"twitter:label1\" content=\"Arvioitu lukuaika\" \/>\n\t<meta name=\"twitter:data1\" content=\"2 minuuttia\" \/>\n<script type=\"application\/ld+json\" class=\"yoast-schema-graph\">{\"@context\":\"https:\\\/\\\/schema.org\",\"@graph\":[{\"@type\":\"WebPage\",\"@id\":\"https:\\\/\\\/blogit.gradia.fi\\\/ostu\\\/korko\\\/\",\"url\":\"https:\\\/\\\/blogit.gradia.fi\\\/ostu\\\/korko\\\/\",\"name\":\"3 Prosentit - Korkolaskentaa\",\"isPartOf\":{\"@id\":\"https:\\\/\\\/blogit.gradia.fi\\\/ostu\\\/#website\"},\"datePublished\":\"2019-04-22T14:19:45+00:00\",\"dateModified\":\"2021-03-24T16:22:18+00:00\",\"breadcrumb\":{\"@id\":\"https:\\\/\\\/blogit.gradia.fi\\\/ostu\\\/korko\\\/#breadcrumb\"},\"inLanguage\":\"fi\",\"potentialAction\":[{\"@type\":\"ReadAction\",\"target\":[\"https:\\\/\\\/blogit.gradia.fi\\\/ostu\\\/korko\\\/\"]}]},{\"@type\":\"BreadcrumbList\",\"@id\":\"https:\\\/\\\/blogit.gradia.fi\\\/ostu\\\/korko\\\/#breadcrumb\",\"itemListElement\":[{\"@type\":\"ListItem\",\"position\":1,\"name\":\"Home\",\"item\":\"https:\\\/\\\/blogit.gradia.fi\\\/ostu\\\/\"},{\"@type\":\"ListItem\",\"position\":2,\"name\":\"3 Prosentit\"}]},{\"@type\":\"WebSite\",\"@id\":\"https:\\\/\\\/blogit.gradia.fi\\\/ostu\\\/#website\",\"url\":\"https:\\\/\\\/blogit.gradia.fi\\\/ostu\\\/\",\"name\":\"Korkolaskentaa\",\"description\":\"Matematiikka\",\"potentialAction\":[{\"@type\":\"SearchAction\",\"target\":{\"@type\":\"EntryPoint\",\"urlTemplate\":\"https:\\\/\\\/blogit.gradia.fi\\\/ostu\\\/?s={search_term_string}\"},\"query-input\":{\"@type\":\"PropertyValueSpecification\",\"valueRequired\":true,\"valueName\":\"search_term_string\"}}],\"inLanguage\":\"fi\"}]}<\/script>\n<!-- \/ Yoast SEO plugin. -->","yoast_head_json":{"title":"3 Prosentit - Korkolaskentaa","robots":{"index":"index","follow":"follow","max-snippet":"max-snippet:-1","max-image-preview":"max-image-preview:large","max-video-preview":"max-video-preview:-1"},"canonical":"https:\/\/blogit.gradia.fi\/ostu\/korko\/","og_locale":"fi_FI","og_type":"article","og_title":"3 Prosentit - Korkolaskentaa","og_description":"3.1 Prosenttilaskennan perusteet Tarkastellaan prosentin m\u00e4\u00e4ritelm\u00e4\u00e4 ja prosenttilaskennan kolmea perustyyppi\u00e4. 3.1.1 Prosentin m\u00e4\u00e4ritelm\u00e4 Prosentti tarkoittaa sadasosaa, joka ilmaistaan seuraavasti: &nbsp; &nbsp; Siten &nbsp; &nbsp; &nbsp; &nbsp; &nbsp; &nbsp; &nbsp; &nbsp; 3.1.2 Prosenttiluvun m\u00e4\u00e4ritt\u00e4minen Prosenttiluvun m\u00e4\u00e4ritt\u00e4misess\u00e4 selvitet\u00e4\u00e4n, kuinka monta prosenttia luku on toisesta luvusta. Esimerkki 1. Kuinka monta prosenttia luku 20 on luvusta 50? Ratkaisu Verrataan &hellip; Jatka lukemista 3 Prosentit &rarr;","og_url":"https:\/\/blogit.gradia.fi\/ostu\/korko\/","og_site_name":"Korkolaskentaa","article_modified_time":"2021-03-24T16:22:18+00:00","twitter_card":"summary_large_image","twitter_misc":{"Arvioitu lukuaika":"2 minuuttia"},"schema":{"@context":"https:\/\/schema.org","@graph":[{"@type":"WebPage","@id":"https:\/\/blogit.gradia.fi\/ostu\/korko\/","url":"https:\/\/blogit.gradia.fi\/ostu\/korko\/","name":"3 Prosentit - Korkolaskentaa","isPartOf":{"@id":"https:\/\/blogit.gradia.fi\/ostu\/#website"},"datePublished":"2019-04-22T14:19:45+00:00","dateModified":"2021-03-24T16:22:18+00:00","breadcrumb":{"@id":"https:\/\/blogit.gradia.fi\/ostu\/korko\/#breadcrumb"},"inLanguage":"fi","potentialAction":[{"@type":"ReadAction","target":["https:\/\/blogit.gradia.fi\/ostu\/korko\/"]}]},{"@type":"BreadcrumbList","@id":"https:\/\/blogit.gradia.fi\/ostu\/korko\/#breadcrumb","itemListElement":[{"@type":"ListItem","position":1,"name":"Home","item":"https:\/\/blogit.gradia.fi\/ostu\/"},{"@type":"ListItem","position":2,"name":"3 Prosentit"}]},{"@type":"WebSite","@id":"https:\/\/blogit.gradia.fi\/ostu\/#website","url":"https:\/\/blogit.gradia.fi\/ostu\/","name":"Korkolaskentaa","description":"Matematiikka","potentialAction":[{"@type":"SearchAction","target":{"@type":"EntryPoint","urlTemplate":"https:\/\/blogit.gradia.fi\/ostu\/?s={search_term_string}"},"query-input":{"@type":"PropertyValueSpecification","valueRequired":true,"valueName":"search_term_string"}}],"inLanguage":"fi"}]}},"uagb_featured_image_src":{"full":false,"thumbnail":false,"medium":false,"medium_large":false,"large":false,"1536x1536":false,"2048x2048":false,"post-thumbnail":false},"uagb_author_info":{"display_name":"Hannu Tabell","author_link":"https:\/\/blogit.gradia.fi\/ostu\/author\/htabell\/"},"uagb_comment_info":0,"uagb_excerpt":"3.1 Prosenttilaskennan perusteet Tarkastellaan prosentin m\u00e4\u00e4ritelm\u00e4\u00e4 ja prosenttilaskennan kolmea perustyyppi\u00e4. 3.1.1 Prosentin m\u00e4\u00e4ritelm\u00e4 Prosentti tarkoittaa sadasosaa, joka ilmaistaan seuraavasti: &nbsp; &nbsp; Siten &nbsp; &nbsp; &nbsp; &nbsp; &nbsp; &nbsp; &nbsp; &nbsp; 3.1.2 Prosenttiluvun m\u00e4\u00e4ritt\u00e4minen Prosenttiluvun m\u00e4\u00e4ritt\u00e4misess\u00e4 selvitet\u00e4\u00e4n, kuinka monta prosenttia luku on toisesta luvusta. Esimerkki 1. Kuinka monta prosenttia luku 20 on luvusta 50? Ratkaisu Verrataan&hellip;","_links":{"self":[{"href":"https:\/\/blogit.gradia.fi\/ostu\/wp-json\/wp\/v2\/pages\/72","targetHints":{"allow":["GET"]}}],"collection":[{"href":"https:\/\/blogit.gradia.fi\/ostu\/wp-json\/wp\/v2\/pages"}],"about":[{"href":"https:\/\/blogit.gradia.fi\/ostu\/wp-json\/wp\/v2\/types\/page"}],"author":[{"embeddable":true,"href":"https:\/\/blogit.gradia.fi\/ostu\/wp-json\/wp\/v2\/users\/111"}],"replies":[{"embeddable":true,"href":"https:\/\/blogit.gradia.fi\/ostu\/wp-json\/wp\/v2\/comments?post=72"}],"version-history":[{"count":126,"href":"https:\/\/blogit.gradia.fi\/ostu\/wp-json\/wp\/v2\/pages\/72\/revisions"}],"predecessor-version":[{"id":538,"href":"https:\/\/blogit.gradia.fi\/ostu\/wp-json\/wp\/v2\/pages\/72\/revisions\/538"}],"wp:attachment":[{"href":"https:\/\/blogit.gradia.fi\/ostu\/wp-json\/wp\/v2\/media?parent=72"}],"curies":[{"name":"wp","href":"https:\/\/api.w.org\/{rel}","templated":true}]}}