{"id":68,"date":"2019-04-22T17:17:56","date_gmt":"2019-04-22T14:17:56","guid":{"rendered":"https:\/\/blogit.gradia.fi\/ostu\/?page_id=68"},"modified":"2024-02-12T21:53:32","modified_gmt":"2024-02-12T19:53:32","slug":"sanasto","status":"publish","type":"page","link":"https:\/\/blogit.gradia.fi\/ostu\/sanasto\/","title":{"rendered":"5 Sanasto"},"content":{"rendered":"\n\n<h2>T\u00e4rkeimm\u00e4t termit<\/h2>\n\n<ul>\n<li><b>Diskonttaus<\/b>: Raham\u00e4\u00e4r\u00e4n arvon muuttaminen aiemman hetken rahaksi.\n<br>\n<p class=\"ql-center-displayed-equation\" style=\"line-height: 25px;\"><span class=\"ql-right-eqno\"> &nbsp; <\/span><span class=\"ql-left-eqno\"> &nbsp; <\/span><img loading=\"lazy\" decoding=\"async\" src=\"https:\/\/blogit.gradia.fi\/ostu\/wp-content\/ql-cache\/quicklatex.com-bc7c9f947cb8a5d142411c4a9ed7a108_l3.png\" height=\"25\" width=\"78\" class=\"ql-img-displayed-equation quicklatex-auto-format\" alt=\"&#92;&#91; &#92;&#98;&#111;&#120;&#101;&#100; &#123; &#32;&#32;&#32;&#107;&#61;&#75;&#8901;&#113;&#94;&#123;&#45;&#110;&#125;&#92;&#32; &#125; &#92;&#93;\" title=\"Rendered by QuickLaTeX.com\"\/><\/p>\n<img loading=\"lazy\" decoding=\"async\" src=\"https:\/\/blogit.gradia.fi\/ostu\/wp-content\/ql-cache\/quicklatex.com-ad64de4ee16eeffd880a81e3a62fc18b_l3.png\" class=\"ql-img-inline-formula quicklatex-auto-format\" alt=\"&#107;\" title=\"Rendered by QuickLaTeX.com\" height=\"11\" width=\"9\" style=\"vertical-align: 0px;\"\/> on p\u00e4\u00e4oman nykyarvo, <img loading=\"lazy\" decoding=\"async\" src=\"https:\/\/blogit.gradia.fi\/ostu\/wp-content\/ql-cache\/quicklatex.com-a48442b9ec0e353a80c304d80498300b_l3.png\" class=\"ql-img-inline-formula quicklatex-auto-format\" alt=\"&#75;\" title=\"Rendered by QuickLaTeX.com\" height=\"10\" width=\"11\" style=\"vertical-align: 0px;\"\/> kasvanut p\u00e4\u00e4oma, <img loading=\"lazy\" decoding=\"async\" src=\"https:\/\/blogit.gradia.fi\/ostu\/wp-content\/ql-cache\/quicklatex.com-36763f29025f06b50fb314adfc2b1a00_l3.png\" class=\"ql-img-inline-formula quicklatex-auto-format\" alt=\"&#113;\" title=\"Rendered by QuickLaTeX.com\" height=\"12\" width=\"8\" style=\"vertical-align: -4px;\"\/> korkokerroin ja <img loading=\"lazy\" decoding=\"async\" src=\"https:\/\/blogit.gradia.fi\/ostu\/wp-content\/ql-cache\/quicklatex.com-1d5d9c375749718a38a83db6534bd54d_l3.png\" class=\"ql-img-inline-formula quicklatex-auto-format\" alt=\"&#110;\" title=\"Rendered by QuickLaTeX.com\" height=\"8\" width=\"8\" style=\"vertical-align: 0px;\"\/> vuosien lukum\u00e4\u00e4r\u00e4. <br>Diskonttauksella siirryt\u00e4\u00e4n ajassa taaksep\u00e4in.<\/li>\n<li><b>Eksponenttiyht\u00e4l\u00f6<\/b>. Eksponenttiyht\u00e4l\u00f6 on muotoa \n<br>\n<p class=\"ql-center-displayed-equation\" style=\"line-height: 24px;\"><span class=\"ql-right-eqno\"> &nbsp; <\/span><span class=\"ql-left-eqno\"> &nbsp; <\/span><img loading=\"lazy\" decoding=\"async\" src=\"https:\/\/blogit.gradia.fi\/ostu\/wp-content\/ql-cache\/quicklatex.com-dacd181bfa759b4599be04a76ef19a7b_l3.png\" height=\"24\" width=\"50\" class=\"ql-img-displayed-equation quicklatex-auto-format\" alt=\"&#92;&#91; &#92;&#98;&#111;&#120;&#101;&#100;&#123; &#92;&#116;&#101;&#120;&#116;&#123;&#97;&#125;&#94;&#120;&#61;&#92;&#116;&#101;&#120;&#116;&#123;&#121;&#125; &#125; &#92;&#93;\" title=\"Rendered by QuickLaTeX.com\"\/><\/p>\nT\u00e4st\u00e4 voidaan ratkaista eksponentti <img loading=\"lazy\" decoding=\"async\" src=\"https:\/\/blogit.gradia.fi\/ostu\/wp-content\/ql-cache\/quicklatex.com-379834c2dbc67a7ddccf9dca5e95933d_l3.png\" class=\"ql-img-inline-formula quicklatex-auto-format\" alt=\"&#120;\" title=\"Rendered by QuickLaTeX.com\" height=\"7\" width=\"9\" style=\"vertical-align: 0px;\"\/> logaritmin avulla seuraavasti:\n<p class=\"ql-center-displayed-equation\" style=\"line-height: 23px;\"><span class=\"ql-right-eqno\"> &nbsp; <\/span><span class=\"ql-left-eqno\"> &nbsp; <\/span><img loading=\"lazy\" decoding=\"async\" src=\"https:\/\/blogit.gradia.fi\/ostu\/wp-content\/ql-cache\/quicklatex.com-0efb51da014a5c720a358e0447d4296f_l3.png\" height=\"23\" width=\"71\" class=\"ql-img-displayed-equation quicklatex-auto-format\" alt=\"&#92;&#91; &#92;&#98;&#111;&#120;&#101;&#100;&#123; &#120;&#61;&#92;&#108;&#111;&#103;&#95;&#123;&#92;&#116;&#101;&#120;&#116;&#123;&#97;&#125;&#125;&#92;&#116;&#101;&#120;&#116;&#123;&#121;&#125; &#125; &#92;&#93;\" title=\"Rendered by QuickLaTeX.com\"\/><\/p>\n\n<\/li>\n<li><b>Kasvanut p\u00e4\u00e4oma<\/b>: Tilin saldo koron maksamisen j\u00e4lkeen.<\/li>\n<li><b>Korkoaika<\/b>: P\u00e4\u00e4omalle maksettavan koron kertymisen aikam\u00e4\u00e4r\u00e4. Korkoaika ei sis\u00e4ll\u00e4 p\u00e4iv\u00e4\u00e4, jolloin talletus tehd\u00e4\u00e4n, mutta siihen sis\u00e4ltyy p\u00e4iv\u00e4, jolloin talletusaika p\u00e4\u00e4ttyy.<\/li>\n<li><b>Korkokanta<\/b>: Korkoprosentti.<\/li>\n<li><b>Korkokerroin<\/b>: Luku, jolla p\u00e4\u00e4oma kerrotaan.<\/li>\n<li><b>Koronkorko<\/b>: P\u00e4\u00e4omalle maksetut korot kasvavat korkoa.\n<p class=\"ql-center-displayed-equation\" style=\"line-height: 25px;\"><span class=\"ql-right-eqno\"> &nbsp; <\/span><span class=\"ql-left-eqno\"> &nbsp; <\/span><img loading=\"lazy\" decoding=\"async\" src=\"https:\/\/blogit.gradia.fi\/ostu\/wp-content\/ql-cache\/quicklatex.com-5b27d9342dc1533d32623747fd21cdde_l3.png\" height=\"25\" width=\"67\" class=\"ql-img-displayed-equation quicklatex-auto-format\" alt=\"&#92;&#91; &#92;&#98;&#111;&#120;&#101;&#100;&#123; &#75;&#61;&#107;&#8901;&#113;&#94;&#110; &#125; &#92;&#93;\" title=\"Rendered by QuickLaTeX.com\"\/><\/p>\n<img loading=\"lazy\" decoding=\"async\" src=\"https:\/\/blogit.gradia.fi\/ostu\/wp-content\/ql-cache\/quicklatex.com-a48442b9ec0e353a80c304d80498300b_l3.png\" class=\"ql-img-inline-formula quicklatex-auto-format\" alt=\"&#75;\" title=\"Rendered by QuickLaTeX.com\" height=\"10\" width=\"11\" style=\"vertical-align: 0px;\"\/> on kasvanut p\u00e4\u00e4oma, <img loading=\"lazy\" decoding=\"async\" src=\"https:\/\/blogit.gradia.fi\/ostu\/wp-content\/ql-cache\/quicklatex.com-ad64de4ee16eeffd880a81e3a62fc18b_l3.png\" class=\"ql-img-inline-formula quicklatex-auto-format\" alt=\"&#107;\" title=\"Rendered by QuickLaTeX.com\" height=\"11\" width=\"9\" style=\"vertical-align: 0px;\"\/> alkup\u00e4\u00e4oma, <img loading=\"lazy\" decoding=\"async\" src=\"https:\/\/blogit.gradia.fi\/ostu\/wp-content\/ql-cache\/quicklatex.com-36763f29025f06b50fb314adfc2b1a00_l3.png\" class=\"ql-img-inline-formula quicklatex-auto-format\" alt=\"&#113;\" title=\"Rendered by QuickLaTeX.com\" height=\"12\" width=\"8\" style=\"vertical-align: -4px;\"\/> korkokerroin ja <img loading=\"lazy\" decoding=\"async\" src=\"https:\/\/blogit.gradia.fi\/ostu\/wp-content\/ql-cache\/quicklatex.com-1d5d9c375749718a38a83db6534bd54d_l3.png\" class=\"ql-img-inline-formula quicklatex-auto-format\" alt=\"&#110;\" title=\"Rendered by QuickLaTeX.com\" height=\"8\" width=\"8\" style=\"vertical-align: 0px;\"\/> vuosien lukum\u00e4\u00e4r\u00e4.\n<br>Koronkorolla siirryt\u00e4\u00e4n ajassa eteenp\u00e4in.<\/li>\n<li><b>L\u00e4hdevero<\/b>: Pankin perim\u00e4 ja valtiolle tilitt\u00e4m\u00e4 kertyneest\u00e4 korosta muodostuva vero. T\u00e4ll\u00e4 hetkell\u00e4 se on 30 % koron m\u00e4\u00e4r\u00e4st\u00e4. L\u00e4hdevero py\u00f6ristet\u00e4\u00e4n 10 sentin tarkkuuteen.<\/li>\n<li><b>Nettokorko<\/b>: Tilille l\u00e4hdeveron v\u00e4hent\u00e4misen j\u00e4lkeen maksettava korko.<\/li>\n<li><b><a id=\"netto\"><\/a>Nettokorkokanta<\/b>: Korkokanta, jossa on otettu huomioon l\u00e4hdevero. Esimerkiksi, jos korkoprosentti on 1,2 %, niin l\u00e4hdeveron huomioimisen j\u00e4lkeen nettokorkokanta on <img loading=\"lazy\" decoding=\"async\" src=\"https:\/\/blogit.gradia.fi\/ostu\/wp-content\/ql-cache\/quicklatex.com-6eca00ee3a20425cfb78b8e90b3a39a8_l3.png\" class=\"ql-img-inline-formula quicklatex-auto-format\" alt=\"&#48;&#123;&#44;&#125;&#55;&#48;&#92;&#99;&#100;&#111;&#116;&#123;&#49;&#44;&#125;&#50;&#92;&#32;&#92;&#37;&#61;&#48;&#123;&#44;&#125;&#56;&#52;&#92;&#32;&#92;&#37;\" title=\"Rendered by QuickLaTeX.com\" height=\"14\" width=\"132\" style=\"vertical-align: -3px;\"\/>.<\/li>\n<li><b>Nykyarvo<\/b>: Kasvaneen p\u00e4\u00e4oman alkuper\u00e4inen suuruus.<\/li>\n<li><b>P\u00e4\u00e4oma<\/b>: Talletus.<\/li>\n<li><b>Yksinkertainen korko<\/b>: Talletusaika on korkeintaan vuosi.<\/li>\n<\/ul>\n\n\n\n<p><\/p>\n","protected":false},"excerpt":{"rendered":"<p>T\u00e4rkeimm\u00e4t termit Diskonttaus: Raham\u00e4\u00e4r\u00e4n arvon muuttaminen aiemman hetken rahaksi. &nbsp; &nbsp; on p\u00e4\u00e4oman nykyarvo, kasvanut p\u00e4\u00e4oma, korkokerroin ja vuosien lukum\u00e4\u00e4r\u00e4. Diskonttauksella siirryt\u00e4\u00e4n ajassa taaksep\u00e4in. Eksponenttiyht\u00e4l\u00f6. Eksponenttiyht\u00e4l\u00f6 on muotoa &nbsp; &nbsp; T\u00e4st\u00e4 voidaan ratkaista eksponentti logaritmin avulla seuraavasti: &nbsp; &nbsp; Kasvanut p\u00e4\u00e4oma: Tilin saldo koron maksamisen j\u00e4lkeen. Korkoaika: P\u00e4\u00e4omalle maksettavan koron kertymisen aikam\u00e4\u00e4r\u00e4. Korkoaika ei sis\u00e4ll\u00e4 &hellip; <a href=\"https:\/\/blogit.gradia.fi\/ostu\/sanasto\/\" class=\"more-link\">Jatka lukemista <span class=\"screen-reader-text\">5 Sanasto<\/span> <span class=\"meta-nav\">&rarr;<\/span><\/a><\/p>\n","protected":false},"author":111,"featured_media":0,"parent":0,"menu_order":0,"comment_status":"closed","ping_status":"closed","template":"","meta":{"_uag_custom_page_level_css":"","footnotes":""},"class_list":["post-68","page","type-page","status-publish","hentry"],"yoast_head":"<!-- This site is optimized with the Yoast SEO plugin v27.4 - https:\/\/yoast.com\/product\/yoast-seo-wordpress\/ -->\n<title>5 Sanasto - Korkolaskentaa<\/title>\n<meta name=\"robots\" content=\"index, follow, max-snippet:-1, max-image-preview:large, max-video-preview:-1\" \/>\n<link rel=\"canonical\" href=\"https:\/\/blogit.gradia.fi\/ostu\/sanasto\/\" \/>\n<meta property=\"og:locale\" content=\"fi_FI\" \/>\n<meta property=\"og:type\" content=\"article\" \/>\n<meta property=\"og:title\" content=\"5 Sanasto - Korkolaskentaa\" \/>\n<meta property=\"og:description\" content=\"T\u00e4rkeimm\u00e4t termit Diskonttaus: Raham\u00e4\u00e4r\u00e4n arvon muuttaminen aiemman hetken rahaksi. &nbsp; &nbsp; on p\u00e4\u00e4oman nykyarvo, kasvanut p\u00e4\u00e4oma, korkokerroin ja vuosien lukum\u00e4\u00e4r\u00e4. Diskonttauksella siirryt\u00e4\u00e4n ajassa taaksep\u00e4in. Eksponenttiyht\u00e4l\u00f6. Eksponenttiyht\u00e4l\u00f6 on muotoa &nbsp; &nbsp; T\u00e4st\u00e4 voidaan ratkaista eksponentti logaritmin avulla seuraavasti: &nbsp; &nbsp; Kasvanut p\u00e4\u00e4oma: Tilin saldo koron maksamisen j\u00e4lkeen. Korkoaika: P\u00e4\u00e4omalle maksettavan koron kertymisen aikam\u00e4\u00e4r\u00e4. Korkoaika ei sis\u00e4ll\u00e4 &hellip; Jatka lukemista 5 Sanasto &rarr;\" \/>\n<meta property=\"og:url\" content=\"https:\/\/blogit.gradia.fi\/ostu\/sanasto\/\" \/>\n<meta property=\"og:site_name\" content=\"Korkolaskentaa\" \/>\n<meta property=\"article:modified_time\" content=\"2024-02-12T19:53:32+00:00\" \/>\n<meta name=\"twitter:card\" content=\"summary_large_image\" \/>\n<meta name=\"twitter:label1\" content=\"Arvioitu lukuaika\" \/>\n\t<meta name=\"twitter:data1\" content=\"2 minuuttia\" \/>\n<script type=\"application\/ld+json\" class=\"yoast-schema-graph\">{\"@context\":\"https:\\\/\\\/schema.org\",\"@graph\":[{\"@type\":\"WebPage\",\"@id\":\"https:\\\/\\\/blogit.gradia.fi\\\/ostu\\\/sanasto\\\/\",\"url\":\"https:\\\/\\\/blogit.gradia.fi\\\/ostu\\\/sanasto\\\/\",\"name\":\"5 Sanasto - Korkolaskentaa\",\"isPartOf\":{\"@id\":\"https:\\\/\\\/blogit.gradia.fi\\\/ostu\\\/#website\"},\"datePublished\":\"2019-04-22T14:17:56+00:00\",\"dateModified\":\"2024-02-12T19:53:32+00:00\",\"breadcrumb\":{\"@id\":\"https:\\\/\\\/blogit.gradia.fi\\\/ostu\\\/sanasto\\\/#breadcrumb\"},\"inLanguage\":\"fi\",\"potentialAction\":[{\"@type\":\"ReadAction\",\"target\":[\"https:\\\/\\\/blogit.gradia.fi\\\/ostu\\\/sanasto\\\/\"]}]},{\"@type\":\"BreadcrumbList\",\"@id\":\"https:\\\/\\\/blogit.gradia.fi\\\/ostu\\\/sanasto\\\/#breadcrumb\",\"itemListElement\":[{\"@type\":\"ListItem\",\"position\":1,\"name\":\"Home\",\"item\":\"https:\\\/\\\/blogit.gradia.fi\\\/ostu\\\/\"},{\"@type\":\"ListItem\",\"position\":2,\"name\":\"5 Sanasto\"}]},{\"@type\":\"WebSite\",\"@id\":\"https:\\\/\\\/blogit.gradia.fi\\\/ostu\\\/#website\",\"url\":\"https:\\\/\\\/blogit.gradia.fi\\\/ostu\\\/\",\"name\":\"Korkolaskentaa\",\"description\":\"Matematiikka\",\"potentialAction\":[{\"@type\":\"SearchAction\",\"target\":{\"@type\":\"EntryPoint\",\"urlTemplate\":\"https:\\\/\\\/blogit.gradia.fi\\\/ostu\\\/?s={search_term_string}\"},\"query-input\":{\"@type\":\"PropertyValueSpecification\",\"valueRequired\":true,\"valueName\":\"search_term_string\"}}],\"inLanguage\":\"fi\"}]}<\/script>\n<!-- \/ Yoast SEO plugin. -->","yoast_head_json":{"title":"5 Sanasto - Korkolaskentaa","robots":{"index":"index","follow":"follow","max-snippet":"max-snippet:-1","max-image-preview":"max-image-preview:large","max-video-preview":"max-video-preview:-1"},"canonical":"https:\/\/blogit.gradia.fi\/ostu\/sanasto\/","og_locale":"fi_FI","og_type":"article","og_title":"5 Sanasto - Korkolaskentaa","og_description":"T\u00e4rkeimm\u00e4t termit Diskonttaus: Raham\u00e4\u00e4r\u00e4n arvon muuttaminen aiemman hetken rahaksi. &nbsp; &nbsp; on p\u00e4\u00e4oman nykyarvo, kasvanut p\u00e4\u00e4oma, korkokerroin ja vuosien lukum\u00e4\u00e4r\u00e4. Diskonttauksella siirryt\u00e4\u00e4n ajassa taaksep\u00e4in. Eksponenttiyht\u00e4l\u00f6. Eksponenttiyht\u00e4l\u00f6 on muotoa &nbsp; &nbsp; T\u00e4st\u00e4 voidaan ratkaista eksponentti logaritmin avulla seuraavasti: &nbsp; &nbsp; Kasvanut p\u00e4\u00e4oma: Tilin saldo koron maksamisen j\u00e4lkeen. Korkoaika: P\u00e4\u00e4omalle maksettavan koron kertymisen aikam\u00e4\u00e4r\u00e4. Korkoaika ei sis\u00e4ll\u00e4 &hellip; Jatka lukemista 5 Sanasto &rarr;","og_url":"https:\/\/blogit.gradia.fi\/ostu\/sanasto\/","og_site_name":"Korkolaskentaa","article_modified_time":"2024-02-12T19:53:32+00:00","twitter_card":"summary_large_image","twitter_misc":{"Arvioitu lukuaika":"2 minuuttia"},"schema":{"@context":"https:\/\/schema.org","@graph":[{"@type":"WebPage","@id":"https:\/\/blogit.gradia.fi\/ostu\/sanasto\/","url":"https:\/\/blogit.gradia.fi\/ostu\/sanasto\/","name":"5 Sanasto - Korkolaskentaa","isPartOf":{"@id":"https:\/\/blogit.gradia.fi\/ostu\/#website"},"datePublished":"2019-04-22T14:17:56+00:00","dateModified":"2024-02-12T19:53:32+00:00","breadcrumb":{"@id":"https:\/\/blogit.gradia.fi\/ostu\/sanasto\/#breadcrumb"},"inLanguage":"fi","potentialAction":[{"@type":"ReadAction","target":["https:\/\/blogit.gradia.fi\/ostu\/sanasto\/"]}]},{"@type":"BreadcrumbList","@id":"https:\/\/blogit.gradia.fi\/ostu\/sanasto\/#breadcrumb","itemListElement":[{"@type":"ListItem","position":1,"name":"Home","item":"https:\/\/blogit.gradia.fi\/ostu\/"},{"@type":"ListItem","position":2,"name":"5 Sanasto"}]},{"@type":"WebSite","@id":"https:\/\/blogit.gradia.fi\/ostu\/#website","url":"https:\/\/blogit.gradia.fi\/ostu\/","name":"Korkolaskentaa","description":"Matematiikka","potentialAction":[{"@type":"SearchAction","target":{"@type":"EntryPoint","urlTemplate":"https:\/\/blogit.gradia.fi\/ostu\/?s={search_term_string}"},"query-input":{"@type":"PropertyValueSpecification","valueRequired":true,"valueName":"search_term_string"}}],"inLanguage":"fi"}]}},"uagb_featured_image_src":{"full":false,"thumbnail":false,"medium":false,"medium_large":false,"large":false,"1536x1536":false,"2048x2048":false,"post-thumbnail":false},"uagb_author_info":{"display_name":"Hannu Tabell","author_link":"https:\/\/blogit.gradia.fi\/ostu\/author\/htabell\/"},"uagb_comment_info":0,"uagb_excerpt":"T\u00e4rkeimm\u00e4t termit Diskonttaus: Raham\u00e4\u00e4r\u00e4n arvon muuttaminen aiemman hetken rahaksi. &nbsp; &nbsp; on p\u00e4\u00e4oman nykyarvo, kasvanut p\u00e4\u00e4oma, korkokerroin ja vuosien lukum\u00e4\u00e4r\u00e4. Diskonttauksella siirryt\u00e4\u00e4n ajassa taaksep\u00e4in. Eksponenttiyht\u00e4l\u00f6. Eksponenttiyht\u00e4l\u00f6 on muotoa &nbsp; &nbsp; T\u00e4st\u00e4 voidaan ratkaista eksponentti logaritmin avulla seuraavasti: &nbsp; &nbsp; Kasvanut p\u00e4\u00e4oma: Tilin saldo koron maksamisen j\u00e4lkeen. Korkoaika: P\u00e4\u00e4omalle maksettavan koron kertymisen aikam\u00e4\u00e4r\u00e4. Korkoaika ei sis\u00e4ll\u00e4&hellip;","_links":{"self":[{"href":"https:\/\/blogit.gradia.fi\/ostu\/wp-json\/wp\/v2\/pages\/68","targetHints":{"allow":["GET"]}}],"collection":[{"href":"https:\/\/blogit.gradia.fi\/ostu\/wp-json\/wp\/v2\/pages"}],"about":[{"href":"https:\/\/blogit.gradia.fi\/ostu\/wp-json\/wp\/v2\/types\/page"}],"author":[{"embeddable":true,"href":"https:\/\/blogit.gradia.fi\/ostu\/wp-json\/wp\/v2\/users\/111"}],"replies":[{"embeddable":true,"href":"https:\/\/blogit.gradia.fi\/ostu\/wp-json\/wp\/v2\/comments?post=68"}],"version-history":[{"count":46,"href":"https:\/\/blogit.gradia.fi\/ostu\/wp-json\/wp\/v2\/pages\/68\/revisions"}],"predecessor-version":[{"id":586,"href":"https:\/\/blogit.gradia.fi\/ostu\/wp-json\/wp\/v2\/pages\/68\/revisions\/586"}],"wp:attachment":[{"href":"https:\/\/blogit.gradia.fi\/ostu\/wp-json\/wp\/v2\/media?parent=68"}],"curies":[{"name":"wp","href":"https:\/\/api.w.org\/{rel}","templated":true}]}}