{"id":518,"date":"2019-05-16T22:44:21","date_gmt":"2019-05-16T19:44:21","guid":{"rendered":"https:\/\/blogit.gradia.fi\/ostu\/?page_id=518"},"modified":"2019-05-17T10:54:51","modified_gmt":"2019-05-17T07:54:51","slug":"4-excel","status":"publish","type":"page","link":"https:\/\/blogit.gradia.fi\/ostu\/4-excel\/","title":{"rendered":"2 Ohjeet"},"content":{"rendered":"\n<p><h4>2.1 Esimerkkiteht\u00e4v\u00e4 Excelill\u00e4<\/h4><\/p>\n\n\n\n<p><strong>Esimerkki 1<\/strong>. Talletetaan 300 \u20ac tilille, jolle maksettava nettokorkokanta on 1,2 %. Kuinka paljon tilill\u00e4 on rahaa kymmenen vuoden kuluttua?<\/p>\n\n\n<h6>Tietojen kirjoittaminen Exceliin<\/h6>\n\n\n<ul class=\"wp-block-list\"><li>Alla olevaan kuvakaappaukseen on kirjoitettu taulukon perustiedot.<\/li><\/ul>\n\n\n\n<div class=\"wp-block-image\"><figure class=\"aligncenter is-resized\"><img loading=\"lazy\" decoding=\"async\" src=\"https:\/\/blogit.gradia.fi\/ostu\/wp-content\/uploads\/sites\/56\/2019\/05\/1-1.jpg\" alt=\"\" class=\"wp-image-522\" width=\"244\" height=\"332\" \/><\/figure><\/div>\n\n\n<h6>P\u00e4\u00e4oman laskeminen vuosittain.<\/h6>\n<ul>\n<li>Klikkaa soluun B6.<\/li>\n<li>Kaava aloitetaan kirjoittamalla yht\u00e4suuruusmerkki <b>=<\/b>.<\/li>\n<li>Kaava solussa on <strong>=$B$1*$B$3^A6<\/strong><\/li>\n<li>Dollarin merkki sarakkeen kirjaintunnuksen edess\u00e4 tarkoittaa sit\u00e4, ett\u00e4 kopioitaessa kaavaa sarake ei muutu.<\/li>\n<li>Dollarin merkki rivinumeron edess\u00e4 tarkoittaa sit\u00e4, ett\u00e4 kopioitaessa kaavaa rivinumero ei muutu.<\/li>\n<li>T\u00e4m\u00e4 solun lukitseminen saadaan tehty\u00e4 joko kirjoittamalla n\u00e4pp\u00e4imist\u00f6lt\u00e4 dollarimerkki $ ennen sarakkeen nime\u00e4 sek\u00e4 ennen rivin numeroa ($B$1).<\/li>\n<li>Solun voi my\u00f6s lukita klikkaamalla sarakenimen ja rivinumeron v\u00e4liin ja sitten painamalla n\u00e4pp\u00e4imist\u00f6lt\u00e4 funtion\u00e4pp\u00e4int\u00e4 F4.<\/li>\n<li>Potenssimerkki <b>^<\/b> saadaan n\u00e4pp\u00e4imist\u00f6lt\u00e4 Enter-n\u00e4pp\u00e4imen vasemmalta puolelta siten, ett\u00e4 painetaan <i>Vaihto + ^-n\u00e4pp\u00e4int\u00e4<\/i>.<\/li>\n<\/ul>\n<p><a href=\"https:\/\/blogit.gradia.fi\/ostu\/wp-content\/uploads\/sites\/56\/2019\/05\/2.jpg\"><img loading=\"lazy\" decoding=\"async\" class=\"wp-image-544 aligncenter\" src=\"https:\/\/blogit.gradia.fi\/ostu\/wp-content\/uploads\/sites\/56\/2019\/05\/2.jpg\" alt=\"\" width=\"262\" height=\"352\"><\/a><\/p>\n<ul>\n<li>Klikkaa soluun B6. Vie hiiri solun oikeaan alakulmaan. Hiiren osoitin muuttuu plusmerkiksi. Paina hiirell\u00e4 ja ved\u00e4 alasp\u00e4in soluun B15 saakka. Nyt kaava on kopioitu soluihin B7:B15, jolloin vuosien m\u00e4\u00e4r\u00e4n muuttuessa Excel laskee p\u00e4\u00e4oman suuruuden vuoden lopussa.<\/li>\n<\/ul>\n<p><a href=\"https:\/\/blogit.gradia.fi\/ostu\/wp-content\/uploads\/sites\/56\/2019\/05\/3.jpg\"><img loading=\"lazy\" decoding=\"async\" class=\"aligncenter  wp-image-546\" src=\"https:\/\/blogit.gradia.fi\/ostu\/wp-content\/uploads\/sites\/56\/2019\/05\/3.jpg\" alt=\"\" width=\"249\" height=\"335\"><\/a><\/p>\n<ul>\n<li>Muuta desimaalien m\u00e4\u00e4r\u00e4ksi kaksi ja keskit\u00e4 lukuarvot soluissa.<a href=\"https:\/\/blogit.gradia.fi\/ostu\/wp-content\/uploads\/sites\/56\/2019\/05\/4_1.jpg\"><img loading=\"lazy\" decoding=\"async\" class=\"aligncenter  wp-image-548\" src=\"https:\/\/blogit.gradia.fi\/ostu\/wp-content\/uploads\/sites\/56\/2019\/05\/4_1.jpg\" alt=\"\" width=\"281\" height=\"93\"><\/a><\/li>\n<li>Lopputulos on alla olevassa kuvassa.<\/li>\n<\/ul>\n<p><a href=\"https:\/\/blogit.gradia.fi\/ostu\/wp-content\/uploads\/sites\/56\/2019\/05\/5.jpg\"><img loading=\"lazy\" decoding=\"async\" class=\"aligncenter  wp-image-550\" src=\"https:\/\/blogit.gradia.fi\/ostu\/wp-content\/uploads\/sites\/56\/2019\/05\/5.jpg\" alt=\"\" width=\"242\" height=\"324\"><\/a><\/p>\n<p><!-- \/wp:post-content --><\/p>\n<p><!-- wp:heading {\"level\":4} --><\/p>\n<h4>2.2 Video kaavaeditorilla kirjoittamisesta<\/h4>\n<p><!-- \/wp:heading --><\/p>\n<p><!-- wp:core-embed\/youtube {\"url\":\"https:\/\/youtu.be\/fnFan_Cd4jU\",\"type\":\"video\",\"providerNameSlug\":\"youtube\",\"className\":\"wp-embed-aspect-16-9 wp-has-aspect-ratio\"} --><\/p>\n<figure class=\"wp-block-embed-youtube wp-block-embed is-type-video is-provider-youtube wp-embed-aspect-16-9 wp-has-aspect-ratio\">\n<div class=\"wp-block-embed__wrapper\">\n<iframe loading=\"lazy\" title=\"kaavaeditori\" width=\"604\" height=\"340\" src=\"https:\/\/www.youtube.com\/embed\/fnFan_Cd4jU?feature=oembed\" frameborder=\"0\" allow=\"accelerometer; autoplay; clipboard-write; encrypted-media; gyroscope; picture-in-picture; web-share\" referrerpolicy=\"strict-origin-when-cross-origin\" allowfullscreen><\/iframe>\n<\/div>\n<\/figure>\n<p><!-- \/wp:core-embed\/youtube --><\/p>\n<p><!-- wp:heading {\"level\":4} --><\/p>\n<h4>2.3 Video koronkoron laskemisesta taulukkolaskentaohjelmalla<\/h4>\n<p><!-- \/wp:heading --><\/p>\n<p><!-- wp:core-embed\/youtube {\"url\":\"https:\/\/youtu.be\/9mQ6oT5Vndg\",\"type\":\"video\",\"providerNameSlug\":\"youtube\",\"className\":\"wp-embed-aspect-16-9 wp-has-aspect-ratio\"} --><\/p>\n<figure class=\"wp-block-embed-youtube wp-block-embed is-type-video is-provider-youtube wp-embed-aspect-16-9 wp-has-aspect-ratio\">\n<div class=\"wp-block-embed__wrapper\">\n<iframe loading=\"lazy\" title=\"koronkorko\" width=\"604\" height=\"340\" src=\"https:\/\/www.youtube.com\/embed\/9mQ6oT5Vndg?feature=oembed\" frameborder=\"0\" allow=\"accelerometer; autoplay; clipboard-write; encrypted-media; gyroscope; picture-in-picture; web-share\" referrerpolicy=\"strict-origin-when-cross-origin\" allowfullscreen><\/iframe>\n<\/div>\n<\/figure>\n<p><!-- \/wp:core-embed\/youtube --><\/p>","protected":false},"excerpt":{"rendered":"<p>2.1 Esimerkkiteht\u00e4v\u00e4 Excelill\u00e4 Esimerkki 1. Talletetaan 300 \u20ac tilille, jolle maksettava nettokorkokanta on 1,2 %. Kuinka paljon tilill\u00e4 on rahaa kymmenen vuoden kuluttua? Tietojen kirjoittaminen Exceliin Alla olevaan kuvakaappaukseen on kirjoitettu taulukon perustiedot. P\u00e4\u00e4oman laskeminen vuosittain. Klikkaa soluun B6. Kaava aloitetaan kirjoittamalla yht\u00e4suuruusmerkki =. Kaava solussa on =$B$1*$B$3^A6 Dollarin merkki sarakkeen kirjaintunnuksen edess\u00e4 tarkoittaa sit\u00e4, &hellip; <a href=\"https:\/\/blogit.gradia.fi\/ostu\/4-excel\/\" class=\"more-link\">Jatka lukemista <span class=\"screen-reader-text\">2 Ohjeet<\/span> <span class=\"meta-nav\">&rarr;<\/span><\/a><\/p>\n","protected":false},"author":111,"featured_media":0,"parent":0,"menu_order":0,"comment_status":"closed","ping_status":"closed","template":"","meta":{"_uag_custom_page_level_css":"","footnotes":""},"class_list":["post-518","page","type-page","status-publish","hentry"],"yoast_head":"<!-- This site is optimized with the Yoast SEO plugin v27.4 - https:\/\/yoast.com\/product\/yoast-seo-wordpress\/ -->\n<title>2 Ohjeet - Korkolaskentaa<\/title>\n<meta name=\"robots\" content=\"index, follow, max-snippet:-1, max-image-preview:large, max-video-preview:-1\" \/>\n<link rel=\"canonical\" href=\"https:\/\/blogit.gradia.fi\/ostu\/4-excel\/\" \/>\n<meta property=\"og:locale\" content=\"fi_FI\" \/>\n<meta property=\"og:type\" content=\"article\" \/>\n<meta property=\"og:title\" content=\"2 Ohjeet - Korkolaskentaa\" \/>\n<meta property=\"og:description\" content=\"2.1 Esimerkkiteht\u00e4v\u00e4 Excelill\u00e4 Esimerkki 1. Talletetaan 300 \u20ac tilille, jolle maksettava nettokorkokanta on 1,2 %. Kuinka paljon tilill\u00e4 on rahaa kymmenen vuoden kuluttua? Tietojen kirjoittaminen Exceliin Alla olevaan kuvakaappaukseen on kirjoitettu taulukon perustiedot. P\u00e4\u00e4oman laskeminen vuosittain. Klikkaa soluun B6. Kaava aloitetaan kirjoittamalla yht\u00e4suuruusmerkki =. Kaava solussa on =$B$1*$B$3^A6 Dollarin merkki sarakkeen kirjaintunnuksen edess\u00e4 tarkoittaa sit\u00e4, &hellip; Jatka lukemista 2 Ohjeet &rarr;\" \/>\n<meta property=\"og:url\" content=\"https:\/\/blogit.gradia.fi\/ostu\/4-excel\/\" \/>\n<meta property=\"og:site_name\" content=\"Korkolaskentaa\" \/>\n<meta property=\"article:modified_time\" content=\"2019-05-17T07:54:51+00:00\" \/>\n<meta property=\"og:image\" content=\"https:\/\/blogit.gradia.fi\/ostu\/wp-content\/uploads\/sites\/56\/2019\/05\/1-1.jpg\" \/>\n<meta name=\"twitter:card\" content=\"summary_large_image\" \/>\n<meta name=\"twitter:label1\" content=\"Arvioitu lukuaika\" \/>\n\t<meta name=\"twitter:data1\" content=\"1 minuutti\" \/>\n<script type=\"application\/ld+json\" class=\"yoast-schema-graph\">{\"@context\":\"https:\\\/\\\/schema.org\",\"@graph\":[{\"@type\":\"WebPage\",\"@id\":\"https:\\\/\\\/blogit.gradia.fi\\\/ostu\\\/4-excel\\\/\",\"url\":\"https:\\\/\\\/blogit.gradia.fi\\\/ostu\\\/4-excel\\\/\",\"name\":\"2 Ohjeet - Korkolaskentaa\",\"isPartOf\":{\"@id\":\"https:\\\/\\\/blogit.gradia.fi\\\/ostu\\\/#website\"},\"primaryImageOfPage\":{\"@id\":\"https:\\\/\\\/blogit.gradia.fi\\\/ostu\\\/4-excel\\\/#primaryimage\"},\"image\":{\"@id\":\"https:\\\/\\\/blogit.gradia.fi\\\/ostu\\\/4-excel\\\/#primaryimage\"},\"thumbnailUrl\":\"https:\\\/\\\/blogit.gradia.fi\\\/ostu\\\/wp-content\\\/uploads\\\/sites\\\/56\\\/2019\\\/05\\\/1-1.jpg\",\"datePublished\":\"2019-05-16T19:44:21+00:00\",\"dateModified\":\"2019-05-17T07:54:51+00:00\",\"breadcrumb\":{\"@id\":\"https:\\\/\\\/blogit.gradia.fi\\\/ostu\\\/4-excel\\\/#breadcrumb\"},\"inLanguage\":\"fi\",\"potentialAction\":[{\"@type\":\"ReadAction\",\"target\":[\"https:\\\/\\\/blogit.gradia.fi\\\/ostu\\\/4-excel\\\/\"]}]},{\"@type\":\"ImageObject\",\"inLanguage\":\"fi\",\"@id\":\"https:\\\/\\\/blogit.gradia.fi\\\/ostu\\\/4-excel\\\/#primaryimage\",\"url\":\"https:\\\/\\\/blogit.gradia.fi\\\/ostu\\\/wp-content\\\/uploads\\\/sites\\\/56\\\/2019\\\/05\\\/1-1.jpg\",\"contentUrl\":\"https:\\\/\\\/blogit.gradia.fi\\\/ostu\\\/wp-content\\\/uploads\\\/sites\\\/56\\\/2019\\\/05\\\/1-1.jpg\",\"width\":335,\"height\":455},{\"@type\":\"BreadcrumbList\",\"@id\":\"https:\\\/\\\/blogit.gradia.fi\\\/ostu\\\/4-excel\\\/#breadcrumb\",\"itemListElement\":[{\"@type\":\"ListItem\",\"position\":1,\"name\":\"Home\",\"item\":\"https:\\\/\\\/blogit.gradia.fi\\\/ostu\\\/\"},{\"@type\":\"ListItem\",\"position\":2,\"name\":\"2 Ohjeet\"}]},{\"@type\":\"WebSite\",\"@id\":\"https:\\\/\\\/blogit.gradia.fi\\\/ostu\\\/#website\",\"url\":\"https:\\\/\\\/blogit.gradia.fi\\\/ostu\\\/\",\"name\":\"Korkolaskentaa\",\"description\":\"Matematiikka\",\"potentialAction\":[{\"@type\":\"SearchAction\",\"target\":{\"@type\":\"EntryPoint\",\"urlTemplate\":\"https:\\\/\\\/blogit.gradia.fi\\\/ostu\\\/?s={search_term_string}\"},\"query-input\":{\"@type\":\"PropertyValueSpecification\",\"valueRequired\":true,\"valueName\":\"search_term_string\"}}],\"inLanguage\":\"fi\"}]}<\/script>\n<!-- \/ Yoast SEO plugin. -->","yoast_head_json":{"title":"2 Ohjeet - Korkolaskentaa","robots":{"index":"index","follow":"follow","max-snippet":"max-snippet:-1","max-image-preview":"max-image-preview:large","max-video-preview":"max-video-preview:-1"},"canonical":"https:\/\/blogit.gradia.fi\/ostu\/4-excel\/","og_locale":"fi_FI","og_type":"article","og_title":"2 Ohjeet - Korkolaskentaa","og_description":"2.1 Esimerkkiteht\u00e4v\u00e4 Excelill\u00e4 Esimerkki 1. Talletetaan 300 \u20ac tilille, jolle maksettava nettokorkokanta on 1,2 %. Kuinka paljon tilill\u00e4 on rahaa kymmenen vuoden kuluttua? Tietojen kirjoittaminen Exceliin Alla olevaan kuvakaappaukseen on kirjoitettu taulukon perustiedot. P\u00e4\u00e4oman laskeminen vuosittain. Klikkaa soluun B6. Kaava aloitetaan kirjoittamalla yht\u00e4suuruusmerkki =. Kaava solussa on =$B$1*$B$3^A6 Dollarin merkki sarakkeen kirjaintunnuksen edess\u00e4 tarkoittaa sit\u00e4, &hellip; Jatka lukemista 2 Ohjeet &rarr;","og_url":"https:\/\/blogit.gradia.fi\/ostu\/4-excel\/","og_site_name":"Korkolaskentaa","article_modified_time":"2019-05-17T07:54:51+00:00","og_image":[{"url":"https:\/\/blogit.gradia.fi\/ostu\/wp-content\/uploads\/sites\/56\/2019\/05\/1-1.jpg","type":"","width":"","height":""}],"twitter_card":"summary_large_image","twitter_misc":{"Arvioitu lukuaika":"1 minuutti"},"schema":{"@context":"https:\/\/schema.org","@graph":[{"@type":"WebPage","@id":"https:\/\/blogit.gradia.fi\/ostu\/4-excel\/","url":"https:\/\/blogit.gradia.fi\/ostu\/4-excel\/","name":"2 Ohjeet - Korkolaskentaa","isPartOf":{"@id":"https:\/\/blogit.gradia.fi\/ostu\/#website"},"primaryImageOfPage":{"@id":"https:\/\/blogit.gradia.fi\/ostu\/4-excel\/#primaryimage"},"image":{"@id":"https:\/\/blogit.gradia.fi\/ostu\/4-excel\/#primaryimage"},"thumbnailUrl":"https:\/\/blogit.gradia.fi\/ostu\/wp-content\/uploads\/sites\/56\/2019\/05\/1-1.jpg","datePublished":"2019-05-16T19:44:21+00:00","dateModified":"2019-05-17T07:54:51+00:00","breadcrumb":{"@id":"https:\/\/blogit.gradia.fi\/ostu\/4-excel\/#breadcrumb"},"inLanguage":"fi","potentialAction":[{"@type":"ReadAction","target":["https:\/\/blogit.gradia.fi\/ostu\/4-excel\/"]}]},{"@type":"ImageObject","inLanguage":"fi","@id":"https:\/\/blogit.gradia.fi\/ostu\/4-excel\/#primaryimage","url":"https:\/\/blogit.gradia.fi\/ostu\/wp-content\/uploads\/sites\/56\/2019\/05\/1-1.jpg","contentUrl":"https:\/\/blogit.gradia.fi\/ostu\/wp-content\/uploads\/sites\/56\/2019\/05\/1-1.jpg","width":335,"height":455},{"@type":"BreadcrumbList","@id":"https:\/\/blogit.gradia.fi\/ostu\/4-excel\/#breadcrumb","itemListElement":[{"@type":"ListItem","position":1,"name":"Home","item":"https:\/\/blogit.gradia.fi\/ostu\/"},{"@type":"ListItem","position":2,"name":"2 Ohjeet"}]},{"@type":"WebSite","@id":"https:\/\/blogit.gradia.fi\/ostu\/#website","url":"https:\/\/blogit.gradia.fi\/ostu\/","name":"Korkolaskentaa","description":"Matematiikka","potentialAction":[{"@type":"SearchAction","target":{"@type":"EntryPoint","urlTemplate":"https:\/\/blogit.gradia.fi\/ostu\/?s={search_term_string}"},"query-input":{"@type":"PropertyValueSpecification","valueRequired":true,"valueName":"search_term_string"}}],"inLanguage":"fi"}]}},"uagb_featured_image_src":{"full":false,"thumbnail":false,"medium":false,"medium_large":false,"large":false,"1536x1536":false,"2048x2048":false,"post-thumbnail":false},"uagb_author_info":{"display_name":"Hannu Tabell","author_link":"https:\/\/blogit.gradia.fi\/ostu\/author\/htabell\/"},"uagb_comment_info":0,"uagb_excerpt":"2.1 Esimerkkiteht\u00e4v\u00e4 Excelill\u00e4 Esimerkki 1. Talletetaan 300 \u20ac tilille, jolle maksettava nettokorkokanta on 1,2 %. Kuinka paljon tilill\u00e4 on rahaa kymmenen vuoden kuluttua? Tietojen kirjoittaminen Exceliin Alla olevaan kuvakaappaukseen on kirjoitettu taulukon perustiedot. P\u00e4\u00e4oman laskeminen vuosittain. Klikkaa soluun B6. Kaava aloitetaan kirjoittamalla yht\u00e4suuruusmerkki =. Kaava solussa on =$B$1*$B$3^A6 Dollarin merkki sarakkeen kirjaintunnuksen edess\u00e4 tarkoittaa sit\u00e4,&hellip;","_links":{"self":[{"href":"https:\/\/blogit.gradia.fi\/ostu\/wp-json\/wp\/v2\/pages\/518","targetHints":{"allow":["GET"]}}],"collection":[{"href":"https:\/\/blogit.gradia.fi\/ostu\/wp-json\/wp\/v2\/pages"}],"about":[{"href":"https:\/\/blogit.gradia.fi\/ostu\/wp-json\/wp\/v2\/types\/page"}],"author":[{"embeddable":true,"href":"https:\/\/blogit.gradia.fi\/ostu\/wp-json\/wp\/v2\/users\/111"}],"replies":[{"embeddable":true,"href":"https:\/\/blogit.gradia.fi\/ostu\/wp-json\/wp\/v2\/comments?post=518"}],"version-history":[{"count":20,"href":"https:\/\/blogit.gradia.fi\/ostu\/wp-json\/wp\/v2\/pages\/518\/revisions"}],"predecessor-version":[{"id":556,"href":"https:\/\/blogit.gradia.fi\/ostu\/wp-json\/wp\/v2\/pages\/518\/revisions\/556"}],"wp:attachment":[{"href":"https:\/\/blogit.gradia.fi\/ostu\/wp-json\/wp\/v2\/media?parent=518"}],"curies":[{"name":"wp","href":"https:\/\/api.w.org\/{rel}","templated":true}]}}