{"id":305,"date":"2019-04-28T22:12:32","date_gmt":"2019-04-28T19:12:32","guid":{"rendered":"https:\/\/blogit.gradia.fi\/ostu\/?page_id=305"},"modified":"2020-02-28T11:30:32","modified_gmt":"2020-02-28T09:30:32","slug":"tehtava","status":"publish","type":"page","link":"https:\/\/blogit.gradia.fi\/ostu\/tehtava\/","title":{"rendered":"1 Teht\u00e4v\u00e4t"},"content":{"rendered":"\n<p>Tee ohjaavalta opettajalta saamastasi teht\u00e4v\u00e4nannosta laskelmat sek\u00e4 laskimella ett\u00e4 Excel-taulukkolaskentaohjelmalla. <\/p>\n\n<h4>1 Matematiikka-osio<\/h4>\n<p id=\"oma3\"><b>Talletat vuoden alussa tilille <i>k<\/i> euroa<\/b>.<br>\na) Kuinka suureksi talletus kasvaa <i>n<\/i> vuodessa, jos tilin nettokorkokanta on koko ajan <i>p<\/i> %?<br>\nb) Kuinka suuri pit\u00e4isi vuosittaisen nettokorkokannan olla, jotta p\u00e4\u00e4oma kasvaisi <i>n<\/i> vuodessa <i>K<\/i> euroon?<br>\nc) Kuinka monen vuoden kuluttua p\u00e4\u00e4oma on kasvanut <i>K<\/i> euroon, jos tilin nettokorkokanta on <i>p<\/i> %?<\/p>\n<h4>2 Digi-osio<\/h4>\n<p id=\"oma3\"><b>T\u00e4ss\u00e4 teht\u00e4v\u00e4ss\u00e4 selvit\u00e4t, mit\u00e4 GDPR tarkoittaa.<\/b><br>\na) Mit\u00e4 kirjainyhdistelm\u00e4 GDPR tarkoittaa?<br>\nb) Milloin se on tullut voimaan? <br>\nc) Miksi GDPR-asetusta tarvitaan? <br>\nd) Millaisia tietoja sinusta ker\u00e4t\u00e4\u00e4n?<br> \ne) Miten voit selvitt\u00e4\u00e4, mit\u00e4 tietoja sinusta on ker\u00e4tty? <br>\nf) Miten GDPR-asetus on n\u00e4kynyt itsellesi?<\/p>\n\n\n<h4>Teht\u00e4vien tallentaminen OneDriveen<\/h4>\n<ul>\n<li>Tee OneDriveen kansio.<\/li>\n<\/ul>\n<p><a href=\"https:\/\/blogit.gradia.fi\/ostu\/wp-content\/uploads\/sites\/56\/2019\/12\/kansio.jpg\"><img loading=\"lazy\" decoding=\"async\" class=\"aligncenter  wp-image-571\" src=\"https:\/\/blogit.gradia.fi\/ostu\/wp-content\/uploads\/sites\/56\/2019\/12\/kansio.jpg\" alt=\"\" width=\"334\" height=\"129\" srcset=\"https:\/\/blogit.gradia.fi\/ostu\/wp-content\/uploads\/sites\/56\/2019\/12\/kansio.jpg 643w, https:\/\/blogit.gradia.fi\/ostu\/wp-content\/uploads\/sites\/56\/2019\/12\/kansio-300x116.jpg 300w\" sizes=\"auto, (max-width: 334px) 100vw, 334px\" \/><\/a><\/p>\n<ul>\n<li>Nime\u00e4 kansio seuraavasti: Ostu_Ryhm\u00e4_Sukunimi_Etunimi.<\/li>\n<li>Jaa kansio ohjaavan opettajan kanssa.<\/li>\n<\/ul>\n<p><b>Matematiikan laskinosuus<\/b><\/p>\n<ul>\n<li>Laske laskimella teht\u00e4v\u00e4t a), b), ja c).<\/li>\n<li>Kirjoita laskutoimitukset <a href=\"https:\/\/math-demo.abitti.fi\/\" target=\"_blank\" rel=\"noopener noreferrer\">Matikkaeditorilla<\/a>.<\/li>\n<li>Avaa OneDrivess\u00e4 ohjaavan opettajan kanssa jakamasi kansion sis\u00e4ll\u00e4 Word-asiakirja -sovellus.<\/li>\n<li>Kirjoita teht\u00e4v\u00e4n otsikoksi <i>Korkolaskentaa<\/i>.<\/li>\n<li>Anna tallennusnimeksi <i>Ostulaskut<\/i>.<\/li>\n<li>Selosta laskujen vaiheet Wordissa.<\/li>\n<li>Ota Matikkaeditorilla kirjoittamistasi laskutoimituksista kuvaruutukaappaus, kopioi ja liit\u00e4 Word-asiakirjaan.<\/li>\n<\/ul>\n<p><b>Matematiikan Excel Online -osuus<\/b><\/p>\n<ul>\n<li>Avaa OneDrivess\u00e4 ohjaavan opettajan kanssa jakamasi kansion sis\u00e4ll\u00e4 Excel-ty\u00f6kirja -sovellus.<\/li>\n<li>Anna tallennusnimeksi <i>Ostulaskut<\/i>.<\/li>\n<li>Tee teht\u00e4v\u00e4n a)-kohdasta laskelma, joka on samann\u00e4k\u00f6inen kuin videon esimerkki.<\/li>\n<\/ul>\n<p><strong>Digin osuus<\/strong><\/p>\n<ul>\n<li>Avaa OneDrivess\u00e4 ohjaavan opettajan kanssa jakamasi kansion sis\u00e4ll\u00e4 Word-asiakirja -sovellus.<\/li>\n<li>Kirjoita teht\u00e4v\u00e4n otsikoksi GDPR.<\/li>\n<li>Anna tallennusnimeksi <em>Digi.<\/em><\/li>\n<li>Vastaa Digi-osion kysymyksiin.<\/li>\n<\/ul>","protected":false},"excerpt":{"rendered":"<p>Tee ohjaavalta opettajalta saamastasi teht\u00e4v\u00e4nannosta laskelmat sek\u00e4 laskimella ett\u00e4 Excel-taulukkolaskentaohjelmalla. 1 Matematiikka-osio Talletat vuoden alussa tilille k euroa. a) Kuinka suureksi talletus kasvaa n vuodessa, jos tilin nettokorkokanta on koko ajan p %? b) Kuinka suuri pit\u00e4isi vuosittaisen nettokorkokannan olla, jotta p\u00e4\u00e4oma kasvaisi n vuodessa K euroon? c) Kuinka monen vuoden kuluttua p\u00e4\u00e4oma on kasvanut &hellip; <a href=\"https:\/\/blogit.gradia.fi\/ostu\/tehtava\/\" class=\"more-link\">Jatka lukemista <span class=\"screen-reader-text\">1 Teht\u00e4v\u00e4t<\/span> <span class=\"meta-nav\">&rarr;<\/span><\/a><\/p>\n","protected":false},"author":111,"featured_media":0,"parent":0,"menu_order":0,"comment_status":"closed","ping_status":"closed","template":"","meta":{"_uag_custom_page_level_css":"","footnotes":""},"class_list":["post-305","page","type-page","status-publish","hentry"],"yoast_head":"<!-- This site is optimized with the Yoast SEO plugin v27.4 - https:\/\/yoast.com\/product\/yoast-seo-wordpress\/ -->\n<title>1 Teht\u00e4v\u00e4t - Korkolaskentaa<\/title>\n<meta name=\"robots\" content=\"index, follow, max-snippet:-1, max-image-preview:large, max-video-preview:-1\" \/>\n<link rel=\"canonical\" href=\"https:\/\/blogit.gradia.fi\/ostu\/tehtava\/\" \/>\n<meta property=\"og:locale\" content=\"fi_FI\" \/>\n<meta property=\"og:type\" content=\"article\" \/>\n<meta property=\"og:title\" content=\"1 Teht\u00e4v\u00e4t - Korkolaskentaa\" \/>\n<meta property=\"og:description\" content=\"Tee ohjaavalta opettajalta saamastasi teht\u00e4v\u00e4nannosta laskelmat sek\u00e4 laskimella ett\u00e4 Excel-taulukkolaskentaohjelmalla. 1 Matematiikka-osio Talletat vuoden alussa tilille k euroa. a) Kuinka suureksi talletus kasvaa n vuodessa, jos tilin nettokorkokanta on koko ajan p %? b) Kuinka suuri pit\u00e4isi vuosittaisen nettokorkokannan olla, jotta p\u00e4\u00e4oma kasvaisi n vuodessa K euroon? c) Kuinka monen vuoden kuluttua p\u00e4\u00e4oma on kasvanut &hellip; Jatka lukemista 1 Teht\u00e4v\u00e4t &rarr;\" \/>\n<meta property=\"og:url\" content=\"https:\/\/blogit.gradia.fi\/ostu\/tehtava\/\" \/>\n<meta property=\"og:site_name\" content=\"Korkolaskentaa\" \/>\n<meta property=\"article:modified_time\" content=\"2020-02-28T09:30:32+00:00\" \/>\n<meta property=\"og:image\" content=\"https:\/\/blogit.gradia.fi\/ostu\/wp-content\/uploads\/sites\/56\/2019\/12\/kansio.jpg\" \/>\n<meta name=\"twitter:card\" content=\"summary_large_image\" \/>\n<meta name=\"twitter:label1\" content=\"Arvioitu lukuaika\" \/>\n\t<meta name=\"twitter:data1\" content=\"1 minuutti\" \/>\n<script type=\"application\/ld+json\" class=\"yoast-schema-graph\">{\"@context\":\"https:\\\/\\\/schema.org\",\"@graph\":[{\"@type\":\"WebPage\",\"@id\":\"https:\\\/\\\/blogit.gradia.fi\\\/ostu\\\/tehtava\\\/\",\"url\":\"https:\\\/\\\/blogit.gradia.fi\\\/ostu\\\/tehtava\\\/\",\"name\":\"1 Teht\u00e4v\u00e4t - Korkolaskentaa\",\"isPartOf\":{\"@id\":\"https:\\\/\\\/blogit.gradia.fi\\\/ostu\\\/#website\"},\"primaryImageOfPage\":{\"@id\":\"https:\\\/\\\/blogit.gradia.fi\\\/ostu\\\/tehtava\\\/#primaryimage\"},\"image\":{\"@id\":\"https:\\\/\\\/blogit.gradia.fi\\\/ostu\\\/tehtava\\\/#primaryimage\"},\"thumbnailUrl\":\"https:\\\/\\\/blogit.gradia.fi\\\/ostu\\\/wp-content\\\/uploads\\\/sites\\\/56\\\/2019\\\/12\\\/kansio.jpg\",\"datePublished\":\"2019-04-28T19:12:32+00:00\",\"dateModified\":\"2020-02-28T09:30:32+00:00\",\"breadcrumb\":{\"@id\":\"https:\\\/\\\/blogit.gradia.fi\\\/ostu\\\/tehtava\\\/#breadcrumb\"},\"inLanguage\":\"fi\",\"potentialAction\":[{\"@type\":\"ReadAction\",\"target\":[\"https:\\\/\\\/blogit.gradia.fi\\\/ostu\\\/tehtava\\\/\"]}]},{\"@type\":\"ImageObject\",\"inLanguage\":\"fi\",\"@id\":\"https:\\\/\\\/blogit.gradia.fi\\\/ostu\\\/tehtava\\\/#primaryimage\",\"url\":\"https:\\\/\\\/blogit.gradia.fi\\\/ostu\\\/wp-content\\\/uploads\\\/sites\\\/56\\\/2019\\\/12\\\/kansio.jpg\",\"contentUrl\":\"https:\\\/\\\/blogit.gradia.fi\\\/ostu\\\/wp-content\\\/uploads\\\/sites\\\/56\\\/2019\\\/12\\\/kansio.jpg\"},{\"@type\":\"BreadcrumbList\",\"@id\":\"https:\\\/\\\/blogit.gradia.fi\\\/ostu\\\/tehtava\\\/#breadcrumb\",\"itemListElement\":[{\"@type\":\"ListItem\",\"position\":1,\"name\":\"Home\",\"item\":\"https:\\\/\\\/blogit.gradia.fi\\\/ostu\\\/\"},{\"@type\":\"ListItem\",\"position\":2,\"name\":\"1 Teht\u00e4v\u00e4t\"}]},{\"@type\":\"WebSite\",\"@id\":\"https:\\\/\\\/blogit.gradia.fi\\\/ostu\\\/#website\",\"url\":\"https:\\\/\\\/blogit.gradia.fi\\\/ostu\\\/\",\"name\":\"Korkolaskentaa\",\"description\":\"Matematiikka\",\"potentialAction\":[{\"@type\":\"SearchAction\",\"target\":{\"@type\":\"EntryPoint\",\"urlTemplate\":\"https:\\\/\\\/blogit.gradia.fi\\\/ostu\\\/?s={search_term_string}\"},\"query-input\":{\"@type\":\"PropertyValueSpecification\",\"valueRequired\":true,\"valueName\":\"search_term_string\"}}],\"inLanguage\":\"fi\"}]}<\/script>\n<!-- \/ Yoast SEO plugin. -->","yoast_head_json":{"title":"1 Teht\u00e4v\u00e4t - Korkolaskentaa","robots":{"index":"index","follow":"follow","max-snippet":"max-snippet:-1","max-image-preview":"max-image-preview:large","max-video-preview":"max-video-preview:-1"},"canonical":"https:\/\/blogit.gradia.fi\/ostu\/tehtava\/","og_locale":"fi_FI","og_type":"article","og_title":"1 Teht\u00e4v\u00e4t - Korkolaskentaa","og_description":"Tee ohjaavalta opettajalta saamastasi teht\u00e4v\u00e4nannosta laskelmat sek\u00e4 laskimella ett\u00e4 Excel-taulukkolaskentaohjelmalla. 1 Matematiikka-osio Talletat vuoden alussa tilille k euroa. a) Kuinka suureksi talletus kasvaa n vuodessa, jos tilin nettokorkokanta on koko ajan p %? b) Kuinka suuri pit\u00e4isi vuosittaisen nettokorkokannan olla, jotta p\u00e4\u00e4oma kasvaisi n vuodessa K euroon? c) Kuinka monen vuoden kuluttua p\u00e4\u00e4oma on kasvanut &hellip; Jatka lukemista 1 Teht\u00e4v\u00e4t &rarr;","og_url":"https:\/\/blogit.gradia.fi\/ostu\/tehtava\/","og_site_name":"Korkolaskentaa","article_modified_time":"2020-02-28T09:30:32+00:00","og_image":[{"url":"https:\/\/blogit.gradia.fi\/ostu\/wp-content\/uploads\/sites\/56\/2019\/12\/kansio.jpg","type":"","width":"","height":""}],"twitter_card":"summary_large_image","twitter_misc":{"Arvioitu lukuaika":"1 minuutti"},"schema":{"@context":"https:\/\/schema.org","@graph":[{"@type":"WebPage","@id":"https:\/\/blogit.gradia.fi\/ostu\/tehtava\/","url":"https:\/\/blogit.gradia.fi\/ostu\/tehtava\/","name":"1 Teht\u00e4v\u00e4t - Korkolaskentaa","isPartOf":{"@id":"https:\/\/blogit.gradia.fi\/ostu\/#website"},"primaryImageOfPage":{"@id":"https:\/\/blogit.gradia.fi\/ostu\/tehtava\/#primaryimage"},"image":{"@id":"https:\/\/blogit.gradia.fi\/ostu\/tehtava\/#primaryimage"},"thumbnailUrl":"https:\/\/blogit.gradia.fi\/ostu\/wp-content\/uploads\/sites\/56\/2019\/12\/kansio.jpg","datePublished":"2019-04-28T19:12:32+00:00","dateModified":"2020-02-28T09:30:32+00:00","breadcrumb":{"@id":"https:\/\/blogit.gradia.fi\/ostu\/tehtava\/#breadcrumb"},"inLanguage":"fi","potentialAction":[{"@type":"ReadAction","target":["https:\/\/blogit.gradia.fi\/ostu\/tehtava\/"]}]},{"@type":"ImageObject","inLanguage":"fi","@id":"https:\/\/blogit.gradia.fi\/ostu\/tehtava\/#primaryimage","url":"https:\/\/blogit.gradia.fi\/ostu\/wp-content\/uploads\/sites\/56\/2019\/12\/kansio.jpg","contentUrl":"https:\/\/blogit.gradia.fi\/ostu\/wp-content\/uploads\/sites\/56\/2019\/12\/kansio.jpg"},{"@type":"BreadcrumbList","@id":"https:\/\/blogit.gradia.fi\/ostu\/tehtava\/#breadcrumb","itemListElement":[{"@type":"ListItem","position":1,"name":"Home","item":"https:\/\/blogit.gradia.fi\/ostu\/"},{"@type":"ListItem","position":2,"name":"1 Teht\u00e4v\u00e4t"}]},{"@type":"WebSite","@id":"https:\/\/blogit.gradia.fi\/ostu\/#website","url":"https:\/\/blogit.gradia.fi\/ostu\/","name":"Korkolaskentaa","description":"Matematiikka","potentialAction":[{"@type":"SearchAction","target":{"@type":"EntryPoint","urlTemplate":"https:\/\/blogit.gradia.fi\/ostu\/?s={search_term_string}"},"query-input":{"@type":"PropertyValueSpecification","valueRequired":true,"valueName":"search_term_string"}}],"inLanguage":"fi"}]}},"uagb_featured_image_src":{"full":false,"thumbnail":false,"medium":false,"medium_large":false,"large":false,"1536x1536":false,"2048x2048":false,"post-thumbnail":false},"uagb_author_info":{"display_name":"Hannu Tabell","author_link":"https:\/\/blogit.gradia.fi\/ostu\/author\/htabell\/"},"uagb_comment_info":0,"uagb_excerpt":"Tee ohjaavalta opettajalta saamastasi teht\u00e4v\u00e4nannosta laskelmat sek\u00e4 laskimella ett\u00e4 Excel-taulukkolaskentaohjelmalla. 1 Matematiikka-osio Talletat vuoden alussa tilille k euroa. a) Kuinka suureksi talletus kasvaa n vuodessa, jos tilin nettokorkokanta on koko ajan p %? b) Kuinka suuri pit\u00e4isi vuosittaisen nettokorkokannan olla, jotta p\u00e4\u00e4oma kasvaisi n vuodessa K euroon? c) Kuinka monen vuoden kuluttua p\u00e4\u00e4oma on kasvanut&hellip;","_links":{"self":[{"href":"https:\/\/blogit.gradia.fi\/ostu\/wp-json\/wp\/v2\/pages\/305","targetHints":{"allow":["GET"]}}],"collection":[{"href":"https:\/\/blogit.gradia.fi\/ostu\/wp-json\/wp\/v2\/pages"}],"about":[{"href":"https:\/\/blogit.gradia.fi\/ostu\/wp-json\/wp\/v2\/types\/page"}],"author":[{"embeddable":true,"href":"https:\/\/blogit.gradia.fi\/ostu\/wp-json\/wp\/v2\/users\/111"}],"replies":[{"embeddable":true,"href":"https:\/\/blogit.gradia.fi\/ostu\/wp-json\/wp\/v2\/comments?post=305"}],"version-history":[{"count":30,"href":"https:\/\/blogit.gradia.fi\/ostu\/wp-json\/wp\/v2\/pages\/305\/revisions"}],"predecessor-version":[{"id":575,"href":"https:\/\/blogit.gradia.fi\/ostu\/wp-json\/wp\/v2\/pages\/305\/revisions\/575"}],"wp:attachment":[{"href":"https:\/\/blogit.gradia.fi\/ostu\/wp-json\/wp\/v2\/media?parent=305"}],"curies":[{"name":"wp","href":"https:\/\/api.w.org\/{rel}","templated":true}]}}