{"id":2,"date":"2019-04-04T14:54:32","date_gmt":"2019-04-04T11:54:32","guid":{"rendered":"https:\/\/blogit.gradia.fi\/ostu\/?page_id=2"},"modified":"2019-09-02T08:42:48","modified_gmt":"2019-09-02T05:42:48","slug":"esimerkkisivu","status":"publish","type":"page","link":"https:\/\/blogit.gradia.fi\/ostu\/esimerkkisivu\/","title":{"rendered":"Tietoja"},"content":{"rendered":"\n<p>Otathan yhteytt\u00e4, jos tarvitset tukea miss\u00e4 tahansa teht\u00e4v\u00e4n tekemiseen liittyv\u00e4ss\u00e4 asiassa.<\/p>\n\n\n\n<p><strong>Ville Bayr<\/strong><br>Lehtori<br>ville.bayr(at)gradia.fi<\/p>\n\n\n\n<p><strong>Hannu Tabell<\/strong><br>Lehtori<br>hannu.tabell(at)gradia.fi <\/p>\n","protected":false},"excerpt":{"rendered":"<p>Otathan yhteytt\u00e4, jos tarvitset tukea miss\u00e4 tahansa teht\u00e4v\u00e4n tekemiseen liittyv\u00e4ss\u00e4 asiassa. Ville BayrLehtoriville.bayr(at)gradia.fi Hannu TabellLehtorihannu.tabell(at)gradia.fi<\/p>\n","protected":false},"author":111,"featured_media":0,"parent":0,"menu_order":0,"comment_status":"closed","ping_status":"open","template":"","meta":{"_uag_custom_page_level_css":"","footnotes":""},"class_list":["post-2","page","type-page","status-publish","hentry"],"yoast_head":"<!-- This site is optimized with the Yoast SEO plugin v27.4 - https:\/\/yoast.com\/product\/yoast-seo-wordpress\/ -->\n<title>Tietoja - Korkolaskentaa<\/title>\n<meta name=\"robots\" content=\"index, follow, max-snippet:-1, max-image-preview:large, max-video-preview:-1\" \/>\n<link rel=\"canonical\" href=\"https:\/\/blogit.gradia.fi\/ostu\/esimerkkisivu\/\" \/>\n<meta property=\"og:locale\" content=\"fi_FI\" \/>\n<meta property=\"og:type\" content=\"article\" \/>\n<meta property=\"og:title\" content=\"Tietoja - Korkolaskentaa\" \/>\n<meta property=\"og:description\" content=\"Otathan yhteytt\u00e4, jos tarvitset tukea miss\u00e4 tahansa teht\u00e4v\u00e4n tekemiseen liittyv\u00e4ss\u00e4 asiassa. Ville BayrLehtoriville.bayr(at)gradia.fi Hannu TabellLehtorihannu.tabell(at)gradia.fi\" \/>\n<meta property=\"og:url\" content=\"https:\/\/blogit.gradia.fi\/ostu\/esimerkkisivu\/\" \/>\n<meta property=\"og:site_name\" content=\"Korkolaskentaa\" \/>\n<meta property=\"article:modified_time\" content=\"2019-09-02T05:42:48+00:00\" \/>\n<meta name=\"twitter:card\" content=\"summary_large_image\" \/>\n<script type=\"application\/ld+json\" class=\"yoast-schema-graph\">{\"@context\":\"https:\\\/\\\/schema.org\",\"@graph\":[{\"@type\":\"WebPage\",\"@id\":\"https:\\\/\\\/blogit.gradia.fi\\\/ostu\\\/esimerkkisivu\\\/\",\"url\":\"https:\\\/\\\/blogit.gradia.fi\\\/ostu\\\/esimerkkisivu\\\/\",\"name\":\"Tietoja - Korkolaskentaa\",\"isPartOf\":{\"@id\":\"https:\\\/\\\/blogit.gradia.fi\\\/ostu\\\/#website\"},\"datePublished\":\"2019-04-04T11:54:32+00:00\",\"dateModified\":\"2019-09-02T05:42:48+00:00\",\"breadcrumb\":{\"@id\":\"https:\\\/\\\/blogit.gradia.fi\\\/ostu\\\/esimerkkisivu\\\/#breadcrumb\"},\"inLanguage\":\"fi\",\"potentialAction\":[{\"@type\":\"ReadAction\",\"target\":[\"https:\\\/\\\/blogit.gradia.fi\\\/ostu\\\/esimerkkisivu\\\/\"]}]},{\"@type\":\"BreadcrumbList\",\"@id\":\"https:\\\/\\\/blogit.gradia.fi\\\/ostu\\\/esimerkkisivu\\\/#breadcrumb\",\"itemListElement\":[{\"@type\":\"ListItem\",\"position\":1,\"name\":\"Home\",\"item\":\"https:\\\/\\\/blogit.gradia.fi\\\/ostu\\\/\"},{\"@type\":\"ListItem\",\"position\":2,\"name\":\"Tietoja\"}]},{\"@type\":\"WebSite\",\"@id\":\"https:\\\/\\\/blogit.gradia.fi\\\/ostu\\\/#website\",\"url\":\"https:\\\/\\\/blogit.gradia.fi\\\/ostu\\\/\",\"name\":\"Korkolaskentaa\",\"description\":\"Matematiikka\",\"potentialAction\":[{\"@type\":\"SearchAction\",\"target\":{\"@type\":\"EntryPoint\",\"urlTemplate\":\"https:\\\/\\\/blogit.gradia.fi\\\/ostu\\\/?s={search_term_string}\"},\"query-input\":{\"@type\":\"PropertyValueSpecification\",\"valueRequired\":true,\"valueName\":\"search_term_string\"}}],\"inLanguage\":\"fi\"}]}<\/script>\n<!-- \/ Yoast SEO plugin. -->","yoast_head_json":{"title":"Tietoja - Korkolaskentaa","robots":{"index":"index","follow":"follow","max-snippet":"max-snippet:-1","max-image-preview":"max-image-preview:large","max-video-preview":"max-video-preview:-1"},"canonical":"https:\/\/blogit.gradia.fi\/ostu\/esimerkkisivu\/","og_locale":"fi_FI","og_type":"article","og_title":"Tietoja - Korkolaskentaa","og_description":"Otathan yhteytt\u00e4, jos tarvitset tukea miss\u00e4 tahansa teht\u00e4v\u00e4n tekemiseen liittyv\u00e4ss\u00e4 asiassa. Ville BayrLehtoriville.bayr(at)gradia.fi Hannu TabellLehtorihannu.tabell(at)gradia.fi","og_url":"https:\/\/blogit.gradia.fi\/ostu\/esimerkkisivu\/","og_site_name":"Korkolaskentaa","article_modified_time":"2019-09-02T05:42:48+00:00","twitter_card":"summary_large_image","schema":{"@context":"https:\/\/schema.org","@graph":[{"@type":"WebPage","@id":"https:\/\/blogit.gradia.fi\/ostu\/esimerkkisivu\/","url":"https:\/\/blogit.gradia.fi\/ostu\/esimerkkisivu\/","name":"Tietoja - Korkolaskentaa","isPartOf":{"@id":"https:\/\/blogit.gradia.fi\/ostu\/#website"},"datePublished":"2019-04-04T11:54:32+00:00","dateModified":"2019-09-02T05:42:48+00:00","breadcrumb":{"@id":"https:\/\/blogit.gradia.fi\/ostu\/esimerkkisivu\/#breadcrumb"},"inLanguage":"fi","potentialAction":[{"@type":"ReadAction","target":["https:\/\/blogit.gradia.fi\/ostu\/esimerkkisivu\/"]}]},{"@type":"BreadcrumbList","@id":"https:\/\/blogit.gradia.fi\/ostu\/esimerkkisivu\/#breadcrumb","itemListElement":[{"@type":"ListItem","position":1,"name":"Home","item":"https:\/\/blogit.gradia.fi\/ostu\/"},{"@type":"ListItem","position":2,"name":"Tietoja"}]},{"@type":"WebSite","@id":"https:\/\/blogit.gradia.fi\/ostu\/#website","url":"https:\/\/blogit.gradia.fi\/ostu\/","name":"Korkolaskentaa","description":"Matematiikka","potentialAction":[{"@type":"SearchAction","target":{"@type":"EntryPoint","urlTemplate":"https:\/\/blogit.gradia.fi\/ostu\/?s={search_term_string}"},"query-input":{"@type":"PropertyValueSpecification","valueRequired":true,"valueName":"search_term_string"}}],"inLanguage":"fi"}]}},"uagb_featured_image_src":{"full":false,"thumbnail":false,"medium":false,"medium_large":false,"large":false,"1536x1536":false,"2048x2048":false,"post-thumbnail":false},"uagb_author_info":{"display_name":"Hannu Tabell","author_link":"https:\/\/blogit.gradia.fi\/ostu\/author\/htabell\/"},"uagb_comment_info":0,"uagb_excerpt":"Otathan yhteytt\u00e4, jos tarvitset tukea miss\u00e4 tahansa teht\u00e4v\u00e4n tekemiseen liittyv\u00e4ss\u00e4 asiassa. Ville BayrLehtoriville.bayr(at)gradia.fi Hannu TabellLehtorihannu.tabell(at)gradia.fi","_links":{"self":[{"href":"https:\/\/blogit.gradia.fi\/ostu\/wp-json\/wp\/v2\/pages\/2","targetHints":{"allow":["GET"]}}],"collection":[{"href":"https:\/\/blogit.gradia.fi\/ostu\/wp-json\/wp\/v2\/pages"}],"about":[{"href":"https:\/\/blogit.gradia.fi\/ostu\/wp-json\/wp\/v2\/types\/page"}],"author":[{"embeddable":true,"href":"https:\/\/blogit.gradia.fi\/ostu\/wp-json\/wp\/v2\/users\/111"}],"replies":[{"embeddable":true,"href":"https:\/\/blogit.gradia.fi\/ostu\/wp-json\/wp\/v2\/comments?post=2"}],"version-history":[{"count":11,"href":"https:\/\/blogit.gradia.fi\/ostu\/wp-json\/wp\/v2\/pages\/2\/revisions"}],"predecessor-version":[{"id":564,"href":"https:\/\/blogit.gradia.fi\/ostu\/wp-json\/wp\/v2\/pages\/2\/revisions\/564"}],"wp:attachment":[{"href":"https:\/\/blogit.gradia.fi\/ostu\/wp-json\/wp\/v2\/media?parent=2"}],"curies":[{"name":"wp","href":"https:\/\/api.w.org\/{rel}","templated":true}]}}