{"id":89,"date":"2018-10-03T13:18:03","date_gmt":"2018-10-03T10:18:03","guid":{"rendered":"https:\/\/blogit.gradia.fi\/ooodi\/?page_id=89"},"modified":"2020-01-30T15:26:49","modified_gmt":"2020-01-30T13:26:49","slug":"materiaalit","status":"publish","type":"page","link":"https:\/\/blogit.gradia.fi\/ooodi\/materiaalit\/","title":{"rendered":"Materiaalit"},"content":{"rendered":"\n<h2 class=\"wp-block-heading\">Digitutor-mallinnus<\/h2>\n\n\n\n<p>Digitutor toiminnan mallinnus, esitetty OPH:n Digioppimisen areenalla 4.12.2019, Jaana Virtanen, Gradia.  <a href=\"https:\/\/blogit.gradia.fi\/ooodi\/wp-content\/uploads\/sites\/21\/2019\/12\/Ammatillisen_koulutuksen_digitutor.pdf\">Tutustu esitykseen Ammatillisen koulutuksen digitutor.<\/a> <\/p>\n\n\n\n<h2 class=\"wp-block-heading\">Esitteet<\/h2>\n\n\n<p>Opiskelijoiden tuottamat esitteet hankkeelle:<\/p>\n<p><a href=\"https:\/\/blogit.gradia.fi\/ooodi\/wp-content\/uploads\/sites\/21\/2018\/10\/OOODI_esite.pdf\">OOODI_esite<\/a><\/p>\n<p><a href=\"https:\/\/blogit.gradia.fi\/ooodi\/wp-content\/uploads\/sites\/21\/2018\/10\/OOODi-esite-2.pdf\">OOODi-esite-2.pdf<\/a><\/p>\n<p><a href=\"https:\/\/blogit.gradia.fi\/ooodi\/wp-content\/uploads\/sites\/21\/2018\/10\/ooodi_esite-3.pdf\">ooodi_esite 3<\/a><\/p>\n<p>4.10.2018 Hanketorin esitys:&nbsp;&nbsp;<a href=\"https:\/\/blogit.gradia.fi\/ooodi\/wp-content\/uploads\/sites\/21\/2018\/10\/OOODi-\u2013-Opiskelijat-ohjaajat-ja-opettajat-yhdess\u00e4.pdf\">OOODi \u2013 Opiskelijat, ohjaajat ja opettajat yhdess\u00e4<\/a><\/p>\n<p>Redun esitys:&nbsp;<a href=\"https:\/\/blogit.gradia.fi\/ooodi\/wp-content\/uploads\/sites\/21\/2020\/01\/REDU-Digitutor.pptx\">Redu Digitutor<\/a><\/p>\n<p>Sataedun esitys: <a href=\"https:\/\/blogit.gradia.fi\/ooodi\/wp-content\/uploads\/sites\/21\/2020\/01\/Digitutor-Ty\u00f6el\u00e4m\u00e4n-digiosaaja-1.pdf\">Digitutor &#8211; Ty\u00f6el\u00e4m\u00e4n digiosaaja<\/a><\/p>\n<p><a href=\"https:\/\/blogit.gradia.fi\/ooodi\/wp-content\/uploads\/sites\/21\/2020\/01\/OOODI-TY\u00d6EL\u00c4M\u00c4N-DIGITUTOR.pdf\">Hankeverkoston avoin hanke-esittely 23.1.2020<\/a><\/p>\n\n\n<h2 class=\"wp-block-heading\">Digitutor-todistus<\/h2>\n\n\n\n<p>Lataa k\u00e4ytt\u00f6\u00f6si pohja todistukselle digitutor-toiminnasta. Todistuspohja on Word-tiedosto. <\/p>\n\n\n\n<div class=\"wp-block-file\"><a href=\"https:\/\/blogit.gradia.fi\/ooodi\/wp-content\/uploads\/sites\/21\/2019\/12\/Ooodi_digitutor_todistuspohja.docx\">Ooodi_digitutor_todistuspohja.docx<\/a><a href=\"https:\/\/blogit.gradia.fi\/ooodi\/wp-content\/uploads\/sites\/21\/2019\/12\/Ooodi_digitutor_todistuspohja.docx\" class=\"wp-block-file__button\" download>Lataa<\/a><\/div>\n\n\n\n<h2 class=\"wp-block-heading\">Logo<\/h2>\n\n\n\n<p>Lataa k\u00e4ytt\u00f6\u00f6si Digitutor-toiminnan logo. <\/p>\n\n\n\n<div class=\"wp-block-file\"><a href=\"https:\/\/blogit.gradia.fi\/ooodi\/wp-content\/uploads\/sites\/21\/2019\/12\/DigitutorOsaaAuttaa_logo.jpg\">DigitutorOsaaAuttaa_logo<\/a><a href=\"https:\/\/blogit.gradia.fi\/ooodi\/wp-content\/uploads\/sites\/21\/2019\/12\/DigitutorOsaaAuttaa_logo.jpg\" class=\"wp-block-file__button\" download>Lataa<\/a><\/div>\n\n\n\n<h2 class=\"wp-block-heading\">Oppimateriaali<\/h2>\n\n\n\n<p>Ooodi-hankkeessa on luotu materiaalia, jonka tarkoitus on kehitt\u00e4\u00e4 opiskelijan digitutor-valmiuksia. Digitutorkoulutus-materiaali toimii verkkokurssina ja tukimateriaalina. <a href=\"https:\/\/moodle.gradia.fi\/course\/view.php?id=42\">Tutustu Digitutorkoulutus-verkkokurssiin.<\/a> Voit tutustua kurssiin k\u00e4ytt\u00e4m\u00e4ll\u00e4 Vierailija-tunnuksia ellei sinulla ole HAKA, MPASS- tai Gradia-tunnuksia. Kurssi on toteutettu Moodle-kurssina ja voit ladata sen omaan k\u00e4ytt\u00f6\u00f6si ty\u00f6tilasta. Lisenssi on CC-BY.  <\/p>\n\n\n\n<h2 class=\"wp-block-heading\">Muut materiaalit<\/h2>\n\n\n\n<p><a href=\"https:\/\/blogit.gradia.fi\/ooodi\/wp-content\/uploads\/sites\/21\/2020\/01\/Digitaalinen-ammatti-identiteetti-raportti.pdf\">Sataedu: Digitaalinen ammatti-identiteetti &#8211; eteneminen ja kehitt\u00e4misideoita &#8211; raportti<\/a><br><\/p>\n\n\n\n<p><\/p>\n","protected":false},"excerpt":{"rendered":"<p>Digitutor-mallinnus Digitutor toiminnan mallinnus, esitetty OPH:n Digioppimisen areenalla 4.12.2019, Jaana Virtanen, Gradia. Tutustu esitykseen Ammatillisen koulutuksen digitutor. Esitteet Opiskelijoiden tuottamat esitteet hankkeelle: OOODI_esite OOODi-esite-2.pdf ooodi_esite 3 4.10.2018 Hanketorin esitys:&nbsp;&nbsp;OOODi \u2013 Opiskelijat, ohjaajat ja opettajat yhdess\u00e4 Redun esitys:&nbsp;Redu Digitutor Sataedun esitys: Digitutor &#8211; Ty\u00f6el\u00e4m\u00e4n digiosaaja Hankeverkoston avoin hanke-esittely 23.1.2020 Digitutor-todistus Lataa k\u00e4ytt\u00f6\u00f6si pohja todistukselle digitutor-toiminnasta. Todistuspohja [&hellip;]<\/p>\n","protected":false},"author":43,"featured_media":0,"parent":0,"menu_order":0,"comment_status":"closed","ping_status":"closed","template":"","meta":{"_uag_custom_page_level_css":"","footnotes":""},"class_list":["post-89","page","type-page","status-publish","hentry"],"yoast_head":"<!-- This site is optimized with the Yoast SEO plugin v27.3 - https:\/\/yoast.com\/product\/yoast-seo-wordpress\/ -->\n<title>Materiaalit - OOODi<\/title>\n<meta name=\"robots\" content=\"index, follow, max-snippet:-1, max-image-preview:large, max-video-preview:-1\" \/>\n<link rel=\"canonical\" href=\"https:\/\/blogit.gradia.fi\/ooodi\/materiaalit\/\" \/>\n<meta property=\"og:locale\" content=\"fi_FI\" \/>\n<meta property=\"og:type\" content=\"article\" \/>\n<meta property=\"og:title\" content=\"Materiaalit - OOODi\" \/>\n<meta property=\"og:description\" content=\"Digitutor-mallinnus Digitutor toiminnan mallinnus, esitetty OPH:n Digioppimisen areenalla 4.12.2019, Jaana Virtanen, Gradia. Tutustu esitykseen Ammatillisen koulutuksen digitutor. Esitteet Opiskelijoiden tuottamat esitteet hankkeelle: OOODI_esite OOODi-esite-2.pdf ooodi_esite 3 4.10.2018 Hanketorin esitys:&nbsp;&nbsp;OOODi \u2013 Opiskelijat, ohjaajat ja opettajat yhdess\u00e4 Redun esitys:&nbsp;Redu Digitutor Sataedun esitys: Digitutor &#8211; Ty\u00f6el\u00e4m\u00e4n digiosaaja Hankeverkoston avoin hanke-esittely 23.1.2020 Digitutor-todistus Lataa k\u00e4ytt\u00f6\u00f6si pohja todistukselle digitutor-toiminnasta. Todistuspohja [&hellip;]\" \/>\n<meta property=\"og:url\" content=\"https:\/\/blogit.gradia.fi\/ooodi\/materiaalit\/\" \/>\n<meta property=\"og:site_name\" content=\"OOODi\" \/>\n<meta property=\"article:modified_time\" content=\"2020-01-30T13:26:49+00:00\" \/>\n<meta name=\"twitter:card\" content=\"summary_large_image\" \/>\n<meta name=\"twitter:label1\" content=\"Arvioitu lukuaika\" \/>\n\t<meta name=\"twitter:data1\" content=\"1 minuutti\" \/>\n<script type=\"application\/ld+json\" class=\"yoast-schema-graph\">{\"@context\":\"https:\\\/\\\/schema.org\",\"@graph\":[{\"@type\":\"WebPage\",\"@id\":\"https:\\\/\\\/blogit.gradia.fi\\\/ooodi\\\/materiaalit\\\/\",\"url\":\"https:\\\/\\\/blogit.gradia.fi\\\/ooodi\\\/materiaalit\\\/\",\"name\":\"Materiaalit - OOODi\",\"isPartOf\":{\"@id\":\"https:\\\/\\\/blogit.gradia.fi\\\/ooodi\\\/#website\"},\"datePublished\":\"2018-10-03T10:18:03+00:00\",\"dateModified\":\"2020-01-30T13:26:49+00:00\",\"inLanguage\":\"fi\",\"potentialAction\":[{\"@type\":\"ReadAction\",\"target\":[\"https:\\\/\\\/blogit.gradia.fi\\\/ooodi\\\/materiaalit\\\/\"]}]},{\"@type\":\"WebSite\",\"@id\":\"https:\\\/\\\/blogit.gradia.fi\\\/ooodi\\\/#website\",\"url\":\"https:\\\/\\\/blogit.gradia.fi\\\/ooodi\\\/\",\"name\":\"OOODi\",\"description\":\"Opiskelijat, opettajat ja ohjaajat digitutoreina yhdess\u00e4\",\"potentialAction\":[{\"@type\":\"SearchAction\",\"target\":{\"@type\":\"EntryPoint\",\"urlTemplate\":\"https:\\\/\\\/blogit.gradia.fi\\\/ooodi\\\/?s={search_term_string}\"},\"query-input\":{\"@type\":\"PropertyValueSpecification\",\"valueRequired\":true,\"valueName\":\"search_term_string\"}}],\"inLanguage\":\"fi\"}]}<\/script>\n<!-- \/ Yoast SEO plugin. -->","yoast_head_json":{"title":"Materiaalit - OOODi","robots":{"index":"index","follow":"follow","max-snippet":"max-snippet:-1","max-image-preview":"max-image-preview:large","max-video-preview":"max-video-preview:-1"},"canonical":"https:\/\/blogit.gradia.fi\/ooodi\/materiaalit\/","og_locale":"fi_FI","og_type":"article","og_title":"Materiaalit - OOODi","og_description":"Digitutor-mallinnus Digitutor toiminnan mallinnus, esitetty OPH:n Digioppimisen areenalla 4.12.2019, Jaana Virtanen, Gradia. Tutustu esitykseen Ammatillisen koulutuksen digitutor. Esitteet Opiskelijoiden tuottamat esitteet hankkeelle: OOODI_esite OOODi-esite-2.pdf ooodi_esite 3 4.10.2018 Hanketorin esitys:&nbsp;&nbsp;OOODi \u2013 Opiskelijat, ohjaajat ja opettajat yhdess\u00e4 Redun esitys:&nbsp;Redu Digitutor Sataedun esitys: Digitutor &#8211; Ty\u00f6el\u00e4m\u00e4n digiosaaja Hankeverkoston avoin hanke-esittely 23.1.2020 Digitutor-todistus Lataa k\u00e4ytt\u00f6\u00f6si pohja todistukselle digitutor-toiminnasta. Todistuspohja [&hellip;]","og_url":"https:\/\/blogit.gradia.fi\/ooodi\/materiaalit\/","og_site_name":"OOODi","article_modified_time":"2020-01-30T13:26:49+00:00","twitter_card":"summary_large_image","twitter_misc":{"Arvioitu lukuaika":"1 minuutti"},"schema":{"@context":"https:\/\/schema.org","@graph":[{"@type":"WebPage","@id":"https:\/\/blogit.gradia.fi\/ooodi\/materiaalit\/","url":"https:\/\/blogit.gradia.fi\/ooodi\/materiaalit\/","name":"Materiaalit - OOODi","isPartOf":{"@id":"https:\/\/blogit.gradia.fi\/ooodi\/#website"},"datePublished":"2018-10-03T10:18:03+00:00","dateModified":"2020-01-30T13:26:49+00:00","inLanguage":"fi","potentialAction":[{"@type":"ReadAction","target":["https:\/\/blogit.gradia.fi\/ooodi\/materiaalit\/"]}]},{"@type":"WebSite","@id":"https:\/\/blogit.gradia.fi\/ooodi\/#website","url":"https:\/\/blogit.gradia.fi\/ooodi\/","name":"OOODi","description":"Opiskelijat, opettajat ja ohjaajat digitutoreina yhdess\u00e4","potentialAction":[{"@type":"SearchAction","target":{"@type":"EntryPoint","urlTemplate":"https:\/\/blogit.gradia.fi\/ooodi\/?s={search_term_string}"},"query-input":{"@type":"PropertyValueSpecification","valueRequired":true,"valueName":"search_term_string"}}],"inLanguage":"fi"}]}},"uagb_featured_image_src":{"full":false,"thumbnail":false,"medium":false,"medium_large":false,"large":false,"1536x1536":false,"2048x2048":false,"post-thumbnail":false},"uagb_author_info":{"display_name":"Jaana Virtanen","author_link":"https:\/\/blogit.gradia.fi\/ooodi\/author\/virtajaa\/"},"uagb_comment_info":0,"uagb_excerpt":"Digitutor-mallinnus Digitutor toiminnan mallinnus, esitetty OPH:n Digioppimisen areenalla 4.12.2019, Jaana Virtanen, Gradia. Tutustu esitykseen Ammatillisen koulutuksen digitutor. Esitteet Opiskelijoiden tuottamat esitteet hankkeelle: OOODI_esite OOODi-esite-2.pdf ooodi_esite 3 4.10.2018 Hanketorin esitys:&nbsp;&nbsp;OOODi \u2013 Opiskelijat, ohjaajat ja opettajat yhdess\u00e4 Redun esitys:&nbsp;Redu Digitutor Sataedun esitys: Digitutor &#8211; Ty\u00f6el\u00e4m\u00e4n digiosaaja Hankeverkoston avoin hanke-esittely 23.1.2020 Digitutor-todistus Lataa k\u00e4ytt\u00f6\u00f6si pohja todistukselle digitutor-toiminnasta. Todistuspohja&hellip;","_links":{"self":[{"href":"https:\/\/blogit.gradia.fi\/ooodi\/wp-json\/wp\/v2\/pages\/89","targetHints":{"allow":["GET"]}}],"collection":[{"href":"https:\/\/blogit.gradia.fi\/ooodi\/wp-json\/wp\/v2\/pages"}],"about":[{"href":"https:\/\/blogit.gradia.fi\/ooodi\/wp-json\/wp\/v2\/types\/page"}],"author":[{"embeddable":true,"href":"https:\/\/blogit.gradia.fi\/ooodi\/wp-json\/wp\/v2\/users\/43"}],"replies":[{"embeddable":true,"href":"https:\/\/blogit.gradia.fi\/ooodi\/wp-json\/wp\/v2\/comments?post=89"}],"version-history":[{"count":17,"href":"https:\/\/blogit.gradia.fi\/ooodi\/wp-json\/wp\/v2\/pages\/89\/revisions"}],"predecessor-version":[{"id":201,"href":"https:\/\/blogit.gradia.fi\/ooodi\/wp-json\/wp\/v2\/pages\/89\/revisions\/201"}],"wp:attachment":[{"href":"https:\/\/blogit.gradia.fi\/ooodi\/wp-json\/wp\/v2\/media?parent=89"}],"curies":[{"name":"wp","href":"https:\/\/api.w.org\/{rel}","templated":true}]}}