{"id":70,"date":"2018-07-31T10:41:11","date_gmt":"2018-07-31T07:41:11","guid":{"rendered":"https:\/\/blogit.gradia.fi\/ooodi\/?page_id=70"},"modified":"2018-07-31T13:41:31","modified_gmt":"2018-07-31T10:41:31","slug":"yhteystiedot","status":"publish","type":"page","link":"https:\/\/blogit.gradia.fi\/ooodi\/yhteystiedot\/","title":{"rendered":"Yhteystiedot"},"content":{"rendered":"<p><strong>Hankkeen koordinaattori<\/strong><\/p>\n<p>Jyv\u00e4skyl\u00e4n Koulutuskuntayhtym\u00e4<br \/>\nPL 472<br \/>\n40101 Jyv\u00e4skyl\u00e4<br \/>\nJaana Virtanen, jaana.virtanen@<span class=\"skimlinks-unlinked\">gradia.fi<\/span><br \/>\npuh.\u00a0040 341 4484<\/p>\n<p><strong>Hankkeen yhteisty\u00f6kumppanit:<\/strong><\/p>\n<p>Satakunnan koulutuskuntayhtym\u00e4<br \/>\nSuoratie 1<br \/>\n32801 Kokem\u00e4ki<br \/>\nPauliina Merikivi, pauliina.merikivi@<span class=\"skimlinks-unlinked\">sataedu.fi<\/span><br \/>\npuh. 040 199 4131<\/p>\n<p>Rovaniemen koulutuskuntayhtym\u00e4<br \/>\nJokiv\u00e4yl\u00e4 9<br \/>\n96300 Rovaniemi<br \/>\nJari Koivumaa, jari.koivumaa@<span class=\"skimlinks-unlinked\">redu.fi<\/span><br \/>\npuh.\u00a0\u00a0040 514 396<\/p>\n<p>SASKY koulutuskuntayhtym\u00e4<br \/>\nRatakatu 36<br \/>\n38210 Sastamala<br \/>\nMarita Laakso, marita.laakso@<span class=\"skimlinks-unlinked\">sasky.fi<\/span><br \/>\npuh.\u00a0040 585 7788<\/p>\n<p>Saimaan ammattiopisto Sampo<br \/>\nKoulukatu 5<br \/>\n55120 Imatra<br \/>\nMikko P\u00f6ll\u00f6nen, mikko.pollonen@<span class=\"skimlinks-unlinked\">edusampo.fi<\/span><br \/>\npuh. 040 147 6878<\/p>\n","protected":false},"excerpt":{"rendered":"<p>Hankkeen koordinaattori Jyv\u00e4skyl\u00e4n Koulutuskuntayhtym\u00e4 PL 472 40101 Jyv\u00e4skyl\u00e4 Jaana Virtanen, jaana.virtanen@gradia.fi puh.\u00a0040 341 4484 Hankkeen yhteisty\u00f6kumppanit: Satakunnan koulutuskuntayhtym\u00e4 Suoratie 1 32801 Kokem\u00e4ki Pauliina Merikivi, pauliina.merikivi@sataedu.fi puh. 040 199 4131 Rovaniemen koulutuskuntayhtym\u00e4 Jokiv\u00e4yl\u00e4 9 96300 Rovaniemi Jari Koivumaa, jari.koivumaa@redu.fi puh.\u00a0\u00a0040 514 396 SASKY koulutuskuntayhtym\u00e4 Ratakatu 36 38210 Sastamala Marita Laakso, marita.laakso@sasky.fi puh.\u00a0040 585 7788 Saimaan ammattiopisto [&hellip;]<\/p>\n","protected":false},"author":43,"featured_media":0,"parent":0,"menu_order":0,"comment_status":"closed","ping_status":"closed","template":"","meta":{"_uag_custom_page_level_css":"","footnotes":""},"class_list":["post-70","page","type-page","status-publish","hentry"],"yoast_head":"<!-- This site is optimized with the Yoast SEO plugin v27.3 - https:\/\/yoast.com\/product\/yoast-seo-wordpress\/ -->\n<title>Yhteystiedot - OOODi<\/title>\n<meta name=\"robots\" content=\"index, follow, max-snippet:-1, max-image-preview:large, max-video-preview:-1\" \/>\n<link rel=\"canonical\" href=\"https:\/\/blogit.gradia.fi\/ooodi\/yhteystiedot\/\" \/>\n<meta property=\"og:locale\" content=\"fi_FI\" \/>\n<meta property=\"og:type\" content=\"article\" \/>\n<meta property=\"og:title\" content=\"Yhteystiedot - OOODi\" \/>\n<meta property=\"og:description\" content=\"Hankkeen koordinaattori Jyv\u00e4skyl\u00e4n Koulutuskuntayhtym\u00e4 PL 472 40101 Jyv\u00e4skyl\u00e4 Jaana Virtanen, jaana.virtanen@gradia.fi puh.\u00a0040 341 4484 Hankkeen yhteisty\u00f6kumppanit: Satakunnan koulutuskuntayhtym\u00e4 Suoratie 1 32801 Kokem\u00e4ki Pauliina Merikivi, pauliina.merikivi@sataedu.fi puh. 040 199 4131 Rovaniemen koulutuskuntayhtym\u00e4 Jokiv\u00e4yl\u00e4 9 96300 Rovaniemi Jari Koivumaa, jari.koivumaa@redu.fi puh.\u00a0\u00a0040 514 396 SASKY koulutuskuntayhtym\u00e4 Ratakatu 36 38210 Sastamala Marita Laakso, marita.laakso@sasky.fi puh.\u00a0040 585 7788 Saimaan ammattiopisto [&hellip;]\" \/>\n<meta property=\"og:url\" content=\"https:\/\/blogit.gradia.fi\/ooodi\/yhteystiedot\/\" \/>\n<meta property=\"og:site_name\" content=\"OOODi\" \/>\n<meta property=\"article:modified_time\" content=\"2018-07-31T10:41:31+00:00\" \/>\n<meta name=\"twitter:card\" content=\"summary_large_image\" \/>\n<script type=\"application\/ld+json\" class=\"yoast-schema-graph\">{\"@context\":\"https:\\\/\\\/schema.org\",\"@graph\":[{\"@type\":\"WebPage\",\"@id\":\"https:\\\/\\\/blogit.gradia.fi\\\/ooodi\\\/yhteystiedot\\\/\",\"url\":\"https:\\\/\\\/blogit.gradia.fi\\\/ooodi\\\/yhteystiedot\\\/\",\"name\":\"Yhteystiedot - OOODi\",\"isPartOf\":{\"@id\":\"https:\\\/\\\/blogit.gradia.fi\\\/ooodi\\\/#website\"},\"datePublished\":\"2018-07-31T07:41:11+00:00\",\"dateModified\":\"2018-07-31T10:41:31+00:00\",\"inLanguage\":\"fi\",\"potentialAction\":[{\"@type\":\"ReadAction\",\"target\":[\"https:\\\/\\\/blogit.gradia.fi\\\/ooodi\\\/yhteystiedot\\\/\"]}]},{\"@type\":\"WebSite\",\"@id\":\"https:\\\/\\\/blogit.gradia.fi\\\/ooodi\\\/#website\",\"url\":\"https:\\\/\\\/blogit.gradia.fi\\\/ooodi\\\/\",\"name\":\"OOODi\",\"description\":\"Opiskelijat, opettajat ja ohjaajat digitutoreina yhdess\u00e4\",\"potentialAction\":[{\"@type\":\"SearchAction\",\"target\":{\"@type\":\"EntryPoint\",\"urlTemplate\":\"https:\\\/\\\/blogit.gradia.fi\\\/ooodi\\\/?s={search_term_string}\"},\"query-input\":{\"@type\":\"PropertyValueSpecification\",\"valueRequired\":true,\"valueName\":\"search_term_string\"}}],\"inLanguage\":\"fi\"}]}<\/script>\n<!-- \/ Yoast SEO plugin. -->","yoast_head_json":{"title":"Yhteystiedot - OOODi","robots":{"index":"index","follow":"follow","max-snippet":"max-snippet:-1","max-image-preview":"max-image-preview:large","max-video-preview":"max-video-preview:-1"},"canonical":"https:\/\/blogit.gradia.fi\/ooodi\/yhteystiedot\/","og_locale":"fi_FI","og_type":"article","og_title":"Yhteystiedot - OOODi","og_description":"Hankkeen koordinaattori Jyv\u00e4skyl\u00e4n Koulutuskuntayhtym\u00e4 PL 472 40101 Jyv\u00e4skyl\u00e4 Jaana Virtanen, jaana.virtanen@gradia.fi puh.\u00a0040 341 4484 Hankkeen yhteisty\u00f6kumppanit: Satakunnan koulutuskuntayhtym\u00e4 Suoratie 1 32801 Kokem\u00e4ki Pauliina Merikivi, pauliina.merikivi@sataedu.fi puh. 040 199 4131 Rovaniemen koulutuskuntayhtym\u00e4 Jokiv\u00e4yl\u00e4 9 96300 Rovaniemi Jari Koivumaa, jari.koivumaa@redu.fi puh.\u00a0\u00a0040 514 396 SASKY koulutuskuntayhtym\u00e4 Ratakatu 36 38210 Sastamala Marita Laakso, marita.laakso@sasky.fi puh.\u00a0040 585 7788 Saimaan ammattiopisto [&hellip;]","og_url":"https:\/\/blogit.gradia.fi\/ooodi\/yhteystiedot\/","og_site_name":"OOODi","article_modified_time":"2018-07-31T10:41:31+00:00","twitter_card":"summary_large_image","schema":{"@context":"https:\/\/schema.org","@graph":[{"@type":"WebPage","@id":"https:\/\/blogit.gradia.fi\/ooodi\/yhteystiedot\/","url":"https:\/\/blogit.gradia.fi\/ooodi\/yhteystiedot\/","name":"Yhteystiedot - OOODi","isPartOf":{"@id":"https:\/\/blogit.gradia.fi\/ooodi\/#website"},"datePublished":"2018-07-31T07:41:11+00:00","dateModified":"2018-07-31T10:41:31+00:00","inLanguage":"fi","potentialAction":[{"@type":"ReadAction","target":["https:\/\/blogit.gradia.fi\/ooodi\/yhteystiedot\/"]}]},{"@type":"WebSite","@id":"https:\/\/blogit.gradia.fi\/ooodi\/#website","url":"https:\/\/blogit.gradia.fi\/ooodi\/","name":"OOODi","description":"Opiskelijat, opettajat ja ohjaajat digitutoreina yhdess\u00e4","potentialAction":[{"@type":"SearchAction","target":{"@type":"EntryPoint","urlTemplate":"https:\/\/blogit.gradia.fi\/ooodi\/?s={search_term_string}"},"query-input":{"@type":"PropertyValueSpecification","valueRequired":true,"valueName":"search_term_string"}}],"inLanguage":"fi"}]}},"uagb_featured_image_src":{"full":false,"thumbnail":false,"medium":false,"medium_large":false,"large":false,"1536x1536":false,"2048x2048":false,"post-thumbnail":false},"uagb_author_info":{"display_name":"Jaana Virtanen","author_link":"https:\/\/blogit.gradia.fi\/ooodi\/author\/virtajaa\/"},"uagb_comment_info":0,"uagb_excerpt":"Hankkeen koordinaattori Jyv\u00e4skyl\u00e4n Koulutuskuntayhtym\u00e4 PL 472 40101 Jyv\u00e4skyl\u00e4 Jaana Virtanen, jaana.virtanen@gradia.fi puh.\u00a0040 341 4484 Hankkeen yhteisty\u00f6kumppanit: Satakunnan koulutuskuntayhtym\u00e4 Suoratie 1 32801 Kokem\u00e4ki Pauliina Merikivi, pauliina.merikivi@sataedu.fi puh. 040 199 4131 Rovaniemen koulutuskuntayhtym\u00e4 Jokiv\u00e4yl\u00e4 9 96300 Rovaniemi Jari Koivumaa, jari.koivumaa@redu.fi puh.\u00a0\u00a0040 514 396 SASKY koulutuskuntayhtym\u00e4 Ratakatu 36 38210 Sastamala Marita Laakso, marita.laakso@sasky.fi puh.\u00a0040 585 7788 Saimaan ammattiopisto&hellip;","_links":{"self":[{"href":"https:\/\/blogit.gradia.fi\/ooodi\/wp-json\/wp\/v2\/pages\/70","targetHints":{"allow":["GET"]}}],"collection":[{"href":"https:\/\/blogit.gradia.fi\/ooodi\/wp-json\/wp\/v2\/pages"}],"about":[{"href":"https:\/\/blogit.gradia.fi\/ooodi\/wp-json\/wp\/v2\/types\/page"}],"author":[{"embeddable":true,"href":"https:\/\/blogit.gradia.fi\/ooodi\/wp-json\/wp\/v2\/users\/43"}],"replies":[{"embeddable":true,"href":"https:\/\/blogit.gradia.fi\/ooodi\/wp-json\/wp\/v2\/comments?post=70"}],"version-history":[{"count":0,"href":"https:\/\/blogit.gradia.fi\/ooodi\/wp-json\/wp\/v2\/pages\/70\/revisions"}],"wp:attachment":[{"href":"https:\/\/blogit.gradia.fi\/ooodi\/wp-json\/wp\/v2\/media?parent=70"}],"curies":[{"name":"wp","href":"https:\/\/api.w.org\/{rel}","templated":true}]}}