{"id":51,"date":"2018-07-31T10:19:04","date_gmt":"2018-07-31T07:19:04","guid":{"rendered":"https:\/\/blogit.gradia.fi\/ooodi\/?page_id=51"},"modified":"2019-12-13T13:46:10","modified_gmt":"2019-12-13T11:46:10","slug":"51-2","status":"publish","type":"page","link":"https:\/\/blogit.gradia.fi\/ooodi\/","title":{"rendered":""},"content":{"rendered":"<p>OOODi-hanke on OPH:n Osaamisperusteisuuden edist\u00e4minen ja jakaminen &#8211; valtionavustusta. Hankkeen tavoitteena on luoda yhdess\u00e4 ty\u00f6el\u00e4m\u00e4n edustajien kanssa ty\u00f6el\u00e4m\u00e4n Digitutor- malli ja valmennuspolku. Hankkeessa hy\u00f6dynnet\u00e4\u00e4n opiskelijan digiosaamista&nbsp;ty\u00f6paikalla tapahtuvan oppimisen ohjauksessa. Digiosaava opiskelija on&nbsp;tuki ty\u00f6paikkaohjaajille ja opettajille.<\/p>\n<p>Hankkeen toteusaika 1.1.2018 &#8211; 31.12.2019.<\/p>\n<p>Hankkeen p\u00e4\u00e4koordinaattori on Jyv\u00e4skyl\u00e4n koulutuskuntayhtym\u00e4.<\/p>\n<p>Hankkeen muut toteuttajat:<\/p>\n<ul>\n<li>Rovaniemen koulutuskuntayhtym\u00e4<\/li>\n<li>Saimaan ammattiopisto Sampo<\/li>\n<li>Satakunnan koulutuskuntayhtym\u00e4<\/li>\n<li>SASKY koulutuskuntayhtym\u00e4<\/li>\n<\/ul>\n\n\n<figure class=\"wp-block-image\"><img loading=\"lazy\" decoding=\"async\" width=\"150\" height=\"150\" src=\"https:\/\/blogit.gradia.fi\/ooodi\/wp-content\/uploads\/sites\/21\/2019\/12\/DigitutorOsaaAuttaa_logo-150x150.jpg\" alt=\"Digitutor osaa auttaa - logo\" class=\"wp-image-160\" \/><\/figure>\n","protected":false},"excerpt":{"rendered":"<p>OOODi-hanke on OPH:n Osaamisperusteisuuden edist\u00e4minen ja jakaminen &#8211; valtionavustusta. Hankkeen tavoitteena on luoda yhdess\u00e4 ty\u00f6el\u00e4m\u00e4n edustajien kanssa ty\u00f6el\u00e4m\u00e4n Digitutor- malli ja valmennuspolku. Hankkeessa hy\u00f6dynnet\u00e4\u00e4n opiskelijan digiosaamista&nbsp;ty\u00f6paikalla tapahtuvan oppimisen ohjauksessa. Digiosaava opiskelija on&nbsp;tuki ty\u00f6paikkaohjaajille ja opettajille. Hankkeen toteusaika 1.1.2018 &#8211; 31.12.2019. Hankkeen p\u00e4\u00e4koordinaattori on Jyv\u00e4skyl\u00e4n koulutuskuntayhtym\u00e4. Hankkeen muut toteuttajat: Rovaniemen koulutuskuntayhtym\u00e4 Saimaan ammattiopisto Sampo Satakunnan koulutuskuntayhtym\u00e4 [&hellip;]<\/p>\n","protected":false},"author":43,"featured_media":0,"parent":0,"menu_order":0,"comment_status":"closed","ping_status":"closed","template":"","meta":{"_uag_custom_page_level_css":"","footnotes":""},"class_list":["post-51","page","type-page","status-publish","hentry"],"yoast_head":"<!-- This site is optimized with the Yoast SEO plugin v27.3 - https:\/\/yoast.com\/product\/yoast-seo-wordpress\/ -->\n<title>- OOODi<\/title>\n<meta name=\"robots\" content=\"index, follow, max-snippet:-1, max-image-preview:large, max-video-preview:-1\" \/>\n<link rel=\"canonical\" href=\"https:\/\/blogit.gradia.fi\/ooodi\/\" \/>\n<meta property=\"og:locale\" content=\"fi_FI\" \/>\n<meta property=\"og:type\" content=\"article\" \/>\n<meta property=\"og:title\" content=\"- OOODi\" \/>\n<meta property=\"og:description\" content=\"OOODi-hanke on OPH:n Osaamisperusteisuuden edist\u00e4minen ja jakaminen &#8211; valtionavustusta. Hankkeen tavoitteena on luoda yhdess\u00e4 ty\u00f6el\u00e4m\u00e4n edustajien kanssa ty\u00f6el\u00e4m\u00e4n Digitutor- malli ja valmennuspolku. Hankkeessa hy\u00f6dynnet\u00e4\u00e4n opiskelijan digiosaamista&nbsp;ty\u00f6paikalla tapahtuvan oppimisen ohjauksessa. Digiosaava opiskelija on&nbsp;tuki ty\u00f6paikkaohjaajille ja opettajille. Hankkeen toteusaika 1.1.2018 &#8211; 31.12.2019. Hankkeen p\u00e4\u00e4koordinaattori on Jyv\u00e4skyl\u00e4n koulutuskuntayhtym\u00e4. Hankkeen muut toteuttajat: Rovaniemen koulutuskuntayhtym\u00e4 Saimaan ammattiopisto Sampo Satakunnan koulutuskuntayhtym\u00e4 [&hellip;]\" \/>\n<meta property=\"og:url\" content=\"https:\/\/blogit.gradia.fi\/ooodi\/\" \/>\n<meta property=\"og:site_name\" content=\"OOODi\" \/>\n<meta property=\"article:modified_time\" content=\"2019-12-13T11:46:10+00:00\" \/>\n<meta property=\"og:image\" content=\"https:\/\/blogit.gradia.fi\/ooodi\/wp-content\/uploads\/sites\/21\/2019\/12\/DigitutorOsaaAuttaa_logo-150x150.jpg\" \/>\n<meta name=\"twitter:card\" content=\"summary_large_image\" \/>\n<script type=\"application\/ld+json\" class=\"yoast-schema-graph\">{\"@context\":\"https:\\\/\\\/schema.org\",\"@graph\":[{\"@type\":\"WebPage\",\"@id\":\"https:\\\/\\\/blogit.gradia.fi\\\/ooodi\\\/\",\"url\":\"https:\\\/\\\/blogit.gradia.fi\\\/ooodi\\\/\",\"name\":\"- OOODi\",\"isPartOf\":{\"@id\":\"https:\\\/\\\/blogit.gradia.fi\\\/ooodi\\\/#website\"},\"primaryImageOfPage\":{\"@id\":\"https:\\\/\\\/blogit.gradia.fi\\\/ooodi\\\/#primaryimage\"},\"image\":{\"@id\":\"https:\\\/\\\/blogit.gradia.fi\\\/ooodi\\\/#primaryimage\"},\"thumbnailUrl\":\"https:\\\/\\\/blogit.gradia.fi\\\/ooodi\\\/wp-content\\\/uploads\\\/sites\\\/21\\\/2019\\\/12\\\/DigitutorOsaaAuttaa_logo-150x150.jpg\",\"datePublished\":\"2018-07-31T07:19:04+00:00\",\"dateModified\":\"2019-12-13T11:46:10+00:00\",\"breadcrumb\":{\"@id\":\"https:\\\/\\\/blogit.gradia.fi\\\/ooodi\\\/#breadcrumb\"},\"inLanguage\":\"fi\",\"potentialAction\":[{\"@type\":\"ReadAction\",\"target\":[\"https:\\\/\\\/blogit.gradia.fi\\\/ooodi\\\/\"]}]},{\"@type\":\"ImageObject\",\"inLanguage\":\"fi\",\"@id\":\"https:\\\/\\\/blogit.gradia.fi\\\/ooodi\\\/#primaryimage\",\"url\":\"https:\\\/\\\/blogit.gradia.fi\\\/ooodi\\\/wp-content\\\/uploads\\\/sites\\\/21\\\/2019\\\/12\\\/DigitutorOsaaAuttaa_logo.jpg\",\"contentUrl\":\"https:\\\/\\\/blogit.gradia.fi\\\/ooodi\\\/wp-content\\\/uploads\\\/sites\\\/21\\\/2019\\\/12\\\/DigitutorOsaaAuttaa_logo.jpg\",\"width\":1386,\"height\":1283,\"caption\":\"Digitutor osaa auttaa - logo\"},{\"@type\":\"BreadcrumbList\",\"@id\":\"https:\\\/\\\/blogit.gradia.fi\\\/ooodi\\\/#breadcrumb\",\"itemListElement\":[]},{\"@type\":\"WebSite\",\"@id\":\"https:\\\/\\\/blogit.gradia.fi\\\/ooodi\\\/#website\",\"url\":\"https:\\\/\\\/blogit.gradia.fi\\\/ooodi\\\/\",\"name\":\"OOODi\",\"description\":\"Opiskelijat, opettajat ja ohjaajat digitutoreina yhdess\u00e4\",\"potentialAction\":[{\"@type\":\"SearchAction\",\"target\":{\"@type\":\"EntryPoint\",\"urlTemplate\":\"https:\\\/\\\/blogit.gradia.fi\\\/ooodi\\\/?s={search_term_string}\"},\"query-input\":{\"@type\":\"PropertyValueSpecification\",\"valueRequired\":true,\"valueName\":\"search_term_string\"}}],\"inLanguage\":\"fi\"}]}<\/script>\n<!-- \/ Yoast SEO plugin. -->","yoast_head_json":{"title":"- OOODi","robots":{"index":"index","follow":"follow","max-snippet":"max-snippet:-1","max-image-preview":"max-image-preview:large","max-video-preview":"max-video-preview:-1"},"canonical":"https:\/\/blogit.gradia.fi\/ooodi\/","og_locale":"fi_FI","og_type":"article","og_title":"- OOODi","og_description":"OOODi-hanke on OPH:n Osaamisperusteisuuden edist\u00e4minen ja jakaminen &#8211; valtionavustusta. Hankkeen tavoitteena on luoda yhdess\u00e4 ty\u00f6el\u00e4m\u00e4n edustajien kanssa ty\u00f6el\u00e4m\u00e4n Digitutor- malli ja valmennuspolku. Hankkeessa hy\u00f6dynnet\u00e4\u00e4n opiskelijan digiosaamista&nbsp;ty\u00f6paikalla tapahtuvan oppimisen ohjauksessa. Digiosaava opiskelija on&nbsp;tuki ty\u00f6paikkaohjaajille ja opettajille. Hankkeen toteusaika 1.1.2018 &#8211; 31.12.2019. Hankkeen p\u00e4\u00e4koordinaattori on Jyv\u00e4skyl\u00e4n koulutuskuntayhtym\u00e4. Hankkeen muut toteuttajat: Rovaniemen koulutuskuntayhtym\u00e4 Saimaan ammattiopisto Sampo Satakunnan koulutuskuntayhtym\u00e4 [&hellip;]","og_url":"https:\/\/blogit.gradia.fi\/ooodi\/","og_site_name":"OOODi","article_modified_time":"2019-12-13T11:46:10+00:00","og_image":[{"url":"https:\/\/blogit.gradia.fi\/ooodi\/wp-content\/uploads\/sites\/21\/2019\/12\/DigitutorOsaaAuttaa_logo-150x150.jpg","type":"","width":"","height":""}],"twitter_card":"summary_large_image","schema":{"@context":"https:\/\/schema.org","@graph":[{"@type":"WebPage","@id":"https:\/\/blogit.gradia.fi\/ooodi\/","url":"https:\/\/blogit.gradia.fi\/ooodi\/","name":"- OOODi","isPartOf":{"@id":"https:\/\/blogit.gradia.fi\/ooodi\/#website"},"primaryImageOfPage":{"@id":"https:\/\/blogit.gradia.fi\/ooodi\/#primaryimage"},"image":{"@id":"https:\/\/blogit.gradia.fi\/ooodi\/#primaryimage"},"thumbnailUrl":"https:\/\/blogit.gradia.fi\/ooodi\/wp-content\/uploads\/sites\/21\/2019\/12\/DigitutorOsaaAuttaa_logo-150x150.jpg","datePublished":"2018-07-31T07:19:04+00:00","dateModified":"2019-12-13T11:46:10+00:00","breadcrumb":{"@id":"https:\/\/blogit.gradia.fi\/ooodi\/#breadcrumb"},"inLanguage":"fi","potentialAction":[{"@type":"ReadAction","target":["https:\/\/blogit.gradia.fi\/ooodi\/"]}]},{"@type":"ImageObject","inLanguage":"fi","@id":"https:\/\/blogit.gradia.fi\/ooodi\/#primaryimage","url":"https:\/\/blogit.gradia.fi\/ooodi\/wp-content\/uploads\/sites\/21\/2019\/12\/DigitutorOsaaAuttaa_logo.jpg","contentUrl":"https:\/\/blogit.gradia.fi\/ooodi\/wp-content\/uploads\/sites\/21\/2019\/12\/DigitutorOsaaAuttaa_logo.jpg","width":1386,"height":1283,"caption":"Digitutor osaa auttaa - logo"},{"@type":"BreadcrumbList","@id":"https:\/\/blogit.gradia.fi\/ooodi\/#breadcrumb","itemListElement":[]},{"@type":"WebSite","@id":"https:\/\/blogit.gradia.fi\/ooodi\/#website","url":"https:\/\/blogit.gradia.fi\/ooodi\/","name":"OOODi","description":"Opiskelijat, opettajat ja ohjaajat digitutoreina yhdess\u00e4","potentialAction":[{"@type":"SearchAction","target":{"@type":"EntryPoint","urlTemplate":"https:\/\/blogit.gradia.fi\/ooodi\/?s={search_term_string}"},"query-input":{"@type":"PropertyValueSpecification","valueRequired":true,"valueName":"search_term_string"}}],"inLanguage":"fi"}]}},"uagb_featured_image_src":{"full":false,"thumbnail":false,"medium":false,"medium_large":false,"large":false,"1536x1536":false,"2048x2048":false,"post-thumbnail":false},"uagb_author_info":{"display_name":"Jaana Virtanen","author_link":"https:\/\/blogit.gradia.fi\/ooodi\/author\/virtajaa\/"},"uagb_comment_info":0,"uagb_excerpt":"OOODi-hanke on OPH:n Osaamisperusteisuuden edist\u00e4minen ja jakaminen &#8211; valtionavustusta. Hankkeen tavoitteena on luoda yhdess\u00e4 ty\u00f6el\u00e4m\u00e4n edustajien kanssa ty\u00f6el\u00e4m\u00e4n Digitutor- malli ja valmennuspolku. Hankkeessa hy\u00f6dynnet\u00e4\u00e4n opiskelijan digiosaamista&nbsp;ty\u00f6paikalla tapahtuvan oppimisen ohjauksessa. Digiosaava opiskelija on&nbsp;tuki ty\u00f6paikkaohjaajille ja opettajille. Hankkeen toteusaika 1.1.2018 &#8211; 31.12.2019. Hankkeen p\u00e4\u00e4koordinaattori on Jyv\u00e4skyl\u00e4n koulutuskuntayhtym\u00e4. Hankkeen muut toteuttajat: Rovaniemen koulutuskuntayhtym\u00e4 Saimaan ammattiopisto Sampo Satakunnan koulutuskuntayhtym\u00e4&hellip;","_links":{"self":[{"href":"https:\/\/blogit.gradia.fi\/ooodi\/wp-json\/wp\/v2\/pages\/51","targetHints":{"allow":["GET"]}}],"collection":[{"href":"https:\/\/blogit.gradia.fi\/ooodi\/wp-json\/wp\/v2\/pages"}],"about":[{"href":"https:\/\/blogit.gradia.fi\/ooodi\/wp-json\/wp\/v2\/types\/page"}],"author":[{"embeddable":true,"href":"https:\/\/blogit.gradia.fi\/ooodi\/wp-json\/wp\/v2\/users\/43"}],"replies":[{"embeddable":true,"href":"https:\/\/blogit.gradia.fi\/ooodi\/wp-json\/wp\/v2\/comments?post=51"}],"version-history":[{"count":1,"href":"https:\/\/blogit.gradia.fi\/ooodi\/wp-json\/wp\/v2\/pages\/51\/revisions"}],"predecessor-version":[{"id":161,"href":"https:\/\/blogit.gradia.fi\/ooodi\/wp-json\/wp\/v2\/pages\/51\/revisions\/161"}],"wp:attachment":[{"href":"https:\/\/blogit.gradia.fi\/ooodi\/wp-json\/wp\/v2\/media?parent=51"}],"curies":[{"name":"wp","href":"https:\/\/api.w.org\/{rel}","templated":true}]}}