{"id":2,"date":"2022-09-12T13:14:43","date_gmt":"2022-09-12T10:14:43","guid":{"rendered":"https:\/\/blogit.gradia.fi\/onnimakkula-tdpt2207\/?page_id=2"},"modified":"2022-09-12T13:14:43","modified_gmt":"2022-09-12T10:14:43","slug":"esimerkkisivu","status":"publish","type":"page","link":"https:\/\/blogit.gradia.fi\/onnimakkula-tdpt2207\/esimerkkisivu\/","title":{"rendered":"Esimerkkisivu"},"content":{"rendered":"\n<p>T\u00e4m\u00e4 on esimerkkisivu. Se eroaa artikkelista, sill\u00e4 se pysyy omalla paikallaan ja n\u00e4kyy sivustosi navigaatiossa (useimmissa teemoissa). Monet tekev\u00e4t ensimm\u00e4isen\u00e4 Tietoja-sivun, joka esittelee heid\u00e4t sivuston vierailijoille. Siihen voi kirjoittaa esimerkiksi jotain t\u00e4m\u00e4nkaltaista sis\u00e4lt\u00f6\u00e4:<\/p>\n\n\n\n<blockquote class=\"wp-block-quote is-layout-flow wp-block-quote-is-layout-flow\"><p>Tervehdys! P\u00e4iv\u00e4ty\u00f6kseni teen py\u00f6r\u00e4l\u00e4hetin hommia ja iltaisin toimin harrastelijateatterin parissa. N\u00e4m\u00e4 ovat minun ikiomat sivuni. Asun Paraisilla ja minulla on mahtava koira, jonka nimi on Jaakko. Pid\u00e4n pi&#241;a colada -drinkeist\u00e4 ja sateen ropinasta peltikatolla.<\/p><\/blockquote>\n\n\n\n<p>&#8230;tai jotain t\u00e4llaista:<\/p>\n\n\n\n<blockquote class=\"wp-block-quote is-layout-flow wp-block-quote-is-layout-flow\"><p>Hilavitkuttimet Oy perustettiin vuonna 1971 ja se on siit\u00e4 l\u00e4htien tuottanut asiakkailleen laadukkaita hilavitkuttimia. Yli 200 henkil\u00f6\u00e4 ty\u00f6llist\u00e4v\u00e4 Hilavitkuttimet Oy sijaitsee Salossa ja j\u00e4rjest\u00e4\u00e4 kaikenlaisia tempauksia paikallisen yhteis\u00f6n iloksi.<\/p><\/blockquote>\n\n\n\n<p>Uutena WordPress-k\u00e4ytt\u00e4j\u00e4n\u00e4, sinun kannattaa menn\u00e4 <a href=\"https:\/\/blogit.gradia.fi\/onnimakkula-tdpt2207\/wp-admin\/\">ohjauspaneeliisi<\/a> poistaaksesi t\u00e4m\u00e4n sivun ja luodaksesi uusia sivuja sis\u00e4ll\u00f6llesi. Pid\u00e4 hauskaa!<\/p>\n","protected":false},"excerpt":{"rendered":"<p>T\u00e4m\u00e4 on esimerkkisivu. Se eroaa artikkelista, sill\u00e4 se pysyy omalla paikallaan ja n\u00e4kyy sivustosi navigaatiossa (useimmissa teemoissa). Monet tekev\u00e4t ensimm\u00e4isen\u00e4 Tietoja-sivun, joka esittelee heid\u00e4t sivuston vierailijoille. Siihen voi kirjoittaa esimerkiksi jotain t\u00e4m\u00e4nkaltaista sis\u00e4lt\u00f6\u00e4: Tervehdys! P\u00e4iv\u00e4ty\u00f6kseni teen py\u00f6r\u00e4l\u00e4hetin hommia ja iltaisin toimin harrastelijateatterin parissa. N\u00e4m\u00e4 ovat minun ikiomat sivuni. Asun Paraisilla ja minulla on mahtava koira, &hellip; <a href=\"https:\/\/blogit.gradia.fi\/onnimakkula-tdpt2207\/esimerkkisivu\/\" class=\"more-link\">Jatka lukemista <span class=\"screen-reader-text\">Esimerkkisivu<\/span> <span class=\"meta-nav\">&rarr;<\/span><\/a><\/p>\n","protected":false},"author":865,"featured_media":0,"parent":0,"menu_order":0,"comment_status":"closed","ping_status":"open","template":"","meta":{"_uag_custom_page_level_css":"","footnotes":""},"class_list":["post-2","page","type-page","status-publish","hentry"],"yoast_head":"<!-- This site is optimized with the Yoast SEO plugin v27.2 - https:\/\/yoast.com\/product\/yoast-seo-wordpress\/ -->\n<title>Esimerkkisivu - Gradia artesaaniblogi 1. vuosi<\/title>\n<meta name=\"robots\" content=\"index, follow, max-snippet:-1, max-image-preview:large, max-video-preview:-1\" \/>\n<link rel=\"canonical\" href=\"https:\/\/blogit.gradia.fi\/onnimakkula-tdpt2207\/esimerkkisivu\/\" \/>\n<meta property=\"og:locale\" content=\"fi_FI\" \/>\n<meta property=\"og:type\" content=\"article\" \/>\n<meta property=\"og:title\" content=\"Esimerkkisivu - Gradia artesaaniblogi 1. vuosi\" \/>\n<meta property=\"og:description\" content=\"T\u00e4m\u00e4 on esimerkkisivu. Se eroaa artikkelista, sill\u00e4 se pysyy omalla paikallaan ja n\u00e4kyy sivustosi navigaatiossa (useimmissa teemoissa). Monet tekev\u00e4t ensimm\u00e4isen\u00e4 Tietoja-sivun, joka esittelee heid\u00e4t sivuston vierailijoille. Siihen voi kirjoittaa esimerkiksi jotain t\u00e4m\u00e4nkaltaista sis\u00e4lt\u00f6\u00e4: Tervehdys! P\u00e4iv\u00e4ty\u00f6kseni teen py\u00f6r\u00e4l\u00e4hetin hommia ja iltaisin toimin harrastelijateatterin parissa. N\u00e4m\u00e4 ovat minun ikiomat sivuni. Asun Paraisilla ja minulla on mahtava koira, &hellip; Jatka lukemista Esimerkkisivu &rarr;\" \/>\n<meta property=\"og:url\" content=\"https:\/\/blogit.gradia.fi\/onnimakkula-tdpt2207\/esimerkkisivu\/\" \/>\n<meta property=\"og:site_name\" content=\"Gradia artesaaniblogi 1. vuosi\" \/>\n<meta property=\"article:publisher\" content=\"https:\/\/www.facebook.com\/profile.php?id=100018609454834\" \/>\n<meta name=\"twitter:card\" content=\"summary_large_image\" \/>\n<meta name=\"twitter:label1\" content=\"Arvioitu lukuaika\" \/>\n\t<meta name=\"twitter:data1\" content=\"1 minuutti\" \/>\n<script type=\"application\/ld+json\" class=\"yoast-schema-graph\">{\"@context\":\"https:\/\/schema.org\",\"@graph\":[{\"@type\":\"WebPage\",\"@id\":\"https:\/\/blogit.gradia.fi\/onnimakkula-tdpt2207\/esimerkkisivu\/\",\"url\":\"https:\/\/blogit.gradia.fi\/onnimakkula-tdpt2207\/esimerkkisivu\/\",\"name\":\"Esimerkkisivu - Gradia artesaaniblogi 1. vuosi\",\"isPartOf\":{\"@id\":\"https:\/\/blogit.gradia.fi\/onnimakkula-tdpt2207\/#website\"},\"datePublished\":\"2022-09-12T10:14:43+00:00\",\"breadcrumb\":{\"@id\":\"https:\/\/blogit.gradia.fi\/onnimakkula-tdpt2207\/esimerkkisivu\/#breadcrumb\"},\"inLanguage\":\"fi\",\"potentialAction\":[{\"@type\":\"ReadAction\",\"target\":[\"https:\/\/blogit.gradia.fi\/onnimakkula-tdpt2207\/esimerkkisivu\/\"]}]},{\"@type\":\"BreadcrumbList\",\"@id\":\"https:\/\/blogit.gradia.fi\/onnimakkula-tdpt2207\/esimerkkisivu\/#breadcrumb\",\"itemListElement\":[{\"@type\":\"ListItem\",\"position\":1,\"name\":\"Etusivu\",\"item\":\"https:\/\/blogit.gradia.fi\/onnimakkula-tdpt2207\/\"},{\"@type\":\"ListItem\",\"position\":2,\"name\":\"Esimerkkisivu\"}]},{\"@type\":\"WebSite\",\"@id\":\"https:\/\/blogit.gradia.fi\/onnimakkula-tdpt2207\/#website\",\"url\":\"https:\/\/blogit.gradia.fi\/onnimakkula-tdpt2207\/\",\"name\":\"Gradia artesaaniblogi 1. vuosi\",\"description\":\"Blogi ensimm\u00e4isen vuoden opinnoistani gradia artesaani alalla\",\"publisher\":{\"@id\":\"https:\/\/blogit.gradia.fi\/onnimakkula-tdpt2207\/#\/schema\/person\/089fb2c92ead939f27f794fa2c083bee\"},\"potentialAction\":[{\"@type\":\"SearchAction\",\"target\":{\"@type\":\"EntryPoint\",\"urlTemplate\":\"https:\/\/blogit.gradia.fi\/onnimakkula-tdpt2207\/?s={search_term_string}\"},\"query-input\":{\"@type\":\"PropertyValueSpecification\",\"valueRequired\":true,\"valueName\":\"search_term_string\"}}],\"inLanguage\":\"fi\"},{\"@type\":[\"Person\",\"Organization\"],\"@id\":\"https:\/\/blogit.gradia.fi\/onnimakkula-tdpt2207\/#\/schema\/person\/089fb2c92ead939f27f794fa2c083bee\",\"name\":\"Onni Makkula\",\"image\":{\"@type\":\"ImageObject\",\"inLanguage\":\"fi\",\"@id\":\"https:\/\/secure.gravatar.com\/avatar\/4f971cc6e525cdbe77c9d6410e056222170cdee219f365b3fcbf262a49876e30?s=96&d=mm&r=g\",\"url\":\"https:\/\/secure.gravatar.com\/avatar\/4f971cc6e525cdbe77c9d6410e056222170cdee219f365b3fcbf262a49876e30?s=96&d=mm&r=g\",\"contentUrl\":\"https:\/\/secure.gravatar.com\/avatar\/4f971cc6e525cdbe77c9d6410e056222170cdee219f365b3fcbf262a49876e30?s=96&d=mm&r=g\",\"caption\":\"Onni Makkula\"},\"logo\":{\"@id\":\"https:\/\/secure.gravatar.com\/avatar\/4f971cc6e525cdbe77c9d6410e056222170cdee219f365b3fcbf262a49876e30?s=96&d=mm&r=g\"},\"sameAs\":[\"https:\/\/www.facebook.com\/profile.php?id=100018609454834\",\"https:\/\/www.instagram.com\/onnimakkula\/\"]}]}<\/script>\n<!-- \/ Yoast SEO plugin. -->","yoast_head_json":{"title":"Esimerkkisivu - Gradia artesaaniblogi 1. vuosi","robots":{"index":"index","follow":"follow","max-snippet":"max-snippet:-1","max-image-preview":"max-image-preview:large","max-video-preview":"max-video-preview:-1"},"canonical":"https:\/\/blogit.gradia.fi\/onnimakkula-tdpt2207\/esimerkkisivu\/","og_locale":"fi_FI","og_type":"article","og_title":"Esimerkkisivu - Gradia artesaaniblogi 1. vuosi","og_description":"T\u00e4m\u00e4 on esimerkkisivu. Se eroaa artikkelista, sill\u00e4 se pysyy omalla paikallaan ja n\u00e4kyy sivustosi navigaatiossa (useimmissa teemoissa). Monet tekev\u00e4t ensimm\u00e4isen\u00e4 Tietoja-sivun, joka esittelee heid\u00e4t sivuston vierailijoille. Siihen voi kirjoittaa esimerkiksi jotain t\u00e4m\u00e4nkaltaista sis\u00e4lt\u00f6\u00e4: Tervehdys! P\u00e4iv\u00e4ty\u00f6kseni teen py\u00f6r\u00e4l\u00e4hetin hommia ja iltaisin toimin harrastelijateatterin parissa. N\u00e4m\u00e4 ovat minun ikiomat sivuni. Asun Paraisilla ja minulla on mahtava koira, &hellip; Jatka lukemista Esimerkkisivu &rarr;","og_url":"https:\/\/blogit.gradia.fi\/onnimakkula-tdpt2207\/esimerkkisivu\/","og_site_name":"Gradia artesaaniblogi 1. vuosi","article_publisher":"https:\/\/www.facebook.com\/profile.php?id=100018609454834","twitter_card":"summary_large_image","twitter_misc":{"Arvioitu lukuaika":"1 minuutti"},"schema":{"@context":"https:\/\/schema.org","@graph":[{"@type":"WebPage","@id":"https:\/\/blogit.gradia.fi\/onnimakkula-tdpt2207\/esimerkkisivu\/","url":"https:\/\/blogit.gradia.fi\/onnimakkula-tdpt2207\/esimerkkisivu\/","name":"Esimerkkisivu - Gradia artesaaniblogi 1. vuosi","isPartOf":{"@id":"https:\/\/blogit.gradia.fi\/onnimakkula-tdpt2207\/#website"},"datePublished":"2022-09-12T10:14:43+00:00","breadcrumb":{"@id":"https:\/\/blogit.gradia.fi\/onnimakkula-tdpt2207\/esimerkkisivu\/#breadcrumb"},"inLanguage":"fi","potentialAction":[{"@type":"ReadAction","target":["https:\/\/blogit.gradia.fi\/onnimakkula-tdpt2207\/esimerkkisivu\/"]}]},{"@type":"BreadcrumbList","@id":"https:\/\/blogit.gradia.fi\/onnimakkula-tdpt2207\/esimerkkisivu\/#breadcrumb","itemListElement":[{"@type":"ListItem","position":1,"name":"Etusivu","item":"https:\/\/blogit.gradia.fi\/onnimakkula-tdpt2207\/"},{"@type":"ListItem","position":2,"name":"Esimerkkisivu"}]},{"@type":"WebSite","@id":"https:\/\/blogit.gradia.fi\/onnimakkula-tdpt2207\/#website","url":"https:\/\/blogit.gradia.fi\/onnimakkula-tdpt2207\/","name":"Gradia artesaaniblogi 1. vuosi","description":"Blogi ensimm\u00e4isen vuoden opinnoistani gradia artesaani alalla","publisher":{"@id":"https:\/\/blogit.gradia.fi\/onnimakkula-tdpt2207\/#\/schema\/person\/089fb2c92ead939f27f794fa2c083bee"},"potentialAction":[{"@type":"SearchAction","target":{"@type":"EntryPoint","urlTemplate":"https:\/\/blogit.gradia.fi\/onnimakkula-tdpt2207\/?s={search_term_string}"},"query-input":{"@type":"PropertyValueSpecification","valueRequired":true,"valueName":"search_term_string"}}],"inLanguage":"fi"},{"@type":["Person","Organization"],"@id":"https:\/\/blogit.gradia.fi\/onnimakkula-tdpt2207\/#\/schema\/person\/089fb2c92ead939f27f794fa2c083bee","name":"Onni Makkula","image":{"@type":"ImageObject","inLanguage":"fi","@id":"https:\/\/secure.gravatar.com\/avatar\/4f971cc6e525cdbe77c9d6410e056222170cdee219f365b3fcbf262a49876e30?s=96&d=mm&r=g","url":"https:\/\/secure.gravatar.com\/avatar\/4f971cc6e525cdbe77c9d6410e056222170cdee219f365b3fcbf262a49876e30?s=96&d=mm&r=g","contentUrl":"https:\/\/secure.gravatar.com\/avatar\/4f971cc6e525cdbe77c9d6410e056222170cdee219f365b3fcbf262a49876e30?s=96&d=mm&r=g","caption":"Onni Makkula"},"logo":{"@id":"https:\/\/secure.gravatar.com\/avatar\/4f971cc6e525cdbe77c9d6410e056222170cdee219f365b3fcbf262a49876e30?s=96&d=mm&r=g"},"sameAs":["https:\/\/www.facebook.com\/profile.php?id=100018609454834","https:\/\/www.instagram.com\/onnimakkula\/"]}]}},"uagb_featured_image_src":{"full":false,"thumbnail":false,"medium":false,"medium_large":false,"large":false,"1536x1536":false,"2048x2048":false,"post-thumbnail":false},"uagb_author_info":{"display_name":"Onni Makkula","author_link":"https:\/\/blogit.gradia.fi\/onnimakkula-tdpt2207\/author\/gr275766\/"},"uagb_comment_info":0,"uagb_excerpt":"T\u00e4m\u00e4 on esimerkkisivu. Se eroaa artikkelista, sill\u00e4 se pysyy omalla paikallaan ja n\u00e4kyy sivustosi navigaatiossa (useimmissa teemoissa). Monet tekev\u00e4t ensimm\u00e4isen\u00e4 Tietoja-sivun, joka esittelee heid\u00e4t sivuston vierailijoille. Siihen voi kirjoittaa esimerkiksi jotain t\u00e4m\u00e4nkaltaista sis\u00e4lt\u00f6\u00e4: Tervehdys! P\u00e4iv\u00e4ty\u00f6kseni teen py\u00f6r\u00e4l\u00e4hetin hommia ja iltaisin toimin harrastelijateatterin parissa. N\u00e4m\u00e4 ovat minun ikiomat sivuni. Asun Paraisilla ja minulla on mahtava koira,&hellip;","_links":{"self":[{"href":"https:\/\/blogit.gradia.fi\/onnimakkula-tdpt2207\/wp-json\/wp\/v2\/pages\/2","targetHints":{"allow":["GET"]}}],"collection":[{"href":"https:\/\/blogit.gradia.fi\/onnimakkula-tdpt2207\/wp-json\/wp\/v2\/pages"}],"about":[{"href":"https:\/\/blogit.gradia.fi\/onnimakkula-tdpt2207\/wp-json\/wp\/v2\/types\/page"}],"author":[{"embeddable":true,"href":"https:\/\/blogit.gradia.fi\/onnimakkula-tdpt2207\/wp-json\/wp\/v2\/users\/865"}],"replies":[{"embeddable":true,"href":"https:\/\/blogit.gradia.fi\/onnimakkula-tdpt2207\/wp-json\/wp\/v2\/comments?post=2"}],"version-history":[{"count":0,"href":"https:\/\/blogit.gradia.fi\/onnimakkula-tdpt2207\/wp-json\/wp\/v2\/pages\/2\/revisions"}],"wp:attachment":[{"href":"https:\/\/blogit.gradia.fi\/onnimakkula-tdpt2207\/wp-json\/wp\/v2\/media?parent=2"}],"curies":[{"name":"wp","href":"https:\/\/api.w.org\/{rel}","templated":true}]}}