{"id":55,"date":"2021-04-07T11:09:02","date_gmt":"2021-04-07T08:09:02","guid":{"rendered":"https:\/\/blogit.gradia.fi\/oikeusosata\/?page_id=55"},"modified":"2021-04-19T15:48:34","modified_gmt":"2021-04-19T12:48:34","slug":"vertaansa-vailla-verkostot-johtamisen-tukena-verkosto","status":"publish","type":"page","link":"https:\/\/blogit.gradia.fi\/oikeusosata\/vertaansa-vailla-verkostot-johtamisen-tukena-verkosto\/","title":{"rendered":"Vertaansa vailla &#8211; verkostot johtamisen tukena -verkosto"},"content":{"rendered":"\n<p>Alueverkostoa koordinoi <a href=\"https:\/\/www.omnia.fi\/tietoa-omniasta\/hankkeet\/osaamisen-kehittaminen\/vertaansa-vailla\" target=\"_blank\" rel=\"noreferrer noopener\">Espoon seudun koulutuskuntayhtym\u00e4 Omnia<\/a>, projektip\u00e4\u00e4llikk\u00f6n\u00e4 Jaanamari Torniainen. <\/p>\n\n\n\n<p>Kumppaniverkosto: <\/p>\n\n\n\n<ul class=\"wp-block-list\"><li>Jyv\u00e4skyl\u00e4n koulutuskuntayhtym\u00e4 Gradia<\/li><li><a href=\"https:\/\/www.kpedu.fi\/\" target=\"_blank\" rel=\"noreferrer noopener\">Keski-pohjanmaan koulutuskuntayhtym\u00e4 Kpedu<\/a><\/li><li><a href=\"https:\/\/www.luksia.fi\/tietoa-luksiasta\/kehittamisprojektit\/\" target=\"_blank\" rel=\"noreferrer noopener\">Luksia<\/a><\/li><li><a href=\"https:\/\/www.salpaus.fi\/info\/kehitamme-toimintaamme\/hankkeet\/vertaansa-vailla-verkostot-johtamisen-tukena\/\" target=\"_blank\" rel=\"noreferrer noopener\">Salpaus<\/a><\/li><li><a href=\"https:\/\/www.winnova.fi\/winnova\/hankkeet\/kaynnissa_olevat_hankkeet\/vertaansa_vailla_-_verkostojohtamisen_tukena.html\" target=\"_blank\" rel=\"noreferrer noopener\">L\u00e4nsirannikon Koulutus Oy WinNova<\/a><\/li><li><a href=\"https:\/\/www.redu.fi\/hankesivut\/vertaansavaillla\" target=\"_blank\" rel=\"noreferrer noopener\">Lapin koulutuskeskus Redu<\/a><\/li><li><a href=\"https:\/\/www.sedu.fi\/fi\/Tietoa-Sedusta\/Hanke--ja-innovaatiopalvelut\/Hankkeet\/Vertaansa-vailla\" target=\"_blank\" rel=\"noreferrer noopener\">Sein\u00e4joen koulutuskuntayhtym\u00e4 Sedu<\/a><\/li><li><a href=\"https:\/\/stadinao.fi\/\" target=\"_blank\" rel=\"noreferrer noopener\">Stadin ammattiopisto<\/a><\/li><li><a href=\"https:\/\/www.tredu.fi\/tietoa-tredusta\/tredunprojektit.html\" target=\"_blank\" rel=\"noreferrer noopener\">Tampereen seudun ammattiopisto Tredu<\/a><\/li><li><a href=\"https:\/\/sivistysvantaa.fi\/varia\/artikkelit\/ajankohtaista\/projektit.html\" target=\"_blank\" rel=\"noreferrer noopener\">Vantaan kaupunki Varia<\/a><\/li><li><a href=\"https:\/\/vamia.fi\/hankkeet\/kehittamishankkeet\/\" target=\"_blank\" rel=\"noreferrer noopener\">Vaasan kaupunki Vamia<\/a><\/li><li><a href=\"https:\/\/projekt.yrkesakademin.fi\/index.php\/details\/1\/198-vertaansa-vailla\" target=\"_blank\" rel=\"noreferrer noopener\">Yrkesakademin i \u00d6sterbotten<\/a>. <\/li><\/ul>\n\n\n\n<p>Hanke kuuluu valakunnalliseen Oikeus osata (3.1. ja 3.2.) -verkostoon, jota koordinoi Omnia, projektip\u00e4\u00e4llikk\u00f6n\u00e4 Kirsi Niskala.<\/p>\n","protected":false},"excerpt":{"rendered":"<p>Alueverkostoa koordinoi Espoon seudun koulutuskuntayhtym\u00e4 Omnia, projektip\u00e4\u00e4llikk\u00f6n\u00e4 Jaanamari Torniainen. Kumppaniverkosto: Jyv\u00e4skyl\u00e4n koulutuskuntayhtym\u00e4 Gradia Keski-pohjanmaan koulutuskuntayhtym\u00e4 Kpedu Luksia Salpaus L\u00e4nsirannikon Koulutus Oy WinNova Lapin koulutuskeskus Redu Sein\u00e4joen koulutuskuntayhtym\u00e4 Sedu Stadin ammattiopisto Tampereen seudun ammattiopisto Tredu&#46;&#46;&#46;<\/p>\n","protected":false},"author":725,"featured_media":0,"parent":0,"menu_order":0,"comment_status":"closed","ping_status":"closed","template":"","meta":{"_uag_custom_page_level_css":"","footnotes":""},"class_list":["post-55","page","type-page","status-publish","hentry"],"yoast_head":"<!-- This site is optimized with the Yoast SEO plugin v27.4 - https:\/\/yoast.com\/product\/yoast-seo-wordpress\/ -->\n<title>Vertaansa vailla - verkostot johtamisen tukena -verkosto - Oikeus osata<\/title>\n<meta name=\"robots\" content=\"index, follow, max-snippet:-1, max-image-preview:large, max-video-preview:-1\" \/>\n<link rel=\"canonical\" href=\"https:\/\/blogit.gradia.fi\/oikeusosata\/vertaansa-vailla-verkostot-johtamisen-tukena-verkosto\/\" \/>\n<meta property=\"og:locale\" content=\"fi_FI\" \/>\n<meta property=\"og:type\" content=\"article\" \/>\n<meta property=\"og:title\" content=\"Vertaansa vailla - verkostot johtamisen tukena -verkosto - Oikeus osata\" \/>\n<meta property=\"og:description\" content=\"Alueverkostoa koordinoi Espoon seudun koulutuskuntayhtym\u00e4 Omnia, projektip\u00e4\u00e4llikk\u00f6n\u00e4 Jaanamari Torniainen. Kumppaniverkosto: Jyv\u00e4skyl\u00e4n koulutuskuntayhtym\u00e4 Gradia Keski-pohjanmaan koulutuskuntayhtym\u00e4 Kpedu Luksia Salpaus L\u00e4nsirannikon Koulutus Oy WinNova Lapin koulutuskeskus Redu Sein\u00e4joen koulutuskuntayhtym\u00e4 Sedu Stadin ammattiopisto Tampereen seudun ammattiopisto Tredu&#046;&#046;&#046;\" \/>\n<meta property=\"og:url\" content=\"https:\/\/blogit.gradia.fi\/oikeusosata\/vertaansa-vailla-verkostot-johtamisen-tukena-verkosto\/\" \/>\n<meta property=\"og:site_name\" content=\"Oikeus osata\" \/>\n<meta property=\"article:modified_time\" content=\"2021-04-19T12:48:34+00:00\" \/>\n<meta name=\"twitter:card\" content=\"summary_large_image\" \/>\n<meta name=\"twitter:label1\" content=\"Arvioitu lukuaika\" \/>\n\t<meta name=\"twitter:data1\" content=\"1 minuutti\" \/>\n<script type=\"application\/ld+json\" class=\"yoast-schema-graph\">{\"@context\":\"https:\\\/\\\/schema.org\",\"@graph\":[{\"@type\":\"WebPage\",\"@id\":\"https:\\\/\\\/blogit.gradia.fi\\\/oikeusosata\\\/vertaansa-vailla-verkostot-johtamisen-tukena-verkosto\\\/\",\"url\":\"https:\\\/\\\/blogit.gradia.fi\\\/oikeusosata\\\/vertaansa-vailla-verkostot-johtamisen-tukena-verkosto\\\/\",\"name\":\"Vertaansa vailla - verkostot johtamisen tukena -verkosto - Oikeus osata\",\"isPartOf\":{\"@id\":\"https:\\\/\\\/blogit.gradia.fi\\\/oikeusosata\\\/#website\"},\"datePublished\":\"2021-04-07T08:09:02+00:00\",\"dateModified\":\"2021-04-19T12:48:34+00:00\",\"breadcrumb\":{\"@id\":\"https:\\\/\\\/blogit.gradia.fi\\\/oikeusosata\\\/vertaansa-vailla-verkostot-johtamisen-tukena-verkosto\\\/#breadcrumb\"},\"inLanguage\":\"fi\",\"potentialAction\":[{\"@type\":\"ReadAction\",\"target\":[\"https:\\\/\\\/blogit.gradia.fi\\\/oikeusosata\\\/vertaansa-vailla-verkostot-johtamisen-tukena-verkosto\\\/\"]}]},{\"@type\":\"BreadcrumbList\",\"@id\":\"https:\\\/\\\/blogit.gradia.fi\\\/oikeusosata\\\/vertaansa-vailla-verkostot-johtamisen-tukena-verkosto\\\/#breadcrumb\",\"itemListElement\":[{\"@type\":\"ListItem\",\"position\":1,\"name\":\"Etusivu\",\"item\":\"https:\\\/\\\/blogit.gradia.fi\\\/oikeusosata\\\/\"},{\"@type\":\"ListItem\",\"position\":2,\"name\":\"Vertaansa vailla &#8211; verkostot johtamisen tukena -verkosto\"}]},{\"@type\":\"WebSite\",\"@id\":\"https:\\\/\\\/blogit.gradia.fi\\\/oikeusosata\\\/#website\",\"url\":\"https:\\\/\\\/blogit.gradia.fi\\\/oikeusosata\\\/\",\"name\":\"Oikeus osata\",\"description\":\"Ammatillisen koulutuksen laatua ja tasa-arvoa parantava kehitt\u00e4misohjelma\",\"potentialAction\":[{\"@type\":\"SearchAction\",\"target\":{\"@type\":\"EntryPoint\",\"urlTemplate\":\"https:\\\/\\\/blogit.gradia.fi\\\/oikeusosata\\\/?s={search_term_string}\"},\"query-input\":{\"@type\":\"PropertyValueSpecification\",\"valueRequired\":true,\"valueName\":\"search_term_string\"}}],\"inLanguage\":\"fi\"}]}<\/script>\n<!-- \/ Yoast SEO plugin. -->","yoast_head_json":{"title":"Vertaansa vailla - verkostot johtamisen tukena -verkosto - Oikeus osata","robots":{"index":"index","follow":"follow","max-snippet":"max-snippet:-1","max-image-preview":"max-image-preview:large","max-video-preview":"max-video-preview:-1"},"canonical":"https:\/\/blogit.gradia.fi\/oikeusosata\/vertaansa-vailla-verkostot-johtamisen-tukena-verkosto\/","og_locale":"fi_FI","og_type":"article","og_title":"Vertaansa vailla - verkostot johtamisen tukena -verkosto - Oikeus osata","og_description":"Alueverkostoa koordinoi Espoon seudun koulutuskuntayhtym\u00e4 Omnia, projektip\u00e4\u00e4llikk\u00f6n\u00e4 Jaanamari Torniainen. Kumppaniverkosto: Jyv\u00e4skyl\u00e4n koulutuskuntayhtym\u00e4 Gradia Keski-pohjanmaan koulutuskuntayhtym\u00e4 Kpedu Luksia Salpaus L\u00e4nsirannikon Koulutus Oy WinNova Lapin koulutuskeskus Redu Sein\u00e4joen koulutuskuntayhtym\u00e4 Sedu Stadin ammattiopisto Tampereen seudun ammattiopisto Tredu&#46;&#46;&#46;","og_url":"https:\/\/blogit.gradia.fi\/oikeusosata\/vertaansa-vailla-verkostot-johtamisen-tukena-verkosto\/","og_site_name":"Oikeus osata","article_modified_time":"2021-04-19T12:48:34+00:00","twitter_card":"summary_large_image","twitter_misc":{"Arvioitu lukuaika":"1 minuutti"},"schema":{"@context":"https:\/\/schema.org","@graph":[{"@type":"WebPage","@id":"https:\/\/blogit.gradia.fi\/oikeusosata\/vertaansa-vailla-verkostot-johtamisen-tukena-verkosto\/","url":"https:\/\/blogit.gradia.fi\/oikeusosata\/vertaansa-vailla-verkostot-johtamisen-tukena-verkosto\/","name":"Vertaansa vailla - verkostot johtamisen tukena -verkosto - Oikeus osata","isPartOf":{"@id":"https:\/\/blogit.gradia.fi\/oikeusosata\/#website"},"datePublished":"2021-04-07T08:09:02+00:00","dateModified":"2021-04-19T12:48:34+00:00","breadcrumb":{"@id":"https:\/\/blogit.gradia.fi\/oikeusosata\/vertaansa-vailla-verkostot-johtamisen-tukena-verkosto\/#breadcrumb"},"inLanguage":"fi","potentialAction":[{"@type":"ReadAction","target":["https:\/\/blogit.gradia.fi\/oikeusosata\/vertaansa-vailla-verkostot-johtamisen-tukena-verkosto\/"]}]},{"@type":"BreadcrumbList","@id":"https:\/\/blogit.gradia.fi\/oikeusosata\/vertaansa-vailla-verkostot-johtamisen-tukena-verkosto\/#breadcrumb","itemListElement":[{"@type":"ListItem","position":1,"name":"Etusivu","item":"https:\/\/blogit.gradia.fi\/oikeusosata\/"},{"@type":"ListItem","position":2,"name":"Vertaansa vailla &#8211; verkostot johtamisen tukena -verkosto"}]},{"@type":"WebSite","@id":"https:\/\/blogit.gradia.fi\/oikeusosata\/#website","url":"https:\/\/blogit.gradia.fi\/oikeusosata\/","name":"Oikeus osata","description":"Ammatillisen koulutuksen laatua ja tasa-arvoa parantava kehitt\u00e4misohjelma","potentialAction":[{"@type":"SearchAction","target":{"@type":"EntryPoint","urlTemplate":"https:\/\/blogit.gradia.fi\/oikeusosata\/?s={search_term_string}"},"query-input":{"@type":"PropertyValueSpecification","valueRequired":true,"valueName":"search_term_string"}}],"inLanguage":"fi"}]}},"uagb_featured_image_src":{"full":false,"thumbnail":false,"medium":false,"medium_large":false,"large":false,"1536x1536":false,"2048x2048":false,"thumb-small":false,"thumb-standard":false,"thumb-medium":false,"thumb-large":false,"thumb-xlarge":false,"thumb-xxlarge":false},"uagb_author_info":{"display_name":"Anne Maria Tikkanen","author_link":"https:\/\/blogit.gradia.fi\/oikeusosata\/author\/tikkaann\/"},"uagb_comment_info":0,"uagb_excerpt":"Alueverkostoa koordinoi Espoon seudun koulutuskuntayhtym\u00e4 Omnia, projektip\u00e4\u00e4llikk\u00f6n\u00e4 Jaanamari Torniainen. Kumppaniverkosto: Jyv\u00e4skyl\u00e4n koulutuskuntayhtym\u00e4 Gradia Keski-pohjanmaan koulutuskuntayhtym\u00e4 Kpedu Luksia Salpaus L\u00e4nsirannikon Koulutus Oy WinNova Lapin koulutuskeskus Redu Sein\u00e4joen koulutuskuntayhtym\u00e4 Sedu Stadin ammattiopisto Tampereen seudun ammattiopisto Tredu&#46;&#46;&#46;","_links":{"self":[{"href":"https:\/\/blogit.gradia.fi\/oikeusosata\/wp-json\/wp\/v2\/pages\/55","targetHints":{"allow":["GET"]}}],"collection":[{"href":"https:\/\/blogit.gradia.fi\/oikeusosata\/wp-json\/wp\/v2\/pages"}],"about":[{"href":"https:\/\/blogit.gradia.fi\/oikeusosata\/wp-json\/wp\/v2\/types\/page"}],"author":[{"embeddable":true,"href":"https:\/\/blogit.gradia.fi\/oikeusosata\/wp-json\/wp\/v2\/users\/725"}],"replies":[{"embeddable":true,"href":"https:\/\/blogit.gradia.fi\/oikeusosata\/wp-json\/wp\/v2\/comments?post=55"}],"version-history":[{"count":3,"href":"https:\/\/blogit.gradia.fi\/oikeusosata\/wp-json\/wp\/v2\/pages\/55\/revisions"}],"predecessor-version":[{"id":127,"href":"https:\/\/blogit.gradia.fi\/oikeusosata\/wp-json\/wp\/v2\/pages\/55\/revisions\/127"}],"wp:attachment":[{"href":"https:\/\/blogit.gradia.fi\/oikeusosata\/wp-json\/wp\/v2\/media?parent=55"}],"curies":[{"name":"wp","href":"https:\/\/api.w.org\/{rel}","templated":true}]}}