{"id":492,"date":"2022-05-25T09:33:36","date_gmt":"2022-05-25T06:33:36","guid":{"rendered":"https:\/\/blogit.gradia.fi\/oikeusosata\/?page_id=492"},"modified":"2022-06-29T10:29:41","modified_gmt":"2022-06-29T07:29:41","slug":"osallistu-ja-voi-hyvin-tulokset","status":"publish","type":"page","link":"https:\/\/blogit.gradia.fi\/oikeusosata\/osallistu-ja-voi-hyvin-tulokset\/","title":{"rendered":"Osallistu ja voi hyvin hankkeen tulokset"},"content":{"rendered":"\n<p>Osallistu ja voi hyvin hankkeessa keski\u00f6ss\u00e4 on ollut opiskelijoiden vaikuttamismahdollisuudet, osallisuus, yhteis\u00f6llisyys sek\u00e4 turvallisuuden edist\u00e4minen.<\/p>\n\n\n\n<p>T\u00e4ss\u00e4 tulokset kootusti, alempana tuloksista tarkemmin<\/p>\n\n\n\n<div class=\"wp-block-file\"><a id=\"wp-block-file--media-a23034e6-5d62-4652-8d26-abaca4f70aaa\" href=\"https:\/\/blogit.gradia.fi\/oikeusosata\/wp-content\/uploads\/sites\/193\/2022\/06\/Tulokset-kootusti-1.pdf\">Tulokset-kootusti-1<\/a><a href=\"https:\/\/blogit.gradia.fi\/oikeusosata\/wp-content\/uploads\/sites\/193\/2022\/06\/Tulokset-kootusti-1.pdf\" class=\"wp-block-file__button\" download aria-describedby=\"wp-block-file--media-a23034e6-5d62-4652-8d26-abaca4f70aaa\">Lataa<\/a><\/div>\n\n\n\n<p class=\"has-medium-font-size\"><strong>2.1<\/strong>&nbsp;<strong>Opiskelijoiden vaikuttamismahdollisuudet<\/strong><\/p>\n\n\n\n<p>Opiskelijakuntatoiminnan aktiivisuuden, l\u00e4pin\u00e4kyvyyden&nbsp;ja vaikuttavan toiminnan edist\u00e4minen\u202fsek\u00e4 Opiskelijoiden&nbsp;vaikuttamismahdollisuuksien&nbsp;systemaattisen toimintamallin luominen.<\/p>\n\n\n\n<p><strong>Mun Gradia eli opiskelijoiden intra, jossa lis\u00e4tietoa opiskelija vaikuttamismahdollisuuksista Gradiassa.<\/strong><\/p>\n\n\n\n<h2 class=\"wp-block-heading\" style=\"font-size:16px\"><a href=\"https:\/\/jaofi.sharepoint.com\/sites\/mungradia-monta-tapaa-vaikuttaa\" target=\"_blank\" rel=\"noreferrer noopener\">https:\/\/jaofi.sharepoint.com\/sites\/mungradia-monta-tapaa-vaikuttaa<\/a><strong> &nbsp;<\/strong>(Gradia tunnuksilla)<\/h2>\n\n\n\n<p><a href=\"https:\/\/blogit.gradia.fi\/oikeusosata\/wp-content\/uploads\/sites\/193\/2021\/11\/Opiskelijoiden-osallisuus-diat-vaikuttamisesta-sh-1.pdf\">Opiskelijoiden-osallisuus-diat-vaikuttamisesta-sh-1<\/a><\/p>\n\n\n\n<p><strong>Opiskelijaraadin perustaminen ja raadin toimiminen<\/strong><\/p>\n\n\n\n<p>&nbsp;<strong><a href=\"https:\/\/www.thinglink.com\/card\/1506964637915021313\" target=\"_blank\" rel=\"noreferrer noopener\">https:\/\/www.thinglink.com\/card\/1506964637915021313<\/a><\/strong><\/p>\n\n\n\n<p><strong>Video opiskelijaraadissa toimimisesta<\/strong><\/p>\n\n\n\n<p><a href=\"https:\/\/eur03.safelinks.protection.outlook.com\/?url=https%3A%2F%2Fgradia.cloud.panopto.eu%2FPanopto%2FPages%2FViewer.aspx%3Fid%3D09ad89e9-c795-478e-945a-ae9a006ede19&amp;data=05%7C01%7Cannukka.norontaus%40gradia.fi%7C7013767ea7ae4823a0f108da3e1d5e7b%7C4e1441812f68401faa869ec9e400e6b3%7C0%7C0%7C637890593102543779%7CUnknown%7CTWFpbGZsb3d8eyJWIjoiMC4wLjAwMDAiLCJQIjoiV2luMzIiLCJBTiI6Ik1haWwiLCJXVCI6Mn0%3D%7C3000%7C%7C%7C&amp;sdata=5sCJAQG7hv7fqoP%2Bba%2BedqdFt%2FSRRxiWR9XwBalJUSo%3D&amp;reserved=0\">Opiskelijaraadit<\/a><\/p>\n\n\n\n<p>Vi<strong>deo opiskelijakunnassa toimimisesta<\/strong><\/p>\n\n\n\n<p><a href=\"https:\/\/eur03.safelinks.protection.outlook.com\/?url=https%3A%2F%2Fgradia.cloud.panopto.eu%2FPanopto%2FPages%2FViewer.aspx%3Fid%3Dccdf5de6-469d-4b85-8eca-ae9a006f81dd&amp;data=05%7C01%7Cannukka.norontaus%40gradia.fi%7C7013767ea7ae4823a0f108da3e1d5e7b%7C4e1441812f68401faa869ec9e400e6b3%7C0%7C0%7C637890593102543779%7CUnknown%7CTWFpbGZsb3d8eyJWIjoiMC4wLjAwMDAiLCJQIjoiV2luMzIiLCJBTiI6Ik1haWwiLCJXVCI6Mn0%3D%7C3000%7C%7C%7C&amp;sdata=f8jMXSeWc21t1MTOxT9csxYYqYQxSyrkqtDDE0ssECE%3D&amp;reserved=0\">Opiskelijakunnat<\/a><\/p>\n\n\n\n<p><strong>Opinnollistaminen: Opiskelijaraadissa ja opiskelijakunnassa toimiminen opinnoiksi<\/strong><\/p>\n\n\n\n<div class=\"wp-block-file\"><a id=\"wp-block-file--media-479ec48f-029c-4039-a710-c9cd50eb1622\" href=\"https:\/\/blogit.gradia.fi\/oikeusosata\/wp-content\/uploads\/sites\/193\/2022\/06\/Opiskelijaraadissa-toimiminen.xlsx\">Opiskelijaraadissa-toimiminen<\/a><a href=\"https:\/\/blogit.gradia.fi\/oikeusosata\/wp-content\/uploads\/sites\/193\/2022\/06\/Opiskelijaraadissa-toimiminen.xlsx\" class=\"wp-block-file__button\" download aria-describedby=\"wp-block-file--media-479ec48f-029c-4039-a710-c9cd50eb1622\">Lataa<\/a><\/div>\n\n\n\n<div class=\"wp-block-file\"><a id=\"wp-block-file--media-9676d8f3-e770-402f-ae2c-1896ae3da7e9\" href=\"https:\/\/blogit.gradia.fi\/oikeusosata\/wp-content\/uploads\/sites\/193\/2022\/06\/Opiskelijakunnassa-toimiminen.xlsx\">Opiskelijakunnassa-toimiminen<\/a><a href=\"https:\/\/blogit.gradia.fi\/oikeusosata\/wp-content\/uploads\/sites\/193\/2022\/06\/Opiskelijakunnassa-toimiminen.xlsx\" class=\"wp-block-file__button\" download aria-describedby=\"wp-block-file--media-9676d8f3-e770-402f-ae2c-1896ae3da7e9\">Lataa<\/a><\/div>\n\n\n\n<p class=\"has-medium-font-size\"><strong>2.3 Yhteis\u00f6llisen toimintakulttuurin&nbsp;vahvistaminen<\/strong><\/p>\n\n\n\n<p>Hyvinvoinnin ja yhteis\u00f6llisyyden merkityksellisyyden\u202fvahvistaminen sek\u00e4 henkil\u00f6st\u00f6n hyvinvointiosaamisen lis\u00e4\u00e4minen.<\/p>\n\n\n\n<p><\/p>\n\n\n\n<p><strong>Tutortoiminnan mallin kehitt\u00e4minen sek\u00e4 toiminnan k\u00e4ynnist\u00e4mi<\/strong>nen<\/p>\n\n\n\n<p><a href=\"https:\/\/www.thinglink.com\/scene\/1585696441718800387\">https:\/\/www.thinglink.com\/scene\/1585696441718800387<\/a><\/p>\n\n\n\n<p><strong>Video tutorina toimimisesta<\/strong><\/p>\n\n\n\n<p><a href=\"https:\/\/eur03.safelinks.protection.outlook.com\/?url=https%3A%2F%2Fgradia.cloud.panopto.eu%2FPanopto%2FPages%2FViewer.aspx%3Fid%3D3e1566e5-e02c-4808-8ea2-ae9a0068d46a&amp;data=05%7C01%7Cannukka.norontaus%40gradia.fi%7C7013767ea7ae4823a0f108da3e1d5e7b%7C4e1441812f68401faa869ec9e400e6b3%7C0%7C0%7C637890593102543779%7CUnknown%7CTWFpbGZsb3d8eyJWIjoiMC4wLjAwMDAiLCJQIjoiV2luMzIiLCJBTiI6Ik1haWwiLCJXVCI6Mn0%3D%7C3000%7C%7C%7C&amp;sdata=gqOTVZwCQG2L1LAMyOrZAsHbg%2FXsORbao3muf3Vr8s4%3D&amp;reserved=0\">Tutortoiminta<\/a><\/p>\n\n\n\n<p><strong>Opinnollistaminen, tutorina toimiminen opinnoiksi<\/strong><\/p>\n\n\n\n<div class=\"wp-block-file\"><a id=\"wp-block-file--media-16301ba9-5e88-4739-9b4e-6ea4caa7e98c\" href=\"https:\/\/blogit.gradia.fi\/oikeusosata\/wp-content\/uploads\/sites\/193\/2022\/06\/Tutorina-toimiminen.xlsx\">Tutorina-toimiminen<\/a><a href=\"https:\/\/blogit.gradia.fi\/oikeusosata\/wp-content\/uploads\/sites\/193\/2022\/06\/Tutorina-toimiminen.xlsx\" class=\"wp-block-file__button\" download aria-describedby=\"wp-block-file--media-16301ba9-5e88-4739-9b4e-6ea4caa7e98c\">Lataa<\/a><\/div>\n\n\n\n<p><strong>Hyvinvoinnin ja yhteis\u00f6llisyyden vuosikello<\/strong><\/p>\n\n\n\n<p><a href=\"https:\/\/www.thinglink.com\/scene\/1585212348698722307\">https:\/\/www.thinglink.com\/scene\/1585212348698722307<\/a><\/p>\n\n\n\n<p><strong>Henkil\u00f6st\u00f6n hyvinvointiosaamisen webinaarisarja, yhteisty\u00f6ss\u00e4 hankeverkoston sek\u00e4 Pit\u00e4v\u00e4\u00e4 ohjausta hankkeen kanssa<\/strong><\/p>\n\n\n\n<div class=\"wp-block-file\"><a id=\"wp-block-file--media-29a2081b-5cf1-40b5-93ca-12b9edc5d455\" href=\"https:\/\/blogit.gradia.fi\/oikeusosata\/wp-content\/uploads\/sites\/193\/2022\/05\/webinaarisarja-henkilosto-2021_2022-1.pdf\">webinaarisarja-henkilosto-2021_2022-1<\/a><a href=\"https:\/\/blogit.gradia.fi\/oikeusosata\/wp-content\/uploads\/sites\/193\/2022\/05\/webinaarisarja-henkilosto-2021_2022-1.pdf\" class=\"wp-block-file__button\" download aria-describedby=\"wp-block-file--media-29a2081b-5cf1-40b5-93ca-12b9edc5d455\">Lataa<\/a><\/div>\n\n\n\n<p class=\"has-medium-font-size\"><strong>\u202f2.4 Turvallisuuden edist\u00e4minen<\/strong><\/p>\n\n\n\n<p>Turvallisuuden vahvistaminen osana kokonaisvaltaista hyvinvointia.<\/p>\n\n\n\n<p>Kolme eri teemoin toteuttua viikon mittaista kampanjaa, jotka ovat teemoineen kirjattu my\u00f6s Gradian yhteiseen hyvinvoinnin ja yhteis\u00f6llisyyden vuosikelloon. Teemaviikot: <\/p>\n\n\n\n<p>Savuton kampus yhdess\u00e4 opiskelijaterveydenhuollon kanssa<\/p>\n\n\n\n<p>P\u00e4ihteet ja huumeet Ole voittaja &#8221;luentoina&#8221; eri kampuksilla sek\u00e4 <\/p>\n\n\n\n<p>Yhdess\u00e4 verkoston kanssa kampanja someturvallisuudesta Ole hereill\u00e4 somessa! T\u00e4ss\u00e4 nostimme esiin someturvallisuuden merkityst\u00e4 seksuaalisuuden, radikalisoitumisen sek\u00e4 arjen somek\u00e4ytt\u00e4ytymisen n\u00e4k\u00f6kulmista (materiaali ja somepostaukset)<\/p>\n\n\n\n<p>Podcast seksuaalisesta h\u00e4irinn\u00e4st\u00e4 somessa  <\/p>\n\n\n\n<p><a href=\"https:\/\/www.livesaatio.fi\/live-media\/ole-hereilla-somessa\">https:\/\/www.livesaatio.fi\/live-media\/ole-hereilla-somessa<\/a><\/p>\n\n\n\n<p>Arjen turvallisuus somessa, video Konstaapeli Daniel<\/p>\n\n\n\n<p> <a href=\"https:\/\/youtu.be\/s4BaxGe7_zk\">https:\/\/youtu.be\/s4BaxGe7_zk<\/a><\/p>\n\n\n\n<p>Radikalisoituminen<\/p>\n\n\n\n<div class=\"wp-block-file\"><a id=\"wp-block-file--media-18436ed5-ae58-4511-85db-5f23cd188932\" href=\"https:\/\/blogit.gradia.fi\/oikeusosata\/wp-content\/uploads\/sites\/193\/2022\/05\/Teema-2-Radikalisoituminen-1.pdf\">Teema-2-Radikalisoituminen<\/a><a href=\"https:\/\/blogit.gradia.fi\/oikeusosata\/wp-content\/uploads\/sites\/193\/2022\/05\/Teema-2-Radikalisoituminen-1.pdf\" class=\"wp-block-file__button\" download aria-describedby=\"wp-block-file--media-18436ed5-ae58-4511-85db-5f23cd188932\">Lataa<\/a><\/div>\n","protected":false},"excerpt":{"rendered":"<p>Osallistu ja voi hyvin hankkeessa keski\u00f6ss\u00e4 on ollut opiskelijoiden vaikuttamismahdollisuudet, osallisuus, yhteis\u00f6llisyys sek\u00e4 turvallisuuden edist\u00e4minen. T\u00e4ss\u00e4 tulokset kootusti, alempana tuloksista tarkemmin 2.1&nbsp;Opiskelijoiden vaikuttamismahdollisuudet Opiskelijakuntatoiminnan aktiivisuuden, l\u00e4pin\u00e4kyvyyden&nbsp;ja vaikuttavan toiminnan edist\u00e4minen\u202fsek\u00e4 Opiskelijoiden&nbsp;vaikuttamismahdollisuuksien&nbsp;systemaattisen toimintamallin luominen. Mun Gradia&#46;&#46;&#46;<\/p>\n","protected":false},"author":182,"featured_media":0,"parent":0,"menu_order":0,"comment_status":"closed","ping_status":"closed","template":"","meta":{"_uag_custom_page_level_css":"","footnotes":""},"class_list":["post-492","page","type-page","status-publish","hentry"],"yoast_head":"<!-- This site is optimized with the Yoast SEO plugin v27.4 - https:\/\/yoast.com\/product\/yoast-seo-wordpress\/ -->\n<title>Osallistu ja voi hyvin hankkeen tulokset - Oikeus osata<\/title>\n<meta name=\"robots\" content=\"index, follow, max-snippet:-1, max-image-preview:large, max-video-preview:-1\" \/>\n<link rel=\"canonical\" href=\"https:\/\/blogit.gradia.fi\/oikeusosata\/osallistu-ja-voi-hyvin-tulokset\/\" \/>\n<meta property=\"og:locale\" content=\"fi_FI\" \/>\n<meta property=\"og:type\" content=\"article\" \/>\n<meta property=\"og:title\" content=\"Osallistu ja voi hyvin hankkeen tulokset - Oikeus osata\" \/>\n<meta property=\"og:description\" content=\"Osallistu ja voi hyvin hankkeessa keski\u00f6ss\u00e4 on ollut opiskelijoiden vaikuttamismahdollisuudet, osallisuus, yhteis\u00f6llisyys sek\u00e4 turvallisuuden edist\u00e4minen. T\u00e4ss\u00e4 tulokset kootusti, alempana tuloksista tarkemmin 2.1&nbsp;Opiskelijoiden vaikuttamismahdollisuudet Opiskelijakuntatoiminnan aktiivisuuden, l\u00e4pin\u00e4kyvyyden&nbsp;ja vaikuttavan toiminnan edist\u00e4minen\u202fsek\u00e4 Opiskelijoiden&nbsp;vaikuttamismahdollisuuksien&nbsp;systemaattisen toimintamallin luominen. Mun Gradia&#046;&#046;&#046;\" \/>\n<meta property=\"og:url\" content=\"https:\/\/blogit.gradia.fi\/oikeusosata\/osallistu-ja-voi-hyvin-tulokset\/\" \/>\n<meta property=\"og:site_name\" content=\"Oikeus osata\" \/>\n<meta property=\"article:modified_time\" content=\"2022-06-29T07:29:41+00:00\" \/>\n<meta name=\"twitter:card\" content=\"summary_large_image\" \/>\n<meta name=\"twitter:label1\" content=\"Arvioitu lukuaika\" \/>\n\t<meta name=\"twitter:data1\" content=\"2 minuuttia\" \/>\n<script type=\"application\/ld+json\" class=\"yoast-schema-graph\">{\"@context\":\"https:\\\/\\\/schema.org\",\"@graph\":[{\"@type\":\"WebPage\",\"@id\":\"https:\\\/\\\/blogit.gradia.fi\\\/oikeusosata\\\/osallistu-ja-voi-hyvin-tulokset\\\/\",\"url\":\"https:\\\/\\\/blogit.gradia.fi\\\/oikeusosata\\\/osallistu-ja-voi-hyvin-tulokset\\\/\",\"name\":\"Osallistu ja voi hyvin hankkeen tulokset - Oikeus osata\",\"isPartOf\":{\"@id\":\"https:\\\/\\\/blogit.gradia.fi\\\/oikeusosata\\\/#website\"},\"datePublished\":\"2022-05-25T06:33:36+00:00\",\"dateModified\":\"2022-06-29T07:29:41+00:00\",\"breadcrumb\":{\"@id\":\"https:\\\/\\\/blogit.gradia.fi\\\/oikeusosata\\\/osallistu-ja-voi-hyvin-tulokset\\\/#breadcrumb\"},\"inLanguage\":\"fi\",\"potentialAction\":[{\"@type\":\"ReadAction\",\"target\":[\"https:\\\/\\\/blogit.gradia.fi\\\/oikeusosata\\\/osallistu-ja-voi-hyvin-tulokset\\\/\"]}]},{\"@type\":\"BreadcrumbList\",\"@id\":\"https:\\\/\\\/blogit.gradia.fi\\\/oikeusosata\\\/osallistu-ja-voi-hyvin-tulokset\\\/#breadcrumb\",\"itemListElement\":[{\"@type\":\"ListItem\",\"position\":1,\"name\":\"Etusivu\",\"item\":\"https:\\\/\\\/blogit.gradia.fi\\\/oikeusosata\\\/\"},{\"@type\":\"ListItem\",\"position\":2,\"name\":\"Osallistu ja voi hyvin hankkeen tulokset\"}]},{\"@type\":\"WebSite\",\"@id\":\"https:\\\/\\\/blogit.gradia.fi\\\/oikeusosata\\\/#website\",\"url\":\"https:\\\/\\\/blogit.gradia.fi\\\/oikeusosata\\\/\",\"name\":\"Oikeus osata\",\"description\":\"Ammatillisen koulutuksen laatua ja tasa-arvoa parantava kehitt\u00e4misohjelma\",\"potentialAction\":[{\"@type\":\"SearchAction\",\"target\":{\"@type\":\"EntryPoint\",\"urlTemplate\":\"https:\\\/\\\/blogit.gradia.fi\\\/oikeusosata\\\/?s={search_term_string}\"},\"query-input\":{\"@type\":\"PropertyValueSpecification\",\"valueRequired\":true,\"valueName\":\"search_term_string\"}}],\"inLanguage\":\"fi\"}]}<\/script>\n<!-- \/ Yoast SEO plugin. -->","yoast_head_json":{"title":"Osallistu ja voi hyvin hankkeen tulokset - Oikeus osata","robots":{"index":"index","follow":"follow","max-snippet":"max-snippet:-1","max-image-preview":"max-image-preview:large","max-video-preview":"max-video-preview:-1"},"canonical":"https:\/\/blogit.gradia.fi\/oikeusosata\/osallistu-ja-voi-hyvin-tulokset\/","og_locale":"fi_FI","og_type":"article","og_title":"Osallistu ja voi hyvin hankkeen tulokset - Oikeus osata","og_description":"Osallistu ja voi hyvin hankkeessa keski\u00f6ss\u00e4 on ollut opiskelijoiden vaikuttamismahdollisuudet, osallisuus, yhteis\u00f6llisyys sek\u00e4 turvallisuuden edist\u00e4minen. T\u00e4ss\u00e4 tulokset kootusti, alempana tuloksista tarkemmin 2.1&nbsp;Opiskelijoiden vaikuttamismahdollisuudet Opiskelijakuntatoiminnan aktiivisuuden, l\u00e4pin\u00e4kyvyyden&nbsp;ja vaikuttavan toiminnan edist\u00e4minen\u202fsek\u00e4 Opiskelijoiden&nbsp;vaikuttamismahdollisuuksien&nbsp;systemaattisen toimintamallin luominen. Mun Gradia&#46;&#46;&#46;","og_url":"https:\/\/blogit.gradia.fi\/oikeusosata\/osallistu-ja-voi-hyvin-tulokset\/","og_site_name":"Oikeus osata","article_modified_time":"2022-06-29T07:29:41+00:00","twitter_card":"summary_large_image","twitter_misc":{"Arvioitu lukuaika":"2 minuuttia"},"schema":{"@context":"https:\/\/schema.org","@graph":[{"@type":"WebPage","@id":"https:\/\/blogit.gradia.fi\/oikeusosata\/osallistu-ja-voi-hyvin-tulokset\/","url":"https:\/\/blogit.gradia.fi\/oikeusosata\/osallistu-ja-voi-hyvin-tulokset\/","name":"Osallistu ja voi hyvin hankkeen tulokset - Oikeus osata","isPartOf":{"@id":"https:\/\/blogit.gradia.fi\/oikeusosata\/#website"},"datePublished":"2022-05-25T06:33:36+00:00","dateModified":"2022-06-29T07:29:41+00:00","breadcrumb":{"@id":"https:\/\/blogit.gradia.fi\/oikeusosata\/osallistu-ja-voi-hyvin-tulokset\/#breadcrumb"},"inLanguage":"fi","potentialAction":[{"@type":"ReadAction","target":["https:\/\/blogit.gradia.fi\/oikeusosata\/osallistu-ja-voi-hyvin-tulokset\/"]}]},{"@type":"BreadcrumbList","@id":"https:\/\/blogit.gradia.fi\/oikeusosata\/osallistu-ja-voi-hyvin-tulokset\/#breadcrumb","itemListElement":[{"@type":"ListItem","position":1,"name":"Etusivu","item":"https:\/\/blogit.gradia.fi\/oikeusosata\/"},{"@type":"ListItem","position":2,"name":"Osallistu ja voi hyvin hankkeen tulokset"}]},{"@type":"WebSite","@id":"https:\/\/blogit.gradia.fi\/oikeusosata\/#website","url":"https:\/\/blogit.gradia.fi\/oikeusosata\/","name":"Oikeus osata","description":"Ammatillisen koulutuksen laatua ja tasa-arvoa parantava kehitt\u00e4misohjelma","potentialAction":[{"@type":"SearchAction","target":{"@type":"EntryPoint","urlTemplate":"https:\/\/blogit.gradia.fi\/oikeusosata\/?s={search_term_string}"},"query-input":{"@type":"PropertyValueSpecification","valueRequired":true,"valueName":"search_term_string"}}],"inLanguage":"fi"}]}},"uagb_featured_image_src":{"full":false,"thumbnail":false,"medium":false,"medium_large":false,"large":false,"1536x1536":false,"2048x2048":false,"thumb-small":false,"thumb-standard":false,"thumb-medium":false,"thumb-large":false,"thumb-xlarge":false,"thumb-xxlarge":false},"uagb_author_info":{"display_name":"Annukka Norontaus","author_link":"https:\/\/blogit.gradia.fi\/oikeusosata\/author\/noronann\/"},"uagb_comment_info":0,"uagb_excerpt":"Osallistu ja voi hyvin hankkeessa keski\u00f6ss\u00e4 on ollut opiskelijoiden vaikuttamismahdollisuudet, osallisuus, yhteis\u00f6llisyys sek\u00e4 turvallisuuden edist\u00e4minen. T\u00e4ss\u00e4 tulokset kootusti, alempana tuloksista tarkemmin 2.1&nbsp;Opiskelijoiden vaikuttamismahdollisuudet Opiskelijakuntatoiminnan aktiivisuuden, l\u00e4pin\u00e4kyvyyden&nbsp;ja vaikuttavan toiminnan edist\u00e4minen\u202fsek\u00e4 Opiskelijoiden&nbsp;vaikuttamismahdollisuuksien&nbsp;systemaattisen toimintamallin luominen. Mun Gradia&#46;&#46;&#46;","_links":{"self":[{"href":"https:\/\/blogit.gradia.fi\/oikeusosata\/wp-json\/wp\/v2\/pages\/492","targetHints":{"allow":["GET"]}}],"collection":[{"href":"https:\/\/blogit.gradia.fi\/oikeusosata\/wp-json\/wp\/v2\/pages"}],"about":[{"href":"https:\/\/blogit.gradia.fi\/oikeusosata\/wp-json\/wp\/v2\/types\/page"}],"author":[{"embeddable":true,"href":"https:\/\/blogit.gradia.fi\/oikeusosata\/wp-json\/wp\/v2\/users\/182"}],"replies":[{"embeddable":true,"href":"https:\/\/blogit.gradia.fi\/oikeusosata\/wp-json\/wp\/v2\/comments?post=492"}],"version-history":[{"count":11,"href":"https:\/\/blogit.gradia.fi\/oikeusosata\/wp-json\/wp\/v2\/pages\/492\/revisions"}],"predecessor-version":[{"id":625,"href":"https:\/\/blogit.gradia.fi\/oikeusosata\/wp-json\/wp\/v2\/pages\/492\/revisions\/625"}],"wp:attachment":[{"href":"https:\/\/blogit.gradia.fi\/oikeusosata\/wp-json\/wp\/v2\/media?parent=492"}],"curies":[{"name":"wp","href":"https:\/\/api.w.org\/{rel}","templated":true}]}}